{"id":12593,"date":"2025-03-09T14:12:29","date_gmt":"2025-04-15T19:37:57","guid":{"rendered":"https:\/\/www.ufi.eu\/pcn\/ukategorisert\/land-for-pcn-registrering\/"},"modified":"2025-05-15T16:47:48","modified_gmt":"2025-05-15T16:47:48","slug":"land-for-pcn-registrering","status":"publish","type":"product","link":"https:\/\/www.ufi.eu\/no\/product\/land-for-pcn-registrering\/","title":{"rendered":"Land for PCN-registrering"},"content":{"rendered":"\n<h2 class=\"wp-block-heading\" id=\"h-launch-your-product-across-europe-with-ease\">Lanser produktet ditt i hele Europa p\u00e5 en enkel m\u00e5te<\/h2>\n\n<p>N\u00e5r du registrerer produktet ditt for EU Poison Centre Notification (PCN), m\u00e5 hvert land du planlegger \u00e5 selge i, sendes inn til sine respektive nasjonale myndigheter. Med v\u00e5r EU-land for PCN-registrering kan du velge n\u00f8yaktig de landene der du \u00f8nsker \u00e5 lansere produktet ditt &#8211; noe som gir deg full fleksibilitet og kontroll over markedsrekkevidden din. <\/p>\n\n<h2 class=\"wp-block-heading\" id=\"h-what-you-re-purchasing\">Hva du kj\u00f8per<\/h2>\n\n<p>Med dette produktet kan du <strong>kj\u00f8pe landstokener<\/strong> for de 27 EU-medlemsstatene. Disse tokens kan brukes <strong>i forbindelse med alle PCN-registreringer<\/strong> du gj\u00f8r hos oss. N\u00e5r du har kj\u00f8pt dem, blir landene <strong>lagt til <a href=\"https:\/\/www.ufi.eu\/my-account\/points\/\">i PCN-landslisten din<\/a><\/strong> og kan brukes n\u00e5r du fyller ut <strong>PCN-inntaksskjemaet<\/strong> for produktet ditt.    <\/p>\n\n<p><strong>Du m\u00e5 ogs\u00e5 <a href=\"https:\/\/www.ufi.eu\/shop\/\">kj\u00f8pe et PCN for produktet ditt<\/a>. Dette produktet er bare et l\u00f8st land, ikke PCN. <\/strong><\/p>\n\n<h4 class=\"wp-block-heading\">\u2705 Hvordan det fungerer:<\/h4>\n\n<ol class=\"wp-block-list\">\n<li>Bestem <strong>hvilke land<\/strong> du planlegger \u00e5 selge i.<\/li>\n\n\n\n<li>Kj\u00f8p antall <strong>landsymboler<\/strong>.<\/li>\n\n\n\n<li><a href=\"https:\/\/www.ufi.eu\/no\/nytt-produkt\/\">Send inn skjemaet for inntak av produktet ditt<\/a> til oss.<\/li>\n\n\n\n<li>Du trenger bare \u00e5 angi hvilke land du \u00f8nsker at vi skal sende produktet ditt til PCN.<\/li>\n\n\n\n<li>Landstoken trekkes fra totalsummen n\u00e5r du sender inn skjemaet ditt til oss.<\/li>\n<\/ol>\n\n<p>Enten du lanserer ett produkt eller administrerer en hel portef\u00f8lje, kan du <strong>bruke <a href=\"https:\/\/www.ufi.eu\/my-account\/points\/\">de innkj\u00f8pte landstokener<\/a><\/strong> p\u00e5 tvers av ulike PCN-innleveringer &#8211; noe som sparer tid, sikrer samsvar og utvider din tilstedev\u00e6relse p\u00e5 EU-markedet uten problemer.<\/p>\n\n<h3 class=\"wp-block-heading\" id=\"h-supported-eu-countries\">EU-land som st\u00f8ttes<\/h3>\n\n<p>EU har 27 land og E\u00d8S har 30 (EU+Lichtenstein, Norge og Island). I portalen kan du velge mellom disse landene:<\/p>\n\n<figure class=\"wp-block-table\"><table class=\"has-fixed-layout\"><tbody><tr><td>Belgia<\/td><td>(BE)<\/td><td>Spania<\/td><td>(ES)<\/td><td>Ungarn<\/td><td>(HU)<\/td><td>Slovakia<\/td><td>(SK)<\/td><\/tr><tr><td>Bulgaria<\/td><td>(BG)<\/td><td>Frankrike<\/td><td>(FR)<\/td><td>Malta<\/td><td>(MT)<\/td><td>Finland<\/td><td>(FI)<\/td><\/tr><tr><td>Tsjekkia<\/td><td>(CZ)<\/td><td>Kroatia<\/td><td>(HR)<\/td><td>Nederland<\/td><td>(NL)<\/td><td>Sverige<\/td><td>(SE)<\/td><\/tr><tr><td>Danmark<\/td><td>(DK)<\/td><td>Italia<\/td><td>(IT)<\/td><td>\u00d8sterrike<\/td><td>(AT)<\/td><td>Tyskland<\/td><td>(DE)<\/td><\/tr><tr><td>Kypros<\/td><td>(CY)<\/td><td>Polen<\/td><td>(PL)<\/td><td>Island<\/td><td>(IS)<\/td><td>Estland<\/td><td>(EE)<\/td><\/tr><tr><td>Latvia<\/td><td>(LV)<\/td><td>Portugal<\/td><td>(PT)<\/td><td>Liechtenstein<\/td><td>(LI)<\/td><td>Irland<\/td><td>(IE)<\/td><\/tr><tr><td>Litauen<\/td><td>(LT)<\/td><td>Romania<\/td><td>(RO)<\/td><td>Norge<\/td><td>(NO)<\/td><td>Hellas<\/td><td>(EL)<\/td><\/tr><tr><td>Luxembourg<\/td><td>(LU)<\/td><td>Slovenia<\/td><td>(SI)<\/td><td>Sveits*<\/td><td>(CH)<\/td><td><\/td><td><\/td><\/tr><\/tbody><\/table><\/figure>\n\n<p>*For Sveits kan vi opprette PCN-dokumentasjonen med all n\u00f8dvendig informasjon for \u00e5 sende inn en s\u00f8knad i den sveitsiske portalen. Kontakt oss for mer informasjon. <\/p>\n\n<h2 class=\"wp-block-heading\" id=\"h-example-of-how-it-works\">Eksempel p\u00e5 hvordan det fungerer<\/h2>\n\n<p>Du skal lansere et nytt rengj\u00f8ringsprodukt i <strong>Frankrike, Tyskland og Spania.<\/strong> Du trenger bare \u00e5 kj\u00f8pe tre land. N\u00e5r du fyller ut PCN-inntaksskjemaet hos oss, tilordner du disse landstokensene til produktet &#8211; slik at du er sikret juridisk samsvar i alle tre markedene uten \u00e5 m\u00e5tte bruke tid p\u00e5 individuelle innsendinger.  <\/p>\n","protected":false},"excerpt":{"rendered":"<p>Vennligst velg antall land du \u00f8nsker \u00e5 registrere produktet ditt i.<\/p>\n","protected":false},"featured_media":12594,"template":"","meta":[],"product_brand":[],"product_cat":[362],"product_tag":[],"class_list":{"0":"post-12593","1":"product","2":"type-product","3":"status-publish","4":"has-post-thumbnail","6":"product_cat-land","8":"first","9":"instock","10":"virtual","11":"taxable","12":"purchasable","13":"product-type-simple"},"bundled_by":["12618","12638","12812","12880","12890","12920","12930","13152","13291","13321","13365","13385","13599","13610","13620","13658","13678","13722","13752","13772","13962","13966","13996","14180","14198","14222","14250","14266","14286","14316","14336","14356","14592","14632","14660","14732","14762","14886","14896","14916","14931","15157","15177","15197","15205","15235","15241","15339","15385","15397","15415","15579","15741","15761","15781","15811","15827","16035","16050","16061","16069","16107","16187","16207","16237","16427","16439","16675","16685","16715","16735","16755","16775","16795","16815","16825","16855","16865","17101","17131","17139","17169","17189","17199","17229","17481","17515","17535","17553","17583","17593","17621","17631","17651","17985","18088","18109","18118","18138","18168","18267","18283","18301","18329","18547","18567","18687","18721","18851","18857","18869","19117","19137","19175","19205","19225","19235","19265","19483","19557","19577","19597","19607","19627","19647","19965","20011","20031","20061","20071","20091","20121","20141","20151","20459","20489","20509","20529","20539","20559","20579","20599","20889","20919","20929","20977","20997","21017","21027","21057","21073","21087","21113","21265","21295","21313","21325","21353","21391","21575","21819","21829","21857","21875","21881","22029","22043","22333","22341","22371","22381","22399","22409","22725","22809","22825","22839","22869","22873","22893","22923","22933","23287","23333","23353","23383","23407","23427","23447","23457","23477","23493","23793","23813","23833","23861","23881","23911","23921","23941","24038","24058","24068","24086","31728"],"bundle_stock_status":"instock","bundle_stock_quantity":null,"bundle_virtual":false,"bundle_layout":"","bundle_add_to_cart_form_location":"","bundle_editable_in_cart":false,"bundle_sold_individually_context":"","bundle_item_grouping":"","bundle_min_size":"","bundle_max_size":"","bundle_price":[],"bundled_items":[],"bundle_sell_ids":[],"yoast_head":"<!-- This site is optimized with the Yoast SEO Premium plugin v25.1 (Yoast SEO v25.1) - https:\/\/yoast.com\/wordpress\/plugins\/seo\/ -->\n<title>Land for PCN-registrering - UFI<\/title>\n<meta name=\"description\" content=\"Med v\u00e5r PCN-registrering i EU-land kan du velge n\u00f8yaktig de landene der du \u00f8nsker \u00e5 lansere produktet ditt - noe som gir deg full fleksibilitet og kontroll over markedsrekkevidden din.\" \/>\n<meta name=\"robots\" content=\"index, follow, max-snippet:-1, max-image-preview:large, max-video-preview:-1\" \/>\n<link rel=\"canonical\" href=\"https:\/\/www.ufi.eu\/no\/product\/land-for-pcn-registrering\/\" \/>\n<meta property=\"og:locale\" content=\"nb_NO\" \/>\n<meta property=\"og:type\" content=\"article\" \/>\n<meta property=\"og:title\" content=\"Land for PCN-registrering\" \/>\n<meta property=\"og:description\" content=\"Med v\u00e5r PCN-registrering i EU-land kan du velge n\u00f8yaktig de landene der du \u00f8nsker \u00e5 lansere produktet ditt - noe som gir deg full fleksibilitet og kontroll over markedsrekkevidden din.\" \/>\n<meta property=\"og:url\" content=\"https:\/\/www.ufi.eu\/no\/product\/land-for-pcn-registrering\/\" \/>\n<meta property=\"og:site_name\" content=\"UFI\" \/>\n<meta property=\"article:modified_time\" content=\"2025-05-15T16:47:48+00:00\" \/>\n<meta property=\"og:image\" content=\"https:\/\/www.ufi.eu\/wp-content\/uploads\/2025\/03\/eu.jpg\" \/>\n\t<meta property=\"og:image:width\" content=\"800\" \/>\n\t<meta property=\"og:image:height\" content=\"800\" \/>\n\t<meta property=\"og:image:type\" content=\"image\/jpeg\" \/>\n<meta name=\"twitter:card\" content=\"summary_large_image\" \/>\n<meta name=\"twitter:label1\" content=\"Pris\" \/>\n\t<meta name=\"twitter:data1\" content=\"&euro;35.00\" \/>\n\t<meta name=\"twitter:label2\" content=\"Tilgjengelighet\" \/>\n\t<meta name=\"twitter:data2\" content=\"P\u00e5 lager\" \/>\n<script type=\"application\/ld+json\" class=\"yoast-schema-graph\">{\"@context\":\"https:\/\/schema.org\",\"@graph\":[{\"@type\":\"WebPage\",\"@id\":\"https:\/\/www.ufi.eu\/no\/product\/land-for-pcn-registrering\/\",\"url\":\"https:\/\/www.ufi.eu\/no\/product\/land-for-pcn-registrering\/\",\"name\":\"Land for PCN-registrering - UFI\",\"isPartOf\":{\"@id\":\"https:\/\/www.ufi.eu\/no\/#website\"},\"primaryImageOfPage\":{\"@id\":\"https:\/\/www.ufi.eu\/no\/product\/land-for-pcn-registrering\/#primaryimage\"},\"image\":{\"@id\":\"https:\/\/www.ufi.eu\/no\/product\/land-for-pcn-registrering\/#primaryimage\"},\"thumbnailUrl\":\"https:\/\/www.ufi.eu\/wp-content\/uploads\/2025\/03\/eu.jpg\",\"datePublished\":\"2025-04-15T19:37:57+00:00\",\"dateModified\":\"2025-05-15T16:47:48+00:00\",\"description\":\"Med v\u00e5r PCN-registrering i EU-land kan du velge n\u00f8yaktig de landene der du \u00f8nsker \u00e5 lansere produktet ditt - noe som gir deg full fleksibilitet og kontroll over markedsrekkevidden din.\",\"breadcrumb\":{\"@id\":\"https:\/\/www.ufi.eu\/no\/product\/land-for-pcn-registrering\/#breadcrumb\"},\"inLanguage\":\"nb-NO\",\"potentialAction\":[{\"@type\":\"ReadAction\",\"target\":[\"https:\/\/www.ufi.eu\/no\/product\/land-for-pcn-registrering\/\"]}]},{\"@type\":\"ImageObject\",\"inLanguage\":\"nb-NO\",\"@id\":\"https:\/\/www.ufi.eu\/no\/product\/land-for-pcn-registrering\/#primaryimage\",\"url\":\"https:\/\/www.ufi.eu\/wp-content\/uploads\/2025\/03\/eu.jpg\",\"contentUrl\":\"https:\/\/www.ufi.eu\/wp-content\/uploads\/2025\/03\/eu.jpg\",\"width\":800,\"height\":800},{\"@type\":\"BreadcrumbList\",\"@id\":\"https:\/\/www.ufi.eu\/no\/product\/land-for-pcn-registrering\/#breadcrumb\",\"itemListElement\":[{\"@type\":\"ListItem\",\"position\":1,\"name\":\"Home\",\"item\":\"https:\/\/www.ufi.eu\/no\/hjem\/\"},{\"@type\":\"ListItem\",\"position\":2,\"name\":\"Butikk\",\"item\":\"https:\/\/www.ufi.eu\/no\/butikk\/\"},{\"@type\":\"ListItem\",\"position\":3,\"name\":\"Land for PCN-registrering\"}]},{\"@type\":\"WebSite\",\"@id\":\"https:\/\/www.ufi.eu\/no\/#website\",\"url\":\"https:\/\/www.ufi.eu\/no\/\",\"name\":\"UFI.EU\",\"description\":\"Poison Centre Notifications (PCN) and UFI\",\"publisher\":{\"@id\":\"https:\/\/www.ufi.eu\/no\/#organization\"},\"potentialAction\":[{\"@type\":\"SearchAction\",\"target\":{\"@type\":\"EntryPoint\",\"urlTemplate\":\"https:\/\/www.ufi.eu\/no\/?s={search_term_string}\"},\"query-input\":{\"@type\":\"PropertyValueSpecification\",\"valueRequired\":true,\"valueName\":\"search_term_string\"}}],\"inLanguage\":\"nb-NO\"},{\"@type\":\"Organization\",\"@id\":\"https:\/\/www.ufi.eu\/no\/#organization\",\"name\":\"UFI.EU\",\"url\":\"https:\/\/www.ufi.eu\/no\/\",\"logo\":{\"@type\":\"ImageObject\",\"inLanguage\":\"nb-NO\",\"@id\":\"https:\/\/www.ufi.eu\/no\/#\/schema\/logo\/image\/\",\"url\":\"https:\/\/www.ufi.eu\/wp-content\/uploads\/2025\/03\/cropped-logo_ufi3.jpg\",\"contentUrl\":\"https:\/\/www.ufi.eu\/wp-content\/uploads\/2025\/03\/cropped-logo_ufi3.jpg\",\"width\":231,\"height\":78,\"caption\":\"UFI.EU\"},\"image\":{\"@id\":\"https:\/\/www.ufi.eu\/no\/#\/schema\/logo\/image\/\"},\"description\":\"UFI.eu specializes in digital registrations for Poison Centre Notifications (PCN), ensuring your chemical products meet EU regulatory requirements effortlessly. Our streamlined solutions help businesses stay compliant while reducing complexity and administrative burden.\",\"email\":\"info@ufi.eu\",\"legalName\":\"UFI.EU\"}]}<\/script>\n<meta property=\"product:price:amount\" content=\"35.00\" \/>\n<meta property=\"product:price:currency\" content=\"EUR\" \/>\n<meta property=\"og:availability\" content=\"instock\" \/>\n<meta property=\"product:availability\" content=\"instock\" \/>\n<meta property=\"product:retailer_item_id\" content=\"PCN-COUNTRIES\" \/>\n<meta property=\"product:condition\" content=\"new\" \/>\n<!-- \/ Yoast SEO Premium plugin. -->","yoast_head_json":{"title":"Land for PCN-registrering - UFI","description":"Med v\u00e5r PCN-registrering i EU-land kan du velge n\u00f8yaktig de landene der du \u00f8nsker \u00e5 lansere produktet ditt - noe som gir deg full fleksibilitet og kontroll over markedsrekkevidden din.","robots":{"index":"index","follow":"follow","max-snippet":"max-snippet:-1","max-image-preview":"max-image-preview:large","max-video-preview":"max-video-preview:-1"},"canonical":"https:\/\/www.ufi.eu\/no\/product\/land-for-pcn-registrering\/","og_locale":"nb_NO","og_type":"article","og_title":"Land for PCN-registrering","og_description":"Med v\u00e5r PCN-registrering i EU-land kan du velge n\u00f8yaktig de landene der du \u00f8nsker \u00e5 lansere produktet ditt - noe som gir deg full fleksibilitet og kontroll over markedsrekkevidden din.","og_url":"https:\/\/www.ufi.eu\/no\/product\/land-for-pcn-registrering\/","og_site_name":"UFI","article_modified_time":"2025-05-15T16:47:48+00:00","og_image":[{"width":800,"height":800,"url":"https:\/\/www.ufi.eu\/wp-content\/uploads\/2025\/03\/eu.jpg","type":"image\/jpeg"}],"twitter_card":"summary_large_image","twitter_misc":{"Pris":"&euro;35.00","Tilgjengelighet":"P\u00e5 lager"},"schema":{"@context":"https:\/\/schema.org","@graph":[{"@type":"WebPage","@id":"https:\/\/www.ufi.eu\/no\/product\/land-for-pcn-registrering\/","url":"https:\/\/www.ufi.eu\/no\/product\/land-for-pcn-registrering\/","name":"Land for PCN-registrering - UFI","isPartOf":{"@id":"https:\/\/www.ufi.eu\/no\/#website"},"primaryImageOfPage":{"@id":"https:\/\/www.ufi.eu\/no\/product\/land-for-pcn-registrering\/#primaryimage"},"image":{"@id":"https:\/\/www.ufi.eu\/no\/product\/land-for-pcn-registrering\/#primaryimage"},"thumbnailUrl":"https:\/\/www.ufi.eu\/wp-content\/uploads\/2025\/03\/eu.jpg","datePublished":"2025-04-15T19:37:57+00:00","dateModified":"2025-05-15T16:47:48+00:00","description":"Med v\u00e5r PCN-registrering i EU-land kan du velge n\u00f8yaktig de landene der du \u00f8nsker \u00e5 lansere produktet ditt - noe som gir deg full fleksibilitet og kontroll over markedsrekkevidden din.","breadcrumb":{"@id":"https:\/\/www.ufi.eu\/no\/product\/land-for-pcn-registrering\/#breadcrumb"},"inLanguage":"nb-NO","potentialAction":[{"@type":"ReadAction","target":["https:\/\/www.ufi.eu\/no\/product\/land-for-pcn-registrering\/"]}]},{"@type":"ImageObject","inLanguage":"nb-NO","@id":"https:\/\/www.ufi.eu\/no\/product\/land-for-pcn-registrering\/#primaryimage","url":"https:\/\/www.ufi.eu\/wp-content\/uploads\/2025\/03\/eu.jpg","contentUrl":"https:\/\/www.ufi.eu\/wp-content\/uploads\/2025\/03\/eu.jpg","width":800,"height":800},{"@type":"BreadcrumbList","@id":"https:\/\/www.ufi.eu\/no\/product\/land-for-pcn-registrering\/#breadcrumb","itemListElement":[{"@type":"ListItem","position":1,"name":"Home","item":"https:\/\/www.ufi.eu\/no\/hjem\/"},{"@type":"ListItem","position":2,"name":"Butikk","item":"https:\/\/www.ufi.eu\/no\/butikk\/"},{"@type":"ListItem","position":3,"name":"Land for PCN-registrering"}]},{"@type":"WebSite","@id":"https:\/\/www.ufi.eu\/no\/#website","url":"https:\/\/www.ufi.eu\/no\/","name":"UFI.EU","description":"Poison Centre Notifications (PCN) and UFI","publisher":{"@id":"https:\/\/www.ufi.eu\/no\/#organization"},"potentialAction":[{"@type":"SearchAction","target":{"@type":"EntryPoint","urlTemplate":"https:\/\/www.ufi.eu\/no\/?s={search_term_string}"},"query-input":{"@type":"PropertyValueSpecification","valueRequired":true,"valueName":"search_term_string"}}],"inLanguage":"nb-NO"},{"@type":"Organization","@id":"https:\/\/www.ufi.eu\/no\/#organization","name":"UFI.EU","url":"https:\/\/www.ufi.eu\/no\/","logo":{"@type":"ImageObject","inLanguage":"nb-NO","@id":"https:\/\/www.ufi.eu\/no\/#\/schema\/logo\/image\/","url":"https:\/\/www.ufi.eu\/wp-content\/uploads\/2025\/03\/cropped-logo_ufi3.jpg","contentUrl":"https:\/\/www.ufi.eu\/wp-content\/uploads\/2025\/03\/cropped-logo_ufi3.jpg","width":231,"height":78,"caption":"UFI.EU"},"image":{"@id":"https:\/\/www.ufi.eu\/no\/#\/schema\/logo\/image\/"},"description":"UFI.eu specializes in digital registrations for Poison Centre Notifications (PCN), ensuring your chemical products meet EU regulatory requirements effortlessly. Our streamlined solutions help businesses stay compliant while reducing complexity and administrative burden.","email":"info@ufi.eu","legalName":"UFI.EU"}]},"product_price_amount":"35.00","product_price_currency":"EUR","og_availability":"instock","product_availability":"instock","product_retailer_item_id":"PCN-COUNTRIES","product_condition":"new"},"_links":{"self":[{"href":"https:\/\/www.ufi.eu\/no\/wp-json\/wp\/v2\/product\/12593","targetHints":{"allow":["GET"]}}],"collection":[{"href":"https:\/\/www.ufi.eu\/no\/wp-json\/wp\/v2\/product"}],"about":[{"href":"https:\/\/www.ufi.eu\/no\/wp-json\/wp\/v2\/types\/product"}],"wp:featuredmedia":[{"embeddable":true,"href":"https:\/\/www.ufi.eu\/no\/wp-json\/wp\/v2\/media\/12594"}],"wp:attachment":[{"href":"https:\/\/www.ufi.eu\/no\/wp-json\/wp\/v2\/media?parent=12593"}],"wp:term":[{"taxonomy":"product_brand","embeddable":true,"href":"https:\/\/www.ufi.eu\/no\/wp-json\/wp\/v2\/product_brand?post=12593"},{"taxonomy":"product_cat","embeddable":true,"href":"https:\/\/www.ufi.eu\/no\/wp-json\/wp\/v2\/product_cat?post=12593"},{"taxonomy":"product_tag","embeddable":true,"href":"https:\/\/www.ufi.eu\/no\/wp-json\/wp\/v2\/product_tag?post=12593"}],"curies":[{"name":"wp","href":"https:\/\/api.w.org\/{rel}","templated":true}]}}