{"id":31647,"date":"2025-06-25T10:04:58","date_gmt":"2025-07-07T11:52:39","guid":{"rendered":"https:\/\/www.ufi.eu\/product\/pcn-ufi-pakket\/"},"modified":"2026-01-09T16:11:44","modified_gmt":"2026-01-09T16:11:44","slug":"pcn-ufi-pakket","status":"publish","type":"product","link":"https:\/\/www.ufi.eu\/nl\/product\/pcn-ufi-pakket\/","title":{"rendered":"Bundel PCN &amp; UFI"},"content":{"rendered":"<h2 class=\"wp-block-heading\" id=\"h-how-does-the-ufi-creation-and-pcn-notification-service-work\">Hoe werkt de dienst voor het aanmaken van UFI en PCN-meldingen?<\/h2><p>Na aankoop van deze service krijg je toegang tot het beveiligde portaal. Dit portaal bevat een overzicht van alle stappen.  Je vult je productgegevens in en wij gaan aan de slag.<\/p><h3 class=\"wp-block-heading\" id=\"h-poison-center-notification-amp-ufi\">Vergiftigingencentrum Melding &amp; UFI<\/h3><p>Wij zorgen voor:<\/p><ul class=\"wp-block-list\"><li>De unieke formule-identificatie (UFI) van je product<\/li>\n\n<li>Een PCN-rapport (Poison Centre Notification)<\/li>\n\n<li>Registratie van je product bij de relevante nationale gifcentra via ECHA.<\/li>\n\n<li>De MSDS van je product<\/li><\/ul><h3 class=\"wp-block-heading\" id=\"h-countries-for-pcn-registration\">Landen voor PCN registratie<\/h3><p>Je kunt het aantal landen tellen waarin je je product wilt registreren. Dit is het aantal landen dat je moet kopen.  Je kunt de specifieke landen binnen het portaal selecteren. Als je van plan bent om de verkoop van je producten later uit te breiden naar nieuwe landen, dan kun je altijd extra <a href=\"https:\/\/www.ufi.eu\/pcn\/countries\/countries-for-pcn-registration\/\" target=\"_blank\" rel=\"noreferrer noopener\">PCN-landenregistraties<\/a> bestellen.<br\/>De EU heeft 27 landen en de EER heeft er 30 (EU+Lichtenstein, Noorwegen en IJsland) In het portaal kun je deze landen selecteren: <\/p><figure class=\"wp-block-table\"><table class=\"has-fixed-layout\"><tbody><tr><td>Belgi\u00eb<\/td><td>(BE)<\/td><td>Spanje<\/td><td>(ES)<\/td><td>Hongarije<\/td><td>(HU)<\/td><td>Slowakije<\/td><td>(SK)<\/td><\/tr><tr><td>Bulgarije<\/td><td>(BG)<\/td><td>Frankrijk<\/td><td>(FR)<\/td><td>Malta<\/td><td>(MT)<\/td><td>Finland<\/td><td>(FI)<\/td><\/tr><tr><td>Tsjechi\u00eb<\/td><td>(CZ)<\/td><td>Kroati\u00eb<\/td><td>(HR)<\/td><td>Nederland<\/td><td>(NL)<\/td><td>Zweden<\/td><td>(SE)<\/td><\/tr><tr><td>Denemarken<\/td><td>(DK)<\/td><td>Itali\u00eb<\/td><td>(IT)<\/td><td>Oostenrijk<\/td><td>(AT)<\/td><td>Duitsland<\/td><td>(DE)<\/td><\/tr><tr><td>Cyprus<\/td><td>(CY)<\/td><td>Polen<\/td><td>(PL)<\/td><td>IJsland<\/td><td>(IS)<\/td><td>Estland<\/td><td>(EE)<\/td><\/tr><tr><td>Letland<\/td><td>(LV)<\/td><td>Portugal<\/td><td>(PT)<\/td><td>Liechtenstein<\/td><td>(LI)<\/td><td>Ierland<\/td><td>(IE)<\/td><\/tr><tr><td>Litouwen<\/td><td>(LT)<\/td><td>Roemeni\u00eb<\/td><td>(RO)<\/td><td>Noorwegen<\/td><td>(NEE)<\/td><td>Griekenland<\/td><td>(EL)<\/td><\/tr><tr><td>Luxemburg<\/td><td>(LU)<\/td><td>Sloveni\u00eb<\/td><td>(SI)<\/td><td>Zwitserland*<\/td><td>(CH)<\/td><td>\u00a0<\/td><td>\u00a0<\/td><\/tr><\/tbody><\/table><\/figure><p>*Voor Zwitserland kunnen we het PCN-dossier maken, met alle benodigde informatie om een aanvraag in te dienen in het Zwitserse portaal. Neem contact met ons op voor meer informatie. <\/p><h3 class=\"wp-block-heading\" id=\"h-clp-label-information\">CLP-etiketinformatie<\/h3><p>We bieden de optie om een CLP-conform productetiket aan te schaffen, dat alle verplichte informatie bevat zoals vereist door de CLP-verordening van de EU. Dit wordt als PDF geleverd.  Dit is geen ontwerp, maar een samenvatting van de benodigde informatie. Hiermee kun je de benodigde informatie integreren in het ontwerp van je productetiket. Je kunt de <a href=\"https:\/\/www.ufi.eu\/pcn\/clp-label\/clp-label-creation-compliance-check\/\" target=\"_blank\" rel=\"noreferrer noopener\">CLP label creatie<\/a> ook apart bestellen.   Heb je al een etiket? &#8211; Wij kunnen <a href=\"https:\/\/www.ufi.eu\/pcn\/clp-label\/clp-label-creation-compliance-check\/\" target=\"_blank\" rel=\"noreferrer noopener\">de naleving van je etiket controleren<\/a> volgens de huidige CLP-eisen. We geven gedetailleerde feedback en correcties om ervoor te zorgen dat je etiket aan alle wettelijke normen voldoet.  <\/p><h2 class=\"wp-block-heading\" id=\"h-registering-formulations-with-the-eu-poison-centre\">Formuleringen registreren bij het EU-vergiftigingencentrum<\/h2><p>Formuleringen zijn chemische mengsels die bedoeld zijn om verder te worden geformuleerd in andere mengsels of die bedoeld zijn voor direct eindgebruik. Deze mengsels moeten worden geregistreerd bij het EU-vergiftigingencentrum om ervoor te zorgen dat hulpverleners toegang hebben tot cruciale veiligheidsgegevens in geval van accidentele blootstelling. Het PCN-proces (Poison Centre Notification) zorgt ervoor dat de relevante gevarenclassificaties en toxicologische profielen direct beschikbaar zijn voor medische professionals en autoriteiten.  <\/p><h3 class=\"wp-block-heading\" id=\"h-what-is-a-ufi\">Wat is een UFI?<\/h3><p>Een Unique Formula Identifier (UFI) is een alfanumerieke code van 16 tekens die wordt gebruikt om een chemisch mengsel uniek te identificeren. De code moet worden afgedrukt op het productetiket en moet worden opgenomen in het veiligheidsinformatieblad (MSDS). Met de UFI kunnen gifcentra in geval van een incident snel veiligheids- en toxicologische informatie over het mengsel opvragen.  <\/p><h3 class=\"wp-block-heading\" id=\"h-what-is-a-pcn\">Wat is een PCN?<\/h3><p>Een Poison Centre Notification (PCN) is een regelgevende inzending die gedetailleerde veiligheids- en toxicologische gegevens bevat over gevaarlijke mengsels. De PCN bevat informatie zoals de samenstelling van het mengsel, de indeling, waarschuwingen voor gevaren en noodmaatregelen. Het is verplicht voor elk gevaarlijk mengsel dat in de EU op de markt wordt gebracht.  <\/p><h3 class=\"wp-block-heading\" id=\"h-what-is-clp\">Wat is CLP?<\/h3><p>CLP (Classification, Labelling, and Packaging) is een EU-verordening (EC No 1272\/2008) die ervoor zorgt dat chemische producten worden geclassificeerd en ge\u00ebtiketteerd op basis van hun gevaren. Het is afgestemd op het wereldwijd geharmoniseerd systeem (GHS) van de VN en zorgt ervoor dat alle gevaarlijke mengsels voorzien zijn van de juiste waarschuwingsetiketten en veiligheidsinstructies. <\/p><h3 class=\"wp-block-heading\" id=\"h-what-is-the-eu-poison-centre\">Wat is het EU-vergiftigingencentrum?<\/h3><p>Het EU-vergiftigingencentrum is een offici\u00eble instantie die veiligheidsinformatie over gevaarlijke mengsels verzamelt en opslaat. Beroepsbeoefenaren in de gezondheidszorg en hulpverleners vertrouwen op het Gifcentrum voor het verstrekken van nauwkeurige chemische veiligheidsgegevens in geval van accidentele blootstelling of vergiftigingsincidenten. <\/p><h3 class=\"wp-block-heading\" id=\"h-why-is-this-needed\">Waarom is dit nodig?<\/h3><p>Industri\u00eble formuleringen bevatten vaak gevaarlijke chemicali\u00ebn die in noodsituaties duidelijk ge\u00efdentificeerd moeten worden. Door een PCN in te dienen, zorgen bedrijven ervoor dat gifcentra en medische professionals direct toegang hebben tot relevante informatie, waardoor de veiligheidsresultaten in het geval van blootstelling verbeteren. <\/p><h3 class=\"wp-block-heading\" id=\"h-since-when-is-it-by-law-obligatory\">Sinds wanneer is het wettelijk verplicht?<\/h3><p>De wettelijke verplichting om een PCN in te dienen voor gevaarlijke mengsels werd van kracht op 1 januari 2021. Voor industri\u00eble formuleringen die uitsluitend bij verdere verwerking worden gebruikt, is naleving sinds 1 januari 2024 verplicht. <\/p>","protected":false},"excerpt":{"rendered":"<p>Hoe werkt de dienst voor het aanmaken van UFI en PCN-meldingen? Na aankoop van deze service krijg je toegang tot het beveiligde portaal. Dit portaal bevat een overzicht van alle stappen. Je vult je productgegevens in en wij gaan aan de slag. Vergiftigingencentrum Melding &amp; UFI Wij zorgen voor: Landen voor PCN registratie Je kunt [&hellip;]<\/p>\n","protected":false},"featured_media":8252,"template":"","meta":[],"product_brand":[],"product_cat":[133],"product_tag":[],"class_list":{"0":"post-31647","1":"product","2":"type-product","3":"status-publish","4":"has-post-thumbnail","6":"product_cat-veiligheidsinformatieblad","8":"first","9":"instock","10":"virtual","11":"taxable","12":"purchasable","13":"product-type-bundle"},"bundled_by":[],"bundle_stock_status":"instock","bundle_stock_quantity":"","bundle_virtual":false,"bundle_layout":"default","bundle_add_to_cart_form_location":"default","bundle_editable_in_cart":false,"bundle_sold_individually_context":"product","bundle_item_grouping":"parent","bundle_min_size":"","bundle_max_size":"","bundle_price":{"price":{"min":{"incl_tax":"78.65","excl_tax":"65"},"max":{"incl_tax":"","excl_tax":""}},"regular_price":{"min":{"incl_tax":"78.65","excl_tax":"65"},"max":{"incl_tax":"","excl_tax":""}}},"bundled_items":[{"bundled_item_id":12987,"product_id":8639,"menu_order":0,"quantity_min":1,"quantity_max":"","quantity_default":1,"priced_individually":true,"shipped_individually":true,"override_title":false,"title":"Vergiftigingencentrum Melding &amp; UFI","override_description":false,"description":"Vergiftigingencentrum Melding &amp; UFI","optional":false,"hide_thumbnail":false,"discount":"","override_variations":false,"allowed_variations":[""],"override_default_variation_attributes":false,"default_variation_attributes":[],"single_product_visibility":"visible","cart_visibility":"visible","order_visibility":"visible","single_product_price_visibility":"visible","cart_price_visibility":"visible","order_price_visibility":"visible","stock_status":"in_stock"},{"bundled_item_id":12988,"product_id":31646,"menu_order":1,"quantity_min":0,"quantity_max":"","quantity_default":0,"priced_individually":true,"shipped_individually":false,"override_title":false,"title":"Alle EER-landen voor PCN-registratie Bundel","override_description":false,"description":"Alle EER-landen voor PCN-registratie Bundel","optional":false,"hide_thumbnail":false,"discount":"","override_variations":false,"allowed_variations":[""],"override_default_variation_attributes":false,"default_variation_attributes":[],"single_product_visibility":"visible","cart_visibility":"visible","order_visibility":"visible","single_product_price_visibility":"visible","cart_price_visibility":"visible","order_price_visibility":"visible","stock_status":"in_stock"},{"bundled_item_id":13138,"product_id":8640,"menu_order":1,"quantity_min":0,"quantity_max":"","quantity_default":1,"priced_individually":true,"shipped_individually":true,"override_title":false,"title":"Landen voor PCN registratie","override_description":false,"description":"Landen voor PCN registratie","optional":false,"hide_thumbnail":false,"discount":"","override_variations":false,"allowed_variations":[""],"override_default_variation_attributes":false,"default_variation_attributes":[],"single_product_visibility":"visible","cart_visibility":"visible","order_visibility":"visible","single_product_price_visibility":"visible","cart_price_visibility":"visible","order_price_visibility":"visible","stock_status":"in_stock"},{"bundled_item_id":12989,"product_id":9006,"menu_order":2,"quantity_min":0,"quantity_max":"","quantity_default":0,"priced_individually":true,"shipped_individually":true,"override_title":false,"title":"CLP-etiketten maken en naleving controleren","override_description":true,"description":"","optional":false,"hide_thumbnail":false,"discount":"","override_variations":false,"allowed_variations":[""],"override_default_variation_attributes":false,"default_variation_attributes":[],"single_product_visibility":"visible","cart_visibility":"visible","order_visibility":"visible","single_product_price_visibility":"visible","cart_price_visibility":"visible","order_price_visibility":"visible","stock_status":"in_stock"},{"bundled_item_id":12990,"product_id":8999,"menu_order":3,"quantity_min":0,"quantity_max":"","quantity_default":0,"priced_individually":true,"shipped_individually":true,"override_title":false,"title":"Veiligheidsinformatieblad maken","override_description":false,"description":"Veiligheidsinformatieblad maken","optional":false,"hide_thumbnail":false,"discount":"","override_variations":false,"allowed_variations":[""],"override_default_variation_attributes":false,"default_variation_attributes":[],"single_product_visibility":"visible","cart_visibility":"visible","order_visibility":"visible","single_product_price_visibility":"visible","cart_price_visibility":"visible","order_price_visibility":"visible","stock_status":"in_stock"},{"bundled_item_id":12991,"product_id":8997,"menu_order":4,"quantity_min":0,"quantity_max":"","quantity_default":0,"priced_individually":true,"shipped_individually":false,"override_title":true,"title":"Taal veiligheidsinformatieblad","override_description":false,"description":"Taal veiligheidsinformatieblad","optional":false,"hide_thumbnail":false,"discount":"","override_variations":false,"allowed_variations":[""],"override_default_variation_attributes":false,"default_variation_attributes":[],"single_product_visibility":"visible","cart_visibility":"visible","order_visibility":"visible","single_product_price_visibility":"visible","cart_price_visibility":"visible","order_price_visibility":"visible","stock_status":"in_stock"}],"bundle_sell_ids":[],"yoast_head":"<!-- This site is optimized with the Yoast SEO Premium plugin v25.1 (Yoast SEO v25.1) - https:\/\/yoast.com\/wordpress\/plugins\/seo\/ -->\n<title>Bundel PCN &amp; UFI - UFI<\/title>\n<meta name=\"description\" content=\"De PCN &amp; UFI Bundel geeft je alles wat je nodig hebt om te beginnen met de verkoop van je product in de EU.\" \/>\n<meta name=\"robots\" content=\"index, follow, max-snippet:-1, max-image-preview:large, max-video-preview:-1\" \/>\n<link rel=\"canonical\" href=\"https:\/\/www.ufi.eu\/nl\/product\/pcn-ufi-pakket\/\" \/>\n<meta property=\"og:locale\" content=\"nl_NL\" \/>\n<meta property=\"og:type\" content=\"article\" \/>\n<meta property=\"og:title\" content=\"Bundel PCN &amp; UFI\" \/>\n<meta property=\"og:description\" content=\"De PCN &amp; UFI Bundel geeft je alles wat je nodig hebt om te beginnen met de verkoop van je product in de EU.\" \/>\n<meta property=\"og:url\" content=\"https:\/\/www.ufi.eu\/nl\/product\/pcn-ufi-pakket\/\" \/>\n<meta property=\"og:site_name\" content=\"UFI\" \/>\n<meta property=\"article:modified_time\" content=\"2026-01-09T16:11:44+00:00\" \/>\n<meta property=\"og:image\" content=\"https:\/\/www.ufi.eu\/wp-content\/uploads\/2025\/03\/pcn_ufi.jpg\" \/>\n\t<meta property=\"og:image:width\" content=\"1024\" \/>\n\t<meta property=\"og:image:height\" content=\"1024\" \/>\n\t<meta property=\"og:image:type\" content=\"image\/jpeg\" \/>\n<meta name=\"twitter:card\" content=\"summary_large_image\" \/>\n<meta name=\"twitter:label1\" content=\"Prijs\" \/>\n\t<meta name=\"twitter:data1\" content=\"&euro;0.00\" \/>\n\t<meta name=\"twitter:label2\" content=\"Beschikbaarheid\" \/>\n\t<meta name=\"twitter:data2\" content=\"Op voorraad\" \/>\n<script type=\"application\/ld+json\" class=\"yoast-schema-graph\">{\"@context\":\"https:\/\/schema.org\",\"@graph\":[{\"@type\":\"WebPage\",\"@id\":\"https:\/\/www.ufi.eu\/nl\/product\/pcn-ufi-pakket\/\",\"url\":\"https:\/\/www.ufi.eu\/nl\/product\/pcn-ufi-pakket\/\",\"name\":\"Bundel PCN &amp; UFI - UFI\",\"isPartOf\":{\"@id\":\"https:\/\/www.ufi.eu\/nl\/#website\"},\"primaryImageOfPage\":{\"@id\":\"https:\/\/www.ufi.eu\/nl\/product\/pcn-ufi-pakket\/#primaryimage\"},\"image\":{\"@id\":\"https:\/\/www.ufi.eu\/nl\/product\/pcn-ufi-pakket\/#primaryimage\"},\"thumbnailUrl\":\"https:\/\/www.ufi.eu\/wp-content\/uploads\/2025\/03\/pcn_ufi.jpg\",\"datePublished\":\"2025-07-07T11:52:39+00:00\",\"dateModified\":\"2026-01-09T16:11:44+00:00\",\"description\":\"De PCN & UFI Bundel geeft je alles wat je nodig hebt om te beginnen met de verkoop van je product in de EU.\",\"breadcrumb\":{\"@id\":\"https:\/\/www.ufi.eu\/nl\/product\/pcn-ufi-pakket\/#breadcrumb\"},\"inLanguage\":\"nl-NL\",\"potentialAction\":[{\"@type\":\"ReadAction\",\"target\":[\"https:\/\/www.ufi.eu\/nl\/product\/pcn-ufi-pakket\/\"]}]},{\"@type\":\"ImageObject\",\"inLanguage\":\"nl-NL\",\"@id\":\"https:\/\/www.ufi.eu\/nl\/product\/pcn-ufi-pakket\/#primaryimage\",\"url\":\"https:\/\/www.ufi.eu\/wp-content\/uploads\/2025\/03\/pcn_ufi.jpg\",\"contentUrl\":\"https:\/\/www.ufi.eu\/wp-content\/uploads\/2025\/03\/pcn_ufi.jpg\",\"width\":1024,\"height\":1024},{\"@type\":\"BreadcrumbList\",\"@id\":\"https:\/\/www.ufi.eu\/nl\/product\/pcn-ufi-pakket\/#breadcrumb\",\"itemListElement\":[{\"@type\":\"ListItem\",\"position\":1,\"name\":\"Home\",\"item\":\"https:\/\/www.ufi.eu\/nl\/home\/\"},{\"@type\":\"ListItem\",\"position\":2,\"name\":\"Winkel op\",\"item\":\"https:\/\/www.ufi.eu\/nl\/winkel\/\"},{\"@type\":\"ListItem\",\"position\":3,\"name\":\"Bundel PCN &amp; UFI\"}]},{\"@type\":\"WebSite\",\"@id\":\"https:\/\/www.ufi.eu\/nl\/#website\",\"url\":\"https:\/\/www.ufi.eu\/nl\/\",\"name\":\"UFI.EU\",\"description\":\"Poison Centre Notifications (PCN) and UFI\",\"publisher\":{\"@id\":\"https:\/\/www.ufi.eu\/nl\/#organization\"},\"potentialAction\":[{\"@type\":\"SearchAction\",\"target\":{\"@type\":\"EntryPoint\",\"urlTemplate\":\"https:\/\/www.ufi.eu\/nl\/?s={search_term_string}\"},\"query-input\":{\"@type\":\"PropertyValueSpecification\",\"valueRequired\":true,\"valueName\":\"search_term_string\"}}],\"inLanguage\":\"nl-NL\"},{\"@type\":\"Organization\",\"@id\":\"https:\/\/www.ufi.eu\/nl\/#organization\",\"name\":\"UFI.EU\",\"url\":\"https:\/\/www.ufi.eu\/nl\/\",\"logo\":{\"@type\":\"ImageObject\",\"inLanguage\":\"nl-NL\",\"@id\":\"https:\/\/www.ufi.eu\/nl\/#\/schema\/logo\/image\/\",\"url\":\"https:\/\/www.ufi.eu\/wp-content\/uploads\/2025\/03\/cropped-logo_ufi3.jpg\",\"contentUrl\":\"https:\/\/www.ufi.eu\/wp-content\/uploads\/2025\/03\/cropped-logo_ufi3.jpg\",\"width\":231,\"height\":78,\"caption\":\"UFI.EU\"},\"image\":{\"@id\":\"https:\/\/www.ufi.eu\/nl\/#\/schema\/logo\/image\/\"},\"description\":\"UFI.eu specializes in digital registrations for Poison Centre Notifications (PCN), ensuring your chemical products meet EU regulatory requirements effortlessly. Our streamlined solutions help businesses stay compliant while reducing complexity and administrative burden.\",\"email\":\"info@ufi.eu\",\"legalName\":\"UFI.EU\"}]}<\/script>\n<meta property=\"product:price:amount\" content=\"0.00\" \/>\n<meta property=\"product:price:currency\" content=\"EUR\" \/>\n<meta property=\"og:availability\" content=\"instock\" \/>\n<meta property=\"product:availability\" content=\"instock\" \/>\n<meta property=\"product:condition\" content=\"new\" \/>\n<!-- \/ Yoast SEO Premium plugin. -->","yoast_head_json":{"title":"Bundel PCN &amp; UFI - UFI","description":"De PCN & UFI Bundel geeft je alles wat je nodig hebt om te beginnen met de verkoop van je product in de EU.","robots":{"index":"index","follow":"follow","max-snippet":"max-snippet:-1","max-image-preview":"max-image-preview:large","max-video-preview":"max-video-preview:-1"},"canonical":"https:\/\/www.ufi.eu\/nl\/product\/pcn-ufi-pakket\/","og_locale":"nl_NL","og_type":"article","og_title":"Bundel PCN &amp; UFI","og_description":"De PCN & UFI Bundel geeft je alles wat je nodig hebt om te beginnen met de verkoop van je product in de EU.","og_url":"https:\/\/www.ufi.eu\/nl\/product\/pcn-ufi-pakket\/","og_site_name":"UFI","article_modified_time":"2026-01-09T16:11:44+00:00","og_image":[{"width":1024,"height":1024,"url":"https:\/\/www.ufi.eu\/wp-content\/uploads\/2025\/03\/pcn_ufi.jpg","type":"image\/jpeg"}],"twitter_card":"summary_large_image","twitter_misc":{"Prijs":"&euro;0.00","Beschikbaarheid":"Op voorraad"},"schema":{"@context":"https:\/\/schema.org","@graph":[{"@type":"WebPage","@id":"https:\/\/www.ufi.eu\/nl\/product\/pcn-ufi-pakket\/","url":"https:\/\/www.ufi.eu\/nl\/product\/pcn-ufi-pakket\/","name":"Bundel PCN &amp; UFI - UFI","isPartOf":{"@id":"https:\/\/www.ufi.eu\/nl\/#website"},"primaryImageOfPage":{"@id":"https:\/\/www.ufi.eu\/nl\/product\/pcn-ufi-pakket\/#primaryimage"},"image":{"@id":"https:\/\/www.ufi.eu\/nl\/product\/pcn-ufi-pakket\/#primaryimage"},"thumbnailUrl":"https:\/\/www.ufi.eu\/wp-content\/uploads\/2025\/03\/pcn_ufi.jpg","datePublished":"2025-07-07T11:52:39+00:00","dateModified":"2026-01-09T16:11:44+00:00","description":"De PCN & UFI Bundel geeft je alles wat je nodig hebt om te beginnen met de verkoop van je product in de EU.","breadcrumb":{"@id":"https:\/\/www.ufi.eu\/nl\/product\/pcn-ufi-pakket\/#breadcrumb"},"inLanguage":"nl-NL","potentialAction":[{"@type":"ReadAction","target":["https:\/\/www.ufi.eu\/nl\/product\/pcn-ufi-pakket\/"]}]},{"@type":"ImageObject","inLanguage":"nl-NL","@id":"https:\/\/www.ufi.eu\/nl\/product\/pcn-ufi-pakket\/#primaryimage","url":"https:\/\/www.ufi.eu\/wp-content\/uploads\/2025\/03\/pcn_ufi.jpg","contentUrl":"https:\/\/www.ufi.eu\/wp-content\/uploads\/2025\/03\/pcn_ufi.jpg","width":1024,"height":1024},{"@type":"BreadcrumbList","@id":"https:\/\/www.ufi.eu\/nl\/product\/pcn-ufi-pakket\/#breadcrumb","itemListElement":[{"@type":"ListItem","position":1,"name":"Home","item":"https:\/\/www.ufi.eu\/nl\/home\/"},{"@type":"ListItem","position":2,"name":"Winkel op","item":"https:\/\/www.ufi.eu\/nl\/winkel\/"},{"@type":"ListItem","position":3,"name":"Bundel PCN &amp; UFI"}]},{"@type":"WebSite","@id":"https:\/\/www.ufi.eu\/nl\/#website","url":"https:\/\/www.ufi.eu\/nl\/","name":"UFI.EU","description":"Poison Centre Notifications (PCN) and UFI","publisher":{"@id":"https:\/\/www.ufi.eu\/nl\/#organization"},"potentialAction":[{"@type":"SearchAction","target":{"@type":"EntryPoint","urlTemplate":"https:\/\/www.ufi.eu\/nl\/?s={search_term_string}"},"query-input":{"@type":"PropertyValueSpecification","valueRequired":true,"valueName":"search_term_string"}}],"inLanguage":"nl-NL"},{"@type":"Organization","@id":"https:\/\/www.ufi.eu\/nl\/#organization","name":"UFI.EU","url":"https:\/\/www.ufi.eu\/nl\/","logo":{"@type":"ImageObject","inLanguage":"nl-NL","@id":"https:\/\/www.ufi.eu\/nl\/#\/schema\/logo\/image\/","url":"https:\/\/www.ufi.eu\/wp-content\/uploads\/2025\/03\/cropped-logo_ufi3.jpg","contentUrl":"https:\/\/www.ufi.eu\/wp-content\/uploads\/2025\/03\/cropped-logo_ufi3.jpg","width":231,"height":78,"caption":"UFI.EU"},"image":{"@id":"https:\/\/www.ufi.eu\/nl\/#\/schema\/logo\/image\/"},"description":"UFI.eu specializes in digital registrations for Poison Centre Notifications (PCN), ensuring your chemical products meet EU regulatory requirements effortlessly. Our streamlined solutions help businesses stay compliant while reducing complexity and administrative burden.","email":"info@ufi.eu","legalName":"UFI.EU"}]},"product_price_amount":"0.00","product_price_currency":"EUR","og_availability":"instock","product_availability":"instock","product_condition":"new"},"_links":{"self":[{"href":"https:\/\/www.ufi.eu\/nl\/wp-json\/wp\/v2\/product\/31647","targetHints":{"allow":["GET"]}}],"collection":[{"href":"https:\/\/www.ufi.eu\/nl\/wp-json\/wp\/v2\/product"}],"about":[{"href":"https:\/\/www.ufi.eu\/nl\/wp-json\/wp\/v2\/types\/product"}],"wp:featuredmedia":[{"embeddable":true,"href":"https:\/\/www.ufi.eu\/nl\/wp-json\/wp\/v2\/media\/8252"}],"wp:attachment":[{"href":"https:\/\/www.ufi.eu\/nl\/wp-json\/wp\/v2\/media?parent=31647"}],"wp:term":[{"taxonomy":"product_brand","embeddable":true,"href":"https:\/\/www.ufi.eu\/nl\/wp-json\/wp\/v2\/product_brand?post=31647"},{"taxonomy":"product_cat","embeddable":true,"href":"https:\/\/www.ufi.eu\/nl\/wp-json\/wp\/v2\/product_cat?post=31647"},{"taxonomy":"product_tag","embeddable":true,"href":"https:\/\/www.ufi.eu\/nl\/wp-json\/wp\/v2\/product_tag?post=31647"}],"curies":[{"name":"wp","href":"https:\/\/api.w.org\/{rel}","templated":true}]}}