{"id":31730,"date":"2025-06-25T10:04:58","date_gmt":"2025-09-24T14:39:54","guid":{"rendered":"https:\/\/www.ufi.eu\/product\/pakkett-pcn-u-ufi\/"},"modified":"2026-01-09T16:13:52","modified_gmt":"2026-01-09T16:13:52","slug":"pakkett-pcn-u-ufi","status":"publish","type":"product","link":"https:\/\/www.ufi.eu\/mt\/product\/pakkett-pcn-u-ufi\/","title":{"rendered":"Pakkett PCN u UFI"},"content":{"rendered":"\n<h2 class=\"wp-block-heading\" id=\"h-how-does-the-ufi-creation-and-pcn-notification-service-work\">Kif ja\u0127dem is-servizz tal-\u0127olqien tal-UFI u n-notifika tal-PCN?<\/h2>\n\n<p>Wara li tixtri dan is-servizz, tir\u010bievi a\u010b\u010bess g\u0127all-portal sigur. Dan il-portal fih \u0127arsa \u0121enerali tal-passi kollha.  Imla d-dettalji tal-prodott tieg\u0127ek u a\u0127na nibdew na\u0127dmu.<\/p>\n\n<h3 class=\"wp-block-heading\" id=\"h-poison-center-notification-amp-ufi\">Notifikazzjoni ta\u010b-\u010aentru tal-Avvelenament u UFI<\/h3>\n\n<p>A\u0127na se nipprovdu:<\/p>\n\n<ul class=\"wp-block-list\">\n<li>L-Identifikatur Uniku tal-Formula (UFI) tal-prodott tieg\u0127ek<\/li>\n\n\n\n<li>Rapport ta&#8217; Notifika ta\u010b-\u010aentru tal-Avvelenament (PCN)<\/li>\n\n\n\n<li>Re\u0121istrazzjoni tal-prodott tieg\u0127ek ma\u010b-\u010aentri Nazzjonali tal-Avvelenament rilevanti permezz tal-ECHA.<\/li>\n\n\n\n<li>L-MSDS tal-prodott tieg\u0127ek<\/li>\n<\/ul>\n\n<h3 class=\"wp-block-heading\" id=\"h-countries-for-pcn-registration\">Pajji\u017ci g\u0127ar-re\u0121istrazzjoni tal-PCN<\/h3>\n\n<p>Tista&#8217; tg\u0127odd in-numru ta&#8217; pajji\u017ci li fihom trid tirre\u0121istra l-prodott tieg\u0127ek. Dan huwa n-numru ta&#8217; pajji\u017ci li g\u0127andek b\u017conn tixtri.  Int tkun tista&#8217; tag\u0127\u017cel il-pajji\u017ci spe\u010bifi\u010bi fil-portal. Jekk qed tippjana li tespandi l-bejg\u0127 tal-prodotti tieg\u0127ek g\u0127al pajji\u017ci \u0121odda f&#8217;data aktar tard, allura dejjem tista&#8217; tordna <a href=\"https:\/\/www.ufi.eu\/pcn\/countries\/countries-for-pcn-registration\/\" target=\"_blank\" rel=\"noreferrer noopener\">re\u0121istrazzjonijiet addizzjonali tal-pajji\u017ci tal-PCN<\/a> .<br\/> L-UE g\u0127andha 27 pajji\u017c u \u017c-\u017bEE g\u0127andha 30 (UE+Lichtenstein, in-Norve\u0121ja u l-Islanda). Fil-portal tista&#8217; tag\u0127\u017cel dawn il-pajji\u017ci: <\/p>\n\n<figure class=\"wp-block-table\"><table class=\"has-fixed-layout\"><tbody><tr><td>Bel\u0121ju<\/td><td>(BE)<\/td><td>Spanja<\/td><td>(ES)<\/td><td>Ungerija<\/td><td>(HU)<\/td><td>Slovakkja<\/td><td>(SK)<\/td><\/tr><tr><td>il-Bulgarija<\/td><td>(BG)<\/td><td>Franza<\/td><td>(FR)<\/td><td>Malta<\/td><td>(MT)<\/td><td>Finlandja<\/td><td>(FI)<\/td><\/tr><tr><td>\u010aekja<\/td><td>(\u010aK)<\/td><td>il-Kroazja<\/td><td>(Ri\u017corsi Umani)<\/td><td>l-Olanda<\/td><td>(NL)<\/td><td>l-I\u017cvezja<\/td><td>(SE)<\/td><\/tr><tr><td>id-Danimarka<\/td><td>(DK)<\/td><td>l-Italja<\/td><td>(IT)<\/td><td>l-Awstrija<\/td><td>(AT)<\/td><td>il-\u0120ermanja<\/td><td>(\u0120ermanja)<\/td><\/tr><tr><td>\u010aipru<\/td><td>(\u010aipru)<\/td><td>Polonja<\/td><td>(PL)<\/td><td>l-Islanda<\/td><td>(IS)<\/td><td>l-Estonja<\/td><td>(EE)<\/td><\/tr><tr><td>Latvja<\/td><td>(LV)<\/td><td>il-Portugall<\/td><td>(PT)<\/td><td>Liechtenstein<\/td><td>(LI)<\/td><td>l-Irlanda<\/td><td>(IE)<\/td><\/tr><tr><td>Litwanja<\/td><td>(LT)<\/td><td>Rumanija<\/td><td>(RO)<\/td><td>in-Norve\u0121ja<\/td><td>(LE)<\/td><td>il-Gre\u010bja<\/td><td>(EL)<\/td><\/tr><tr><td>Lussemburgu<\/td><td>(LU)<\/td><td>Slovenja<\/td><td>(SI)<\/td><td>l-I\u017cvizzera*<\/td><td>(\u010a)<\/td><td>\u00a0<\/td><td>\u00a0<\/td><\/tr><\/tbody><\/table><\/figure>\n\n<p>*G\u0127all-I\u017cvizzera nistg\u0127u no\u0127olqu d-dossier tal-PCN, bl-informazzjoni kollha me\u0127tie\u0121a biex issir sottomissjoni fil-portal \u017bvizzeru. Ikkuntattjana g\u0127al aktar informazzjoni. <\/p>\n\n<h3 class=\"wp-block-heading\" id=\"h-clp-label-information\">Informazzjoni dwar it-Tikketta tas-CLP<\/h3>\n\n<p>Noffru l-g\u0127a\u017cla li tixtri tikketta tal-prodott konformi mas-CLP, li fiha l-informazzjoni obbligatorja kollha kif me\u0127tie\u0121 mir-Regolament CLP tal-UE. Din se ti\u0121i pprovduta b\u0127ala PDF.  Dan mhuwiex disinn, i\u017cda sommarju tal-informazzjoni me\u0127tie\u0121a. Dan jippermettilek tintegra l-informazzjoni me\u0127tie\u0121a fid-disinn tat-tikketta tal-prodott tieg\u0127ek.  Tista&#8217; wkoll tordna l <a href=\"https:\/\/www.ufi.eu\/pcn\/clp-label\/clp-label-creation-compliance-check\/\" target=\"_blank\" rel=\"noreferrer noopener\">-\u0127olqien tat-tikketta CLP<\/a> separatament. Di\u0121\u00e0 g\u0127andek tikketta? \u2014 Nistg\u0127u nag\u0127mlu <a href=\"https:\/\/www.ufi.eu\/pcn\/clp-label\/clp-label-creation-compliance-check\/\" target=\"_blank\" rel=\"noreferrer noopener\">kontroll tal-konformit\u00e0 tat-tikketta CLP<\/a> tat-tikketta tieg\u0127ek skont ir-rekwi\u017citi CLP attwali. A\u0127na se nipprovdu feedback dettaljat u korrezzjonijiet biex ni\u017cguraw li t-tikketta tieg\u0127ek tissodisfa l-istandards regolatorji kollha.   <\/p>\n\n<h2 class=\"wp-block-heading\" id=\"h-registering-formulations-with-the-eu-poison-centre\">Re\u0121istrazzjoni ta&#8217; Formulazzjonijiet ma\u010b-\u010aentru tal-Veleni tal-UE<\/h2>\n\n<p>Il-formulazzjonijiet huma ta\u0127litiet kimi\u010bi ma\u0127suba biex ji\u0121u fformulati aktar f&#8217;ta\u0127litiet o\u0127ra jew ma\u0127suba g\u0127al u\u017cu finali dirett. Dawn it-ta\u0127litiet iridu ji\u0121u rre\u0121istrati ma\u010b-\u010aentru tal-Veleni tal-UE biex ji\u0121i \u017cgurat li dawk li jwie\u0121bu f&#8217;ka\u017c ta&#8217; emer\u0121enza jkollhom a\u010b\u010bess g\u0127al dejta kru\u010bjali dwar is-sikurezza f&#8217;ka\u017c ta&#8217; espo\u017cizzjoni a\u010b\u010bidentali. Il-pro\u010bess ta&#8217; Notifika ta\u010b-\u010aentru tal-Veleni (PCN) ji\u017cgura li l-klassifikazzjonijiet tal-perikli u l-profili tossikolo\u0121i\u010bi rilevanti jkunu fa\u010bilment disponibbli g\u0127all-professjonisti medi\u010bi u l-awtoritajiet.  <\/p>\n\n<h3 class=\"wp-block-heading\" id=\"h-what-is-a-ufi\">X&#8217;inhu UFI?<\/h3>\n\n<p>Identifikatur Uniku tal-Formula (UFI) huwa kodi\u010bi alfanumeriku ta&#8217; 16-il karattru u\u017cat biex jidentifika b&#8217;mod uniku ta\u0127lita kimika. Dan irid ji\u0121i stampat fuq it-tikketta tal-prodott u inklu\u017c fl-Iskeda tad-Data tas-Sigurt\u00e0 (SDS). L-UFI jippermetti li\u010b-\u010bentri tal-veleni jiksbu malajr informazzjoni dwar is-sigurt\u00e0 u t-tossikolo\u0121ika dwar it-ta\u0127lita f&#8217;ka\u017c ta&#8217; in\u010bident.  <\/p>\n\n<h3 class=\"wp-block-heading\" id=\"h-what-is-a-pcn\">X&#8217;inhu PCN?<\/h3>\n\n<p>Notifika ta&#8217; \u010aentru tal-Avvelenament (PCN) hija sottomissjoni regolatorja li fiha dejta dettaljata dwar is-sikurezza u t-tossikolo\u0121ika dwar ta\u0127litiet perikolu\u017ci. Il-PCN tinkludi informazzjoni b\u0127all-kompo\u017cizzjoni tat-ta\u0127lita, il-klassifikazzjoni, it-twissijiet ta&#8217; periklu, u l-mi\u017curi ta&#8217; rispons g\u0127al emer\u0121enza. Hija obbligatorja g\u0127al kwalunkwe ta\u0127lita perikolu\u017ca li titqieg\u0127ed fis-suq tal-UE.  <\/p>\n\n<h3 class=\"wp-block-heading\" id=\"h-what-is-clp\">X&#8217;inhu s-CLP?<\/h3>\n\n<p>CLP (Klassifikazzjoni, Tikkettar, u Ippakkjar) huwa regolament tal-UE (KE Nru 1272\/2008) li ji\u017cgura li l-prodotti kimi\u010bi ji\u0121u kklassifikati u ttikkettati skont il-perikli tag\u0127hom. Huwa jallinja mas-Sistema Globalment Armonizzata tan-NU (GHS) u ji\u017cgura li t-ta\u0127litiet perikolu\u017ci kollha jkollhom tikketti ta&#8217; twissija u struzzjonijiet ta&#8217; sigurt\u00e0 xierqa. <\/p>\n\n<h3 class=\"wp-block-heading\" id=\"h-what-is-the-eu-poison-centre\">X&#8217;inhu \u010b-\u010aentru tal-Veleni tal-UE?<\/h3>\n\n<p>I\u010b-\u010aentru tal-Veleni tal-UE huwa korp uffi\u010bjali li ji\u0121bor u ja\u0127\u017cen informazzjoni dwar is-sikurezza ta\u2019 ta\u0127litiet perikolu\u017ci. Il-professjonisti tal-kura tas-sa\u0127\u0127a u dawk li jwie\u0121bu f\u2019ka\u017c ta\u2019 emer\u0121enza jiddependu fuq i\u010b-\u010aentru tal-Veleni biex jipprovdi dejta pre\u010bi\u017ca dwar is-sikurezza kimika f\u2019ka\u017c ta\u2019 espo\u017cizzjoni a\u010b\u010bidentali jew in\u010bidenti ta\u2019 avvelenament. <\/p>\n\n<h3 class=\"wp-block-heading\" id=\"h-why-is-this-needed\">G\u0127aliex Huwa Me\u0127tie\u0121 Dan?<\/h3>\n\n<p>Il-formulazzjonijiet industrijali spiss ikun fihom kimi\u010bi perikolu\u017ci li je\u0127tie\u0121u identifikazzjoni \u010bara f&#8217;xenarji ta&#8217; emer\u0121enza. Billi jissottomettu PCN, in-negozji ji\u017cguraw li \u010b-\u010bentri tal-veleni u l-professjonisti medi\u010bi jkollhom a\u010b\u010bess immedjat g\u0127al informazzjoni rilevanti, u b&#8217;hekk itejbu r-ri\u017cultati tas-sikurezza f&#8217;ka\u017c ta&#8217; espo\u017cizzjoni. <\/p>\n\n<h3 class=\"wp-block-heading\" id=\"h-since-when-is-it-by-law-obligatory\">Minn meta huwa obbligatorju bil-li\u0121i?<\/h3>\n\n<p>Ir-rekwi\u017cit legali li ji\u0121i sottomess PCN g\u0127al ta\u0127litiet perikolu\u017ci da\u0127al fis-se\u0127\u0127 fl-1 ta&#8217; Jannar 2021. G\u0127al formulazzjonijiet industrijali u\u017cati esklussivament fi ppro\u010bessar ulterjuri, il-konformit\u00e0 ilha obbligatorja mill-1 ta&#8217; Jannar 2024. <\/p>\n","protected":false},"excerpt":{"rendered":"<p>Kif ja\u0127dem is-servizz tal-\u0127olqien tal-UFI u n-notifika tal-PCN? Wara li tixtri dan is-servizz, tir\u010bievi a\u010b\u010bess g\u0127all-portal sigur. Dan il-portal fih \u0127arsa \u0121enerali tal-passi kollha. Imla d-dettalji tal-prodott tieg\u0127ek u a\u0127na nibdew na\u0127dmu. Notifikazzjoni ta\u010b-\u010aentru tal-Avvelenament u UFI A\u0127na se nipprovdu: Pajji\u017ci g\u0127ar-re\u0121istrazzjoni tal-PCN Tista&#8217; tg\u0127odd in-numru ta&#8217; pajji\u017ci li fihom trid tirre\u0121istra l-prodott tieg\u0127ek. Dan [&hellip;]<\/p>\n","protected":false},"featured_media":12460,"template":"","meta":[],"product_brand":[],"product_cat":[402],"product_tag":[],"class_list":{"0":"post-31730","1":"product","2":"type-product","3":"status-publish","4":"has-post-thumbnail","6":"product_cat-tikketta-clp","8":"first","9":"instock","10":"virtual","11":"taxable","12":"purchasable","13":"product-type-bundle"},"bundled_by":[],"bundle_stock_status":"instock","bundle_stock_quantity":"","bundle_virtual":false,"bundle_layout":"default","bundle_add_to_cart_form_location":"default","bundle_editable_in_cart":false,"bundle_sold_individually_context":"product","bundle_item_grouping":"parent","bundle_min_size":"","bundle_max_size":"","bundle_price":{"price":{"min":{"incl_tax":"78.65","excl_tax":"65"},"max":{"incl_tax":"","excl_tax":""}},"regular_price":{"min":{"incl_tax":"78.65","excl_tax":"65"},"max":{"incl_tax":"","excl_tax":""}}},"bundled_items":[{"bundled_item_id":13017,"product_id":12528,"menu_order":0,"quantity_min":1,"quantity_max":"","quantity_default":1,"priced_individually":true,"shipped_individually":true,"override_title":false,"title":"Notifika ta\u010b-\u010aentru tal-Velenu u UFI","override_description":false,"description":"Notifika ta\u010b-\u010aentru tal-Velenu u UFI","optional":false,"hide_thumbnail":false,"discount":"","override_variations":false,"allowed_variations":[""],"override_default_variation_attributes":false,"default_variation_attributes":[],"single_product_visibility":"visible","cart_visibility":"visible","order_visibility":"visible","single_product_price_visibility":"visible","cart_price_visibility":"visible","order_price_visibility":"visible","stock_status":"in_stock"},{"bundled_item_id":13018,"product_id":31706,"menu_order":1,"quantity_min":0,"quantity_max":"","quantity_default":0,"priced_individually":true,"shipped_individually":false,"override_title":false,"title":"Il-Pajji\u017ci kollha ta\u017c-\u017bEE g\u0127ar-re\u0121istrazzjoni tal-PCN Pakkett","override_description":false,"description":"Il-Pajji\u017ci kollha ta\u017c-\u017bEE g\u0127ar-re\u0121istrazzjoni tal-PCN Pakkett","optional":false,"hide_thumbnail":false,"discount":"","override_variations":false,"allowed_variations":[""],"override_default_variation_attributes":false,"default_variation_attributes":[],"single_product_visibility":"visible","cart_visibility":"visible","order_visibility":"visible","single_product_price_visibility":"visible","cart_price_visibility":"visible","order_price_visibility":"visible","stock_status":"in_stock"},{"bundled_item_id":13157,"product_id":12534,"menu_order":1,"quantity_min":0,"quantity_max":"","quantity_default":1,"priced_individually":true,"shipped_individually":true,"override_title":false,"title":"Pajji\u017ci g\u0127ar-re\u0121istrazzjoni PCN","override_description":false,"description":"Pajji\u017ci g\u0127ar-re\u0121istrazzjoni PCN","optional":false,"hide_thumbnail":false,"discount":"","override_variations":false,"allowed_variations":[""],"override_default_variation_attributes":false,"default_variation_attributes":[],"single_product_visibility":"visible","cart_visibility":"visible","order_visibility":"visible","single_product_price_visibility":"visible","cart_price_visibility":"visible","order_price_visibility":"visible","stock_status":"in_stock"},{"bundled_item_id":13019,"product_id":12776,"menu_order":2,"quantity_min":0,"quantity_max":"","quantity_default":0,"priced_individually":true,"shipped_individually":true,"override_title":false,"title":"\u0126olqien tat-Tikketti CLP u Kontroll tal-Konformit\u00e0","override_description":true,"description":"","optional":false,"hide_thumbnail":false,"discount":"","override_variations":false,"allowed_variations":[""],"override_default_variation_attributes":false,"default_variation_attributes":[],"single_product_visibility":"visible","cart_visibility":"visible","order_visibility":"visible","single_product_price_visibility":"visible","cart_price_visibility":"visible","order_price_visibility":"visible","stock_status":"in_stock"},{"bundled_item_id":13020,"product_id":12457,"menu_order":3,"quantity_min":0,"quantity_max":"","quantity_default":0,"priced_individually":true,"shipped_individually":true,"override_title":false,"title":"\u0126olqien ta&#8217; Skeda ta&#8217; Data tas-Sigurt\u00e0","override_description":false,"description":"\u0126olqien ta&#8217; Skeda ta&#8217; Data tas-Sigurt\u00e0","optional":false,"hide_thumbnail":false,"discount":"","override_variations":false,"allowed_variations":[""],"override_default_variation_attributes":false,"default_variation_attributes":[],"single_product_visibility":"visible","cart_visibility":"visible","order_visibility":"visible","single_product_price_visibility":"visible","cart_price_visibility":"visible","order_price_visibility":"visible","stock_status":"in_stock"},{"bundled_item_id":13021,"product_id":12477,"menu_order":4,"quantity_min":0,"quantity_max":"","quantity_default":0,"priced_individually":true,"shipped_individually":false,"override_title":true,"title":"Lingwa tal-Iskeda tad-Data tas-Sigurt\u00e0","override_description":false,"description":"Lingwa tal-Iskeda tad-Data tas-Sigurt\u00e0","optional":false,"hide_thumbnail":false,"discount":"","override_variations":false,"allowed_variations":[""],"override_default_variation_attributes":false,"default_variation_attributes":[],"single_product_visibility":"visible","cart_visibility":"visible","order_visibility":"visible","single_product_price_visibility":"visible","cart_price_visibility":"visible","order_price_visibility":"visible","stock_status":"in_stock"}],"bundle_sell_ids":[],"yoast_head":"<!-- This site is optimized with the Yoast SEO Premium plugin v25.1 (Yoast SEO v25.1) - https:\/\/yoast.com\/wordpress\/plugins\/seo\/ -->\n<title>Pakkett PCN u UFI - UFI<\/title>\n<meta name=\"description\" content=\"Il-Pakkett PCN &amp; UFI jag\u0127tik dak kollu li g\u0127andek b\u017conn biex tibda tbig\u0127 il-prodott tieg\u0127ek fl-UE.\" \/>\n<meta name=\"robots\" content=\"index, follow, max-snippet:-1, max-image-preview:large, max-video-preview:-1\" \/>\n<link rel=\"canonical\" href=\"https:\/\/www.ufi.eu\/mt\/product\/pakkett-pcn-u-ufi\/\" \/>\n<meta property=\"og:locale\" content=\"mt_MT\" \/>\n<meta property=\"og:type\" content=\"article\" \/>\n<meta property=\"og:title\" content=\"Pakkett PCN u UFI\" \/>\n<meta property=\"og:description\" content=\"Il-Pakkett PCN &amp; UFI jag\u0127tik dak kollu li g\u0127andek b\u017conn biex tibda tbig\u0127 il-prodott tieg\u0127ek fl-UE.\" \/>\n<meta property=\"og:url\" content=\"https:\/\/www.ufi.eu\/mt\/product\/pakkett-pcn-u-ufi\/\" \/>\n<meta property=\"og:site_name\" content=\"UFI\" \/>\n<meta property=\"article:modified_time\" content=\"2026-01-09T16:13:52+00:00\" \/>\n<meta property=\"og:image\" content=\"https:\/\/www.ufi.eu\/wp-content\/uploads\/2025\/03\/pcn_ufi.jpg\" \/>\n\t<meta property=\"og:image:width\" content=\"1024\" \/>\n\t<meta property=\"og:image:height\" content=\"1024\" \/>\n\t<meta property=\"og:image:type\" content=\"image\/jpeg\" \/>\n<meta name=\"twitter:card\" content=\"summary_large_image\" \/>\n<meta name=\"twitter:label1\" content=\"Price\" \/>\n\t<meta name=\"twitter:data1\" content=\"&euro;0.00\" \/>\n\t<meta name=\"twitter:label2\" content=\"Availability\" \/>\n\t<meta name=\"twitter:data2\" content=\"In stock\" \/>\n<script type=\"application\/ld+json\" class=\"yoast-schema-graph\">{\"@context\":\"https:\/\/schema.org\",\"@graph\":[{\"@type\":\"WebPage\",\"@id\":\"https:\/\/www.ufi.eu\/mt\/product\/pakkett-pcn-u-ufi\/\",\"url\":\"https:\/\/www.ufi.eu\/mt\/product\/pakkett-pcn-u-ufi\/\",\"name\":\"Pakkett PCN u UFI - UFI\",\"isPartOf\":{\"@id\":\"https:\/\/www.ufi.eu\/mt\/#website\"},\"primaryImageOfPage\":{\"@id\":\"https:\/\/www.ufi.eu\/mt\/product\/pakkett-pcn-u-ufi\/#primaryimage\"},\"image\":{\"@id\":\"https:\/\/www.ufi.eu\/mt\/product\/pakkett-pcn-u-ufi\/#primaryimage\"},\"thumbnailUrl\":\"https:\/\/www.ufi.eu\/wp-content\/uploads\/2025\/03\/pcn_ufi.jpg\",\"datePublished\":\"2025-09-24T14:39:54+00:00\",\"dateModified\":\"2026-01-09T16:13:52+00:00\",\"description\":\"Il-Pakkett PCN & UFI jag\u0127tik dak kollu li g\u0127andek b\u017conn biex tibda tbig\u0127 il-prodott tieg\u0127ek fl-UE.\",\"breadcrumb\":{\"@id\":\"https:\/\/www.ufi.eu\/mt\/product\/pakkett-pcn-u-ufi\/#breadcrumb\"},\"inLanguage\":\"mt-MT\",\"potentialAction\":[{\"@type\":\"ReadAction\",\"target\":[\"https:\/\/www.ufi.eu\/mt\/product\/pakkett-pcn-u-ufi\/\"]}]},{\"@type\":\"ImageObject\",\"inLanguage\":\"mt-MT\",\"@id\":\"https:\/\/www.ufi.eu\/mt\/product\/pakkett-pcn-u-ufi\/#primaryimage\",\"url\":\"https:\/\/www.ufi.eu\/wp-content\/uploads\/2025\/03\/pcn_ufi.jpg\",\"contentUrl\":\"https:\/\/www.ufi.eu\/wp-content\/uploads\/2025\/03\/pcn_ufi.jpg\",\"width\":1024,\"height\":1024},{\"@type\":\"BreadcrumbList\",\"@id\":\"https:\/\/www.ufi.eu\/mt\/product\/pakkett-pcn-u-ufi\/#breadcrumb\",\"itemListElement\":[{\"@type\":\"ListItem\",\"position\":1,\"name\":\"Home\",\"item\":\"https:\/\/www.ufi.eu\/mt\/dar\/\"},{\"@type\":\"ListItem\",\"position\":2,\"name\":\"\u0126anut\",\"item\":\"https:\/\/www.ufi.eu\/mt\/hanut\/\"},{\"@type\":\"ListItem\",\"position\":3,\"name\":\"Pakkett PCN u UFI\"}]},{\"@type\":\"WebSite\",\"@id\":\"https:\/\/www.ufi.eu\/mt\/#website\",\"url\":\"https:\/\/www.ufi.eu\/mt\/\",\"name\":\"UFI.EU\",\"description\":\"Poison Centre Notifications (PCN) and UFI\",\"publisher\":{\"@id\":\"https:\/\/www.ufi.eu\/mt\/#organization\"},\"potentialAction\":[{\"@type\":\"SearchAction\",\"target\":{\"@type\":\"EntryPoint\",\"urlTemplate\":\"https:\/\/www.ufi.eu\/mt\/?s={search_term_string}\"},\"query-input\":{\"@type\":\"PropertyValueSpecification\",\"valueRequired\":true,\"valueName\":\"search_term_string\"}}],\"inLanguage\":\"mt-MT\"},{\"@type\":\"Organization\",\"@id\":\"https:\/\/www.ufi.eu\/mt\/#organization\",\"name\":\"UFI.EU\",\"url\":\"https:\/\/www.ufi.eu\/mt\/\",\"logo\":{\"@type\":\"ImageObject\",\"inLanguage\":\"mt-MT\",\"@id\":\"https:\/\/www.ufi.eu\/mt\/#\/schema\/logo\/image\/\",\"url\":\"https:\/\/www.ufi.eu\/wp-content\/uploads\/2025\/03\/cropped-logo_ufi3.jpg\",\"contentUrl\":\"https:\/\/www.ufi.eu\/wp-content\/uploads\/2025\/03\/cropped-logo_ufi3.jpg\",\"width\":231,\"height\":78,\"caption\":\"UFI.EU\"},\"image\":{\"@id\":\"https:\/\/www.ufi.eu\/mt\/#\/schema\/logo\/image\/\"},\"description\":\"UFI.eu specializes in digital registrations for Poison Centre Notifications (PCN), ensuring your chemical products meet EU regulatory requirements effortlessly. Our streamlined solutions help businesses stay compliant while reducing complexity and administrative burden.\",\"email\":\"info@ufi.eu\",\"legalName\":\"UFI.EU\"}]}<\/script>\n<meta property=\"product:price:amount\" content=\"0.00\" \/>\n<meta property=\"product:price:currency\" content=\"EUR\" \/>\n<meta property=\"og:availability\" content=\"instock\" \/>\n<meta property=\"product:availability\" content=\"instock\" \/>\n<meta property=\"product:condition\" content=\"new\" \/>\n<!-- \/ Yoast SEO Premium plugin. -->","yoast_head_json":{"title":"Pakkett PCN u UFI - UFI","description":"Il-Pakkett PCN & UFI jag\u0127tik dak kollu li g\u0127andek b\u017conn biex tibda tbig\u0127 il-prodott tieg\u0127ek fl-UE.","robots":{"index":"index","follow":"follow","max-snippet":"max-snippet:-1","max-image-preview":"max-image-preview:large","max-video-preview":"max-video-preview:-1"},"canonical":"https:\/\/www.ufi.eu\/mt\/product\/pakkett-pcn-u-ufi\/","og_locale":"mt_MT","og_type":"article","og_title":"Pakkett PCN u UFI","og_description":"Il-Pakkett PCN & UFI jag\u0127tik dak kollu li g\u0127andek b\u017conn biex tibda tbig\u0127 il-prodott tieg\u0127ek fl-UE.","og_url":"https:\/\/www.ufi.eu\/mt\/product\/pakkett-pcn-u-ufi\/","og_site_name":"UFI","article_modified_time":"2026-01-09T16:13:52+00:00","og_image":[{"width":1024,"height":1024,"url":"https:\/\/www.ufi.eu\/wp-content\/uploads\/2025\/03\/pcn_ufi.jpg","type":"image\/jpeg"}],"twitter_card":"summary_large_image","twitter_misc":{"Price":"&euro;0.00","Availability":"In stock"},"schema":{"@context":"https:\/\/schema.org","@graph":[{"@type":"WebPage","@id":"https:\/\/www.ufi.eu\/mt\/product\/pakkett-pcn-u-ufi\/","url":"https:\/\/www.ufi.eu\/mt\/product\/pakkett-pcn-u-ufi\/","name":"Pakkett PCN u UFI - UFI","isPartOf":{"@id":"https:\/\/www.ufi.eu\/mt\/#website"},"primaryImageOfPage":{"@id":"https:\/\/www.ufi.eu\/mt\/product\/pakkett-pcn-u-ufi\/#primaryimage"},"image":{"@id":"https:\/\/www.ufi.eu\/mt\/product\/pakkett-pcn-u-ufi\/#primaryimage"},"thumbnailUrl":"https:\/\/www.ufi.eu\/wp-content\/uploads\/2025\/03\/pcn_ufi.jpg","datePublished":"2025-09-24T14:39:54+00:00","dateModified":"2026-01-09T16:13:52+00:00","description":"Il-Pakkett PCN & UFI jag\u0127tik dak kollu li g\u0127andek b\u017conn biex tibda tbig\u0127 il-prodott tieg\u0127ek fl-UE.","breadcrumb":{"@id":"https:\/\/www.ufi.eu\/mt\/product\/pakkett-pcn-u-ufi\/#breadcrumb"},"inLanguage":"mt-MT","potentialAction":[{"@type":"ReadAction","target":["https:\/\/www.ufi.eu\/mt\/product\/pakkett-pcn-u-ufi\/"]}]},{"@type":"ImageObject","inLanguage":"mt-MT","@id":"https:\/\/www.ufi.eu\/mt\/product\/pakkett-pcn-u-ufi\/#primaryimage","url":"https:\/\/www.ufi.eu\/wp-content\/uploads\/2025\/03\/pcn_ufi.jpg","contentUrl":"https:\/\/www.ufi.eu\/wp-content\/uploads\/2025\/03\/pcn_ufi.jpg","width":1024,"height":1024},{"@type":"BreadcrumbList","@id":"https:\/\/www.ufi.eu\/mt\/product\/pakkett-pcn-u-ufi\/#breadcrumb","itemListElement":[{"@type":"ListItem","position":1,"name":"Home","item":"https:\/\/www.ufi.eu\/mt\/dar\/"},{"@type":"ListItem","position":2,"name":"\u0126anut","item":"https:\/\/www.ufi.eu\/mt\/hanut\/"},{"@type":"ListItem","position":3,"name":"Pakkett PCN u UFI"}]},{"@type":"WebSite","@id":"https:\/\/www.ufi.eu\/mt\/#website","url":"https:\/\/www.ufi.eu\/mt\/","name":"UFI.EU","description":"Poison Centre Notifications (PCN) and UFI","publisher":{"@id":"https:\/\/www.ufi.eu\/mt\/#organization"},"potentialAction":[{"@type":"SearchAction","target":{"@type":"EntryPoint","urlTemplate":"https:\/\/www.ufi.eu\/mt\/?s={search_term_string}"},"query-input":{"@type":"PropertyValueSpecification","valueRequired":true,"valueName":"search_term_string"}}],"inLanguage":"mt-MT"},{"@type":"Organization","@id":"https:\/\/www.ufi.eu\/mt\/#organization","name":"UFI.EU","url":"https:\/\/www.ufi.eu\/mt\/","logo":{"@type":"ImageObject","inLanguage":"mt-MT","@id":"https:\/\/www.ufi.eu\/mt\/#\/schema\/logo\/image\/","url":"https:\/\/www.ufi.eu\/wp-content\/uploads\/2025\/03\/cropped-logo_ufi3.jpg","contentUrl":"https:\/\/www.ufi.eu\/wp-content\/uploads\/2025\/03\/cropped-logo_ufi3.jpg","width":231,"height":78,"caption":"UFI.EU"},"image":{"@id":"https:\/\/www.ufi.eu\/mt\/#\/schema\/logo\/image\/"},"description":"UFI.eu specializes in digital registrations for Poison Centre Notifications (PCN), ensuring your chemical products meet EU regulatory requirements effortlessly. Our streamlined solutions help businesses stay compliant while reducing complexity and administrative burden.","email":"info@ufi.eu","legalName":"UFI.EU"}]},"product_price_amount":"0.00","product_price_currency":"EUR","og_availability":"instock","product_availability":"instock","product_condition":"new"},"_links":{"self":[{"href":"https:\/\/www.ufi.eu\/mt\/wp-json\/wp\/v2\/product\/31730","targetHints":{"allow":["GET"]}}],"collection":[{"href":"https:\/\/www.ufi.eu\/mt\/wp-json\/wp\/v2\/product"}],"about":[{"href":"https:\/\/www.ufi.eu\/mt\/wp-json\/wp\/v2\/types\/product"}],"wp:featuredmedia":[{"embeddable":true,"href":"https:\/\/www.ufi.eu\/mt\/wp-json\/wp\/v2\/media\/12460"}],"wp:attachment":[{"href":"https:\/\/www.ufi.eu\/mt\/wp-json\/wp\/v2\/media?parent=31730"}],"wp:term":[{"taxonomy":"product_brand","embeddable":true,"href":"https:\/\/www.ufi.eu\/mt\/wp-json\/wp\/v2\/product_brand?post=31730"},{"taxonomy":"product_cat","embeddable":true,"href":"https:\/\/www.ufi.eu\/mt\/wp-json\/wp\/v2\/product_cat?post=31730"},{"taxonomy":"product_tag","embeddable":true,"href":"https:\/\/www.ufi.eu\/mt\/wp-json\/wp\/v2\/product_tag?post=31730"}],"curies":[{"name":"wp","href":"https:\/\/api.w.org\/{rel}","templated":true}]}}