{"id":22145,"date":"2025-03-20T08:25:16","date_gmt":"2025-04-17T10:35:17","guid":{"rendered":"https:\/\/www.ufi.eu\/pcn\/uncategorized\/pcn-ufi-ghall-prodotti-tan-nutrizzjoni-tal-pjanti\/"},"modified":"2025-04-17T10:35:17","modified_gmt":"2025-04-17T10:35:17","slug":"pcn-ufi-ghall-prodotti-tan-nutrizzjoni-tal-pjanti","status":"publish","type":"product","link":"https:\/\/www.ufi.eu\/mt\/product\/pcn-ufi-ghall-prodotti-tan-nutrizzjoni-tal-pjanti\/","title":{"rendered":"PCN &amp; UFI g\u0127all-Prodotti tan-Nutrizzjoni tal-Pjanti"},"content":{"rendered":"<h2>Kif ja\u0127dem is-servizz tal-\u0127olqien tal-UFI u tan-notifika tal-PCN?<\/h2>\n<p>Wara li tixtri dan is-servizz, tir\u010bievi a\u010b\u010bess g\u0127all-portal sigur. Dan il-portal fih \u0127arsa \u0121enerali tal-passi kollha.  Int timla d-dettalji tal-prodott tieg\u0127ek u a\u0127na nibdew na\u0127dmu.<\/p>\n<h3>Notifika ta\u010b-\u010aentru tal-Velenu u UFI<\/h3>\n<p>A\u0127na ser nipprovdu:<\/p>\n<ul>\n<li>L-Identifikatur Uniku tal-Formula (UFI) tal-prodott tieg\u0127ek<\/li>\n<li>Rapport tan-Notifika ta\u010b-\u010aentru tal-Velen (PCN).<\/li>\n<li>Re\u0121istrazzjoni tal-prodott tieg\u0127ek ma\u010b-\u010aentri tal-Veleni nazzjonali rilevanti permezz tal-ECHA.<\/li>\n<\/ul>\n<h3>Pajji\u017ci g\u0127ar-re\u0121istrazzjoni PCN<\/h3>\n<p>Tista&#8217; tg\u0127odd in-numru ta&#8217; pajji\u017ci li fihom trid tirre\u0121istra l-prodott tieg\u0127ek. Dan huwa n-numru ta &#8216;pajji\u017ci li g\u0127andek b\u017conn tixtri.  Int tkun tista&#8217; tag\u0127\u017cel il-pajji\u017ci spe\u010bifi\u010bi fi \u0127dan il-portal. Jekk qed tippjana li tespandi l-bejg\u0127 tal-prodotti tieg\u0127ek g\u0127al pajji\u017ci \u0121odda f&#8217;data aktar tard, allura tista&#8217; dejjem tordna <a href=\"https:\/\/www.ufi.eu\/mt\/pcn\/pajjizi\/pajjizi-ghar-registrazzjoni-pcn\/\" target=\"_blank\" title=\"Re\u0121istrazzjonijiet tal-pajji\u017c PCN\">re\u0121istrazzjonijiet addizzjonali tal-pajji\u017ci PCN<\/a> .<br \/> L-UE g\u0127andha 27 pajji\u017c u \u017c-\u017bEE g\u0127andha 30 (UE+Lichtenstein, in-Norve\u0121ja u l-Islanda) Fil-portal tista\u2019 tag\u0127\u017cel dawn il-pajji\u017ci: <\/p>\n<table cellpadding=\"2\" cellspacing=\"0\" border=\"1\">\n<tbody>\n<tr>\n<td>il-Bel\u0121ju<\/td>\n<td>(BE)<\/td>\n<td>Spanja<\/td>\n<td>(ES)<\/td>\n<td>Ungerija<\/td>\n<td>(HU)<\/td>\n<td>Is-Slovakkja<\/td>\n<td>(SK)<\/td>\n<\/tr>\n<tr>\n<td>Bulgarija<\/td>\n<td>(BG)<\/td>\n<td>Franza<\/td>\n<td>(FR)<\/td>\n<td>Malta<\/td>\n<td>(MT)<\/td>\n<td>Finlandja<\/td>\n<td>(FI)<\/td>\n<\/tr>\n<tr>\n<td>\u010aekja<\/td>\n<td>(CZ)<\/td>\n<td>il-Kroazja<\/td>\n<td>(HR)<\/td>\n<td>l-Olanda<\/td>\n<td>(NL)<\/td>\n<td>l-Isvezja<\/td>\n<td>(SE)<\/td>\n<\/tr>\n<tr>\n<td>id-Danimarka<\/td>\n<td>(DK)<\/td>\n<td>l-Italja<\/td>\n<td>(IT)<\/td>\n<td>L-Awstrija<\/td>\n<td>(AT)<\/td>\n<td>il-\u0120ermanja<\/td>\n<td>(DE)<\/td>\n<\/tr>\n<tr>\n<td>\u010aipru<\/td>\n<td>(CY)<\/td>\n<td>Polonja<\/td>\n<td>(PL)<\/td>\n<td>l-Islanda<\/td>\n<td>(IS)<\/td>\n<td>Estonja<\/td>\n<td>(EE)<\/td>\n<\/tr>\n<tr>\n<td>Il-Latvja<\/td>\n<td>(LV)<\/td>\n<td>Portugall<\/td>\n<td>(PT)<\/td>\n<td>Liechtenstein<\/td>\n<td>(LI)<\/td>\n<td>l-Irlanda<\/td>\n<td>(IE)<\/td>\n<\/tr>\n<tr>\n<td>il-Litwanja<\/td>\n<td>(LT)<\/td>\n<td>ir-Rumanija<\/td>\n<td>(RO)<\/td>\n<td>Norve\u0121ja<\/td>\n<td>(LE)<\/td>\n<td>il-Gre\u010bja<\/td>\n<td>(EL)<\/td>\n<\/tr>\n<tr>\n<td>Lussemburgu<\/td>\n<td>(LU)<\/td>\n<td>is-Slovenja<\/td>\n<td>(SI)<\/td>\n<td>Isvizzera*<\/td>\n<td>(CH)<\/td>\n<td><\/td>\n<td><\/td>\n<\/tr>\n<\/tbody>\n<\/table>\n<p>*G\u0127all-Isvizzera nistg\u0127u no\u0127olqu d-dossier tal-PCN, bl-informazzjoni kollha me\u0127tie\u0121a biex nag\u0127mlu sottomissjoni fil-portal \u017bvizzeru. Ikkuntattjana g\u0127al aktar informazzjoni. <\/p>\n<h3>Informazzjoni tat-Tikketta CLP<\/h3>\n<p>Noffru l-g\u0127a\u017cla li nixtru tikketta tal-prodott konformi mal-CLP, li jkun fiha l-informazzjoni obbligatorja kollha kif me\u0127tie\u0121 mir-Regolament CLP tal-UE. Dan se ji\u0121i pprovdut b\u0127ala PDF.  Dan mhuwiex disinn, i\u017cda sajf ta &#8216;l-informazzjoni me\u0127tie\u0121a. Dan jippermettilek tintegra l-informazzjoni me\u0127tie\u0121a fid-disinn tat-tikketta tal-prodott tieg\u0127ek.  Tista&#8217; wkoll tordna l <a href=\"https:\/\/www.ufi.eu\/mt\/pcn\/tikketta-clp\/holqien-tat-tikketti-clp-u-kontroll-tal-konformita\/\" target=\"_blank\" title=\"\u0126olqien tat-tikketta CLP\">-\u0127olqien tat-tikketta CLP<\/a> separatament. Di\u0121\u00e0 g\u0127andek tikketta? \u2014 Nistg\u0127u nag\u0127mlu <a href=\"https:\/\/www.ufi.eu\/mt\/pcn\/tikketta-clp\/holqien-tat-tikketti-clp-u-kontroll-tal-konformita\/\" target=\"_blank\" title=\"Kontroll tal-konformit\u00e0 tat-tikketta CLP\">kontroll tal-konformit\u00e0 tat-tikketta CLP<\/a> tat-tikketta tieg\u0127ek skont ir-rekwi\u017citi attwali tas-CLP. A\u0127na ser nipprovdu feedback dettaljat u korrezzjonijiet biex ni\u017cguraw li t-tikketta tieg\u0127ek tissodisfa l-istandards regolatorji kollha.   <\/p>\n<h2>Notifika ta\u010b-\u010aentru tal-Velenu g\u0127al Fertilizzanti u Prodotti Fertilizzanti<\/h2>\n<p>Fertilizzanti u prodotti fertilizzanti huma essenzjali biex itejbu t-tkabbir tal-pjanti billi jipprovdu nutrijenti vitali jew itejbu l-effi\u010bjenza tan-nutrijenti. Dawn il-prodotti, kemm jekk applikati wa\u0127edhom jew im\u0127allta ma &#8216;materjali o\u0127ra, je\u0127tie\u0121u Notifika ta\u010b-\u010aentru tal-Velen (PCN) biex jikkonformaw mar-regolamenti tal-UE. Dan ji\u017cgura li d-dejta kollha dwar is-sikurezza u l-periklu tkun fa\u010bilment disponibbli g\u0127a\u010b-\u010bentri tal-veleni f\u2019ka\u017c ta\u2019 espo\u017cizzjoni a\u010b\u010bidentali jew u\u017cu \u0127a\u017cin.  <\/p>\n<h3>X&#8217;inhu UFI?<\/h3>\n<p>L-Identifikatur Uniku tal-Formula (UFI) huwa kodi\u010bi alfanumeriku ta&#8217; 16-il karattru li jg\u0127aqqad il-kompo\u017cizzjoni ta&#8217; fertilizzant jew prodott fertilizzanti mal-PCN tieg\u0127u. L-UFI g\u0127andu ji\u0121i inklu\u017c fuq it-tikketta tal-prodott, u jag\u0127milha fa\u010bli li ji\u0121i identifikat il-prodott waqt emer\u0121enzi. <\/p>\n<h3>X&#8217;inhu PCN?<\/h3>\n<p>Notifika ta\u010b-\u010aentru tal-Velen (PCN) hija sottomissjoni li tipprovdi informazzjoni dettaljata dwar il-prodott, b\u0127al kompo\u017cizzjoni kimika, klassifikazzjoni tal-periklu, u u\u017cu ma\u0127sub, li\u010b-\u010bentri tal-veleni tal-UE. Din l-informazzjoni tg\u0127in li\u010b-\u010bentri tal-veleni jipprovdu parir mediku pre\u010bi\u017c u reazzjonijiet ta\u2019 emer\u0121enza. <\/p>\n<h3>X&#8217;inhu CLP?<\/h3>\n<p>Ir-regolament dwar il-Klassifikazzjoni, it-Tikkettar u l-Imballa\u0121\u0121 (CLP) ji\u017cgura li s-sustanzi kimi\u010bi perikolu\u017ci kollha jkunu klassifikati u ttikkettjati kif suppost biex jinfurmaw lill-utenti dwar riskji potenzjali. Fertilizzanti u prodotti fertilizzanti g\u0127andhom juru tikketti ta &#8216;periklu, dikjarazzjonijiet ta&#8217; prekawzjoni, u l-UFI biex jikkonformaw mar-regolament CLP. <\/p>\n<h3>X&#8217;inhu l-Poison Centre?<\/h3>\n<p>I\u010b-\u010aentru tal-veleni huwa netwerk ta &#8216;organizzazzjonijiet nazzjonali li jittrattaw ka\u017cijiet ta&#8217; espo\u017cizzjoni kimika u avvelenament. Billi jkollhom a\u010b\u010bess g\u0127ad-dejta tal-PCN, jistg\u0127u joffru gwida pre\u010bi\u017ca waqt emer\u0121enzi li jinvolvu fertilizzanti jew prodotti perikolu\u017ci o\u0127ra. <\/p>\n<h3>G\u0127aliex dan huwa me\u0127tie\u0121?<\/h3>\n<p>Fertilizzanti u prodotti fertilizzanti \u0127afna drabi jkun fihom sustanzi li jistg\u0127u jo\u0127olqu riskji g\u0127as-sa\u0127\u0127a tal-bniedem jew g\u0127all-ambjent jekk jintu\u017caw \u0127a\u017cin. PCN ji\u017cgura li \u010b-\u010bentri tal-veleni jkollhom id-dejta tal-prodott me\u0127tie\u0121a biex jirrispondu b&#8217;mod effettiv waqt in\u010bidenti jew in\u010bidenti ta&#8217; espo\u017cizzjoni. Dan isa\u0127\u0127a\u0127 is-sikurezza tal-konsumatur u l-protezzjoni ambjentali.  <\/p>\n<h3>Minn Meta Dan bil-Li\u0121i Obbligatorju?<\/h3>\n<p>L-obbligu li ji\u0121i ppre\u017centat PCN g\u0127al ta\u0127litiet perikolu\u017ci, inklu\u017ci fertilizzanti u prodotti fertilizzanti, da\u0127al fis-se\u0127\u0127 fl-1 ta\u2019 Jannar 2021, ta\u0127t l-Anness VIII tar-regolament CLP.<\/p>\n<h2>FAQ<\/h2>\n<h3>Mistoqsija: Il-fertilizzanti kollha je\u0127tie\u0121u PCN?<\/h3>\n<p>Twe\u0121iba: Le, fertilizzanti klassifikati b\u0127ala perikolu\u017ci biss ta\u0127t ir-regolament CLP je\u0127tie\u0121u PCN.<\/p>\n<h3>Mistoqsija: X&#8217;informazzjoni hija me\u0127tie\u0121a biex timla PCN?<\/h3>\n<p>Twe\u0121iba: Il-PCN je\u0127tie\u0121 dettalji dwar il-kompo\u017cizzjoni kimika tal-prodott, il-klassifikazzjoni, l-u\u017cu ma\u0127sub, l-ippakkjar, u l-Identifikatur Uniku tal-Formula (UFI).<\/p>\n<h3>Mistoqsija: Fejn g\u0127andu jintwera l-UFI?<\/h3>\n<p>Twe\u0121iba: L-UFI g\u0127andu ji\u0121i stampat fuq it-tikketta tal-prodott, \u0127dejn l-informazzjoni dwar il-periklu u l-prekawzjoni.<\/p>\n<h3>Mistoqsija: Min hu responsabbli biex jissottometti l-PCN?<\/h3>\n<p>Twe\u0121iba: Il-manifattur, l-importatur jew l-utent downstream li jqieg\u0127ed il-fertilizzant fis-suq tal-UE huwa responsabbli biex jissottometti l-PCN.<\/p>\n<h3>Mistoqsija: X&#8217;inhuma l-konsegwenzi tan-nuqqas ta&#8217; konformit\u00e0?<\/h3>\n<p>Twe\u0121iba: In-nuqqas ta&#8217; konformit\u00e0 jista&#8217; jwassal g\u0127al multi, sej\u0127a lura ta&#8217; prodotti, jew restrizzjonijiet fuq il-bejg\u0127 tal-fertilizzant fl-UE.<\/p>\n<h3>Mistoqsija: Il-prodotti ta&#8217; rimedju tal-\u0127amrija huma su\u0121\u0121etti g\u0127ar-rekwi\u017citi tal-PCN?<\/h3>\n<p>Twe\u0121iba: Le, il-prodotti ta&#8217; rimedju tal-\u0127amrija u\u017cati g\u0127al \u017coni kkontaminati huma esklu\u017ci minn din il-kategorija u jista&#8217; jkollhom rekwi\u017citi regolatorji separati.<\/p>\n<h3>Mistoqsija: Kemm iddum biex tissottometti n-notifika tal-UFI u l-PCN?<\/h3>\n<p>Je\u0127odna ftit jiem xog\u0127ol. Hekk kif ittella\u2019 d-dokumentazzjoni, nibdew minnufih. <\/p>\n<h3>Mistoqsija: Jiena s-sid tan-notifika tal-PCN?<\/h3>\n<p>Iva, int is-sid tan-notifika tal-PCN. Int i\u017c\u017comm is-sjieda s\u0127i\u0127a tad-dejta li pprovdejt.  In-notifika tal-PCN tkun a\u010b\u010bessibbli fil-kont tal-ECHA tieg\u0127ek.<\/p>\n<h3>Mistoqsija: Dan is-servizz huwa g\u0127al prodott wie\u0127ed jew aktar?<\/h3>\n<p>Is-servizz huwa g\u0127al prodott wie\u0127ed.<\/p>\n<h3>Mistoqsija: G\u0127aliex g\u0127andi n\u0127allas biex no\u0127loq UFI?<\/h3>\n<p>Is-servizz li noffru mhuwiex biss li jipprovdi UFI. L-UFI huwa komponent fi pro\u010bess \u0127afna aktar estensiv.  Is-servizz ewlieni li nipprovdu huwa l-preparazzjoni u s-sottomissjoni tan-Notifika ta\u010b-\u010aentru tal-Velen (PCN) tieg\u0127ek lill-korpi nazzjonali ma\u0127tura permezz tal-portal tal-ECHA, li huwa rekwi\u017cit obbligatorju skont ir-Regolament CLP tal-UE g\u0127at-tqeg\u0127id fis-suq ta\u2019 ta\u0127litiet perikolu\u017ci. Il-\u0121enerazzjoni ta &#8216;UFI hija l-aktar parti sempli\u010bi. Ir-rapport tal-PCN, madankollu, huwa kumpless. Je\u017ci\u0121i revi\u017cjoni dettaljata tal-ingredjenti \u2014 klassifikazzjonijiet kimi\u010bi \u2014 ifformattjati pre\u010bi\u017cament g\u0127as-sottomissjoni ta\u010b-\u010aentru tal-Veleni permezz tal-ECHA.   <\/p>\n<h3>Mistoqsija: Il-kumpanija tieg\u0127i mhijiex ibba\u017cata fl-UE, kif nista&#8217; nibg\u0127at PCN?<\/h3>\n<p>A\u0127na nipprovdu soluzzjoni g\u0127al kumpaniji li mhumiex ibba\u017cati fl-UE. Tista&#8217; ssib aktar informazzjoni fuq il-pa\u0121na <a href=\"https:\/\/www.ufi.eu\/mt\/pcn\/barra-mill-ue\/pcn-ufi-ghal-kumpaniji-mhux-tal-ue\/\" target=\"_blank\" rel=\"noopener\">tal-PCN &amp; UFI g\u0127al kumpaniji mhux tal-UE<\/a> . <\/p>\n<h3>Mistoqsija: Tista&#8217; tipprovdi Skedi ta&#8217; Data ta&#8217; Sigurt\u00e0 f&#8217;konformit\u00e0 s\u0127i\u0127a mar-Regolament tal-UE (REACH &amp; CLP)?<\/h3>\n<p>Iva, nistg\u0127u <a href=\"https:\/\/www.ufi.eu\/mt\/pcn\/skeda-ta-data-tas-sigurta\/servizz-ta-holqien-ta-skeda-ta-data-tas-sigurta-msds-sds\/\" target=\"_blank\"><strong>no\u0127olqu Folji tad-Data tas-Sigurt\u00e0 (SDS)<\/strong><\/a> \u2014 mag\u0127rufa wkoll b\u0127ala <strong>Folji tad-Data tas-Sigurt\u00e0 tal-Materjal (MSDS)<\/strong> \u2014 imfassla g\u0127all-prodott tieg\u0127ek u konformi mal-a\u0127\u0127ar regolamenti tal-UE. Kemm jekk qed timmanifattura ta\u0127litiet kimi\u010bi, timporta prodotti fl-UE, jew qed tqassam ta\u0127t tikketta privata, SDS konformi hija legalment me\u0127tie\u0121a u essenzjali g\u0127al u\u017cu sikur fil-katina tal-provvista kollha. Issib aktar fuq il-pa\u0121na <a href=\"https:\/\/www.ufi.eu\/mt\/pcn\/skeda-ta-data-tas-sigurta\/servizz-ta-holqien-ta-skeda-ta-data-tas-sigurta-msds-sds\/\" target=\"_blank\">tas-Servizz tal-\u0126olqien tal-Iskeda tad-Data tas-Sigurt\u00e0 (MSDS\/SDS)<\/a> .  <\/p>\n","protected":false},"excerpt":{"rendered":"<p>Kif ja\u0127dem is-servizz tal-\u0127olqien tal-UFI u tan-notifika tal-PCN? Wara li tixtri dan is-servizz, tir\u010bievi a\u010b\u010bess g\u0127all-portal sigur. Dan il-portal fih \u0127arsa \u0121enerali tal-passi kollha. Int timla d-dettalji tal-prodott tieg\u0127ek u a\u0127na nibdew na\u0127dmu. Notifika ta\u010b-\u010aentru tal-Velenu u UFI A\u0127na ser nipprovdu: L-Identifikatur Uniku tal-Formula (UFI) tal-prodott tieg\u0127ek Rapport tan-Notifika ta\u010b-\u010aentru tal-Velen (PCN). Re\u0121istrazzjoni tal-prodott tieg\u0127ek [&hellip;]<\/p>\n","protected":false},"featured_media":22146,"template":"","meta":[],"product_brand":[],"product_cat":[1080],"product_tag":[],"class_list":{"0":"post-22145","1":"product","2":"type-product","3":"status-publish","4":"has-post-thumbnail","6":"product_cat-fertilizzanti-u-prodotti-fertilizzanti","8":"first","9":"instock","10":"virtual","11":"taxable","12":"purchasable","13":"product-type-bundle"},"bundled_by":[],"bundle_stock_status":"instock","bundle_stock_quantity":"","bundle_virtual":false,"bundle_layout":"default","bundle_add_to_cart_form_location":"default","bundle_editable_in_cart":false,"bundle_sold_individually_context":"product","bundle_item_grouping":"parent","bundle_min_size":"","bundle_max_size":"","bundle_price":{"price":{"min":{"incl_tax":"121","excl_tax":"100"},"max":{"incl_tax":"","excl_tax":""}},"regular_price":{"min":{"incl_tax":"121","excl_tax":"100"},"max":{"incl_tax":"","excl_tax":""}}},"bundled_items":[{"bundled_item_id":10876,"product_id":12528,"menu_order":0,"quantity_min":1,"quantity_max":1,"quantity_default":1,"priced_individually":true,"shipped_individually":false,"override_title":false,"title":null,"override_description":false,"description":null,"optional":false,"hide_thumbnail":false,"discount":"","override_variations":false,"allowed_variations":[""],"override_default_variation_attributes":false,"default_variation_attributes":[],"single_product_visibility":"visible","cart_visibility":"visible","order_visibility":"visible","single_product_price_visibility":"visible","cart_price_visibility":"visible","order_price_visibility":"visible","stock_status":"in_stock"},{"bundled_item_id":10877,"product_id":12534,"menu_order":1,"quantity_min":1,"quantity_max":"","quantity_default":1,"priced_individually":true,"shipped_individually":false,"override_title":false,"title":null,"override_description":false,"description":null,"optional":false,"hide_thumbnail":false,"discount":"","override_variations":false,"allowed_variations":[""],"override_default_variation_attributes":false,"default_variation_attributes":[],"single_product_visibility":"visible","cart_visibility":"visible","order_visibility":"visible","single_product_price_visibility":"visible","cart_price_visibility":"visible","order_price_visibility":"visible","stock_status":"in_stock"}],"bundle_sell_ids":[],"yoast_head":"<!-- This site is optimized with the Yoast SEO Premium plugin v25.1 (Yoast SEO v25.1) - https:\/\/yoast.com\/wordpress\/plugins\/seo\/ -->\n<title>PCN &amp; UFI g\u0127all-Prodotti tan-Nutrizzjoni tal-Pjanti - UFI<\/title>\n<meta name=\"description\" content=\"Ikseb PCN &amp; UFI g\u0127al prodotti ta &#039;nutrizzjoni tal-pjanti. \u017bgura l-konformit\u00e0 ta\u010b-\u010aentru tal-veleni tal-UE mas-servizz ta&#039; notifika velo\u010bi u affidabbli tag\u0127na!\" \/>\n<meta name=\"robots\" content=\"index, follow, max-snippet:-1, max-image-preview:large, max-video-preview:-1\" \/>\n<link rel=\"canonical\" href=\"https:\/\/www.ufi.eu\/mt\/product\/pcn-ufi-ghall-prodotti-tan-nutrizzjoni-tal-pjanti\/\" \/>\n<meta property=\"og:locale\" content=\"mt_MT\" \/>\n<meta property=\"og:type\" content=\"article\" \/>\n<meta property=\"og:title\" content=\"PCN &amp; UFI g\u0127all-Prodotti tan-Nutrizzjoni tal-Pjanti\" \/>\n<meta property=\"og:description\" content=\"Ikseb PCN &amp; UFI g\u0127al prodotti ta &#039;nutrizzjoni tal-pjanti. \u017bgura l-konformit\u00e0 ta\u010b-\u010aentru tal-veleni tal-UE mas-servizz ta&#039; notifika velo\u010bi u affidabbli tag\u0127na!\" \/>\n<meta property=\"og:url\" content=\"https:\/\/www.ufi.eu\/mt\/product\/pcn-ufi-ghall-prodotti-tan-nutrizzjoni-tal-pjanti\/\" \/>\n<meta property=\"og:site_name\" content=\"UFI\" \/>\n<meta property=\"og:image\" content=\"https:\/\/www.ufi.eu\/wp-content\/uploads\/2025\/03\/PC-FER.jpg\" \/>\n\t<meta property=\"og:image:width\" content=\"1024\" \/>\n\t<meta property=\"og:image:height\" content=\"1024\" \/>\n\t<meta property=\"og:image:type\" content=\"image\/jpeg\" \/>\n<meta name=\"twitter:card\" content=\"summary_large_image\" \/>\n<meta name=\"twitter:label1\" content=\"Price\" \/>\n\t<meta name=\"twitter:data1\" content=\"&euro;0.00\" \/>\n\t<meta name=\"twitter:label2\" content=\"Availability\" \/>\n\t<meta name=\"twitter:data2\" content=\"In stock\" \/>\n<script type=\"application\/ld+json\" class=\"yoast-schema-graph\">{\"@context\":\"https:\/\/schema.org\",\"@graph\":[{\"@type\":\"WebPage\",\"@id\":\"https:\/\/www.ufi.eu\/mt\/product\/pcn-ufi-ghall-prodotti-tan-nutrizzjoni-tal-pjanti\/\",\"url\":\"https:\/\/www.ufi.eu\/mt\/product\/pcn-ufi-ghall-prodotti-tan-nutrizzjoni-tal-pjanti\/\",\"name\":\"PCN &amp; UFI g\u0127all-Prodotti tan-Nutrizzjoni tal-Pjanti - UFI\",\"isPartOf\":{\"@id\":\"https:\/\/www.ufi.eu\/mt\/#website\"},\"primaryImageOfPage\":{\"@id\":\"https:\/\/www.ufi.eu\/mt\/product\/pcn-ufi-ghall-prodotti-tan-nutrizzjoni-tal-pjanti\/#primaryimage\"},\"image\":{\"@id\":\"https:\/\/www.ufi.eu\/mt\/product\/pcn-ufi-ghall-prodotti-tan-nutrizzjoni-tal-pjanti\/#primaryimage\"},\"thumbnailUrl\":\"https:\/\/www.ufi.eu\/wp-content\/uploads\/2025\/03\/PC-FER.jpg\",\"datePublished\":\"2025-04-17T10:35:17+00:00\",\"description\":\"Ikseb PCN & UFI g\u0127al prodotti ta 'nutrizzjoni tal-pjanti. \u017bgura l-konformit\u00e0 ta\u010b-\u010aentru tal-veleni tal-UE mas-servizz ta' notifika velo\u010bi u affidabbli tag\u0127na!\",\"breadcrumb\":{\"@id\":\"https:\/\/www.ufi.eu\/mt\/product\/pcn-ufi-ghall-prodotti-tan-nutrizzjoni-tal-pjanti\/#breadcrumb\"},\"inLanguage\":\"mt-MT\",\"potentialAction\":[{\"@type\":\"ReadAction\",\"target\":[\"https:\/\/www.ufi.eu\/mt\/product\/pcn-ufi-ghall-prodotti-tan-nutrizzjoni-tal-pjanti\/\"]}]},{\"@type\":\"ImageObject\",\"inLanguage\":\"mt-MT\",\"@id\":\"https:\/\/www.ufi.eu\/mt\/product\/pcn-ufi-ghall-prodotti-tan-nutrizzjoni-tal-pjanti\/#primaryimage\",\"url\":\"https:\/\/www.ufi.eu\/wp-content\/uploads\/2025\/03\/PC-FER.jpg\",\"contentUrl\":\"https:\/\/www.ufi.eu\/wp-content\/uploads\/2025\/03\/PC-FER.jpg\",\"width\":1024,\"height\":1024},{\"@type\":\"BreadcrumbList\",\"@id\":\"https:\/\/www.ufi.eu\/mt\/product\/pcn-ufi-ghall-prodotti-tan-nutrizzjoni-tal-pjanti\/#breadcrumb\",\"itemListElement\":[{\"@type\":\"ListItem\",\"position\":1,\"name\":\"Home\",\"item\":\"https:\/\/www.ufi.eu\/mt\/dar\/\"},{\"@type\":\"ListItem\",\"position\":2,\"name\":\"\u0126anut\",\"item\":\"https:\/\/www.ufi.eu\/mt\/hanut\/\"},{\"@type\":\"ListItem\",\"position\":3,\"name\":\"PCN &amp; UFI g\u0127all-Prodotti tan-Nutrizzjoni tal-Pjanti\"}]},{\"@type\":\"WebSite\",\"@id\":\"https:\/\/www.ufi.eu\/mt\/#website\",\"url\":\"https:\/\/www.ufi.eu\/mt\/\",\"name\":\"UFI.EU\",\"description\":\"Poison Centre Notifications (PCN) and UFI\",\"publisher\":{\"@id\":\"https:\/\/www.ufi.eu\/mt\/#organization\"},\"potentialAction\":[{\"@type\":\"SearchAction\",\"target\":{\"@type\":\"EntryPoint\",\"urlTemplate\":\"https:\/\/www.ufi.eu\/mt\/?s={search_term_string}\"},\"query-input\":{\"@type\":\"PropertyValueSpecification\",\"valueRequired\":true,\"valueName\":\"search_term_string\"}}],\"inLanguage\":\"mt-MT\"},{\"@type\":\"Organization\",\"@id\":\"https:\/\/www.ufi.eu\/mt\/#organization\",\"name\":\"UFI.EU\",\"url\":\"https:\/\/www.ufi.eu\/mt\/\",\"logo\":{\"@type\":\"ImageObject\",\"inLanguage\":\"mt-MT\",\"@id\":\"https:\/\/www.ufi.eu\/mt\/#\/schema\/logo\/image\/\",\"url\":\"https:\/\/www.ufi.eu\/wp-content\/uploads\/2025\/03\/cropped-logo_ufi3.jpg\",\"contentUrl\":\"https:\/\/www.ufi.eu\/wp-content\/uploads\/2025\/03\/cropped-logo_ufi3.jpg\",\"width\":231,\"height\":78,\"caption\":\"UFI.EU\"},\"image\":{\"@id\":\"https:\/\/www.ufi.eu\/mt\/#\/schema\/logo\/image\/\"},\"description\":\"UFI.eu specializes in digital registrations for Poison Centre Notifications (PCN), ensuring your chemical products meet EU regulatory requirements effortlessly. Our streamlined solutions help businesses stay compliant while reducing complexity and administrative burden.\",\"email\":\"info@ufi.eu\",\"legalName\":\"UFI.EU\"}]}<\/script>\n<meta property=\"product:price:amount\" content=\"0.00\" \/>\n<meta property=\"product:price:currency\" content=\"EUR\" \/>\n<meta property=\"og:availability\" content=\"instock\" \/>\n<meta property=\"product:availability\" content=\"instock\" \/>\n<meta property=\"product:retailer_item_id\" content=\"PC-FER\" \/>\n<meta property=\"product:condition\" content=\"new\" \/>\n<!-- \/ Yoast SEO Premium plugin. -->","yoast_head_json":{"title":"PCN &amp; UFI g\u0127all-Prodotti tan-Nutrizzjoni tal-Pjanti - UFI","description":"Ikseb PCN & UFI g\u0127al prodotti ta 'nutrizzjoni tal-pjanti. \u017bgura l-konformit\u00e0 ta\u010b-\u010aentru tal-veleni tal-UE mas-servizz ta' notifika velo\u010bi u affidabbli tag\u0127na!","robots":{"index":"index","follow":"follow","max-snippet":"max-snippet:-1","max-image-preview":"max-image-preview:large","max-video-preview":"max-video-preview:-1"},"canonical":"https:\/\/www.ufi.eu\/mt\/product\/pcn-ufi-ghall-prodotti-tan-nutrizzjoni-tal-pjanti\/","og_locale":"mt_MT","og_type":"article","og_title":"PCN &amp; UFI g\u0127all-Prodotti tan-Nutrizzjoni tal-Pjanti","og_description":"Ikseb PCN & UFI g\u0127al prodotti ta 'nutrizzjoni tal-pjanti. \u017bgura l-konformit\u00e0 ta\u010b-\u010aentru tal-veleni tal-UE mas-servizz ta' notifika velo\u010bi u affidabbli tag\u0127na!","og_url":"https:\/\/www.ufi.eu\/mt\/product\/pcn-ufi-ghall-prodotti-tan-nutrizzjoni-tal-pjanti\/","og_site_name":"UFI","og_image":[{"width":1024,"height":1024,"url":"https:\/\/www.ufi.eu\/wp-content\/uploads\/2025\/03\/PC-FER.jpg","type":"image\/jpeg"}],"twitter_card":"summary_large_image","twitter_misc":{"Price":"&euro;0.00","Availability":"In stock"},"schema":{"@context":"https:\/\/schema.org","@graph":[{"@type":"WebPage","@id":"https:\/\/www.ufi.eu\/mt\/product\/pcn-ufi-ghall-prodotti-tan-nutrizzjoni-tal-pjanti\/","url":"https:\/\/www.ufi.eu\/mt\/product\/pcn-ufi-ghall-prodotti-tan-nutrizzjoni-tal-pjanti\/","name":"PCN &amp; UFI g\u0127all-Prodotti tan-Nutrizzjoni tal-Pjanti - UFI","isPartOf":{"@id":"https:\/\/www.ufi.eu\/mt\/#website"},"primaryImageOfPage":{"@id":"https:\/\/www.ufi.eu\/mt\/product\/pcn-ufi-ghall-prodotti-tan-nutrizzjoni-tal-pjanti\/#primaryimage"},"image":{"@id":"https:\/\/www.ufi.eu\/mt\/product\/pcn-ufi-ghall-prodotti-tan-nutrizzjoni-tal-pjanti\/#primaryimage"},"thumbnailUrl":"https:\/\/www.ufi.eu\/wp-content\/uploads\/2025\/03\/PC-FER.jpg","datePublished":"2025-04-17T10:35:17+00:00","description":"Ikseb PCN & UFI g\u0127al prodotti ta 'nutrizzjoni tal-pjanti. \u017bgura l-konformit\u00e0 ta\u010b-\u010aentru tal-veleni tal-UE mas-servizz ta' notifika velo\u010bi u affidabbli tag\u0127na!","breadcrumb":{"@id":"https:\/\/www.ufi.eu\/mt\/product\/pcn-ufi-ghall-prodotti-tan-nutrizzjoni-tal-pjanti\/#breadcrumb"},"inLanguage":"mt-MT","potentialAction":[{"@type":"ReadAction","target":["https:\/\/www.ufi.eu\/mt\/product\/pcn-ufi-ghall-prodotti-tan-nutrizzjoni-tal-pjanti\/"]}]},{"@type":"ImageObject","inLanguage":"mt-MT","@id":"https:\/\/www.ufi.eu\/mt\/product\/pcn-ufi-ghall-prodotti-tan-nutrizzjoni-tal-pjanti\/#primaryimage","url":"https:\/\/www.ufi.eu\/wp-content\/uploads\/2025\/03\/PC-FER.jpg","contentUrl":"https:\/\/www.ufi.eu\/wp-content\/uploads\/2025\/03\/PC-FER.jpg","width":1024,"height":1024},{"@type":"BreadcrumbList","@id":"https:\/\/www.ufi.eu\/mt\/product\/pcn-ufi-ghall-prodotti-tan-nutrizzjoni-tal-pjanti\/#breadcrumb","itemListElement":[{"@type":"ListItem","position":1,"name":"Home","item":"https:\/\/www.ufi.eu\/mt\/dar\/"},{"@type":"ListItem","position":2,"name":"\u0126anut","item":"https:\/\/www.ufi.eu\/mt\/hanut\/"},{"@type":"ListItem","position":3,"name":"PCN &amp; UFI g\u0127all-Prodotti tan-Nutrizzjoni tal-Pjanti"}]},{"@type":"WebSite","@id":"https:\/\/www.ufi.eu\/mt\/#website","url":"https:\/\/www.ufi.eu\/mt\/","name":"UFI.EU","description":"Poison Centre Notifications (PCN) and UFI","publisher":{"@id":"https:\/\/www.ufi.eu\/mt\/#organization"},"potentialAction":[{"@type":"SearchAction","target":{"@type":"EntryPoint","urlTemplate":"https:\/\/www.ufi.eu\/mt\/?s={search_term_string}"},"query-input":{"@type":"PropertyValueSpecification","valueRequired":true,"valueName":"search_term_string"}}],"inLanguage":"mt-MT"},{"@type":"Organization","@id":"https:\/\/www.ufi.eu\/mt\/#organization","name":"UFI.EU","url":"https:\/\/www.ufi.eu\/mt\/","logo":{"@type":"ImageObject","inLanguage":"mt-MT","@id":"https:\/\/www.ufi.eu\/mt\/#\/schema\/logo\/image\/","url":"https:\/\/www.ufi.eu\/wp-content\/uploads\/2025\/03\/cropped-logo_ufi3.jpg","contentUrl":"https:\/\/www.ufi.eu\/wp-content\/uploads\/2025\/03\/cropped-logo_ufi3.jpg","width":231,"height":78,"caption":"UFI.EU"},"image":{"@id":"https:\/\/www.ufi.eu\/mt\/#\/schema\/logo\/image\/"},"description":"UFI.eu specializes in digital registrations for Poison Centre Notifications (PCN), ensuring your chemical products meet EU regulatory requirements effortlessly. Our streamlined solutions help businesses stay compliant while reducing complexity and administrative burden.","email":"info@ufi.eu","legalName":"UFI.EU"}]},"product_price_amount":"0.00","product_price_currency":"EUR","og_availability":"instock","product_availability":"instock","product_retailer_item_id":"PC-FER","product_condition":"new"},"_links":{"self":[{"href":"https:\/\/www.ufi.eu\/mt\/wp-json\/wp\/v2\/product\/22145","targetHints":{"allow":["GET"]}}],"collection":[{"href":"https:\/\/www.ufi.eu\/mt\/wp-json\/wp\/v2\/product"}],"about":[{"href":"https:\/\/www.ufi.eu\/mt\/wp-json\/wp\/v2\/types\/product"}],"wp:featuredmedia":[{"embeddable":true,"href":"https:\/\/www.ufi.eu\/mt\/wp-json\/wp\/v2\/media\/22146"}],"wp:attachment":[{"href":"https:\/\/www.ufi.eu\/mt\/wp-json\/wp\/v2\/media?parent=22145"}],"wp:term":[{"taxonomy":"product_brand","embeddable":true,"href":"https:\/\/www.ufi.eu\/mt\/wp-json\/wp\/v2\/product_brand?post=22145"},{"taxonomy":"product_cat","embeddable":true,"href":"https:\/\/www.ufi.eu\/mt\/wp-json\/wp\/v2\/product_cat?post=22145"},{"taxonomy":"product_tag","embeddable":true,"href":"https:\/\/www.ufi.eu\/mt\/wp-json\/wp\/v2\/product_tag?post=22145"}],"curies":[{"name":"wp","href":"https:\/\/api.w.org\/{rel}","templated":true}]}}