{"id":12836,"date":"2025-04-15T20:38:06","date_gmt":"2025-04-15T20:38:06","guid":{"rendered":"https:\/\/www.ufi.eu\/pcn\/uncategorized\/servizz-ta-holqien-ta-skeda-ta-data-tas-sigurta-msds-sds\/"},"modified":"2025-04-15T20:38:14","modified_gmt":"2025-04-15T20:38:14","slug":"servizz-ta-holqien-ta-skeda-ta-data-tas-sigurta-msds-sds","status":"publish","type":"product","link":"https:\/\/www.ufi.eu\/mt\/product\/servizz-ta-holqien-ta-skeda-ta-data-tas-sigurta-msds-sds\/","title":{"rendered":"Servizz ta&#8217; \u0126olqien ta&#8217; Skeda ta&#8217; Data tas-Sigurt\u00e0 (MSDS\/SDS)."},"content":{"rendered":"\n<p><strong>Skedi ta&#8217; Data tas-Sigurt\u00e0 miktuba professjonalment f&#8217;konformit\u00e0 s\u0127i\u0127a mar-Regolament tal-UE (REACH &amp; CLP)<\/strong><\/p>\n\n<p>A\u0127na nipprovdu <strong>Folji ta&#8217; Dejta ta&#8217; Sigurt\u00e0 (SDS)<\/strong> ippreparati b&#8217;mod espert \u2014 mag\u0127rufa wkoll b\u0127ala <strong>Folji ta&#8217; Dejta ta&#8217; Sigurt\u00e0 tal-Materjal (MSDS)<\/strong> \u2014 imfassla g\u0127all-prodott tieg\u0127ek u konformi mal-a\u0127\u0127ar regolamenti tal-UE. Kemm jekk qed timmanifattura ta\u0127litiet kimi\u010bi, timporta prodotti fl-UE, jew qed tqassam ta\u0127t tikketta privata, SDS konformi hija legalment me\u0127tie\u0121a u essenzjali g\u0127al u\u017cu sikur fil-katina tal-provvista kollha. <\/p>\n\n<h2 class=\"wp-block-heading\" id=\"h-what-is-an-safety-data-sheet-msds-sds-and-why-do-you-need-one\">X&#8217;inhi Skeda ta&#8217; Data ta&#8217; Sigurt\u00e0 (MSDS\/SDS) u G\u0127aliex G\u0127andek B\u017conn Wa\u0127da?<\/h2>\n\n<p><strong>Skeda ta&#8217; Data ta&#8217; Sigurt\u00e0<\/strong> hija dokument legalment me\u0127tie\u0121 li jipprovdi informazzjoni komprensiva dwar il-proprjetajiet ta&#8217; sustanza jew ta\u0127lita kimika. Ta\u0127t <strong>REACH (KE Nru 1907\/2006)<\/strong> u <strong><a href=\"https:\/\/www.ufi.eu\/mt\/pcn\/tikketta-clp\/holqien-tat-tikketti-clp-u-kontroll-tal-konformita\/\">CLP (KE Nru 1272\/2008)<\/a><\/strong> , il-fornituri g\u0127andhom jipprovdu SDS lil utenti downstream g\u0127al kwalunkwe prodott li huwa perikolu\u017c jew li fih sustanzi ta&#8217; t\u0127assib. <\/p>\n\n<p>In-nuqqas ta&#8217; forniment ta&#8217; SDS pre\u010bi\u017c u komplut jista&#8217; jwassal g\u0127al:<\/p>\n\n<ul class=\"wp-block-list\">\n<li><strong>Pieni legali<\/strong> jew dewmien doganali<\/li>\n\n\n\n<li><strong>Vje\u0121\u0121i mi\u010b\u0127uda<\/strong> jew imsie\u0127ba fin-negozju mitlufa<\/li>\n\n\n\n<li><strong>Riskju g\u0127as-sa\u0127\u0127a tal-bniedem u g\u0127all-ambjent<\/strong><\/li>\n<\/ul>\n\n<h2 class=\"wp-block-heading\" id=\"h-what-our-sds-creation-service-includes\">X&#8217;Jinkludi s-Servizz ta&#8217; \u0126olqien SDS tag\u0127na<\/h2>\n\n<h4 class=\"wp-block-heading\" id=\"h-1-fully-compliant-sds-creation-16-sections\">1. <strong>\u0126olqien ta&#8217; SDS Konformi bis-s\u0127i\u0127 (16-il Taqsima)<\/strong><\/h4>\n\n<p>A\u0127na no\u0127olqu l-SDS tieg\u0127ek mill-bidu bba\u017cat fuq il-formulazzjoni tal-prodott tieg\u0127ek u\/jew id-dejta e\u017cistenti, inklu\u017c:<\/p>\n\n<ul class=\"wp-block-list\">\n<li>Klassifikazzjoni tal-periklu u informazzjoni dwar it-tikkettar (konformi mas-CLP)<\/li>\n\n\n\n<li>Kompo\u017cizzjoni u \u017cvelar tal-ingredjenti<\/li>\n\n\n\n<li>Istruzzjonijiet siguri g\u0127all-immani\u0121\u0121jar, il-\u0127a\u017cna u t-trasport<\/li>\n\n\n\n<li>Mi\u017curi ta&#8217; l-ewwel g\u0127ajnuna, tifi tan-nar u rilaxx a\u010b\u010bidentali<\/li>\n\n\n\n<li>Referenzi regolatorji (REACH Anness II)<\/li>\n<\/ul>\n\n<p>Kull SDS titwassal skont <strong>l-Anness II ta&#8217; REACH<\/strong> , allinjat mal-a\u0127\u0127ar a\u0121\u0121ornamenti u klassifikazzjonijiet armonizzati.<\/p>\n\n<h4 class=\"wp-block-heading\" id=\"h-2-multilingual-sds-versions\">2. <strong>Ver\u017cjonijiet SDS multilingwi<\/strong><\/h4>\n\n<p>Noffru \u0127olqien ta&#8217; SDS f&#8217;diversi lingwi uffi\u010bjali tal-UE, lesti g\u0127al distribuzzjoni transkonfinali. Dan jinkludi: <\/p>\n\n<ul class=\"wp-block-list\">\n<li><a href=\"https:\/\/www.ufi.eu\/mt\/pcn\/skeda-ta-data-tas-sigurta\/traduzzjoni-tal-iskeda-tad-data-tas-sigurta\/\">MSDS Traduzzjonijiet<\/a> minn esperti familjari mat-terminolo\u0121ija kimika<\/li>\n\n\n\n<li>Adattamenti spe\u010bifi\u010bi g\u0127all-pajji\u017c meta me\u0127tie\u0121a (e\u017c. limiti nazzjonali ta&#8217; espo\u017cizzjoni)<\/li>\n<\/ul>\n\n<h4 class=\"wp-block-heading\" id=\"h-3-update-amp-conversion-service\">3. <strong>Servizz ta &#8216;A\u0121\u0121ornament u Konver\u017cjoni<\/strong><\/h4>\n\n<p>Di\u0121\u00e0 g\u0127andek SDS skadut jew mhux konformi? Nistg\u0127u: <\/p>\n\n<ul class=\"wp-block-list\">\n<li>Irrevedi u a\u0121\u0121orna l-folja e\u017cistenti tieg\u0127ek biex til\u0127aq l-istandards attwali<\/li>\n\n\n\n<li>Ikkonverti formati SDS mhux tal-UE (e\u017c. US OSHA) f&#8217;ver\u017cjonijiet konformi mar-REACH tal-UE<\/li>\n<\/ul>\n\n<h4 class=\"wp-block-heading\" id=\"h-4-optional-add-ons\">4. <strong>Add-Ons Fakultattivi<\/strong><\/h4>\n\n<ul class=\"wp-block-list\">\n<li><a href=\"https:\/\/www.ufi.eu\/mt\/pcn\/tikketta-clp\/holqien-tat-tikketti-clp-u-kontroll-tal-konformita\/\">\u0126olqien tat-tikketta CLP<\/a> biex taqbel mal-SDS<\/li>\n\n\n\n<li>\u0120enerazzjoni UFI u notifika PCN<\/li>\n\n\n\n<li>Klassifikazzjoni tal-prodott ibba\u017cata fuq materja prima jew listi tal-ingredjenti<\/li>\n<\/ul>\n\n<h2 class=\"wp-block-heading\" id=\"h-which-products-need-an-sds\">Liema Prodotti Je\u0127tie\u0121u SDS?<\/h2>\n\n<p>SDS hija me\u0127tie\u0121a jekk il-prodott tieg\u0127ek:<\/p>\n\n<ul class=\"wp-block-list\">\n<li>Huwa kklassifikat b\u0127ala perikolu\u017c (e\u017c. fjammabbli, irritanti, tossiku, korru\u017civ)<\/li>\n\n\n\n<li>Fih sustanzi li huma perikolu\u017ci jew elenkati fuq listi regolatorji spe\u010bifi\u010bi (e\u017c. SVHC)<\/li>\n\n\n\n<li>Huwa ma\u0127sub g\u0127al u\u017cu professjonali jew industrijali, anki jekk mhux ikklassifikat b\u0127ala perikolu\u017c<\/li>\n<\/ul>\n\n<p>Dan japplika g\u0127al firxa wiesg\u0127a ta&#8217; prodotti:<\/p>\n\n<ul class=\"wp-block-list\">\n<li>Fwejja\u0127 u ta\u0127litiet ta\u017c-\u017cejt essenzjali<\/li>\n\n\n\n<li>A\u0121enti tat-tindif u sprejs tal-wi\u010b\u010b<\/li>\n\n\n\n<li>\u017bebg\u0127a, kisjiet, u re\u017cini<\/li>\n\n\n\n<li>Ix-xama &#8216;tin\u0127all, sprejs tal-kamra, u deodoranti g\u0127all-arja<\/li>\n\n\n\n<li>Kimi\u010bi industrijali u intermedji<\/li>\n<\/ul>\n\n<h2 class=\"wp-block-heading\" id=\"h-who-is-this-service-for\">G\u0127al min Huwa Dan is-Servizz?<\/h2>\n\n<ul class=\"wp-block-list\">\n<li>Manifatturi u sidien tad-ditta ta &#8216;ta\u0127litiet kimi\u010bi<\/li>\n\n\n\n<li>Importaturi ta&#8217; prodotti minn barra l-UE<\/li>\n\n\n\n<li>Distributuri ta&#8217; tikketti privati \u200b\u200bu white-label<\/li>\n\n\n\n<li>Kumpaniji li jbig\u0127u o\u0121\u0121etti perikolu\u017ci permezz ta&#8217; swieq onlajn jew bl-imnut<\/li>\n<\/ul>\n\n<h2 class=\"wp-block-heading\" id=\"h-why-choose-ufi-eu\">G\u0127aliex Ag\u0127\u017cel UFI.EU?<\/h2>\n\n<ul class=\"wp-block-list\">\n<li><strong>Tim regolatorju b&#8217;esperjenza<\/strong> spe\u010bjalizzat f&#8217;CLP, REACH, u PCN<\/li>\n\n\n\n<li><strong>SDS pre\u010bi\u017ca u konformi bis-s\u0127i\u0127<\/strong> imfassla g\u0127all-prodott tieg\u0127ek<\/li>\n\n\n\n<li><strong>Appo\u0121\u0121 multilingwi<\/strong> g\u0127all-konformit\u00e0 mal-UE kollha<\/li>\n\n\n\n<li><strong>\u0126inijiet ta&#8217; tibdil mg\u0127a\u0121\u0121el<\/strong> u prezzijiet trasparenti<\/li>\n<\/ul>\n\n<h2 class=\"wp-block-heading\" id=\"h-how-it-works\">Kif Ta\u0127dem<\/h2>\n\n<ol class=\"wp-block-list\">\n<li><strong>Ibg\u0127at il-formulazzjoni tal-prodott tieg\u0127ek jew SDS e\u017cistenti<\/strong><\/li>\n\n\n\n<li><strong>A\u0127na nanalizzaw l-ingredjenti u nippreparaw l-SDS<\/strong><\/li>\n\n\n\n<li><strong>Ir\u010bievi dokument ifformattjat professjonalment lest g\u0127ad-distribuzzjoni jew ir-re\u0121istrazzjoni<\/strong><\/li>\n<\/ol>\n\n<h2 class=\"wp-block-heading\" id=\"h-order-your-sds-today\">Ordna l-SDS Tieg\u0127ek Illum<\/h2>\n\n<p>Kemm jekk g\u0127andek b\u017conn SDS \u0121did, a\u0121\u0121ornament, jew ver\u017cjonijiet multilingwi g\u0127al swieq differenti, <strong>UFI.EU<\/strong> huwa s-sie\u0127eb affidabbli tieg\u0127ek g\u0127all-konformit\u00e0 kimika.<br\/> <strong>Ordna s-servizz tal-\u0127olqien tal-SDS tieg\u0127ek issa u \u017comm kompletament konformi mal-li\u0121i tal-UE.<\/strong><\/p>\n","protected":false},"excerpt":{"rendered":"<p>Skedi ta&#8217; Data tas-Sigurt\u00e0 miktuba professjonalment f&#8217;konformit\u00e0 s\u0127i\u0127a mar-Regolament tal-UE (REACH &amp; CLP) A\u0127na nipprovdu Folji ta&#8217; Dejta ta&#8217; Sigurt\u00e0 (SDS) ippreparati b&#8217;mod espert \u2014 mag\u0127rufa wkoll b\u0127ala Folji ta&#8217; Dejta ta&#8217; Sigurt\u00e0 tal-Materjal (MSDS) \u2014 imfassla g\u0127all-prodott tieg\u0127ek u konformi mal-a\u0127\u0127ar regolamenti tal-UE. Kemm jekk qed timmanifattura ta\u0127litiet kimi\u010bi, timporta prodotti fl-UE, jew qed [&hellip;]<\/p>\n","protected":false},"featured_media":12460,"template":"","meta":[],"product_brand":[],"product_cat":[292],"product_tag":[],"class_list":{"0":"post-12836","1":"product","2":"type-product","3":"status-publish","4":"has-post-thumbnail","6":"product_cat-skeda-ta-data-tas-sigurta","8":"first","9":"instock","10":"virtual","11":"taxable","12":"purchasable","13":"product-type-bundle"},"bundled_by":[],"bundle_stock_status":"instock","bundle_stock_quantity":"","bundle_virtual":false,"bundle_layout":"default","bundle_add_to_cart_form_location":"default","bundle_editable_in_cart":false,"bundle_sold_individually_context":"product","bundle_item_grouping":"parent","bundle_min_size":"","bundle_max_size":"","bundle_price":{"price":{"min":{"incl_tax":"119.79","excl_tax":"99"},"max":{"incl_tax":"","excl_tax":""}},"regular_price":{"min":{"incl_tax":"119.79","excl_tax":"99"},"max":{"incl_tax":"","excl_tax":""}}},"bundled_items":[{"bundled_item_id":1425,"product_id":12457,"menu_order":0,"quantity_min":1,"quantity_max":1,"quantity_default":1,"priced_individually":true,"shipped_individually":true,"override_title":false,"title":null,"override_description":false,"description":null,"optional":false,"hide_thumbnail":false,"discount":"","override_variations":false,"allowed_variations":[""],"override_default_variation_attributes":false,"default_variation_attributes":[],"single_product_visibility":"visible","cart_visibility":"visible","order_visibility":"visible","single_product_price_visibility":"visible","cart_price_visibility":"visible","order_price_visibility":"visible","stock_status":"in_stock"},{"bundled_item_id":1426,"product_id":12477,"menu_order":1,"quantity_min":1,"quantity_max":"","quantity_default":1,"priced_individually":true,"shipped_individually":false,"override_title":false,"title":null,"override_description":false,"description":null,"optional":false,"hide_thumbnail":false,"discount":"","override_variations":false,"allowed_variations":[""],"override_default_variation_attributes":false,"default_variation_attributes":[],"single_product_visibility":"visible","cart_visibility":"visible","order_visibility":"visible","single_product_price_visibility":"visible","cart_price_visibility":"visible","order_price_visibility":"visible","stock_status":"in_stock"}],"bundle_sell_ids":[],"yoast_head":"<!-- This site is optimized with the Yoast SEO Premium plugin v25.1 (Yoast SEO v25.1) - https:\/\/yoast.com\/wordpress\/plugins\/seo\/ -->\n<title>Servizz ta&#039; \u0126olqien ta&#039; Skeda ta&#039; Data tas-Sigurt\u00e0 (MSDS\/SDS). - UFI<\/title>\n<meta name=\"description\" content=\"A\u0127na nipprovdu Folji ta&#039; Dejta ta&#039; Sigurt\u00e0 (SDS) ippreparati b&#039;mod espert \u2014 mag\u0127rufa wkoll b\u0127ala Folji ta&#039; Dejta ta&#039; Sigurt\u00e0 tal-Materjal (MSDS) \u2014 imfassla g\u0127all-prodott tieg\u0127ek u konformi mal-a\u0127\u0127ar regolamenti tal-UE.\" \/>\n<meta name=\"robots\" content=\"index, follow, max-snippet:-1, max-image-preview:large, max-video-preview:-1\" \/>\n<link rel=\"canonical\" href=\"https:\/\/www.ufi.eu\/mt\/product\/servizz-ta-holqien-ta-skeda-ta-data-tas-sigurta-msds-sds\/\" \/>\n<meta property=\"og:locale\" content=\"mt_MT\" \/>\n<meta property=\"og:type\" content=\"article\" \/>\n<meta property=\"og:title\" content=\"Servizz ta&#039; \u0126olqien ta&#039; Skeda ta&#039; Data tas-Sigurt\u00e0 (MSDS\/SDS).\" \/>\n<meta property=\"og:description\" content=\"A\u0127na nipprovdu Folji ta&#039; Dejta ta&#039; Sigurt\u00e0 (SDS) ippreparati b&#039;mod espert \u2014 mag\u0127rufa wkoll b\u0127ala Folji ta&#039; Dejta ta&#039; Sigurt\u00e0 tal-Materjal (MSDS) \u2014 imfassla g\u0127all-prodott tieg\u0127ek u konformi mal-a\u0127\u0127ar regolamenti tal-UE.\" \/>\n<meta property=\"og:url\" content=\"https:\/\/www.ufi.eu\/mt\/product\/servizz-ta-holqien-ta-skeda-ta-data-tas-sigurta-msds-sds\/\" \/>\n<meta property=\"og:site_name\" content=\"UFI\" \/>\n<meta property=\"article:modified_time\" content=\"2025-04-15T20:38:14+00:00\" \/>\n<meta property=\"og:image\" content=\"https:\/\/www.ufi.eu\/wp-content\/uploads\/2025\/03\/pcn_ufi.jpg\" \/>\n\t<meta property=\"og:image:width\" content=\"1024\" \/>\n\t<meta property=\"og:image:height\" content=\"1024\" \/>\n\t<meta property=\"og:image:type\" content=\"image\/jpeg\" \/>\n<meta name=\"twitter:card\" content=\"summary_large_image\" \/>\n<meta name=\"twitter:label1\" content=\"Price\" \/>\n\t<meta name=\"twitter:data1\" content=\"&euro;0.00\" \/>\n\t<meta name=\"twitter:label2\" content=\"Availability\" \/>\n\t<meta name=\"twitter:data2\" content=\"In stock\" \/>\n<script type=\"application\/ld+json\" class=\"yoast-schema-graph\">{\"@context\":\"https:\/\/schema.org\",\"@graph\":[{\"@type\":\"WebPage\",\"@id\":\"https:\/\/www.ufi.eu\/mt\/product\/servizz-ta-holqien-ta-skeda-ta-data-tas-sigurta-msds-sds\/\",\"url\":\"https:\/\/www.ufi.eu\/mt\/product\/servizz-ta-holqien-ta-skeda-ta-data-tas-sigurta-msds-sds\/\",\"name\":\"Servizz ta' \u0126olqien ta' Skeda ta' Data tas-Sigurt\u00e0 (MSDS\/SDS). - UFI\",\"isPartOf\":{\"@id\":\"https:\/\/www.ufi.eu\/mt\/#website\"},\"primaryImageOfPage\":{\"@id\":\"https:\/\/www.ufi.eu\/mt\/product\/servizz-ta-holqien-ta-skeda-ta-data-tas-sigurta-msds-sds\/#primaryimage\"},\"image\":{\"@id\":\"https:\/\/www.ufi.eu\/mt\/product\/servizz-ta-holqien-ta-skeda-ta-data-tas-sigurta-msds-sds\/#primaryimage\"},\"thumbnailUrl\":\"https:\/\/www.ufi.eu\/wp-content\/uploads\/2025\/03\/pcn_ufi.jpg\",\"datePublished\":\"2025-04-15T20:38:06+00:00\",\"dateModified\":\"2025-04-15T20:38:14+00:00\",\"description\":\"A\u0127na nipprovdu Folji ta' Dejta ta' Sigurt\u00e0 (SDS) ippreparati b'mod espert \u2014 mag\u0127rufa wkoll b\u0127ala Folji ta' Dejta ta' Sigurt\u00e0 tal-Materjal (MSDS) \u2014 imfassla g\u0127all-prodott tieg\u0127ek u konformi mal-a\u0127\u0127ar regolamenti tal-UE.\",\"breadcrumb\":{\"@id\":\"https:\/\/www.ufi.eu\/mt\/product\/servizz-ta-holqien-ta-skeda-ta-data-tas-sigurta-msds-sds\/#breadcrumb\"},\"inLanguage\":\"mt-MT\",\"potentialAction\":[{\"@type\":\"ReadAction\",\"target\":[\"https:\/\/www.ufi.eu\/mt\/product\/servizz-ta-holqien-ta-skeda-ta-data-tas-sigurta-msds-sds\/\"]}]},{\"@type\":\"ImageObject\",\"inLanguage\":\"mt-MT\",\"@id\":\"https:\/\/www.ufi.eu\/mt\/product\/servizz-ta-holqien-ta-skeda-ta-data-tas-sigurta-msds-sds\/#primaryimage\",\"url\":\"https:\/\/www.ufi.eu\/wp-content\/uploads\/2025\/03\/pcn_ufi.jpg\",\"contentUrl\":\"https:\/\/www.ufi.eu\/wp-content\/uploads\/2025\/03\/pcn_ufi.jpg\",\"width\":1024,\"height\":1024},{\"@type\":\"BreadcrumbList\",\"@id\":\"https:\/\/www.ufi.eu\/mt\/product\/servizz-ta-holqien-ta-skeda-ta-data-tas-sigurta-msds-sds\/#breadcrumb\",\"itemListElement\":[{\"@type\":\"ListItem\",\"position\":1,\"name\":\"Home\",\"item\":\"https:\/\/www.ufi.eu\/mt\/dar\/\"},{\"@type\":\"ListItem\",\"position\":2,\"name\":\"\u0126anut\",\"item\":\"https:\/\/www.ufi.eu\/mt\/hanut\/\"},{\"@type\":\"ListItem\",\"position\":3,\"name\":\"Servizz ta&#8217; \u0126olqien ta&#8217; Skeda ta&#8217; Data tas-Sigurt\u00e0 (MSDS\/SDS).\"}]},{\"@type\":\"WebSite\",\"@id\":\"https:\/\/www.ufi.eu\/mt\/#website\",\"url\":\"https:\/\/www.ufi.eu\/mt\/\",\"name\":\"UFI.EU\",\"description\":\"Poison Centre Notifications (PCN) and UFI\",\"publisher\":{\"@id\":\"https:\/\/www.ufi.eu\/mt\/#organization\"},\"potentialAction\":[{\"@type\":\"SearchAction\",\"target\":{\"@type\":\"EntryPoint\",\"urlTemplate\":\"https:\/\/www.ufi.eu\/mt\/?s={search_term_string}\"},\"query-input\":{\"@type\":\"PropertyValueSpecification\",\"valueRequired\":true,\"valueName\":\"search_term_string\"}}],\"inLanguage\":\"mt-MT\"},{\"@type\":\"Organization\",\"@id\":\"https:\/\/www.ufi.eu\/mt\/#organization\",\"name\":\"UFI.EU\",\"url\":\"https:\/\/www.ufi.eu\/mt\/\",\"logo\":{\"@type\":\"ImageObject\",\"inLanguage\":\"mt-MT\",\"@id\":\"https:\/\/www.ufi.eu\/mt\/#\/schema\/logo\/image\/\",\"url\":\"https:\/\/www.ufi.eu\/wp-content\/uploads\/2025\/03\/cropped-logo_ufi3.jpg\",\"contentUrl\":\"https:\/\/www.ufi.eu\/wp-content\/uploads\/2025\/03\/cropped-logo_ufi3.jpg\",\"width\":231,\"height\":78,\"caption\":\"UFI.EU\"},\"image\":{\"@id\":\"https:\/\/www.ufi.eu\/mt\/#\/schema\/logo\/image\/\"},\"description\":\"UFI.eu specializes in digital registrations for Poison Centre Notifications (PCN), ensuring your chemical products meet EU regulatory requirements effortlessly. Our streamlined solutions help businesses stay compliant while reducing complexity and administrative burden.\",\"email\":\"info@ufi.eu\",\"legalName\":\"UFI.EU\"}]}<\/script>\n<meta property=\"product:price:amount\" content=\"0.00\" \/>\n<meta property=\"product:price:currency\" content=\"EUR\" \/>\n<meta property=\"og:availability\" content=\"instock\" \/>\n<meta property=\"product:availability\" content=\"instock\" \/>\n<meta property=\"product:condition\" content=\"new\" \/>\n<!-- \/ Yoast SEO Premium plugin. -->","yoast_head_json":{"title":"Servizz ta' \u0126olqien ta' Skeda ta' Data tas-Sigurt\u00e0 (MSDS\/SDS). - UFI","description":"A\u0127na nipprovdu Folji ta' Dejta ta' Sigurt\u00e0 (SDS) ippreparati b'mod espert \u2014 mag\u0127rufa wkoll b\u0127ala Folji ta' Dejta ta' Sigurt\u00e0 tal-Materjal (MSDS) \u2014 imfassla g\u0127all-prodott tieg\u0127ek u konformi mal-a\u0127\u0127ar regolamenti tal-UE.","robots":{"index":"index","follow":"follow","max-snippet":"max-snippet:-1","max-image-preview":"max-image-preview:large","max-video-preview":"max-video-preview:-1"},"canonical":"https:\/\/www.ufi.eu\/mt\/product\/servizz-ta-holqien-ta-skeda-ta-data-tas-sigurta-msds-sds\/","og_locale":"mt_MT","og_type":"article","og_title":"Servizz ta' \u0126olqien ta' Skeda ta' Data tas-Sigurt\u00e0 (MSDS\/SDS).","og_description":"A\u0127na nipprovdu Folji ta' Dejta ta' Sigurt\u00e0 (SDS) ippreparati b'mod espert \u2014 mag\u0127rufa wkoll b\u0127ala Folji ta' Dejta ta' Sigurt\u00e0 tal-Materjal (MSDS) \u2014 imfassla g\u0127all-prodott tieg\u0127ek u konformi mal-a\u0127\u0127ar regolamenti tal-UE.","og_url":"https:\/\/www.ufi.eu\/mt\/product\/servizz-ta-holqien-ta-skeda-ta-data-tas-sigurta-msds-sds\/","og_site_name":"UFI","article_modified_time":"2025-04-15T20:38:14+00:00","og_image":[{"width":1024,"height":1024,"url":"https:\/\/www.ufi.eu\/wp-content\/uploads\/2025\/03\/pcn_ufi.jpg","type":"image\/jpeg"}],"twitter_card":"summary_large_image","twitter_misc":{"Price":"&euro;0.00","Availability":"In stock"},"schema":{"@context":"https:\/\/schema.org","@graph":[{"@type":"WebPage","@id":"https:\/\/www.ufi.eu\/mt\/product\/servizz-ta-holqien-ta-skeda-ta-data-tas-sigurta-msds-sds\/","url":"https:\/\/www.ufi.eu\/mt\/product\/servizz-ta-holqien-ta-skeda-ta-data-tas-sigurta-msds-sds\/","name":"Servizz ta' \u0126olqien ta' Skeda ta' Data tas-Sigurt\u00e0 (MSDS\/SDS). - UFI","isPartOf":{"@id":"https:\/\/www.ufi.eu\/mt\/#website"},"primaryImageOfPage":{"@id":"https:\/\/www.ufi.eu\/mt\/product\/servizz-ta-holqien-ta-skeda-ta-data-tas-sigurta-msds-sds\/#primaryimage"},"image":{"@id":"https:\/\/www.ufi.eu\/mt\/product\/servizz-ta-holqien-ta-skeda-ta-data-tas-sigurta-msds-sds\/#primaryimage"},"thumbnailUrl":"https:\/\/www.ufi.eu\/wp-content\/uploads\/2025\/03\/pcn_ufi.jpg","datePublished":"2025-04-15T20:38:06+00:00","dateModified":"2025-04-15T20:38:14+00:00","description":"A\u0127na nipprovdu Folji ta' Dejta ta' Sigurt\u00e0 (SDS) ippreparati b'mod espert \u2014 mag\u0127rufa wkoll b\u0127ala Folji ta' Dejta ta' Sigurt\u00e0 tal-Materjal (MSDS) \u2014 imfassla g\u0127all-prodott tieg\u0127ek u konformi mal-a\u0127\u0127ar regolamenti tal-UE.","breadcrumb":{"@id":"https:\/\/www.ufi.eu\/mt\/product\/servizz-ta-holqien-ta-skeda-ta-data-tas-sigurta-msds-sds\/#breadcrumb"},"inLanguage":"mt-MT","potentialAction":[{"@type":"ReadAction","target":["https:\/\/www.ufi.eu\/mt\/product\/servizz-ta-holqien-ta-skeda-ta-data-tas-sigurta-msds-sds\/"]}]},{"@type":"ImageObject","inLanguage":"mt-MT","@id":"https:\/\/www.ufi.eu\/mt\/product\/servizz-ta-holqien-ta-skeda-ta-data-tas-sigurta-msds-sds\/#primaryimage","url":"https:\/\/www.ufi.eu\/wp-content\/uploads\/2025\/03\/pcn_ufi.jpg","contentUrl":"https:\/\/www.ufi.eu\/wp-content\/uploads\/2025\/03\/pcn_ufi.jpg","width":1024,"height":1024},{"@type":"BreadcrumbList","@id":"https:\/\/www.ufi.eu\/mt\/product\/servizz-ta-holqien-ta-skeda-ta-data-tas-sigurta-msds-sds\/#breadcrumb","itemListElement":[{"@type":"ListItem","position":1,"name":"Home","item":"https:\/\/www.ufi.eu\/mt\/dar\/"},{"@type":"ListItem","position":2,"name":"\u0126anut","item":"https:\/\/www.ufi.eu\/mt\/hanut\/"},{"@type":"ListItem","position":3,"name":"Servizz ta&#8217; \u0126olqien ta&#8217; Skeda ta&#8217; Data tas-Sigurt\u00e0 (MSDS\/SDS)."}]},{"@type":"WebSite","@id":"https:\/\/www.ufi.eu\/mt\/#website","url":"https:\/\/www.ufi.eu\/mt\/","name":"UFI.EU","description":"Poison Centre Notifications (PCN) and UFI","publisher":{"@id":"https:\/\/www.ufi.eu\/mt\/#organization"},"potentialAction":[{"@type":"SearchAction","target":{"@type":"EntryPoint","urlTemplate":"https:\/\/www.ufi.eu\/mt\/?s={search_term_string}"},"query-input":{"@type":"PropertyValueSpecification","valueRequired":true,"valueName":"search_term_string"}}],"inLanguage":"mt-MT"},{"@type":"Organization","@id":"https:\/\/www.ufi.eu\/mt\/#organization","name":"UFI.EU","url":"https:\/\/www.ufi.eu\/mt\/","logo":{"@type":"ImageObject","inLanguage":"mt-MT","@id":"https:\/\/www.ufi.eu\/mt\/#\/schema\/logo\/image\/","url":"https:\/\/www.ufi.eu\/wp-content\/uploads\/2025\/03\/cropped-logo_ufi3.jpg","contentUrl":"https:\/\/www.ufi.eu\/wp-content\/uploads\/2025\/03\/cropped-logo_ufi3.jpg","width":231,"height":78,"caption":"UFI.EU"},"image":{"@id":"https:\/\/www.ufi.eu\/mt\/#\/schema\/logo\/image\/"},"description":"UFI.eu specializes in digital registrations for Poison Centre Notifications (PCN), ensuring your chemical products meet EU regulatory requirements effortlessly. Our streamlined solutions help businesses stay compliant while reducing complexity and administrative burden.","email":"info@ufi.eu","legalName":"UFI.EU"}]},"product_price_amount":"0.00","product_price_currency":"EUR","og_availability":"instock","product_availability":"instock","product_condition":"new"},"_links":{"self":[{"href":"https:\/\/www.ufi.eu\/mt\/wp-json\/wp\/v2\/product\/12836","targetHints":{"allow":["GET"]}}],"collection":[{"href":"https:\/\/www.ufi.eu\/mt\/wp-json\/wp\/v2\/product"}],"about":[{"href":"https:\/\/www.ufi.eu\/mt\/wp-json\/wp\/v2\/types\/product"}],"wp:featuredmedia":[{"embeddable":true,"href":"https:\/\/www.ufi.eu\/mt\/wp-json\/wp\/v2\/media\/12460"}],"wp:attachment":[{"href":"https:\/\/www.ufi.eu\/mt\/wp-json\/wp\/v2\/media?parent=12836"}],"wp:term":[{"taxonomy":"product_brand","embeddable":true,"href":"https:\/\/www.ufi.eu\/mt\/wp-json\/wp\/v2\/product_brand?post=12836"},{"taxonomy":"product_cat","embeddable":true,"href":"https:\/\/www.ufi.eu\/mt\/wp-json\/wp\/v2\/product_cat?post=12836"},{"taxonomy":"product_tag","embeddable":true,"href":"https:\/\/www.ufi.eu\/mt\/wp-json\/wp\/v2\/product_tag?post=12836"}],"curies":[{"name":"wp","href":"https:\/\/api.w.org\/{rel}","templated":true}]}}