{"id":12827,"date":"2025-04-15T20:37:47","date_gmt":"2025-04-15T20:37:47","guid":{"rendered":"https:\/\/www.ufi.eu\/pcn\/uncategorized\/pcn-ufi-ghal-kumpaniji-mhux-tal-ue\/"},"modified":"2025-04-15T20:37:54","modified_gmt":"2025-04-15T20:37:54","slug":"pcn-ufi-ghal-kumpaniji-mhux-tal-ue","status":"publish","type":"product","link":"https:\/\/www.ufi.eu\/mt\/product\/pcn-ufi-ghal-kumpaniji-mhux-tal-ue\/","title":{"rendered":"PCN &amp; UFI g\u0127al kumpaniji mhux tal-UE"},"content":{"rendered":"\n<p>L-espansjoni fis-suq tal-UE toffri opportunitajiet e\u010b\u010bitanti\u2014i\u017cda ti\u0121i wkoll b&#8217;obbligi regolatorji stretti. Jekk il-kumpanija tieg\u0127ek hija bba\u017cata barra l-UE\/\u017bEE jew l-Irlanda ta\u2019 Fuq u qed tippjana li tbig\u0127 ta\u0127litiet kimi\u010bi b\u0127al ko\u017cmeti\u010bi, prodotti tat-tindif, jew o\u0121\u0121etti o\u0127ra regolati fl-UE, ikollok b\u017conn tissodisfa rekwi\u017citi spe\u010bifi\u010bi ta\u2019 konformit\u00e0 skont ir-Regolament CLP (KE Nru 1272\/2008), inklu\u017c Notifika ta\u010b-\u010aentru tal-Velen (PCN) u l-u\u017cu ta\u2019 Identifikatur Uniku tal-Formula (UFI). <\/p>\n\n<p>B\u0127ala negozju mhux tal-UE, m&#8217;intix permess li tissottometti PCN direttament\u2014imma <strong>nistg\u0127u ng\u0127inu<\/strong> . Noffru appo\u0121\u0121 s\u0127i\u0127 bi <strong>gwida regolatorja u preparazzjoni ta&#8217; tikketta konformi<\/strong> , li ng\u0127inuk tinnaviga l-li\u0121ijiet tal-UE b&#8217;kunfidenza u tid\u0127ol fis-suq Ewropew b&#8217;mod professjonali u effi\u010bjenti. <\/p>\n\n<p>Jekk il-kumpanija tieg\u0127ek tinsab barra mill-UE\/\u017bEE jew l-Irlanda ta&#8217; Fuq, m&#8217;intix permess li tissottometti direttament Notifika ta\u010b-\u010aentru tal-Velen (PCN) ta\u0127t l-Anness VIII tar-Regolament (KE) Nru 1272\/2008 (Regolament CLP).  <\/p>\n\n<h2 class=\"wp-block-heading\" id=\"h-non-eu-companies-must-appoint-an-eu-based-contact\">Kumpaniji mhux tal-UE g\u0127andhom ja\u0127tru kuntatt ibba\u017cat fl-UE<\/h2>\n\n<p>Jekk jog\u0127\u0121bok innota: <strong>Kumpaniji mhux tal-UE mhumiex permessi jissottomettu PCN huma stess.<\/strong><br\/> Biex tikkonforma mal-li\u0121i tal-UE, trid ta\u0127tar:<\/p>\n\n<ul class=\"wp-block-list\">\n<li><strong>Importatur tal-UE<\/strong> , jew<\/li>\n\n\n\n<li><strong>\u201cUtent Downstream\u201d jew Rappre\u017centant Uniku bba\u017cat fl-UE<\/strong><\/li>\n<\/ul>\n\n<p>Din l-entit\u00e0 ma\u0127tura tkun responsabbli g\u0127as-sottomissjoni tal-PCN u g\u0127andha tkun elenkata fin-notifika. Nistg\u0127u ng\u0127inuk biex tag\u0127mel il-prodott tieg\u0127ek konformi. <\/p>\n\n<h2 class=\"wp-block-heading\">Kif ja\u0127dem is-servizz tal-\u0127olqien tal-UFI u tan-notifika tal-PCN?<\/h2>\n\n<p>Wara li tixtri dan is-servizz, tir\u010bievi a\u010b\u010bess g\u0127all-portal sigur. Dan il-portal fih \u0127arsa \u0121enerali tal-passi kollha.  Int timla d-dettalji tal-prodott tieg\u0127ek u a\u0127na nibdew na\u0127dmu.<\/p>\n\n<h3 class=\"wp-block-heading\">Notifika ta\u010b-\u010aentru tal-Velenu u UFI<\/h3>\n\n<p>A\u0127na ser nipprovdu:<\/p>\n\n<ul class=\"wp-block-list\">\n<li>L-Identifikatur Uniku tal-Formula (UFI) tal-prodott tieg\u0127ek<\/li>\n\n\n\n<li>Rapport tan-Notifika ta\u010b-\u010aentru tal-Velen (PCN).<\/li>\n\n\n\n<li>Re\u0121istrazzjoni tal-prodott tieg\u0127ek ma\u010b-\u010aentri tal-Veleni nazzjonali rilevanti permezz tal-ECHA.<\/li>\n<\/ul>\n\n<h3 class=\"wp-block-heading\">Pajji\u017ci g\u0127ar-re\u0121istrazzjoni PCN<\/h3>\n\n<p>G\u0127add in-numru ta&#8217; pajji\u017ci li fihom trid tirre\u0121istra l-prodott tieg\u0127ek. Int tkun tista&#8217; tag\u0127\u017cel il-pajji\u017ci spe\u010bifi\u010bi fi \u0127dan il-portal. Pajji\u017ci addizzjonali jistg\u0127u ji\u017cdiedu f&#8217;data aktar tard, u dejjem tista&#8217; tordna <a href=\"https:\/\/www.ufi.eu\/mt\/pcn\/pajjizi\/pajjizi-ghar-registrazzjoni-pcn\/\" target=\"_blank\" rel=\"noreferrer noopener\">re\u0121istrazzjonijiet ta&#8217; pajji\u017ci PCN<\/a> addizzjonali.  <\/p>\n\n<h3 class=\"wp-block-heading\">Informazzjoni tat-Tikketta CLP<\/h3>\n\n<p>Noffru l-g\u0127a\u017cla li nixtru tikketta tal-prodott konformi mas-CLP, li jkun fiha l-informazzjoni obbligatorja kollha kif me\u0127tie\u0121 mir-Regolament CLP tal-UE. Dan se ji\u0121i pprovdut b\u0127ala PDF, li jippermettilek tintegra l-informazzjoni me\u0127tie\u0121a fid-disinn tat-tikketta tal-prodott tieg\u0127ek. Tista&#8217; wkoll tordna l- <a href=\"https:\/\/www.ufi.eu\/mt\/pcn\/tikketta-clp\/holqien-tat-tikketti-clp-u-kontroll-tal-konformita\/\" target=\"_blank\" rel=\"noreferrer noopener\">informazzjoni tat-tikketta CLP<\/a> separatament. Di\u0121\u00e0 g\u0127andek tikketta? \u2014 Nistg\u0127u nirrevedu t-tikketta tieg\u0127ek skont ir-rekwi\u017citi attwali tas-CLP. A\u0127na ser nipprovdu feedback u korrezzjonijiet dettaljati biex ni\u017cguraw li t-tikketta tieg\u0127ek tissodisfa l-istandards regolatorji kollha.     <\/p>\n","protected":false},"excerpt":{"rendered":"<p>L-espansjoni fis-suq tal-UE toffri opportunitajiet e\u010b\u010bitanti\u2014i\u017cda ti\u0121i wkoll b&#8217;obbligi regolatorji stretti. Jekk il-kumpanija tieg\u0127ek hija bba\u017cata barra l-UE\/\u017bEE jew l-Irlanda ta\u2019 Fuq u qed tippjana li tbig\u0127 ta\u0127litiet kimi\u010bi b\u0127al ko\u017cmeti\u010bi, prodotti tat-tindif, jew o\u0121\u0121etti o\u0127ra regolati fl-UE, ikollok b\u017conn tissodisfa rekwi\u017citi spe\u010bifi\u010bi ta\u2019 konformit\u00e0 skont ir-Regolament CLP (KE Nru 1272\/2008), inklu\u017c Notifika ta\u010b-\u010aentru tal-Velen [&hellip;]<\/p>\n","protected":false},"featured_media":12460,"template":"","meta":[],"product_brand":[],"product_cat":[434],"product_tag":[],"class_list":{"0":"post-12827","1":"product","2":"type-product","3":"status-publish","4":"has-post-thumbnail","6":"product_cat-barra-mill-ue","8":"first","9":"instock","10":"virtual","11":"taxable","12":"purchasable","13":"product-type-bundle"},"bundled_by":[],"bundle_stock_status":"instock","bundle_stock_quantity":"","bundle_virtual":false,"bundle_layout":"default","bundle_add_to_cart_form_location":"default","bundle_editable_in_cart":false,"bundle_sold_individually_context":"product","bundle_item_grouping":"parent","bundle_min_size":"","bundle_max_size":"","bundle_price":{"price":{"min":{"incl_tax":"78.65","excl_tax":"65"},"max":{"incl_tax":"","excl_tax":""}},"regular_price":{"min":{"incl_tax":"78.65","excl_tax":"65"},"max":{"incl_tax":"","excl_tax":""}}},"bundled_items":[{"bundled_item_id":1402,"product_id":12528,"menu_order":0,"quantity_min":1,"quantity_max":1,"quantity_default":1,"priced_individually":true,"shipped_individually":true,"override_title":false,"title":null,"override_description":false,"description":null,"optional":false,"hide_thumbnail":false,"discount":"","override_variations":false,"allowed_variations":[""],"override_default_variation_attributes":false,"default_variation_attributes":[],"single_product_visibility":"visible","cart_visibility":"visible","order_visibility":"visible","single_product_price_visibility":"visible","cart_price_visibility":"visible","order_price_visibility":"visible","stock_status":"in_stock"},{"bundled_item_id":1403,"product_id":12534,"menu_order":1,"quantity_min":0,"quantity_max":"","quantity_default":0,"priced_individually":true,"shipped_individually":true,"override_title":false,"title":null,"override_description":false,"description":null,"optional":false,"hide_thumbnail":false,"discount":"","override_variations":false,"allowed_variations":[""],"override_default_variation_attributes":false,"default_variation_attributes":[],"single_product_visibility":"visible","cart_visibility":"visible","order_visibility":"visible","single_product_price_visibility":"visible","cart_price_visibility":"visible","order_price_visibility":"visible","stock_status":"in_stock"},{"bundled_item_id":1404,"product_id":12776,"menu_order":2,"quantity_min":1,"quantity_max":1,"quantity_default":1,"priced_individually":true,"shipped_individually":true,"override_title":false,"title":null,"override_description":false,"description":null,"optional":true,"hide_thumbnail":false,"discount":"","override_variations":false,"allowed_variations":[""],"override_default_variation_attributes":false,"default_variation_attributes":[],"single_product_visibility":"visible","cart_visibility":"visible","order_visibility":"visible","single_product_price_visibility":"visible","cart_price_visibility":"visible","order_price_visibility":"visible","stock_status":"in_stock"}],"bundle_sell_ids":[],"yoast_head":"<!-- This site is optimized with the Yoast SEO Premium plugin v25.1 (Yoast SEO v25.1) - https:\/\/yoast.com\/wordpress\/plugins\/seo\/ -->\n<title>PCN &amp; UFI g\u0127al kumpaniji mhux tal-UE - UFI<\/title>\n<meta name=\"description\" content=\"A\u0127na nappo\u0121\u0121jaw mal-PCN u l-UFI g\u0127al kumpaniji mhux tal-UE. Kumpaniji bba\u017cati barra l-UE\/\u017bEE jew l-Irlanda ta&#039; Fuq.\" \/>\n<meta name=\"robots\" content=\"index, follow, max-snippet:-1, max-image-preview:large, max-video-preview:-1\" \/>\n<link rel=\"canonical\" href=\"https:\/\/www.ufi.eu\/mt\/product\/pcn-ufi-ghal-kumpaniji-mhux-tal-ue\/\" \/>\n<meta property=\"og:locale\" content=\"mt_MT\" \/>\n<meta property=\"og:type\" content=\"article\" \/>\n<meta property=\"og:title\" content=\"PCN &amp; UFI g\u0127al kumpaniji mhux tal-UE\" \/>\n<meta property=\"og:description\" content=\"A\u0127na nappo\u0121\u0121jaw mal-PCN u l-UFI g\u0127al kumpaniji mhux tal-UE. Kumpaniji bba\u017cati barra l-UE\/\u017bEE jew l-Irlanda ta&#039; Fuq.\" \/>\n<meta property=\"og:url\" content=\"https:\/\/www.ufi.eu\/mt\/product\/pcn-ufi-ghal-kumpaniji-mhux-tal-ue\/\" \/>\n<meta property=\"og:site_name\" content=\"UFI\" \/>\n<meta property=\"article:modified_time\" content=\"2025-04-15T20:37:54+00:00\" \/>\n<meta property=\"og:image\" content=\"https:\/\/www.ufi.eu\/wp-content\/uploads\/2025\/03\/pcn_ufi.jpg\" \/>\n\t<meta property=\"og:image:width\" content=\"1024\" \/>\n\t<meta property=\"og:image:height\" content=\"1024\" \/>\n\t<meta property=\"og:image:type\" content=\"image\/jpeg\" \/>\n<meta name=\"twitter:card\" content=\"summary_large_image\" \/>\n<meta name=\"twitter:label1\" content=\"Price\" \/>\n\t<meta name=\"twitter:data1\" content=\"&euro;0.00\" \/>\n\t<meta name=\"twitter:label2\" content=\"Availability\" \/>\n\t<meta name=\"twitter:data2\" content=\"In stock\" \/>\n<script type=\"application\/ld+json\" class=\"yoast-schema-graph\">{\"@context\":\"https:\/\/schema.org\",\"@graph\":[{\"@type\":\"WebPage\",\"@id\":\"https:\/\/www.ufi.eu\/mt\/product\/pcn-ufi-ghal-kumpaniji-mhux-tal-ue\/\",\"url\":\"https:\/\/www.ufi.eu\/mt\/product\/pcn-ufi-ghal-kumpaniji-mhux-tal-ue\/\",\"name\":\"PCN &amp; UFI g\u0127al kumpaniji mhux tal-UE - UFI\",\"isPartOf\":{\"@id\":\"https:\/\/www.ufi.eu\/mt\/#website\"},\"primaryImageOfPage\":{\"@id\":\"https:\/\/www.ufi.eu\/mt\/product\/pcn-ufi-ghal-kumpaniji-mhux-tal-ue\/#primaryimage\"},\"image\":{\"@id\":\"https:\/\/www.ufi.eu\/mt\/product\/pcn-ufi-ghal-kumpaniji-mhux-tal-ue\/#primaryimage\"},\"thumbnailUrl\":\"https:\/\/www.ufi.eu\/wp-content\/uploads\/2025\/03\/pcn_ufi.jpg\",\"datePublished\":\"2025-04-15T20:37:47+00:00\",\"dateModified\":\"2025-04-15T20:37:54+00:00\",\"description\":\"A\u0127na nappo\u0121\u0121jaw mal-PCN u l-UFI g\u0127al kumpaniji mhux tal-UE. Kumpaniji bba\u017cati barra l-UE\/\u017bEE jew l-Irlanda ta' Fuq.\",\"breadcrumb\":{\"@id\":\"https:\/\/www.ufi.eu\/mt\/product\/pcn-ufi-ghal-kumpaniji-mhux-tal-ue\/#breadcrumb\"},\"inLanguage\":\"mt-MT\",\"potentialAction\":[{\"@type\":\"ReadAction\",\"target\":[\"https:\/\/www.ufi.eu\/mt\/product\/pcn-ufi-ghal-kumpaniji-mhux-tal-ue\/\"]}]},{\"@type\":\"ImageObject\",\"inLanguage\":\"mt-MT\",\"@id\":\"https:\/\/www.ufi.eu\/mt\/product\/pcn-ufi-ghal-kumpaniji-mhux-tal-ue\/#primaryimage\",\"url\":\"https:\/\/www.ufi.eu\/wp-content\/uploads\/2025\/03\/pcn_ufi.jpg\",\"contentUrl\":\"https:\/\/www.ufi.eu\/wp-content\/uploads\/2025\/03\/pcn_ufi.jpg\",\"width\":1024,\"height\":1024},{\"@type\":\"BreadcrumbList\",\"@id\":\"https:\/\/www.ufi.eu\/mt\/product\/pcn-ufi-ghal-kumpaniji-mhux-tal-ue\/#breadcrumb\",\"itemListElement\":[{\"@type\":\"ListItem\",\"position\":1,\"name\":\"Home\",\"item\":\"https:\/\/www.ufi.eu\/mt\/dar\/\"},{\"@type\":\"ListItem\",\"position\":2,\"name\":\"\u0126anut\",\"item\":\"https:\/\/www.ufi.eu\/mt\/hanut\/\"},{\"@type\":\"ListItem\",\"position\":3,\"name\":\"PCN &amp; UFI g\u0127al kumpaniji mhux tal-UE\"}]},{\"@type\":\"WebSite\",\"@id\":\"https:\/\/www.ufi.eu\/mt\/#website\",\"url\":\"https:\/\/www.ufi.eu\/mt\/\",\"name\":\"UFI.EU\",\"description\":\"Poison Centre Notifications (PCN) and UFI\",\"publisher\":{\"@id\":\"https:\/\/www.ufi.eu\/mt\/#organization\"},\"potentialAction\":[{\"@type\":\"SearchAction\",\"target\":{\"@type\":\"EntryPoint\",\"urlTemplate\":\"https:\/\/www.ufi.eu\/mt\/?s={search_term_string}\"},\"query-input\":{\"@type\":\"PropertyValueSpecification\",\"valueRequired\":true,\"valueName\":\"search_term_string\"}}],\"inLanguage\":\"mt-MT\"},{\"@type\":\"Organization\",\"@id\":\"https:\/\/www.ufi.eu\/mt\/#organization\",\"name\":\"UFI.EU\",\"url\":\"https:\/\/www.ufi.eu\/mt\/\",\"logo\":{\"@type\":\"ImageObject\",\"inLanguage\":\"mt-MT\",\"@id\":\"https:\/\/www.ufi.eu\/mt\/#\/schema\/logo\/image\/\",\"url\":\"https:\/\/www.ufi.eu\/wp-content\/uploads\/2025\/03\/cropped-logo_ufi3.jpg\",\"contentUrl\":\"https:\/\/www.ufi.eu\/wp-content\/uploads\/2025\/03\/cropped-logo_ufi3.jpg\",\"width\":231,\"height\":78,\"caption\":\"UFI.EU\"},\"image\":{\"@id\":\"https:\/\/www.ufi.eu\/mt\/#\/schema\/logo\/image\/\"},\"description\":\"UFI.eu specializes in digital registrations for Poison Centre Notifications (PCN), ensuring your chemical products meet EU regulatory requirements effortlessly. Our streamlined solutions help businesses stay compliant while reducing complexity and administrative burden.\",\"email\":\"info@ufi.eu\",\"legalName\":\"UFI.EU\"}]}<\/script>\n<meta property=\"product:price:amount\" content=\"0.00\" \/>\n<meta property=\"product:price:currency\" content=\"EUR\" \/>\n<meta property=\"og:availability\" content=\"instock\" \/>\n<meta property=\"product:availability\" content=\"instock\" \/>\n<meta property=\"product:condition\" content=\"new\" \/>\n<!-- \/ Yoast SEO Premium plugin. -->","yoast_head_json":{"title":"PCN &amp; UFI g\u0127al kumpaniji mhux tal-UE - UFI","description":"A\u0127na nappo\u0121\u0121jaw mal-PCN u l-UFI g\u0127al kumpaniji mhux tal-UE. Kumpaniji bba\u017cati barra l-UE\/\u017bEE jew l-Irlanda ta' Fuq.","robots":{"index":"index","follow":"follow","max-snippet":"max-snippet:-1","max-image-preview":"max-image-preview:large","max-video-preview":"max-video-preview:-1"},"canonical":"https:\/\/www.ufi.eu\/mt\/product\/pcn-ufi-ghal-kumpaniji-mhux-tal-ue\/","og_locale":"mt_MT","og_type":"article","og_title":"PCN &amp; UFI g\u0127al kumpaniji mhux tal-UE","og_description":"A\u0127na nappo\u0121\u0121jaw mal-PCN u l-UFI g\u0127al kumpaniji mhux tal-UE. Kumpaniji bba\u017cati barra l-UE\/\u017bEE jew l-Irlanda ta' Fuq.","og_url":"https:\/\/www.ufi.eu\/mt\/product\/pcn-ufi-ghal-kumpaniji-mhux-tal-ue\/","og_site_name":"UFI","article_modified_time":"2025-04-15T20:37:54+00:00","og_image":[{"width":1024,"height":1024,"url":"https:\/\/www.ufi.eu\/wp-content\/uploads\/2025\/03\/pcn_ufi.jpg","type":"image\/jpeg"}],"twitter_card":"summary_large_image","twitter_misc":{"Price":"&euro;0.00","Availability":"In stock"},"schema":{"@context":"https:\/\/schema.org","@graph":[{"@type":"WebPage","@id":"https:\/\/www.ufi.eu\/mt\/product\/pcn-ufi-ghal-kumpaniji-mhux-tal-ue\/","url":"https:\/\/www.ufi.eu\/mt\/product\/pcn-ufi-ghal-kumpaniji-mhux-tal-ue\/","name":"PCN &amp; UFI g\u0127al kumpaniji mhux tal-UE - UFI","isPartOf":{"@id":"https:\/\/www.ufi.eu\/mt\/#website"},"primaryImageOfPage":{"@id":"https:\/\/www.ufi.eu\/mt\/product\/pcn-ufi-ghal-kumpaniji-mhux-tal-ue\/#primaryimage"},"image":{"@id":"https:\/\/www.ufi.eu\/mt\/product\/pcn-ufi-ghal-kumpaniji-mhux-tal-ue\/#primaryimage"},"thumbnailUrl":"https:\/\/www.ufi.eu\/wp-content\/uploads\/2025\/03\/pcn_ufi.jpg","datePublished":"2025-04-15T20:37:47+00:00","dateModified":"2025-04-15T20:37:54+00:00","description":"A\u0127na nappo\u0121\u0121jaw mal-PCN u l-UFI g\u0127al kumpaniji mhux tal-UE. Kumpaniji bba\u017cati barra l-UE\/\u017bEE jew l-Irlanda ta' Fuq.","breadcrumb":{"@id":"https:\/\/www.ufi.eu\/mt\/product\/pcn-ufi-ghal-kumpaniji-mhux-tal-ue\/#breadcrumb"},"inLanguage":"mt-MT","potentialAction":[{"@type":"ReadAction","target":["https:\/\/www.ufi.eu\/mt\/product\/pcn-ufi-ghal-kumpaniji-mhux-tal-ue\/"]}]},{"@type":"ImageObject","inLanguage":"mt-MT","@id":"https:\/\/www.ufi.eu\/mt\/product\/pcn-ufi-ghal-kumpaniji-mhux-tal-ue\/#primaryimage","url":"https:\/\/www.ufi.eu\/wp-content\/uploads\/2025\/03\/pcn_ufi.jpg","contentUrl":"https:\/\/www.ufi.eu\/wp-content\/uploads\/2025\/03\/pcn_ufi.jpg","width":1024,"height":1024},{"@type":"BreadcrumbList","@id":"https:\/\/www.ufi.eu\/mt\/product\/pcn-ufi-ghal-kumpaniji-mhux-tal-ue\/#breadcrumb","itemListElement":[{"@type":"ListItem","position":1,"name":"Home","item":"https:\/\/www.ufi.eu\/mt\/dar\/"},{"@type":"ListItem","position":2,"name":"\u0126anut","item":"https:\/\/www.ufi.eu\/mt\/hanut\/"},{"@type":"ListItem","position":3,"name":"PCN &amp; UFI g\u0127al kumpaniji mhux tal-UE"}]},{"@type":"WebSite","@id":"https:\/\/www.ufi.eu\/mt\/#website","url":"https:\/\/www.ufi.eu\/mt\/","name":"UFI.EU","description":"Poison Centre Notifications (PCN) and UFI","publisher":{"@id":"https:\/\/www.ufi.eu\/mt\/#organization"},"potentialAction":[{"@type":"SearchAction","target":{"@type":"EntryPoint","urlTemplate":"https:\/\/www.ufi.eu\/mt\/?s={search_term_string}"},"query-input":{"@type":"PropertyValueSpecification","valueRequired":true,"valueName":"search_term_string"}}],"inLanguage":"mt-MT"},{"@type":"Organization","@id":"https:\/\/www.ufi.eu\/mt\/#organization","name":"UFI.EU","url":"https:\/\/www.ufi.eu\/mt\/","logo":{"@type":"ImageObject","inLanguage":"mt-MT","@id":"https:\/\/www.ufi.eu\/mt\/#\/schema\/logo\/image\/","url":"https:\/\/www.ufi.eu\/wp-content\/uploads\/2025\/03\/cropped-logo_ufi3.jpg","contentUrl":"https:\/\/www.ufi.eu\/wp-content\/uploads\/2025\/03\/cropped-logo_ufi3.jpg","width":231,"height":78,"caption":"UFI.EU"},"image":{"@id":"https:\/\/www.ufi.eu\/mt\/#\/schema\/logo\/image\/"},"description":"UFI.eu specializes in digital registrations for Poison Centre Notifications (PCN), ensuring your chemical products meet EU regulatory requirements effortlessly. Our streamlined solutions help businesses stay compliant while reducing complexity and administrative burden.","email":"info@ufi.eu","legalName":"UFI.EU"}]},"product_price_amount":"0.00","product_price_currency":"EUR","og_availability":"instock","product_availability":"instock","product_condition":"new"},"_links":{"self":[{"href":"https:\/\/www.ufi.eu\/mt\/wp-json\/wp\/v2\/product\/12827","targetHints":{"allow":["GET"]}}],"collection":[{"href":"https:\/\/www.ufi.eu\/mt\/wp-json\/wp\/v2\/product"}],"about":[{"href":"https:\/\/www.ufi.eu\/mt\/wp-json\/wp\/v2\/types\/product"}],"wp:featuredmedia":[{"embeddable":true,"href":"https:\/\/www.ufi.eu\/mt\/wp-json\/wp\/v2\/media\/12460"}],"wp:attachment":[{"href":"https:\/\/www.ufi.eu\/mt\/wp-json\/wp\/v2\/media?parent=12827"}],"wp:term":[{"taxonomy":"product_brand","embeddable":true,"href":"https:\/\/www.ufi.eu\/mt\/wp-json\/wp\/v2\/product_brand?post=12827"},{"taxonomy":"product_cat","embeddable":true,"href":"https:\/\/www.ufi.eu\/mt\/wp-json\/wp\/v2\/product_cat?post=12827"},{"taxonomy":"product_tag","embeddable":true,"href":"https:\/\/www.ufi.eu\/mt\/wp-json\/wp\/v2\/product_tag?post=12827"}],"curies":[{"name":"wp","href":"https:\/\/api.w.org\/{rel}","templated":true}]}}