{"id":12767,"date":"2025-04-05T15:24:57","date_gmt":"2025-04-15T20:26:09","guid":{"rendered":"https:\/\/www.ufi.eu\/pcn\/uncategorized\/holqien-tat-tikketti-clp-kontroll-tal-konformita-ghad-detergenti\/"},"modified":"2025-04-28T12:21:24","modified_gmt":"2025-04-28T12:21:24","slug":"holqien-tat-tikketti-clp-kontroll-tal-konformita-ghad-detergenti","status":"publish","type":"product","link":"https:\/\/www.ufi.eu\/mt\/product\/holqien-tat-tikketti-clp-kontroll-tal-konformita-ghad-detergenti\/","title":{"rendered":"\u0126olqien tat-Tikketti CLP &amp; Kontroll tal-Konformit\u00e0 g\u0127ad-Deter\u0121enti"},"content":{"rendered":"<p><strong>\u017bgura konformit\u00e0 s\u0127i\u0127a mar-Regolament CLP u tad-Deter\u0121enti bis-servizz espert tag\u0127na.<\/strong><\/p><p>A\u0127na nispe\u010bjalizzaw biex ng\u0127inu lill-kumpaniji jissodisfaw ir-rekwi\u017citi legali g\u0127at-tqeg\u0127id ta&#8217; prodotti tad-deter\u0121ent fis-suq Ewropew. Is-servizz tag\u0127na ta&#8217; \u0127olqien u verifika tat-tikketti CLP ji\u017cgura li t-tikketti tal-prodott tieg\u0127ek huma kompletament konformi kemm mar <strong>-Regolament CLP (KE Nru 1272\/2008)<\/strong> kif ukoll <strong>mar-Regolament tad-Deter\u0121enti (KE Nru 648\/2004)<\/strong> . <\/p><h2 class=\"wp-block-heading\" id=\"h-why-correct-labeling-for-detergents-is-crucial\">G\u0127aliex It-Tikkettar Korrett g\u0127ad-Deter\u0121enti huwa kru\u010bjali<\/h2><p>Id-deter\u0121enti huma su\u0121\u0121etti g\u0127al \u017cew\u0121 regolamenti Ewropej ewlenin:<\/p><ul class=\"wp-block-list\"><li><strong>Regolament CLP<\/strong> , li jirregola l-klassifikazzjoni, it-tikkettar, u l-ippakkjar ta\u2019 sustanzi u ta\u0127litiet perikolu\u017ci.<\/li>\n\n<li><strong>Regolament dwar id-Deter\u0121enti<\/strong> , li j\u017cid obbligi spe\u010bifi\u010bi ta&#8217; tikkettar g\u0127all-prodotti tad-deter\u0121enti, spe\u010bjalment dawk u\u017cati mill-konsumaturi.<\/li><\/ul><p>In-nuqqas ta&#8217; konformit\u00e0 jista&#8217; jwassal g\u0127al sej\u0127a lura ta&#8217; prodotti, multi, jew sa\u0127ansitra projbizzjonijiet tas-suq. It-tim tag\u0127na ji\u017cgura li t-tikketti tieg\u0127ek huma pre\u010bi\u017ci, kompluti u legalment difi\u017cibbli. <\/p><h2 class=\"wp-block-heading\" id=\"h-what-we-offer\">Dak li Noffru<\/h2><h4 class=\"wp-block-heading\" id=\"h-1-clp-label-creation-for-detergents\">1. <strong>\u0126olqien tat-Tikketti CLP g\u0127ad-Deter\u0121enti<\/strong><\/h4><p>A\u0127na nippreparaw it-tikketta tal-prodott tieg\u0127ek ibba\u017cata fuq il-klassifikazzjoni spe\u010bifika tal-periklu tal-formulazzjoni tad-deter\u0121ent tieg\u0127ek. Dan jinkludi: <\/p><ul class=\"wp-block-list\"><li>G\u0127a\u017cla tal <strong>-pittogrammi ta&#8217; periklu<\/strong> korretti, <strong>kliem ta&#8217; sinjal<\/strong> , <strong>fra\u017cijiet-H<\/strong> , u <strong>fra\u017cijiet-P<\/strong> .<\/li>\n\n<li><strong>It-tqeg\u0127id u l-ifformattjar korretti tal-UFI<\/strong> (jekk applikabbli).<\/li>\n\n<li>Fornitur obbligatorju u dettalji ta&#8217; identifikazzjoni tal-prodott.<\/li><\/ul><h4 class=\"wp-block-heading\" id=\"h-2-label-check-for-existing-detergent-products\">2. <strong>I\u010b\u010bekkja Tikketta g\u0127al Prodotti Deter\u0121enti E\u017cistenti<\/strong><\/h4><p>Di\u0121\u00e0 g\u0127andek tikketta? A\u0127na nirrevedu u nivverifikaw: <\/p><ul class=\"wp-block-list\"><li>Klassifikazzjoni xierqa tal-periklu ta\u0127t CLP.<\/li>\n\n<li>Ittikketta t-test u l-format kontra r-regolamenti attwali.<\/li>\n\n<li>Rekwi\u017citi spe\u010bifi\u010bi g\u0127ad-deter\u0121enti b\u0127all-i\u017cvelar tal-firxa tal-ingredjenti u l-elenkar tal-aller\u0121eni.<\/li><\/ul><h4 class=\"wp-block-heading\" id=\"h-3-compliance-with-detergents-regulation-ec-no-648-2004\">3. <strong>Konformit\u00e0 mar-Regolament dwar id-Deter\u0121enti (KE Nru 648\/2004)<\/strong><\/h4><p>A\u0127na ni\u017cguraw li t-tikketta tieg\u0127ek tissodisfa r-rekwi\u017citi spe\u010bifi\u010bi g\u0127ad-deter\u0121ent, inklu\u017ci:<\/p><ul class=\"wp-block-list\"><li>Dikjarazzjonijiet tal-firxa tal-ingredjenti (e\u017c., \u201c5\u201315% surfactants anjoni\u010bi\u201d).<\/li>\n\n<li>\u017bvelar tal-fwie\u0127a aller\u0121eni\u010bi (e\u017c., limonene, linalool).<\/li>\n\n<li>Setup tal-lista tal-ingredjenti onlajn (jekk applikabbli).<\/li><\/ul><h2 class=\"wp-block-heading\" id=\"h-when-is-a-clp-label-and-ufi-required\">Meta tkun Me\u0127tie\u0121a Tikketta CLP u UFI?<\/h2><p>Tikketta konformi mas-CLP (u potenzjalment notifika PCN bl-UFI) hija me\u0127tie\u0121a jekk id-deter\u0121ent tieg\u0127ek:<\/p><ul class=\"wp-block-list\"><li>Fih ingredjenti perikolu\u017ci klassifikati g\u0127as-sa\u0127\u0127a jew g\u0127all-effetti fi\u017ci\u010bi.<\/li>\n\n<li>Huwa kkummer\u010bjalizzat lill-konsumaturi jew professjonisti.<\/li><\/ul><p>A\u0127na ng\u0127inuk tiddetermina jekk il-prodott tieg\u0127ek je\u0127tie\u0121x sottomissjoni <strong>UFI<\/strong> , <strong>PCN<\/strong> , jew sempli\u010bement tikkettjar skont ir-Regolament tad-Deter\u0121enti.<\/p><h2 class=\"wp-block-heading\" id=\"h-who-is-this-service-for\">G\u0127al min Huwa Dan is-Servizz?<\/h2><ul class=\"wp-block-list\"><li>Manifatturi ta&#8217; deter\u0121enti likwidi jew trab.<\/li>\n\n<li>Importaturi ta &#8216;a\u0121enti tat-tindif u prodotti tal-londri.<\/li>\n\n<li>Marki ta&#8217; tikketti privati \u200b\u200bli je\u0127tie\u0121u appo\u0121\u0121 s\u0127i\u0127 g\u0127all-konformit\u00e0 tat-tikketta.<\/li>\n\n<li>Kumpaniji mhux \u010bert jekk il-prodott tag\u0127hom huwiex perikolu\u017c jew le.<\/li><\/ul><h2 class=\"wp-block-heading\" id=\"h-why-choose-ufi-eu\">G\u0127aliex Ag\u0127\u017cel UFI.EU?<\/h2><ul class=\"wp-block-list\"><li><strong>Esperti fir-Regolament CLP u Deter\u0121enti<\/strong> b&#8217;snin ta&#8217; esperjenza.<\/li>\n\n<li><strong>Servizz velo\u010bi u pre\u010bi\u017c<\/strong> imfassal g\u0127all-b\u017connijiet tal-prodott tieg\u0127ek.<\/li>\n\n<li><strong>Ipprezzar \u010bar<\/strong> u komunikazzjoni personali.<\/li>\n\n<li><strong>Add-ons fakultattivi<\/strong> : Notifika PCN, \u0127olqien ta &#8216;SDS, u \u0121enerazzjoni UFI.<\/li><\/ul><h2 class=\"wp-block-heading\" id=\"h-get-started-today\">Ibda Illum<\/h2><p>Kemm jekk g\u0127andek b\u017conn tikketta \u0121dida jew jekk trid tivverifika dik e\u017cistenti tieg\u0127ek, UFI.EU qieg\u0127ed hawn biex tappo\u0121\u0121ja l-pro\u010bess ta&#8217; konformit\u00e0 tieg\u0127ek.<br\/> <strong>Ejjew nie\u0127du \u0127sieb id-dettalji legali sabiex tkun tista&#8217; tiffoka fuq in-negozju tieg\u0127ek.<\/strong><\/p><p>Ikklikkja l-buttuna hawn ta\u0127t biex titlob <strong>il-\u0127olqien tat-tikketta CLP tieg\u0127ek jew i\u010b\u010bekkja g\u0127al deter\u0121enti<\/strong> .<\/p>","protected":false},"excerpt":{"rendered":"<p>\u017bgura konformit\u00e0 s\u0127i\u0127a mar-Regolament CLP u tad-Deter\u0121enti bis-servizz espert tag\u0127na. A\u0127na nispe\u010bjalizzaw biex ng\u0127inu lill-kumpaniji jissodisfaw ir-rekwi\u017citi legali g\u0127at-tqeg\u0127id ta&#8217; prodotti tad-deter\u0121ent fis-suq Ewropew. Is-servizz tag\u0127na ta&#8217; \u0127olqien u verifika tat-tikketti CLP ji\u017cgura li t-tikketti tal-prodott tieg\u0127ek huma kompletament konformi kemm mar -Regolament CLP (KE Nru 1272\/2008) kif ukoll mar-Regolament tad-Deter\u0121enti (KE Nru 648\/2004) . [&hellip;]<\/p>\n","protected":false},"featured_media":12460,"template":"","meta":[],"product_brand":[],"product_cat":[402],"product_tag":[],"class_list":{"0":"post-12767","1":"product","2":"type-product","3":"status-publish","4":"has-post-thumbnail","6":"product_cat-tikketta-clp","8":"first","9":"instock","10":"virtual","11":"taxable","12":"purchasable","13":"product-type-simple"},"bundled_by":[],"bundle_stock_status":"instock","bundle_stock_quantity":null,"bundle_virtual":false,"bundle_layout":"","bundle_add_to_cart_form_location":"","bundle_editable_in_cart":false,"bundle_sold_individually_context":"","bundle_item_grouping":"","bundle_min_size":"","bundle_max_size":"","bundle_price":[],"bundled_items":[],"bundle_sell_ids":[],"yoast_head":"<!-- This site is optimized with the Yoast SEO Premium plugin v25.1 (Yoast SEO v25.1) - https:\/\/yoast.com\/wordpress\/plugins\/seo\/ -->\n<title>\u0126olqien tat-Tikketti CLP &amp; Kontroll tal-Konformit\u00e0 g\u0127ad-Deter\u0121enti - UFI<\/title>\n<meta name=\"description\" content=\"Is-servizz tag\u0127na ta\u2019 \u0127olqien u verifika tat-tikketti CLP ji\u017cgura li t-tikketti tal-prodotti tieg\u0127ek ikunu kompletament konformi kemm mar-Regolament CLP (KE Nru 1272\/2008) kif ukoll mar-Regolament tad-Deter\u0121enti (KE Nru 648\/2004).\" \/>\n<meta name=\"robots\" content=\"index, follow, max-snippet:-1, max-image-preview:large, max-video-preview:-1\" \/>\n<link rel=\"canonical\" href=\"https:\/\/www.ufi.eu\/mt\/product\/holqien-tat-tikketti-clp-kontroll-tal-konformita-ghad-detergenti\/\" \/>\n<meta property=\"og:locale\" content=\"mt_MT\" \/>\n<meta property=\"og:type\" content=\"article\" \/>\n<meta property=\"og:title\" content=\"\u0126olqien tat-Tikketti CLP &amp; Kontroll tal-Konformit\u00e0 g\u0127ad-Deter\u0121enti\" \/>\n<meta property=\"og:description\" content=\"Is-servizz tag\u0127na ta\u2019 \u0127olqien u verifika tat-tikketti CLP ji\u017cgura li t-tikketti tal-prodotti tieg\u0127ek ikunu kompletament konformi kemm mar-Regolament CLP (KE Nru 1272\/2008) kif ukoll mar-Regolament tad-Deter\u0121enti (KE Nru 648\/2004).\" \/>\n<meta property=\"og:url\" content=\"https:\/\/www.ufi.eu\/mt\/product\/holqien-tat-tikketti-clp-kontroll-tal-konformita-ghad-detergenti\/\" \/>\n<meta property=\"og:site_name\" content=\"UFI\" \/>\n<meta property=\"article:modified_time\" content=\"2025-04-28T12:21:24+00:00\" \/>\n<meta property=\"og:image\" content=\"https:\/\/www.ufi.eu\/wp-content\/uploads\/2025\/03\/pcn_ufi.jpg\" \/>\n\t<meta property=\"og:image:width\" content=\"1024\" \/>\n\t<meta property=\"og:image:height\" content=\"1024\" \/>\n\t<meta property=\"og:image:type\" content=\"image\/jpeg\" \/>\n<meta name=\"twitter:card\" content=\"summary_large_image\" \/>\n<meta name=\"twitter:label1\" content=\"Price\" \/>\n\t<meta name=\"twitter:data1\" content=\"&euro;50.00\" \/>\n\t<meta name=\"twitter:label2\" content=\"Availability\" \/>\n\t<meta name=\"twitter:data2\" content=\"In stock\" \/>\n<script type=\"application\/ld+json\" class=\"yoast-schema-graph\">{\"@context\":\"https:\/\/schema.org\",\"@graph\":[{\"@type\":\"WebPage\",\"@id\":\"https:\/\/www.ufi.eu\/mt\/product\/holqien-tat-tikketti-clp-kontroll-tal-konformita-ghad-detergenti\/\",\"url\":\"https:\/\/www.ufi.eu\/mt\/product\/holqien-tat-tikketti-clp-kontroll-tal-konformita-ghad-detergenti\/\",\"name\":\"\u0126olqien tat-Tikketti CLP &amp; Kontroll tal-Konformit\u00e0 g\u0127ad-Deter\u0121enti - UFI\",\"isPartOf\":{\"@id\":\"https:\/\/www.ufi.eu\/mt\/#website\"},\"primaryImageOfPage\":{\"@id\":\"https:\/\/www.ufi.eu\/mt\/product\/holqien-tat-tikketti-clp-kontroll-tal-konformita-ghad-detergenti\/#primaryimage\"},\"image\":{\"@id\":\"https:\/\/www.ufi.eu\/mt\/product\/holqien-tat-tikketti-clp-kontroll-tal-konformita-ghad-detergenti\/#primaryimage\"},\"thumbnailUrl\":\"https:\/\/www.ufi.eu\/wp-content\/uploads\/2025\/03\/pcn_ufi.jpg\",\"datePublished\":\"2025-04-15T20:26:09+00:00\",\"dateModified\":\"2025-04-28T12:21:24+00:00\",\"description\":\"Is-servizz tag\u0127na ta\u2019 \u0127olqien u verifika tat-tikketti CLP ji\u017cgura li t-tikketti tal-prodotti tieg\u0127ek ikunu kompletament konformi kemm mar-Regolament CLP (KE Nru 1272\/2008) kif ukoll mar-Regolament tad-Deter\u0121enti (KE Nru 648\/2004).\",\"breadcrumb\":{\"@id\":\"https:\/\/www.ufi.eu\/mt\/product\/holqien-tat-tikketti-clp-kontroll-tal-konformita-ghad-detergenti\/#breadcrumb\"},\"inLanguage\":\"mt-MT\",\"potentialAction\":[{\"@type\":\"ReadAction\",\"target\":[\"https:\/\/www.ufi.eu\/mt\/product\/holqien-tat-tikketti-clp-kontroll-tal-konformita-ghad-detergenti\/\"]}]},{\"@type\":\"ImageObject\",\"inLanguage\":\"mt-MT\",\"@id\":\"https:\/\/www.ufi.eu\/mt\/product\/holqien-tat-tikketti-clp-kontroll-tal-konformita-ghad-detergenti\/#primaryimage\",\"url\":\"https:\/\/www.ufi.eu\/wp-content\/uploads\/2025\/03\/pcn_ufi.jpg\",\"contentUrl\":\"https:\/\/www.ufi.eu\/wp-content\/uploads\/2025\/03\/pcn_ufi.jpg\",\"width\":1024,\"height\":1024},{\"@type\":\"BreadcrumbList\",\"@id\":\"https:\/\/www.ufi.eu\/mt\/product\/holqien-tat-tikketti-clp-kontroll-tal-konformita-ghad-detergenti\/#breadcrumb\",\"itemListElement\":[{\"@type\":\"ListItem\",\"position\":1,\"name\":\"Home\",\"item\":\"https:\/\/www.ufi.eu\/mt\/dar\/\"},{\"@type\":\"ListItem\",\"position\":2,\"name\":\"\u0126anut\",\"item\":\"https:\/\/www.ufi.eu\/mt\/hanut\/\"},{\"@type\":\"ListItem\",\"position\":3,\"name\":\"\u0126olqien tat-Tikketti CLP &amp; Kontroll tal-Konformit\u00e0 g\u0127ad-Deter\u0121enti\"}]},{\"@type\":\"WebSite\",\"@id\":\"https:\/\/www.ufi.eu\/mt\/#website\",\"url\":\"https:\/\/www.ufi.eu\/mt\/\",\"name\":\"UFI.EU\",\"description\":\"Poison Centre Notifications (PCN) and UFI\",\"publisher\":{\"@id\":\"https:\/\/www.ufi.eu\/mt\/#organization\"},\"potentialAction\":[{\"@type\":\"SearchAction\",\"target\":{\"@type\":\"EntryPoint\",\"urlTemplate\":\"https:\/\/www.ufi.eu\/mt\/?s={search_term_string}\"},\"query-input\":{\"@type\":\"PropertyValueSpecification\",\"valueRequired\":true,\"valueName\":\"search_term_string\"}}],\"inLanguage\":\"mt-MT\"},{\"@type\":\"Organization\",\"@id\":\"https:\/\/www.ufi.eu\/mt\/#organization\",\"name\":\"UFI.EU\",\"url\":\"https:\/\/www.ufi.eu\/mt\/\",\"logo\":{\"@type\":\"ImageObject\",\"inLanguage\":\"mt-MT\",\"@id\":\"https:\/\/www.ufi.eu\/mt\/#\/schema\/logo\/image\/\",\"url\":\"https:\/\/www.ufi.eu\/wp-content\/uploads\/2025\/03\/cropped-logo_ufi3.jpg\",\"contentUrl\":\"https:\/\/www.ufi.eu\/wp-content\/uploads\/2025\/03\/cropped-logo_ufi3.jpg\",\"width\":231,\"height\":78,\"caption\":\"UFI.EU\"},\"image\":{\"@id\":\"https:\/\/www.ufi.eu\/mt\/#\/schema\/logo\/image\/\"},\"description\":\"UFI.eu specializes in digital registrations for Poison Centre Notifications (PCN), ensuring your chemical products meet EU regulatory requirements effortlessly. Our streamlined solutions help businesses stay compliant while reducing complexity and administrative burden.\",\"email\":\"info@ufi.eu\",\"legalName\":\"UFI.EU\"}]}<\/script>\n<meta property=\"product:price:amount\" content=\"50.00\" \/>\n<meta property=\"product:price:currency\" content=\"EUR\" \/>\n<meta property=\"og:availability\" content=\"instock\" \/>\n<meta property=\"product:availability\" content=\"instock\" \/>\n<meta property=\"product:condition\" content=\"new\" \/>\n<!-- \/ Yoast SEO Premium plugin. -->","yoast_head_json":{"title":"\u0126olqien tat-Tikketti CLP &amp; Kontroll tal-Konformit\u00e0 g\u0127ad-Deter\u0121enti - UFI","description":"Is-servizz tag\u0127na ta\u2019 \u0127olqien u verifika tat-tikketti CLP ji\u017cgura li t-tikketti tal-prodotti tieg\u0127ek ikunu kompletament konformi kemm mar-Regolament CLP (KE Nru 1272\/2008) kif ukoll mar-Regolament tad-Deter\u0121enti (KE Nru 648\/2004).","robots":{"index":"index","follow":"follow","max-snippet":"max-snippet:-1","max-image-preview":"max-image-preview:large","max-video-preview":"max-video-preview:-1"},"canonical":"https:\/\/www.ufi.eu\/mt\/product\/holqien-tat-tikketti-clp-kontroll-tal-konformita-ghad-detergenti\/","og_locale":"mt_MT","og_type":"article","og_title":"\u0126olqien tat-Tikketti CLP &amp; Kontroll tal-Konformit\u00e0 g\u0127ad-Deter\u0121enti","og_description":"Is-servizz tag\u0127na ta\u2019 \u0127olqien u verifika tat-tikketti CLP ji\u017cgura li t-tikketti tal-prodotti tieg\u0127ek ikunu kompletament konformi kemm mar-Regolament CLP (KE Nru 1272\/2008) kif ukoll mar-Regolament tad-Deter\u0121enti (KE Nru 648\/2004).","og_url":"https:\/\/www.ufi.eu\/mt\/product\/holqien-tat-tikketti-clp-kontroll-tal-konformita-ghad-detergenti\/","og_site_name":"UFI","article_modified_time":"2025-04-28T12:21:24+00:00","og_image":[{"width":1024,"height":1024,"url":"https:\/\/www.ufi.eu\/wp-content\/uploads\/2025\/03\/pcn_ufi.jpg","type":"image\/jpeg"}],"twitter_card":"summary_large_image","twitter_misc":{"Price":"&euro;50.00","Availability":"In stock"},"schema":{"@context":"https:\/\/schema.org","@graph":[{"@type":"WebPage","@id":"https:\/\/www.ufi.eu\/mt\/product\/holqien-tat-tikketti-clp-kontroll-tal-konformita-ghad-detergenti\/","url":"https:\/\/www.ufi.eu\/mt\/product\/holqien-tat-tikketti-clp-kontroll-tal-konformita-ghad-detergenti\/","name":"\u0126olqien tat-Tikketti CLP &amp; Kontroll tal-Konformit\u00e0 g\u0127ad-Deter\u0121enti - UFI","isPartOf":{"@id":"https:\/\/www.ufi.eu\/mt\/#website"},"primaryImageOfPage":{"@id":"https:\/\/www.ufi.eu\/mt\/product\/holqien-tat-tikketti-clp-kontroll-tal-konformita-ghad-detergenti\/#primaryimage"},"image":{"@id":"https:\/\/www.ufi.eu\/mt\/product\/holqien-tat-tikketti-clp-kontroll-tal-konformita-ghad-detergenti\/#primaryimage"},"thumbnailUrl":"https:\/\/www.ufi.eu\/wp-content\/uploads\/2025\/03\/pcn_ufi.jpg","datePublished":"2025-04-15T20:26:09+00:00","dateModified":"2025-04-28T12:21:24+00:00","description":"Is-servizz tag\u0127na ta\u2019 \u0127olqien u verifika tat-tikketti CLP ji\u017cgura li t-tikketti tal-prodotti tieg\u0127ek ikunu kompletament konformi kemm mar-Regolament CLP (KE Nru 1272\/2008) kif ukoll mar-Regolament tad-Deter\u0121enti (KE Nru 648\/2004).","breadcrumb":{"@id":"https:\/\/www.ufi.eu\/mt\/product\/holqien-tat-tikketti-clp-kontroll-tal-konformita-ghad-detergenti\/#breadcrumb"},"inLanguage":"mt-MT","potentialAction":[{"@type":"ReadAction","target":["https:\/\/www.ufi.eu\/mt\/product\/holqien-tat-tikketti-clp-kontroll-tal-konformita-ghad-detergenti\/"]}]},{"@type":"ImageObject","inLanguage":"mt-MT","@id":"https:\/\/www.ufi.eu\/mt\/product\/holqien-tat-tikketti-clp-kontroll-tal-konformita-ghad-detergenti\/#primaryimage","url":"https:\/\/www.ufi.eu\/wp-content\/uploads\/2025\/03\/pcn_ufi.jpg","contentUrl":"https:\/\/www.ufi.eu\/wp-content\/uploads\/2025\/03\/pcn_ufi.jpg","width":1024,"height":1024},{"@type":"BreadcrumbList","@id":"https:\/\/www.ufi.eu\/mt\/product\/holqien-tat-tikketti-clp-kontroll-tal-konformita-ghad-detergenti\/#breadcrumb","itemListElement":[{"@type":"ListItem","position":1,"name":"Home","item":"https:\/\/www.ufi.eu\/mt\/dar\/"},{"@type":"ListItem","position":2,"name":"\u0126anut","item":"https:\/\/www.ufi.eu\/mt\/hanut\/"},{"@type":"ListItem","position":3,"name":"\u0126olqien tat-Tikketti CLP &amp; Kontroll tal-Konformit\u00e0 g\u0127ad-Deter\u0121enti"}]},{"@type":"WebSite","@id":"https:\/\/www.ufi.eu\/mt\/#website","url":"https:\/\/www.ufi.eu\/mt\/","name":"UFI.EU","description":"Poison Centre Notifications (PCN) and UFI","publisher":{"@id":"https:\/\/www.ufi.eu\/mt\/#organization"},"potentialAction":[{"@type":"SearchAction","target":{"@type":"EntryPoint","urlTemplate":"https:\/\/www.ufi.eu\/mt\/?s={search_term_string}"},"query-input":{"@type":"PropertyValueSpecification","valueRequired":true,"valueName":"search_term_string"}}],"inLanguage":"mt-MT"},{"@type":"Organization","@id":"https:\/\/www.ufi.eu\/mt\/#organization","name":"UFI.EU","url":"https:\/\/www.ufi.eu\/mt\/","logo":{"@type":"ImageObject","inLanguage":"mt-MT","@id":"https:\/\/www.ufi.eu\/mt\/#\/schema\/logo\/image\/","url":"https:\/\/www.ufi.eu\/wp-content\/uploads\/2025\/03\/cropped-logo_ufi3.jpg","contentUrl":"https:\/\/www.ufi.eu\/wp-content\/uploads\/2025\/03\/cropped-logo_ufi3.jpg","width":231,"height":78,"caption":"UFI.EU"},"image":{"@id":"https:\/\/www.ufi.eu\/mt\/#\/schema\/logo\/image\/"},"description":"UFI.eu specializes in digital registrations for Poison Centre Notifications (PCN), ensuring your chemical products meet EU regulatory requirements effortlessly. Our streamlined solutions help businesses stay compliant while reducing complexity and administrative burden.","email":"info@ufi.eu","legalName":"UFI.EU"}]},"product_price_amount":"50.00","product_price_currency":"EUR","og_availability":"instock","product_availability":"instock","product_condition":"new"},"_links":{"self":[{"href":"https:\/\/www.ufi.eu\/mt\/wp-json\/wp\/v2\/product\/12767","targetHints":{"allow":["GET"]}}],"collection":[{"href":"https:\/\/www.ufi.eu\/mt\/wp-json\/wp\/v2\/product"}],"about":[{"href":"https:\/\/www.ufi.eu\/mt\/wp-json\/wp\/v2\/types\/product"}],"wp:featuredmedia":[{"embeddable":true,"href":"https:\/\/www.ufi.eu\/mt\/wp-json\/wp\/v2\/media\/12460"}],"wp:attachment":[{"href":"https:\/\/www.ufi.eu\/mt\/wp-json\/wp\/v2\/media?parent=12767"}],"wp:term":[{"taxonomy":"product_brand","embeddable":true,"href":"https:\/\/www.ufi.eu\/mt\/wp-json\/wp\/v2\/product_brand?post=12767"},{"taxonomy":"product_cat","embeddable":true,"href":"https:\/\/www.ufi.eu\/mt\/wp-json\/wp\/v2\/product_cat?post=12767"},{"taxonomy":"product_tag","embeddable":true,"href":"https:\/\/www.ufi.eu\/mt\/wp-json\/wp\/v2\/product_tag?post=12767"}],"curies":[{"name":"wp","href":"https:\/\/api.w.org\/{rel}","templated":true}]}}