{"id":12534,"date":"2025-03-09T14:12:29","date_gmt":"2025-04-15T19:36:50","guid":{"rendered":"https:\/\/www.ufi.eu\/pcn\/uncategorized\/pajjizi-ghar-registrazzjoni-pcn\/"},"modified":"2025-05-15T16:47:47","modified_gmt":"2025-05-15T16:47:47","slug":"pajjizi-ghar-registrazzjoni-pcn","status":"publish","type":"product","link":"https:\/\/www.ufi.eu\/mt\/product\/pajjizi-ghar-registrazzjoni-pcn\/","title":{"rendered":"Pajji\u017ci g\u0127ar-re\u0121istrazzjoni PCN"},"content":{"rendered":"\n<h2 class=\"wp-block-heading\" id=\"h-launch-your-product-across-europe-with-ease\">Tniedi l-prodott tieg\u0127ek madwar l-Ewropa b&#8217;fa\u010bilit\u00e0<\/h2>\n\n<p>Meta tirre\u0121istra l-prodott tieg\u0127ek g\u0127an-Notifika ta\u010b-\u010aentru tal-Velenu tal-UE (PCN), kull pajji\u017c li qed tippjana li tbig\u0127 fih je\u0127tie\u0121 li ji\u0121i sottomess lill-awtorit\u00e0 nazzjonali rispettiva tieg\u0127u. Bil-Pajji\u017ci tal-UE tag\u0127na g\u0127ar-Re\u0121istrazzjoni tal-PCN, tista&#8217; tag\u0127\u017cel il-pajji\u017ci e\u017catti fejn trid tniedi l-prodott tieg\u0127ek\u2014biex tag\u0127tik flessibilit\u00e0 u kontroll s\u0127i\u0127 fuq is-suq tieg\u0127ek. <\/p>\n\n<h2 class=\"wp-block-heading\" id=\"h-what-you-re-purchasing\">Dak li qed tixtri<\/h2>\n\n<p>Dan il-prodott jippermettilek <strong>tixtri tokens tal-pajji\u017c<\/strong> g\u0127as-27 Stat Membru tal-UE. Dawn it-tokens jistg\u0127u jintu\u017caw <strong>ma&#8217; kwalunkwe re\u0121istrazzjoni PCN<\/strong> li tag\u0127mel mag\u0127na. Ladarba jinxtraw, il-pajji\u017ci huma <strong>mi\u017cjuda mal <a href=\"https:\/\/www.ufi.eu\/my-account\/points\/\">-lista tal-pajji\u017ci PCN tieg\u0127ek<\/a><\/strong> u jistg\u0127u ji\u0121u applikati meta timla <strong>l-formola ta &#8216;te\u0127id PCN<\/strong> tag\u0127na g\u0127all-prodott tieg\u0127ek.    <\/p>\n\n<p><strong>Ikollok b\u017conn ukoll <a href=\"https:\/\/www.ufi.eu\/shop\/\">tixtri PCN g\u0127all-prodott tieg\u0127ek<\/a> . Dan il-prodott huwa biss pajji\u017c ma\u0127lul, mhux il-PCN. <\/strong><\/p>\n\n<h4 class=\"wp-block-heading\">\u2705 Kif Ta\u0127dem:<\/h4>\n\n<ol class=\"wp-block-list\">\n<li>Iddetermina <strong>l-pajji\u017ci<\/strong> li qed tippjana li tbig\u0127 fihom.<\/li>\n\n\n\n<li>Ixtri n-numru ta&#8217; <strong>tokens tal-pajji\u017c<\/strong> .<\/li>\n\n\n\n<li><a href=\"https:\/\/www.ufi.eu\/mt\/prodott-gdid\/\">Ibg\u0127at il-formola tad-d\u0127ul tal-prodott tieg\u0127ek<\/a> mag\u0127na.<\/li>\n\n\n\n<li>Sempli\u010bement tassenja pajji\u017ci fejn tixtieq li nissottomettu l-prodott tieg\u0127ek g\u0127as-sottomissjoni tal-PCN.<\/li>\n\n\n\n<li>It-token tal-pajji\u017c jitnaqqsu mit-total tieg\u0127ek meta tissottometti l-formola tieg\u0127ek mag\u0127na.<\/li>\n<\/ol>\n\n<p>Kemm jekk qed tniedi prodott wie\u0127ed jew qed timmani\u0121\u0121ja portafoll s\u0127i\u0127, tista&#8217; <strong>tu\u017ca <a href=\"https:\/\/www.ufi.eu\/my-account\/points\/\">t-tokens tal-pajji\u017c mixtri tieg\u0127ek<\/a><\/strong> f&#8217;sottomissjonijiet PCN differenti\u2014tiffranka l-\u0127in, ti\u017cgura l-konformit\u00e0, u tespandi l-pre\u017cenza tieg\u0127ek fis-suq tal-UE ming\u0127ajr sforz.<\/p>\n\n<h3 class=\"wp-block-heading\" id=\"h-supported-eu-countries\">Pajji\u017ci tal-UE Appo\u0121\u0121jati<\/h3>\n\n<p>L-UE g\u0127andha 27 pajji\u017c u \u017c-\u017bEE g\u0127andha 30 (UE+Lichtenstein, in-Norve\u0121ja u l-Islanda) Fil-portal tista\u2019 tag\u0127\u017cel minn dawn il-pajji\u017ci:<\/p>\n\n<figure class=\"wp-block-table\"><table class=\"has-fixed-layout\"><tbody><tr><td>il-Bel\u0121ju<\/td><td>(BE)<\/td><td>Spanja<\/td><td>(ES)<\/td><td>Ungerija<\/td><td>(HU)<\/td><td>Is-Slovakkja<\/td><td>(SK)<\/td><\/tr><tr><td>Bulgarija<\/td><td>(BG)<\/td><td>Franza<\/td><td>(FR)<\/td><td>Malta<\/td><td>(MT)<\/td><td>Finlandja<\/td><td>(FI)<\/td><\/tr><tr><td>\u010aekja<\/td><td>(CZ)<\/td><td>il-Kroazja<\/td><td>(HR)<\/td><td>l-Olanda<\/td><td>(NL)<\/td><td>l-Isvezja<\/td><td>(SE)<\/td><\/tr><tr><td>id-Danimarka<\/td><td>(DK)<\/td><td>l-Italja<\/td><td>(IT)<\/td><td>L-Awstrija<\/td><td>(AT)<\/td><td>il-\u0120ermanja<\/td><td>(DE)<\/td><\/tr><tr><td>\u010aipru<\/td><td>(CY)<\/td><td>Polonja<\/td><td>(PL)<\/td><td>l-Islanda<\/td><td>(IS)<\/td><td>Estonja<\/td><td>(EE)<\/td><\/tr><tr><td>Il-Latvja<\/td><td>(LV)<\/td><td>Portugall<\/td><td>(PT)<\/td><td>Liechtenstein<\/td><td>(LI)<\/td><td>l-Irlanda<\/td><td>(IE)<\/td><\/tr><tr><td>il-Litwanja<\/td><td>(LT)<\/td><td>ir-Rumanija<\/td><td>(RO)<\/td><td>Norve\u0121ja<\/td><td>(LE)<\/td><td>il-Gre\u010bja<\/td><td>(EL)<\/td><\/tr><tr><td>Lussemburgu<\/td><td>(LU)<\/td><td>is-Slovenja<\/td><td>(SI)<\/td><td>Isvizzera*<\/td><td>(CH)<\/td><td><\/td><td><\/td><\/tr><\/tbody><\/table><\/figure>\n\n<p>*G\u0127all-Isvizzera nistg\u0127u no\u0127olqu d-dossier tal-PCN, bl-informazzjoni kollha me\u0127tie\u0121a biex nag\u0127mlu sottomissjoni fil-portal \u017bvizzeru. Ikkuntattjana g\u0127al aktar informazzjoni. <\/p>\n\n<h2 class=\"wp-block-heading\" id=\"h-example-of-how-it-works\">E\u017cempju ta&#8217; kif ta\u0127dem<\/h2>\n\n<p>Qed tniedi prodott tat-tindif \u0121did fi <strong>Franza, il-\u0120ermanja u Spanja<\/strong> . Sempli\u010bement tixtri tliet pajji\u017ci. Meta timla l-formola tad-d\u0127ul tal-PCN mag\u0127na, int tassenja dawk it-tokens tal-pajji\u017c lill-prodott\u2014ti\u017cgura l-konformit\u00e0 legali fit-tliet swieq kollha ming\u0127ajr il-battikata ta &#8216;sottomissjonijiet individwali.  <\/p>\n","protected":false},"excerpt":{"rendered":"<p>Jekk jog\u0127\u0121bok ag\u0127\u017cel in-numru ta&#8217; pajji\u017ci fejn tixtieq tirre\u0121istra l-prodott tieg\u0127ek.<\/p>\n","protected":false},"featured_media":12538,"template":"","meta":[],"product_brand":[],"product_cat":[326],"product_tag":[],"class_list":{"0":"post-12534","1":"product","2":"type-product","3":"status-publish","4":"has-post-thumbnail","6":"product_cat-pajjizi","8":"first","9":"instock","10":"virtual","11":"taxable","12":"purchasable","13":"product-type-simple"},"bundled_by":["12650","12660","12827","12942","12962","12982","13002","13030","13243","13253","13323","13343","13514","13526","13548","13569","13577","13774","13792","13810","13828","13846","13998","14020","14038","14064","14252","14366","14384","14402","14420","14438","14456","14680","14692","14746","14955","14965","14973","14981","14993","15040","15056","15259","15277","15301","15305","15349","15425","15443","15461","15479","15635","15829","15845","15857","15865","15966","15991","16017","16022","16117","16239","16247","16265","16283","16301","16533","16559","16595","16621","16631","16649","16877","16903","16913","16939","16949","16967","17231","17249","17267","17275","17293","17321","17329","17653","17671","17689","17707","17725","17753","17761","17789","17807","18009","18023","18170","18193","18213","18331","18349","18367","18385","18395","18421","18737","18743","18761","18787","18873","18977","18995","19045","19063","19081","19091","19149","19373","19399","19417","19427","19493","19511","19529","19823","19849","19869","19877","19903","19921","19931","19975","19985","20315","20333","20365","20373","20391","20401","20427","20441","20717","20733","20741","20815","20825","20851","20869","20941","21159","21393","21397","21407","21417","21431","21441","21451","21485","21577","21585","21603","21639","21659","21947","21959","21975","22045","22055","22099","22109","22113","22137","22145","22417","22611","22629","22655","22685","22693","22711","22727","22745","22763","23077","23095","23169","23187","23197","23223","23241","23251","23297","23315","23591","23617","23635","23703","23721","23739","23765","23843","24088","24104","24120","24148","31730"],"bundle_stock_status":"instock","bundle_stock_quantity":null,"bundle_virtual":false,"bundle_layout":"","bundle_add_to_cart_form_location":"","bundle_editable_in_cart":false,"bundle_sold_individually_context":"","bundle_item_grouping":"","bundle_min_size":"","bundle_max_size":"","bundle_price":[],"bundled_items":[],"bundle_sell_ids":[],"yoast_head":"<!-- This site is optimized with the Yoast SEO Premium plugin v25.1 (Yoast SEO v25.1) - https:\/\/yoast.com\/wordpress\/plugins\/seo\/ -->\n<title>Pajji\u017ci g\u0127ar-re\u0121istrazzjoni PCN - UFI<\/title>\n<meta name=\"description\" content=\"Bil-Pajji\u017ci tal-UE tag\u0127na g\u0127ar-Re\u0121istrazzjoni tal-PCN, tista&#039; tag\u0127\u017cel il-pajji\u017ci e\u017catti fejn trid tniedi l-prodott tieg\u0127ek\u2014biex tag\u0127tik flessibilit\u00e0 u kontroll s\u0127i\u0127 fuq is-suq tieg\u0127ek.\" \/>\n<meta name=\"robots\" content=\"index, follow, max-snippet:-1, max-image-preview:large, max-video-preview:-1\" \/>\n<link rel=\"canonical\" href=\"https:\/\/www.ufi.eu\/mt\/product\/pajjizi-ghar-registrazzjoni-pcn\/\" \/>\n<meta property=\"og:locale\" content=\"mt_MT\" \/>\n<meta property=\"og:type\" content=\"article\" \/>\n<meta property=\"og:title\" content=\"Pajji\u017ci g\u0127ar-re\u0121istrazzjoni PCN\" \/>\n<meta property=\"og:description\" content=\"Bil-Pajji\u017ci tal-UE tag\u0127na g\u0127ar-Re\u0121istrazzjoni tal-PCN, tista&#039; tag\u0127\u017cel il-pajji\u017ci e\u017catti fejn trid tniedi l-prodott tieg\u0127ek\u2014biex tag\u0127tik flessibilit\u00e0 u kontroll s\u0127i\u0127 fuq is-suq tieg\u0127ek.\" \/>\n<meta property=\"og:url\" content=\"https:\/\/www.ufi.eu\/mt\/product\/pajjizi-ghar-registrazzjoni-pcn\/\" \/>\n<meta property=\"og:site_name\" content=\"UFI\" \/>\n<meta property=\"article:modified_time\" content=\"2025-05-15T16:47:47+00:00\" \/>\n<meta property=\"og:image\" content=\"https:\/\/www.ufi.eu\/wp-content\/uploads\/2025\/03\/eu.jpg\" \/>\n\t<meta property=\"og:image:width\" content=\"800\" \/>\n\t<meta property=\"og:image:height\" content=\"800\" \/>\n\t<meta property=\"og:image:type\" content=\"image\/jpeg\" \/>\n<meta name=\"twitter:card\" content=\"summary_large_image\" \/>\n<meta name=\"twitter:label1\" content=\"Price\" \/>\n\t<meta name=\"twitter:data1\" content=\"&euro;35.00\" \/>\n\t<meta name=\"twitter:label2\" content=\"Availability\" \/>\n\t<meta name=\"twitter:data2\" content=\"In stock\" \/>\n<script type=\"application\/ld+json\" class=\"yoast-schema-graph\">{\"@context\":\"https:\/\/schema.org\",\"@graph\":[{\"@type\":\"WebPage\",\"@id\":\"https:\/\/www.ufi.eu\/mt\/product\/pajjizi-ghar-registrazzjoni-pcn\/\",\"url\":\"https:\/\/www.ufi.eu\/mt\/product\/pajjizi-ghar-registrazzjoni-pcn\/\",\"name\":\"Pajji\u017ci g\u0127ar-re\u0121istrazzjoni PCN - UFI\",\"isPartOf\":{\"@id\":\"https:\/\/www.ufi.eu\/mt\/#website\"},\"primaryImageOfPage\":{\"@id\":\"https:\/\/www.ufi.eu\/mt\/product\/pajjizi-ghar-registrazzjoni-pcn\/#primaryimage\"},\"image\":{\"@id\":\"https:\/\/www.ufi.eu\/mt\/product\/pajjizi-ghar-registrazzjoni-pcn\/#primaryimage\"},\"thumbnailUrl\":\"https:\/\/www.ufi.eu\/wp-content\/uploads\/2025\/03\/eu.jpg\",\"datePublished\":\"2025-04-15T19:36:50+00:00\",\"dateModified\":\"2025-05-15T16:47:47+00:00\",\"description\":\"Bil-Pajji\u017ci tal-UE tag\u0127na g\u0127ar-Re\u0121istrazzjoni tal-PCN, tista' tag\u0127\u017cel il-pajji\u017ci e\u017catti fejn trid tniedi l-prodott tieg\u0127ek\u2014biex tag\u0127tik flessibilit\u00e0 u kontroll s\u0127i\u0127 fuq is-suq tieg\u0127ek.\",\"breadcrumb\":{\"@id\":\"https:\/\/www.ufi.eu\/mt\/product\/pajjizi-ghar-registrazzjoni-pcn\/#breadcrumb\"},\"inLanguage\":\"mt-MT\",\"potentialAction\":[{\"@type\":\"ReadAction\",\"target\":[\"https:\/\/www.ufi.eu\/mt\/product\/pajjizi-ghar-registrazzjoni-pcn\/\"]}]},{\"@type\":\"ImageObject\",\"inLanguage\":\"mt-MT\",\"@id\":\"https:\/\/www.ufi.eu\/mt\/product\/pajjizi-ghar-registrazzjoni-pcn\/#primaryimage\",\"url\":\"https:\/\/www.ufi.eu\/wp-content\/uploads\/2025\/03\/eu.jpg\",\"contentUrl\":\"https:\/\/www.ufi.eu\/wp-content\/uploads\/2025\/03\/eu.jpg\",\"width\":800,\"height\":800},{\"@type\":\"BreadcrumbList\",\"@id\":\"https:\/\/www.ufi.eu\/mt\/product\/pajjizi-ghar-registrazzjoni-pcn\/#breadcrumb\",\"itemListElement\":[{\"@type\":\"ListItem\",\"position\":1,\"name\":\"Home\",\"item\":\"https:\/\/www.ufi.eu\/mt\/dar\/\"},{\"@type\":\"ListItem\",\"position\":2,\"name\":\"\u0126anut\",\"item\":\"https:\/\/www.ufi.eu\/mt\/hanut\/\"},{\"@type\":\"ListItem\",\"position\":3,\"name\":\"Pajji\u017ci g\u0127ar-re\u0121istrazzjoni PCN\"}]},{\"@type\":\"WebSite\",\"@id\":\"https:\/\/www.ufi.eu\/mt\/#website\",\"url\":\"https:\/\/www.ufi.eu\/mt\/\",\"name\":\"UFI.EU\",\"description\":\"Poison Centre Notifications (PCN) and UFI\",\"publisher\":{\"@id\":\"https:\/\/www.ufi.eu\/mt\/#organization\"},\"potentialAction\":[{\"@type\":\"SearchAction\",\"target\":{\"@type\":\"EntryPoint\",\"urlTemplate\":\"https:\/\/www.ufi.eu\/mt\/?s={search_term_string}\"},\"query-input\":{\"@type\":\"PropertyValueSpecification\",\"valueRequired\":true,\"valueName\":\"search_term_string\"}}],\"inLanguage\":\"mt-MT\"},{\"@type\":\"Organization\",\"@id\":\"https:\/\/www.ufi.eu\/mt\/#organization\",\"name\":\"UFI.EU\",\"url\":\"https:\/\/www.ufi.eu\/mt\/\",\"logo\":{\"@type\":\"ImageObject\",\"inLanguage\":\"mt-MT\",\"@id\":\"https:\/\/www.ufi.eu\/mt\/#\/schema\/logo\/image\/\",\"url\":\"https:\/\/www.ufi.eu\/wp-content\/uploads\/2025\/03\/cropped-logo_ufi3.jpg\",\"contentUrl\":\"https:\/\/www.ufi.eu\/wp-content\/uploads\/2025\/03\/cropped-logo_ufi3.jpg\",\"width\":231,\"height\":78,\"caption\":\"UFI.EU\"},\"image\":{\"@id\":\"https:\/\/www.ufi.eu\/mt\/#\/schema\/logo\/image\/\"},\"description\":\"UFI.eu specializes in digital registrations for Poison Centre Notifications (PCN), ensuring your chemical products meet EU regulatory requirements effortlessly. Our streamlined solutions help businesses stay compliant while reducing complexity and administrative burden.\",\"email\":\"info@ufi.eu\",\"legalName\":\"UFI.EU\"}]}<\/script>\n<meta property=\"product:price:amount\" content=\"35.00\" \/>\n<meta property=\"product:price:currency\" content=\"EUR\" \/>\n<meta property=\"og:availability\" content=\"instock\" \/>\n<meta property=\"product:availability\" content=\"instock\" \/>\n<meta property=\"product:retailer_item_id\" content=\"PCN-COUNTRIES\" \/>\n<meta property=\"product:condition\" content=\"new\" \/>\n<!-- \/ Yoast SEO Premium plugin. -->","yoast_head_json":{"title":"Pajji\u017ci g\u0127ar-re\u0121istrazzjoni PCN - UFI","description":"Bil-Pajji\u017ci tal-UE tag\u0127na g\u0127ar-Re\u0121istrazzjoni tal-PCN, tista' tag\u0127\u017cel il-pajji\u017ci e\u017catti fejn trid tniedi l-prodott tieg\u0127ek\u2014biex tag\u0127tik flessibilit\u00e0 u kontroll s\u0127i\u0127 fuq is-suq tieg\u0127ek.","robots":{"index":"index","follow":"follow","max-snippet":"max-snippet:-1","max-image-preview":"max-image-preview:large","max-video-preview":"max-video-preview:-1"},"canonical":"https:\/\/www.ufi.eu\/mt\/product\/pajjizi-ghar-registrazzjoni-pcn\/","og_locale":"mt_MT","og_type":"article","og_title":"Pajji\u017ci g\u0127ar-re\u0121istrazzjoni PCN","og_description":"Bil-Pajji\u017ci tal-UE tag\u0127na g\u0127ar-Re\u0121istrazzjoni tal-PCN, tista' tag\u0127\u017cel il-pajji\u017ci e\u017catti fejn trid tniedi l-prodott tieg\u0127ek\u2014biex tag\u0127tik flessibilit\u00e0 u kontroll s\u0127i\u0127 fuq is-suq tieg\u0127ek.","og_url":"https:\/\/www.ufi.eu\/mt\/product\/pajjizi-ghar-registrazzjoni-pcn\/","og_site_name":"UFI","article_modified_time":"2025-05-15T16:47:47+00:00","og_image":[{"width":800,"height":800,"url":"https:\/\/www.ufi.eu\/wp-content\/uploads\/2025\/03\/eu.jpg","type":"image\/jpeg"}],"twitter_card":"summary_large_image","twitter_misc":{"Price":"&euro;35.00","Availability":"In stock"},"schema":{"@context":"https:\/\/schema.org","@graph":[{"@type":"WebPage","@id":"https:\/\/www.ufi.eu\/mt\/product\/pajjizi-ghar-registrazzjoni-pcn\/","url":"https:\/\/www.ufi.eu\/mt\/product\/pajjizi-ghar-registrazzjoni-pcn\/","name":"Pajji\u017ci g\u0127ar-re\u0121istrazzjoni PCN - UFI","isPartOf":{"@id":"https:\/\/www.ufi.eu\/mt\/#website"},"primaryImageOfPage":{"@id":"https:\/\/www.ufi.eu\/mt\/product\/pajjizi-ghar-registrazzjoni-pcn\/#primaryimage"},"image":{"@id":"https:\/\/www.ufi.eu\/mt\/product\/pajjizi-ghar-registrazzjoni-pcn\/#primaryimage"},"thumbnailUrl":"https:\/\/www.ufi.eu\/wp-content\/uploads\/2025\/03\/eu.jpg","datePublished":"2025-04-15T19:36:50+00:00","dateModified":"2025-05-15T16:47:47+00:00","description":"Bil-Pajji\u017ci tal-UE tag\u0127na g\u0127ar-Re\u0121istrazzjoni tal-PCN, tista' tag\u0127\u017cel il-pajji\u017ci e\u017catti fejn trid tniedi l-prodott tieg\u0127ek\u2014biex tag\u0127tik flessibilit\u00e0 u kontroll s\u0127i\u0127 fuq is-suq tieg\u0127ek.","breadcrumb":{"@id":"https:\/\/www.ufi.eu\/mt\/product\/pajjizi-ghar-registrazzjoni-pcn\/#breadcrumb"},"inLanguage":"mt-MT","potentialAction":[{"@type":"ReadAction","target":["https:\/\/www.ufi.eu\/mt\/product\/pajjizi-ghar-registrazzjoni-pcn\/"]}]},{"@type":"ImageObject","inLanguage":"mt-MT","@id":"https:\/\/www.ufi.eu\/mt\/product\/pajjizi-ghar-registrazzjoni-pcn\/#primaryimage","url":"https:\/\/www.ufi.eu\/wp-content\/uploads\/2025\/03\/eu.jpg","contentUrl":"https:\/\/www.ufi.eu\/wp-content\/uploads\/2025\/03\/eu.jpg","width":800,"height":800},{"@type":"BreadcrumbList","@id":"https:\/\/www.ufi.eu\/mt\/product\/pajjizi-ghar-registrazzjoni-pcn\/#breadcrumb","itemListElement":[{"@type":"ListItem","position":1,"name":"Home","item":"https:\/\/www.ufi.eu\/mt\/dar\/"},{"@type":"ListItem","position":2,"name":"\u0126anut","item":"https:\/\/www.ufi.eu\/mt\/hanut\/"},{"@type":"ListItem","position":3,"name":"Pajji\u017ci g\u0127ar-re\u0121istrazzjoni PCN"}]},{"@type":"WebSite","@id":"https:\/\/www.ufi.eu\/mt\/#website","url":"https:\/\/www.ufi.eu\/mt\/","name":"UFI.EU","description":"Poison Centre Notifications (PCN) and UFI","publisher":{"@id":"https:\/\/www.ufi.eu\/mt\/#organization"},"potentialAction":[{"@type":"SearchAction","target":{"@type":"EntryPoint","urlTemplate":"https:\/\/www.ufi.eu\/mt\/?s={search_term_string}"},"query-input":{"@type":"PropertyValueSpecification","valueRequired":true,"valueName":"search_term_string"}}],"inLanguage":"mt-MT"},{"@type":"Organization","@id":"https:\/\/www.ufi.eu\/mt\/#organization","name":"UFI.EU","url":"https:\/\/www.ufi.eu\/mt\/","logo":{"@type":"ImageObject","inLanguage":"mt-MT","@id":"https:\/\/www.ufi.eu\/mt\/#\/schema\/logo\/image\/","url":"https:\/\/www.ufi.eu\/wp-content\/uploads\/2025\/03\/cropped-logo_ufi3.jpg","contentUrl":"https:\/\/www.ufi.eu\/wp-content\/uploads\/2025\/03\/cropped-logo_ufi3.jpg","width":231,"height":78,"caption":"UFI.EU"},"image":{"@id":"https:\/\/www.ufi.eu\/mt\/#\/schema\/logo\/image\/"},"description":"UFI.eu specializes in digital registrations for Poison Centre Notifications (PCN), ensuring your chemical products meet EU regulatory requirements effortlessly. Our streamlined solutions help businesses stay compliant while reducing complexity and administrative burden.","email":"info@ufi.eu","legalName":"UFI.EU"}]},"product_price_amount":"35.00","product_price_currency":"EUR","og_availability":"instock","product_availability":"instock","product_retailer_item_id":"PCN-COUNTRIES","product_condition":"new"},"_links":{"self":[{"href":"https:\/\/www.ufi.eu\/mt\/wp-json\/wp\/v2\/product\/12534","targetHints":{"allow":["GET"]}}],"collection":[{"href":"https:\/\/www.ufi.eu\/mt\/wp-json\/wp\/v2\/product"}],"about":[{"href":"https:\/\/www.ufi.eu\/mt\/wp-json\/wp\/v2\/types\/product"}],"wp:featuredmedia":[{"embeddable":true,"href":"https:\/\/www.ufi.eu\/mt\/wp-json\/wp\/v2\/media\/12538"}],"wp:attachment":[{"href":"https:\/\/www.ufi.eu\/mt\/wp-json\/wp\/v2\/media?parent=12534"}],"wp:term":[{"taxonomy":"product_brand","embeddable":true,"href":"https:\/\/www.ufi.eu\/mt\/wp-json\/wp\/v2\/product_brand?post=12534"},{"taxonomy":"product_cat","embeddable":true,"href":"https:\/\/www.ufi.eu\/mt\/wp-json\/wp\/v2\/product_cat?post=12534"},{"taxonomy":"product_tag","embeddable":true,"href":"https:\/\/www.ufi.eu\/mt\/wp-json\/wp\/v2\/product_tag?post=12534"}],"curies":[{"name":"wp","href":"https:\/\/api.w.org\/{rel}","templated":true}]}}