{"id":12477,"date":"2025-04-09T20:22:00","date_gmt":"2025-04-15T19:34:10","guid":{"rendered":"https:\/\/www.ufi.eu\/pcn\/uncategorized\/traduzzjoni-tal-iskeda-tad-data-tas-sigurta\/"},"modified":"2026-02-12T11:24:03","modified_gmt":"2026-02-12T11:24:03","slug":"traduzzjoni-tal-iskeda-tad-data-tas-sigurta","status":"publish","type":"product","link":"https:\/\/www.ufi.eu\/mt\/product\/traduzzjoni-tal-iskeda-tad-data-tas-sigurta\/","title":{"rendered":"Lingwa tal-Iskeda tad-Data tas-Sigurt\u00e0"},"content":{"rendered":"\n<p>Fis-suq globalizzat tal-lum, il-konformit\u00e0 mal-istandards internazzjonali tas-sikurezza mhijiex biss \u0127tie\u0121a legali\u2014hija parti vitali biex isir in-negozju b&#8217;mod responsabbli u effi\u010bjenti. Fil-konformit\u00e0 regolatorja tal-industriji kimi\u010bi u ko\u017cmeti\u010bi li jkun hemm komunikazzjoni pre\u010bi\u017ca u a\u010b\u010bessibbli ta &#8216;informazzjoni dwar is-sikurezza hija importanti. Dan huwa fejn UFI.EU jid\u0127ol mas- <strong>Servizz ta&#8217; Traduzzjoni MSDS<\/strong> professjonali tag\u0127na, li joffri traduzzjonijiet pre\u010bi\u017ci u konformi mar-regolament ta&#8217; Folji ta&#8217; Dejta dwar is-Sigurt\u00e0 tal-Materjal (MSDS), mag\u0127rufa wkoll b\u0127ala Skedi ta&#8217; Data ta&#8217; Sigurt\u00e0 (SDS), fil-lingwi kollha tal-UE u lil hinn.  <\/p>\n\n<h4 class=\"wp-block-heading\" id=\"h-what-is-an-msds\">X&#8217;inhu MSDS?<\/h4>\n\n<p>Folja tad-Data tas-Sigurt\u00e0 tal-Materjal (MSDS) hija dokument li jipprovdi informazzjoni dettaljata dwar sustanza jew ta\u0127lita kimika. Jiddeskrivi perikli potenzjali (sa\u0127\u0127a, nar, reattivit\u00e0, ambjentali), kif ta\u0127dem b&#8217;mod sikur mal-prodott, u mi\u017curi ta &#8216;kontroll ta&#8217; emer\u0121enza. Skont ir-regolamenti tal-UE, b\u0127ar-Regolamenti <strong>REACH<\/strong> (Re\u0121istrazzjoni, Evalwazzjoni, Awtorizzazzjoni, u Restrizzjoni ta\u2019 Sustanzi Kimi\u010bi) u <strong>CLP<\/strong> (Klassifikazzjoni, Tikkettjar u Imballa\u0121\u0121), l-MSDS g\u0127andha rwol ewlieni biex ti\u017cgura l-u\u017cu u t-trasport sigur ta\u2019 sustanzi perikolu\u017ci.   <\/p>\n\n<h4 class=\"wp-block-heading\" id=\"h-why-accurate-translation-is-crucial\">G\u0127aliex Traduzzjoni Pre\u010bi\u017ca hija kru\u010bjali<\/h4>\n\n<p>Kull stat membru tal-UE g\u0127andu r-rekwi\u017citi lingwisti\u010bi tieg\u0127u stess g\u0127ad-dokumenti tal-SDS. Jekk qed tesporta prodott lejn pajji\u017c ie\u0127or tal-UE\u2014jew timporta wie\u0127ed\u2014int mitlub tipprovdi SDS fil-lingwa\/lingwi uffi\u010bjali tal-pajji\u017c tad-destinazzjoni. MSDS tradotta b&#8217;mod mhux pre\u010bi\u017c tista&#8217; twassal g\u0127al:<\/p>\n\n<ul class=\"wp-block-list\">\n<li>Multi regolatorji jew responsabbiltajiet legali<\/li>\n\n\n\n<li>Dewmien fid-dwana jew interruzzjonijiet tat-trasport<\/li>\n\n\n\n<li>U\u017cu \u0127a\u017cin ta&#8217; sustanzi perikolu\u017ci<\/li>\n\n\n\n<li>Riskju akbar ta &#8216;in\u010bidenti jew \u0127sara ambjentali<\/li>\n<\/ul>\n\n<p>Nag\u0127rfu l-kumplessit\u00e0 u s-sensittivit\u00e0 ta\u2019 dan il-pro\u010bess. Is-Servizz ta&#8217; Traduzzjoni tal-MSDS tag\u0127na ji\u017cgura li d-dokumenti tieg\u0127ek mhux biss ikunu lingwistikament pre\u010bi\u017ci i\u017cda wkoll kompletament konformi mal <strong>-Anness II ta&#8217; REACH<\/strong> u l-a\u0127\u0127ar gwida <strong>tal-ECHA (A\u0121enzija Ewropea g\u0127as-Sustanzi Kimi\u010bi)<\/strong> . <\/p>\n\n<h3 class=\"wp-block-heading\" id=\"h-our-msds-translation-services\">Is-Servizzi ta&#8217; Traduzzjoni MSDS tag\u0127na<\/h3>\n\n<p>Nipprovdu firxa s\u0127i\u0127a ta&#8217; servizzi ta&#8217; traduzzjoni mfassla g\u0127as-setturi kimi\u010bi, ko\u017cmeti\u010bi, tal-fwejja\u0127, tat-tindif, u industrijali. Is-soluzzjonijiet tag\u0127na g\u0127at-traduzzjoni tal-MSDS jinkludu:<\/p>\n\n<h4 class=\"wp-block-heading\" id=\"h-multilingual-sds-translations\">\u2714 Traduzzjonijiet SDS multilingwi<\/h4>\n\n<p>Nittradu\u010bu dokumenti MSDS fil-lingwi uffi\u010bjali kollha tal-UE, kif ukoll lingwi addizzjonali me\u0127tie\u0121a g\u0127all-kummer\u010b globali. Kull traduzzjoni ti\u0121i riveduta bir-reqqa biex ji\u0121i \u017cgurat li tikkonforma mal-le\u0121i\u017clazzjoni kimika lokali, it-terminolo\u0121ija, u l-istandards tal-ifformattjar.<\/p>\n\n<h4 class=\"wp-block-heading\" id=\"h-compliance-verification\">\u2714 Verifika ta&#8217; Konformit\u00e0<\/h4>\n\n<p>It-traduzzjoni hija aktar minn lingwa\u2014hija wkoll dwar <strong>l-e\u017cattezza legali<\/strong> . It-tim tag\u0127na ta\u2019 esperti regolatorji jirrevedi l-MSDS tieg\u0127ek biex ji\u017cgura li l-ver\u017cjoni tradotta tkun allinjata mar-rekwi\u017citi ta\u2019 REACH u CLP, inklu\u017ci: <\/p>\n\n<ul class=\"wp-block-list\">\n<li>Klassifikazzjoni u tikkettar armonizzati<\/li>\n\n\n\n<li>It-tqeg\u0127id u l-istruttura tal-UFI (Unique Formula Identifier).<\/li>\n\n\n\n<li>Xenarji ta&#8217; espo\u017cizzjoni (meta me\u0127tie\u0121)<\/li>\n\n\n\n<li>Pittogrammi tal-GHS, kliem ta&#8217; sinjal, u dikjarazzjonijiet ta&#8217; periklu<\/li>\n<\/ul>\n\n<h4 class=\"wp-block-heading\" id=\"h-sector-specific-terminology\">\u2714 Terminolo\u0121ija Spe\u010bifika g\u0127as-Settur<\/h4>\n\n<p>A\u0127na spe\u010bjalizzati f&#8217;industriji li je\u0127tie\u0121u fehim pre\u010bi\u017c tat-terminolo\u0121ija u n-sfumaturi regolatorji. Dawn jinkludu:<\/p>\n\n<ul class=\"wp-block-list\">\n<li><strong>Ko\u017cmeti\u010bi u kura personali<\/strong><\/li>\n\n\n\n<li><strong>\u017bjut essenzjali u fwejja\u0127<\/strong><\/li>\n\n\n\n<li><strong>Prodotti tat-tindif tad-dar<\/strong><\/li>\n\n\n\n<li><strong>\u017bebg\u0127a u kisi<\/strong><\/li>\n\n\n\n<li><strong>Kimi\u010bi tal-laboratorju<\/strong><\/li>\n\n\n\n<li><strong>Materja prima industrijali<\/strong><\/li>\n<\/ul>\n\n<p>It-tradutturi tag\u0127na huma esperti fis-su\u0121\u0121ett, mhux \u0121eneralisti, li jfisser li jafu d-differenza bejn surfactant u solvent, u g\u0127aliex dan huwa importanti g\u0127all-klassifikazzjoni.<\/p>\n\n<h3 class=\"wp-block-heading\" id=\"h-why-choose-ufi-eu\">G\u0127aliex Ag\u0127\u017cel UFI.EU?<\/h3>\n\n<p>A\u0127na mhux biss tradutturi\u2014a\u0127na spe\u010bjalisti fil-konformit\u00e0 regolatorja. It-tim tag\u0127na jg\u0127aqqad <strong>l-e\u010b\u010bellenza lingwistika<\/strong> ma &#8216; <strong>g\u0127arfien regolatorju tekniku<\/strong> , u jag\u0127milna f&#8217;po\u017cizzjoni unika biex nappo\u0121\u0121jaw in-negozju tieg\u0127ek madwar l-Ewropa. <\/p>\n\n<h4 class=\"wp-block-heading\" id=\"h-fast-turnaround\">\u2705 Turnaround mg\u0127a\u0121\u0121el<\/h4>\n\n<p>Nifhmu li d-dokumenti tal-SDS \u0127afna drabi huma sensittivi g\u0127all-\u0127in. Kemm jekk qed tniedi prodott \u0121did jew tibg\u0127at internazzjonalment, il-\u0127inijiet ta&#8217; tibdil tag\u0127na huma mfassla biex i\u017commu l-operazzjonijiet tieg\u0127ek g\u0127addejjin.<\/p>\n\n<h4 class=\"wp-block-heading\" id=\"h-competitive-pricing\">\u2705 Prezzijiet Kompetittivi<\/h4>\n\n<p>Noffru prezzijiet trasparenti ming\u0127ajr tariffi mo\u0127bija. Ir-rati tag\u0127na huma fissi u tista&#8217; tixtri direttament mill-websajt tag\u0127na.<\/p>\n\n<h4 class=\"wp-block-heading\" id=\"h-confidentiality\">\u2705 Kunfidenzjalit\u00e0<\/h4>\n\n<p>Id-dokumenti kollha tieg\u0127ek huma ttrattati b&#8217;kunfidenzjalit\u00e0 stretta. A\u0127na kuntenti li niffirmaw NDAs fuq talba, u t-trasferimenti kollha tal-fajls huma kriptati u siguri.<\/p>\n\n<h3 class=\"wp-block-heading\" id=\"h-common-use-cases-for-our-msds-translation-service\">Ka\u017cijiet ta&#8217; U\u017cu Komuni g\u0127as-Servizz ta&#8217; Traduzzjoni MSDS tag\u0127na<\/h3>\n\n<p><strong>1. Jesportaw Ingredjenti Kosmeti\u010bi:<\/strong><br\/> Jekk int fornitur ta&#8217; \u017cjut essenzjali jew attivi ko\u017cmeti\u010bi u trid tesporta lejn Franza, il-\u0120ermanja jew Spanja, ikollok b\u017conn MSDS tradotta fil-lingwa rilevanti g\u0127all-i\u017cdoganar u l-konformit\u00e0 legali.<\/p>\n\n<p><strong>2. Tnedija ta&#8217; Prodott \u0120did tat-Tindif:<\/strong><br\/> Qabel ma tpo\u0121\u0121i prodott tat-tindif tad-dar fis-suq tal-UE, trid tipprovdi SDS fil-lingwa nazzjonali ta&#8217; kull suq. It-tim tag\u0127na jista\u2019 jittradu\u010bi u jivvalida d-dokumenti tieg\u0127ek f\u2019diversi \u0121urisdizzjonijiet. <\/p>\n\n<p><strong>3. Appo\u0121\u0121 g\u0127all-Pre\u017centazzjoni tal-PCN:<\/strong><br\/> Jekk l-SDS tieg\u0127ek jinkludi UFI, u qed tissottometti notifika ta\u010b-\u010bentru tal-velenu (PCN), l-SDS tradotta tieg\u0127ek trid taqbel mad-dejta sottomessa lill-portal tal-ECHA. A\u0127na ng\u0127inu biex ni\u017cguraw konsistenza bejn l-SDS, it-tikketta tal-prodott u l-PCN tieg\u0127ek. <\/p>\n\n<p><strong>4. Akkwisti jew Bidliet tal-Fornituri:<\/strong><br\/> Jekk il-kumpanija tieg\u0127ek re\u010bentement akkwistat formulazzjonijiet kimi\u010bi \u0121odda minn fornitur barrani, nistg\u0127u nittradu\u010bu u nillokalizzaw l-SDS g\u0127at-timijiet u l-klijenti interni tieg\u0127ek.<\/p>\n\n<h3 class=\"wp-block-heading\" id=\"h-more-than-just-translation-additional-services\">Aktar Minn Sempli\u010bi Traduzzjoni: Servizzi Addizzjonali<\/h3>\n\n<p>Flimkien mas-Servizz ta&#8217; Traduzzjoni MSDS tag\u0127na, UFI.EU joffri wkoll:<\/p>\n\n<ul class=\"wp-block-list\">\n<li><strong><a href=\"https:\/\/www.ufi.eu\/pcn\/safety-data-sheet\/safety-data-sheet-creation\/\">\u0126olqien MSDS<\/a><\/strong> tal-prodott tieg\u0127ek<\/li>\n\n\n\n<li><strong>\u0120enerazzjoni u tqeg\u0127id tal-Kodi\u010bi UFI<\/strong> fuq it-tikketti<\/li>\n\n\n\n<li><strong><a href=\"https:\/\/www.ufi.eu\/pcn\/clp-label\/clp-label-creation-compliance-check\/\">Informazzjoni tat-tikketta CLP<\/a><\/strong> b&#8217;pittogrammi ta&#8217; periklu, kliem ta&#8217; sinjal, u dikjarazzjonijiet ta&#8217; periklu fil-lingwa lokali<\/li>\n\n\n\n<li><strong>Servizzi ta\u2019 Sottomissjoni tal-PCN<\/strong> \u2013 appo\u0121\u0121 s\u0127i\u0127 bit-tlug\u0127 tad-dejta tal-SDS fil-portal tal-ECHA<\/li>\n\n\n\n<li><strong>Preskrining tossikolo\u0121iku<\/strong> ta&#8217; formulazzjonijiet<\/li>\n\n\n\n<li><strong>Appo\u0121\u0121 g\u0127ar-re\u0121istrazzjoni tal-prodott<\/strong> ma\u010b-\u010bentri nazzjonali tal-veleni<\/li>\n<\/ul>\n\n<p>Dan l-appro\u010b\u010b ta\u2019 servizz s\u0127i\u0127 ji\u017cgura li n-negozju tieg\u0127ek ikollu <strong>sie\u0127eb wie\u0127ed affidabbli<\/strong> g\u0127as-sigurt\u00e0 kimika u l-\u0127ti\u0121ijiet tad-dokumentazzjoni kollha tieg\u0127u.<\/p>\n","protected":false},"excerpt":{"rendered":"<p>Fis-suq globalizzat tal-lum, il-konformit\u00e0 mal-istandards internazzjonali tas-sikurezza mhijiex biss \u0127tie\u0121a legali\u2014hija parti vitali biex isir in-negozju b&#8217;mod responsabbli u effi\u010bjenti. Fil-konformit\u00e0 regolatorja tal-industriji kimi\u010bi u ko\u017cmeti\u010bi li jkun hemm komunikazzjoni pre\u010bi\u017ca u a\u010b\u010bessibbli ta &#8216;informazzjoni dwar is-sikurezza hija importanti. Dan huwa fejn UFI.EU jid\u0127ol mas- Servizz ta&#8217; Traduzzjoni MSDS professjonali tag\u0127na, li joffri traduzzjonijiet pre\u010bi\u017ci [&hellip;]<\/p>\n","protected":false},"featured_media":12538,"template":"","meta":[],"product_brand":[],"product_cat":[292],"product_tag":[],"class_list":{"0":"post-12477","1":"product","2":"type-product","3":"status-publish","4":"has-post-thumbnail","6":"product_cat-skeda-ta-data-tas-sigurta","8":"first","9":"instock","10":"taxable","11":"shipping-taxable","12":"purchasable","13":"product-type-simple"},"bundled_by":["12836","13323","31730"],"bundle_stock_status":"instock","bundle_stock_quantity":null,"bundle_virtual":false,"bundle_layout":"","bundle_add_to_cart_form_location":"","bundle_editable_in_cart":false,"bundle_sold_individually_context":"","bundle_item_grouping":"","bundle_min_size":"","bundle_max_size":"","bundle_price":[],"bundled_items":[],"bundle_sell_ids":[],"yoast_head":"<!-- This site is optimized with the Yoast SEO Premium plugin v25.1 (Yoast SEO v25.1) - https:\/\/yoast.com\/wordpress\/plugins\/seo\/ -->\n<title>Servizz ta&#039; Traduzzjoni tal-MSDS - Ittradu\u010bi l-Iskeda tad-Data tas-Sigurt\u00e0 tal-SDS tieg\u0127ek<\/title>\n<meta name=\"description\" content=\"Is-Servizz ta&#039; Traduzzjoni SDS u MSDS tag\u0127na ji\u017cgura li d-dokumenti tieg\u0127ek mhux biss ikunu lingwistikament pre\u010bi\u017ci i\u017cda wkoll konformi bis-s\u0127i\u0127.\" \/>\n<meta name=\"robots\" content=\"index, follow, max-snippet:-1, max-image-preview:large, max-video-preview:-1\" \/>\n<link rel=\"canonical\" href=\"https:\/\/www.ufi.eu\/mt\/product\/traduzzjoni-tal-iskeda-tad-data-tas-sigurta\/\" \/>\n<meta property=\"og:locale\" content=\"mt_MT\" \/>\n<meta property=\"og:type\" content=\"article\" \/>\n<meta property=\"og:title\" content=\"Lingwa tal-Iskeda tad-Data tas-Sigurt\u00e0\" \/>\n<meta property=\"og:description\" content=\"Is-Servizz ta&#039; Traduzzjoni SDS u MSDS tag\u0127na ji\u017cgura li d-dokumenti tieg\u0127ek mhux biss ikunu lingwistikament pre\u010bi\u017ci i\u017cda wkoll konformi bis-s\u0127i\u0127.\" \/>\n<meta property=\"og:url\" content=\"https:\/\/www.ufi.eu\/mt\/product\/traduzzjoni-tal-iskeda-tad-data-tas-sigurta\/\" \/>\n<meta property=\"og:site_name\" content=\"UFI\" \/>\n<meta property=\"article:modified_time\" content=\"2026-02-12T11:24:03+00:00\" \/>\n<meta property=\"og:image\" content=\"https:\/\/www.ufi.eu\/wp-content\/uploads\/2025\/03\/eu.jpg\" \/>\n\t<meta property=\"og:image:width\" content=\"800\" \/>\n\t<meta property=\"og:image:height\" content=\"800\" \/>\n\t<meta property=\"og:image:type\" content=\"image\/jpeg\" \/>\n<meta name=\"twitter:card\" content=\"summary_large_image\" \/>\n<meta name=\"twitter:label1\" content=\"Price\" \/>\n\t<meta name=\"twitter:data1\" content=\"&euro;50.00\" \/>\n\t<meta name=\"twitter:label2\" content=\"Availability\" \/>\n\t<meta name=\"twitter:data2\" content=\"In stock\" \/>\n<script type=\"application\/ld+json\" class=\"yoast-schema-graph\">{\"@context\":\"https:\/\/schema.org\",\"@graph\":[{\"@type\":\"WebPage\",\"@id\":\"https:\/\/www.ufi.eu\/mt\/product\/traduzzjoni-tal-iskeda-tad-data-tas-sigurta\/\",\"url\":\"https:\/\/www.ufi.eu\/mt\/product\/traduzzjoni-tal-iskeda-tad-data-tas-sigurta\/\",\"name\":\"Servizz ta' Traduzzjoni tal-MSDS - Ittradu\u010bi l-Iskeda tad-Data tas-Sigurt\u00e0 tal-SDS tieg\u0127ek\",\"isPartOf\":{\"@id\":\"https:\/\/www.ufi.eu\/mt\/#website\"},\"primaryImageOfPage\":{\"@id\":\"https:\/\/www.ufi.eu\/mt\/product\/traduzzjoni-tal-iskeda-tad-data-tas-sigurta\/#primaryimage\"},\"image\":{\"@id\":\"https:\/\/www.ufi.eu\/mt\/product\/traduzzjoni-tal-iskeda-tad-data-tas-sigurta\/#primaryimage\"},\"thumbnailUrl\":\"https:\/\/www.ufi.eu\/wp-content\/uploads\/2025\/03\/eu.jpg\",\"datePublished\":\"2025-04-15T19:34:10+00:00\",\"dateModified\":\"2026-02-12T11:24:03+00:00\",\"description\":\"Is-Servizz ta' Traduzzjoni SDS u MSDS tag\u0127na ji\u017cgura li d-dokumenti tieg\u0127ek mhux biss ikunu lingwistikament pre\u010bi\u017ci i\u017cda wkoll konformi bis-s\u0127i\u0127.\",\"breadcrumb\":{\"@id\":\"https:\/\/www.ufi.eu\/mt\/product\/traduzzjoni-tal-iskeda-tad-data-tas-sigurta\/#breadcrumb\"},\"inLanguage\":\"mt-MT\",\"potentialAction\":[{\"@type\":\"ReadAction\",\"target\":[\"https:\/\/www.ufi.eu\/mt\/product\/traduzzjoni-tal-iskeda-tad-data-tas-sigurta\/\"]}]},{\"@type\":\"ImageObject\",\"inLanguage\":\"mt-MT\",\"@id\":\"https:\/\/www.ufi.eu\/mt\/product\/traduzzjoni-tal-iskeda-tad-data-tas-sigurta\/#primaryimage\",\"url\":\"https:\/\/www.ufi.eu\/wp-content\/uploads\/2025\/03\/eu.jpg\",\"contentUrl\":\"https:\/\/www.ufi.eu\/wp-content\/uploads\/2025\/03\/eu.jpg\",\"width\":800,\"height\":800},{\"@type\":\"BreadcrumbList\",\"@id\":\"https:\/\/www.ufi.eu\/mt\/product\/traduzzjoni-tal-iskeda-tad-data-tas-sigurta\/#breadcrumb\",\"itemListElement\":[{\"@type\":\"ListItem\",\"position\":1,\"name\":\"Home\",\"item\":\"https:\/\/www.ufi.eu\/mt\/dar\/\"},{\"@type\":\"ListItem\",\"position\":2,\"name\":\"\u0126anut\",\"item\":\"https:\/\/www.ufi.eu\/mt\/hanut\/\"},{\"@type\":\"ListItem\",\"position\":3,\"name\":\"Lingwa tal-Iskeda tad-Data tas-Sigurt\u00e0\"}]},{\"@type\":\"WebSite\",\"@id\":\"https:\/\/www.ufi.eu\/mt\/#website\",\"url\":\"https:\/\/www.ufi.eu\/mt\/\",\"name\":\"UFI.EU\",\"description\":\"Poison Centre Notifications (PCN) and UFI\",\"publisher\":{\"@id\":\"https:\/\/www.ufi.eu\/mt\/#organization\"},\"potentialAction\":[{\"@type\":\"SearchAction\",\"target\":{\"@type\":\"EntryPoint\",\"urlTemplate\":\"https:\/\/www.ufi.eu\/mt\/?s={search_term_string}\"},\"query-input\":{\"@type\":\"PropertyValueSpecification\",\"valueRequired\":true,\"valueName\":\"search_term_string\"}}],\"inLanguage\":\"mt-MT\"},{\"@type\":\"Organization\",\"@id\":\"https:\/\/www.ufi.eu\/mt\/#organization\",\"name\":\"UFI.EU\",\"url\":\"https:\/\/www.ufi.eu\/mt\/\",\"logo\":{\"@type\":\"ImageObject\",\"inLanguage\":\"mt-MT\",\"@id\":\"https:\/\/www.ufi.eu\/mt\/#\/schema\/logo\/image\/\",\"url\":\"https:\/\/www.ufi.eu\/wp-content\/uploads\/2025\/03\/cropped-logo_ufi3.jpg\",\"contentUrl\":\"https:\/\/www.ufi.eu\/wp-content\/uploads\/2025\/03\/cropped-logo_ufi3.jpg\",\"width\":231,\"height\":78,\"caption\":\"UFI.EU\"},\"image\":{\"@id\":\"https:\/\/www.ufi.eu\/mt\/#\/schema\/logo\/image\/\"},\"description\":\"UFI.eu specializes in digital registrations for Poison Centre Notifications (PCN), ensuring your chemical products meet EU regulatory requirements effortlessly. Our streamlined solutions help businesses stay compliant while reducing complexity and administrative burden.\",\"email\":\"info@ufi.eu\",\"legalName\":\"UFI.EU\"}]}<\/script>\n<meta property=\"product:price:amount\" content=\"50.00\" \/>\n<meta property=\"product:price:currency\" content=\"EUR\" \/>\n<meta property=\"og:availability\" content=\"instock\" \/>\n<meta property=\"product:availability\" content=\"instock\" \/>\n<meta property=\"product:condition\" content=\"new\" \/>\n<!-- \/ Yoast SEO Premium plugin. -->","yoast_head_json":{"title":"Servizz ta' Traduzzjoni tal-MSDS - Ittradu\u010bi l-Iskeda tad-Data tas-Sigurt\u00e0 tal-SDS tieg\u0127ek","description":"Is-Servizz ta' Traduzzjoni SDS u MSDS tag\u0127na ji\u017cgura li d-dokumenti tieg\u0127ek mhux biss ikunu lingwistikament pre\u010bi\u017ci i\u017cda wkoll konformi bis-s\u0127i\u0127.","robots":{"index":"index","follow":"follow","max-snippet":"max-snippet:-1","max-image-preview":"max-image-preview:large","max-video-preview":"max-video-preview:-1"},"canonical":"https:\/\/www.ufi.eu\/mt\/product\/traduzzjoni-tal-iskeda-tad-data-tas-sigurta\/","og_locale":"mt_MT","og_type":"article","og_title":"Lingwa tal-Iskeda tad-Data tas-Sigurt\u00e0","og_description":"Is-Servizz ta' Traduzzjoni SDS u MSDS tag\u0127na ji\u017cgura li d-dokumenti tieg\u0127ek mhux biss ikunu lingwistikament pre\u010bi\u017ci i\u017cda wkoll konformi bis-s\u0127i\u0127.","og_url":"https:\/\/www.ufi.eu\/mt\/product\/traduzzjoni-tal-iskeda-tad-data-tas-sigurta\/","og_site_name":"UFI","article_modified_time":"2026-02-12T11:24:03+00:00","og_image":[{"width":800,"height":800,"url":"https:\/\/www.ufi.eu\/wp-content\/uploads\/2025\/03\/eu.jpg","type":"image\/jpeg"}],"twitter_card":"summary_large_image","twitter_misc":{"Price":"&euro;50.00","Availability":"In stock"},"schema":{"@context":"https:\/\/schema.org","@graph":[{"@type":"WebPage","@id":"https:\/\/www.ufi.eu\/mt\/product\/traduzzjoni-tal-iskeda-tad-data-tas-sigurta\/","url":"https:\/\/www.ufi.eu\/mt\/product\/traduzzjoni-tal-iskeda-tad-data-tas-sigurta\/","name":"Servizz ta' Traduzzjoni tal-MSDS - Ittradu\u010bi l-Iskeda tad-Data tas-Sigurt\u00e0 tal-SDS tieg\u0127ek","isPartOf":{"@id":"https:\/\/www.ufi.eu\/mt\/#website"},"primaryImageOfPage":{"@id":"https:\/\/www.ufi.eu\/mt\/product\/traduzzjoni-tal-iskeda-tad-data-tas-sigurta\/#primaryimage"},"image":{"@id":"https:\/\/www.ufi.eu\/mt\/product\/traduzzjoni-tal-iskeda-tad-data-tas-sigurta\/#primaryimage"},"thumbnailUrl":"https:\/\/www.ufi.eu\/wp-content\/uploads\/2025\/03\/eu.jpg","datePublished":"2025-04-15T19:34:10+00:00","dateModified":"2026-02-12T11:24:03+00:00","description":"Is-Servizz ta' Traduzzjoni SDS u MSDS tag\u0127na ji\u017cgura li d-dokumenti tieg\u0127ek mhux biss ikunu lingwistikament pre\u010bi\u017ci i\u017cda wkoll konformi bis-s\u0127i\u0127.","breadcrumb":{"@id":"https:\/\/www.ufi.eu\/mt\/product\/traduzzjoni-tal-iskeda-tad-data-tas-sigurta\/#breadcrumb"},"inLanguage":"mt-MT","potentialAction":[{"@type":"ReadAction","target":["https:\/\/www.ufi.eu\/mt\/product\/traduzzjoni-tal-iskeda-tad-data-tas-sigurta\/"]}]},{"@type":"ImageObject","inLanguage":"mt-MT","@id":"https:\/\/www.ufi.eu\/mt\/product\/traduzzjoni-tal-iskeda-tad-data-tas-sigurta\/#primaryimage","url":"https:\/\/www.ufi.eu\/wp-content\/uploads\/2025\/03\/eu.jpg","contentUrl":"https:\/\/www.ufi.eu\/wp-content\/uploads\/2025\/03\/eu.jpg","width":800,"height":800},{"@type":"BreadcrumbList","@id":"https:\/\/www.ufi.eu\/mt\/product\/traduzzjoni-tal-iskeda-tad-data-tas-sigurta\/#breadcrumb","itemListElement":[{"@type":"ListItem","position":1,"name":"Home","item":"https:\/\/www.ufi.eu\/mt\/dar\/"},{"@type":"ListItem","position":2,"name":"\u0126anut","item":"https:\/\/www.ufi.eu\/mt\/hanut\/"},{"@type":"ListItem","position":3,"name":"Lingwa tal-Iskeda tad-Data tas-Sigurt\u00e0"}]},{"@type":"WebSite","@id":"https:\/\/www.ufi.eu\/mt\/#website","url":"https:\/\/www.ufi.eu\/mt\/","name":"UFI.EU","description":"Poison Centre Notifications (PCN) and UFI","publisher":{"@id":"https:\/\/www.ufi.eu\/mt\/#organization"},"potentialAction":[{"@type":"SearchAction","target":{"@type":"EntryPoint","urlTemplate":"https:\/\/www.ufi.eu\/mt\/?s={search_term_string}"},"query-input":{"@type":"PropertyValueSpecification","valueRequired":true,"valueName":"search_term_string"}}],"inLanguage":"mt-MT"},{"@type":"Organization","@id":"https:\/\/www.ufi.eu\/mt\/#organization","name":"UFI.EU","url":"https:\/\/www.ufi.eu\/mt\/","logo":{"@type":"ImageObject","inLanguage":"mt-MT","@id":"https:\/\/www.ufi.eu\/mt\/#\/schema\/logo\/image\/","url":"https:\/\/www.ufi.eu\/wp-content\/uploads\/2025\/03\/cropped-logo_ufi3.jpg","contentUrl":"https:\/\/www.ufi.eu\/wp-content\/uploads\/2025\/03\/cropped-logo_ufi3.jpg","width":231,"height":78,"caption":"UFI.EU"},"image":{"@id":"https:\/\/www.ufi.eu\/mt\/#\/schema\/logo\/image\/"},"description":"UFI.eu specializes in digital registrations for Poison Centre Notifications (PCN), ensuring your chemical products meet EU regulatory requirements effortlessly. Our streamlined solutions help businesses stay compliant while reducing complexity and administrative burden.","email":"info@ufi.eu","legalName":"UFI.EU"}]},"product_price_amount":"50.00","product_price_currency":"EUR","og_availability":"instock","product_availability":"instock","product_condition":"new"},"_links":{"self":[{"href":"https:\/\/www.ufi.eu\/mt\/wp-json\/wp\/v2\/product\/12477","targetHints":{"allow":["GET"]}}],"collection":[{"href":"https:\/\/www.ufi.eu\/mt\/wp-json\/wp\/v2\/product"}],"about":[{"href":"https:\/\/www.ufi.eu\/mt\/wp-json\/wp\/v2\/types\/product"}],"wp:featuredmedia":[{"embeddable":true,"href":"https:\/\/www.ufi.eu\/mt\/wp-json\/wp\/v2\/media\/12538"}],"wp:attachment":[{"href":"https:\/\/www.ufi.eu\/mt\/wp-json\/wp\/v2\/media?parent=12477"}],"wp:term":[{"taxonomy":"product_brand","embeddable":true,"href":"https:\/\/www.ufi.eu\/mt\/wp-json\/wp\/v2\/product_brand?post=12477"},{"taxonomy":"product_cat","embeddable":true,"href":"https:\/\/www.ufi.eu\/mt\/wp-json\/wp\/v2\/product_cat?post=12477"},{"taxonomy":"product_tag","embeddable":true,"href":"https:\/\/www.ufi.eu\/mt\/wp-json\/wp\/v2\/product_tag?post=12477"}],"curies":[{"name":"wp","href":"https:\/\/api.w.org\/{rel}","templated":true}]}}