{"id":11230,"date":"2025-04-15T07:32:24","date_gmt":"2025-04-15T07:32:24","guid":{"rendered":"https:\/\/www.ufi.eu\/termini-u-kundizzjonijiet\/"},"modified":"2025-04-15T07:32:25","modified_gmt":"2025-04-15T07:32:25","slug":"termini-u-kundizzjonijiet","status":"publish","type":"page","link":"https:\/\/www.ufi.eu\/mt\/termini-u-kundizzjonijiet\/","title":{"rendered":"Termini u Kundizzjonijiet"},"content":{"rendered":"\n<p><strong>Kumpanija:<\/strong> UFI.EU<br\/> <strong>Indirizz Re\u0121istrat:<\/strong> Transistorstraat 91 &#8211; 02, 1322 CL Almere, l-Olanda<br\/> <strong>Kamra tal-Kummer\u010b (KvK):<\/strong> 61064939<br\/> <strong>ID tal-VAT:<\/strong> NL854189543B01<\/p>\n\n<h2 class=\"wp-block-heading\" id=\"h-1-overview\"><strong>1. \u0126arsa \u0121enerali<\/strong><\/h2>\n\n<p>Din il-websajt hija m\u0127addma minn <strong>UFI.EU.<\/strong> Matul is-sit, it-termini &#8220;a\u0127na&#8221;, &#8220;a\u0127na&#8221;, u &#8220;tag\u0127na&#8221; jirreferu g\u0127al <strong>UFI.EU<\/strong> . Billi \u017c\u017cur is-sit tag\u0127na u\/jew tixtri xi \u0127a\u0121a ming\u0127andna, qed tu\u017ca s-\u201cServizz\u201d tag\u0127na u taqbel li tkun marbuta bit <strong>-Termini u Kundizzjonijiet<\/strong> li \u0121ejjin (&#8220;Termini&#8221;), inklu\u017ci kwalunkwe termini, kundizzjonijiet u politika addizzjonali msemmija hawn jew marbuta minn din il-pa\u0121na.  <\/p>\n\n<p>Dawn it-Termini japplikaw g\u0127all-utenti kollha tas-sit, inklu\u017ci i\u017cda mhux limitati g\u0127al browsers, bejjieg\u0127a, klijenti, negozjanti, u kontributuri tal-kontenut. Jekk ma taqbilx mat-termini kollha ta\u2019 dan il-ftehim, ma tistax ta\u010b\u010bessa l-websajt jew tu\u017ca xi servizzi. <\/p>\n\n<p>A\u0127na nirri\u017cervaw id-dritt li na\u0121\u0121ornaw jew nimmodifikaw dawn it-Termini fi kwalunkwe \u0127in. Hija r-responsabbilt\u00e0 tieg\u0127ek li ti\u010b\u010bekkja din il-pa\u0121na regolarment. L-u\u017cu kontinwu tal-websajt wara kwalunkwe tibdil jikkostitwixxi a\u010b\u010bettazzjoni ta&#8217; dawk il-bidliet.  <\/p>\n\n<h2 class=\"wp-block-heading\" id=\"h-2-online-store-terms\"><strong>2. Termini tal-A\u0127\u017cen Online<\/strong><\/h2>\n\n<p>Billi taqbel ma&#8217; dawn it-Termini, tikkonferma li inti ta&#8217; et\u00e0 legali fil-pajji\u017c tar-residenza tieg\u0127ek, jew li tajt il-kunsens g\u0127al xi minorenni li ju\u017caw dan is-sit ta\u0127t ir-responsabbilt\u00e0 tieg\u0127ek.<\/p>\n\n<p>Inti ma tistax tu\u017ca l-prodotti jew is-servizzi tag\u0127na g\u0127al xi skop illegali jew mhux awtorizzat, u lanqas ma tista\u2019 tikser xi li\u0121ijiet fil-\u0121urisdizzjoni tieg\u0127ek waqt li tu\u017ca s-servizz. Ksur ta\u2019 xi wie\u0127ed minn dawn it-Termini jirri\u017culta fit-terminazzjoni immedjata tal-a\u010b\u010bess tieg\u0127ek g\u0127as-Servizzi tag\u0127na. <\/p>\n\n<h2 class=\"wp-block-heading\" id=\"h-3-accuracy-completeness-amp-timeliness-of-information\"><strong>3. E\u017cattezza, Kompletezza u Puntwalit\u00e0 tal-Informazzjoni<\/strong><\/h2>\n\n<p>A\u0127na m&#8217;a\u0127niex responsabbli jekk l-informazzjoni disponibbli fuq dan is-sit ma tkunx pre\u010bi\u017ca, kompluta jew attwali. Il-materjal huwa pprovdut g\u0127al informazzjoni \u0121enerali biss u m&#8217;g\u0127andux ji\u0121i bba\u017cat fuqu b\u0127ala l-unika ba\u017ci biex jittie\u0127du de\u010bi\u017cjonijiet. <\/p>\n\n<p>Nistg\u0127u na\u0121\u0121ornaw il-kontenut tal-websajt tag\u0127na fi kwalunkwe \u0127in, i\u017cda m&#8217;a\u0127niex obbligati li nag\u0127mlu dan. Taqbel li hija r-responsabbilt\u00e0 tieg\u0127ek li tissorvelja l-bidliet fis-sit tag\u0127na. <\/p>\n\n<h2 class=\"wp-block-heading\" id=\"h-4-modifications-to-services-amp-prices\"><strong>4. Modifiki g\u0127as-Servizzi u l-Prezzijiet<\/strong><\/h2>\n\n<p>Il-prezzijiet g\u0127as-servizzi tag\u0127na huma so\u0121\u0121etti g\u0127al tibdil ming\u0127ajr avvi\u017c. A\u0127na nirri\u017cervaw id-dritt fi kwalunkwe \u0127in li nimmodifikaw jew inwaqqfu servizz (jew parti minnu) ming\u0127ajr avvi\u017c. A\u0127na m&#8217;a\u0127niex responsabbli g\u0127al xi modifika, bidla fil-prezz, sospensjoni, jew waqfien tas-servizz.  <\/p>\n\n<h2 class=\"wp-block-heading\" id=\"h-5-products-amp-services\"><strong>5. Prodotti u Servizzi<\/strong><\/h2>\n\n<p>\u010aerti servizzi jistg\u0127u jkunu disponibbli esklussivament onlajn permezz tal-websajt tag\u0127na. Dawn jista&#8217; jkollhom disponibbilt\u00e0 limitata u huma su\u0121\u0121etti g\u0127all-Politika ta&#8217; Rifu\u017cjoni u Ritorn tag\u0127na. <\/p>\n\n<p>A\u0127na nirri\u017cervaw id-dritt li nillimitaw il-bejg\u0127 tas-servizzi tag\u0127na g\u0127al re\u0121juni, utenti jew \u0121urisdizzjonijiet spe\u010bifi\u010bi. Id-deskrizzjonijiet u l-ipprezzar tas-servizzi huma so\u0121\u0121etti g\u0127al tibdil ming\u0127ajr avvi\u017c. A\u0127na ma niggarantixxux li l-kwalit\u00e0 tas-servizzi mixtrija til\u0127aq l-aspettattivi tieg\u0127ek.  <\/p>\n\n<h2 class=\"wp-block-heading\" id=\"h-6-accuracy-of-billing-amp-account-information\"><strong>6. E\u017cattezza tal-Kontjar u Informazzjoni tal-Kont<\/strong><\/h2>\n\n<p>A\u0127na nirri\u017cervaw id-dritt li nirrifjutaw jew nikkan\u010bellaw kwalunkwe ordni. Inti taqbel li tipprovdi informazzjoni kurrenti, kompluta u pre\u010bi\u017ca dwar ix-xiri u l-kont. Int responsabbli biex ta\u0121\u0121orna minnufih il-kont tieg\u0127ek u d-dettalji tal-\u0127las.  <\/p>\n\n<h2 class=\"wp-block-heading\" id=\"h-7-use-of-pcn-and-country-tokens\"><strong>7. U\u017cu ta &#8216;PCN u Tokens tal-Pajji\u017c<\/strong><\/h2>\n\n<p>PCN u tokens tal-pajji\u017c jirrappre\u017centaw drittijiet biex jissottomettu notifiki PCN lil pajji\u017ci spe\u010bifi\u010bi tal-UE. It-tokens huma assenjati g\u0127al kull prodott g\u0127al kull pajji\u017c. It-tokens mhumiex rimborsabbli.  <\/p>\n\n<h2 class=\"wp-block-heading\" id=\"h-8-optional-tools-amp-third-party-links\"><strong>8. G\u0127odod Fakultattivi &amp; Links ta&#8217; Partijiet Terzi<\/strong><\/h2>\n\n<p>Nistg\u0127u nipprovdu a\u010b\u010bess g\u0127al g\u0127odod ta&#8217; partijiet terzi ming\u0127ajr monitora\u0121\u0121 jew kontroll. Inti taqbel li tu\u017ca dawn l-g\u0127odod g\u0127ar-riskju tieg\u0127ek. Links ta\u2019 partijiet terzi fuq is-sit tag\u0127na jistg\u0127u jidderie\u0121uk lejn websajts esterni. A\u0127na m&#8217;a\u0127niex responsabbli g\u0127all-kontenut jew il-prattiki tag\u0127hom.   <\/p>\n\n<h2 class=\"wp-block-heading\" id=\"h-9-user-submissions-amp-feedback\"><strong>9. Sottomissjonijiet tal-Utenti u Feedback<\/strong><\/h2>\n\n<p>Jekk tissottometti su\u0121\u0121erimenti, ideat, jew materjali o\u0127ra (kollettivament &#8220;kummenti&#8221;), taqbel li nistg\u0127u nu\u017cawhom ming\u0127ajr restrizzjoni. Inti ma tistax tippubblika kontenut illegali, malafamanti, jew ta &#8216;\u0127sara. Int responsabbli biss g\u0127as-sottomissjonijiet tieg\u0127ek.  <\/p>\n\n<h2 class=\"wp-block-heading\" id=\"h-10-personal-information\"><strong>10. Informazzjoni Personali<\/strong><\/h2>\n\n<p>L-immani\u0121\u0121jar tag\u0127na tad-dejta personali huwa rregolat mill <a href=\"https:\/\/www.ufi.eu\/mt\/politika-ta-privatezza\/\">-Politika ta&#8217; Privatezza<\/a> tag\u0127na. Jekk jog\u0127\u0121bok irrevedih g\u0127al aktar informazzjoni. <\/p>\n\n<h2 class=\"wp-block-heading\" id=\"h-11-errors-inaccuracies-amp-omissions\"><strong>11. \u017bbalji, Ine\u017cattezzi u Omissjonijiet<\/strong><\/h2>\n\n<p>A\u0127na nirri\u017cervaw id-dritt li nikkore\u0121u kwalunkwe \u017cball, ine\u017cattezzi, jew ommissjonijiet, u li nikkan\u010bellaw jew na\u0121\u0121ornaw ordnijiet jekk l-informazzjoni ma tkunx korretta fi kwalunkwe \u0127in ming\u0127ajr avvi\u017c minn qabel, inklu\u017c wara li tkun \u0121iet sottomessa ordni.<\/p>\n\n<h2 class=\"wp-block-heading\" id=\"h-12-prohibited-uses\"><strong>12. U\u017ci Projbiti<\/strong><\/h2>\n\n<p>Inti pprojbit milli tu\u017ca s-sit jew il-kontenut tieg\u0127u g\u0127al skopijiet illegali, biex tikser id-drittijiet tal-proprjet\u00e0 intellettwali, tfixkel lil \u0127addie\u0127or, txerred malware, ti\u0121bor data personali, jew tinterferixxi mas-sigurt\u00e0 tas-sit.<\/p>\n\n<h2 class=\"wp-block-heading\" id=\"h-13-disclaimer-of-warranties-limitation-of-liability\"><strong>13. \u010aa\u0127da ta&#8217; Garanziji; Limitazzjoni ta&#8217; Responsabbilt\u00e0<\/strong><\/h2>\n\n<p>Is-servizzi tag\u0127na huma pprovduti &#8220;kif inhu&#8221; u &#8220;kif disponibbli&#8221; ming\u0127ajr ebda garanzija. A\u0127na ma niggarantixxux servizz bla interruzzjoni jew ming\u0127ajr \u017cbalji. Fl-ebda ka\u017c UFI.EU jew id-diretturi, l-impjegati, jew l-affiljati tag\u0127ha ma g\u0127andhom ikunu responsabbli g\u0127al kwalunkwe danni diretti, indiretti, in\u010bidentali jew konsegwenzjali li jirri\u017cultaw mill-u\u017cu tas-servizzi tag\u0127na.  <\/p>\n\n<h2 class=\"wp-block-heading\" id=\"h-14-indemnification\"><strong>14. Indennizz<\/strong><\/h2>\n\n<p>Inti taqbel li tindennizza u \u017c\u017comm bla \u0127sara lil UFI.EU u lill-affiljati tag\u0127ha minn kwalunkwe talba jew talba, inklu\u017ci \u0127lasijiet legali, li jirri\u017cultaw mill-ksur tieg\u0127ek ta&#8217; dawn it-Termini jew kwalunkwe li\u0121i jew drittijiet ta&#8217; partijiet terzi.<\/p>\n\n<h2 class=\"wp-block-heading\" id=\"h-15-severability\"><strong>15. Separabbilt\u00e0<\/strong><\/h2>\n\n<p>Jekk xi dispo\u017cizzjoni ta&#8217; dawn it-Termini tinstab li hija illegali jew mhux infurzabbli, il-bqija tad-dispo\u017cizzjonijiet jibqg\u0127u fis-se\u0127\u0127.<\/p>\n\n<h2 class=\"wp-block-heading\" id=\"h-16-termination\"><strong>16. Terminazzjoni<\/strong><\/h2>\n\n<p>Dawn it-Termini huma effettivi sakemm ma ji\u0121ux terminati minnek jew minna. Nistg\u0127u nitterminaw dan il-ftehim fi kwalunkwe \u0127in jekk tikser dawn it-Termini. Mat-terminazzjoni, inti tibqa\u2019 responsabbli g\u0127all-ammonti kollha dovuti.  <\/p>\n\n<h2 class=\"wp-block-heading\" id=\"h-17-entire-agreement\"><strong>17. Ftehim S\u0127i\u0127<\/strong><\/h2>\n\n<p>Dawn it-Termini u kwalunkwe politika mwa\u0127\u0127la fuq dan is-sit jikkostitwixxu l-ftehim kollu bejnek u UFI.EU rigward l-u\u017cu tas-servizzi tag\u0127na.<\/p>\n\n<h2 class=\"wp-block-heading\" id=\"h-18-governing-law\"><strong>18. Li\u0121i Governattiva<\/strong><\/h2>\n\n<p>Dawn it-Termini u kwalunkwe tilwim relatat mag\u0127hom g\u0127andhom ikunu rregolati minn u interpretati skont <strong>il-li\u0121i Olandi\u017ca<\/strong> . Il-ftehimiet kollha jitqiesu li \u0121ew esegwiti f&#8217;Almere, l-Olanda. <\/p>\n\n<h2 class=\"wp-block-heading\" id=\"h-19-changes-to-these-terms\"><strong>19. Bidliet g\u0127al Dawn it-Termini<\/strong><\/h2>\n\n<p>Il-ver\u017cjoni attwali tat-Termini hija dejjem disponibbli fuq din il-pa\u0121na. A\u0127na nirri\u017cervaw id-dritt li na\u0121\u0121ornaw, nibdlu jew nissostitwixxu kwalunkwe parti minn dawn it-Termini fid-diskrezzjoni tag\u0127na. <\/p>\n","protected":false},"excerpt":{"rendered":"<p>Kumpanija: UFI.EU Indirizz Re\u0121istrat: Transistorstraat 91 &#8211; 02, 1322 CL Almere, l-Olanda Kamra tal-Kummer\u010b (KvK): 61064939 ID tal-VAT: NL854189543B01 1. \u0126arsa \u0121enerali Din il-websajt hija m\u0127addma minn UFI.EU. Matul is-sit, it-termini &#8220;a\u0127na&#8221;, &#8220;a\u0127na&#8221;, u &#8220;tag\u0127na&#8221; jirreferu g\u0127al UFI.EU . Billi \u017c\u017cur is-sit tag\u0127na u\/jew tixtri xi \u0127a\u0121a ming\u0127andna, qed tu\u017ca s-\u201cServizz\u201d tag\u0127na u taqbel li [&hellip;]<\/p>\n","protected":false},"author":1,"featured_media":0,"parent":0,"menu_order":0,"comment_status":"closed","ping_status":"closed","template":"","meta":{"footnotes":""},"class_list":["post-11230","page","type-page","status-publish","hentry"],"yoast_head":"<!-- This site is optimized with the Yoast SEO Premium plugin v25.1 (Yoast SEO v25.1) - https:\/\/yoast.com\/wordpress\/plugins\/seo\/ -->\n<title>Termini u Kundizzjonijiet - UFI<\/title>\n<meta name=\"robots\" content=\"index, follow, max-snippet:-1, max-image-preview:large, max-video-preview:-1\" \/>\n<link rel=\"canonical\" href=\"https:\/\/www.ufi.eu\/mt\/termini-u-kundizzjonijiet\/\" \/>\n<meta property=\"og:locale\" content=\"mt_MT\" \/>\n<meta property=\"og:type\" content=\"article\" \/>\n<meta property=\"og:title\" content=\"Termini u Kundizzjonijiet\" \/>\n<meta property=\"og:description\" content=\"Kumpanija: UFI.EU Indirizz Re\u0121istrat: Transistorstraat 91 &#8211; 02, 1322 CL Almere, l-Olanda Kamra tal-Kummer\u010b (KvK): 61064939 ID tal-VAT: NL854189543B01 1. \u0126arsa \u0121enerali Din il-websajt hija m\u0127addma minn UFI.EU. Matul is-sit, it-termini &#8220;a\u0127na&#8221;, &#8220;a\u0127na&#8221;, u &#8220;tag\u0127na&#8221; jirreferu g\u0127al UFI.EU . Billi \u017c\u017cur is-sit tag\u0127na u\/jew tixtri xi \u0127a\u0121a ming\u0127andna, qed tu\u017ca s-\u201cServizz\u201d tag\u0127na u taqbel li [&hellip;]\" \/>\n<meta property=\"og:url\" content=\"https:\/\/www.ufi.eu\/mt\/termini-u-kundizzjonijiet\/\" \/>\n<meta property=\"og:site_name\" content=\"UFI\" \/>\n<meta property=\"article:modified_time\" content=\"2025-04-15T07:32:25+00:00\" \/>\n<meta name=\"twitter:card\" content=\"summary_large_image\" \/>\n<meta name=\"twitter:label1\" content=\"Est. reading time\" \/>\n\t<meta name=\"twitter:data1\" content=\"5 minutes\" \/>\n<script type=\"application\/ld+json\" class=\"yoast-schema-graph\">{\"@context\":\"https:\/\/schema.org\",\"@graph\":[{\"@type\":\"WebPage\",\"@id\":\"https:\/\/www.ufi.eu\/mt\/termini-u-kundizzjonijiet\/\",\"url\":\"https:\/\/www.ufi.eu\/mt\/termini-u-kundizzjonijiet\/\",\"name\":\"Termini u Kundizzjonijiet - UFI\",\"isPartOf\":{\"@id\":\"https:\/\/www.ufi.eu\/mt\/#website\"},\"datePublished\":\"2025-04-15T07:32:24+00:00\",\"dateModified\":\"2025-04-15T07:32:25+00:00\",\"breadcrumb\":{\"@id\":\"https:\/\/www.ufi.eu\/mt\/termini-u-kundizzjonijiet\/#breadcrumb\"},\"inLanguage\":\"mt-MT\",\"potentialAction\":[{\"@type\":\"ReadAction\",\"target\":[\"https:\/\/www.ufi.eu\/mt\/termini-u-kundizzjonijiet\/\"]}]},{\"@type\":\"BreadcrumbList\",\"@id\":\"https:\/\/www.ufi.eu\/mt\/termini-u-kundizzjonijiet\/#breadcrumb\",\"itemListElement\":[{\"@type\":\"ListItem\",\"position\":1,\"name\":\"Home\",\"item\":\"https:\/\/www.ufi.eu\/mt\/dar\/\"},{\"@type\":\"ListItem\",\"position\":2,\"name\":\"Termini u Kundizzjonijiet\"}]},{\"@type\":\"WebSite\",\"@id\":\"https:\/\/www.ufi.eu\/mt\/#website\",\"url\":\"https:\/\/www.ufi.eu\/mt\/\",\"name\":\"UFI.EU\",\"description\":\"Poison Centre Notifications (PCN) and UFI\",\"publisher\":{\"@id\":\"https:\/\/www.ufi.eu\/mt\/#organization\"},\"potentialAction\":[{\"@type\":\"SearchAction\",\"target\":{\"@type\":\"EntryPoint\",\"urlTemplate\":\"https:\/\/www.ufi.eu\/mt\/?s={search_term_string}\"},\"query-input\":{\"@type\":\"PropertyValueSpecification\",\"valueRequired\":true,\"valueName\":\"search_term_string\"}}],\"inLanguage\":\"mt-MT\"},{\"@type\":\"Organization\",\"@id\":\"https:\/\/www.ufi.eu\/mt\/#organization\",\"name\":\"UFI.EU\",\"url\":\"https:\/\/www.ufi.eu\/mt\/\",\"logo\":{\"@type\":\"ImageObject\",\"inLanguage\":\"mt-MT\",\"@id\":\"https:\/\/www.ufi.eu\/mt\/#\/schema\/logo\/image\/\",\"url\":\"https:\/\/www.ufi.eu\/wp-content\/uploads\/2025\/03\/cropped-logo_ufi3.jpg\",\"contentUrl\":\"https:\/\/www.ufi.eu\/wp-content\/uploads\/2025\/03\/cropped-logo_ufi3.jpg\",\"width\":231,\"height\":78,\"caption\":\"UFI.EU\"},\"image\":{\"@id\":\"https:\/\/www.ufi.eu\/mt\/#\/schema\/logo\/image\/\"},\"description\":\"UFI.eu specializes in digital registrations for Poison Centre Notifications (PCN), ensuring your chemical products meet EU regulatory requirements effortlessly. Our streamlined solutions help businesses stay compliant while reducing complexity and administrative burden.\",\"email\":\"info@ufi.eu\",\"legalName\":\"UFI.EU\"}]}<\/script>\n<!-- \/ Yoast SEO Premium plugin. -->","yoast_head_json":{"title":"Termini u Kundizzjonijiet - UFI","robots":{"index":"index","follow":"follow","max-snippet":"max-snippet:-1","max-image-preview":"max-image-preview:large","max-video-preview":"max-video-preview:-1"},"canonical":"https:\/\/www.ufi.eu\/mt\/termini-u-kundizzjonijiet\/","og_locale":"mt_MT","og_type":"article","og_title":"Termini u Kundizzjonijiet","og_description":"Kumpanija: UFI.EU Indirizz Re\u0121istrat: Transistorstraat 91 &#8211; 02, 1322 CL Almere, l-Olanda Kamra tal-Kummer\u010b (KvK): 61064939 ID tal-VAT: NL854189543B01 1. \u0126arsa \u0121enerali Din il-websajt hija m\u0127addma minn UFI.EU. Matul is-sit, it-termini &#8220;a\u0127na&#8221;, &#8220;a\u0127na&#8221;, u &#8220;tag\u0127na&#8221; jirreferu g\u0127al UFI.EU . Billi \u017c\u017cur is-sit tag\u0127na u\/jew tixtri xi \u0127a\u0121a ming\u0127andna, qed tu\u017ca s-\u201cServizz\u201d tag\u0127na u taqbel li [&hellip;]","og_url":"https:\/\/www.ufi.eu\/mt\/termini-u-kundizzjonijiet\/","og_site_name":"UFI","article_modified_time":"2025-04-15T07:32:25+00:00","twitter_card":"summary_large_image","twitter_misc":{"Est. reading time":"5 minutes"},"schema":{"@context":"https:\/\/schema.org","@graph":[{"@type":"WebPage","@id":"https:\/\/www.ufi.eu\/mt\/termini-u-kundizzjonijiet\/","url":"https:\/\/www.ufi.eu\/mt\/termini-u-kundizzjonijiet\/","name":"Termini u Kundizzjonijiet - UFI","isPartOf":{"@id":"https:\/\/www.ufi.eu\/mt\/#website"},"datePublished":"2025-04-15T07:32:24+00:00","dateModified":"2025-04-15T07:32:25+00:00","breadcrumb":{"@id":"https:\/\/www.ufi.eu\/mt\/termini-u-kundizzjonijiet\/#breadcrumb"},"inLanguage":"mt-MT","potentialAction":[{"@type":"ReadAction","target":["https:\/\/www.ufi.eu\/mt\/termini-u-kundizzjonijiet\/"]}]},{"@type":"BreadcrumbList","@id":"https:\/\/www.ufi.eu\/mt\/termini-u-kundizzjonijiet\/#breadcrumb","itemListElement":[{"@type":"ListItem","position":1,"name":"Home","item":"https:\/\/www.ufi.eu\/mt\/dar\/"},{"@type":"ListItem","position":2,"name":"Termini u Kundizzjonijiet"}]},{"@type":"WebSite","@id":"https:\/\/www.ufi.eu\/mt\/#website","url":"https:\/\/www.ufi.eu\/mt\/","name":"UFI.EU","description":"Poison Centre Notifications (PCN) and UFI","publisher":{"@id":"https:\/\/www.ufi.eu\/mt\/#organization"},"potentialAction":[{"@type":"SearchAction","target":{"@type":"EntryPoint","urlTemplate":"https:\/\/www.ufi.eu\/mt\/?s={search_term_string}"},"query-input":{"@type":"PropertyValueSpecification","valueRequired":true,"valueName":"search_term_string"}}],"inLanguage":"mt-MT"},{"@type":"Organization","@id":"https:\/\/www.ufi.eu\/mt\/#organization","name":"UFI.EU","url":"https:\/\/www.ufi.eu\/mt\/","logo":{"@type":"ImageObject","inLanguage":"mt-MT","@id":"https:\/\/www.ufi.eu\/mt\/#\/schema\/logo\/image\/","url":"https:\/\/www.ufi.eu\/wp-content\/uploads\/2025\/03\/cropped-logo_ufi3.jpg","contentUrl":"https:\/\/www.ufi.eu\/wp-content\/uploads\/2025\/03\/cropped-logo_ufi3.jpg","width":231,"height":78,"caption":"UFI.EU"},"image":{"@id":"https:\/\/www.ufi.eu\/mt\/#\/schema\/logo\/image\/"},"description":"UFI.eu specializes in digital registrations for Poison Centre Notifications (PCN), ensuring your chemical products meet EU regulatory requirements effortlessly. Our streamlined solutions help businesses stay compliant while reducing complexity and administrative burden.","email":"info@ufi.eu","legalName":"UFI.EU"}]}},"_links":{"self":[{"href":"https:\/\/www.ufi.eu\/mt\/wp-json\/wp\/v2\/pages\/11230","targetHints":{"allow":["GET"]}}],"collection":[{"href":"https:\/\/www.ufi.eu\/mt\/wp-json\/wp\/v2\/pages"}],"about":[{"href":"https:\/\/www.ufi.eu\/mt\/wp-json\/wp\/v2\/types\/page"}],"author":[{"embeddable":true,"href":"https:\/\/www.ufi.eu\/mt\/wp-json\/wp\/v2\/users\/1"}],"replies":[{"embeddable":true,"href":"https:\/\/www.ufi.eu\/mt\/wp-json\/wp\/v2\/comments?post=11230"}],"version-history":[{"count":1,"href":"https:\/\/www.ufi.eu\/mt\/wp-json\/wp\/v2\/pages\/11230\/revisions"}],"predecessor-version":[{"id":11243,"href":"https:\/\/www.ufi.eu\/mt\/wp-json\/wp\/v2\/pages\/11230\/revisions\/11243"}],"wp:attachment":[{"href":"https:\/\/www.ufi.eu\/mt\/wp-json\/wp\/v2\/media?parent=11230"}],"curies":[{"name":"wp","href":"https:\/\/api.w.org\/{rel}","templated":true}]}}