{"id":10050,"date":"2025-04-14T21:43:07","date_gmt":"2025-04-14T21:43:07","guid":{"rendered":"https:\/\/www.ufi.eu\/politika-ta-privatezza\/"},"modified":"2025-04-14T21:43:10","modified_gmt":"2025-04-14T21:43:10","slug":"politika-ta-privatezza","status":"publish","type":"page","link":"https:\/\/www.ufi.eu\/mt\/politika-ta-privatezza\/","title":{"rendered":"Politika ta&#8217; Privatezza"},"content":{"rendered":"\n<h2 class=\"wp-block-heading\" id=\"h-who-we-are\">Min a\u0127na<\/h2>\n\n<p>L-indirizz tal-websajt tag\u0127na huwa: https:\/\/www.ufi.eu.<\/p>\n\n<h2 class=\"wp-block-heading\" id=\"h-comments\">Kummenti<\/h2>\n\n<p>Meta l-vi\u017citaturi j\u0127allu kummenti fuq is-sit a\u0127na ni\u0121bru d-dejta murija fil-formola tal-kummenti, u wkoll l-indirizz IP tal-vi\u017citatur u l-sekwenza tal-a\u0121ent tal-utent tal-browser biex tg\u0127in is-sejbien tal-ispam.<\/p>\n\n<p>Sekwenza anonima ma\u0127luqa mill-indirizz tal-email tieg\u0127ek (imsej\u0127a wkoll hash) tista&#8217; ti\u0121i pprovduta lis-servizz Gravatar biex tara jekk tkunx qed tu\u017cah. Il-politika tal-privatezza tas-servizz Gravatar hija disponibbli hawn: https:\/\/automattic.com\/privacy\/. Wara l-approvazzjoni tal-kumment tieg\u0127ek, l-istampa tal-profil tieg\u0127ek hija vi\u017cibbli g\u0127all-pubbliku fil-kuntest tal-kumment tieg\u0127ek. <\/p>\n\n<h2 class=\"wp-block-heading\" id=\"h-media\">Midja<\/h2>\n\n<p>Jekk ittella\u2019 imma\u0121ini fuq il-websajt, g\u0127andek tevita li ttella\u2019 imma\u0121ini b\u2019dejta tal-post inkorporata (EXIF GPS) inklu\u017ca. Vi\u017citaturi tal-websajt jistg\u0127u jni\u017c\u017clu u estratt kwalunkwe data dwar il-post minn imma\u0121ini fuq il-websajt. <\/p>\n\n<h2 class=\"wp-block-heading\" id=\"h-cookies\">Cookies<\/h2>\n\n<p>Jekk t\u0127alli kumment fuq is-sit tag\u0127na tista&#8217; tag\u0127\u017cel li tissejvja ismek, l-indirizz elettroniku u l-websajt fil-cookies. Dawn huma g\u0127all-konvenjenza tieg\u0127ek sabiex ma jkollokx g\u0127alfejn ter\u0121a\u2019 timla d-dettalji tieg\u0127ek meta t\u0127alli kumment ie\u0127or. Dawn il-cookies se jdumu g\u0127al sena.  <\/p>\n\n<p>Jekk i\u017c\u017cur il-pa\u0121na tal-login tag\u0127na, a\u0127na nissettjaw cookie temporanja biex niddeterminaw jekk il-browser tieg\u0127ek ja\u010b\u010bettax cookies. Din il-cookie ma fiha l-ebda data personali u tintrema meta tag\u0127laq il-browser tieg\u0127ek. <\/p>\n\n<p>Meta tid\u0127ol, a\u0127na se nwaqqfu wkoll diversi cookies biex insalvaw l-informazzjoni tal-login tieg\u0127ek u l-g\u0127a\u017cliet tal-wiri tal-iskrin tieg\u0127ek. Il-cookies tal-login idumu jumejn, u l-cookies tal-g\u0127a\u017cliet tal-iskrin idumu g\u0127al sena. Jekk tag\u0127\u017cel &#8220;Ftakarni&#8221;, il-login tieg\u0127ek jippersisti g\u0127al \u0121img\u0127atejn. Jekk tilloggja mill-kont tieg\u0127ek, il-cookies tal-login jitne\u0127\u0127ew.   <\/p>\n\n<p>Jekk teditja jew tippubblika artiklu, cookie addizzjonali ti\u0121i ssejvjata fil-browser tieg\u0127ek. Din il-cookie ma tinkludi l-ebda dejta personali u sempli\u010bement tindika l-ID tal-post tal-artiklu li g\u0127adek kif editjat. Tiskadi wara \u0121urnata.  <\/p>\n\n<h2 class=\"wp-block-heading\" id=\"h-embedded-content-from-other-websites\">Kontenut inkorporat minn websajts o\u0127ra<\/h2>\n\n<p>L-artikoli fuq dan is-sit jistg\u0127u jinkludu kontenut inkorporat (e\u017c. vidjows, stampi, artikoli, e\u010b\u010b.). Kontenut inkorporat minn websajts o\u0127ra j\u0121ib ru\u0127u bl-istess mod e\u017catt b\u0127allikieku l-vi\u017citatur ikun \u017car il-websajt l-o\u0127ra. <\/p>\n\n<p>Dawn il-websajts jistg\u0127u ji\u0121bru dejta dwarek, ju\u017caw cookies, ida\u0127\u0127lu tra\u010b\u010bar addizzjonali ta\u2019 partijiet terzi, u jimmonitorjaw l-interazzjoni tieg\u0127ek ma\u2019 dak il-kontenut inkorporat, inklu\u017c it-tra\u010b\u010bar tal-interazzjoni tieg\u0127ek mal-kontenut inkorporat jekk g\u0127andek kont u tkun illoggjat ma\u2019 dik il-websajt.<\/p>\n\n<h2 class=\"wp-block-heading\" id=\"h-who-we-share-your-data-with\">Ma&#8217; min naqsmu d-data tieg\u0127ek<\/h2>\n\n<p>Jekk titlob reset tal-password, l-indirizz IP tieg\u0127ek se jkun inklu\u017c fl-email reset.<\/p>\n\n<h2 class=\"wp-block-heading\" id=\"h-how-long-we-retain-your-data\">Kemm in\u017commu d-data tieg\u0127ek<\/h2>\n\n<p><strong class=\"privacy-policy-tutorial\"> <\/strong>Jekk t\u0127alli kumment, il-kumment u l-metadejta tieg\u0127u jin\u017cammu g\u0127al \u017cmien indefinit. Dan sabiex inkunu nistg\u0127u nirrikonoxxu u napprovaw kwalunkwe kumment ta&#8217; segwitu awtomatikament minflok ma n\u017commuhom fi kju ta&#8217; moderazzjoni. <\/p>\n\n<p>G\u0127all-utenti li jirre\u0121istraw fuq il-websajt tag\u0127na (jekk hemm), a\u0127na na\u0127\u017cnu wkoll l-informazzjoni personali li jipprovdu fil-profil tal-utent tag\u0127hom. L-utenti kollha jistg\u0127u jaraw, jeditjaw jew i\u0127assru l-informazzjoni personali tag\u0127hom fi kwalunkwe \u0127in (\u0127lief li ma jistg\u0127ux ibiddlu l-isem tal-utent tag\u0127hom). L-amministraturi tal-websajt jistg\u0127u wkoll jaraw u jeditjaw dik l-informazzjoni.  <\/p>\n\n<h2 class=\"wp-block-heading\" id=\"h-what-rights-you-have-over-your-data\">X&#8217;drittijiet g\u0127andek fuq id-data tieg\u0127ek<\/h2>\n\n<p><strong class=\"privacy-policy-tutorial\"> <\/strong>Jekk g\u0127andek kont fuq dan is-sit, jew \u0127allejt kummenti, tista&#8217; titlob li tir\u010bievi fajl esportat tad-dejta personali li n\u017commu dwarek, inklu\u017ca kwalunkwe dejta li pprovdtilna. Tista&#8217; wkoll titlob li n\u0127assru kwalunkwe data personali li n\u017commu dwarek. Dan ma jinkludi l-ebda data li a\u0127na obbligati li n\u017commu g\u0127al skopijiet amministrattivi, legali jew ta\u2019 sigurt\u00e0.  <\/p>\n\n<h2 class=\"wp-block-heading\" id=\"h-where-your-data-is-sent\">Fejn tintbag\u0127at id-data tieg\u0127ek<\/h2>\n\n<p>Il-kummenti tal-vi\u017citaturi jistg\u0127u ji\u0121u \u010b\u010bekkjati permezz ta&#8217; servizz awtomatizzat ta&#8217; skoperta tal-ispam.<\/p>\n","protected":false},"excerpt":{"rendered":"<p>Min a\u0127na L-indirizz tal-websajt tag\u0127na huwa: https:\/\/www.ufi.eu. Kummenti Meta l-vi\u017citaturi j\u0127allu kummenti fuq is-sit a\u0127na ni\u0121bru d-dejta murija fil-formola tal-kummenti, u wkoll l-indirizz IP tal-vi\u017citatur u l-sekwenza tal-a\u0121ent tal-utent tal-browser biex tg\u0127in is-sejbien tal-ispam. Sekwenza anonima ma\u0127luqa mill-indirizz tal-email tieg\u0127ek (imsej\u0127a wkoll hash) tista&#8217; ti\u0121i pprovduta lis-servizz Gravatar biex tara jekk tkunx qed tu\u017cah. Il-politika [&hellip;]<\/p>\n","protected":false},"author":1,"featured_media":0,"parent":0,"menu_order":0,"comment_status":"closed","ping_status":"open","template":"","meta":{"footnotes":""},"class_list":["post-10050","page","type-page","status-publish","hentry"],"yoast_head":"<!-- This site is optimized with the Yoast SEO Premium plugin v25.1 (Yoast SEO v25.1) - https:\/\/yoast.com\/wordpress\/plugins\/seo\/ -->\n<title>Politika ta&#039; Privatezza - UFI<\/title>\n<meta name=\"robots\" content=\"index, follow, max-snippet:-1, max-image-preview:large, max-video-preview:-1\" \/>\n<link rel=\"canonical\" href=\"https:\/\/www.ufi.eu\/mt\/politika-ta-privatezza\/\" \/>\n<meta property=\"og:locale\" content=\"mt_MT\" \/>\n<meta property=\"og:type\" content=\"article\" \/>\n<meta property=\"og:title\" content=\"Politika ta&#039; Privatezza\" \/>\n<meta property=\"og:description\" content=\"Min a\u0127na L-indirizz tal-websajt tag\u0127na huwa: https:\/\/www.ufi.eu. Kummenti Meta l-vi\u017citaturi j\u0127allu kummenti fuq is-sit a\u0127na ni\u0121bru d-dejta murija fil-formola tal-kummenti, u wkoll l-indirizz IP tal-vi\u017citatur u l-sekwenza tal-a\u0121ent tal-utent tal-browser biex tg\u0127in is-sejbien tal-ispam. Sekwenza anonima ma\u0127luqa mill-indirizz tal-email tieg\u0127ek (imsej\u0127a wkoll hash) tista&#8217; ti\u0121i pprovduta lis-servizz Gravatar biex tara jekk tkunx qed tu\u017cah. Il-politika [&hellip;]\" \/>\n<meta property=\"og:url\" content=\"https:\/\/www.ufi.eu\/mt\/politika-ta-privatezza\/\" \/>\n<meta property=\"og:site_name\" content=\"UFI\" \/>\n<meta property=\"article:modified_time\" content=\"2025-04-14T21:43:10+00:00\" \/>\n<meta name=\"twitter:card\" content=\"summary_large_image\" \/>\n<meta name=\"twitter:label1\" content=\"Est. reading time\" \/>\n\t<meta name=\"twitter:data1\" content=\"3 minutes\" \/>\n<script type=\"application\/ld+json\" class=\"yoast-schema-graph\">{\"@context\":\"https:\/\/schema.org\",\"@graph\":[{\"@type\":\"WebPage\",\"@id\":\"https:\/\/www.ufi.eu\/mt\/politika-ta-privatezza\/\",\"url\":\"https:\/\/www.ufi.eu\/mt\/politika-ta-privatezza\/\",\"name\":\"Politika ta' Privatezza - UFI\",\"isPartOf\":{\"@id\":\"https:\/\/www.ufi.eu\/mt\/#website\"},\"datePublished\":\"2025-04-14T21:43:07+00:00\",\"dateModified\":\"2025-04-14T21:43:10+00:00\",\"breadcrumb\":{\"@id\":\"https:\/\/www.ufi.eu\/mt\/politika-ta-privatezza\/#breadcrumb\"},\"inLanguage\":\"mt-MT\",\"potentialAction\":[{\"@type\":\"ReadAction\",\"target\":[\"https:\/\/www.ufi.eu\/mt\/politika-ta-privatezza\/\"]}]},{\"@type\":\"BreadcrumbList\",\"@id\":\"https:\/\/www.ufi.eu\/mt\/politika-ta-privatezza\/#breadcrumb\",\"itemListElement\":[{\"@type\":\"ListItem\",\"position\":1,\"name\":\"Home\",\"item\":\"https:\/\/www.ufi.eu\/mt\/dar\/\"},{\"@type\":\"ListItem\",\"position\":2,\"name\":\"Politika ta&#8217; Privatezza\"}]},{\"@type\":\"WebSite\",\"@id\":\"https:\/\/www.ufi.eu\/mt\/#website\",\"url\":\"https:\/\/www.ufi.eu\/mt\/\",\"name\":\"UFI.EU\",\"description\":\"Poison Centre Notifications (PCN) and UFI\",\"publisher\":{\"@id\":\"https:\/\/www.ufi.eu\/mt\/#organization\"},\"potentialAction\":[{\"@type\":\"SearchAction\",\"target\":{\"@type\":\"EntryPoint\",\"urlTemplate\":\"https:\/\/www.ufi.eu\/mt\/?s={search_term_string}\"},\"query-input\":{\"@type\":\"PropertyValueSpecification\",\"valueRequired\":true,\"valueName\":\"search_term_string\"}}],\"inLanguage\":\"mt-MT\"},{\"@type\":\"Organization\",\"@id\":\"https:\/\/www.ufi.eu\/mt\/#organization\",\"name\":\"UFI.EU\",\"url\":\"https:\/\/www.ufi.eu\/mt\/\",\"logo\":{\"@type\":\"ImageObject\",\"inLanguage\":\"mt-MT\",\"@id\":\"https:\/\/www.ufi.eu\/mt\/#\/schema\/logo\/image\/\",\"url\":\"https:\/\/www.ufi.eu\/wp-content\/uploads\/2025\/03\/cropped-logo_ufi3.jpg\",\"contentUrl\":\"https:\/\/www.ufi.eu\/wp-content\/uploads\/2025\/03\/cropped-logo_ufi3.jpg\",\"width\":231,\"height\":78,\"caption\":\"UFI.EU\"},\"image\":{\"@id\":\"https:\/\/www.ufi.eu\/mt\/#\/schema\/logo\/image\/\"},\"description\":\"UFI.eu specializes in digital registrations for Poison Centre Notifications (PCN), ensuring your chemical products meet EU regulatory requirements effortlessly. Our streamlined solutions help businesses stay compliant while reducing complexity and administrative burden.\",\"email\":\"info@ufi.eu\",\"legalName\":\"UFI.EU\"}]}<\/script>\n<!-- \/ Yoast SEO Premium plugin. -->","yoast_head_json":{"title":"Politika ta' Privatezza - UFI","robots":{"index":"index","follow":"follow","max-snippet":"max-snippet:-1","max-image-preview":"max-image-preview:large","max-video-preview":"max-video-preview:-1"},"canonical":"https:\/\/www.ufi.eu\/mt\/politika-ta-privatezza\/","og_locale":"mt_MT","og_type":"article","og_title":"Politika ta' Privatezza","og_description":"Min a\u0127na L-indirizz tal-websajt tag\u0127na huwa: https:\/\/www.ufi.eu. Kummenti Meta l-vi\u017citaturi j\u0127allu kummenti fuq is-sit a\u0127na ni\u0121bru d-dejta murija fil-formola tal-kummenti, u wkoll l-indirizz IP tal-vi\u017citatur u l-sekwenza tal-a\u0121ent tal-utent tal-browser biex tg\u0127in is-sejbien tal-ispam. Sekwenza anonima ma\u0127luqa mill-indirizz tal-email tieg\u0127ek (imsej\u0127a wkoll hash) tista&#8217; ti\u0121i pprovduta lis-servizz Gravatar biex tara jekk tkunx qed tu\u017cah. Il-politika [&hellip;]","og_url":"https:\/\/www.ufi.eu\/mt\/politika-ta-privatezza\/","og_site_name":"UFI","article_modified_time":"2025-04-14T21:43:10+00:00","twitter_card":"summary_large_image","twitter_misc":{"Est. reading time":"3 minutes"},"schema":{"@context":"https:\/\/schema.org","@graph":[{"@type":"WebPage","@id":"https:\/\/www.ufi.eu\/mt\/politika-ta-privatezza\/","url":"https:\/\/www.ufi.eu\/mt\/politika-ta-privatezza\/","name":"Politika ta' Privatezza - UFI","isPartOf":{"@id":"https:\/\/www.ufi.eu\/mt\/#website"},"datePublished":"2025-04-14T21:43:07+00:00","dateModified":"2025-04-14T21:43:10+00:00","breadcrumb":{"@id":"https:\/\/www.ufi.eu\/mt\/politika-ta-privatezza\/#breadcrumb"},"inLanguage":"mt-MT","potentialAction":[{"@type":"ReadAction","target":["https:\/\/www.ufi.eu\/mt\/politika-ta-privatezza\/"]}]},{"@type":"BreadcrumbList","@id":"https:\/\/www.ufi.eu\/mt\/politika-ta-privatezza\/#breadcrumb","itemListElement":[{"@type":"ListItem","position":1,"name":"Home","item":"https:\/\/www.ufi.eu\/mt\/dar\/"},{"@type":"ListItem","position":2,"name":"Politika ta&#8217; Privatezza"}]},{"@type":"WebSite","@id":"https:\/\/www.ufi.eu\/mt\/#website","url":"https:\/\/www.ufi.eu\/mt\/","name":"UFI.EU","description":"Poison Centre Notifications (PCN) and UFI","publisher":{"@id":"https:\/\/www.ufi.eu\/mt\/#organization"},"potentialAction":[{"@type":"SearchAction","target":{"@type":"EntryPoint","urlTemplate":"https:\/\/www.ufi.eu\/mt\/?s={search_term_string}"},"query-input":{"@type":"PropertyValueSpecification","valueRequired":true,"valueName":"search_term_string"}}],"inLanguage":"mt-MT"},{"@type":"Organization","@id":"https:\/\/www.ufi.eu\/mt\/#organization","name":"UFI.EU","url":"https:\/\/www.ufi.eu\/mt\/","logo":{"@type":"ImageObject","inLanguage":"mt-MT","@id":"https:\/\/www.ufi.eu\/mt\/#\/schema\/logo\/image\/","url":"https:\/\/www.ufi.eu\/wp-content\/uploads\/2025\/03\/cropped-logo_ufi3.jpg","contentUrl":"https:\/\/www.ufi.eu\/wp-content\/uploads\/2025\/03\/cropped-logo_ufi3.jpg","width":231,"height":78,"caption":"UFI.EU"},"image":{"@id":"https:\/\/www.ufi.eu\/mt\/#\/schema\/logo\/image\/"},"description":"UFI.eu specializes in digital registrations for Poison Centre Notifications (PCN), ensuring your chemical products meet EU regulatory requirements effortlessly. Our streamlined solutions help businesses stay compliant while reducing complexity and administrative burden.","email":"info@ufi.eu","legalName":"UFI.EU"}]}},"_links":{"self":[{"href":"https:\/\/www.ufi.eu\/mt\/wp-json\/wp\/v2\/pages\/10050","targetHints":{"allow":["GET"]}}],"collection":[{"href":"https:\/\/www.ufi.eu\/mt\/wp-json\/wp\/v2\/pages"}],"about":[{"href":"https:\/\/www.ufi.eu\/mt\/wp-json\/wp\/v2\/types\/page"}],"author":[{"embeddable":true,"href":"https:\/\/www.ufi.eu\/mt\/wp-json\/wp\/v2\/users\/1"}],"replies":[{"embeddable":true,"href":"https:\/\/www.ufi.eu\/mt\/wp-json\/wp\/v2\/comments?post=10050"}],"version-history":[{"count":1,"href":"https:\/\/www.ufi.eu\/mt\/wp-json\/wp\/v2\/pages\/10050\/revisions"}],"predecessor-version":[{"id":10051,"href":"https:\/\/www.ufi.eu\/mt\/wp-json\/wp\/v2\/pages\/10050\/revisions\/10051"}],"wp:attachment":[{"href":"https:\/\/www.ufi.eu\/mt\/wp-json\/wp\/v2\/media?parent=10050"}],"curies":[{"name":"wp","href":"https:\/\/api.w.org\/{rel}","templated":true}]}}