{"id":31732,"date":"2025-06-25T10:04:58","date_gmt":"2025-09-24T14:39:57","guid":{"rendered":"https:\/\/www.ufi.eu\/product\/pcn-un-ufi-komplekts\/"},"modified":"2026-01-09T16:13:40","modified_gmt":"2026-01-09T16:13:40","slug":"pcn-un-ufi-komplekts","status":"publish","type":"product","link":"https:\/\/www.ufi.eu\/lv\/product\/pcn-un-ufi-komplekts\/","title":{"rendered":"PCN un UFI komplekts"},"content":{"rendered":"\n<h2 class=\"wp-block-heading\" id=\"h-how-does-the-ufi-creation-and-pcn-notification-service-work\">K\u0101 darbojas UFI izveides un PCN pazi\u0146o\u0161anas pakalpojums?<\/h2>\n\n<p>Ieg\u0101d\u0101joties \u0161o pakalpojumu, j\u016bs sa\u0146emsiet piek\u013cuvi dro\u0161am port\u0101lam. \u0160aj\u0101 port\u0101l\u0101 ir ietverts p\u0101rskats par visiem so\u013ciem.  Aizpildiet inform\u0101ciju par savu produktu, un m\u0113s \u0137ersimies pie darba.<\/p>\n\n<h3 class=\"wp-block-heading\" id=\"h-poison-center-notification-amp-ufi\">Pazi\u0146ojums saind\u0113\u0161an\u0101s centram un UFI<\/h3>\n\n<p>M\u0113s nodro\u0161in\u0101sim:<\/p>\n\n<ul class=\"wp-block-list\">\n<li>J\u016bsu produkta unik\u0101lais formulas identifikators (UFI)<\/li>\n\n\n\n<li>Zi\u0146ojums par saind\u0113\u0161an\u0101s centra pazi\u0146ojumu (PCN)<\/li>\n\n\n\n<li>J\u016bsu produkta re\u0123istr\u0101cija attiec\u012bgajos valstu toksikolo\u0123ijas centros ar ECHA starpniec\u012bbu.<\/li>\n\n\n\n<li>J\u016bsu produkta MSDS<\/li>\n<\/ul>\n\n<h3 class=\"wp-block-heading\" id=\"h-countries-for-pcn-registration\">PCN re\u0123istr\u0101cijas valstis<\/h3>\n\n<p>Varat saskait\u012bt valstis, kur\u0101s v\u0113laties re\u0123istr\u0113t savu produktu. Tas ir to valstu skaits, kuras jums ir j\u0101ieg\u0101d\u0101jas.  Port\u0101l\u0101 var\u0113siet izv\u0113l\u0113ties konkr\u0113tas valstis. Ja v\u0113l\u0101k pl\u0101nojat papla\u0161in\u0101t savu produktu p\u0101rdo\u0161anu uz jaun\u0101m valst\u012bm, vienm\u0113r varat pas\u016bt\u012bt papildu <a href=\"https:\/\/www.ufi.eu\/pcn\/countries\/countries-for-pcn-registration\/\" target=\"_blank\" rel=\"noreferrer noopener\">PCN valstu re\u0123istr\u0101ciju<\/a>.<br\/>ES ir 27 valstis un EEZ ir 30 valstis (ES+Lihten\u0161teina, Norv\u0113\u0123ija un Islande) Port\u0101l\u0101 varat izv\u0113l\u0113ties \u0161\u012bs valstis: <\/p>\n\n<figure class=\"wp-block-table\"><table class=\"has-fixed-layout\"><tbody><tr><td>Be\u013c\u0123ija<\/td><td>(BE)<\/td><td>Sp\u0101nija<\/td><td>(ES)<\/td><td>Ung\u0101rija<\/td><td>(HU)<\/td><td>Slov\u0101kija<\/td><td>(SK)<\/td><\/tr><tr><td>Bulg\u0101rija<\/td><td>(BG)<\/td><td>Francija<\/td><td>(FR)<\/td><td>Malta<\/td><td>(MT)<\/td><td>Somija<\/td><td>(FI)<\/td><\/tr><tr><td>\u010cehija<\/td><td>(CZ)<\/td><td>Horv\u0101tija<\/td><td>(HR)<\/td><td>N\u012bderlande<\/td><td>(NL)<\/td><td>Zviedrija<\/td><td>(SE)<\/td><\/tr><tr><td>D\u0101nija<\/td><td>(DK)<\/td><td>It\u0101lija<\/td><td>(IT)<\/td><td>Austrija<\/td><td>(AT)<\/td><td>V\u0101cija<\/td><td>(DE)<\/td><\/tr><tr><td>Kipra<\/td><td>(CY)<\/td><td>Polija<\/td><td>(PL)<\/td><td>Islande<\/td><td>(IS)<\/td><td>Igaunija<\/td><td>(EE)<\/td><\/tr><tr><td>Latvija<\/td><td>(LV)<\/td><td>Portug\u0101le<\/td><td>(PT)<\/td><td>Lihten\u0161teina<\/td><td>(LI)<\/td><td>\u012arija<\/td><td>(IE)<\/td><\/tr><tr><td>Lietuva<\/td><td>(LT)<\/td><td>Rum\u0101nija<\/td><td>(RO)<\/td><td>Norv\u0113\u0123ija<\/td><td>(N\u0112)<\/td><td>Grie\u0137ija<\/td><td>(EL)<\/td><\/tr><tr><td>Luksemburga<\/td><td>(LU)<\/td><td>Slov\u0113nija<\/td><td>(SI)<\/td><td>\u0160veice*<\/td><td>(CH)<\/td><td>\u00a0<\/td><td>\u00a0<\/td><\/tr><\/tbody><\/table><\/figure>\n\n<p>*\u0160veicei m\u0113s varam izveidot PCN dokument\u0101ciju ar visu nepiecie\u0161amo inform\u0101ciju, lai iesniegtu pieteikumu \u0160veices port\u0101l\u0101. Sazinieties ar mums, lai ieg\u016btu vair\u0101k inform\u0101cijas. <\/p>\n\n<h3 class=\"wp-block-heading\" id=\"h-clp-label-information\">CLP mar\u0137\u0113juma inform\u0101cija<\/h3>\n\n<p>M\u0113s pied\u0101v\u0101jam iesp\u0113ju ieg\u0101d\u0101ties CLP pras\u012bb\u0101m atbilsto\u0161u produkta eti\u0137eti, kur\u0101 ir visa oblig\u0101t\u0101 inform\u0101cija, k\u0101 noteikts ES CLP regul\u0101. T\u0101 tiks pieg\u0101d\u0101ta PDF form\u0101t\u0101.  Tas nav dizains, bet gan nepiecie\u0161am\u0101s inform\u0101cijas kopsavilkums. Tas \u013caus jums integr\u0113t nepiecie\u0161amo inform\u0101ciju j\u016bsu produkta eti\u0137etes dizain\u0101. <a href=\"https:\/\/www.ufi.eu\/pcn\/clp-label\/clp-label-creation-compliance-check\/\" target=\"_blank\" rel=\"noreferrer noopener\">CLP eti\u0137etes izveidi<\/a> varat pas\u016bt\u012bt ar\u012b atsevi\u0161\u0137i. Jums jau ir eti\u0137ete? &#8211; M\u0113s varam veikt j\u016bsu <a href=\"https:\/\/www.ufi.eu\/pcn\/clp-label\/clp-label-creation-compliance-check\/\" target=\"_blank\" rel=\"noreferrer noopener\">eti\u0137etes atbilst\u012bbas p\u0101rbaudi atbilsto\u0161i sp\u0113k\u0101 eso\u0161aj\u0101m CLP<\/a> pras\u012bb\u0101m. M\u0113s sniegsim detaliz\u0113tas atsauksmes un labojumus, lai nodro\u0161in\u0101tu, ka j\u016bsu eti\u0137ete atbilst visiem normat\u012bvajiem standartiem.     <\/p>\n\n<h2 class=\"wp-block-heading\" id=\"h-registering-formulations-with-the-eu-poison-centre\">Prepar\u0101tu re\u0123istr\u0101cija ES Toksikolo\u0123ijas centr\u0101<\/h2>\n\n<p>Prepar\u0101ti ir \u0137\u012bmiski mais\u012bjumi, kas paredz\u0113ti t\u0101l\u0101kai sast\u0101va veido\u0161anai citos mais\u012bjumos vai paredz\u0113ti tie\u0161ai galapat\u0113ri\u0146am. \u0160ie mais\u012bjumi ir j\u0101re\u0123istr\u0113 ES Toksikolo\u0123ijas centr\u0101, lai nodro\u0161in\u0101tu, ka neatliekam\u0101s pal\u012bdz\u012bbas sniedz\u0113jiem ir pieejami b\u016btiski dro\u0161\u012bbas dati nejau\u0161as iedarb\u012bbas gad\u012bjum\u0101. Pazi\u0146o\u0161anas process Toksikolo\u0123ijas centr\u0101 (PCN) nodro\u0161ina, ka attiec\u012bgie b\u012bstam\u012bbas klasifik\u0101cijas un toksikolo\u0123iskie profili ir viegli pieejami medic\u012bnas speci\u0101listiem un iest\u0101d\u0113m.  <\/p>\n\n<h3 class=\"wp-block-heading\" id=\"h-what-is-a-ufi\">Kas ir UFI?<\/h3>\n\n<p>Unik\u0101lais formulas identifikators (UFI) ir 16 rakstz\u012bmju burtciparu kods, ko izmanto \u0137\u012bmisk\u0101 mais\u012bjuma unik\u0101lai identifik\u0101cijai. Tam j\u0101b\u016bt uzdruk\u0101tam uz produkta eti\u0137etes un iek\u013cautam dro\u0161\u012bbas datu lap\u0101 (SDS). UFI \u013cauj toksikolo\u0123ijas centriem incidenta gad\u012bjum\u0101 \u0101tri ieg\u016bt dro\u0161\u012bbas un toksikolo\u0123isko inform\u0101ciju par mais\u012bjumu.  <\/p>\n\n<h3 class=\"wp-block-heading\" id=\"h-what-is-a-pcn\">Kas ir PCN?<\/h3>\n\n<p>Pazi\u0146ojums toksikolo\u0123ijas centram (PCN) ir normat\u012bvajos aktos noteikts iesniegums, kur\u0101 ietverti detaliz\u0113ti dro\u0161\u012bbas un toksikolo\u0123iskie dati par b\u012bstamiem mais\u012bjumiem. PCN ietver t\u0101du inform\u0101ciju k\u0101 mais\u012bjuma sast\u0101vs, klasifik\u0101cija, br\u012bdin\u0101jumi par b\u012bstam\u012bbu un \u0101rk\u0101rtas rea\u0123\u0113\u0161anas pas\u0101kumi. Tas ir oblig\u0101ts ikvienam b\u012bstamam mais\u012bjumam, ko lai\u017e ES tirg\u016b.  <\/p>\n\n<h3 class=\"wp-block-heading\" id=\"h-what-is-clp\">Kas ir CLP?<\/h3>\n\n<p>CLP (klasific\u0113\u0161ana, mar\u0137\u0113\u0161ana un iepako\u0161ana) ir ES regula (EK Nr. 1272\/2008), kas nodro\u0161ina \u0137\u012bmisko produktu klasific\u0113\u0161anu un mar\u0137\u0113\u0161anu atbilsto\u0161i to b\u012bstam\u012bbai. T\u0101 ir saska\u0146ota ar ANO Glob\u0101li harmoniz\u0113to sist\u0113mu (GHS) un nodro\u0161ina, ka visiem b\u012bstamajiem mais\u012bjumiem ir atbilsto\u0161as br\u012bdin\u0101juma eti\u0137etes un dro\u0161\u012bbas instrukcijas. <\/p>\n\n<h3 class=\"wp-block-heading\" id=\"h-what-is-the-eu-poison-centre\">Kas ir ES Toksikolo\u0123ijas centrs?<\/h3>\n\n<p>ES Toksikolo\u0123ijas centrs ir ofici\u0101la iest\u0101de, kas apkopo un glab\u0101 dro\u0161\u012bbas inform\u0101ciju par b\u012bstamiem mais\u012bjumiem. Vesel\u012bbas apr\u016bpes speci\u0101listi un neatliekam\u0101s pal\u012bdz\u012bbas sniedz\u0113ji pa\u013caujas uz Toksikolo\u0123ijas centru, lai nodro\u0161in\u0101tu prec\u012bzus \u0137\u012bmisk\u0101s dro\u0161\u012bbas datus nejau\u0161as iedarb\u012bbas vai saind\u0113\u0161an\u0101s gad\u012bjumos. <\/p>\n\n<h3 class=\"wp-block-heading\" id=\"h-why-is-this-needed\">K\u0101p\u0113c tas ir nepiecie\u0161ams?<\/h3>\n\n<p>R\u016bpnieciskie prepar\u0101ti bie\u017ei vien satur b\u012bstamas \u0137\u012bmisk\u0101s vielas, kuras nepiecie\u0161ams skaidri identific\u0113t av\u0101rijas situ\u0101cij\u0101s. Iesniedzot PCN, uz\u0146\u0113mumi nodro\u0161ina, ka saind\u0113\u0161an\u0101s centriem un medic\u012bnas speci\u0101listiem ir t\u016bl\u012bt\u0113ja piek\u013cuve attiec\u012bgajai inform\u0101cijai, t\u0101d\u0113j\u0101di uzlabojot dro\u0161\u012bbas rezult\u0101tus iedarb\u012bbas gad\u012bjum\u0101. <\/p>\n\n<h3 class=\"wp-block-heading\" id=\"h-since-when-is-it-by-law-obligatory\">Kop\u0161 kura laika tas ir oblig\u0101ti ar likumu?<\/h3>\n\n<p>Juridisk\u0101 pras\u012bba iesniegt PCN par b\u012bstamiem mais\u012bjumiem st\u0101j\u0101s sp\u0113k\u0101 2021. gada 1. janv\u0101r\u012b. Attiec\u012bb\u0101 uz r\u016bpnieciskajiem mais\u012bjumiem, ko izmanto tikai turpm\u0101kaj\u0101 p\u0101rstr\u0101d\u0113, atbilst\u012bba ir oblig\u0101ta kop\u0161 2024. gada 1. janv\u0101ra. <\/p>\n","protected":false},"excerpt":{"rendered":"<p>K\u0101 darbojas UFI izveides un PCN pazi\u0146o\u0161anas pakalpojums? Ieg\u0101d\u0101joties \u0161o pakalpojumu, j\u016bs sa\u0146emsiet piek\u013cuvi dro\u0161am port\u0101lam. \u0160aj\u0101 port\u0101l\u0101 ir ietverts p\u0101rskats par visiem so\u013ciem. Aizpildiet inform\u0101ciju par savu produktu, un m\u0113s \u0137ersimies pie darba. Pazi\u0146ojums saind\u0113\u0161an\u0101s centram un UFI M\u0113s nodro\u0161in\u0101sim: PCN re\u0123istr\u0101cijas valstis Varat saskait\u012bt valstis, kur\u0101s v\u0113laties re\u0123istr\u0113t savu produktu. Tas ir to [&hellip;]<\/p>\n","protected":false},"featured_media":12458,"template":"","meta":[],"product_brand":[],"product_cat":[404],"product_tag":[],"class_list":{"0":"post-31732","1":"product","2":"type-product","3":"status-publish","4":"has-post-thumbnail","6":"product_cat-clp-markejums","8":"first","9":"instock","10":"virtual","11":"taxable","12":"purchasable","13":"product-type-bundle"},"bundled_by":[],"bundle_stock_status":"instock","bundle_stock_quantity":"","bundle_virtual":false,"bundle_layout":"default","bundle_add_to_cart_form_location":"default","bundle_editable_in_cart":false,"bundle_sold_individually_context":"product","bundle_item_grouping":"parent","bundle_min_size":"","bundle_max_size":"","bundle_price":{"price":{"min":{"incl_tax":"78.65","excl_tax":"65"},"max":{"incl_tax":"","excl_tax":""}},"regular_price":{"min":{"incl_tax":"78.65","excl_tax":"65"},"max":{"incl_tax":"","excl_tax":""}}},"bundled_items":[{"bundled_item_id":13027,"product_id":12541,"menu_order":0,"quantity_min":1,"quantity_max":"","quantity_default":1,"priced_individually":true,"shipped_individually":true,"override_title":false,"title":"Pazi\u0146ojums saind\u0113\u0161an\u0101s centram un UFI","override_description":false,"description":"Pazi\u0146ojums saind\u0113\u0161an\u0101s centram un UFI","optional":false,"hide_thumbnail":false,"discount":"","override_variations":false,"allowed_variations":[""],"override_default_variation_attributes":false,"default_variation_attributes":[],"single_product_visibility":"visible","cart_visibility":"visible","order_visibility":"visible","single_product_price_visibility":"visible","cart_price_visibility":"visible","order_price_visibility":"visible","stock_status":"in_stock"},{"bundled_item_id":13028,"product_id":31711,"menu_order":1,"quantity_min":0,"quantity_max":"","quantity_default":0,"priced_individually":true,"shipped_individually":false,"override_title":false,"title":"Visas EEZ valstis PCN re\u0123istr\u0101cijas komplektam","override_description":false,"description":"Visas EEZ valstis PCN re\u0123istr\u0101cijas komplektam","optional":false,"hide_thumbnail":false,"discount":"","override_variations":false,"allowed_variations":[""],"override_default_variation_attributes":false,"default_variation_attributes":[],"single_product_visibility":"visible","cart_visibility":"visible","order_visibility":"visible","single_product_price_visibility":"visible","cart_price_visibility":"visible","order_price_visibility":"visible","stock_status":"in_stock"},{"bundled_item_id":13155,"product_id":12535,"menu_order":1,"quantity_min":0,"quantity_max":"","quantity_default":1,"priced_individually":true,"shipped_individually":true,"override_title":false,"title":"PCN re\u0123istr\u0101cijas valstis","override_description":false,"description":"PCN re\u0123istr\u0101cijas valstis","optional":false,"hide_thumbnail":false,"discount":"","override_variations":false,"allowed_variations":[""],"override_default_variation_attributes":false,"default_variation_attributes":[],"single_product_visibility":"visible","cart_visibility":"visible","order_visibility":"visible","single_product_price_visibility":"visible","cart_price_visibility":"visible","order_price_visibility":"visible","stock_status":"in_stock"},{"bundled_item_id":13029,"product_id":12783,"menu_order":2,"quantity_min":0,"quantity_max":"","quantity_default":0,"priced_individually":true,"shipped_individually":true,"override_title":false,"title":"CLP mar\u0137\u0113juma izveide un atbilst\u012bbas p\u0101rbaude","override_description":true,"description":"","optional":false,"hide_thumbnail":false,"discount":"","override_variations":false,"allowed_variations":[""],"override_default_variation_attributes":false,"default_variation_attributes":[],"single_product_visibility":"visible","cart_visibility":"visible","order_visibility":"visible","single_product_price_visibility":"visible","cart_price_visibility":"visible","order_price_visibility":"visible","stock_status":"in_stock"},{"bundled_item_id":13030,"product_id":12456,"menu_order":3,"quantity_min":0,"quantity_max":"","quantity_default":0,"priced_individually":true,"shipped_individually":true,"override_title":false,"title":"Dro\u0161\u012bbas datu lapas izveide","override_description":false,"description":"Dro\u0161\u012bbas datu lapas izveide","optional":false,"hide_thumbnail":false,"discount":"","override_variations":false,"allowed_variations":[""],"override_default_variation_attributes":false,"default_variation_attributes":[],"single_product_visibility":"visible","cart_visibility":"visible","order_visibility":"visible","single_product_price_visibility":"visible","cart_price_visibility":"visible","order_price_visibility":"visible","stock_status":"in_stock"},{"bundled_item_id":13031,"product_id":12474,"menu_order":4,"quantity_min":0,"quantity_max":"","quantity_default":0,"priced_individually":true,"shipped_individually":false,"override_title":true,"title":"Dro\u0161\u012bbas datu lapas valoda","override_description":false,"description":"Dro\u0161\u012bbas datu lapas valoda","optional":false,"hide_thumbnail":false,"discount":"","override_variations":false,"allowed_variations":[""],"override_default_variation_attributes":false,"default_variation_attributes":[],"single_product_visibility":"visible","cart_visibility":"visible","order_visibility":"visible","single_product_price_visibility":"visible","cart_price_visibility":"visible","order_price_visibility":"visible","stock_status":"in_stock"}],"bundle_sell_ids":[],"yoast_head":"<!-- This site is optimized with the Yoast SEO Premium plugin v25.1 (Yoast SEO v25.1) - https:\/\/yoast.com\/wordpress\/plugins\/seo\/ -->\n<title>PCN un UFI komplekts - UFI<\/title>\n<meta name=\"description\" content=\"PCN un UFI komplekts sniegs jums visu nepiecie\u0161amo, lai s\u0101ktu p\u0101rdot savu produktu ES.\" \/>\n<meta name=\"robots\" content=\"index, follow, max-snippet:-1, max-image-preview:large, max-video-preview:-1\" \/>\n<link rel=\"canonical\" href=\"https:\/\/www.ufi.eu\/lv\/product\/pcn-un-ufi-komplekts\/\" \/>\n<meta property=\"og:locale\" content=\"lv_LV\" \/>\n<meta property=\"og:type\" content=\"article\" \/>\n<meta property=\"og:title\" content=\"PCN un UFI komplekts\" \/>\n<meta property=\"og:description\" content=\"PCN un UFI komplekts sniegs jums visu nepiecie\u0161amo, lai s\u0101ktu p\u0101rdot savu produktu ES.\" \/>\n<meta property=\"og:url\" content=\"https:\/\/www.ufi.eu\/lv\/product\/pcn-un-ufi-komplekts\/\" \/>\n<meta property=\"og:site_name\" content=\"UFI\" \/>\n<meta property=\"article:modified_time\" content=\"2026-01-09T16:13:40+00:00\" \/>\n<meta property=\"og:image\" content=\"https:\/\/www.ufi.eu\/wp-content\/uploads\/2025\/03\/pcn_ufi.jpg\" \/>\n\t<meta property=\"og:image:width\" content=\"1024\" \/>\n\t<meta property=\"og:image:height\" content=\"1024\" \/>\n\t<meta property=\"og:image:type\" content=\"image\/jpeg\" \/>\n<meta name=\"twitter:card\" content=\"summary_large_image\" \/>\n<meta name=\"twitter:label1\" content=\"Price\" \/>\n\t<meta name=\"twitter:data1\" content=\"&euro;0.00\" \/>\n\t<meta name=\"twitter:label2\" content=\"Availability\" \/>\n\t<meta name=\"twitter:data2\" content=\"In stock\" \/>\n<script type=\"application\/ld+json\" class=\"yoast-schema-graph\">{\"@context\":\"https:\/\/schema.org\",\"@graph\":[{\"@type\":\"WebPage\",\"@id\":\"https:\/\/www.ufi.eu\/lv\/product\/pcn-un-ufi-komplekts\/\",\"url\":\"https:\/\/www.ufi.eu\/lv\/product\/pcn-un-ufi-komplekts\/\",\"name\":\"PCN un UFI komplekts - UFI\",\"isPartOf\":{\"@id\":\"https:\/\/www.ufi.eu\/lv\/#website\"},\"primaryImageOfPage\":{\"@id\":\"https:\/\/www.ufi.eu\/lv\/product\/pcn-un-ufi-komplekts\/#primaryimage\"},\"image\":{\"@id\":\"https:\/\/www.ufi.eu\/lv\/product\/pcn-un-ufi-komplekts\/#primaryimage\"},\"thumbnailUrl\":\"https:\/\/www.ufi.eu\/wp-content\/uploads\/2025\/03\/pcn_ufi.jpg\",\"datePublished\":\"2025-09-24T14:39:57+00:00\",\"dateModified\":\"2026-01-09T16:13:40+00:00\",\"description\":\"PCN un UFI komplekts sniegs jums visu nepiecie\u0161amo, lai s\u0101ktu p\u0101rdot savu produktu ES.\",\"breadcrumb\":{\"@id\":\"https:\/\/www.ufi.eu\/lv\/product\/pcn-un-ufi-komplekts\/#breadcrumb\"},\"inLanguage\":\"lv-LV\",\"potentialAction\":[{\"@type\":\"ReadAction\",\"target\":[\"https:\/\/www.ufi.eu\/lv\/product\/pcn-un-ufi-komplekts\/\"]}]},{\"@type\":\"ImageObject\",\"inLanguage\":\"lv-LV\",\"@id\":\"https:\/\/www.ufi.eu\/lv\/product\/pcn-un-ufi-komplekts\/#primaryimage\",\"url\":\"https:\/\/www.ufi.eu\/wp-content\/uploads\/2025\/03\/pcn_ufi.jpg\",\"contentUrl\":\"https:\/\/www.ufi.eu\/wp-content\/uploads\/2025\/03\/pcn_ufi.jpg\",\"width\":1024,\"height\":1024},{\"@type\":\"BreadcrumbList\",\"@id\":\"https:\/\/www.ufi.eu\/lv\/product\/pcn-un-ufi-komplekts\/#breadcrumb\",\"itemListElement\":[{\"@type\":\"ListItem\",\"position\":1,\"name\":\"Home\",\"item\":\"https:\/\/www.ufi.eu\/lv\/sakums\/\"},{\"@type\":\"ListItem\",\"position\":2,\"name\":\"Veikals\",\"item\":\"https:\/\/www.ufi.eu\/lv\/veikals\/\"},{\"@type\":\"ListItem\",\"position\":3,\"name\":\"PCN un UFI komplekts\"}]},{\"@type\":\"WebSite\",\"@id\":\"https:\/\/www.ufi.eu\/lv\/#website\",\"url\":\"https:\/\/www.ufi.eu\/lv\/\",\"name\":\"UFI.EU\",\"description\":\"Poison Centre Notifications (PCN) and UFI\",\"publisher\":{\"@id\":\"https:\/\/www.ufi.eu\/lv\/#organization\"},\"potentialAction\":[{\"@type\":\"SearchAction\",\"target\":{\"@type\":\"EntryPoint\",\"urlTemplate\":\"https:\/\/www.ufi.eu\/lv\/?s={search_term_string}\"},\"query-input\":{\"@type\":\"PropertyValueSpecification\",\"valueRequired\":true,\"valueName\":\"search_term_string\"}}],\"inLanguage\":\"lv-LV\"},{\"@type\":\"Organization\",\"@id\":\"https:\/\/www.ufi.eu\/lv\/#organization\",\"name\":\"UFI.EU\",\"url\":\"https:\/\/www.ufi.eu\/lv\/\",\"logo\":{\"@type\":\"ImageObject\",\"inLanguage\":\"lv-LV\",\"@id\":\"https:\/\/www.ufi.eu\/lv\/#\/schema\/logo\/image\/\",\"url\":\"https:\/\/www.ufi.eu\/wp-content\/uploads\/2025\/03\/cropped-logo_ufi3.jpg\",\"contentUrl\":\"https:\/\/www.ufi.eu\/wp-content\/uploads\/2025\/03\/cropped-logo_ufi3.jpg\",\"width\":231,\"height\":78,\"caption\":\"UFI.EU\"},\"image\":{\"@id\":\"https:\/\/www.ufi.eu\/lv\/#\/schema\/logo\/image\/\"},\"description\":\"UFI.eu specializes in digital registrations for Poison Centre Notifications (PCN), ensuring your chemical products meet EU regulatory requirements effortlessly. Our streamlined solutions help businesses stay compliant while reducing complexity and administrative burden.\",\"email\":\"info@ufi.eu\",\"legalName\":\"UFI.EU\"}]}<\/script>\n<meta property=\"product:price:amount\" content=\"0.00\" \/>\n<meta property=\"product:price:currency\" content=\"EUR\" \/>\n<meta property=\"og:availability\" content=\"instock\" \/>\n<meta property=\"product:availability\" content=\"instock\" \/>\n<meta property=\"product:condition\" content=\"new\" \/>\n<!-- \/ Yoast SEO Premium plugin. -->","yoast_head_json":{"title":"PCN un UFI komplekts - UFI","description":"PCN un UFI komplekts sniegs jums visu nepiecie\u0161amo, lai s\u0101ktu p\u0101rdot savu produktu ES.","robots":{"index":"index","follow":"follow","max-snippet":"max-snippet:-1","max-image-preview":"max-image-preview:large","max-video-preview":"max-video-preview:-1"},"canonical":"https:\/\/www.ufi.eu\/lv\/product\/pcn-un-ufi-komplekts\/","og_locale":"lv_LV","og_type":"article","og_title":"PCN un UFI komplekts","og_description":"PCN un UFI komplekts sniegs jums visu nepiecie\u0161amo, lai s\u0101ktu p\u0101rdot savu produktu ES.","og_url":"https:\/\/www.ufi.eu\/lv\/product\/pcn-un-ufi-komplekts\/","og_site_name":"UFI","article_modified_time":"2026-01-09T16:13:40+00:00","og_image":[{"width":1024,"height":1024,"url":"https:\/\/www.ufi.eu\/wp-content\/uploads\/2025\/03\/pcn_ufi.jpg","type":"image\/jpeg"}],"twitter_card":"summary_large_image","twitter_misc":{"Price":"&euro;0.00","Availability":"In stock"},"schema":{"@context":"https:\/\/schema.org","@graph":[{"@type":"WebPage","@id":"https:\/\/www.ufi.eu\/lv\/product\/pcn-un-ufi-komplekts\/","url":"https:\/\/www.ufi.eu\/lv\/product\/pcn-un-ufi-komplekts\/","name":"PCN un UFI komplekts - UFI","isPartOf":{"@id":"https:\/\/www.ufi.eu\/lv\/#website"},"primaryImageOfPage":{"@id":"https:\/\/www.ufi.eu\/lv\/product\/pcn-un-ufi-komplekts\/#primaryimage"},"image":{"@id":"https:\/\/www.ufi.eu\/lv\/product\/pcn-un-ufi-komplekts\/#primaryimage"},"thumbnailUrl":"https:\/\/www.ufi.eu\/wp-content\/uploads\/2025\/03\/pcn_ufi.jpg","datePublished":"2025-09-24T14:39:57+00:00","dateModified":"2026-01-09T16:13:40+00:00","description":"PCN un UFI komplekts sniegs jums visu nepiecie\u0161amo, lai s\u0101ktu p\u0101rdot savu produktu ES.","breadcrumb":{"@id":"https:\/\/www.ufi.eu\/lv\/product\/pcn-un-ufi-komplekts\/#breadcrumb"},"inLanguage":"lv-LV","potentialAction":[{"@type":"ReadAction","target":["https:\/\/www.ufi.eu\/lv\/product\/pcn-un-ufi-komplekts\/"]}]},{"@type":"ImageObject","inLanguage":"lv-LV","@id":"https:\/\/www.ufi.eu\/lv\/product\/pcn-un-ufi-komplekts\/#primaryimage","url":"https:\/\/www.ufi.eu\/wp-content\/uploads\/2025\/03\/pcn_ufi.jpg","contentUrl":"https:\/\/www.ufi.eu\/wp-content\/uploads\/2025\/03\/pcn_ufi.jpg","width":1024,"height":1024},{"@type":"BreadcrumbList","@id":"https:\/\/www.ufi.eu\/lv\/product\/pcn-un-ufi-komplekts\/#breadcrumb","itemListElement":[{"@type":"ListItem","position":1,"name":"Home","item":"https:\/\/www.ufi.eu\/lv\/sakums\/"},{"@type":"ListItem","position":2,"name":"Veikals","item":"https:\/\/www.ufi.eu\/lv\/veikals\/"},{"@type":"ListItem","position":3,"name":"PCN un UFI komplekts"}]},{"@type":"WebSite","@id":"https:\/\/www.ufi.eu\/lv\/#website","url":"https:\/\/www.ufi.eu\/lv\/","name":"UFI.EU","description":"Poison Centre Notifications (PCN) and UFI","publisher":{"@id":"https:\/\/www.ufi.eu\/lv\/#organization"},"potentialAction":[{"@type":"SearchAction","target":{"@type":"EntryPoint","urlTemplate":"https:\/\/www.ufi.eu\/lv\/?s={search_term_string}"},"query-input":{"@type":"PropertyValueSpecification","valueRequired":true,"valueName":"search_term_string"}}],"inLanguage":"lv-LV"},{"@type":"Organization","@id":"https:\/\/www.ufi.eu\/lv\/#organization","name":"UFI.EU","url":"https:\/\/www.ufi.eu\/lv\/","logo":{"@type":"ImageObject","inLanguage":"lv-LV","@id":"https:\/\/www.ufi.eu\/lv\/#\/schema\/logo\/image\/","url":"https:\/\/www.ufi.eu\/wp-content\/uploads\/2025\/03\/cropped-logo_ufi3.jpg","contentUrl":"https:\/\/www.ufi.eu\/wp-content\/uploads\/2025\/03\/cropped-logo_ufi3.jpg","width":231,"height":78,"caption":"UFI.EU"},"image":{"@id":"https:\/\/www.ufi.eu\/lv\/#\/schema\/logo\/image\/"},"description":"UFI.eu specializes in digital registrations for Poison Centre Notifications (PCN), ensuring your chemical products meet EU regulatory requirements effortlessly. Our streamlined solutions help businesses stay compliant while reducing complexity and administrative burden.","email":"info@ufi.eu","legalName":"UFI.EU"}]},"product_price_amount":"0.00","product_price_currency":"EUR","og_availability":"instock","product_availability":"instock","product_condition":"new"},"_links":{"self":[{"href":"https:\/\/www.ufi.eu\/lv\/wp-json\/wp\/v2\/product\/31732","targetHints":{"allow":["GET"]}}],"collection":[{"href":"https:\/\/www.ufi.eu\/lv\/wp-json\/wp\/v2\/product"}],"about":[{"href":"https:\/\/www.ufi.eu\/lv\/wp-json\/wp\/v2\/types\/product"}],"wp:featuredmedia":[{"embeddable":true,"href":"https:\/\/www.ufi.eu\/lv\/wp-json\/wp\/v2\/media\/12458"}],"wp:attachment":[{"href":"https:\/\/www.ufi.eu\/lv\/wp-json\/wp\/v2\/media?parent=31732"}],"wp:term":[{"taxonomy":"product_brand","embeddable":true,"href":"https:\/\/www.ufi.eu\/lv\/wp-json\/wp\/v2\/product_brand?post=31732"},{"taxonomy":"product_cat","embeddable":true,"href":"https:\/\/www.ufi.eu\/lv\/wp-json\/wp\/v2\/product_cat?post=31732"},{"taxonomy":"product_tag","embeddable":true,"href":"https:\/\/www.ufi.eu\/lv\/wp-json\/wp\/v2\/product_tag?post=31732"}],"curies":[{"name":"wp","href":"https:\/\/api.w.org\/{rel}","templated":true}]}}