{"id":31711,"date":"2025-09-24T14:37:27","date_gmt":"2025-09-24T14:37:27","guid":{"rendered":"https:\/\/www.ufi.eu\/product\/visas-eez-valstis-pcn-registracijas-komplektam\/"},"modified":"2025-09-24T14:37:35","modified_gmt":"2025-09-24T14:37:35","slug":"visas-eez-valstis-pcn-registracijas-komplektam","status":"publish","type":"product","link":"https:\/\/www.ufi.eu\/lv\/product\/visas-eez-valstis-pcn-registracijas-komplektam\/","title":{"rendered":"Visas EEZ valstis PCN re\u0123istr\u0101cijas komplektam"},"content":{"rendered":"\n<h2 class=\"wp-block-heading\" id=\"h-launch-your-product-across-europe-with-ease\">Viegli palaiciet savu produktu vis\u0101 Eirop\u0101<\/h2>\n\n<p>Re\u0123istr\u0113jot savu produktu ES toksikolo\u0123ijas centra pazi\u0146ojumam (PCN), katr\u0101 valst\u012b, kur\u0101 pl\u0101nojat p\u0101rdot savu produktu, tas j\u0101iesniedz attiec\u012bgajai valsts iest\u0101dei. Izmantojot m\u016bsu ES valstis PCN re\u0123istr\u0101cijai, varat izv\u0113l\u0113ties prec\u012bzas valstis, kur\u0101s v\u0113laties laist savu produktu tirg\u016b, t\u0101d\u0113j\u0101di nodro\u0161inot piln\u012bgu elast\u012bbu un kontroli p\u0101r savu tirgus p\u0101rkl\u0101jumu.<\/p>\n\n<h2 class=\"wp-block-heading\" id=\"h-what-you-re-purchasing\">Ko j\u016bs ieg\u0101d\u0101jaties<\/h2>\n\n<p>\u0160is produkts ir <strong>komplekts vis\u0101m EEZ valst\u012bm<\/strong>. \u0160os 30 \u017eetonus var izmantot <strong>ar jebkuru PCN re\u0123istr\u0101ciju<\/strong>, ko veicat ar mums. P\u0113c ieg\u0101des valstis tiek <strong>pievienotas <a href=\"https:\/\/www.ufi.eu\/my-account\/points\/\">j\u016bsu PCN valstu sarakstam<\/a><\/strong>, un t\u0101s var izmantot, aizpildot m\u016bsu <strong>PCN uz\u0146em\u0161anas veidlapu<\/strong> j\u016bsu produktam.  <\/p>\n\n<p><strong>Jums b\u016bs <a href=\"https:\/\/www.ufi.eu\/shop\/\">j\u0101ieg\u0101d\u0101jas ar\u012b savam izstr\u0101d\u0101jumam izsniegts PCN<\/a>. \u0160is izstr\u0101d\u0101jums ir tikai br\u012bva valsts, nevis PCN. <\/strong><\/p>\n\n<h4 class=\"wp-block-heading\">\u2705 K\u0101 tas darbojas:<\/h4>\n\n<ol class=\"wp-block-list\">\n<li>Nosakiet <strong>valstis, kur\u0101s<\/strong> pl\u0101nojat p\u0101rdot.<\/li>\n\n\n\n<li>Ieg\u0101d\u0101jieties noteiktu skaitu <strong>valsts \u017eetonu<\/strong>.<\/li>\n\n\n\n<li><a href=\"https:\/\/www.ufi.eu\/lv\/jauns-produkts\/\">Iesniedziet mums sava izstr\u0101d\u0101juma uz\u0146em\u0161anas veidlapu<\/a>.<\/li>\n\n\n\n<li>Vienk\u0101r\u0161i nor\u0101diet valstis, kur\u0101s v\u0113laties, lai m\u0113s iesniedzam j\u016bsu produktu PCN iesnieg\u0161anai.<\/li>\n\n\n\n<li>Valsts \u017eetons tiek atskait\u012bts no j\u016bsu kop\u0113j\u0101s summas, kad iesniedzat mums savu veidlapu.<\/li>\n<\/ol>\n\n<p>Neatkar\u012bgi no t\u0101, vai lai\u017eat klaj\u0101 vienu produktu vai p\u0101rvald\u0101t pilnu portfeli, varat <strong>izmantot <a href=\"https:\/\/www.ufi.eu\/my-account\/points\/\">ieg\u0101d\u0101tos valsts \u017eetonus<\/a><\/strong> da\u017e\u0101dos PCN iesniegumos, ietaupot laiku, nodro\u0161inot atbilst\u012bbu un bez p\u016bl\u0113m papla\u0161inot savu kl\u0101tb\u016btni ES tirg\u016b.<\/p>\n\n<h3 class=\"wp-block-heading\" id=\"h-supported-eu-countries\">Atbalst\u012bt\u0101s ES valstis<\/h3>\n\n<p>ES ir 27 valstis un EEZ ir 30 valstis (ES+Lihten\u0161teina, Norv\u0113\u0123ija un Islande) Port\u0101l\u0101 varat izv\u0113l\u0113ties vienu no \u0161\u012bm valst\u012bm:<\/p>\n\n<figure class=\"wp-block-table\"><table class=\"has-fixed-layout\"><tbody><tr><td>Be\u013c\u0123ija<\/td><td>(BE)<\/td><td>Sp\u0101nija<\/td><td>(ES)<\/td><td>Ung\u0101rija<\/td><td>(HU)<\/td><td>Slov\u0101kija<\/td><td>(SK)<\/td><\/tr><tr><td>Bulg\u0101rija<\/td><td>(BG)<\/td><td>Francija<\/td><td>(FR)<\/td><td>Malta<\/td><td>(MT)<\/td><td>Somija<\/td><td>(FI)<\/td><\/tr><tr><td>\u010cehija<\/td><td>(CZ)<\/td><td>Horv\u0101tija<\/td><td>(HR)<\/td><td>N\u012bderlande<\/td><td>(NL)<\/td><td>Zviedrija<\/td><td>(SE)<\/td><\/tr><tr><td>D\u0101nija<\/td><td>(DK)<\/td><td>It\u0101lija<\/td><td>(IT)<\/td><td>Austrija<\/td><td>(AT)<\/td><td>V\u0101cija<\/td><td>(DE)<\/td><\/tr><tr><td>Kipra<\/td><td>(CY)<\/td><td>Polija<\/td><td>(PL)<\/td><td>Islande<\/td><td>(IS)<\/td><td>Igaunija<\/td><td>(EE)<\/td><\/tr><tr><td>Latvija<\/td><td>(LV)<\/td><td>Portug\u0101le<\/td><td>(PT)<\/td><td>Lihten\u0161teina<\/td><td>(LI)<\/td><td>\u012arija<\/td><td>(IE)<\/td><\/tr><tr><td>Lietuva<\/td><td>(LT)<\/td><td>Rum\u0101nija<\/td><td>(RO)<\/td><td>Norv\u0113\u0123ija<\/td><td>(N\u0112)<\/td><td>Grie\u0137ija<\/td><td>(EL)<\/td><\/tr><tr><td>Luksemburga<\/td><td>(LU)<\/td><td>Slov\u0113nija<\/td><td>(SI)<\/td><td>\u0160veice*<\/td><td>(CH)<\/td><td><\/td><td><\/td><\/tr><\/tbody><\/table><\/figure>\n\n<p>*\u0160veicei m\u0113s varam izveidot PCN dokument\u0101ciju ar visu nepiecie\u0161amo inform\u0101ciju, lai iesniegtu pieteikumu \u0160veices port\u0101l\u0101. Sazinieties ar mums, lai ieg\u016btu vair\u0101k inform\u0101cijas. <\/p>\n\n<h2 class=\"wp-block-heading\" id=\"h-example-of-how-it-works\">Piem\u0113rs, k\u0101 tas darbojas<\/h2>\n\n<p>J\u016bs lai\u017eat tirg\u016b jaunu t\u012br\u012b\u0161anas l\u012bdzekli <strong>Francij\u0101, V\u0101cij\u0101 un Sp\u0101nij\u0101<\/strong>. Vienk\u0101r\u0161i ieg\u0101d\u0101jieties tr\u012bs valstis. Aizpildot ar mums PCN uz\u0146em\u0161anas veidlapu, j\u016bs pie\u0161\u0137irsiet \u0161\u012bs valsts \u017eetonus produktam &#8211; nodro\u0161inot atbilst\u012bbu ties\u012bbu aktiem visos trijos tirgos bez sare\u017e\u0123\u012bjumiem, kas saist\u012bti ar individu\u0101lu iesnieg\u0161anu.  <\/p>\n\n<p><\/p>\n","protected":false},"excerpt":{"rendered":"<p>Viegli palaiciet savu produktu vis\u0101 Eirop\u0101 Re\u0123istr\u0113jot savu produktu ES toksikolo\u0123ijas centra pazi\u0146ojumam (PCN), katr\u0101 valst\u012b, kur\u0101 pl\u0101nojat p\u0101rdot savu produktu, tas j\u0101iesniedz attiec\u012bgajai valsts iest\u0101dei. Izmantojot m\u016bsu ES valstis PCN re\u0123istr\u0101cijai, varat izv\u0113l\u0113ties prec\u012bzas valstis, kur\u0101s v\u0113laties laist savu produktu tirg\u016b, t\u0101d\u0113j\u0101di nodro\u0161inot piln\u012bgu elast\u012bbu un kontroli p\u0101r savu tirgus p\u0101rkl\u0101jumu. Ko j\u016bs ieg\u0101d\u0101jaties [&hellip;]<\/p>\n","protected":false},"featured_media":12537,"template":"","meta":[],"product_brand":[],"product_cat":[291],"product_tag":[],"class_list":{"0":"post-31711","1":"product","2":"type-product","3":"status-publish","4":"has-post-thumbnail","6":"product_cat-drosibas-datu-lapa","8":"first","9":"instock","10":"taxable","11":"shipping-taxable","12":"purchasable","13":"product-type-simple"},"bundled_by":["31732"],"bundle_stock_status":"instock","bundle_stock_quantity":null,"bundle_virtual":false,"bundle_layout":"","bundle_add_to_cart_form_location":"","bundle_editable_in_cart":false,"bundle_sold_individually_context":"","bundle_item_grouping":"","bundle_min_size":"","bundle_max_size":"","bundle_price":[],"bundled_items":[],"bundle_sell_ids":[],"yoast_head":"<!-- This site is optimized with the Yoast SEO Premium plugin v25.1 (Yoast SEO v25.1) - https:\/\/yoast.com\/wordpress\/plugins\/seo\/ -->\n<title>Visas EEZ valstis PCN re\u0123istr\u0101cijas komplektam - UFI<\/title>\n<meta name=\"description\" content=\"\u0160is produkts ir komplekts vis\u0101m EEZ valst\u012bm. \u0160os 30 \u017eetonus var izmantot ar jebkuru PCN re\u0123istr\u0101ciju, ko veicat pie mums. P\u0113c ieg\u0101des valstis tiek pievienotas j\u016bsu PCN valstu sarakstam, un t\u0101s var izmantot, aizpildot m\u016bsu PCN uz\u0146em\u0161anas veidlapu j\u016bsu produktam.\" \/>\n<meta name=\"robots\" content=\"index, follow, max-snippet:-1, max-image-preview:large, max-video-preview:-1\" \/>\n<link rel=\"canonical\" href=\"https:\/\/www.ufi.eu\/lv\/product\/visas-eez-valstis-pcn-registracijas-komplektam\/\" \/>\n<meta property=\"og:locale\" content=\"lv_LV\" \/>\n<meta property=\"og:type\" content=\"article\" \/>\n<meta property=\"og:title\" content=\"Visas EEZ valstis PCN re\u0123istr\u0101cijas komplektam\" \/>\n<meta property=\"og:description\" content=\"\u0160is produkts ir komplekts vis\u0101m EEZ valst\u012bm. \u0160os 30 \u017eetonus var izmantot ar jebkuru PCN re\u0123istr\u0101ciju, ko veicat pie mums. P\u0113c ieg\u0101des valstis tiek pievienotas j\u016bsu PCN valstu sarakstam, un t\u0101s var izmantot, aizpildot m\u016bsu PCN uz\u0146em\u0161anas veidlapu j\u016bsu produktam.\" \/>\n<meta property=\"og:url\" content=\"https:\/\/www.ufi.eu\/lv\/product\/visas-eez-valstis-pcn-registracijas-komplektam\/\" \/>\n<meta property=\"og:site_name\" content=\"UFI\" \/>\n<meta property=\"article:modified_time\" content=\"2025-09-24T14:37:35+00:00\" \/>\n<meta property=\"og:image\" content=\"https:\/\/www.ufi.eu\/wp-content\/uploads\/2025\/03\/eu.jpg\" \/>\n\t<meta property=\"og:image:width\" content=\"800\" \/>\n\t<meta property=\"og:image:height\" content=\"800\" \/>\n\t<meta property=\"og:image:type\" content=\"image\/jpeg\" \/>\n<meta name=\"twitter:card\" content=\"summary_large_image\" \/>\n<meta name=\"twitter:label1\" content=\"Price\" \/>\n\t<meta name=\"twitter:data1\" content=\"&euro;415.00\" \/>\n\t<meta name=\"twitter:label2\" content=\"Availability\" \/>\n\t<meta name=\"twitter:data2\" content=\"In stock\" \/>\n<script type=\"application\/ld+json\" class=\"yoast-schema-graph\">{\"@context\":\"https:\/\/schema.org\",\"@graph\":[{\"@type\":\"WebPage\",\"@id\":\"https:\/\/www.ufi.eu\/lv\/product\/visas-eez-valstis-pcn-registracijas-komplektam\/\",\"url\":\"https:\/\/www.ufi.eu\/lv\/product\/visas-eez-valstis-pcn-registracijas-komplektam\/\",\"name\":\"Visas EEZ valstis PCN re\u0123istr\u0101cijas komplektam - UFI\",\"isPartOf\":{\"@id\":\"https:\/\/www.ufi.eu\/lv\/#website\"},\"primaryImageOfPage\":{\"@id\":\"https:\/\/www.ufi.eu\/lv\/product\/visas-eez-valstis-pcn-registracijas-komplektam\/#primaryimage\"},\"image\":{\"@id\":\"https:\/\/www.ufi.eu\/lv\/product\/visas-eez-valstis-pcn-registracijas-komplektam\/#primaryimage\"},\"thumbnailUrl\":\"https:\/\/www.ufi.eu\/wp-content\/uploads\/2025\/03\/eu.jpg\",\"datePublished\":\"2025-09-24T14:37:27+00:00\",\"dateModified\":\"2025-09-24T14:37:35+00:00\",\"description\":\"\u0160is produkts ir komplekts vis\u0101m EEZ valst\u012bm. \u0160os 30 \u017eetonus var izmantot ar jebkuru PCN re\u0123istr\u0101ciju, ko veicat pie mums. P\u0113c ieg\u0101des valstis tiek pievienotas j\u016bsu PCN valstu sarakstam, un t\u0101s var izmantot, aizpildot m\u016bsu PCN uz\u0146em\u0161anas veidlapu j\u016bsu produktam.\",\"breadcrumb\":{\"@id\":\"https:\/\/www.ufi.eu\/lv\/product\/visas-eez-valstis-pcn-registracijas-komplektam\/#breadcrumb\"},\"inLanguage\":\"lv-LV\",\"potentialAction\":[{\"@type\":\"ReadAction\",\"target\":[\"https:\/\/www.ufi.eu\/lv\/product\/visas-eez-valstis-pcn-registracijas-komplektam\/\"]}]},{\"@type\":\"ImageObject\",\"inLanguage\":\"lv-LV\",\"@id\":\"https:\/\/www.ufi.eu\/lv\/product\/visas-eez-valstis-pcn-registracijas-komplektam\/#primaryimage\",\"url\":\"https:\/\/www.ufi.eu\/wp-content\/uploads\/2025\/03\/eu.jpg\",\"contentUrl\":\"https:\/\/www.ufi.eu\/wp-content\/uploads\/2025\/03\/eu.jpg\",\"width\":800,\"height\":800},{\"@type\":\"BreadcrumbList\",\"@id\":\"https:\/\/www.ufi.eu\/lv\/product\/visas-eez-valstis-pcn-registracijas-komplektam\/#breadcrumb\",\"itemListElement\":[{\"@type\":\"ListItem\",\"position\":1,\"name\":\"Home\",\"item\":\"https:\/\/www.ufi.eu\/lv\/sakums\/\"},{\"@type\":\"ListItem\",\"position\":2,\"name\":\"Veikals\",\"item\":\"https:\/\/www.ufi.eu\/lv\/veikals\/\"},{\"@type\":\"ListItem\",\"position\":3,\"name\":\"Visas EEZ valstis PCN re\u0123istr\u0101cijas komplektam\"}]},{\"@type\":\"WebSite\",\"@id\":\"https:\/\/www.ufi.eu\/lv\/#website\",\"url\":\"https:\/\/www.ufi.eu\/lv\/\",\"name\":\"UFI.EU\",\"description\":\"Poison Centre Notifications (PCN) and UFI\",\"publisher\":{\"@id\":\"https:\/\/www.ufi.eu\/lv\/#organization\"},\"potentialAction\":[{\"@type\":\"SearchAction\",\"target\":{\"@type\":\"EntryPoint\",\"urlTemplate\":\"https:\/\/www.ufi.eu\/lv\/?s={search_term_string}\"},\"query-input\":{\"@type\":\"PropertyValueSpecification\",\"valueRequired\":true,\"valueName\":\"search_term_string\"}}],\"inLanguage\":\"lv-LV\"},{\"@type\":\"Organization\",\"@id\":\"https:\/\/www.ufi.eu\/lv\/#organization\",\"name\":\"UFI.EU\",\"url\":\"https:\/\/www.ufi.eu\/lv\/\",\"logo\":{\"@type\":\"ImageObject\",\"inLanguage\":\"lv-LV\",\"@id\":\"https:\/\/www.ufi.eu\/lv\/#\/schema\/logo\/image\/\",\"url\":\"https:\/\/www.ufi.eu\/wp-content\/uploads\/2025\/03\/cropped-logo_ufi3.jpg\",\"contentUrl\":\"https:\/\/www.ufi.eu\/wp-content\/uploads\/2025\/03\/cropped-logo_ufi3.jpg\",\"width\":231,\"height\":78,\"caption\":\"UFI.EU\"},\"image\":{\"@id\":\"https:\/\/www.ufi.eu\/lv\/#\/schema\/logo\/image\/\"},\"description\":\"UFI.eu specializes in digital registrations for Poison Centre Notifications (PCN), ensuring your chemical products meet EU regulatory requirements effortlessly. Our streamlined solutions help businesses stay compliant while reducing complexity and administrative burden.\",\"email\":\"info@ufi.eu\",\"legalName\":\"UFI.EU\"}]}<\/script>\n<meta property=\"product:price:amount\" content=\"415.00\" \/>\n<meta property=\"product:price:currency\" content=\"EUR\" \/>\n<meta property=\"og:availability\" content=\"instock\" \/>\n<meta property=\"product:availability\" content=\"instock\" \/>\n<meta property=\"product:condition\" content=\"new\" \/>\n<!-- \/ Yoast SEO Premium plugin. -->","yoast_head_json":{"title":"Visas EEZ valstis PCN re\u0123istr\u0101cijas komplektam - UFI","description":"\u0160is produkts ir komplekts vis\u0101m EEZ valst\u012bm. \u0160os 30 \u017eetonus var izmantot ar jebkuru PCN re\u0123istr\u0101ciju, ko veicat pie mums. P\u0113c ieg\u0101des valstis tiek pievienotas j\u016bsu PCN valstu sarakstam, un t\u0101s var izmantot, aizpildot m\u016bsu PCN uz\u0146em\u0161anas veidlapu j\u016bsu produktam.","robots":{"index":"index","follow":"follow","max-snippet":"max-snippet:-1","max-image-preview":"max-image-preview:large","max-video-preview":"max-video-preview:-1"},"canonical":"https:\/\/www.ufi.eu\/lv\/product\/visas-eez-valstis-pcn-registracijas-komplektam\/","og_locale":"lv_LV","og_type":"article","og_title":"Visas EEZ valstis PCN re\u0123istr\u0101cijas komplektam","og_description":"\u0160is produkts ir komplekts vis\u0101m EEZ valst\u012bm. \u0160os 30 \u017eetonus var izmantot ar jebkuru PCN re\u0123istr\u0101ciju, ko veicat pie mums. P\u0113c ieg\u0101des valstis tiek pievienotas j\u016bsu PCN valstu sarakstam, un t\u0101s var izmantot, aizpildot m\u016bsu PCN uz\u0146em\u0161anas veidlapu j\u016bsu produktam.","og_url":"https:\/\/www.ufi.eu\/lv\/product\/visas-eez-valstis-pcn-registracijas-komplektam\/","og_site_name":"UFI","article_modified_time":"2025-09-24T14:37:35+00:00","og_image":[{"width":800,"height":800,"url":"https:\/\/www.ufi.eu\/wp-content\/uploads\/2025\/03\/eu.jpg","type":"image\/jpeg"}],"twitter_card":"summary_large_image","twitter_misc":{"Price":"&euro;415.00","Availability":"In stock"},"schema":{"@context":"https:\/\/schema.org","@graph":[{"@type":"WebPage","@id":"https:\/\/www.ufi.eu\/lv\/product\/visas-eez-valstis-pcn-registracijas-komplektam\/","url":"https:\/\/www.ufi.eu\/lv\/product\/visas-eez-valstis-pcn-registracijas-komplektam\/","name":"Visas EEZ valstis PCN re\u0123istr\u0101cijas komplektam - UFI","isPartOf":{"@id":"https:\/\/www.ufi.eu\/lv\/#website"},"primaryImageOfPage":{"@id":"https:\/\/www.ufi.eu\/lv\/product\/visas-eez-valstis-pcn-registracijas-komplektam\/#primaryimage"},"image":{"@id":"https:\/\/www.ufi.eu\/lv\/product\/visas-eez-valstis-pcn-registracijas-komplektam\/#primaryimage"},"thumbnailUrl":"https:\/\/www.ufi.eu\/wp-content\/uploads\/2025\/03\/eu.jpg","datePublished":"2025-09-24T14:37:27+00:00","dateModified":"2025-09-24T14:37:35+00:00","description":"\u0160is produkts ir komplekts vis\u0101m EEZ valst\u012bm. \u0160os 30 \u017eetonus var izmantot ar jebkuru PCN re\u0123istr\u0101ciju, ko veicat pie mums. P\u0113c ieg\u0101des valstis tiek pievienotas j\u016bsu PCN valstu sarakstam, un t\u0101s var izmantot, aizpildot m\u016bsu PCN uz\u0146em\u0161anas veidlapu j\u016bsu produktam.","breadcrumb":{"@id":"https:\/\/www.ufi.eu\/lv\/product\/visas-eez-valstis-pcn-registracijas-komplektam\/#breadcrumb"},"inLanguage":"lv-LV","potentialAction":[{"@type":"ReadAction","target":["https:\/\/www.ufi.eu\/lv\/product\/visas-eez-valstis-pcn-registracijas-komplektam\/"]}]},{"@type":"ImageObject","inLanguage":"lv-LV","@id":"https:\/\/www.ufi.eu\/lv\/product\/visas-eez-valstis-pcn-registracijas-komplektam\/#primaryimage","url":"https:\/\/www.ufi.eu\/wp-content\/uploads\/2025\/03\/eu.jpg","contentUrl":"https:\/\/www.ufi.eu\/wp-content\/uploads\/2025\/03\/eu.jpg","width":800,"height":800},{"@type":"BreadcrumbList","@id":"https:\/\/www.ufi.eu\/lv\/product\/visas-eez-valstis-pcn-registracijas-komplektam\/#breadcrumb","itemListElement":[{"@type":"ListItem","position":1,"name":"Home","item":"https:\/\/www.ufi.eu\/lv\/sakums\/"},{"@type":"ListItem","position":2,"name":"Veikals","item":"https:\/\/www.ufi.eu\/lv\/veikals\/"},{"@type":"ListItem","position":3,"name":"Visas EEZ valstis PCN re\u0123istr\u0101cijas komplektam"}]},{"@type":"WebSite","@id":"https:\/\/www.ufi.eu\/lv\/#website","url":"https:\/\/www.ufi.eu\/lv\/","name":"UFI.EU","description":"Poison Centre Notifications (PCN) and UFI","publisher":{"@id":"https:\/\/www.ufi.eu\/lv\/#organization"},"potentialAction":[{"@type":"SearchAction","target":{"@type":"EntryPoint","urlTemplate":"https:\/\/www.ufi.eu\/lv\/?s={search_term_string}"},"query-input":{"@type":"PropertyValueSpecification","valueRequired":true,"valueName":"search_term_string"}}],"inLanguage":"lv-LV"},{"@type":"Organization","@id":"https:\/\/www.ufi.eu\/lv\/#organization","name":"UFI.EU","url":"https:\/\/www.ufi.eu\/lv\/","logo":{"@type":"ImageObject","inLanguage":"lv-LV","@id":"https:\/\/www.ufi.eu\/lv\/#\/schema\/logo\/image\/","url":"https:\/\/www.ufi.eu\/wp-content\/uploads\/2025\/03\/cropped-logo_ufi3.jpg","contentUrl":"https:\/\/www.ufi.eu\/wp-content\/uploads\/2025\/03\/cropped-logo_ufi3.jpg","width":231,"height":78,"caption":"UFI.EU"},"image":{"@id":"https:\/\/www.ufi.eu\/lv\/#\/schema\/logo\/image\/"},"description":"UFI.eu specializes in digital registrations for Poison Centre Notifications (PCN), ensuring your chemical products meet EU regulatory requirements effortlessly. Our streamlined solutions help businesses stay compliant while reducing complexity and administrative burden.","email":"info@ufi.eu","legalName":"UFI.EU"}]},"product_price_amount":"415.00","product_price_currency":"EUR","og_availability":"instock","product_availability":"instock","product_condition":"new"},"_links":{"self":[{"href":"https:\/\/www.ufi.eu\/lv\/wp-json\/wp\/v2\/product\/31711","targetHints":{"allow":["GET"]}}],"collection":[{"href":"https:\/\/www.ufi.eu\/lv\/wp-json\/wp\/v2\/product"}],"about":[{"href":"https:\/\/www.ufi.eu\/lv\/wp-json\/wp\/v2\/types\/product"}],"wp:featuredmedia":[{"embeddable":true,"href":"https:\/\/www.ufi.eu\/lv\/wp-json\/wp\/v2\/media\/12537"}],"wp:attachment":[{"href":"https:\/\/www.ufi.eu\/lv\/wp-json\/wp\/v2\/media?parent=31711"}],"wp:term":[{"taxonomy":"product_brand","embeddable":true,"href":"https:\/\/www.ufi.eu\/lv\/wp-json\/wp\/v2\/product_brand?post=31711"},{"taxonomy":"product_cat","embeddable":true,"href":"https:\/\/www.ufi.eu\/lv\/wp-json\/wp\/v2\/product_cat?post=31711"},{"taxonomy":"product_tag","embeddable":true,"href":"https:\/\/www.ufi.eu\/lv\/wp-json\/wp\/v2\/product_tag?post=31711"}],"curies":[{"name":"wp","href":"https:\/\/api.w.org\/{rel}","templated":true}]}}