{"id":19925,"date":"2025-03-20T08:26:44","date_gmt":"2025-04-17T09:05:43","guid":{"rendered":"https:\/\/www.ufi.eu\/pcn\/uncategorized\/pcn-un-ufi-siltumnesejiem\/"},"modified":"2025-04-17T09:05:43","modified_gmt":"2025-04-17T09:05:43","slug":"pcn-un-ufi-siltumnesejiem","status":"publish","type":"product","link":"https:\/\/www.ufi.eu\/lv\/product\/pcn-un-ufi-siltumnesejiem\/","title":{"rendered":"PCN un UFI siltumnes\u0113jiem"},"content":{"rendered":"<h2>K\u0101 darbojas UFI izveides un PCN pazi\u0146o\u0161anas pakalpojums?<\/h2>\n<p>Ieg\u0101d\u0101joties \u0161o pakalpojumu, j\u016bs sa\u0146emsiet piek\u013cuvi dro\u0161am port\u0101lam. \u0160aj\u0101 port\u0101l\u0101 ir ietverts p\u0101rskats par visiem so\u013ciem.  Aizpildiet inform\u0101ciju par savu produktu, un m\u0113s \u0137ersimies pie darba.<\/p>\n<h3>Pazi\u0146ojums saind\u0113\u0161an\u0101s centram un UFI<\/h3>\n<p>M\u0113s nodro\u0161in\u0101sim:<\/p>\n<ul>\n<li>J\u016bsu produkta unik\u0101lais formulas identifikators (UFI)<\/li>\n<li>Zi\u0146ojums par saind\u0113\u0161an\u0101s centra pazi\u0146ojumu (PCN)<\/li>\n<li>J\u016bsu produkta re\u0123istr\u0101cija attiec\u012bgajos valstu toksikolo\u0123ijas centros ar ECHA starpniec\u012bbu.<\/li>\n<\/ul>\n<h3>PCN re\u0123istr\u0101cijas valstis<\/h3>\n<p>Varat saskait\u012bt valstis, kur\u0101s v\u0113laties re\u0123istr\u0113t savu produktu. Tas ir to valstu skaits, kuras jums ir j\u0101ieg\u0101d\u0101jas.  Port\u0101l\u0101 var\u0113siet izv\u0113l\u0113ties konkr\u0113tas valstis. Ja v\u0113l\u0101k pl\u0101nojat papla\u0161in\u0101t savu produktu p\u0101rdo\u0161anu uz jaun\u0101m valst\u012bm, vienm\u0113r varat pas\u016bt\u012bt papildu <a href=\"https:\/\/www.ufi.eu\/lv\/pcn\/valstis\/pcn-registracijas-valstis\/\" target=\"_blank\" title=\"PCN valstu re\u0123istr\u0101cijas\">PCN valstu re\u0123istr\u0101ciju<\/a>.<br \/>ES ir 27 valstis un EEZ ir 30 valstis (ES+Lihten\u0161teina, Norv\u0113\u0123ija un Islande) Port\u0101l\u0101 varat izv\u0113l\u0113ties \u0161\u012bs valstis: <\/p>\n<table cellpadding=\"2\" cellspacing=\"0\" border=\"1\">\n<tbody>\n<tr>\n<td>Be\u013c\u0123ija<\/td>\n<td>(BE)<\/td>\n<td>Sp\u0101nija<\/td>\n<td>(ES)<\/td>\n<td>Ung\u0101rija<\/td>\n<td>(HU)<\/td>\n<td>Slov\u0101kija<\/td>\n<td>(SK)<\/td>\n<\/tr>\n<tr>\n<td>Bulg\u0101rija<\/td>\n<td>(BG)<\/td>\n<td>Francija<\/td>\n<td>(FR)<\/td>\n<td>Malta<\/td>\n<td>(MT)<\/td>\n<td>Somija<\/td>\n<td>(FI)<\/td>\n<\/tr>\n<tr>\n<td>\u010cehija<\/td>\n<td>(CZ)<\/td>\n<td>Horv\u0101tija<\/td>\n<td>(HR)<\/td>\n<td>N\u012bderlande<\/td>\n<td>(NL)<\/td>\n<td>Zviedrija<\/td>\n<td>(SE)<\/td>\n<\/tr>\n<tr>\n<td>D\u0101nija<\/td>\n<td>(DK)<\/td>\n<td>It\u0101lija<\/td>\n<td>(IT)<\/td>\n<td>Austrija<\/td>\n<td>(AT)<\/td>\n<td>V\u0101cija<\/td>\n<td>(DE)<\/td>\n<\/tr>\n<tr>\n<td>Kipra<\/td>\n<td>(CY)<\/td>\n<td>Polija<\/td>\n<td>(PL)<\/td>\n<td>Islande<\/td>\n<td>(IS)<\/td>\n<td>Igaunija<\/td>\n<td>(EE)<\/td>\n<\/tr>\n<tr>\n<td>Latvija<\/td>\n<td>(LV)<\/td>\n<td>Portug\u0101le<\/td>\n<td>(PT)<\/td>\n<td>Lihten\u0161teina<\/td>\n<td>(LI)<\/td>\n<td>\u012arija<\/td>\n<td>(IE)<\/td>\n<\/tr>\n<tr>\n<td>Lietuva<\/td>\n<td>(LT)<\/td>\n<td>Rum\u0101nija<\/td>\n<td>(RO)<\/td>\n<td>Norv\u0113\u0123ija<\/td>\n<td>(N\u0112)<\/td>\n<td>Grie\u0137ija<\/td>\n<td>(EL)<\/td>\n<\/tr>\n<tr>\n<td>Luksemburga<\/td>\n<td>(LU)<\/td>\n<td>Slov\u0113nija<\/td>\n<td>(SI)<\/td>\n<td>\u0160veice*<\/td>\n<td>(CH)<\/td>\n<td><\/td>\n<td><\/td>\n<\/tr>\n<\/tbody>\n<\/table>\n<p>*\u0160veicei m\u0113s varam izveidot PCN dokument\u0101ciju ar visu nepiecie\u0161amo inform\u0101ciju, lai iesniegtu pieteikumu \u0160veices port\u0101l\u0101. Sazinieties ar mums, lai ieg\u016btu vair\u0101k inform\u0101cijas. <\/p>\n<h3>CLP mar\u0137\u0113juma inform\u0101cija<\/h3>\n<p>M\u0113s pied\u0101v\u0101jam iesp\u0113ju ieg\u0101d\u0101ties CLP pras\u012bb\u0101m atbilsto\u0161u produkta eti\u0137eti, kur\u0101 ir visa oblig\u0101t\u0101 inform\u0101cija, k\u0101 noteikts ES CLP regul\u0101. T\u0101 tiks pieg\u0101d\u0101ta PDF form\u0101t\u0101.  Tas nav dizains, bet gan nepiecie\u0161am\u0101s inform\u0101cijas kopsavilkums. Tas \u013caus jums integr\u0113t nepiecie\u0161amo inform\u0101ciju j\u016bsu produkta eti\u0137etes dizain\u0101. <a href=\"https:\/\/www.ufi.eu\/lv\/pcn\/clp-markejums\/clp-markejuma-izveide-un-atbilstibas-parbaude\/\" target=\"_blank\" title=\"CLP eti\u0137eteCreation\">CLP eti\u0137etes izveidi<\/a> varat pas\u016bt\u012bt ar\u012b atsevi\u0161\u0137i. Jums jau ir eti\u0137ete? &#8211; M\u0113s varam veikt j\u016bsu <a href=\"https:\/\/www.ufi.eu\/lv\/pcn\/clp-markejums\/clp-markejuma-izveide-un-atbilstibas-parbaude\/\" target=\"_blank\" title=\"CLP mar\u0137\u0113juma atbilst\u012bbas p\u0101rbaude\">eti\u0137etes atbilst\u012bbas p\u0101rbaudi atbilsto\u0161i sp\u0113k\u0101 eso\u0161aj\u0101m CLP<\/a> pras\u012bb\u0101m. M\u0113s sniegsim detaliz\u0113tas atsauksmes un labojumus, lai nodro\u0161in\u0101tu, ka j\u016bsu eti\u0137ete atbilst visiem normat\u012bvajiem standartiem.     <\/p>\n<h2>Pazi\u0146ojums toksikolo\u0123ijas centram par siltumnes\u0113ju \u0161\u0137idrumiem<\/h2>\n<p>Siltumnes\u0113ji ir b\u016btiskas \u0137\u012bmisk\u0101s vielas, ko izmanto da\u017e\u0101dos r\u016bpnieciskos procesos, lai efekt\u012bvi p\u0101rnestu siltumu no vienas vietas uz citu. \u0160ie produkti, ko parasti izmanto dzes\u0113\u0161anas, sald\u0113\u0161anas un sild\u012b\u0161anas sist\u0113m\u0101s, ir klasific\u0113ti k\u0101 b\u012bstamas \u0137\u012bmisk\u0101s vielas, un par tiem nepiecie\u0161ams sa\u0146emt pazi\u0146ojumu toksikolo\u0123ijas centram (PCN). Tas nodro\u0161ina, ka neatliekam\u0101s pal\u012bdz\u012bbas sniedz\u0113jiem un toksikolo\u0123ijas centriem ir pieejama svar\u012bga dro\u0161\u012bbas inform\u0101cija nejau\u0161as iedarb\u012bbas vai nepareizas lieto\u0161anas gad\u012bjum\u0101.  <\/p>\n<h3>Kas ir UFI?<\/h3>\n<p>Unik\u0101lais formulas identifikators (UFI) ir 16 z\u012bmju burtu un ciparu kods, kas siltumnes\u0113ja \u0161\u0137idruma sast\u0101vu saista ar t\u0101 PCN. UFI j\u0101nor\u0101da uz produkta eti\u0137etes, lai av\u0101rijas gad\u012bjum\u0101 av\u0101rijas likvidatori var\u0113tu \u0101tri identific\u0113t produktu. <\/p>\n<h3>Kas ir PCN?<\/h3>\n<p>Pazi\u0146ojums toksikolo\u0123ijas centram (PCN) ir iesniegums toksikolo\u0123ijas centram, kur\u0101 sniegta detaliz\u0113ta inform\u0101cija par produkta \u0137\u012bmisko sast\u0101vu, klasifik\u0101ciju, b\u012bstam\u012bbas datiem un paredz\u0113to lietojumu. \u0160\u012b inform\u0101cija nodro\u0161ina, ka toksikolo\u0123ijas centri var sniegt prec\u012bzus nor\u0101d\u012bjumus \u0101rk\u0101rtas situ\u0101cij\u0101s, kas saist\u012btas ar siltumnes\u0113jiem. <\/p>\n<h3>Kas ir CLP?<\/h3>\n<p>Klasifik\u0101cijas, mar\u0137\u0113\u0161anas un iepako\u0161anas (CLP) regula nodro\u0161ina, ka siltumnes\u0113ju \u0161\u0137idrumi, t\u0101pat k\u0101 visas b\u012bstam\u0101s \u0137\u012bmisk\u0101s vielas, tiek klasific\u0113ti un mar\u0137\u0113ti atbilsto\u0161i to potenci\u0101lajam riskam vesel\u012bbai un videi. CLP regula nosaka, ka produkta mar\u0137\u0113jum\u0101 ir j\u0101b\u016bt skaidriem b\u012bstam\u012bbas simboliem, piesardz\u012bbas nor\u0101d\u0113m un UFI, lai inform\u0113tu lietot\u0101jus un neatliekam\u0101s pal\u012bdz\u012bbas sniedz\u0113jus. <\/p>\n<h3>Kas ir saind\u0113\u0161an\u0101s centrs?<\/h3>\n<p>Toksikolo\u0123ijas centrs ir valsts m\u0113roga organiz\u0101ciju t\u012bkls, kas atbild par rea\u0123\u0113\u0161anu \u0137\u012bmisku vielu iedarb\u012bbas gad\u012bjumos un neatliekam\u0101s medic\u012bnisk\u0101s pal\u012bdz\u012bbas snieg\u0161anu. Piek\u013c\u016bstot PCN datiem, Toksikolo\u0123ijas centrs var \u0101tri sniegt pal\u012bdz\u012bbu b\u012bstamu materi\u0101lu iedarb\u012bbas gad\u012bjumos, tostarp gad\u012bjumos, kas saist\u012bti ar siltumnes\u0113jiem. <\/p>\n<h3>K\u0101p\u0113c tas ir nepiecie\u0161ams?<\/h3>\n<p>Siltumnes\u0113js \u0161\u0137idrums bie\u017ei satur \u0137\u012bmiskas vielas, kas var rad\u012bt iev\u0113rojamu risku cilv\u0113ka vesel\u012bbai un videi, ja cilv\u0113ks tiek pak\u013cauts to iedarb\u012bbai. PCN nodro\u0161ina, ka toksikolo\u0123ijas centru un av\u0101rijas dienestu r\u012bc\u012bb\u0101 ir nepiecie\u0161amie dati, lai efekt\u012bvi p\u0101rvald\u012btu \u0161\u0101dus riskus. Tas pal\u012bdz mazin\u0101t iedarb\u012bbas incidentu ietekmi un nodro\u0161ina sabiedr\u012bbas dro\u0161\u012bbu.  <\/p>\n<h3>Kop\u0161 kura laika tas ir oblig\u0101ti ar likumu?<\/h3>\n<p>Pras\u012bba iesniegt PCN b\u012bstamiem mais\u012bjumiem, tostarp siltumnes\u0113jiem, saska\u0146\u0101 ar CLP regulas VIII pielikumu 2021. gada 1. janv\u0101r\u012b k\u013cuva oblig\u0101ta.<\/p>\n<h2>BIE\u017d\u0100K UZDOTIE JAUT\u0100JUMI<\/h2>\n<h3>Jaut\u0101jums: Vai visiem siltumnes\u0113jiem ir nepiecie\u0161ams PCN?<\/h3>\n<p>Atbilde: Tikai tiem siltumnes\u0113jiem, kas klasific\u0113ti k\u0101 b\u012bstami saska\u0146\u0101 ar CLP regulu, ir nepiecie\u0161ams PCN.<\/p>\n<h3>Jaut\u0101jums: K\u0101da inform\u0101cija ir nepiecie\u0161ama, lai aizpild\u012btu PCN?<\/h3>\n<p>Atbilde: PCN j\u0101nor\u0101da inform\u0101cija par produkta \u0137\u012bmisko sast\u0101vu, b\u012bstam\u012bbas klasifik\u0101ciju, paredz\u0113to lietojumu, iepakojumu un unik\u0101lo formulas identifikatoru (UFI).<\/p>\n<h3>Jaut\u0101jums: Kur j\u0101nor\u0101da UFI?<\/h3>\n<p>Atbilde: UFI j\u0101b\u016bt uzdruk\u0101tam uz produkta eti\u0137etes blakus b\u012bstam\u012bbas un piesardz\u012bbas inform\u0101cijai.<\/p>\n<h3>Jaut\u0101jums: Kas ir atbild\u012bgs par PCN iesnieg\u0161anu?<\/h3>\n<p>Atbilde: Ra\u017eot\u0101js, import\u0113t\u0101js vai pak\u0101rtotais lietot\u0101js, kas siltumnes\u0113ju lai\u017e ES tirg\u016b, ir atbild\u012bgs par PCN iesnieg\u0161anu.<\/p>\n<h3>Jaut\u0101jums: K\u0101das ir neatbilst\u012bbas sekas?<\/h3>\n<p>Atbilde: Neatbilst\u012bba var novest pie naudas sodiem, produktu atsauk\u0161anas vai ierobe\u017eojumiem p\u0101rdot siltumnes\u0113ju ES.<\/p>\n<h3>Jaut\u0101jums: Vai uz visiem \u0137\u012bmiskajiem produktiem r\u016bpnieciskai lieto\u0161anai attiecas PCN pras\u012bbas?<\/h3>\n<p>Atbilde: Ne, PCN ir j\u0101iesniedz tikai par b\u012bstamiem \u0137\u012bmiskiem produktiem, tostarp siltumnes\u0113jiem. Par produktiem, kas nav b\u012bstami, \u0161\u0101ds pazi\u0146ojums var neb\u016bt nepiecie\u0161ams. <\/p>\n<h3>Jaut\u0101jums: Cik ilg\u0101 laik\u0101 j\u0101iesniedz UFI un PCN pazi\u0146ojums?<\/h3>\n<p>Tas mums prasa da\u017eas dienas darba. Tikl\u012bdz aug\u0161upiel\u0101d\u0113siet dokument\u0101ciju, m\u0113s nekav\u0113joties s\u0101ksim darbu. <\/p>\n<h3>Jaut\u0101jums: Vai es esmu PCN pazi\u0146ojuma \u012bpa\u0161nieks?<\/h3>\n<p>J\u0101, j\u016bs esat PCN pazi\u0146ojuma \u012bpa\u0161nieks. Jums piln\u012bb\u0101 pieder j\u016bsu sniegtie dati.  PCN pazi\u0146ojums b\u016bs pieejams j\u016bsu ECHA kont\u0101.<\/p>\n<h3>Jaut\u0101jums: Vai \u0161is pakalpojums attiecas uz vienu produktu vai vair\u0101kiem?<\/h3>\n<p>Pakalpojums attiecas uz vienu produktu.<\/p>\n<h3>Jaut\u0101jums: K\u0101p\u0113c man ir j\u0101maks\u0101 par UFI izveidi?<\/h3>\n<p>M\u016bsu pied\u0101v\u0101tais pakalpojums nav tikai UFI nodro\u0161in\u0101\u0161ana. UFI ir daudz pla\u0161\u0101ka procesa sast\u0101vda\u013ca.  M\u016bsu galvenais pakalpojums, ko m\u0113s sniedzam, ir j\u016bsu pazi\u0146ojuma par saind\u0113\u0161an\u0101s centru (PCN) sagatavo\u0161ana un iesnieg\u0161ana valsts izraudz\u012btaj\u0101m iest\u0101d\u0113m ECHA port\u0101l\u0101, kas ir oblig\u0101ta pras\u012bba saska\u0146\u0101 ar ES CLP regulu, lai laistu tirg\u016b b\u012bstamus mais\u012bjumus. Vienk\u0101r\u0161\u0101k\u0101 da\u013ca ir UFI \u0123ener\u0113\u0161ana. Savuk\u0101rt PCN zi\u0146ojums ir sare\u017e\u0123\u012bts. Tas prasa detaliz\u0113tu sast\u0101vda\u013cu p\u0101rskatu &#8211; \u0137\u012bmisko vielu klasifik\u0101ciju, kas prec\u012bzi format\u0113ta toksikolo\u0123ijas centra iesnieg\u0161anai, izmantojot ECHA.   <\/p>\n<h3>Jaut\u0101jums: K\u0101 es varu iesniegt PCN?<\/h3>\n<p>M\u0113s pied\u0101v\u0101jam risin\u0101jumu uz\u0146\u0113mumiem, kas nav re\u0123istr\u0113ti ES. Pla\u0161\u0101ka inform\u0101cija atrodama <a href=\"https:\/\/www.ufi.eu\/lv\/pcn\/arpus-es\/pcn-un-ufi-uznemumiem-arpus-es\/\" target=\"_blank\" rel=\"noopener\">PCN un UFI lap\u0101 uz\u0146\u0113mumiem \u0101rpus ES<\/a>. <\/p>\n<h3>Jaut\u0101jums: Vai j\u016bs varat nodro\u0161in\u0101t dro\u0161\u012bbas datu lapas, kas piln\u012bb\u0101 atbilst ES regulai (REACH un CLP)?<\/h3>\n<p>J\u0101, m\u0113s varam <a href=\"https:\/\/www.ufi.eu\/lv\/pcn\/drosibas-datu-lapa\/drosibas-datu-lapu-msds-sds-izveides-pakalpojums\/\" target=\"_blank\"><strong>izveidot dro\u0161\u012bbas datu lapas (SDS)<\/strong><\/a>&#8211; paz\u012bstamas ar\u012b k\u0101 <strong>materi\u0101lu dro\u0161\u012bbas datu lapas (MSDS)<\/strong>&#8211; piel\u0101gotas j\u016bsu produktam un atbilsto\u0161as jaun\u0101kajiem ES noteikumiem. Neatkar\u012bgi no t\u0101, vai ra\u017eojat \u0137\u012bmiskos mais\u012bjumus, import\u0113jat produktus ES vai izplat\u0101t ar priv\u0101tu mar\u0137\u0113jumu, atbilst\u012bgas SDS ir juridiski nepiecie\u0161amas un b\u016btiskas dro\u0161ai lieto\u0161anai vis\u0101 pieg\u0101des \u0137\u0113d\u0113. Pla\u0161\u0101ku inform\u0101ciju atrad\u012bsiet <a href=\"https:\/\/www.ufi.eu\/lv\/pcn\/drosibas-datu-lapa\/drosibas-datu-lapu-msds-sds-izveides-pakalpojums\/\" target=\"_blank\">dro\u0161\u012bbas datu lapu (MSDS\/SDS) izveides pakalpojuma<\/a> lap\u0101.  <\/p>\n","protected":false},"excerpt":{"rendered":"<p>K\u0101 darbojas UFI izveides un PCN pazi\u0146o\u0161anas pakalpojums? Ieg\u0101d\u0101joties \u0161o pakalpojumu, j\u016bs sa\u0146emsiet piek\u013cuvi dro\u0161am port\u0101lam. \u0160aj\u0101 port\u0101l\u0101 ir ietverts p\u0101rskats par visiem so\u013ciem. Aizpildiet inform\u0101ciju par savu produktu, un m\u0113s \u0137ersimies pie darba. Pazi\u0146ojums saind\u0113\u0161an\u0101s centram un UFI M\u0113s nodro\u0161in\u0101sim: J\u016bsu produkta unik\u0101lais formulas identifikators (UFI) Zi\u0146ojums par saind\u0113\u0161an\u0101s centra pazi\u0146ojumu (PCN) J\u016bsu produkta [&hellip;]<\/p>\n","protected":false},"featured_media":19926,"template":"","meta":[],"product_brand":[],"product_cat":[329],"product_tag":[],"class_list":{"0":"post-19925","1":"product","2":"type-product","3":"status-publish","4":"has-post-thumbnail","6":"product_cat-produkti-kimiskiem-vai-tehniskiem-procesiem","8":"first","9":"instock","10":"virtual","11":"taxable","12":"purchasable","13":"product-type-bundle"},"bundled_by":[],"bundle_stock_status":"instock","bundle_stock_quantity":"","bundle_virtual":false,"bundle_layout":"default","bundle_add_to_cart_form_location":"default","bundle_editable_in_cart":false,"bundle_sold_individually_context":"product","bundle_item_grouping":"parent","bundle_min_size":"","bundle_max_size":"","bundle_price":{"price":{"min":{"incl_tax":"121","excl_tax":"100"},"max":{"incl_tax":"","excl_tax":""}},"regular_price":{"min":{"incl_tax":"121","excl_tax":"100"},"max":{"incl_tax":"","excl_tax":""}}},"bundled_items":[{"bundled_item_id":8656,"product_id":12541,"menu_order":0,"quantity_min":1,"quantity_max":1,"quantity_default":1,"priced_individually":true,"shipped_individually":false,"override_title":false,"title":null,"override_description":false,"description":null,"optional":false,"hide_thumbnail":false,"discount":"","override_variations":false,"allowed_variations":[""],"override_default_variation_attributes":false,"default_variation_attributes":[],"single_product_visibility":"visible","cart_visibility":"visible","order_visibility":"visible","single_product_price_visibility":"visible","cart_price_visibility":"visible","order_price_visibility":"visible","stock_status":"in_stock"},{"bundled_item_id":8657,"product_id":12535,"menu_order":1,"quantity_min":1,"quantity_max":"","quantity_default":1,"priced_individually":true,"shipped_individually":false,"override_title":false,"title":null,"override_description":false,"description":null,"optional":false,"hide_thumbnail":false,"discount":"","override_variations":false,"allowed_variations":[""],"override_default_variation_attributes":false,"default_variation_attributes":[],"single_product_visibility":"visible","cart_visibility":"visible","order_visibility":"visible","single_product_price_visibility":"visible","cart_price_visibility":"visible","order_price_visibility":"visible","stock_status":"in_stock"}],"bundle_sell_ids":[],"yoast_head":"<!-- This site is optimized with the Yoast SEO Premium plugin v25.1 (Yoast SEO v25.1) - https:\/\/yoast.com\/wordpress\/plugins\/seo\/ -->\n<title>PCN un UFI siltumnes\u0113jiem - UFI<\/title>\n<meta name=\"description\" content=\"Ieg\u016bstiet PCN un UFI par siltumnes\u0113ju \u0161\u0137idrumiem. Nodro\u0161iniet atbilst\u012bbu ES Toksikolo\u0123ijas centra pras\u012bb\u0101m, izmantojot m\u016bsu \u0101tro un uzticamo pazi\u0146o\u0161anas pakalpojumu!\" \/>\n<meta name=\"robots\" content=\"index, follow, max-snippet:-1, max-image-preview:large, max-video-preview:-1\" \/>\n<link rel=\"canonical\" href=\"https:\/\/www.ufi.eu\/lv\/product\/pcn-un-ufi-siltumnesejiem\/\" \/>\n<meta property=\"og:locale\" content=\"lv_LV\" \/>\n<meta property=\"og:type\" content=\"article\" \/>\n<meta property=\"og:title\" content=\"PCN un UFI siltumnes\u0113jiem\" \/>\n<meta property=\"og:description\" content=\"Ieg\u016bstiet PCN un UFI par siltumnes\u0113ju \u0161\u0137idrumiem. Nodro\u0161iniet atbilst\u012bbu ES Toksikolo\u0123ijas centra pras\u012bb\u0101m, izmantojot m\u016bsu \u0101tro un uzticamo pazi\u0146o\u0161anas pakalpojumu!\" \/>\n<meta property=\"og:url\" content=\"https:\/\/www.ufi.eu\/lv\/product\/pcn-un-ufi-siltumnesejiem\/\" \/>\n<meta property=\"og:site_name\" content=\"UFI\" \/>\n<meta property=\"og:image\" content=\"https:\/\/www.ufi.eu\/wp-content\/uploads\/2025\/03\/PC-TEC-7.jpg\" \/>\n\t<meta property=\"og:image:width\" content=\"1024\" \/>\n\t<meta property=\"og:image:height\" content=\"1024\" \/>\n\t<meta property=\"og:image:type\" content=\"image\/jpeg\" \/>\n<meta name=\"twitter:card\" content=\"summary_large_image\" \/>\n<meta name=\"twitter:label1\" content=\"Price\" \/>\n\t<meta name=\"twitter:data1\" content=\"&euro;0.00\" \/>\n\t<meta name=\"twitter:label2\" content=\"Availability\" \/>\n\t<meta name=\"twitter:data2\" content=\"In stock\" \/>\n<script type=\"application\/ld+json\" class=\"yoast-schema-graph\">{\"@context\":\"https:\/\/schema.org\",\"@graph\":[{\"@type\":\"WebPage\",\"@id\":\"https:\/\/www.ufi.eu\/lv\/product\/pcn-un-ufi-siltumnesejiem\/\",\"url\":\"https:\/\/www.ufi.eu\/lv\/product\/pcn-un-ufi-siltumnesejiem\/\",\"name\":\"PCN un UFI siltumnes\u0113jiem - UFI\",\"isPartOf\":{\"@id\":\"https:\/\/www.ufi.eu\/lv\/#website\"},\"primaryImageOfPage\":{\"@id\":\"https:\/\/www.ufi.eu\/lv\/product\/pcn-un-ufi-siltumnesejiem\/#primaryimage\"},\"image\":{\"@id\":\"https:\/\/www.ufi.eu\/lv\/product\/pcn-un-ufi-siltumnesejiem\/#primaryimage\"},\"thumbnailUrl\":\"https:\/\/www.ufi.eu\/wp-content\/uploads\/2025\/03\/PC-TEC-7.jpg\",\"datePublished\":\"2025-04-17T09:05:43+00:00\",\"description\":\"Ieg\u016bstiet PCN un UFI par siltumnes\u0113ju \u0161\u0137idrumiem. Nodro\u0161iniet atbilst\u012bbu ES Toksikolo\u0123ijas centra pras\u012bb\u0101m, izmantojot m\u016bsu \u0101tro un uzticamo pazi\u0146o\u0161anas pakalpojumu!\",\"breadcrumb\":{\"@id\":\"https:\/\/www.ufi.eu\/lv\/product\/pcn-un-ufi-siltumnesejiem\/#breadcrumb\"},\"inLanguage\":\"lv-LV\",\"potentialAction\":[{\"@type\":\"ReadAction\",\"target\":[\"https:\/\/www.ufi.eu\/lv\/product\/pcn-un-ufi-siltumnesejiem\/\"]}]},{\"@type\":\"ImageObject\",\"inLanguage\":\"lv-LV\",\"@id\":\"https:\/\/www.ufi.eu\/lv\/product\/pcn-un-ufi-siltumnesejiem\/#primaryimage\",\"url\":\"https:\/\/www.ufi.eu\/wp-content\/uploads\/2025\/03\/PC-TEC-7.jpg\",\"contentUrl\":\"https:\/\/www.ufi.eu\/wp-content\/uploads\/2025\/03\/PC-TEC-7.jpg\",\"width\":1024,\"height\":1024},{\"@type\":\"BreadcrumbList\",\"@id\":\"https:\/\/www.ufi.eu\/lv\/product\/pcn-un-ufi-siltumnesejiem\/#breadcrumb\",\"itemListElement\":[{\"@type\":\"ListItem\",\"position\":1,\"name\":\"Home\",\"item\":\"https:\/\/www.ufi.eu\/lv\/sakums\/\"},{\"@type\":\"ListItem\",\"position\":2,\"name\":\"Veikals\",\"item\":\"https:\/\/www.ufi.eu\/lv\/veikals\/\"},{\"@type\":\"ListItem\",\"position\":3,\"name\":\"PCN un UFI siltumnes\u0113jiem\"}]},{\"@type\":\"WebSite\",\"@id\":\"https:\/\/www.ufi.eu\/lv\/#website\",\"url\":\"https:\/\/www.ufi.eu\/lv\/\",\"name\":\"UFI.EU\",\"description\":\"Poison Centre Notifications (PCN) and UFI\",\"publisher\":{\"@id\":\"https:\/\/www.ufi.eu\/lv\/#organization\"},\"potentialAction\":[{\"@type\":\"SearchAction\",\"target\":{\"@type\":\"EntryPoint\",\"urlTemplate\":\"https:\/\/www.ufi.eu\/lv\/?s={search_term_string}\"},\"query-input\":{\"@type\":\"PropertyValueSpecification\",\"valueRequired\":true,\"valueName\":\"search_term_string\"}}],\"inLanguage\":\"lv-LV\"},{\"@type\":\"Organization\",\"@id\":\"https:\/\/www.ufi.eu\/lv\/#organization\",\"name\":\"UFI.EU\",\"url\":\"https:\/\/www.ufi.eu\/lv\/\",\"logo\":{\"@type\":\"ImageObject\",\"inLanguage\":\"lv-LV\",\"@id\":\"https:\/\/www.ufi.eu\/lv\/#\/schema\/logo\/image\/\",\"url\":\"https:\/\/www.ufi.eu\/wp-content\/uploads\/2025\/03\/cropped-logo_ufi3.jpg\",\"contentUrl\":\"https:\/\/www.ufi.eu\/wp-content\/uploads\/2025\/03\/cropped-logo_ufi3.jpg\",\"width\":231,\"height\":78,\"caption\":\"UFI.EU\"},\"image\":{\"@id\":\"https:\/\/www.ufi.eu\/lv\/#\/schema\/logo\/image\/\"},\"description\":\"UFI.eu specializes in digital registrations for Poison Centre Notifications (PCN), ensuring your chemical products meet EU regulatory requirements effortlessly. Our streamlined solutions help businesses stay compliant while reducing complexity and administrative burden.\",\"email\":\"info@ufi.eu\",\"legalName\":\"UFI.EU\"}]}<\/script>\n<meta property=\"product:price:amount\" content=\"0.00\" \/>\n<meta property=\"product:price:currency\" content=\"EUR\" \/>\n<meta property=\"og:availability\" content=\"instock\" \/>\n<meta property=\"product:availability\" content=\"instock\" \/>\n<meta property=\"product:retailer_item_id\" content=\"PC-TEC-7\" \/>\n<meta property=\"product:condition\" content=\"new\" \/>\n<!-- \/ Yoast SEO Premium plugin. -->","yoast_head_json":{"title":"PCN un UFI siltumnes\u0113jiem - UFI","description":"Ieg\u016bstiet PCN un UFI par siltumnes\u0113ju \u0161\u0137idrumiem. Nodro\u0161iniet atbilst\u012bbu ES Toksikolo\u0123ijas centra pras\u012bb\u0101m, izmantojot m\u016bsu \u0101tro un uzticamo pazi\u0146o\u0161anas pakalpojumu!","robots":{"index":"index","follow":"follow","max-snippet":"max-snippet:-1","max-image-preview":"max-image-preview:large","max-video-preview":"max-video-preview:-1"},"canonical":"https:\/\/www.ufi.eu\/lv\/product\/pcn-un-ufi-siltumnesejiem\/","og_locale":"lv_LV","og_type":"article","og_title":"PCN un UFI siltumnes\u0113jiem","og_description":"Ieg\u016bstiet PCN un UFI par siltumnes\u0113ju \u0161\u0137idrumiem. Nodro\u0161iniet atbilst\u012bbu ES Toksikolo\u0123ijas centra pras\u012bb\u0101m, izmantojot m\u016bsu \u0101tro un uzticamo pazi\u0146o\u0161anas pakalpojumu!","og_url":"https:\/\/www.ufi.eu\/lv\/product\/pcn-un-ufi-siltumnesejiem\/","og_site_name":"UFI","og_image":[{"width":1024,"height":1024,"url":"https:\/\/www.ufi.eu\/wp-content\/uploads\/2025\/03\/PC-TEC-7.jpg","type":"image\/jpeg"}],"twitter_card":"summary_large_image","twitter_misc":{"Price":"&euro;0.00","Availability":"In stock"},"schema":{"@context":"https:\/\/schema.org","@graph":[{"@type":"WebPage","@id":"https:\/\/www.ufi.eu\/lv\/product\/pcn-un-ufi-siltumnesejiem\/","url":"https:\/\/www.ufi.eu\/lv\/product\/pcn-un-ufi-siltumnesejiem\/","name":"PCN un UFI siltumnes\u0113jiem - UFI","isPartOf":{"@id":"https:\/\/www.ufi.eu\/lv\/#website"},"primaryImageOfPage":{"@id":"https:\/\/www.ufi.eu\/lv\/product\/pcn-un-ufi-siltumnesejiem\/#primaryimage"},"image":{"@id":"https:\/\/www.ufi.eu\/lv\/product\/pcn-un-ufi-siltumnesejiem\/#primaryimage"},"thumbnailUrl":"https:\/\/www.ufi.eu\/wp-content\/uploads\/2025\/03\/PC-TEC-7.jpg","datePublished":"2025-04-17T09:05:43+00:00","description":"Ieg\u016bstiet PCN un UFI par siltumnes\u0113ju \u0161\u0137idrumiem. Nodro\u0161iniet atbilst\u012bbu ES Toksikolo\u0123ijas centra pras\u012bb\u0101m, izmantojot m\u016bsu \u0101tro un uzticamo pazi\u0146o\u0161anas pakalpojumu!","breadcrumb":{"@id":"https:\/\/www.ufi.eu\/lv\/product\/pcn-un-ufi-siltumnesejiem\/#breadcrumb"},"inLanguage":"lv-LV","potentialAction":[{"@type":"ReadAction","target":["https:\/\/www.ufi.eu\/lv\/product\/pcn-un-ufi-siltumnesejiem\/"]}]},{"@type":"ImageObject","inLanguage":"lv-LV","@id":"https:\/\/www.ufi.eu\/lv\/product\/pcn-un-ufi-siltumnesejiem\/#primaryimage","url":"https:\/\/www.ufi.eu\/wp-content\/uploads\/2025\/03\/PC-TEC-7.jpg","contentUrl":"https:\/\/www.ufi.eu\/wp-content\/uploads\/2025\/03\/PC-TEC-7.jpg","width":1024,"height":1024},{"@type":"BreadcrumbList","@id":"https:\/\/www.ufi.eu\/lv\/product\/pcn-un-ufi-siltumnesejiem\/#breadcrumb","itemListElement":[{"@type":"ListItem","position":1,"name":"Home","item":"https:\/\/www.ufi.eu\/lv\/sakums\/"},{"@type":"ListItem","position":2,"name":"Veikals","item":"https:\/\/www.ufi.eu\/lv\/veikals\/"},{"@type":"ListItem","position":3,"name":"PCN un UFI siltumnes\u0113jiem"}]},{"@type":"WebSite","@id":"https:\/\/www.ufi.eu\/lv\/#website","url":"https:\/\/www.ufi.eu\/lv\/","name":"UFI.EU","description":"Poison Centre Notifications (PCN) and UFI","publisher":{"@id":"https:\/\/www.ufi.eu\/lv\/#organization"},"potentialAction":[{"@type":"SearchAction","target":{"@type":"EntryPoint","urlTemplate":"https:\/\/www.ufi.eu\/lv\/?s={search_term_string}"},"query-input":{"@type":"PropertyValueSpecification","valueRequired":true,"valueName":"search_term_string"}}],"inLanguage":"lv-LV"},{"@type":"Organization","@id":"https:\/\/www.ufi.eu\/lv\/#organization","name":"UFI.EU","url":"https:\/\/www.ufi.eu\/lv\/","logo":{"@type":"ImageObject","inLanguage":"lv-LV","@id":"https:\/\/www.ufi.eu\/lv\/#\/schema\/logo\/image\/","url":"https:\/\/www.ufi.eu\/wp-content\/uploads\/2025\/03\/cropped-logo_ufi3.jpg","contentUrl":"https:\/\/www.ufi.eu\/wp-content\/uploads\/2025\/03\/cropped-logo_ufi3.jpg","width":231,"height":78,"caption":"UFI.EU"},"image":{"@id":"https:\/\/www.ufi.eu\/lv\/#\/schema\/logo\/image\/"},"description":"UFI.eu specializes in digital registrations for Poison Centre Notifications (PCN), ensuring your chemical products meet EU regulatory requirements effortlessly. Our streamlined solutions help businesses stay compliant while reducing complexity and administrative burden.","email":"info@ufi.eu","legalName":"UFI.EU"}]},"product_price_amount":"0.00","product_price_currency":"EUR","og_availability":"instock","product_availability":"instock","product_retailer_item_id":"PC-TEC-7","product_condition":"new"},"_links":{"self":[{"href":"https:\/\/www.ufi.eu\/lv\/wp-json\/wp\/v2\/product\/19925","targetHints":{"allow":["GET"]}}],"collection":[{"href":"https:\/\/www.ufi.eu\/lv\/wp-json\/wp\/v2\/product"}],"about":[{"href":"https:\/\/www.ufi.eu\/lv\/wp-json\/wp\/v2\/types\/product"}],"wp:featuredmedia":[{"embeddable":true,"href":"https:\/\/www.ufi.eu\/lv\/wp-json\/wp\/v2\/media\/19926"}],"wp:attachment":[{"href":"https:\/\/www.ufi.eu\/lv\/wp-json\/wp\/v2\/media?parent=19925"}],"wp:term":[{"taxonomy":"product_brand","embeddable":true,"href":"https:\/\/www.ufi.eu\/lv\/wp-json\/wp\/v2\/product_brand?post=19925"},{"taxonomy":"product_cat","embeddable":true,"href":"https:\/\/www.ufi.eu\/lv\/wp-json\/wp\/v2\/product_cat?post=19925"},{"taxonomy":"product_tag","embeddable":true,"href":"https:\/\/www.ufi.eu\/lv\/wp-json\/wp\/v2\/product_tag?post=19925"}],"curies":[{"name":"wp","href":"https:\/\/api.w.org\/{rel}","templated":true}]}}