{"id":13327,"date":"2025-03-03T16:34:04","date_gmt":"2025-04-15T21:28:07","guid":{"rendered":"https:\/\/www.ufi.eu\/pcn\/uncategorized\/pcn-un-ufi-limem-lietosanai-majas-skola-un-biroja\/"},"modified":"2025-04-15T21:28:07","modified_gmt":"2025-04-15T21:28:07","slug":"pcn-un-ufi-limem-lietosanai-majas-skola-un-biroja","status":"publish","type":"product","link":"https:\/\/www.ufi.eu\/lv\/product\/pcn-un-ufi-limem-lietosanai-majas-skola-un-biroja\/","title":{"rendered":"PCN un UFI l\u012bm\u0113m &#8211; lieto\u0161anai m\u0101j\u0101s, skol\u0101 un biroj\u0101"},"content":{"rendered":"<h2>M\u0101jsaimniec\u012bb\u0101, biroj\u0101 vai skol\u0101 lietojamo adhez\u012bvu un herm\u0113ti\u0137u re\u0123istr\u0101cija<\/h2>\n<p>Lai nodro\u0161in\u0101tu atbilst\u012bbu dro\u0161\u012bbas, mar\u0137\u0113\u0161anas un pat\u0113r\u0113t\u0101ju aizsardz\u012bbas normat\u012bvajiem standartiem, ir \u013coti svar\u012bgi re\u0123istr\u0113t m\u0101jsaimniec\u012bb\u0101, biroj\u0101 vai skol\u0101 lietojam\u0101s l\u012bmes un herm\u0113ti\u0137us. \u0160os produktus, tostarp amatniec\u012bbas l\u012bmes, daudzfunkcion\u0101l\u0101s l\u012bmes, l\u012bmes n\u016bji\u0146as, momentl\u012bmes, koka l\u012bmes, kontaktl\u012bmes un l\u012bmes aerosolus, pla\u0161i izmanto ikdienas vid\u0113, piem\u0113ram, m\u0101j\u0101s, skol\u0101s un birojos. Pareiza re\u0123istr\u0101cija nodro\u0161ina, ka \u0161ie produkti atbilst nepiecie\u0161amajiem dro\u0161\u012bbas standartiem, tiem ir skaidrs mar\u0137\u0113jums ar inform\u0101ciju par b\u012bstam\u012bbu un nor\u0101d\u012bjumi par dro\u0161u lieto\u0161anu, lai pasarg\u0101tu pat\u0113r\u0113t\u0101jus no iesp\u0113jamiem vesel\u012bbas apdraud\u0113jumiem.  <\/p>\n<h3>Kas ir UFI?<\/h3>\n<p>UFI (unik\u0101lais formulas identifikators) ir kods, kas identific\u0113 produkta \u012bpa\u0161o \u0137\u012bmisko sast\u0101vu. Tam j\u0101b\u016bt nor\u0101d\u012btam uz produkta eti\u0137etes, un likums to pieprasa k\u0101 da\u013cu no pazi\u0146ojuma par saind\u0113\u0161anos toksikolo\u0123ijas centr\u0101 (PCN). UFI pal\u012bdz neatliekam\u0101s pal\u012bdz\u012bbas sniedz\u0113jiem \u0101tri identific\u0113t produktu un nov\u0113rt\u0113t risku \u0137\u012bmisku vielu iedarb\u012bbas vai saind\u0113\u0161an\u0101s gad\u012bjumos.  <\/p>\n<h3>Kas ir PCN?<\/h3>\n<p>PCN (pazi\u0146ojums toksikolo\u0123ijas centram) ir normat\u012bv\u0101 pras\u012bba b\u012bstamu produktu ra\u017eot\u0101jiem un izplat\u012bt\u0101jiem inform\u0113t ES toksikolo\u0123ijas centru par savu produktu sast\u0101vu un iesp\u0113jamo b\u012bstam\u012bbu. Attiec\u012bb\u0101 uz l\u012bm\u0113m un herm\u0113ti\u0137iem PCN nodro\u0161ina, ka produkta \u0137\u012bmisk\u0101s sast\u0101vda\u013cas, b\u012bstam\u012bbas klasifik\u0101cija un dro\u0161as lieto\u0161anas instrukcijas ir pieejamas vesel\u012bbas apr\u016bpes pakalpojumu sniedz\u0113jiem un neatliekam\u0101s pal\u012bdz\u012bbas sniedz\u0113jiem iedarb\u012bbas vai saind\u0113\u0161an\u0101s gad\u012bjum\u0101. <\/p>\n<h3>Kas ir CLP?<\/h3>\n<p>CLP (klasific\u0113\u0161ana, mar\u0137\u0113\u0161ana un iepako\u0161ana) ir ES regula, kas klasific\u0113 \u0137\u012bmisk\u0101s vielas, pamatojoties uz to b\u012bstam\u012bbu, un nodro\u0161ina to mar\u0137\u0113\u0161anu ar atbilsto\u0161iem dro\u0161\u012bbas br\u012bdin\u0101jumiem un b\u012bstam\u012bbas simboliem. CLP regula nosaka, ka l\u012bm\u0113m un herm\u0113ti\u0137iem uz produkta eti\u0137etes j\u0101b\u016bt skaidrai inform\u0101cijai par iesp\u0113jamiem apdraud\u0113jumiem, piem\u0113ram, \u0101das kairin\u0101jumu, toksicit\u0101ti vai uzliesmojam\u012bbu. Tas pal\u012bdz lietot\u0101jiem dro\u0161i r\u012bkoties ar produktiem un samazina nelaimes gad\u012bjumu risku.  <\/p>\n<h3>Kas ir ES Toksikolo\u0123ijas centrs?<\/h3>\n<p>ES Toksikolo\u0123ijas centrs ir centr\u0101l\u0101 iest\u0101de, kas p\u0101rvalda datus par b\u012bstamiem produktiem vis\u0101 Eiropas Savien\u012bb\u0101. Tam ir iz\u0161\u0137iro\u0161a noz\u012bme dro\u0161\u012bbas nodro\u0161in\u0101\u0161an\u0101, sniedzot neatliekam\u0101s pal\u012bdz\u012bbas sniedz\u0113jiem b\u016btisku inform\u0101ciju iedarb\u012bbas incidentu laik\u0101. Ra\u017eot\u0101jiem ir j\u0101inform\u0113 Toksikolo\u0123ijas centrs par saviem b\u012bstamajiem produktiem, nodro\u0161inot, ka \u0161ie svar\u012bgie dati ir pieejami, kad tie ir nepiecie\u0161ami.  <\/p>\n<h3>K\u0101p\u0113c tas ir nepiecie\u0161ams?<\/h3>\n<p>M\u0101jsaimniec\u012bb\u0101, biroj\u0101 vai skol\u0101 lietojamo l\u012bmju un herm\u0113ti\u0137u re\u0123istr\u0113\u0161ana Toksikolo\u0123ijas centr\u0101 nodro\u0161ina, ka \u0161ie produkti ir dro\u0161i pat\u0113r\u0113t\u0101jiem un pareizi klasific\u0113ti atbilsto\u0161i to b\u012bstam\u012bbai. Tas sniedz neatliekam\u0101s pal\u012bdz\u012bbas sniedz\u0113jiem nepiecie\u0161amos datus, lai efekt\u012bvi risin\u0101tu iedarb\u012bbas gad\u012bjumus. T\u0101 k\u0101 l\u012bmes un herm\u0113ti\u0137i var rad\u012bt risku vesel\u012bbai, ja ar tiem netiek pareizi apieties, ir svar\u012bgi iev\u0113rot noteikumus, lai samazin\u0101tu nelaimes gad\u012bjumu skaitu un pasarg\u0101tu lietot\u0101jus no iesp\u0113jam\u0101 kait\u0113juma.  <\/p>\n<h3>Kop\u0161 kura laika tas ir juridiski oblig\u0101ti?<\/h3>\n<p>Juridiskais pien\u0101kums iesniegt PCN par b\u012bstamiem produktiem, tostarp l\u012bm\u0113m un herm\u0113ti\u0137iem, k\u013cuva oblig\u0101ts 2021. gada 1. janv\u0101r\u012b. No \u0161\u012b datuma visiem ra\u017eot\u0101jiem un izplat\u012bt\u0101jiem ir j\u0101nodro\u0161ina, ka vi\u0146u ra\u017eojumi atbilst ES dro\u0161\u012bbas standartiem, un pirms to lai\u0161anas tirg\u016b j\u0101iesniedz nepiecie\u0161am\u0101 inform\u0101cija ES Toksikolo\u0123ijas centram. <\/p>\n<h2>BIE\u017d\u0100K UZDOTIE JAUT\u0100JUMI<\/h2>\n<h3>Jaut\u0101jums: Kas ir UFI un k\u0101p\u0113c man tas ir nepiecie\u0161ams manam produktam?<\/h3>\n<p>Atbilde: UFI (unik\u0101lais formulas identifikators) ir kods, kas unik\u0101li identific\u0113 j\u016bsu produkta \u0137\u012bmisko sast\u0101vu. Tas ir oblig\u0101ti j\u0101nor\u0101da uz j\u016bsu ra\u017eojuma eti\u0137etes, un tas ir oblig\u0101ti j\u0101nor\u0101da uz j\u016bsu ra\u017eojuma eti\u0137etes. UFI \u013cauj neatliekam\u0101s pal\u012bdz\u012bbas sniedz\u0113jiem \u0101tri piek\u013c\u016bt svar\u012bgai dro\u0161\u012bbas inform\u0101cijai iedarb\u012bbas vai saind\u0113\u0161an\u0101s incidenta gad\u012bjum\u0101.  <\/p>\n<h3>Jaut\u0101jums: Ko ietver PCN l\u012bmes un herm\u0113ti\u0137i?<\/h3>\n<p>Atbilde: PCN (pazi\u0146ojums toksikolo\u0123ijas centram) ietver ES toksikolo\u0123ijas centra inform\u0113\u0161anu par j\u016bsu produkta sast\u0101vda\u013c\u0101m un b\u012bstam\u012bbu. Tas \u013cauj neatliekam\u0101s pal\u012bdz\u012bbas sniedz\u0113jiem piek\u013c\u016bt detaliz\u0113tai dro\u0161uma inform\u0101cijai par produktu, pal\u012bdzot vi\u0146iem efekt\u012bvi rea\u0123\u0113t uz \u0137\u012bmisku vielu iedarb\u012bbas vai saind\u0113\u0161an\u0101s gad\u012bjumiem. <\/p>\n<h3>Jaut\u0101jums: Kas ir CLP un k\u0101 tas attiecas uz l\u012bm\u0113m un herm\u0113ti\u0137iem?<\/h3>\n<p>Atbilde: CLP (klasific\u0113\u0161ana, mar\u0137\u0113\u0161ana un iepako\u0161ana) ir ES regula, kas klasific\u0113 \u0137\u012bmiskos produktus, pamatojoties uz to b\u012bstam\u012bbu, un pieprasa skaidru mar\u0137\u0113jumu ar b\u012bstam\u012bbas piktogramm\u0101m, sign\u0101lv\u0101rdiem un dro\u0161\u012bbas instrukcij\u0101m. L\u012bm\u0113m un herm\u0113ti\u0137iem j\u0101atbilst CLP pras\u012bb\u0101m, lai nodro\u0161in\u0101tu, ka lietot\u0101ji ir inform\u0113ti par iesp\u0113jamiem riskiem un var dro\u0161i r\u012bkoties ar produktiem. <\/p>\n<h3>Jaut\u0101jums: K\u0101da loma dro\u0161\u012bb\u0101 ir ES Toksikolo\u0123ijas centram?<\/h3>\n<p>Atbilde: ES Toksikolo\u0123ijas centrs apkopo un apstr\u0101d\u0101 dro\u0161\u012bbas datus par b\u012bstamiem produktiem. Tas sniedz b\u016btisku inform\u0101ciju vesel\u012bbas apr\u016bpes pakalpojumu sniedz\u0113jiem un neatliekam\u0101s pal\u012bdz\u012bbas sniedz\u0113jiem iedarb\u012bbas gad\u012bjumos, nodro\u0161inot, ka vi\u0146i var efekt\u012bvi nov\u0113rst iesp\u0113jamu saind\u0113\u0161anos vai vesel\u012bbas apdraud\u0113jumus, kas saist\u012bti ar \u0137\u012bmiskiem produktiem. <\/p>\n<h3>Jaut\u0101jums: K\u0101p\u0113c ir nepiecie\u0161ams re\u0123istr\u0113t m\u0101jsaimniec\u012bb\u0101, biroj\u0101 vai skol\u0101 lietojam\u0101s l\u012bmes un herm\u0113ti\u0137us?<\/h3>\n<p>Atbilde: Re\u0123istr\u0101cija nodro\u0161ina, ka l\u012bmes un herm\u0113ti\u0137i atbilst dro\u0161\u012bbas standartiem un ir pareizi klasific\u0113ti lieto\u0161anai ikdienas vid\u0113. T\u0101 sniedz nepiecie\u0161amo inform\u0101ciju, lai nodro\u0161in\u0101tu pat\u0113r\u0113t\u0101ju dro\u0161\u012bbu, un \u013cauj \u0101tri un prec\u012bzi rea\u0123\u0113t iedarb\u012bbas vai saind\u0113\u0161an\u0101s gad\u012bjumu gad\u012bjum\u0101. <\/p>\n<h3>Jaut\u0101jums: Kop\u0161 kura laika pras\u012bba par PCN pazi\u0146ojumiem ir oblig\u0101ta?<\/h3>\n<p>Atbilde: Pras\u012bba par PCN pazi\u0146ojumiem k\u013cuva oblig\u0101ta 2021. gada 1. janv\u0101r\u012b. Visiem b\u012bstamo produktu, tostarp adhez\u012bvu un herm\u0113ti\u0137u, ra\u017eot\u0101jiem un izplat\u012bt\u0101jiem pirms produktu lai\u0161anas ES tirg\u016b ir j\u0101nodro\u0161ina atbilst\u012bba \u0161iem noteikumiem. <\/p>\n","protected":false},"excerpt":{"rendered":"<p>M\u0101jsaimniec\u012bb\u0101, biroj\u0101 vai skol\u0101 lietojamo adhez\u012bvu un herm\u0113ti\u0137u re\u0123istr\u0101cija Lai nodro\u0161in\u0101tu atbilst\u012bbu dro\u0161\u012bbas, mar\u0137\u0113\u0161anas un pat\u0113r\u0113t\u0101ju aizsardz\u012bbas normat\u012bvajiem standartiem, ir \u013coti svar\u012bgi re\u0123istr\u0113t m\u0101jsaimniec\u012bb\u0101, biroj\u0101 vai skol\u0101 lietojam\u0101s l\u012bmes un herm\u0113ti\u0137us. \u0160os produktus, tostarp amatniec\u012bbas l\u012bmes, daudzfunkcion\u0101l\u0101s l\u012bmes, l\u012bmes n\u016bji\u0146as, momentl\u012bmes, koka l\u012bmes, kontaktl\u012bmes un l\u012bmes aerosolus, pla\u0161i izmanto ikdienas vid\u0113, piem\u0113ram, m\u0101j\u0101s, skol\u0101s un [&hellip;]<\/p>\n","protected":false},"featured_media":13328,"template":"","meta":[],"product_brand":[],"product_cat":[516],"product_tag":[],"class_list":{"0":"post-13327","1":"product","2":"type-product","3":"status-publish","4":"has-post-thumbnail","6":"product_cat-limes-un-hermetiki","8":"first","9":"instock","10":"virtual","11":"taxable","12":"purchasable","13":"product-type-bundle"},"bundled_by":[],"bundle_stock_status":"instock","bundle_stock_quantity":"","bundle_virtual":false,"bundle_layout":"default","bundle_add_to_cart_form_location":"default","bundle_editable_in_cart":false,"bundle_sold_individually_context":"product","bundle_item_grouping":"parent","bundle_min_size":"","bundle_max_size":"","bundle_price":{"price":{"min":{"incl_tax":"121","excl_tax":"100"},"max":{"incl_tax":"","excl_tax":""}},"regular_price":{"min":{"incl_tax":"121","excl_tax":"100"},"max":{"incl_tax":"","excl_tax":""}}},"bundled_items":[{"bundled_item_id":1950,"product_id":12541,"menu_order":0,"quantity_min":1,"quantity_max":1,"quantity_default":1,"priced_individually":true,"shipped_individually":true,"override_title":false,"title":"Pazi\u0146ojums saind\u0113\u0161an\u0101s centram un UFI","override_description":false,"description":"Pazi\u0146ojums saind\u0113\u0161an\u0101s centram un UFI","optional":false,"hide_thumbnail":false,"discount":"","override_variations":false,"allowed_variations":[""],"override_default_variation_attributes":false,"default_variation_attributes":[],"single_product_visibility":"visible","cart_visibility":"visible","order_visibility":"visible","single_product_price_visibility":"visible","cart_price_visibility":"visible","order_price_visibility":"visible","stock_status":"in_stock"},{"bundled_item_id":1951,"product_id":12535,"menu_order":1,"quantity_min":1,"quantity_max":"","quantity_default":1,"priced_individually":true,"shipped_individually":true,"override_title":false,"title":"PCN re\u0123istr\u0101cijas valstis","override_description":false,"description":"PCN re\u0123istr\u0101cijas valstis","optional":false,"hide_thumbnail":false,"discount":"","override_variations":false,"allowed_variations":[""],"override_default_variation_attributes":false,"default_variation_attributes":[],"single_product_visibility":"visible","cart_visibility":"visible","order_visibility":"visible","single_product_price_visibility":"visible","cart_price_visibility":"visible","order_price_visibility":"visible","stock_status":"in_stock"},{"bundled_item_id":12948,"product_id":12456,"menu_order":2,"quantity_min":0,"quantity_max":1,"quantity_default":1,"priced_individually":true,"shipped_individually":true,"override_title":false,"title":"Dro\u0161\u012bbas datu lapas izveide","override_description":false,"description":"Dro\u0161\u012bbas datu lapas izveide","optional":false,"hide_thumbnail":false,"discount":"","override_variations":false,"allowed_variations":[""],"override_default_variation_attributes":false,"default_variation_attributes":[],"single_product_visibility":"visible","cart_visibility":"visible","order_visibility":"visible","single_product_price_visibility":"visible","cart_price_visibility":"visible","order_price_visibility":"visible","stock_status":"in_stock"},{"bundled_item_id":12949,"product_id":12474,"menu_order":3,"quantity_min":0,"quantity_max":"","quantity_default":1,"priced_individually":true,"shipped_individually":false,"override_title":false,"title":"Dro\u0161\u012bbas datu lapas tulkojums","override_description":false,"description":"Dro\u0161\u012bbas datu lapas tulkojums","optional":false,"hide_thumbnail":false,"discount":"","override_variations":false,"allowed_variations":[""],"override_default_variation_attributes":false,"default_variation_attributes":[],"single_product_visibility":"visible","cart_visibility":"visible","order_visibility":"visible","single_product_price_visibility":"visible","cart_price_visibility":"visible","order_price_visibility":"visible","stock_status":"in_stock"}],"bundle_sell_ids":[],"yoast_head":"<!-- This site is optimized with the Yoast SEO Premium plugin v25.1 (Yoast SEO v25.1) - https:\/\/yoast.com\/wordpress\/plugins\/seo\/ -->\n<title>PCN un UFI l\u012bm\u0113m - lieto\u0161anai m\u0101j\u0101s, skol\u0101 un biroj\u0101 - UFI<\/title>\n<meta name=\"description\" content=\"Lai nodro\u0161in\u0101tu atbilst\u012bbu dro\u0161\u012bbas, mar\u0137\u0113\u0161anas un pat\u0113r\u0113t\u0101ju aizsardz\u012bbas normat\u012bvajiem standartiem, ir \u013coti svar\u012bgi re\u0123istr\u0113t m\u0101jsaimniec\u012bb\u0101, biroj\u0101 vai skol\u0101 lietojam\u0101s l\u012bmes un herm\u0113ti\u0137us.\" \/>\n<meta name=\"robots\" content=\"index, follow, max-snippet:-1, max-image-preview:large, max-video-preview:-1\" \/>\n<link rel=\"canonical\" href=\"https:\/\/www.ufi.eu\/lv\/product\/pcn-un-ufi-limem-lietosanai-majas-skola-un-biroja\/\" \/>\n<meta property=\"og:locale\" content=\"lv_LV\" \/>\n<meta property=\"og:type\" content=\"article\" \/>\n<meta property=\"og:title\" content=\"PCN un UFI l\u012bm\u0113m - lieto\u0161anai m\u0101j\u0101s, skol\u0101 un biroj\u0101\" \/>\n<meta property=\"og:description\" content=\"Lai nodro\u0161in\u0101tu atbilst\u012bbu dro\u0161\u012bbas, mar\u0137\u0113\u0161anas un pat\u0113r\u0113t\u0101ju aizsardz\u012bbas normat\u012bvajiem standartiem, ir \u013coti svar\u012bgi re\u0123istr\u0113t m\u0101jsaimniec\u012bb\u0101, biroj\u0101 vai skol\u0101 lietojam\u0101s l\u012bmes un herm\u0113ti\u0137us.\" \/>\n<meta property=\"og:url\" content=\"https:\/\/www.ufi.eu\/lv\/product\/pcn-un-ufi-limem-lietosanai-majas-skola-un-biroja\/\" \/>\n<meta property=\"og:site_name\" content=\"UFI\" \/>\n<meta property=\"og:image\" content=\"https:\/\/www.ufi.eu\/wp-content\/uploads\/2025\/03\/PC-ADH-1.jpg\" \/>\n\t<meta property=\"og:image:width\" content=\"1024\" \/>\n\t<meta property=\"og:image:height\" content=\"1024\" \/>\n\t<meta property=\"og:image:type\" content=\"image\/jpeg\" \/>\n<meta name=\"twitter:card\" content=\"summary_large_image\" \/>\n<meta name=\"twitter:label1\" content=\"Price\" \/>\n\t<meta name=\"twitter:data1\" content=\"&euro;0.00\" \/>\n\t<meta name=\"twitter:label2\" content=\"Availability\" \/>\n\t<meta name=\"twitter:data2\" content=\"In stock\" \/>\n<script type=\"application\/ld+json\" class=\"yoast-schema-graph\">{\"@context\":\"https:\/\/schema.org\",\"@graph\":[{\"@type\":\"WebPage\",\"@id\":\"https:\/\/www.ufi.eu\/lv\/product\/pcn-un-ufi-limem-lietosanai-majas-skola-un-biroja\/\",\"url\":\"https:\/\/www.ufi.eu\/lv\/product\/pcn-un-ufi-limem-lietosanai-majas-skola-un-biroja\/\",\"name\":\"PCN un UFI l\u012bm\u0113m - lieto\u0161anai m\u0101j\u0101s, skol\u0101 un biroj\u0101 - UFI\",\"isPartOf\":{\"@id\":\"https:\/\/www.ufi.eu\/lv\/#website\"},\"primaryImageOfPage\":{\"@id\":\"https:\/\/www.ufi.eu\/lv\/product\/pcn-un-ufi-limem-lietosanai-majas-skola-un-biroja\/#primaryimage\"},\"image\":{\"@id\":\"https:\/\/www.ufi.eu\/lv\/product\/pcn-un-ufi-limem-lietosanai-majas-skola-un-biroja\/#primaryimage\"},\"thumbnailUrl\":\"https:\/\/www.ufi.eu\/wp-content\/uploads\/2025\/03\/PC-ADH-1.jpg\",\"datePublished\":\"2025-04-15T21:28:07+00:00\",\"description\":\"Lai nodro\u0161in\u0101tu atbilst\u012bbu dro\u0161\u012bbas, mar\u0137\u0113\u0161anas un pat\u0113r\u0113t\u0101ju aizsardz\u012bbas normat\u012bvajiem standartiem, ir \u013coti svar\u012bgi re\u0123istr\u0113t m\u0101jsaimniec\u012bb\u0101, biroj\u0101 vai skol\u0101 lietojam\u0101s l\u012bmes un herm\u0113ti\u0137us.\",\"breadcrumb\":{\"@id\":\"https:\/\/www.ufi.eu\/lv\/product\/pcn-un-ufi-limem-lietosanai-majas-skola-un-biroja\/#breadcrumb\"},\"inLanguage\":\"lv-LV\",\"potentialAction\":[{\"@type\":\"ReadAction\",\"target\":[\"https:\/\/www.ufi.eu\/lv\/product\/pcn-un-ufi-limem-lietosanai-majas-skola-un-biroja\/\"]}]},{\"@type\":\"ImageObject\",\"inLanguage\":\"lv-LV\",\"@id\":\"https:\/\/www.ufi.eu\/lv\/product\/pcn-un-ufi-limem-lietosanai-majas-skola-un-biroja\/#primaryimage\",\"url\":\"https:\/\/www.ufi.eu\/wp-content\/uploads\/2025\/03\/PC-ADH-1.jpg\",\"contentUrl\":\"https:\/\/www.ufi.eu\/wp-content\/uploads\/2025\/03\/PC-ADH-1.jpg\",\"width\":1024,\"height\":1024},{\"@type\":\"BreadcrumbList\",\"@id\":\"https:\/\/www.ufi.eu\/lv\/product\/pcn-un-ufi-limem-lietosanai-majas-skola-un-biroja\/#breadcrumb\",\"itemListElement\":[{\"@type\":\"ListItem\",\"position\":1,\"name\":\"Home\",\"item\":\"https:\/\/www.ufi.eu\/lv\/sakums\/\"},{\"@type\":\"ListItem\",\"position\":2,\"name\":\"Veikals\",\"item\":\"https:\/\/www.ufi.eu\/lv\/veikals\/\"},{\"@type\":\"ListItem\",\"position\":3,\"name\":\"PCN un UFI l\u012bm\u0113m &#8211; lieto\u0161anai m\u0101j\u0101s, skol\u0101 un biroj\u0101\"}]},{\"@type\":\"WebSite\",\"@id\":\"https:\/\/www.ufi.eu\/lv\/#website\",\"url\":\"https:\/\/www.ufi.eu\/lv\/\",\"name\":\"UFI.EU\",\"description\":\"Poison Centre Notifications (PCN) and UFI\",\"publisher\":{\"@id\":\"https:\/\/www.ufi.eu\/lv\/#organization\"},\"potentialAction\":[{\"@type\":\"SearchAction\",\"target\":{\"@type\":\"EntryPoint\",\"urlTemplate\":\"https:\/\/www.ufi.eu\/lv\/?s={search_term_string}\"},\"query-input\":{\"@type\":\"PropertyValueSpecification\",\"valueRequired\":true,\"valueName\":\"search_term_string\"}}],\"inLanguage\":\"lv-LV\"},{\"@type\":\"Organization\",\"@id\":\"https:\/\/www.ufi.eu\/lv\/#organization\",\"name\":\"UFI.EU\",\"url\":\"https:\/\/www.ufi.eu\/lv\/\",\"logo\":{\"@type\":\"ImageObject\",\"inLanguage\":\"lv-LV\",\"@id\":\"https:\/\/www.ufi.eu\/lv\/#\/schema\/logo\/image\/\",\"url\":\"https:\/\/www.ufi.eu\/wp-content\/uploads\/2025\/03\/cropped-logo_ufi3.jpg\",\"contentUrl\":\"https:\/\/www.ufi.eu\/wp-content\/uploads\/2025\/03\/cropped-logo_ufi3.jpg\",\"width\":231,\"height\":78,\"caption\":\"UFI.EU\"},\"image\":{\"@id\":\"https:\/\/www.ufi.eu\/lv\/#\/schema\/logo\/image\/\"},\"description\":\"UFI.eu specializes in digital registrations for Poison Centre Notifications (PCN), ensuring your chemical products meet EU regulatory requirements effortlessly. Our streamlined solutions help businesses stay compliant while reducing complexity and administrative burden.\",\"email\":\"info@ufi.eu\",\"legalName\":\"UFI.EU\"}]}<\/script>\n<meta property=\"product:price:amount\" content=\"0.00\" \/>\n<meta property=\"product:price:currency\" content=\"EUR\" \/>\n<meta property=\"og:availability\" content=\"instock\" \/>\n<meta property=\"product:availability\" content=\"instock\" \/>\n<meta property=\"product:retailer_item_id\" content=\"PC-ADH-1\" \/>\n<meta property=\"product:condition\" content=\"new\" \/>\n<!-- \/ Yoast SEO Premium plugin. -->","yoast_head_json":{"title":"PCN un UFI l\u012bm\u0113m - lieto\u0161anai m\u0101j\u0101s, skol\u0101 un biroj\u0101 - UFI","description":"Lai nodro\u0161in\u0101tu atbilst\u012bbu dro\u0161\u012bbas, mar\u0137\u0113\u0161anas un pat\u0113r\u0113t\u0101ju aizsardz\u012bbas normat\u012bvajiem standartiem, ir \u013coti svar\u012bgi re\u0123istr\u0113t m\u0101jsaimniec\u012bb\u0101, biroj\u0101 vai skol\u0101 lietojam\u0101s l\u012bmes un herm\u0113ti\u0137us.","robots":{"index":"index","follow":"follow","max-snippet":"max-snippet:-1","max-image-preview":"max-image-preview:large","max-video-preview":"max-video-preview:-1"},"canonical":"https:\/\/www.ufi.eu\/lv\/product\/pcn-un-ufi-limem-lietosanai-majas-skola-un-biroja\/","og_locale":"lv_LV","og_type":"article","og_title":"PCN un UFI l\u012bm\u0113m - lieto\u0161anai m\u0101j\u0101s, skol\u0101 un biroj\u0101","og_description":"Lai nodro\u0161in\u0101tu atbilst\u012bbu dro\u0161\u012bbas, mar\u0137\u0113\u0161anas un pat\u0113r\u0113t\u0101ju aizsardz\u012bbas normat\u012bvajiem standartiem, ir \u013coti svar\u012bgi re\u0123istr\u0113t m\u0101jsaimniec\u012bb\u0101, biroj\u0101 vai skol\u0101 lietojam\u0101s l\u012bmes un herm\u0113ti\u0137us.","og_url":"https:\/\/www.ufi.eu\/lv\/product\/pcn-un-ufi-limem-lietosanai-majas-skola-un-biroja\/","og_site_name":"UFI","og_image":[{"width":1024,"height":1024,"url":"https:\/\/www.ufi.eu\/wp-content\/uploads\/2025\/03\/PC-ADH-1.jpg","type":"image\/jpeg"}],"twitter_card":"summary_large_image","twitter_misc":{"Price":"&euro;0.00","Availability":"In stock"},"schema":{"@context":"https:\/\/schema.org","@graph":[{"@type":"WebPage","@id":"https:\/\/www.ufi.eu\/lv\/product\/pcn-un-ufi-limem-lietosanai-majas-skola-un-biroja\/","url":"https:\/\/www.ufi.eu\/lv\/product\/pcn-un-ufi-limem-lietosanai-majas-skola-un-biroja\/","name":"PCN un UFI l\u012bm\u0113m - lieto\u0161anai m\u0101j\u0101s, skol\u0101 un biroj\u0101 - UFI","isPartOf":{"@id":"https:\/\/www.ufi.eu\/lv\/#website"},"primaryImageOfPage":{"@id":"https:\/\/www.ufi.eu\/lv\/product\/pcn-un-ufi-limem-lietosanai-majas-skola-un-biroja\/#primaryimage"},"image":{"@id":"https:\/\/www.ufi.eu\/lv\/product\/pcn-un-ufi-limem-lietosanai-majas-skola-un-biroja\/#primaryimage"},"thumbnailUrl":"https:\/\/www.ufi.eu\/wp-content\/uploads\/2025\/03\/PC-ADH-1.jpg","datePublished":"2025-04-15T21:28:07+00:00","description":"Lai nodro\u0161in\u0101tu atbilst\u012bbu dro\u0161\u012bbas, mar\u0137\u0113\u0161anas un pat\u0113r\u0113t\u0101ju aizsardz\u012bbas normat\u012bvajiem standartiem, ir \u013coti svar\u012bgi re\u0123istr\u0113t m\u0101jsaimniec\u012bb\u0101, biroj\u0101 vai skol\u0101 lietojam\u0101s l\u012bmes un herm\u0113ti\u0137us.","breadcrumb":{"@id":"https:\/\/www.ufi.eu\/lv\/product\/pcn-un-ufi-limem-lietosanai-majas-skola-un-biroja\/#breadcrumb"},"inLanguage":"lv-LV","potentialAction":[{"@type":"ReadAction","target":["https:\/\/www.ufi.eu\/lv\/product\/pcn-un-ufi-limem-lietosanai-majas-skola-un-biroja\/"]}]},{"@type":"ImageObject","inLanguage":"lv-LV","@id":"https:\/\/www.ufi.eu\/lv\/product\/pcn-un-ufi-limem-lietosanai-majas-skola-un-biroja\/#primaryimage","url":"https:\/\/www.ufi.eu\/wp-content\/uploads\/2025\/03\/PC-ADH-1.jpg","contentUrl":"https:\/\/www.ufi.eu\/wp-content\/uploads\/2025\/03\/PC-ADH-1.jpg","width":1024,"height":1024},{"@type":"BreadcrumbList","@id":"https:\/\/www.ufi.eu\/lv\/product\/pcn-un-ufi-limem-lietosanai-majas-skola-un-biroja\/#breadcrumb","itemListElement":[{"@type":"ListItem","position":1,"name":"Home","item":"https:\/\/www.ufi.eu\/lv\/sakums\/"},{"@type":"ListItem","position":2,"name":"Veikals","item":"https:\/\/www.ufi.eu\/lv\/veikals\/"},{"@type":"ListItem","position":3,"name":"PCN un UFI l\u012bm\u0113m &#8211; lieto\u0161anai m\u0101j\u0101s, skol\u0101 un biroj\u0101"}]},{"@type":"WebSite","@id":"https:\/\/www.ufi.eu\/lv\/#website","url":"https:\/\/www.ufi.eu\/lv\/","name":"UFI.EU","description":"Poison Centre Notifications (PCN) and UFI","publisher":{"@id":"https:\/\/www.ufi.eu\/lv\/#organization"},"potentialAction":[{"@type":"SearchAction","target":{"@type":"EntryPoint","urlTemplate":"https:\/\/www.ufi.eu\/lv\/?s={search_term_string}"},"query-input":{"@type":"PropertyValueSpecification","valueRequired":true,"valueName":"search_term_string"}}],"inLanguage":"lv-LV"},{"@type":"Organization","@id":"https:\/\/www.ufi.eu\/lv\/#organization","name":"UFI.EU","url":"https:\/\/www.ufi.eu\/lv\/","logo":{"@type":"ImageObject","inLanguage":"lv-LV","@id":"https:\/\/www.ufi.eu\/lv\/#\/schema\/logo\/image\/","url":"https:\/\/www.ufi.eu\/wp-content\/uploads\/2025\/03\/cropped-logo_ufi3.jpg","contentUrl":"https:\/\/www.ufi.eu\/wp-content\/uploads\/2025\/03\/cropped-logo_ufi3.jpg","width":231,"height":78,"caption":"UFI.EU"},"image":{"@id":"https:\/\/www.ufi.eu\/lv\/#\/schema\/logo\/image\/"},"description":"UFI.eu specializes in digital registrations for Poison Centre Notifications (PCN), ensuring your chemical products meet EU regulatory requirements effortlessly. Our streamlined solutions help businesses stay compliant while reducing complexity and administrative burden.","email":"info@ufi.eu","legalName":"UFI.EU"}]},"product_price_amount":"0.00","product_price_currency":"EUR","og_availability":"instock","product_availability":"instock","product_retailer_item_id":"PC-ADH-1","product_condition":"new"},"_links":{"self":[{"href":"https:\/\/www.ufi.eu\/lv\/wp-json\/wp\/v2\/product\/13327","targetHints":{"allow":["GET"]}}],"collection":[{"href":"https:\/\/www.ufi.eu\/lv\/wp-json\/wp\/v2\/product"}],"about":[{"href":"https:\/\/www.ufi.eu\/lv\/wp-json\/wp\/v2\/types\/product"}],"wp:featuredmedia":[{"embeddable":true,"href":"https:\/\/www.ufi.eu\/lv\/wp-json\/wp\/v2\/media\/13328"}],"wp:attachment":[{"href":"https:\/\/www.ufi.eu\/lv\/wp-json\/wp\/v2\/media?parent=13327"}],"wp:term":[{"taxonomy":"product_brand","embeddable":true,"href":"https:\/\/www.ufi.eu\/lv\/wp-json\/wp\/v2\/product_brand?post=13327"},{"taxonomy":"product_cat","embeddable":true,"href":"https:\/\/www.ufi.eu\/lv\/wp-json\/wp\/v2\/product_cat?post=13327"},{"taxonomy":"product_tag","embeddable":true,"href":"https:\/\/www.ufi.eu\/lv\/wp-json\/wp\/v2\/product_tag?post=13327"}],"curies":[{"name":"wp","href":"https:\/\/api.w.org\/{rel}","templated":true}]}}