{"id":12783,"date":"2025-04-05T15:21:48","date_gmt":"2025-04-15T20:26:36","guid":{"rendered":"https:\/\/www.ufi.eu\/pcn\/uncategorized\/clp-markejuma-izveide-un-atbilstibas-parbaude\/"},"modified":"2025-04-28T12:15:04","modified_gmt":"2025-04-28T12:15:04","slug":"clp-markejuma-izveide-un-atbilstibas-parbaude","status":"publish","type":"product","link":"https:\/\/www.ufi.eu\/lv\/product\/clp-markejuma-izveide-un-atbilstibas-parbaude\/","title":{"rendered":"CLP mar\u0137\u0113juma izveide un atbilst\u012bbas p\u0101rbaude"},"content":{"rendered":"\n<p><strong>Profesion\u0101li b\u012bstamo mais\u012bjumu mar\u0137\u0113\u0161anas pakalpojumi saska\u0146\u0101 ar CLP regulu (EK Nr. 1272\/2008)<\/strong><\/p>\n\n<p>M\u0113s specializ\u0113jamies b\u012bstamo \u0137\u012bmisko produktu juridiski atbilsto\u0161u eti\u0137e\u0161u izveid\u0113 un verifik\u0101cij\u0101. Neatkar\u012bgi no t\u0101, vai lai\u017eat tirg\u016b kosm\u0113tikas b\u0101zi ar b\u012bstam\u0101m sast\u0101vda\u013c\u0101m, r\u016bpniecisku t\u012br\u012b\u0161anas l\u012bdzekli vai citu \u0137\u012bmisku vielu mais\u012bjumu, m\u016bsu CLP mar\u0137\u0113\u0161anas pakalpojumi nodro\u0161ina, ka j\u016bsu produktu mar\u0137\u0113jums atbilst vis\u0101m ES un EEZ ties\u012bbu aktu pras\u012bb\u0101m. <\/p>\n\n<h2 class=\"wp-block-heading\" id=\"h-why-clp-compliant-labels-are-essential\">K\u0101p\u0113c CLP pras\u012bb\u0101m atbilsto\u0161as eti\u0137etes ir b\u016btiskas<\/h2>\n\n<p>Saska\u0146\u0101 ar <strong>CLP regulu (Klasifik\u0101cija, mar\u0137\u0113\u0161ana un iepako\u0161ana<\/strong>) b\u012bstamo vielu un mais\u012bjumu pieg\u0101d\u0101t\u0101jiem ir juridiski noteikts:<\/p>\n\n<ul class=\"wp-block-list\">\n<li>klasific\u0113t savus izstr\u0101d\u0101jumus atbilsto\u0161i fizik\u0101lajiem, vesel\u012bbas un vides apdraud\u0113jumiem.<\/li>\n\n\n\n<li>Atbilsto\u0161i mar\u0137\u0113jiet tos, izmantojot paredz\u0113tos elementus, piem\u0113ram, b\u012bstam\u012bbas piktogrammas, sign\u0101lv\u0101rdus un standartiz\u0113tus b\u012bstam\u012bbas un piesardz\u012bbas br\u012bdin\u0101jumus.<\/li>\n\n\n\n<li>Dro\u0161i iesai\u0146ojiet tos un pievienojiet nepiecie\u0161amo pieg\u0101d\u0101t\u0101ja identifik\u0101ciju.<\/li>\n<\/ul>\n\n<p>Nepareizas vai nepiln\u012bgas eti\u0137etes var novest pie <strong>produktu atsauk\u0161anas<\/strong>, <strong>juridisk\u0101m sankcij\u0101m<\/strong> vai <strong>noraid\u012b\u0161anas mazumtirgot\u0101ju<\/strong> un tie\u0161saistes tirdzniec\u012bbas viet\u0101s.<\/p>\n\n<h2 class=\"wp-block-heading\" id=\"h-what-our-clp-label-service-includes\">M\u016bsu CLP mar\u0137\u0113\u0161anas pakalpojums<\/h2>\n\n<h4 class=\"wp-block-heading\" id=\"h-1-clp-label-creation\">1. <strong>CLP mar\u0137\u0113juma izveide<\/strong><\/h4>\n\n<p>M\u0113s izstr\u0101d\u0101jam j\u016bsu eti\u0137eti no nulles, pamatojoties uz produkta dro\u0161\u012bbas datu lapu (SDS) vai sast\u0101va datiem. M\u016bsu pakalpojums ietver: <\/p>\n\n<ul class=\"wp-block-list\">\n<li>Pareiza b\u012bstam\u012bbas klasifik\u0101cija (pamatojoties uz SDS vai sast\u0101vda\u013cu inform\u0101ciju).<\/li>\n\n\n\n<li>Atbilsto\u0161u <strong>b\u012bstam\u012bbas piktogrammu<\/strong>, <strong>sign\u0101lv\u0101rda<\/strong>, <strong>H<\/strong> un <strong>P<\/strong> <strong>pazi\u0146ojuma<\/strong> izv\u0113le.<\/li>\n\n\n\n<li>Izk\u0101rtojums atbilsto\u0161i nepiecie\u0161amajiem izm\u0113riem un las\u0101m\u012bbai.<\/li>\n\n\n\n<li>Pieg\u0101d\u0101t\u0101ja nosaukuma, UFI (ja piem\u0113rojams) un citu juridisko elementu iek\u013cau\u0161ana.<\/li>\n<\/ul>\n\n<h4 class=\"wp-block-heading\" id=\"h-2-label-verification-compliance-check\">2. <strong>Mar\u0137\u0113juma p\u0101rbaude \/ atbilst\u012bbas p\u0101rbaude<\/strong><\/h4>\n\n<p>Vai jums jau ir eti\u0137ete? M\u0113s p\u0101rbaud\u012bsim j\u016bsu dizaina atbilst\u012bbu pa\u0161reiz\u0113j\u0101m CLP pras\u012bb\u0101m un sniegsim skaidras atsauksmes un nepiecie\u0161am\u012bbas gad\u012bjum\u0101 labojumus: <\/p>\n\n<ul class=\"wp-block-list\">\n<li>B\u012bstam\u012bbas klasifik\u0101cijas precizit\u0101te.<\/li>\n\n\n\n<li>Pareiza fr\u0101\u017eu, sign\u0101lv\u0101rdu un piktogrammu lieto\u0161ana.<\/li>\n\n\n\n<li>Oblig\u0101to elementu salas\u0101m\u012bba, form\u0101ts un izvietojums.<\/li>\n\n\n\n<li>UFI kl\u0101tb\u016btnes un strukt\u016bras p\u0101rbaude (ja nepiecie\u0161ams).<\/li>\n<\/ul>\n\n<h4 class=\"wp-block-heading\" id=\"h-3-optional-add-ons\">3. <strong>Papildu papildin\u0101jumi<\/strong><\/h4>\n\n<ul class=\"wp-block-list\">\n<li><strong>UFI \u0123ener\u0113\u0161anas<\/strong> un PCN pazi\u0146o\u0161anas pakalpojums.<\/li>\n\n\n\n<li><strong>Dro\u0161\u012bbas datu lapas (SDS) p\u0101rskat\u012b\u0161ana<\/strong>, lai nodro\u0161in\u0101tu atbilst\u012bbu mar\u0137\u0113juma datiem.<\/li>\n\n\n\n<li>Vair\u0101kiem ES tirgiem paredz\u0113to eti\u0137e\u0161u tulkojumi da\u017e\u0101d\u0101s valod\u0101s.<\/li>\n<\/ul>\n\n<h2 class=\"wp-block-heading\" id=\"h-which-products-require-clp-compliant-labels\">Kuriem produktiem ir nepiecie\u0161amas CLP pras\u012bb\u0101m atbilsto\u0161as eti\u0137etes?<\/h2>\n\n<p>M\u016bsu CLP mar\u0137\u0113\u0161anas pakalpojumi attiecas uz pla\u0161u b\u012bstamo mais\u012bjumu kl\u0101stu, tostarp, bet ne tikai:<\/p>\n\n<ul class=\"wp-block-list\">\n<li>R\u016bpnieciskie un sadz\u012bves t\u012br\u012b\u0161anas l\u012bdzek\u013ci.<\/li>\n\n\n\n<li>Kr\u0101sas, l\u012bmes, sve\u0137i un p\u0101rkl\u0101jumi.<\/li>\n\n\n\n<li>Automobi\u013cu produkti un sm\u0113rvielas.<\/li>\n\n\n\n<li>Smar\u017eu mais\u012bjumi un \u0113terisko e\u013c\u013cu koncentr\u0101ti.<\/li>\n\n\n\n<li>Gaisa atsvaidzin\u0101t\u0101ji, vaska kaus\u0113jumi un smar\u017e\u012bgie istabas aerosoli.<\/li>\n\n\n\n<li>Tehniskie aerosoli un aerosoli.<\/li>\n<\/ul>\n\n<p>Ja j\u016bsu izstr\u0101d\u0101jum\u0101 ir sast\u0101vda\u013cas, kas rada <strong>fizik\u0101lus, vesel\u012bbai vai videi b\u012bstamus faktorus<\/strong>, visticam\u0101k, ir nepiecie\u0161ama CLP pras\u012bb\u0101m atbilsto\u0161a eti\u0137ete.<\/p>\n\n<h2 class=\"wp-block-heading\" id=\"h-who-is-this-service-for\">Kam ir paredz\u0113ts \u0161is pakalpojums?<\/h2>\n\n<ul class=\"wp-block-list\">\n<li>\u0136\u012bmisko mais\u012bjumu <strong>ra\u017eot\u0101ji<\/strong>, <strong>import\u0113t\u0101ji<\/strong> un <strong>priv\u0101tie mar\u0137\u0113t\u0101ji<\/strong>.<\/li>\n\n\n\n<li><strong>Jaunuz\u0146\u0113mumi<\/strong> un MVU, kas mekl\u0113 regulat\u012bvo atbalstu par pie\u0146emamu cenu.<\/li>\n\n\n\n<li><strong>Mazumtirgot\u0101jiem un tirdzniec\u012bbas viet\u0101m,<\/strong> kam t\u0101l\u0101kp\u0101rdo\u0161anai nepiecie\u0161amas atbilsto\u0161as eti\u0137etes.<\/li>\n\n\n\n<li><strong>Eksport\u0113t\u0101ji, kas veic<\/strong> izplat\u012b\u0161anu uz ES\/EEZ valst\u012bm.<\/li>\n<\/ul>\n\n<h2 class=\"wp-block-heading\" id=\"h-why-choose-ufi-eu\">K\u0101p\u0113c izv\u0113l\u0113ties UFI.EU?<\/h2>\n\n<ul class=\"wp-block-list\">\n<li><strong>Regulat\u012bv\u0101s zin\u0101\u0161anas<\/strong> CLP, UFI un PCN jom\u0101 da\u017e\u0101d\u0101s nozar\u0113s.<\/li>\n\n\n\n<li><strong>\u0100tri izpildes laiki<\/strong> un skaidra sazi\u0146a.<\/li>\n\n\n\n<li><strong>Prec\u012bzs, juridiski pamatots mar\u0137\u0113jums, kas<\/strong> balst\u012bts uz jaun\u0101kajiem ES noteikumiem.<\/li>\n\n\n\n<li><strong>Daudzvalodu atbalsts<\/strong> Eiropas m\u0113roga atbilst\u012bbas nodro\u0161in\u0101\u0161anai.<\/li>\n<\/ul>\n\n<h2 class=\"wp-block-heading\" id=\"h-how-it-works\">K\u0101 tas darbojas<\/h2>\n\n<ol class=\"wp-block-list\">\n<li><strong>Iesniedziet savu SDS vai sast\u0101va inform\u0101ciju.<\/strong><\/li>\n\n\n\n<li><strong>M\u0113s analiz\u0113jam datus un izveidojam vai p\u0101rskat\u0101m j\u016bsu eti\u0137eti.<\/strong><\/li>\n\n\n\n<li><strong>J\u016bs sa\u0146emat lieto\u0161anai gatavu CLP eti\u0137etes failu vai zi\u0146ojumu ar nepiecie\u0161amajiem labojumiem.<\/strong><\/li>\n<\/ol>\n\n<h2 class=\"wp-block-heading\" id=\"h-ready-to-order\">Vai esat gatavs veikt pas\u016bt\u012bjumu?<\/h2>\n\n<p>Izvairieties no stresa, ko rada neatbilst\u012bgas eti\u0137etes. \u013baujiet m\u016bsu ekspertiem pal\u012bdz\u0113t jums dro\u0161i izpild\u012bt juridisk\u0101s saist\u012bbas. <br\/><strong>Pas\u016btiet CLP mar\u0137\u0113juma izveidi vai atbilst\u012bbas p\u0101rbaudi jau \u0161odien.<\/strong><\/p>\n","protected":false},"excerpt":{"rendered":"<p>M\u0113s sniegsim inform\u0101ciju j\u016bsu produkta eti\u0137etei. J\u016bsu gal\u012bgais eti\u0137etes dizains tiks p\u0101rbaud\u012bts, lai nodro\u0161in\u0101tu atbilst\u012bbu ties\u012bbu aktiem. <\/p>\n","protected":false},"featured_media":12458,"template":"","meta":[],"product_brand":[],"product_cat":[404],"product_tag":[],"class_list":{"0":"post-12783","1":"product","2":"type-product","3":"status-publish","4":"has-post-thumbnail","6":"product_cat-clp-markejums","8":"first","9":"instock","10":"virtual","11":"taxable","12":"purchasable","13":"product-type-simple"},"bundled_by":["12829","13510","14388","31732"],"bundle_stock_status":"instock","bundle_stock_quantity":null,"bundle_virtual":false,"bundle_layout":"","bundle_add_to_cart_form_location":"","bundle_editable_in_cart":false,"bundle_sold_individually_context":"","bundle_item_grouping":"","bundle_min_size":"","bundle_max_size":"","bundle_price":[],"bundled_items":[],"bundle_sell_ids":[],"yoast_head":"<!-- This site is optimized with the Yoast SEO Premium plugin v25.1 (Yoast SEO v25.1) - https:\/\/yoast.com\/wordpress\/plugins\/seo\/ -->\n<title>CLP mar\u0137\u0113juma izveide un atbilst\u012bbas p\u0101rbaude - UFI<\/title>\n<meta name=\"description\" content=\"M\u016bsu CLP mar\u0137\u0113juma izveides un atbilst\u012bbas p\u0101rbaudes pakalpojums nodro\u0161ina, ka j\u016bsu produktu mar\u0137\u0113jums atbilst vis\u0101m ES un EEZ ties\u012bbu aktu pras\u012bb\u0101m.\" \/>\n<meta name=\"robots\" content=\"index, follow, max-snippet:-1, max-image-preview:large, max-video-preview:-1\" \/>\n<link rel=\"canonical\" href=\"https:\/\/www.ufi.eu\/lv\/product\/clp-markejuma-izveide-un-atbilstibas-parbaude\/\" \/>\n<meta property=\"og:locale\" content=\"lv_LV\" \/>\n<meta property=\"og:type\" content=\"article\" \/>\n<meta property=\"og:title\" content=\"CLP mar\u0137\u0113juma izveide un atbilst\u012bbas p\u0101rbaude\" \/>\n<meta property=\"og:description\" content=\"M\u016bsu CLP mar\u0137\u0113juma izveides un atbilst\u012bbas p\u0101rbaudes pakalpojums nodro\u0161ina, ka j\u016bsu produktu mar\u0137\u0113jums atbilst vis\u0101m ES un EEZ ties\u012bbu aktu pras\u012bb\u0101m.\" \/>\n<meta property=\"og:url\" content=\"https:\/\/www.ufi.eu\/lv\/product\/clp-markejuma-izveide-un-atbilstibas-parbaude\/\" \/>\n<meta property=\"og:site_name\" content=\"UFI\" \/>\n<meta property=\"article:modified_time\" content=\"2025-04-28T12:15:04+00:00\" \/>\n<meta property=\"og:image\" content=\"https:\/\/www.ufi.eu\/wp-content\/uploads\/2025\/03\/pcn_ufi.jpg\" \/>\n\t<meta property=\"og:image:width\" content=\"1024\" \/>\n\t<meta property=\"og:image:height\" content=\"1024\" \/>\n\t<meta property=\"og:image:type\" content=\"image\/jpeg\" \/>\n<meta name=\"twitter:card\" content=\"summary_large_image\" \/>\n<meta name=\"twitter:label1\" content=\"Price\" \/>\n\t<meta name=\"twitter:data1\" content=\"&euro;50.00\" \/>\n\t<meta name=\"twitter:label2\" content=\"Availability\" \/>\n\t<meta name=\"twitter:data2\" content=\"In stock\" \/>\n<script type=\"application\/ld+json\" class=\"yoast-schema-graph\">{\"@context\":\"https:\/\/schema.org\",\"@graph\":[{\"@type\":\"WebPage\",\"@id\":\"https:\/\/www.ufi.eu\/lv\/product\/clp-markejuma-izveide-un-atbilstibas-parbaude\/\",\"url\":\"https:\/\/www.ufi.eu\/lv\/product\/clp-markejuma-izveide-un-atbilstibas-parbaude\/\",\"name\":\"CLP mar\u0137\u0113juma izveide un atbilst\u012bbas p\u0101rbaude - UFI\",\"isPartOf\":{\"@id\":\"https:\/\/www.ufi.eu\/lv\/#website\"},\"primaryImageOfPage\":{\"@id\":\"https:\/\/www.ufi.eu\/lv\/product\/clp-markejuma-izveide-un-atbilstibas-parbaude\/#primaryimage\"},\"image\":{\"@id\":\"https:\/\/www.ufi.eu\/lv\/product\/clp-markejuma-izveide-un-atbilstibas-parbaude\/#primaryimage\"},\"thumbnailUrl\":\"https:\/\/www.ufi.eu\/wp-content\/uploads\/2025\/03\/pcn_ufi.jpg\",\"datePublished\":\"2025-04-15T20:26:36+00:00\",\"dateModified\":\"2025-04-28T12:15:04+00:00\",\"description\":\"M\u016bsu CLP mar\u0137\u0113juma izveides un atbilst\u012bbas p\u0101rbaudes pakalpojums nodro\u0161ina, ka j\u016bsu produktu mar\u0137\u0113jums atbilst vis\u0101m ES un EEZ ties\u012bbu aktu pras\u012bb\u0101m.\",\"breadcrumb\":{\"@id\":\"https:\/\/www.ufi.eu\/lv\/product\/clp-markejuma-izveide-un-atbilstibas-parbaude\/#breadcrumb\"},\"inLanguage\":\"lv-LV\",\"potentialAction\":[{\"@type\":\"ReadAction\",\"target\":[\"https:\/\/www.ufi.eu\/lv\/product\/clp-markejuma-izveide-un-atbilstibas-parbaude\/\"]}]},{\"@type\":\"ImageObject\",\"inLanguage\":\"lv-LV\",\"@id\":\"https:\/\/www.ufi.eu\/lv\/product\/clp-markejuma-izveide-un-atbilstibas-parbaude\/#primaryimage\",\"url\":\"https:\/\/www.ufi.eu\/wp-content\/uploads\/2025\/03\/pcn_ufi.jpg\",\"contentUrl\":\"https:\/\/www.ufi.eu\/wp-content\/uploads\/2025\/03\/pcn_ufi.jpg\",\"width\":1024,\"height\":1024},{\"@type\":\"BreadcrumbList\",\"@id\":\"https:\/\/www.ufi.eu\/lv\/product\/clp-markejuma-izveide-un-atbilstibas-parbaude\/#breadcrumb\",\"itemListElement\":[{\"@type\":\"ListItem\",\"position\":1,\"name\":\"Home\",\"item\":\"https:\/\/www.ufi.eu\/lv\/sakums\/\"},{\"@type\":\"ListItem\",\"position\":2,\"name\":\"Veikals\",\"item\":\"https:\/\/www.ufi.eu\/lv\/veikals\/\"},{\"@type\":\"ListItem\",\"position\":3,\"name\":\"CLP mar\u0137\u0113juma izveide un atbilst\u012bbas p\u0101rbaude\"}]},{\"@type\":\"WebSite\",\"@id\":\"https:\/\/www.ufi.eu\/lv\/#website\",\"url\":\"https:\/\/www.ufi.eu\/lv\/\",\"name\":\"UFI.EU\",\"description\":\"Poison Centre Notifications (PCN) and UFI\",\"publisher\":{\"@id\":\"https:\/\/www.ufi.eu\/lv\/#organization\"},\"potentialAction\":[{\"@type\":\"SearchAction\",\"target\":{\"@type\":\"EntryPoint\",\"urlTemplate\":\"https:\/\/www.ufi.eu\/lv\/?s={search_term_string}\"},\"query-input\":{\"@type\":\"PropertyValueSpecification\",\"valueRequired\":true,\"valueName\":\"search_term_string\"}}],\"inLanguage\":\"lv-LV\"},{\"@type\":\"Organization\",\"@id\":\"https:\/\/www.ufi.eu\/lv\/#organization\",\"name\":\"UFI.EU\",\"url\":\"https:\/\/www.ufi.eu\/lv\/\",\"logo\":{\"@type\":\"ImageObject\",\"inLanguage\":\"lv-LV\",\"@id\":\"https:\/\/www.ufi.eu\/lv\/#\/schema\/logo\/image\/\",\"url\":\"https:\/\/www.ufi.eu\/wp-content\/uploads\/2025\/03\/cropped-logo_ufi3.jpg\",\"contentUrl\":\"https:\/\/www.ufi.eu\/wp-content\/uploads\/2025\/03\/cropped-logo_ufi3.jpg\",\"width\":231,\"height\":78,\"caption\":\"UFI.EU\"},\"image\":{\"@id\":\"https:\/\/www.ufi.eu\/lv\/#\/schema\/logo\/image\/\"},\"description\":\"UFI.eu specializes in digital registrations for Poison Centre Notifications (PCN), ensuring your chemical products meet EU regulatory requirements effortlessly. Our streamlined solutions help businesses stay compliant while reducing complexity and administrative burden.\",\"email\":\"info@ufi.eu\",\"legalName\":\"UFI.EU\"}]}<\/script>\n<meta property=\"product:price:amount\" content=\"50.00\" \/>\n<meta property=\"product:price:currency\" content=\"EUR\" \/>\n<meta property=\"og:availability\" content=\"instock\" \/>\n<meta property=\"product:availability\" content=\"instock\" \/>\n<meta property=\"product:condition\" content=\"new\" \/>\n<!-- \/ Yoast SEO Premium plugin. -->","yoast_head_json":{"title":"CLP mar\u0137\u0113juma izveide un atbilst\u012bbas p\u0101rbaude - UFI","description":"M\u016bsu CLP mar\u0137\u0113juma izveides un atbilst\u012bbas p\u0101rbaudes pakalpojums nodro\u0161ina, ka j\u016bsu produktu mar\u0137\u0113jums atbilst vis\u0101m ES un EEZ ties\u012bbu aktu pras\u012bb\u0101m.","robots":{"index":"index","follow":"follow","max-snippet":"max-snippet:-1","max-image-preview":"max-image-preview:large","max-video-preview":"max-video-preview:-1"},"canonical":"https:\/\/www.ufi.eu\/lv\/product\/clp-markejuma-izveide-un-atbilstibas-parbaude\/","og_locale":"lv_LV","og_type":"article","og_title":"CLP mar\u0137\u0113juma izveide un atbilst\u012bbas p\u0101rbaude","og_description":"M\u016bsu CLP mar\u0137\u0113juma izveides un atbilst\u012bbas p\u0101rbaudes pakalpojums nodro\u0161ina, ka j\u016bsu produktu mar\u0137\u0113jums atbilst vis\u0101m ES un EEZ ties\u012bbu aktu pras\u012bb\u0101m.","og_url":"https:\/\/www.ufi.eu\/lv\/product\/clp-markejuma-izveide-un-atbilstibas-parbaude\/","og_site_name":"UFI","article_modified_time":"2025-04-28T12:15:04+00:00","og_image":[{"width":1024,"height":1024,"url":"https:\/\/www.ufi.eu\/wp-content\/uploads\/2025\/03\/pcn_ufi.jpg","type":"image\/jpeg"}],"twitter_card":"summary_large_image","twitter_misc":{"Price":"&euro;50.00","Availability":"In stock"},"schema":{"@context":"https:\/\/schema.org","@graph":[{"@type":"WebPage","@id":"https:\/\/www.ufi.eu\/lv\/product\/clp-markejuma-izveide-un-atbilstibas-parbaude\/","url":"https:\/\/www.ufi.eu\/lv\/product\/clp-markejuma-izveide-un-atbilstibas-parbaude\/","name":"CLP mar\u0137\u0113juma izveide un atbilst\u012bbas p\u0101rbaude - UFI","isPartOf":{"@id":"https:\/\/www.ufi.eu\/lv\/#website"},"primaryImageOfPage":{"@id":"https:\/\/www.ufi.eu\/lv\/product\/clp-markejuma-izveide-un-atbilstibas-parbaude\/#primaryimage"},"image":{"@id":"https:\/\/www.ufi.eu\/lv\/product\/clp-markejuma-izveide-un-atbilstibas-parbaude\/#primaryimage"},"thumbnailUrl":"https:\/\/www.ufi.eu\/wp-content\/uploads\/2025\/03\/pcn_ufi.jpg","datePublished":"2025-04-15T20:26:36+00:00","dateModified":"2025-04-28T12:15:04+00:00","description":"M\u016bsu CLP mar\u0137\u0113juma izveides un atbilst\u012bbas p\u0101rbaudes pakalpojums nodro\u0161ina, ka j\u016bsu produktu mar\u0137\u0113jums atbilst vis\u0101m ES un EEZ ties\u012bbu aktu pras\u012bb\u0101m.","breadcrumb":{"@id":"https:\/\/www.ufi.eu\/lv\/product\/clp-markejuma-izveide-un-atbilstibas-parbaude\/#breadcrumb"},"inLanguage":"lv-LV","potentialAction":[{"@type":"ReadAction","target":["https:\/\/www.ufi.eu\/lv\/product\/clp-markejuma-izveide-un-atbilstibas-parbaude\/"]}]},{"@type":"ImageObject","inLanguage":"lv-LV","@id":"https:\/\/www.ufi.eu\/lv\/product\/clp-markejuma-izveide-un-atbilstibas-parbaude\/#primaryimage","url":"https:\/\/www.ufi.eu\/wp-content\/uploads\/2025\/03\/pcn_ufi.jpg","contentUrl":"https:\/\/www.ufi.eu\/wp-content\/uploads\/2025\/03\/pcn_ufi.jpg","width":1024,"height":1024},{"@type":"BreadcrumbList","@id":"https:\/\/www.ufi.eu\/lv\/product\/clp-markejuma-izveide-un-atbilstibas-parbaude\/#breadcrumb","itemListElement":[{"@type":"ListItem","position":1,"name":"Home","item":"https:\/\/www.ufi.eu\/lv\/sakums\/"},{"@type":"ListItem","position":2,"name":"Veikals","item":"https:\/\/www.ufi.eu\/lv\/veikals\/"},{"@type":"ListItem","position":3,"name":"CLP mar\u0137\u0113juma izveide un atbilst\u012bbas p\u0101rbaude"}]},{"@type":"WebSite","@id":"https:\/\/www.ufi.eu\/lv\/#website","url":"https:\/\/www.ufi.eu\/lv\/","name":"UFI.EU","description":"Poison Centre Notifications (PCN) and UFI","publisher":{"@id":"https:\/\/www.ufi.eu\/lv\/#organization"},"potentialAction":[{"@type":"SearchAction","target":{"@type":"EntryPoint","urlTemplate":"https:\/\/www.ufi.eu\/lv\/?s={search_term_string}"},"query-input":{"@type":"PropertyValueSpecification","valueRequired":true,"valueName":"search_term_string"}}],"inLanguage":"lv-LV"},{"@type":"Organization","@id":"https:\/\/www.ufi.eu\/lv\/#organization","name":"UFI.EU","url":"https:\/\/www.ufi.eu\/lv\/","logo":{"@type":"ImageObject","inLanguage":"lv-LV","@id":"https:\/\/www.ufi.eu\/lv\/#\/schema\/logo\/image\/","url":"https:\/\/www.ufi.eu\/wp-content\/uploads\/2025\/03\/cropped-logo_ufi3.jpg","contentUrl":"https:\/\/www.ufi.eu\/wp-content\/uploads\/2025\/03\/cropped-logo_ufi3.jpg","width":231,"height":78,"caption":"UFI.EU"},"image":{"@id":"https:\/\/www.ufi.eu\/lv\/#\/schema\/logo\/image\/"},"description":"UFI.eu specializes in digital registrations for Poison Centre Notifications (PCN), ensuring your chemical products meet EU regulatory requirements effortlessly. Our streamlined solutions help businesses stay compliant while reducing complexity and administrative burden.","email":"info@ufi.eu","legalName":"UFI.EU"}]},"product_price_amount":"50.00","product_price_currency":"EUR","og_availability":"instock","product_availability":"instock","product_condition":"new"},"_links":{"self":[{"href":"https:\/\/www.ufi.eu\/lv\/wp-json\/wp\/v2\/product\/12783","targetHints":{"allow":["GET"]}}],"collection":[{"href":"https:\/\/www.ufi.eu\/lv\/wp-json\/wp\/v2\/product"}],"about":[{"href":"https:\/\/www.ufi.eu\/lv\/wp-json\/wp\/v2\/types\/product"}],"wp:featuredmedia":[{"embeddable":true,"href":"https:\/\/www.ufi.eu\/lv\/wp-json\/wp\/v2\/media\/12458"}],"wp:attachment":[{"href":"https:\/\/www.ufi.eu\/lv\/wp-json\/wp\/v2\/media?parent=12783"}],"wp:term":[{"taxonomy":"product_brand","embeddable":true,"href":"https:\/\/www.ufi.eu\/lv\/wp-json\/wp\/v2\/product_brand?post=12783"},{"taxonomy":"product_cat","embeddable":true,"href":"https:\/\/www.ufi.eu\/lv\/wp-json\/wp\/v2\/product_cat?post=12783"},{"taxonomy":"product_tag","embeddable":true,"href":"https:\/\/www.ufi.eu\/lv\/wp-json\/wp\/v2\/product_tag?post=12783"}],"curies":[{"name":"wp","href":"https:\/\/api.w.org\/{rel}","templated":true}]}}