{"id":12769,"date":"2025-04-05T15:24:57","date_gmt":"2025-04-15T20:26:12","guid":{"rendered":"https:\/\/www.ufi.eu\/pcn\/uncategorized\/clp-markejuma-izveide-un-atbilstibas-parbaude-mazgasanas-lidzekliem\/"},"modified":"2025-04-28T12:21:21","modified_gmt":"2025-04-28T12:21:21","slug":"clp-markejuma-izveide-un-atbilstibas-parbaude-mazgasanas-lidzekliem","status":"publish","type":"product","link":"https:\/\/www.ufi.eu\/lv\/product\/clp-markejuma-izveide-un-atbilstibas-parbaude-mazgasanas-lidzekliem\/","title":{"rendered":"CLP mar\u0137\u0113juma izveide un atbilst\u012bbas p\u0101rbaude mazg\u0101\u0161anas l\u012bdzek\u013ciem"},"content":{"rendered":"\n<p><strong>Nodro\u0161iniet piln\u012bgu atbilst\u012bbu CLP un mazg\u0101\u0161anas l\u012bdzek\u013cu regulai, izmantojot m\u016bsu ekspertu pakalpojumus.<\/strong><\/p>\n\n<p>M\u0113s specializ\u0113jamies, lai pal\u012bdz\u0113tu uz\u0146\u0113mumiem izpild\u012bt juridisk\u0101s pras\u012bbas mazg\u0101\u0161anas l\u012bdzek\u013cu lai\u0161anai Eiropas tirg\u016b. M\u016bsu CLP mar\u0137\u0113juma izveides un p\u0101rbaudes pakalpojumi nodro\u0161ina, ka j\u016bsu produktu mar\u0137\u0113jums piln\u012bb\u0101 atbilst gan <strong>CLP regulai (EK Nr. 1272\/2008)<\/strong>, gan <strong>mazg\u0101\u0161anas l\u012bdzek\u013cu regulai (EK Nr. 648\/2004)<\/strong>. <\/p>\n\n<h2 class=\"wp-block-heading\" id=\"h-why-correct-labeling-for-detergents-is-crucial\">K\u0101p\u0113c ir svar\u012bgi pareizi mar\u0137\u0113t mazg\u0101\u0161anas l\u012bdzek\u013cus<\/h2>\n\n<p>Uz mazg\u0101\u0161anas l\u012bdzek\u013ciem attiecas divas galven\u0101s Eiropas regulas:<\/p>\n\n<ul class=\"wp-block-list\">\n<li><strong>CLP regula<\/strong>, kas reglament\u0113 b\u012bstamo vielu un mais\u012bjumu klasific\u0113\u0161anu, mar\u0137\u0113\u0161anu un iepako\u0161anu.<\/li>\n\n\n\n<li><strong>mazg\u0101\u0161anas l\u012bdzek\u013cu regula<\/strong>, ar kuru tiek pievienoti \u012bpa\u0161i mar\u0137\u0113\u0161anas pien\u0101kumi mazg\u0101\u0161anas l\u012bdzek\u013ciem, jo \u012bpa\u0161i tiem, ko lieto pat\u0113r\u0113t\u0101ji.<\/li>\n<\/ul>\n\n<p>Neatbilst\u012bbas neiev\u0113ro\u0161ana var novest pie produktu atsauk\u0161anas, soda naudas vai pat tirgus aizlieguma. M\u016bsu komanda nodro\u0161ina, ka j\u016bsu eti\u0137etes ir prec\u012bzas, piln\u012bgas un juridiski pamatotas. <\/p>\n\n<h2 class=\"wp-block-heading\" id=\"h-what-we-offer\">Ko m\u0113s pied\u0101v\u0101jam<\/h2>\n\n<h4 class=\"wp-block-heading\" id=\"h-1-clp-label-creation-for-detergents\">1. <strong>CLP mar\u0137\u0113juma izveide mazg\u0101\u0161anas l\u012bdzek\u013ciem<\/strong><\/h4>\n\n<p>M\u0113s sagatavosim j\u016bsu produkta eti\u0137eti, pamatojoties uz j\u016bsu mazg\u0101\u0161anas l\u012bdzek\u013ca sast\u0101va \u012bpa\u0161o b\u012bstam\u012bbas klasifik\u0101ciju. Tas ietver: <\/p>\n\n<ul class=\"wp-block-list\">\n<li>Pareizu <strong>b\u012bstam\u012bbas piktogrammu,<\/strong> <strong>sign\u0101lv\u0101rdu<\/strong>, <strong>H<\/strong> un <strong>P<\/strong> <strong>fr\u0101\u017eu<\/strong> izv\u0113le.<\/li>\n\n\n\n<li>Pareiza <strong>UFI izvieto\u0161ana<\/strong> un format\u0113\u0161ana (ja piem\u0113rojams).<\/li>\n\n\n\n<li>Oblig\u0101t\u0101 pieg\u0101d\u0101t\u0101ja un produkta identifik\u0101cijas inform\u0101cija.<\/li>\n<\/ul>\n\n<h4 class=\"wp-block-heading\" id=\"h-2-label-check-for-existing-detergent-products\">2. <strong>Etiketes p\u0101rbaude eso\u0161ajiem mazg\u0101\u0161anas l\u012bdzek\u013ciem<\/strong><\/h4>\n\n<p>Vai jums jau ir eti\u0137ete? M\u0113s p\u0101rskat\u0101m un p\u0101rbaud\u0101m: <\/p>\n\n<ul class=\"wp-block-list\">\n<li>Pareiza b\u012bstam\u012bbas klasifik\u0101cija saska\u0146\u0101 ar CLP.<\/li>\n\n\n\n<li>Mar\u0137\u0113juma teksts un form\u0101ts atbilsto\u0161i sp\u0113k\u0101 eso\u0161ajiem noteikumiem.<\/li>\n\n\n\n<li>\u012apa\u0161as pras\u012bbas attiec\u012bb\u0101 uz mazg\u0101\u0161anas l\u012bdzek\u013ciem, piem\u0113ram, sast\u0101vda\u013cu kl\u0101sta atkl\u0101\u0161ana un alerg\u0113nu uzskait\u012bjums.<\/li>\n<\/ul>\n\n<h4 class=\"wp-block-heading\" id=\"h-3-compliance-with-detergents-regulation-ec-no-648-2004\">3. <strong>Atbilst\u012bba mazg\u0101\u0161anas l\u012bdzek\u013cu regulai (EK Nr. 648\/2004)<\/strong><\/h4>\n\n<p>M\u0113s nodro\u0161in\u0101m, ka j\u016bsu eti\u0137ete atbilst konkr\u0113tiem mazg\u0101\u0161anas l\u012bdzek\u013ciem noteiktaj\u0101m pras\u012bb\u0101m, tostarp:<\/p>\n\n<ul class=\"wp-block-list\">\n<li>Sast\u0101vda\u013cu diapazona deklar\u0101cijas (piem\u0113ram, &#8220;5-15% anjonu virsmakt\u012bv\u0101s vielas&#8221;).<\/li>\n\n\n\n<li>Aler\u0123iskas smar\u017evielas (piem\u0113ram, limon\u0113ns, linalols).<\/li>\n\n\n\n<li>Tie\u0161saistes sast\u0101vda\u013cu saraksta iestat\u012b\u0161ana (ja piem\u0113rojams).<\/li>\n<\/ul>\n\n<h2 class=\"wp-block-heading\" id=\"h-when-is-a-clp-label-and-ufi-required\">Kad ir nepiecie\u0161ama CLP eti\u0137ete un UFI?<\/h2>\n\n<p>Ja j\u016bsu mazg\u0101\u0161anas l\u012bdzeklim ir nepiecie\u0161ama CLP pras\u012bb\u0101m atbilsto\u0161a eti\u0137ete (un, iesp\u0113jams, PCN pazi\u0146ojums ar UFI):<\/p>\n\n<ul class=\"wp-block-list\">\n<li>Satur b\u012bstamas sast\u0101vda\u013cas, kas klasific\u0113tas k\u0101 b\u012bstamas vesel\u012bbai vai fizik\u0101lai iedarb\u012bbai.<\/li>\n\n\n\n<li>tiek p\u0101rdots pat\u0113r\u0113t\u0101jiem vai profesion\u0101\u013ciem.<\/li>\n<\/ul>\n\n<p>M\u0113s pal\u012bdz\u0113sim jums noteikt, vai j\u016bsu produktam ir nepiecie\u0161ams <strong>UFI<\/strong>, <strong>PCN iesnieg\u0161ana<\/strong> vai tikai mar\u0137\u0113\u0161ana saska\u0146\u0101 ar mazg\u0101\u0161anas l\u012bdzek\u013cu regulu.<\/p>\n\n<h2 class=\"wp-block-heading\" id=\"h-who-is-this-service-for\">Kam ir paredz\u0113ts \u0161is pakalpojums?<\/h2>\n\n<ul class=\"wp-block-list\">\n<li>\u0160\u0137idro vai pulverveida mazg\u0101\u0161anas l\u012bdzek\u013cu ra\u017eot\u0101ji.<\/li>\n\n\n\n<li>T\u012br\u012b\u0161anas l\u012bdzek\u013cu un ve\u013cas mazg\u0101\u0161anas l\u012bdzek\u013cu import\u0113t\u0101ji.<\/li>\n\n\n\n<li>Priv\u0101t\u0101 z\u012bmola z\u012bmoli, kuriem nepiecie\u0161ams piln\u012bgs mar\u0137\u0113juma atbilst\u012bbas atbalsts.<\/li>\n\n\n\n<li>Uz\u0146\u0113mumi nav p\u0101rliecin\u0101ti, vai to ra\u017eojums ir vai nav b\u012bstams.<\/li>\n<\/ul>\n\n<h2 class=\"wp-block-heading\" id=\"h-why-choose-ufi-eu\">K\u0101p\u0113c izv\u0113l\u0113ties UFI.EU?<\/h2>\n\n<ul class=\"wp-block-list\">\n<li><strong>CLP un mazg\u0101\u0161anas l\u012bdzek\u013cu regul\u0113juma eksperti ar<\/strong> ilggad\u0113ju pieredzi.<\/li>\n\n\n\n<li><strong>\u0100trs un prec\u012bzs serviss, kas<\/strong> piel\u0101gots j\u016bsu produkta vajadz\u012bb\u0101m.<\/li>\n\n\n\n<li><strong>Skaidra cenu noteik\u0161ana<\/strong> un person\u012bga sazi\u0146a.<\/li>\n\n\n\n<li><strong>Papildu papildin\u0101jumi<\/strong>: PCN pazi\u0146ojums, SDS izveide un UFI \u0123ener\u0113\u0161ana.<\/li>\n<\/ul>\n\n<h2 class=\"wp-block-heading\" id=\"h-get-started-today\">S\u0101ciet jau \u0161odien<\/h2>\n\n<p>Neatkar\u012bgi no t\u0101, vai jums ir nepiecie\u0161ama jauna eti\u0137ete vai v\u0113laties p\u0101rbaud\u012bt eso\u0161o, UFI.EU ir gatavs atbalst\u012bt j\u016bsu atbilst\u012bbas procesu.<br\/><strong>\u013baujiet mums par\u016bp\u0113ties par juridiskaj\u0101m deta\u013c\u0101m, lai j\u016bs var\u0113tu koncentr\u0113ties uz savu uz\u0146\u0113m\u0113jdarb\u012bbu<\/strong>.<\/p>\n\n<p>Noklik\u0161\u0137iniet uz pogas zem\u0101k, lai piepras\u012btu <strong>CLP mar\u0137\u0113juma izveidi vai mazg\u0101\u0161anas l\u012bdzek\u013cu p\u0101rbaudi.<\/strong><\/p>\n","protected":false},"excerpt":{"rendered":"<p>Nodro\u0161iniet piln\u012bgu atbilst\u012bbu CLP un mazg\u0101\u0161anas l\u012bdzek\u013cu regulai, izmantojot m\u016bsu ekspertu pakalpojumus. M\u0113s specializ\u0113jamies, lai pal\u012bdz\u0113tu uz\u0146\u0113mumiem izpild\u012bt juridisk\u0101s pras\u012bbas mazg\u0101\u0161anas l\u012bdzek\u013cu lai\u0161anai Eiropas tirg\u016b. M\u016bsu CLP mar\u0137\u0113juma izveides un p\u0101rbaudes pakalpojumi nodro\u0161ina, ka j\u016bsu produktu mar\u0137\u0113jums piln\u012bb\u0101 atbilst gan CLP regulai (EK Nr. 1272\/2008), gan mazg\u0101\u0161anas l\u012bdzek\u013cu regulai (EK Nr. 648\/2004). K\u0101p\u0113c ir svar\u012bgi [&hellip;]<\/p>\n","protected":false},"featured_media":12458,"template":"","meta":[],"product_brand":[],"product_cat":[404],"product_tag":[],"class_list":{"0":"post-12769","1":"product","2":"type-product","3":"status-publish","4":"has-post-thumbnail","6":"product_cat-clp-markejums","8":"first","9":"instock","10":"virtual","11":"taxable","12":"purchasable","13":"product-type-simple"},"bundled_by":[],"bundle_stock_status":"instock","bundle_stock_quantity":null,"bundle_virtual":false,"bundle_layout":"","bundle_add_to_cart_form_location":"","bundle_editable_in_cart":false,"bundle_sold_individually_context":"","bundle_item_grouping":"","bundle_min_size":"","bundle_max_size":"","bundle_price":[],"bundled_items":[],"bundle_sell_ids":[],"yoast_head":"<!-- This site is optimized with the Yoast SEO Premium plugin v25.1 (Yoast SEO v25.1) - https:\/\/yoast.com\/wordpress\/plugins\/seo\/ -->\n<title>CLP mar\u0137\u0113juma izveide un atbilst\u012bbas p\u0101rbaude mazg\u0101\u0161anas l\u012bdzek\u013ciem - UFI<\/title>\n<meta name=\"description\" content=\"M\u016bsu CLP eti\u0137e\u0161u izveides un p\u0101rbaudes pakalpojums nodro\u0161ina, ka j\u016bsu produktu eti\u0137etes piln\u012bb\u0101 atbilst gan CLP regulai (EK Nr. 1272\/2008), gan Detergentu regulai (EK Nr. 648\/2004).\" \/>\n<meta name=\"robots\" content=\"index, follow, max-snippet:-1, max-image-preview:large, max-video-preview:-1\" \/>\n<link rel=\"canonical\" href=\"https:\/\/www.ufi.eu\/lv\/product\/clp-markejuma-izveide-un-atbilstibas-parbaude-mazgasanas-lidzekliem\/\" \/>\n<meta property=\"og:locale\" content=\"lv_LV\" \/>\n<meta property=\"og:type\" content=\"article\" \/>\n<meta property=\"og:title\" content=\"CLP mar\u0137\u0113juma izveide un atbilst\u012bbas p\u0101rbaude mazg\u0101\u0161anas l\u012bdzek\u013ciem\" \/>\n<meta property=\"og:description\" content=\"M\u016bsu CLP eti\u0137e\u0161u izveides un p\u0101rbaudes pakalpojums nodro\u0161ina, ka j\u016bsu produktu eti\u0137etes piln\u012bb\u0101 atbilst gan CLP regulai (EK Nr. 1272\/2008), gan Detergentu regulai (EK Nr. 648\/2004).\" \/>\n<meta property=\"og:url\" content=\"https:\/\/www.ufi.eu\/lv\/product\/clp-markejuma-izveide-un-atbilstibas-parbaude-mazgasanas-lidzekliem\/\" \/>\n<meta property=\"og:site_name\" content=\"UFI\" \/>\n<meta property=\"article:modified_time\" content=\"2025-04-28T12:21:21+00:00\" \/>\n<meta property=\"og:image\" content=\"https:\/\/www.ufi.eu\/wp-content\/uploads\/2025\/03\/pcn_ufi.jpg\" \/>\n\t<meta property=\"og:image:width\" content=\"1024\" \/>\n\t<meta property=\"og:image:height\" content=\"1024\" \/>\n\t<meta property=\"og:image:type\" content=\"image\/jpeg\" \/>\n<meta name=\"twitter:card\" content=\"summary_large_image\" \/>\n<meta name=\"twitter:label1\" content=\"Price\" \/>\n\t<meta name=\"twitter:data1\" content=\"&euro;50.00\" \/>\n\t<meta name=\"twitter:label2\" content=\"Availability\" \/>\n\t<meta name=\"twitter:data2\" content=\"In stock\" \/>\n<script type=\"application\/ld+json\" class=\"yoast-schema-graph\">{\"@context\":\"https:\/\/schema.org\",\"@graph\":[{\"@type\":\"WebPage\",\"@id\":\"https:\/\/www.ufi.eu\/lv\/product\/clp-markejuma-izveide-un-atbilstibas-parbaude-mazgasanas-lidzekliem\/\",\"url\":\"https:\/\/www.ufi.eu\/lv\/product\/clp-markejuma-izveide-un-atbilstibas-parbaude-mazgasanas-lidzekliem\/\",\"name\":\"CLP mar\u0137\u0113juma izveide un atbilst\u012bbas p\u0101rbaude mazg\u0101\u0161anas l\u012bdzek\u013ciem - UFI\",\"isPartOf\":{\"@id\":\"https:\/\/www.ufi.eu\/lv\/#website\"},\"primaryImageOfPage\":{\"@id\":\"https:\/\/www.ufi.eu\/lv\/product\/clp-markejuma-izveide-un-atbilstibas-parbaude-mazgasanas-lidzekliem\/#primaryimage\"},\"image\":{\"@id\":\"https:\/\/www.ufi.eu\/lv\/product\/clp-markejuma-izveide-un-atbilstibas-parbaude-mazgasanas-lidzekliem\/#primaryimage\"},\"thumbnailUrl\":\"https:\/\/www.ufi.eu\/wp-content\/uploads\/2025\/03\/pcn_ufi.jpg\",\"datePublished\":\"2025-04-15T20:26:12+00:00\",\"dateModified\":\"2025-04-28T12:21:21+00:00\",\"description\":\"M\u016bsu CLP eti\u0137e\u0161u izveides un p\u0101rbaudes pakalpojums nodro\u0161ina, ka j\u016bsu produktu eti\u0137etes piln\u012bb\u0101 atbilst gan CLP regulai (EK Nr. 1272\/2008), gan Detergentu regulai (EK Nr. 648\/2004).\",\"breadcrumb\":{\"@id\":\"https:\/\/www.ufi.eu\/lv\/product\/clp-markejuma-izveide-un-atbilstibas-parbaude-mazgasanas-lidzekliem\/#breadcrumb\"},\"inLanguage\":\"lv-LV\",\"potentialAction\":[{\"@type\":\"ReadAction\",\"target\":[\"https:\/\/www.ufi.eu\/lv\/product\/clp-markejuma-izveide-un-atbilstibas-parbaude-mazgasanas-lidzekliem\/\"]}]},{\"@type\":\"ImageObject\",\"inLanguage\":\"lv-LV\",\"@id\":\"https:\/\/www.ufi.eu\/lv\/product\/clp-markejuma-izveide-un-atbilstibas-parbaude-mazgasanas-lidzekliem\/#primaryimage\",\"url\":\"https:\/\/www.ufi.eu\/wp-content\/uploads\/2025\/03\/pcn_ufi.jpg\",\"contentUrl\":\"https:\/\/www.ufi.eu\/wp-content\/uploads\/2025\/03\/pcn_ufi.jpg\",\"width\":1024,\"height\":1024},{\"@type\":\"BreadcrumbList\",\"@id\":\"https:\/\/www.ufi.eu\/lv\/product\/clp-markejuma-izveide-un-atbilstibas-parbaude-mazgasanas-lidzekliem\/#breadcrumb\",\"itemListElement\":[{\"@type\":\"ListItem\",\"position\":1,\"name\":\"Home\",\"item\":\"https:\/\/www.ufi.eu\/lv\/sakums\/\"},{\"@type\":\"ListItem\",\"position\":2,\"name\":\"Veikals\",\"item\":\"https:\/\/www.ufi.eu\/lv\/veikals\/\"},{\"@type\":\"ListItem\",\"position\":3,\"name\":\"CLP mar\u0137\u0113juma izveide un atbilst\u012bbas p\u0101rbaude mazg\u0101\u0161anas l\u012bdzek\u013ciem\"}]},{\"@type\":\"WebSite\",\"@id\":\"https:\/\/www.ufi.eu\/lv\/#website\",\"url\":\"https:\/\/www.ufi.eu\/lv\/\",\"name\":\"UFI.EU\",\"description\":\"Poison Centre Notifications (PCN) and UFI\",\"publisher\":{\"@id\":\"https:\/\/www.ufi.eu\/lv\/#organization\"},\"potentialAction\":[{\"@type\":\"SearchAction\",\"target\":{\"@type\":\"EntryPoint\",\"urlTemplate\":\"https:\/\/www.ufi.eu\/lv\/?s={search_term_string}\"},\"query-input\":{\"@type\":\"PropertyValueSpecification\",\"valueRequired\":true,\"valueName\":\"search_term_string\"}}],\"inLanguage\":\"lv-LV\"},{\"@type\":\"Organization\",\"@id\":\"https:\/\/www.ufi.eu\/lv\/#organization\",\"name\":\"UFI.EU\",\"url\":\"https:\/\/www.ufi.eu\/lv\/\",\"logo\":{\"@type\":\"ImageObject\",\"inLanguage\":\"lv-LV\",\"@id\":\"https:\/\/www.ufi.eu\/lv\/#\/schema\/logo\/image\/\",\"url\":\"https:\/\/www.ufi.eu\/wp-content\/uploads\/2025\/03\/cropped-logo_ufi3.jpg\",\"contentUrl\":\"https:\/\/www.ufi.eu\/wp-content\/uploads\/2025\/03\/cropped-logo_ufi3.jpg\",\"width\":231,\"height\":78,\"caption\":\"UFI.EU\"},\"image\":{\"@id\":\"https:\/\/www.ufi.eu\/lv\/#\/schema\/logo\/image\/\"},\"description\":\"UFI.eu specializes in digital registrations for Poison Centre Notifications (PCN), ensuring your chemical products meet EU regulatory requirements effortlessly. Our streamlined solutions help businesses stay compliant while reducing complexity and administrative burden.\",\"email\":\"info@ufi.eu\",\"legalName\":\"UFI.EU\"}]}<\/script>\n<meta property=\"product:price:amount\" content=\"50.00\" \/>\n<meta property=\"product:price:currency\" content=\"EUR\" \/>\n<meta property=\"og:availability\" content=\"instock\" \/>\n<meta property=\"product:availability\" content=\"instock\" \/>\n<meta property=\"product:condition\" content=\"new\" \/>\n<!-- \/ Yoast SEO Premium plugin. -->","yoast_head_json":{"title":"CLP mar\u0137\u0113juma izveide un atbilst\u012bbas p\u0101rbaude mazg\u0101\u0161anas l\u012bdzek\u013ciem - UFI","description":"M\u016bsu CLP eti\u0137e\u0161u izveides un p\u0101rbaudes pakalpojums nodro\u0161ina, ka j\u016bsu produktu eti\u0137etes piln\u012bb\u0101 atbilst gan CLP regulai (EK Nr. 1272\/2008), gan Detergentu regulai (EK Nr. 648\/2004).","robots":{"index":"index","follow":"follow","max-snippet":"max-snippet:-1","max-image-preview":"max-image-preview:large","max-video-preview":"max-video-preview:-1"},"canonical":"https:\/\/www.ufi.eu\/lv\/product\/clp-markejuma-izveide-un-atbilstibas-parbaude-mazgasanas-lidzekliem\/","og_locale":"lv_LV","og_type":"article","og_title":"CLP mar\u0137\u0113juma izveide un atbilst\u012bbas p\u0101rbaude mazg\u0101\u0161anas l\u012bdzek\u013ciem","og_description":"M\u016bsu CLP eti\u0137e\u0161u izveides un p\u0101rbaudes pakalpojums nodro\u0161ina, ka j\u016bsu produktu eti\u0137etes piln\u012bb\u0101 atbilst gan CLP regulai (EK Nr. 1272\/2008), gan Detergentu regulai (EK Nr. 648\/2004).","og_url":"https:\/\/www.ufi.eu\/lv\/product\/clp-markejuma-izveide-un-atbilstibas-parbaude-mazgasanas-lidzekliem\/","og_site_name":"UFI","article_modified_time":"2025-04-28T12:21:21+00:00","og_image":[{"width":1024,"height":1024,"url":"https:\/\/www.ufi.eu\/wp-content\/uploads\/2025\/03\/pcn_ufi.jpg","type":"image\/jpeg"}],"twitter_card":"summary_large_image","twitter_misc":{"Price":"&euro;50.00","Availability":"In stock"},"schema":{"@context":"https:\/\/schema.org","@graph":[{"@type":"WebPage","@id":"https:\/\/www.ufi.eu\/lv\/product\/clp-markejuma-izveide-un-atbilstibas-parbaude-mazgasanas-lidzekliem\/","url":"https:\/\/www.ufi.eu\/lv\/product\/clp-markejuma-izveide-un-atbilstibas-parbaude-mazgasanas-lidzekliem\/","name":"CLP mar\u0137\u0113juma izveide un atbilst\u012bbas p\u0101rbaude mazg\u0101\u0161anas l\u012bdzek\u013ciem - UFI","isPartOf":{"@id":"https:\/\/www.ufi.eu\/lv\/#website"},"primaryImageOfPage":{"@id":"https:\/\/www.ufi.eu\/lv\/product\/clp-markejuma-izveide-un-atbilstibas-parbaude-mazgasanas-lidzekliem\/#primaryimage"},"image":{"@id":"https:\/\/www.ufi.eu\/lv\/product\/clp-markejuma-izveide-un-atbilstibas-parbaude-mazgasanas-lidzekliem\/#primaryimage"},"thumbnailUrl":"https:\/\/www.ufi.eu\/wp-content\/uploads\/2025\/03\/pcn_ufi.jpg","datePublished":"2025-04-15T20:26:12+00:00","dateModified":"2025-04-28T12:21:21+00:00","description":"M\u016bsu CLP eti\u0137e\u0161u izveides un p\u0101rbaudes pakalpojums nodro\u0161ina, ka j\u016bsu produktu eti\u0137etes piln\u012bb\u0101 atbilst gan CLP regulai (EK Nr. 1272\/2008), gan Detergentu regulai (EK Nr. 648\/2004).","breadcrumb":{"@id":"https:\/\/www.ufi.eu\/lv\/product\/clp-markejuma-izveide-un-atbilstibas-parbaude-mazgasanas-lidzekliem\/#breadcrumb"},"inLanguage":"lv-LV","potentialAction":[{"@type":"ReadAction","target":["https:\/\/www.ufi.eu\/lv\/product\/clp-markejuma-izveide-un-atbilstibas-parbaude-mazgasanas-lidzekliem\/"]}]},{"@type":"ImageObject","inLanguage":"lv-LV","@id":"https:\/\/www.ufi.eu\/lv\/product\/clp-markejuma-izveide-un-atbilstibas-parbaude-mazgasanas-lidzekliem\/#primaryimage","url":"https:\/\/www.ufi.eu\/wp-content\/uploads\/2025\/03\/pcn_ufi.jpg","contentUrl":"https:\/\/www.ufi.eu\/wp-content\/uploads\/2025\/03\/pcn_ufi.jpg","width":1024,"height":1024},{"@type":"BreadcrumbList","@id":"https:\/\/www.ufi.eu\/lv\/product\/clp-markejuma-izveide-un-atbilstibas-parbaude-mazgasanas-lidzekliem\/#breadcrumb","itemListElement":[{"@type":"ListItem","position":1,"name":"Home","item":"https:\/\/www.ufi.eu\/lv\/sakums\/"},{"@type":"ListItem","position":2,"name":"Veikals","item":"https:\/\/www.ufi.eu\/lv\/veikals\/"},{"@type":"ListItem","position":3,"name":"CLP mar\u0137\u0113juma izveide un atbilst\u012bbas p\u0101rbaude mazg\u0101\u0161anas l\u012bdzek\u013ciem"}]},{"@type":"WebSite","@id":"https:\/\/www.ufi.eu\/lv\/#website","url":"https:\/\/www.ufi.eu\/lv\/","name":"UFI.EU","description":"Poison Centre Notifications (PCN) and UFI","publisher":{"@id":"https:\/\/www.ufi.eu\/lv\/#organization"},"potentialAction":[{"@type":"SearchAction","target":{"@type":"EntryPoint","urlTemplate":"https:\/\/www.ufi.eu\/lv\/?s={search_term_string}"},"query-input":{"@type":"PropertyValueSpecification","valueRequired":true,"valueName":"search_term_string"}}],"inLanguage":"lv-LV"},{"@type":"Organization","@id":"https:\/\/www.ufi.eu\/lv\/#organization","name":"UFI.EU","url":"https:\/\/www.ufi.eu\/lv\/","logo":{"@type":"ImageObject","inLanguage":"lv-LV","@id":"https:\/\/www.ufi.eu\/lv\/#\/schema\/logo\/image\/","url":"https:\/\/www.ufi.eu\/wp-content\/uploads\/2025\/03\/cropped-logo_ufi3.jpg","contentUrl":"https:\/\/www.ufi.eu\/wp-content\/uploads\/2025\/03\/cropped-logo_ufi3.jpg","width":231,"height":78,"caption":"UFI.EU"},"image":{"@id":"https:\/\/www.ufi.eu\/lv\/#\/schema\/logo\/image\/"},"description":"UFI.eu specializes in digital registrations for Poison Centre Notifications (PCN), ensuring your chemical products meet EU regulatory requirements effortlessly. Our streamlined solutions help businesses stay compliant while reducing complexity and administrative burden.","email":"info@ufi.eu","legalName":"UFI.EU"}]},"product_price_amount":"50.00","product_price_currency":"EUR","og_availability":"instock","product_availability":"instock","product_condition":"new"},"_links":{"self":[{"href":"https:\/\/www.ufi.eu\/lv\/wp-json\/wp\/v2\/product\/12769","targetHints":{"allow":["GET"]}}],"collection":[{"href":"https:\/\/www.ufi.eu\/lv\/wp-json\/wp\/v2\/product"}],"about":[{"href":"https:\/\/www.ufi.eu\/lv\/wp-json\/wp\/v2\/types\/product"}],"wp:featuredmedia":[{"embeddable":true,"href":"https:\/\/www.ufi.eu\/lv\/wp-json\/wp\/v2\/media\/12458"}],"wp:attachment":[{"href":"https:\/\/www.ufi.eu\/lv\/wp-json\/wp\/v2\/media?parent=12769"}],"wp:term":[{"taxonomy":"product_brand","embeddable":true,"href":"https:\/\/www.ufi.eu\/lv\/wp-json\/wp\/v2\/product_brand?post=12769"},{"taxonomy":"product_cat","embeddable":true,"href":"https:\/\/www.ufi.eu\/lv\/wp-json\/wp\/v2\/product_cat?post=12769"},{"taxonomy":"product_tag","embeddable":true,"href":"https:\/\/www.ufi.eu\/lv\/wp-json\/wp\/v2\/product_tag?post=12769"}],"curies":[{"name":"wp","href":"https:\/\/api.w.org\/{rel}","templated":true}]}}