{"id":12541,"date":"2025-03-09T14:15:09","date_gmt":"2025-04-15T19:36:54","guid":{"rendered":"https:\/\/www.ufi.eu\/pcn\/uncategorized\/pazinojums-saindesanas-centram-un-ufi\/"},"modified":"2025-04-15T19:36:54","modified_gmt":"2025-04-15T19:36:54","slug":"pazinojums-saindesanas-centram-un-ufi","status":"publish","type":"product","link":"https:\/\/www.ufi.eu\/lv\/product\/pazinojums-saindesanas-centram-un-ufi\/","title":{"rendered":"Pazi\u0146ojums saind\u0113\u0161an\u0101s centram un UFI"},"content":{"rendered":"","protected":false},"excerpt":{"rendered":"","protected":false},"featured_media":12458,"template":"","meta":[],"product_brand":[],"product_cat":[329],"product_tag":[],"class_list":{"0":"post-12541","1":"product","2":"type-product","3":"status-publish","4":"has-post-thumbnail","6":"product_cat-produkti-kimiskiem-vai-tehniskiem-procesiem","8":"first","9":"instock","10":"virtual","11":"taxable","12":"purchasable","13":"product-type-simple"},"bundled_by":["12654","12664","12829","12946","12966","12986","13006","13034","13227","13257","13267","13327","13510","13540","13558","13605","13611","13758","13778","13796","13814","13832","14002","14022","14026","14042","14068","14370","14388","14406","14424","14442","14460","14684","14696","14748","14783","14939","14967","14975","14995","15042","15058","15263","15281","15303","15309","15353","15429","15447","15465","15483","15603","15625","15637","15833","15847","15957","15982","15989","15996","16018","16223","16251","16269","16287","16305","16537","16563","16599","16625","16635","16653","16881","16907","16917","16943","16953","16971","17215","17235","17253","17279","17297","17307","17333","17657","17675","17693","17711","17729","17739","17765","17775","17793","18011","18031","18174","18195","18221","18335","18353","18371","18389","18399","18425","18723","18749","18765","18775","18791","18981","18999","19049","19067","19085","19095","19153","19377","19403","19421","19431","19497","19515","19533","19827","19853","19873","19881","19907","19925","19935","19979","19989","20319","20337","20351","20377","20395","20405","20431","20445","20745","20755","20819","20829","20855","20873","20879","20945","21103","21163","21401","21411","21421","21433","21443","21463","21471","21581","21607","21623","21643","21923","21949","21965","21977","22049","22059","22117","22123","22149","22151","22419","22421","22615","22617","22633","22659","22671","22679","22697","22731","22749","23081","23099","23173","23191","23201","23227","23245","23255","23301","23319","23595","23621","23639","23707","23725","23743","23769","23847","24106","24112","24122","24152","31732"],"bundle_stock_status":"instock","bundle_stock_quantity":null,"bundle_virtual":false,"bundle_layout":"","bundle_add_to_cart_form_location":"","bundle_editable_in_cart":false,"bundle_sold_individually_context":"","bundle_item_grouping":"","bundle_min_size":"","bundle_max_size":"","bundle_price":[],"bundled_items":[],"bundle_sell_ids":[],"yoast_head":"<!-- This site is optimized with the Yoast SEO Premium plugin v25.1 (Yoast SEO v25.1) - https:\/\/yoast.com\/wordpress\/plugins\/seo\/ -->\n<title>Pazi\u0146ojums saind\u0113\u0161an\u0101s centram un UFI - UFI<\/title>\n<meta name=\"robots\" content=\"index, follow, max-snippet:-1, max-image-preview:large, max-video-preview:-1\" \/>\n<link rel=\"canonical\" href=\"https:\/\/www.ufi.eu\/lv\/product\/pazinojums-saindesanas-centram-un-ufi\/\" \/>\n<meta property=\"og:locale\" content=\"lv_LV\" \/>\n<meta property=\"og:type\" content=\"article\" \/>\n<meta property=\"og:title\" content=\"Pazi\u0146ojums saind\u0113\u0161an\u0101s centram un UFI\" \/>\n<meta property=\"og:url\" content=\"https:\/\/www.ufi.eu\/lv\/product\/pazinojums-saindesanas-centram-un-ufi\/\" \/>\n<meta property=\"og:site_name\" content=\"UFI\" \/>\n<meta property=\"og:image\" content=\"https:\/\/www.ufi.eu\/wp-content\/uploads\/2025\/03\/pcn_ufi.jpg\" \/>\n\t<meta property=\"og:image:width\" content=\"1024\" \/>\n\t<meta property=\"og:image:height\" content=\"1024\" \/>\n\t<meta property=\"og:image:type\" content=\"image\/jpeg\" \/>\n<meta name=\"twitter:card\" content=\"summary_large_image\" \/>\n<meta name=\"twitter:label1\" content=\"Price\" \/>\n\t<meta name=\"twitter:data1\" content=\"&euro;65.00\" \/>\n\t<meta name=\"twitter:label2\" content=\"Availability\" \/>\n\t<meta name=\"twitter:data2\" content=\"In stock\" \/>\n<script type=\"application\/ld+json\" class=\"yoast-schema-graph\">{\"@context\":\"https:\/\/schema.org\",\"@graph\":[{\"@type\":\"WebPage\",\"@id\":\"https:\/\/www.ufi.eu\/lv\/product\/pazinojums-saindesanas-centram-un-ufi\/\",\"url\":\"https:\/\/www.ufi.eu\/lv\/product\/pazinojums-saindesanas-centram-un-ufi\/\",\"name\":\"Pazi\u0146ojums saind\u0113\u0161an\u0101s centram un UFI - UFI\",\"isPartOf\":{\"@id\":\"https:\/\/www.ufi.eu\/lv\/#website\"},\"primaryImageOfPage\":{\"@id\":\"https:\/\/www.ufi.eu\/lv\/product\/pazinojums-saindesanas-centram-un-ufi\/#primaryimage\"},\"image\":{\"@id\":\"https:\/\/www.ufi.eu\/lv\/product\/pazinojums-saindesanas-centram-un-ufi\/#primaryimage\"},\"thumbnailUrl\":\"https:\/\/www.ufi.eu\/wp-content\/uploads\/2025\/03\/pcn_ufi.jpg\",\"datePublished\":\"2025-04-15T19:36:54+00:00\",\"breadcrumb\":{\"@id\":\"https:\/\/www.ufi.eu\/lv\/product\/pazinojums-saindesanas-centram-un-ufi\/#breadcrumb\"},\"inLanguage\":\"lv-LV\",\"potentialAction\":[{\"@type\":\"ReadAction\",\"target\":[\"https:\/\/www.ufi.eu\/lv\/product\/pazinojums-saindesanas-centram-un-ufi\/\"]}]},{\"@type\":\"ImageObject\",\"inLanguage\":\"lv-LV\",\"@id\":\"https:\/\/www.ufi.eu\/lv\/product\/pazinojums-saindesanas-centram-un-ufi\/#primaryimage\",\"url\":\"https:\/\/www.ufi.eu\/wp-content\/uploads\/2025\/03\/pcn_ufi.jpg\",\"contentUrl\":\"https:\/\/www.ufi.eu\/wp-content\/uploads\/2025\/03\/pcn_ufi.jpg\",\"width\":1024,\"height\":1024},{\"@type\":\"BreadcrumbList\",\"@id\":\"https:\/\/www.ufi.eu\/lv\/product\/pazinojums-saindesanas-centram-un-ufi\/#breadcrumb\",\"itemListElement\":[{\"@type\":\"ListItem\",\"position\":1,\"name\":\"Home\",\"item\":\"https:\/\/www.ufi.eu\/lv\/sakums\/\"},{\"@type\":\"ListItem\",\"position\":2,\"name\":\"Veikals\",\"item\":\"https:\/\/www.ufi.eu\/lv\/veikals\/\"},{\"@type\":\"ListItem\",\"position\":3,\"name\":\"Pazi\u0146ojums saind\u0113\u0161an\u0101s centram un UFI\"}]},{\"@type\":\"WebSite\",\"@id\":\"https:\/\/www.ufi.eu\/lv\/#website\",\"url\":\"https:\/\/www.ufi.eu\/lv\/\",\"name\":\"UFI.EU\",\"description\":\"Poison Centre Notifications (PCN) and UFI\",\"publisher\":{\"@id\":\"https:\/\/www.ufi.eu\/lv\/#organization\"},\"potentialAction\":[{\"@type\":\"SearchAction\",\"target\":{\"@type\":\"EntryPoint\",\"urlTemplate\":\"https:\/\/www.ufi.eu\/lv\/?s={search_term_string}\"},\"query-input\":{\"@type\":\"PropertyValueSpecification\",\"valueRequired\":true,\"valueName\":\"search_term_string\"}}],\"inLanguage\":\"lv-LV\"},{\"@type\":\"Organization\",\"@id\":\"https:\/\/www.ufi.eu\/lv\/#organization\",\"name\":\"UFI.EU\",\"url\":\"https:\/\/www.ufi.eu\/lv\/\",\"logo\":{\"@type\":\"ImageObject\",\"inLanguage\":\"lv-LV\",\"@id\":\"https:\/\/www.ufi.eu\/lv\/#\/schema\/logo\/image\/\",\"url\":\"https:\/\/www.ufi.eu\/wp-content\/uploads\/2025\/03\/cropped-logo_ufi3.jpg\",\"contentUrl\":\"https:\/\/www.ufi.eu\/wp-content\/uploads\/2025\/03\/cropped-logo_ufi3.jpg\",\"width\":231,\"height\":78,\"caption\":\"UFI.EU\"},\"image\":{\"@id\":\"https:\/\/www.ufi.eu\/lv\/#\/schema\/logo\/image\/\"},\"description\":\"UFI.eu specializes in digital registrations for Poison Centre Notifications (PCN), ensuring your chemical products meet EU regulatory requirements effortlessly. Our streamlined solutions help businesses stay compliant while reducing complexity and administrative burden.\",\"email\":\"info@ufi.eu\",\"legalName\":\"UFI.EU\"}]}<\/script>\n<meta property=\"product:price:amount\" content=\"65.00\" \/>\n<meta property=\"product:price:currency\" content=\"EUR\" \/>\n<meta property=\"og:availability\" content=\"instock\" \/>\n<meta property=\"product:availability\" content=\"instock\" \/>\n<meta property=\"product:retailer_item_id\" content=\"PCN-UFI\" \/>\n<meta property=\"product:condition\" content=\"new\" \/>\n<!-- \/ Yoast SEO Premium plugin. -->","yoast_head_json":{"title":"Pazi\u0146ojums saind\u0113\u0161an\u0101s centram un UFI - UFI","robots":{"index":"index","follow":"follow","max-snippet":"max-snippet:-1","max-image-preview":"max-image-preview:large","max-video-preview":"max-video-preview:-1"},"canonical":"https:\/\/www.ufi.eu\/lv\/product\/pazinojums-saindesanas-centram-un-ufi\/","og_locale":"lv_LV","og_type":"article","og_title":"Pazi\u0146ojums saind\u0113\u0161an\u0101s centram un UFI","og_url":"https:\/\/www.ufi.eu\/lv\/product\/pazinojums-saindesanas-centram-un-ufi\/","og_site_name":"UFI","og_image":[{"width":1024,"height":1024,"url":"https:\/\/www.ufi.eu\/wp-content\/uploads\/2025\/03\/pcn_ufi.jpg","type":"image\/jpeg"}],"twitter_card":"summary_large_image","twitter_misc":{"Price":"&euro;65.00","Availability":"In stock"},"schema":{"@context":"https:\/\/schema.org","@graph":[{"@type":"WebPage","@id":"https:\/\/www.ufi.eu\/lv\/product\/pazinojums-saindesanas-centram-un-ufi\/","url":"https:\/\/www.ufi.eu\/lv\/product\/pazinojums-saindesanas-centram-un-ufi\/","name":"Pazi\u0146ojums saind\u0113\u0161an\u0101s centram un UFI - UFI","isPartOf":{"@id":"https:\/\/www.ufi.eu\/lv\/#website"},"primaryImageOfPage":{"@id":"https:\/\/www.ufi.eu\/lv\/product\/pazinojums-saindesanas-centram-un-ufi\/#primaryimage"},"image":{"@id":"https:\/\/www.ufi.eu\/lv\/product\/pazinojums-saindesanas-centram-un-ufi\/#primaryimage"},"thumbnailUrl":"https:\/\/www.ufi.eu\/wp-content\/uploads\/2025\/03\/pcn_ufi.jpg","datePublished":"2025-04-15T19:36:54+00:00","breadcrumb":{"@id":"https:\/\/www.ufi.eu\/lv\/product\/pazinojums-saindesanas-centram-un-ufi\/#breadcrumb"},"inLanguage":"lv-LV","potentialAction":[{"@type":"ReadAction","target":["https:\/\/www.ufi.eu\/lv\/product\/pazinojums-saindesanas-centram-un-ufi\/"]}]},{"@type":"ImageObject","inLanguage":"lv-LV","@id":"https:\/\/www.ufi.eu\/lv\/product\/pazinojums-saindesanas-centram-un-ufi\/#primaryimage","url":"https:\/\/www.ufi.eu\/wp-content\/uploads\/2025\/03\/pcn_ufi.jpg","contentUrl":"https:\/\/www.ufi.eu\/wp-content\/uploads\/2025\/03\/pcn_ufi.jpg","width":1024,"height":1024},{"@type":"BreadcrumbList","@id":"https:\/\/www.ufi.eu\/lv\/product\/pazinojums-saindesanas-centram-un-ufi\/#breadcrumb","itemListElement":[{"@type":"ListItem","position":1,"name":"Home","item":"https:\/\/www.ufi.eu\/lv\/sakums\/"},{"@type":"ListItem","position":2,"name":"Veikals","item":"https:\/\/www.ufi.eu\/lv\/veikals\/"},{"@type":"ListItem","position":3,"name":"Pazi\u0146ojums saind\u0113\u0161an\u0101s centram un UFI"}]},{"@type":"WebSite","@id":"https:\/\/www.ufi.eu\/lv\/#website","url":"https:\/\/www.ufi.eu\/lv\/","name":"UFI.EU","description":"Poison Centre Notifications (PCN) and UFI","publisher":{"@id":"https:\/\/www.ufi.eu\/lv\/#organization"},"potentialAction":[{"@type":"SearchAction","target":{"@type":"EntryPoint","urlTemplate":"https:\/\/www.ufi.eu\/lv\/?s={search_term_string}"},"query-input":{"@type":"PropertyValueSpecification","valueRequired":true,"valueName":"search_term_string"}}],"inLanguage":"lv-LV"},{"@type":"Organization","@id":"https:\/\/www.ufi.eu\/lv\/#organization","name":"UFI.EU","url":"https:\/\/www.ufi.eu\/lv\/","logo":{"@type":"ImageObject","inLanguage":"lv-LV","@id":"https:\/\/www.ufi.eu\/lv\/#\/schema\/logo\/image\/","url":"https:\/\/www.ufi.eu\/wp-content\/uploads\/2025\/03\/cropped-logo_ufi3.jpg","contentUrl":"https:\/\/www.ufi.eu\/wp-content\/uploads\/2025\/03\/cropped-logo_ufi3.jpg","width":231,"height":78,"caption":"UFI.EU"},"image":{"@id":"https:\/\/www.ufi.eu\/lv\/#\/schema\/logo\/image\/"},"description":"UFI.eu specializes in digital registrations for Poison Centre Notifications (PCN), ensuring your chemical products meet EU regulatory requirements effortlessly. Our streamlined solutions help businesses stay compliant while reducing complexity and administrative burden.","email":"info@ufi.eu","legalName":"UFI.EU"}]},"product_price_amount":"65.00","product_price_currency":"EUR","og_availability":"instock","product_availability":"instock","product_retailer_item_id":"PCN-UFI","product_condition":"new"},"_links":{"self":[{"href":"https:\/\/www.ufi.eu\/lv\/wp-json\/wp\/v2\/product\/12541","targetHints":{"allow":["GET"]}}],"collection":[{"href":"https:\/\/www.ufi.eu\/lv\/wp-json\/wp\/v2\/product"}],"about":[{"href":"https:\/\/www.ufi.eu\/lv\/wp-json\/wp\/v2\/types\/product"}],"wp:featuredmedia":[{"embeddable":true,"href":"https:\/\/www.ufi.eu\/lv\/wp-json\/wp\/v2\/media\/12458"}],"wp:attachment":[{"href":"https:\/\/www.ufi.eu\/lv\/wp-json\/wp\/v2\/media?parent=12541"}],"wp:term":[{"taxonomy":"product_brand","embeddable":true,"href":"https:\/\/www.ufi.eu\/lv\/wp-json\/wp\/v2\/product_brand?post=12541"},{"taxonomy":"product_cat","embeddable":true,"href":"https:\/\/www.ufi.eu\/lv\/wp-json\/wp\/v2\/product_cat?post=12541"},{"taxonomy":"product_tag","embeddable":true,"href":"https:\/\/www.ufi.eu\/lv\/wp-json\/wp\/v2\/product_tag?post=12541"}],"curies":[{"name":"wp","href":"https:\/\/api.w.org\/{rel}","templated":true}]}}