{"id":12474,"date":"2025-04-09T20:22:00","date_gmt":"2025-04-15T19:34:07","guid":{"rendered":"https:\/\/www.ufi.eu\/pcn\/uncategorized\/drosibas-datu-lapas-tulkojums\/"},"modified":"2026-02-12T11:23:57","modified_gmt":"2026-02-12T11:23:57","slug":"drosibas-datu-lapas-tulkojums","status":"publish","type":"product","link":"https:\/\/www.ufi.eu\/lv\/product\/drosibas-datu-lapas-tulkojums\/","title":{"rendered":"Dro\u0161\u012bbas datu lapas valoda"},"content":{"rendered":"\n<p>M\u016bsdienu globaliz\u0113taj\u0101 tirg\u016b atbilst\u012bba starptautiskajiem dro\u0161\u012bbas standartiem ir ne tikai juridiska nepiecie\u0161am\u012bba &#8211; t\u0101 ir b\u016btiska da\u013ca no atbild\u012bgas un efekt\u012bvas uz\u0146\u0113m\u0113jdarb\u012bbas veik\u0161anas. \u0136\u012bmijas un kosm\u0113tikas nozar\u0113 ir svar\u012bgi nodro\u0161in\u0101t prec\u012bzu un pieejamu dro\u0161\u012bbas inform\u0101cijas pazi\u0146o\u0161anu, lai nodro\u0161in\u0101tu atbilst\u012bbu normat\u012bvo aktu pras\u012bb\u0101m. Tie\u0161i \u0161eit UFI.EU iesaist\u0101s ar savu profesion\u0101lo <strong>MSDS tulko\u0161anas pakalpojumu,<\/strong> pied\u0101v\u0101jot prec\u012bzus, noteikumiem atbilsto\u0161us materi\u0101lu dro\u0161\u012bbas datu lapu (MSDS), ko d\u0113v\u0113 ar\u012b par dro\u0161\u012bbas datu lap\u0101m (SDS), tulkojumus vis\u0101s ES un cit\u0101s valod\u0101s.  <\/p>\n\n<h4 class=\"wp-block-heading\" id=\"h-what-is-an-msds\">Kas ir MSDS?<\/h4>\n\n<p>Materi\u0101lu dro\u0161\u012bbas datu lapa (MSDS) ir dokuments, kur\u0101 sniegta detaliz\u0113ta inform\u0101cija par \u0137\u012bmisko vielu vai mais\u012bjumu. Taj\u0101 aprakst\u012bti iesp\u0113jamie apdraud\u0113jumi (vesel\u012bbai, ugunsb\u012bstam\u012bba, reaktivit\u0101te, vides apdraud\u0113jums), k\u0101 dro\u0161i str\u0101d\u0101t ar produktu un \u0101rk\u0101rtas situ\u0101ciju kontroles pas\u0101kumi. Saska\u0146\u0101 ar ES regul\u0101m, piem\u0113ram, <strong>REACH<\/strong> (\u0136\u012bmisko vielu re\u0123istr\u0113\u0161ana, v\u0113rt\u0113\u0161ana, licenc\u0113\u0161ana un ierobe\u017eo\u0161ana) un <strong>CLP<\/strong> (Klasifik\u0101cija, mar\u0137\u0113\u0161ana un iepako\u0161ana) regul\u0101m, MSDS ir b\u016btiska noz\u012bme, lai nodro\u0161in\u0101tu b\u012bstamo vielu dro\u0161u lieto\u0161anu un transport\u0113\u0161anu.   <\/p>\n\n<h4 class=\"wp-block-heading\" id=\"h-why-accurate-translation-is-crucial\">K\u0101p\u0113c prec\u012bzs tulkojums ir \u013coti svar\u012bgs<\/h4>\n\n<p>Katrai ES dal\u012bbvalstij ir savas valodas pras\u012bbas attiec\u012bb\u0101 uz dro\u0161\u012bbas datu lapu dokumentiem. Ja produktu eksport\u0113jat uz citu ES valsti vai import\u0113jat, jums ir j\u0101iesniedz dro\u0161\u012bbas datu lapa galam\u0113r\u0137a valsts ofici\u0101laj\u0101(-s) valod\u0101(-s). Nepareizi p\u0101rtulkota MSDS var izrais\u012bt:<\/p>\n\n<ul class=\"wp-block-list\">\n<li>Ties\u012bbu aktos noteiktie naudas sodi vai juridisk\u0101s saist\u012bbas<\/li>\n\n\n\n<li>Aizkav\u0113\u0161an\u0101s muit\u0101 vai transporta p\u0101rtraukumi.<\/li>\n\n\n\n<li>B\u012bstamo vielu \u013caunpr\u0101t\u012bga izmanto\u0161ana<\/li>\n\n\n\n<li>Palielin\u0101ts nelaimes gad\u012bjumu vai kait\u0113juma videi risks<\/li>\n<\/ul>\n\n<p>M\u0113s apzin\u0101mies \u0161\u012b procesa sare\u017e\u0123\u012bt\u012bbu un jut\u012bgumu. M\u016bsu MSDS tulko\u0161anas pakalpojums nodro\u0161ina, ka j\u016bsu dokumenti ir ne tikai lingvistiski prec\u012bzi, bet ar\u012b piln\u012bb\u0101 atbilst <strong>REACH regulas II pielikumam<\/strong> un jaun\u0101kaj\u0101m <strong>ECHA (Eiropas \u0136imik\u0101liju a\u0123ent\u016bras)<\/strong> vadl\u012bnij\u0101m. <\/p>\n\n<h3 class=\"wp-block-heading\" id=\"h-our-msds-translation-services\">M\u016bsu MSDS tulko\u0161anas pakalpojumi<\/h3>\n\n<p>M\u0113s pied\u0101v\u0101jam pilnu tulko\u0161anas pakalpojumu kl\u0101stu, kas piel\u0101gots \u0137\u012bmijas, kosm\u0113tikas, smar\u017eu, t\u012br\u012b\u0161anas un r\u016bpniec\u012bbas nozar\u0113m. M\u016bsu MSDS tulko\u0161anas risin\u0101jumi ietver:<\/p>\n\n<h4 class=\"wp-block-heading\" id=\"h-multilingual-sds-translations\">\u2714 Daudzvalodu SDS tulkojumi<\/h4>\n\n<p>M\u0113s tulkojam MSDS dokumentus vis\u0101s ofici\u0101laj\u0101s ES valod\u0101s, k\u0101 ar\u012b papildu valod\u0101s, kas nepiecie\u0161amas glob\u0101lajai tirdzniec\u012bbai. Katrs tulkojums tiek r\u016bp\u012bgi p\u0101rbaud\u012bts, lai nodro\u0161in\u0101tu t\u0101 atbilst\u012bbu viet\u0113jiem ties\u012bbu aktiem \u0137\u012bmisko vielu jom\u0101, terminolo\u0123ijai un format\u0113\u0161anas standartiem.<\/p>\n\n<h4 class=\"wp-block-heading\" id=\"h-compliance-verification\">\u2714 Atbilst\u012bbas verifik\u0101cija<\/h4>\n\n<p>Tulkojums nav tikai valoda, bet ar\u012b <strong>juridisk\u0101 precizit\u0101te<\/strong>. M\u016bsu regul\u0113juma ekspertu komanda p\u0101rbauda j\u016bsu MSDS, lai nodro\u0161in\u0101tu, ka tulkot\u0101 versija atbilst REACH un CLP pras\u012bb\u0101m, tostarp: <\/p>\n\n<ul class=\"wp-block-list\">\n<li>Harmoniz\u0113t\u0101 klasifik\u0101cija un mar\u0137\u0113\u0161ana<\/li>\n\n\n\n<li>UFI (unik\u0101l\u0101 formulas identifikatora) izvietojums un strukt\u016bra<\/li>\n\n\n\n<li>Ekspoz\u012bcijas scen\u0101riji (ja nepiecie\u0161ams)<\/li>\n\n\n\n<li>GHS piktogrammas, sign\u0101lv\u0101rdi un b\u012bstam\u012bbas apz\u012bm\u0113jumi<\/li>\n<\/ul>\n\n<h4 class=\"wp-block-heading\" id=\"h-sector-specific-terminology\">\u2714 Nozaru terminolo\u0123ija<\/h4>\n\n<p>M\u0113s specializ\u0113jamies nozar\u0113s, kur\u0101s nepiecie\u0161ama prec\u012bza terminolo\u0123ijas un regulat\u012bvo nian\u0161u izpratne. Tie ietver:<\/p>\n\n<ul class=\"wp-block-list\">\n<li><strong>Kosm\u0113tika un person\u012bg\u0101 higi\u0113na<\/strong><\/li>\n\n\n\n<li><strong>\u0112terisk\u0101s e\u013c\u013cas un smar\u017evielas<\/strong><\/li>\n\n\n\n<li><strong>M\u0101jsaimniec\u012bbas t\u012br\u012b\u0161anas l\u012bdzek\u013ci<\/strong><\/li>\n\n\n\n<li><strong>Kr\u0101sas un p\u0101rkl\u0101jumi<\/strong><\/li>\n\n\n\n<li><strong>Laboratorijas \u0137imik\u0101lijas<\/strong><\/li>\n\n\n\n<li><strong>R\u016bpniecisk\u0101s izejvielas<\/strong><\/li>\n<\/ul>\n\n<p>M\u016bsu tulkot\u0101ji ir jomas eksperti, nevis visp\u0101r\u012bgi speci\u0101listi, un tas noz\u012bm\u0113, ka vi\u0146i zina, k\u0101da ir at\u0161\u0137ir\u012bba starp virsmakt\u012bvo vielu un \u0161\u0137\u012bdin\u0101t\u0101ju un k\u0101p\u0113c tas ir svar\u012bgi klasifik\u0101cijai.<\/p>\n\n<h3 class=\"wp-block-heading\" id=\"h-why-choose-ufi-eu\">K\u0101p\u0113c izv\u0113l\u0113ties UFI.EU?<\/h3>\n\n<p>M\u0113s neesam tikai tulkot\u0101ji &#8211; m\u0113s esam ar\u012b normat\u012bv\u0101s atbilst\u012bbas speci\u0101listi. M\u016bsu komanda apvieno <strong>valodas izcil\u012bbu<\/strong> ar <strong>tehnisk\u0101m regul\u0113juma zin\u0101\u0161an\u0101m<\/strong>, t\u0101d\u0113j\u0101di m\u0113s esam unik\u0101l\u0101 poz\u012bcij\u0101, lai atbalst\u012btu j\u016bsu uz\u0146\u0113mumu vis\u0101 Eirop\u0101. <\/p>\n\n<h4 class=\"wp-block-heading\" id=\"h-fast-turnaround\">\u2705 \u0100tra apgroz\u012bba<\/h4>\n\n<p>M\u0113s saprotam, ka SDS dokumentiem bie\u017ei vien ir svar\u012bgs laiks. Neatkar\u012bgi no t\u0101, vai lai\u017eat klaj\u0101 jaunu produktu vai veicat starptautisku pieg\u0101di, m\u016bsu izpildes termi\u0146i ir izstr\u0101d\u0101ti t\u0101, lai j\u016bsu darb\u012bba norit\u0113tu raiti.<\/p>\n\n<h4 class=\"wp-block-heading\" id=\"h-competitive-pricing\">\u2705 Konkur\u0113tsp\u0113j\u012bgas cenas<\/h4>\n\n<p>M\u0113s pied\u0101v\u0101jam p\u0101rredzamu cenu noteik\u0161anu bez sl\u0113pt\u0101m maks\u0101m. M\u016bsu tarifi ir fiks\u0113ti, un j\u016bs varat ieg\u0101d\u0101ties tie\u0161i no m\u016bsu vietnes.<\/p>\n\n<h4 class=\"wp-block-heading\" id=\"h-confidentiality\">\u2705 Konfidencialit\u0101te<\/h4>\n\n<p>Visi j\u016bsu dokumenti tiek apstr\u0101d\u0101ti, iev\u0113rojot stingru konfidencialit\u0101ti. P\u0113c piepras\u012bjuma m\u0113s labpr\u0101t parakst\u0101m NDA, un visi failu p\u0101rs\u016bt\u012b\u0161anas procesi ir \u0161ifr\u0113ti un dro\u0161i.<\/p>\n\n<h3 class=\"wp-block-heading\" id=\"h-common-use-cases-for-our-msds-translation-service\">M\u016bsu MSDS tulko\u0161anas pakalpojuma bie\u017e\u0101kie izmanto\u0161anas gad\u012bjumi<\/h3>\n\n<p><strong>1. Kosm\u0113tikas sast\u0101vda\u013cu eksports:<\/strong><br\/>Ja esat \u0113terisko e\u013c\u013cu vai kosm\u0113tikas akt\u012bvo vielu pieg\u0101d\u0101t\u0101js un v\u0113laties eksport\u0113t uz Franciju, V\u0101ciju vai Sp\u0101niju, jums b\u016bs nepiecie\u0161ams MSDS tulkojums attiec\u012bgaj\u0101 valod\u0101, lai veiktu muito\u0161anu un nodro\u0161in\u0101tu atbilst\u012bbu ties\u012bbu aktiem.<\/p>\n\n<p><strong>2. Jauna t\u012br\u012b\u0161anas l\u012bdzek\u013ca lai\u0161ana tirg\u016b:<\/strong><br\/>Pirms m\u0101jsaimniec\u012bbas t\u012br\u012b\u0161anas l\u012bdzek\u013ca lai\u0161anas ES tirg\u016b ir j\u0101iesniedz SDS katra tirgus valsts valod\u0101. M\u016bsu komanda var iztulkot un apstiprin\u0101t j\u016bsu dokumentus vair\u0101k\u0101s jurisdikcij\u0101s. <\/p>\n\n<p><strong>3. PCN iesnieg\u0161anas atbalsts:<\/strong><br\/>Ja j\u016bsu SDS ietver UFI un j\u016bs iesniedzat pazi\u0146ojumu toksikolo\u0123ijas centram (PCN), j\u016bsu tulkotajai SDS j\u0101sakr\u012bt ar ECHA port\u0101l\u0101 iesniegtajiem datiem. M\u0113s pal\u012bdzam nodro\u0161in\u0101t atbilst\u012bbu starp j\u016bsu SDS, produkta eti\u0137eti un PCN. <\/p>\n\n<p><strong>4.<\/strong> Ja j\u016bsu uz\u0146\u0113mums nesen ir <strong>ieg\u0101d\u0101jies<\/strong> jaunas \u0137\u012bmisk\u0101s vielas no \u0101rvalstu pieg\u0101d\u0101t\u0101ja, m\u0113s varam iztulkot un lokaliz\u0113t SDS j\u016bsu iek\u0161\u0113j\u0101m komand\u0101m un klientiem.<br\/>.<\/p>\n\n<h3 class=\"wp-block-heading\" id=\"h-more-than-just-translation-additional-services\">Vair\u0101k nek\u0101 tikai tulko\u0161ana: Papildu pakalpojumi<\/h3>\n\n<p>L\u012bdztekus MSDS tulko\u0161anas pakalpojumiem UFI.EU pied\u0101v\u0101 ar\u012b:<\/p>\n\n<ul class=\"wp-block-list\">\n<li><strong><a href=\"https:\/\/www.ufi.eu\/pcn\/safety-data-sheet\/safety-data-sheet-creation\/\">MSDS izveide<\/a><\/strong> j\u016bsu produkta<\/li>\n\n\n\n<li><strong>UFI koda \u0123ener\u0113\u0161ana<\/strong> un izvieto\u0161ana uz eti\u0137et\u0113m<\/li>\n\n\n\n<li><strong><a href=\"https:\/\/www.ufi.eu\/pcn\/clp-label\/clp-label-creation-compliance-check\/\">CLP mar\u0137\u0113juma inform\u0101cija<\/a><\/strong> ar b\u012bstam\u012bbas piktogramm\u0101m, sign\u0101lv\u0101rdiem un b\u012bstam\u012bbas apz\u012bm\u0113jumiem viet\u0113j\u0101 valod\u0101.<\/li>\n\n\n\n<li><strong>PCN iesnieg\u0161anas pakalpojumi<\/strong> &#8211; piln\u012bgs atbalsts SDS datu aug\u0161upiel\u0101dei ECHA port\u0101l\u0101.<\/li>\n\n\n\n<li>Prepar\u0101tu <strong>toksikolo\u0123isk\u0101 pirmskontrole<\/strong> <\/li>\n\n\n\n<li><strong>Produktu re\u0123istr\u0101cijas atbalsts<\/strong> valsts toksikolo\u0123ijas centros<\/li>\n<\/ul>\n\n<p>\u0160\u012b pilna servisa pieeja nodro\u0161ina, ka j\u016bsu uz\u0146\u0113mumam ir <strong>viens uzticams partneris<\/strong> vis\u0101m \u0137\u012bmisk\u0101s dro\u0161\u012bbas un dokument\u0101cijas vajadz\u012bb\u0101m.<\/p>\n","protected":false},"excerpt":{"rendered":"<p>M\u016bsdienu globaliz\u0113taj\u0101 tirg\u016b atbilst\u012bba starptautiskajiem dro\u0161\u012bbas standartiem ir ne tikai juridiska nepiecie\u0161am\u012bba &#8211; t\u0101 ir b\u016btiska da\u013ca no atbild\u012bgas un efekt\u012bvas uz\u0146\u0113m\u0113jdarb\u012bbas veik\u0161anas. \u0136\u012bmijas un kosm\u0113tikas nozar\u0113 ir svar\u012bgi nodro\u0161in\u0101t prec\u012bzu un pieejamu dro\u0161\u012bbas inform\u0101cijas pazi\u0146o\u0161anu, lai nodro\u0161in\u0101tu atbilst\u012bbu normat\u012bvo aktu pras\u012bb\u0101m. Tie\u0161i \u0161eit UFI.EU iesaist\u0101s ar savu profesion\u0101lo MSDS tulko\u0161anas pakalpojumu, pied\u0101v\u0101jot prec\u012bzus, noteikumiem [&hellip;]<\/p>\n","protected":false},"featured_media":12537,"template":"","meta":[],"product_brand":[],"product_cat":[291],"product_tag":[],"class_list":{"0":"post-12474","1":"product","2":"type-product","3":"status-publish","4":"has-post-thumbnail","6":"product_cat-drosibas-datu-lapa","8":"first","9":"instock","10":"taxable","11":"shipping-taxable","12":"purchasable","13":"product-type-simple"},"bundled_by":["12838","13327","31732"],"bundle_stock_status":"instock","bundle_stock_quantity":null,"bundle_virtual":false,"bundle_layout":"","bundle_add_to_cart_form_location":"","bundle_editable_in_cart":false,"bundle_sold_individually_context":"","bundle_item_grouping":"","bundle_min_size":"","bundle_max_size":"","bundle_price":[],"bundled_items":[],"bundle_sell_ids":[],"yoast_head":"<!-- This site is optimized with the Yoast SEO Premium plugin v25.1 (Yoast SEO v25.1) - https:\/\/yoast.com\/wordpress\/plugins\/seo\/ -->\n<title>MSDS tulko\u0161anas pakalpojums - tulkot savu SDS dro\u0161\u012bbas datu lapu<\/title>\n<meta name=\"description\" content=\"M\u016bsu SDS un MSDS tulko\u0161anas pakalpojums nodro\u0161ina, ka j\u016bsu dokumenti ir ne tikai lingvistiski prec\u012bzi, bet ar\u012b piln\u012bb\u0101 atbilst pras\u012bb\u0101m.\" \/>\n<meta name=\"robots\" content=\"index, follow, max-snippet:-1, max-image-preview:large, max-video-preview:-1\" \/>\n<link rel=\"canonical\" href=\"https:\/\/www.ufi.eu\/lv\/product\/drosibas-datu-lapas-tulkojums\/\" \/>\n<meta property=\"og:locale\" content=\"lv_LV\" \/>\n<meta property=\"og:type\" content=\"article\" \/>\n<meta property=\"og:title\" content=\"Dro\u0161\u012bbas datu lapas valoda\" \/>\n<meta property=\"og:description\" content=\"M\u016bsu SDS un MSDS tulko\u0161anas pakalpojums nodro\u0161ina, ka j\u016bsu dokumenti ir ne tikai lingvistiski prec\u012bzi, bet ar\u012b piln\u012bb\u0101 atbilst pras\u012bb\u0101m.\" \/>\n<meta property=\"og:url\" content=\"https:\/\/www.ufi.eu\/lv\/product\/drosibas-datu-lapas-tulkojums\/\" \/>\n<meta property=\"og:site_name\" content=\"UFI\" \/>\n<meta property=\"article:modified_time\" content=\"2026-02-12T11:23:57+00:00\" \/>\n<meta property=\"og:image\" content=\"https:\/\/www.ufi.eu\/wp-content\/uploads\/2025\/03\/eu.jpg\" \/>\n\t<meta property=\"og:image:width\" content=\"800\" \/>\n\t<meta property=\"og:image:height\" content=\"800\" \/>\n\t<meta property=\"og:image:type\" content=\"image\/jpeg\" \/>\n<meta name=\"twitter:card\" content=\"summary_large_image\" \/>\n<meta name=\"twitter:label1\" content=\"Price\" \/>\n\t<meta name=\"twitter:data1\" content=\"&euro;50.00\" \/>\n\t<meta name=\"twitter:label2\" content=\"Availability\" \/>\n\t<meta name=\"twitter:data2\" content=\"In stock\" \/>\n<script type=\"application\/ld+json\" class=\"yoast-schema-graph\">{\"@context\":\"https:\/\/schema.org\",\"@graph\":[{\"@type\":\"WebPage\",\"@id\":\"https:\/\/www.ufi.eu\/lv\/product\/drosibas-datu-lapas-tulkojums\/\",\"url\":\"https:\/\/www.ufi.eu\/lv\/product\/drosibas-datu-lapas-tulkojums\/\",\"name\":\"MSDS tulko\u0161anas pakalpojums - tulkot savu SDS dro\u0161\u012bbas datu lapu\",\"isPartOf\":{\"@id\":\"https:\/\/www.ufi.eu\/lv\/#website\"},\"primaryImageOfPage\":{\"@id\":\"https:\/\/www.ufi.eu\/lv\/product\/drosibas-datu-lapas-tulkojums\/#primaryimage\"},\"image\":{\"@id\":\"https:\/\/www.ufi.eu\/lv\/product\/drosibas-datu-lapas-tulkojums\/#primaryimage\"},\"thumbnailUrl\":\"https:\/\/www.ufi.eu\/wp-content\/uploads\/2025\/03\/eu.jpg\",\"datePublished\":\"2025-04-15T19:34:07+00:00\",\"dateModified\":\"2026-02-12T11:23:57+00:00\",\"description\":\"M\u016bsu SDS un MSDS tulko\u0161anas pakalpojums nodro\u0161ina, ka j\u016bsu dokumenti ir ne tikai lingvistiski prec\u012bzi, bet ar\u012b piln\u012bb\u0101 atbilst pras\u012bb\u0101m.\",\"breadcrumb\":{\"@id\":\"https:\/\/www.ufi.eu\/lv\/product\/drosibas-datu-lapas-tulkojums\/#breadcrumb\"},\"inLanguage\":\"lv-LV\",\"potentialAction\":[{\"@type\":\"ReadAction\",\"target\":[\"https:\/\/www.ufi.eu\/lv\/product\/drosibas-datu-lapas-tulkojums\/\"]}]},{\"@type\":\"ImageObject\",\"inLanguage\":\"lv-LV\",\"@id\":\"https:\/\/www.ufi.eu\/lv\/product\/drosibas-datu-lapas-tulkojums\/#primaryimage\",\"url\":\"https:\/\/www.ufi.eu\/wp-content\/uploads\/2025\/03\/eu.jpg\",\"contentUrl\":\"https:\/\/www.ufi.eu\/wp-content\/uploads\/2025\/03\/eu.jpg\",\"width\":800,\"height\":800},{\"@type\":\"BreadcrumbList\",\"@id\":\"https:\/\/www.ufi.eu\/lv\/product\/drosibas-datu-lapas-tulkojums\/#breadcrumb\",\"itemListElement\":[{\"@type\":\"ListItem\",\"position\":1,\"name\":\"Home\",\"item\":\"https:\/\/www.ufi.eu\/lv\/sakums\/\"},{\"@type\":\"ListItem\",\"position\":2,\"name\":\"Veikals\",\"item\":\"https:\/\/www.ufi.eu\/lv\/veikals\/\"},{\"@type\":\"ListItem\",\"position\":3,\"name\":\"Dro\u0161\u012bbas datu lapas valoda\"}]},{\"@type\":\"WebSite\",\"@id\":\"https:\/\/www.ufi.eu\/lv\/#website\",\"url\":\"https:\/\/www.ufi.eu\/lv\/\",\"name\":\"UFI.EU\",\"description\":\"Poison Centre Notifications (PCN) and UFI\",\"publisher\":{\"@id\":\"https:\/\/www.ufi.eu\/lv\/#organization\"},\"potentialAction\":[{\"@type\":\"SearchAction\",\"target\":{\"@type\":\"EntryPoint\",\"urlTemplate\":\"https:\/\/www.ufi.eu\/lv\/?s={search_term_string}\"},\"query-input\":{\"@type\":\"PropertyValueSpecification\",\"valueRequired\":true,\"valueName\":\"search_term_string\"}}],\"inLanguage\":\"lv-LV\"},{\"@type\":\"Organization\",\"@id\":\"https:\/\/www.ufi.eu\/lv\/#organization\",\"name\":\"UFI.EU\",\"url\":\"https:\/\/www.ufi.eu\/lv\/\",\"logo\":{\"@type\":\"ImageObject\",\"inLanguage\":\"lv-LV\",\"@id\":\"https:\/\/www.ufi.eu\/lv\/#\/schema\/logo\/image\/\",\"url\":\"https:\/\/www.ufi.eu\/wp-content\/uploads\/2025\/03\/cropped-logo_ufi3.jpg\",\"contentUrl\":\"https:\/\/www.ufi.eu\/wp-content\/uploads\/2025\/03\/cropped-logo_ufi3.jpg\",\"width\":231,\"height\":78,\"caption\":\"UFI.EU\"},\"image\":{\"@id\":\"https:\/\/www.ufi.eu\/lv\/#\/schema\/logo\/image\/\"},\"description\":\"UFI.eu specializes in digital registrations for Poison Centre Notifications (PCN), ensuring your chemical products meet EU regulatory requirements effortlessly. Our streamlined solutions help businesses stay compliant while reducing complexity and administrative burden.\",\"email\":\"info@ufi.eu\",\"legalName\":\"UFI.EU\"}]}<\/script>\n<meta property=\"product:price:amount\" content=\"50.00\" \/>\n<meta property=\"product:price:currency\" content=\"EUR\" \/>\n<meta property=\"og:availability\" content=\"instock\" \/>\n<meta property=\"product:availability\" content=\"instock\" \/>\n<meta property=\"product:condition\" content=\"new\" \/>\n<!-- \/ Yoast SEO Premium plugin. -->","yoast_head_json":{"title":"MSDS tulko\u0161anas pakalpojums - tulkot savu SDS dro\u0161\u012bbas datu lapu","description":"M\u016bsu SDS un MSDS tulko\u0161anas pakalpojums nodro\u0161ina, ka j\u016bsu dokumenti ir ne tikai lingvistiski prec\u012bzi, bet ar\u012b piln\u012bb\u0101 atbilst pras\u012bb\u0101m.","robots":{"index":"index","follow":"follow","max-snippet":"max-snippet:-1","max-image-preview":"max-image-preview:large","max-video-preview":"max-video-preview:-1"},"canonical":"https:\/\/www.ufi.eu\/lv\/product\/drosibas-datu-lapas-tulkojums\/","og_locale":"lv_LV","og_type":"article","og_title":"Dro\u0161\u012bbas datu lapas valoda","og_description":"M\u016bsu SDS un MSDS tulko\u0161anas pakalpojums nodro\u0161ina, ka j\u016bsu dokumenti ir ne tikai lingvistiski prec\u012bzi, bet ar\u012b piln\u012bb\u0101 atbilst pras\u012bb\u0101m.","og_url":"https:\/\/www.ufi.eu\/lv\/product\/drosibas-datu-lapas-tulkojums\/","og_site_name":"UFI","article_modified_time":"2026-02-12T11:23:57+00:00","og_image":[{"width":800,"height":800,"url":"https:\/\/www.ufi.eu\/wp-content\/uploads\/2025\/03\/eu.jpg","type":"image\/jpeg"}],"twitter_card":"summary_large_image","twitter_misc":{"Price":"&euro;50.00","Availability":"In stock"},"schema":{"@context":"https:\/\/schema.org","@graph":[{"@type":"WebPage","@id":"https:\/\/www.ufi.eu\/lv\/product\/drosibas-datu-lapas-tulkojums\/","url":"https:\/\/www.ufi.eu\/lv\/product\/drosibas-datu-lapas-tulkojums\/","name":"MSDS tulko\u0161anas pakalpojums - tulkot savu SDS dro\u0161\u012bbas datu lapu","isPartOf":{"@id":"https:\/\/www.ufi.eu\/lv\/#website"},"primaryImageOfPage":{"@id":"https:\/\/www.ufi.eu\/lv\/product\/drosibas-datu-lapas-tulkojums\/#primaryimage"},"image":{"@id":"https:\/\/www.ufi.eu\/lv\/product\/drosibas-datu-lapas-tulkojums\/#primaryimage"},"thumbnailUrl":"https:\/\/www.ufi.eu\/wp-content\/uploads\/2025\/03\/eu.jpg","datePublished":"2025-04-15T19:34:07+00:00","dateModified":"2026-02-12T11:23:57+00:00","description":"M\u016bsu SDS un MSDS tulko\u0161anas pakalpojums nodro\u0161ina, ka j\u016bsu dokumenti ir ne tikai lingvistiski prec\u012bzi, bet ar\u012b piln\u012bb\u0101 atbilst pras\u012bb\u0101m.","breadcrumb":{"@id":"https:\/\/www.ufi.eu\/lv\/product\/drosibas-datu-lapas-tulkojums\/#breadcrumb"},"inLanguage":"lv-LV","potentialAction":[{"@type":"ReadAction","target":["https:\/\/www.ufi.eu\/lv\/product\/drosibas-datu-lapas-tulkojums\/"]}]},{"@type":"ImageObject","inLanguage":"lv-LV","@id":"https:\/\/www.ufi.eu\/lv\/product\/drosibas-datu-lapas-tulkojums\/#primaryimage","url":"https:\/\/www.ufi.eu\/wp-content\/uploads\/2025\/03\/eu.jpg","contentUrl":"https:\/\/www.ufi.eu\/wp-content\/uploads\/2025\/03\/eu.jpg","width":800,"height":800},{"@type":"BreadcrumbList","@id":"https:\/\/www.ufi.eu\/lv\/product\/drosibas-datu-lapas-tulkojums\/#breadcrumb","itemListElement":[{"@type":"ListItem","position":1,"name":"Home","item":"https:\/\/www.ufi.eu\/lv\/sakums\/"},{"@type":"ListItem","position":2,"name":"Veikals","item":"https:\/\/www.ufi.eu\/lv\/veikals\/"},{"@type":"ListItem","position":3,"name":"Dro\u0161\u012bbas datu lapas valoda"}]},{"@type":"WebSite","@id":"https:\/\/www.ufi.eu\/lv\/#website","url":"https:\/\/www.ufi.eu\/lv\/","name":"UFI.EU","description":"Poison Centre Notifications (PCN) and UFI","publisher":{"@id":"https:\/\/www.ufi.eu\/lv\/#organization"},"potentialAction":[{"@type":"SearchAction","target":{"@type":"EntryPoint","urlTemplate":"https:\/\/www.ufi.eu\/lv\/?s={search_term_string}"},"query-input":{"@type":"PropertyValueSpecification","valueRequired":true,"valueName":"search_term_string"}}],"inLanguage":"lv-LV"},{"@type":"Organization","@id":"https:\/\/www.ufi.eu\/lv\/#organization","name":"UFI.EU","url":"https:\/\/www.ufi.eu\/lv\/","logo":{"@type":"ImageObject","inLanguage":"lv-LV","@id":"https:\/\/www.ufi.eu\/lv\/#\/schema\/logo\/image\/","url":"https:\/\/www.ufi.eu\/wp-content\/uploads\/2025\/03\/cropped-logo_ufi3.jpg","contentUrl":"https:\/\/www.ufi.eu\/wp-content\/uploads\/2025\/03\/cropped-logo_ufi3.jpg","width":231,"height":78,"caption":"UFI.EU"},"image":{"@id":"https:\/\/www.ufi.eu\/lv\/#\/schema\/logo\/image\/"},"description":"UFI.eu specializes in digital registrations for Poison Centre Notifications (PCN), ensuring your chemical products meet EU regulatory requirements effortlessly. Our streamlined solutions help businesses stay compliant while reducing complexity and administrative burden.","email":"info@ufi.eu","legalName":"UFI.EU"}]},"product_price_amount":"50.00","product_price_currency":"EUR","og_availability":"instock","product_availability":"instock","product_condition":"new"},"_links":{"self":[{"href":"https:\/\/www.ufi.eu\/lv\/wp-json\/wp\/v2\/product\/12474","targetHints":{"allow":["GET"]}}],"collection":[{"href":"https:\/\/www.ufi.eu\/lv\/wp-json\/wp\/v2\/product"}],"about":[{"href":"https:\/\/www.ufi.eu\/lv\/wp-json\/wp\/v2\/types\/product"}],"wp:featuredmedia":[{"embeddable":true,"href":"https:\/\/www.ufi.eu\/lv\/wp-json\/wp\/v2\/media\/12537"}],"wp:attachment":[{"href":"https:\/\/www.ufi.eu\/lv\/wp-json\/wp\/v2\/media?parent=12474"}],"wp:term":[{"taxonomy":"product_brand","embeddable":true,"href":"https:\/\/www.ufi.eu\/lv\/wp-json\/wp\/v2\/product_brand?post=12474"},{"taxonomy":"product_cat","embeddable":true,"href":"https:\/\/www.ufi.eu\/lv\/wp-json\/wp\/v2\/product_cat?post=12474"},{"taxonomy":"product_tag","embeddable":true,"href":"https:\/\/www.ufi.eu\/lv\/wp-json\/wp\/v2\/product_tag?post=12474"}],"curies":[{"name":"wp","href":"https:\/\/api.w.org\/{rel}","templated":true}]}}