{"id":31709,"date":"2025-09-24T14:37:24","date_gmt":"2025-09-24T14:37:24","guid":{"rendered":"https:\/\/www.ufi.eu\/product\/visos-eee-salys-pcn-registracijos-paketui\/"},"modified":"2025-09-24T14:37:34","modified_gmt":"2025-09-24T14:37:34","slug":"visos-eee-salys-pcn-registracijos-paketui","status":"publish","type":"product","link":"https:\/\/www.ufi.eu\/lt\/product\/visos-eee-salys-pcn-registracijos-paketui\/","title":{"rendered":"Visos EEE \u0161alys PCN registracijos paketui"},"content":{"rendered":"\n<h2 class=\"wp-block-heading\" id=\"h-launch-your-product-across-europe-with-ease\">Lengvai paleiskite savo produkt\u0105 visoje Europoje<\/h2>\n\n<p>Registruojant gamin\u012f ES prane\u0161imui apie apsinuodijim\u0173 centr\u0105 (PCN), kiekvienoje \u0161alyje, kurioje planuojate prekiauti, reikia pateikti informacij\u0105 atitinkamai nacionalinei institucijai. Naudodamiesi m\u016bs\u0173 PCN registracija ES \u0161alyse, galite pasirinkti tikslias \u0161alis, kuriose norite pateikti savo produkt\u0105 rinkai, ir tai suteikia jums visi\u0161k\u0105 lankstum\u0105 ir galimyb\u0119 kontroliuoti savo rinkos pasiekiamum\u0105.<\/p>\n\n<h2 class=\"wp-block-heading\" id=\"h-what-you-re-purchasing\">K\u0105 perkate<\/h2>\n\n<p>\u0160is produktas yra <strong>visoms EEE \u0161alims skirtas paketas<\/strong>. \u0160iuos 30 \u017eeton\u0173 galima naudoti <strong>su bet kuria PCN registracija<\/strong>, kuri\u0105 atliekate pas mus. \u012esigijus, \u0161alys <strong>\u012ftraukiamos \u012f <a href=\"https:\/\/www.ufi.eu\/my-account\/points\/\">j\u016bs\u0173 PCN \u0161ali\u0173 s\u0105ra\u0161\u0105<\/a><\/strong> ir gali b\u016bti taikomos pildant m\u016bs\u0173 <strong>PCN pri\u0117mimo form\u0105<\/strong> j\u016bs\u0173 produktui.  <\/p>\n\n<p><strong>Taip pat tur\u0117site <a href=\"https:\/\/www.ufi.eu\/shop\/\">\u012fsigyti savo gaminio PKN<\/a>. \u0160is gaminys yra tik laisva \u0161alis, o ne PCN. <\/strong><\/p>\n\n<h4 class=\"wp-block-heading\">\u2705 Kaip tai veikia:<\/h4>\n\n<ol class=\"wp-block-list\">\n<li>Nustatykite <strong>\u0161alis, kuriose<\/strong> planuojate prekiauti.<\/li>\n\n\n\n<li>\u012esigykite <strong>\u0161alies \u017eeton\u0173<\/strong> skai\u010di\u0173.<\/li>\n\n\n\n<li><a href=\"https:\/\/www.ufi.eu\/lt\/naujas-produktas\/\">Pateikite mums savo gaminio pri\u0117mimo form\u0105<\/a>.<\/li>\n\n\n\n<li>Tiesiog priskirkite \u0161alis, kuriose norite, kad pateiktume j\u016bs\u0173 gamin\u012f PCN pateikti.<\/li>\n\n\n\n<li>\u0160alies simbolis i\u0161skai\u010diuojamas i\u0161 bendros sumos, kai pateikiate mums savo form\u0105.<\/li>\n<\/ol>\n\n<p>Nesvarbu, ar paleid\u017eiate vien\u0105 produkt\u0105, ar valdote vis\u0105 portfel\u012f, <strong> <a href=\"https:\/\/www.ufi.eu\/my-account\/points\/\">\u012fsigytus \u0161alies \u017eetonus<\/a><\/strong> galite <strong>naudoti<\/strong> \u012fvairiose PCN parai\u0161kose &#8211; taip sutaupysite laiko, u\u017etikrinsite atitikt\u012f ir be vargo i\u0161pl\u0117site savo dalyvavim\u0105 ES rinkoje.<\/p>\n\n<h3 class=\"wp-block-heading\" id=\"h-supported-eu-countries\">Remiamos ES \u0161alys<\/h3>\n\n<p>ES yra 27 \u0161alys, o EEE &#8211; 30 (ES+Lichten\u0161teinas, Norvegija ir Islandija) Portale galite pasirinkti vien\u0105 i\u0161 \u0161i\u0173 \u0161ali\u0173:<\/p>\n\n<figure class=\"wp-block-table\"><table class=\"has-fixed-layout\"><tbody><tr><td>Belgija<\/td><td>(BE)<\/td><td>Ispanija<\/td><td>(ES)<\/td><td>Vengrija<\/td><td>(HU)<\/td><td>Slovakija<\/td><td>(SK)<\/td><\/tr><tr><td>Bulgarija<\/td><td>(BG)<\/td><td>Pranc\u016bzija<\/td><td>(FR)<\/td><td>Malta<\/td><td>(MT)<\/td><td>Suomija<\/td><td>(FI)<\/td><\/tr><tr><td>\u010cekija<\/td><td>(CZ)<\/td><td>Kroatija<\/td><td>(HR)<\/td><td>Nyderlandai<\/td><td>(NL)<\/td><td>\u0160vedija<\/td><td>(SE)<\/td><\/tr><tr><td>Danija<\/td><td>(DK)<\/td><td>Italija<\/td><td>(IT)<\/td><td>Austrija<\/td><td>(AT)<\/td><td>Vokietija<\/td><td>(DE)<\/td><\/tr><tr><td>Kipras<\/td><td>(CY)<\/td><td>Lenkija<\/td><td>(PL)<\/td><td>Islandija<\/td><td>(IS)<\/td><td>Estija<\/td><td>(EE)<\/td><\/tr><tr><td>Latvija<\/td><td>(LV)<\/td><td>Portugalija<\/td><td>(PT)<\/td><td>Lichten\u0161teinas<\/td><td>(LI)<\/td><td>Airija<\/td><td>(IE)<\/td><\/tr><tr><td>Lietuva<\/td><td>(LT)<\/td><td>Rumunija<\/td><td>(RO)<\/td><td>Norvegija<\/td><td>(NE)<\/td><td>Graikija<\/td><td>(EL)<\/td><\/tr><tr><td>Liuksemburgas<\/td><td>(LU)<\/td><td>Slov\u0117nija<\/td><td>(SI)<\/td><td>\u0160veicarija*<\/td><td>(CH)<\/td><td><\/td><td><\/td><\/tr><\/tbody><\/table><\/figure>\n\n<p>*\u0160veicarijai galime sukurti PCN byl\u0105 su visa reikiama informacija, kad gal\u0117tum\u0117te pateikti parai\u0161k\u0105 \u0160veicarijos portale. Susisiekite su mumis d\u0117l daugiau informacijos. <\/p>\n\n<h2 class=\"wp-block-heading\" id=\"h-example-of-how-it-works\">Veikimo pavyzdys<\/h2>\n\n<p><strong>Pranc\u016bzijoje, Vokietijoje ir Ispanijoje<\/strong> pristatote nauj\u0105 valymo priemon\u0119. Tiesiog \u012fsigykite tris \u0161alis. U\u017epildydami PCN pri\u0117mimo form\u0105 su mumis, priskirsime tuos \u0161alies \u017eetonus produktui &#8211; taip u\u017etikrinsime teisin\u0119 atitikt\u012f visose trijose rinkose be atskiro pateikimo r\u016bpes\u010di\u0173.  <\/p>\n\n<p><\/p>\n","protected":false},"excerpt":{"rendered":"<p>Lengvai paleiskite savo produkt\u0105 visoje Europoje Registruojant gamin\u012f ES prane\u0161imui apie apsinuodijim\u0173 centr\u0105 (PCN), kiekvienoje \u0161alyje, kurioje planuojate prekiauti, reikia pateikti informacij\u0105 atitinkamai nacionalinei institucijai. Naudodamiesi m\u016bs\u0173 PCN registracija ES \u0161alyse, galite pasirinkti tikslias \u0161alis, kuriose norite pateikti savo produkt\u0105 rinkai, ir tai suteikia jums visi\u0161k\u0105 lankstum\u0105 ir galimyb\u0119 kontroliuoti savo rinkos pasiekiamum\u0105. K\u0105 perkate [&hellip;]<\/p>\n","protected":false},"featured_media":12539,"template":"","meta":[],"product_brand":[],"product_cat":[294],"product_tag":[],"class_list":{"0":"post-31709","1":"product","2":"type-product","3":"status-publish","4":"has-post-thumbnail","6":"product_cat-saugos-duomenu-lapas","8":"first","9":"instock","10":"taxable","11":"shipping-taxable","12":"purchasable","13":"product-type-simple"},"bundled_by":["31745"],"bundle_stock_status":"instock","bundle_stock_quantity":null,"bundle_virtual":false,"bundle_layout":"","bundle_add_to_cart_form_location":"","bundle_editable_in_cart":false,"bundle_sold_individually_context":"","bundle_item_grouping":"","bundle_min_size":"","bundle_max_size":"","bundle_price":[],"bundled_items":[],"bundle_sell_ids":[],"yoast_head":"<!-- This site is optimized with the Yoast SEO Premium plugin v25.1 (Yoast SEO v25.1) - https:\/\/yoast.com\/wordpress\/plugins\/seo\/ -->\n<title>Visos EEE \u0161alys PCN registracijos paketui - UFI<\/title>\n<meta name=\"description\" content=\"\u0160is produktas yra visoms EEE \u0161alims skirtas paketas. \u0160iuos 30 \u017eeton\u0173 galima naudoti su bet kuria PCN registracija, kuri\u0105 atliekate pas mus. \u012esigijus, \u0161alys \u012ftraukiamos \u012f j\u016bs\u0173 PCN \u0161ali\u0173 s\u0105ra\u0161\u0105 ir gali b\u016bti taikomos pildant m\u016bs\u0173 PCN pri\u0117mimo form\u0105 j\u016bs\u0173 produktui.\" \/>\n<meta name=\"robots\" content=\"index, follow, max-snippet:-1, max-image-preview:large, max-video-preview:-1\" \/>\n<link rel=\"canonical\" href=\"https:\/\/www.ufi.eu\/lt\/product\/visos-eee-salys-pcn-registracijos-paketui\/\" \/>\n<meta property=\"og:locale\" content=\"lt_LT\" \/>\n<meta property=\"og:type\" content=\"article\" \/>\n<meta property=\"og:title\" content=\"Visos EEE \u0161alys PCN registracijos paketui\" \/>\n<meta property=\"og:description\" content=\"\u0160is produktas yra visoms EEE \u0161alims skirtas paketas. \u0160iuos 30 \u017eeton\u0173 galima naudoti su bet kuria PCN registracija, kuri\u0105 atliekate pas mus. \u012esigijus, \u0161alys \u012ftraukiamos \u012f j\u016bs\u0173 PCN \u0161ali\u0173 s\u0105ra\u0161\u0105 ir gali b\u016bti taikomos pildant m\u016bs\u0173 PCN pri\u0117mimo form\u0105 j\u016bs\u0173 produktui.\" \/>\n<meta property=\"og:url\" content=\"https:\/\/www.ufi.eu\/lt\/product\/visos-eee-salys-pcn-registracijos-paketui\/\" \/>\n<meta property=\"og:site_name\" content=\"UFI\" \/>\n<meta property=\"article:modified_time\" content=\"2025-09-24T14:37:34+00:00\" \/>\n<meta property=\"og:image\" content=\"https:\/\/www.ufi.eu\/wp-content\/uploads\/2025\/03\/eu.jpg\" \/>\n\t<meta property=\"og:image:width\" content=\"800\" \/>\n\t<meta property=\"og:image:height\" content=\"800\" \/>\n\t<meta property=\"og:image:type\" content=\"image\/jpeg\" \/>\n<meta name=\"twitter:card\" content=\"summary_large_image\" \/>\n<meta name=\"twitter:label1\" content=\"Price\" \/>\n\t<meta name=\"twitter:data1\" content=\"&euro;415.00\" \/>\n\t<meta name=\"twitter:label2\" content=\"Availability\" \/>\n\t<meta name=\"twitter:data2\" content=\"In stock\" \/>\n<script type=\"application\/ld+json\" class=\"yoast-schema-graph\">{\"@context\":\"https:\/\/schema.org\",\"@graph\":[{\"@type\":\"WebPage\",\"@id\":\"https:\/\/www.ufi.eu\/lt\/product\/visos-eee-salys-pcn-registracijos-paketui\/\",\"url\":\"https:\/\/www.ufi.eu\/lt\/product\/visos-eee-salys-pcn-registracijos-paketui\/\",\"name\":\"Visos EEE \u0161alys PCN registracijos paketui - UFI\",\"isPartOf\":{\"@id\":\"https:\/\/www.ufi.eu\/lt\/#website\"},\"primaryImageOfPage\":{\"@id\":\"https:\/\/www.ufi.eu\/lt\/product\/visos-eee-salys-pcn-registracijos-paketui\/#primaryimage\"},\"image\":{\"@id\":\"https:\/\/www.ufi.eu\/lt\/product\/visos-eee-salys-pcn-registracijos-paketui\/#primaryimage\"},\"thumbnailUrl\":\"https:\/\/www.ufi.eu\/wp-content\/uploads\/2025\/03\/eu.jpg\",\"datePublished\":\"2025-09-24T14:37:24+00:00\",\"dateModified\":\"2025-09-24T14:37:34+00:00\",\"description\":\"\u0160is produktas yra visoms EEE \u0161alims skirtas paketas. \u0160iuos 30 \u017eeton\u0173 galima naudoti su bet kuria PCN registracija, kuri\u0105 atliekate pas mus. \u012esigijus, \u0161alys \u012ftraukiamos \u012f j\u016bs\u0173 PCN \u0161ali\u0173 s\u0105ra\u0161\u0105 ir gali b\u016bti taikomos pildant m\u016bs\u0173 PCN pri\u0117mimo form\u0105 j\u016bs\u0173 produktui.\",\"breadcrumb\":{\"@id\":\"https:\/\/www.ufi.eu\/lt\/product\/visos-eee-salys-pcn-registracijos-paketui\/#breadcrumb\"},\"inLanguage\":\"lt-LT\",\"potentialAction\":[{\"@type\":\"ReadAction\",\"target\":[\"https:\/\/www.ufi.eu\/lt\/product\/visos-eee-salys-pcn-registracijos-paketui\/\"]}]},{\"@type\":\"ImageObject\",\"inLanguage\":\"lt-LT\",\"@id\":\"https:\/\/www.ufi.eu\/lt\/product\/visos-eee-salys-pcn-registracijos-paketui\/#primaryimage\",\"url\":\"https:\/\/www.ufi.eu\/wp-content\/uploads\/2025\/03\/eu.jpg\",\"contentUrl\":\"https:\/\/www.ufi.eu\/wp-content\/uploads\/2025\/03\/eu.jpg\",\"width\":800,\"height\":800},{\"@type\":\"BreadcrumbList\",\"@id\":\"https:\/\/www.ufi.eu\/lt\/product\/visos-eee-salys-pcn-registracijos-paketui\/#breadcrumb\",\"itemListElement\":[{\"@type\":\"ListItem\",\"position\":1,\"name\":\"Home\",\"item\":\"https:\/\/www.ufi.eu\/lt\/pagrindinis\/\"},{\"@type\":\"ListItem\",\"position\":2,\"name\":\"Parduotuv\u0117\",\"item\":\"https:\/\/www.ufi.eu\/lt\/parduotuve\/\"},{\"@type\":\"ListItem\",\"position\":3,\"name\":\"Visos EEE \u0161alys PCN registracijos paketui\"}]},{\"@type\":\"WebSite\",\"@id\":\"https:\/\/www.ufi.eu\/lt\/#website\",\"url\":\"https:\/\/www.ufi.eu\/lt\/\",\"name\":\"UFI.EU\",\"description\":\"Poison Centre Notifications (PCN) and UFI\",\"publisher\":{\"@id\":\"https:\/\/www.ufi.eu\/lt\/#organization\"},\"potentialAction\":[{\"@type\":\"SearchAction\",\"target\":{\"@type\":\"EntryPoint\",\"urlTemplate\":\"https:\/\/www.ufi.eu\/lt\/?s={search_term_string}\"},\"query-input\":{\"@type\":\"PropertyValueSpecification\",\"valueRequired\":true,\"valueName\":\"search_term_string\"}}],\"inLanguage\":\"lt-LT\"},{\"@type\":\"Organization\",\"@id\":\"https:\/\/www.ufi.eu\/lt\/#organization\",\"name\":\"UFI.EU\",\"url\":\"https:\/\/www.ufi.eu\/lt\/\",\"logo\":{\"@type\":\"ImageObject\",\"inLanguage\":\"lt-LT\",\"@id\":\"https:\/\/www.ufi.eu\/lt\/#\/schema\/logo\/image\/\",\"url\":\"https:\/\/www.ufi.eu\/wp-content\/uploads\/2025\/03\/cropped-logo_ufi3.jpg\",\"contentUrl\":\"https:\/\/www.ufi.eu\/wp-content\/uploads\/2025\/03\/cropped-logo_ufi3.jpg\",\"width\":231,\"height\":78,\"caption\":\"UFI.EU\"},\"image\":{\"@id\":\"https:\/\/www.ufi.eu\/lt\/#\/schema\/logo\/image\/\"},\"description\":\"UFI.eu specializes in digital registrations for Poison Centre Notifications (PCN), ensuring your chemical products meet EU regulatory requirements effortlessly. Our streamlined solutions help businesses stay compliant while reducing complexity and administrative burden.\",\"email\":\"info@ufi.eu\",\"legalName\":\"UFI.EU\"}]}<\/script>\n<meta property=\"product:price:amount\" content=\"415.00\" \/>\n<meta property=\"product:price:currency\" content=\"EUR\" \/>\n<meta property=\"og:availability\" content=\"instock\" \/>\n<meta property=\"product:availability\" content=\"instock\" \/>\n<meta property=\"product:condition\" content=\"new\" \/>\n<!-- \/ Yoast SEO Premium plugin. -->","yoast_head_json":{"title":"Visos EEE \u0161alys PCN registracijos paketui - UFI","description":"\u0160is produktas yra visoms EEE \u0161alims skirtas paketas. \u0160iuos 30 \u017eeton\u0173 galima naudoti su bet kuria PCN registracija, kuri\u0105 atliekate pas mus. \u012esigijus, \u0161alys \u012ftraukiamos \u012f j\u016bs\u0173 PCN \u0161ali\u0173 s\u0105ra\u0161\u0105 ir gali b\u016bti taikomos pildant m\u016bs\u0173 PCN pri\u0117mimo form\u0105 j\u016bs\u0173 produktui.","robots":{"index":"index","follow":"follow","max-snippet":"max-snippet:-1","max-image-preview":"max-image-preview:large","max-video-preview":"max-video-preview:-1"},"canonical":"https:\/\/www.ufi.eu\/lt\/product\/visos-eee-salys-pcn-registracijos-paketui\/","og_locale":"lt_LT","og_type":"article","og_title":"Visos EEE \u0161alys PCN registracijos paketui","og_description":"\u0160is produktas yra visoms EEE \u0161alims skirtas paketas. \u0160iuos 30 \u017eeton\u0173 galima naudoti su bet kuria PCN registracija, kuri\u0105 atliekate pas mus. \u012esigijus, \u0161alys \u012ftraukiamos \u012f j\u016bs\u0173 PCN \u0161ali\u0173 s\u0105ra\u0161\u0105 ir gali b\u016bti taikomos pildant m\u016bs\u0173 PCN pri\u0117mimo form\u0105 j\u016bs\u0173 produktui.","og_url":"https:\/\/www.ufi.eu\/lt\/product\/visos-eee-salys-pcn-registracijos-paketui\/","og_site_name":"UFI","article_modified_time":"2025-09-24T14:37:34+00:00","og_image":[{"width":800,"height":800,"url":"https:\/\/www.ufi.eu\/wp-content\/uploads\/2025\/03\/eu.jpg","type":"image\/jpeg"}],"twitter_card":"summary_large_image","twitter_misc":{"Price":"&euro;415.00","Availability":"In stock"},"schema":{"@context":"https:\/\/schema.org","@graph":[{"@type":"WebPage","@id":"https:\/\/www.ufi.eu\/lt\/product\/visos-eee-salys-pcn-registracijos-paketui\/","url":"https:\/\/www.ufi.eu\/lt\/product\/visos-eee-salys-pcn-registracijos-paketui\/","name":"Visos EEE \u0161alys PCN registracijos paketui - UFI","isPartOf":{"@id":"https:\/\/www.ufi.eu\/lt\/#website"},"primaryImageOfPage":{"@id":"https:\/\/www.ufi.eu\/lt\/product\/visos-eee-salys-pcn-registracijos-paketui\/#primaryimage"},"image":{"@id":"https:\/\/www.ufi.eu\/lt\/product\/visos-eee-salys-pcn-registracijos-paketui\/#primaryimage"},"thumbnailUrl":"https:\/\/www.ufi.eu\/wp-content\/uploads\/2025\/03\/eu.jpg","datePublished":"2025-09-24T14:37:24+00:00","dateModified":"2025-09-24T14:37:34+00:00","description":"\u0160is produktas yra visoms EEE \u0161alims skirtas paketas. \u0160iuos 30 \u017eeton\u0173 galima naudoti su bet kuria PCN registracija, kuri\u0105 atliekate pas mus. \u012esigijus, \u0161alys \u012ftraukiamos \u012f j\u016bs\u0173 PCN \u0161ali\u0173 s\u0105ra\u0161\u0105 ir gali b\u016bti taikomos pildant m\u016bs\u0173 PCN pri\u0117mimo form\u0105 j\u016bs\u0173 produktui.","breadcrumb":{"@id":"https:\/\/www.ufi.eu\/lt\/product\/visos-eee-salys-pcn-registracijos-paketui\/#breadcrumb"},"inLanguage":"lt-LT","potentialAction":[{"@type":"ReadAction","target":["https:\/\/www.ufi.eu\/lt\/product\/visos-eee-salys-pcn-registracijos-paketui\/"]}]},{"@type":"ImageObject","inLanguage":"lt-LT","@id":"https:\/\/www.ufi.eu\/lt\/product\/visos-eee-salys-pcn-registracijos-paketui\/#primaryimage","url":"https:\/\/www.ufi.eu\/wp-content\/uploads\/2025\/03\/eu.jpg","contentUrl":"https:\/\/www.ufi.eu\/wp-content\/uploads\/2025\/03\/eu.jpg","width":800,"height":800},{"@type":"BreadcrumbList","@id":"https:\/\/www.ufi.eu\/lt\/product\/visos-eee-salys-pcn-registracijos-paketui\/#breadcrumb","itemListElement":[{"@type":"ListItem","position":1,"name":"Home","item":"https:\/\/www.ufi.eu\/lt\/pagrindinis\/"},{"@type":"ListItem","position":2,"name":"Parduotuv\u0117","item":"https:\/\/www.ufi.eu\/lt\/parduotuve\/"},{"@type":"ListItem","position":3,"name":"Visos EEE \u0161alys PCN registracijos paketui"}]},{"@type":"WebSite","@id":"https:\/\/www.ufi.eu\/lt\/#website","url":"https:\/\/www.ufi.eu\/lt\/","name":"UFI.EU","description":"Poison Centre Notifications (PCN) and UFI","publisher":{"@id":"https:\/\/www.ufi.eu\/lt\/#organization"},"potentialAction":[{"@type":"SearchAction","target":{"@type":"EntryPoint","urlTemplate":"https:\/\/www.ufi.eu\/lt\/?s={search_term_string}"},"query-input":{"@type":"PropertyValueSpecification","valueRequired":true,"valueName":"search_term_string"}}],"inLanguage":"lt-LT"},{"@type":"Organization","@id":"https:\/\/www.ufi.eu\/lt\/#organization","name":"UFI.EU","url":"https:\/\/www.ufi.eu\/lt\/","logo":{"@type":"ImageObject","inLanguage":"lt-LT","@id":"https:\/\/www.ufi.eu\/lt\/#\/schema\/logo\/image\/","url":"https:\/\/www.ufi.eu\/wp-content\/uploads\/2025\/03\/cropped-logo_ufi3.jpg","contentUrl":"https:\/\/www.ufi.eu\/wp-content\/uploads\/2025\/03\/cropped-logo_ufi3.jpg","width":231,"height":78,"caption":"UFI.EU"},"image":{"@id":"https:\/\/www.ufi.eu\/lt\/#\/schema\/logo\/image\/"},"description":"UFI.eu specializes in digital registrations for Poison Centre Notifications (PCN), ensuring your chemical products meet EU regulatory requirements effortlessly. Our streamlined solutions help businesses stay compliant while reducing complexity and administrative burden.","email":"info@ufi.eu","legalName":"UFI.EU"}]},"product_price_amount":"415.00","product_price_currency":"EUR","og_availability":"instock","product_availability":"instock","product_condition":"new"},"_links":{"self":[{"href":"https:\/\/www.ufi.eu\/lt\/wp-json\/wp\/v2\/product\/31709","targetHints":{"allow":["GET"]}}],"collection":[{"href":"https:\/\/www.ufi.eu\/lt\/wp-json\/wp\/v2\/product"}],"about":[{"href":"https:\/\/www.ufi.eu\/lt\/wp-json\/wp\/v2\/types\/product"}],"wp:featuredmedia":[{"embeddable":true,"href":"https:\/\/www.ufi.eu\/lt\/wp-json\/wp\/v2\/media\/12539"}],"wp:attachment":[{"href":"https:\/\/www.ufi.eu\/lt\/wp-json\/wp\/v2\/media?parent=31709"}],"wp:term":[{"taxonomy":"product_brand","embeddable":true,"href":"https:\/\/www.ufi.eu\/lt\/wp-json\/wp\/v2\/product_brand?post=31709"},{"taxonomy":"product_cat","embeddable":true,"href":"https:\/\/www.ufi.eu\/lt\/wp-json\/wp\/v2\/product_cat?post=31709"},{"taxonomy":"product_tag","embeddable":true,"href":"https:\/\/www.ufi.eu\/lt\/wp-json\/wp\/v2\/product_tag?post=31709"}],"curies":[{"name":"wp","href":"https:\/\/api.w.org\/{rel}","templated":true}]}}