{"id":22729,"date":"2025-03-20T08:24:33","date_gmt":"2025-04-17T10:49:26","guid":{"rendered":"https:\/\/www.ufi.eu\/pcn\/be-kategorijos\/pcn-ir-ufi-indaploviu-druskai\/"},"modified":"2025-04-17T10:49:26","modified_gmt":"2025-04-17T10:49:26","slug":"pcn-ir-ufi-indaploviu-druskai","status":"publish","type":"product","link":"https:\/\/www.ufi.eu\/lt\/product\/pcn-ir-ufi-indaploviu-druskai\/","title":{"rendered":"PCN ir UFI indaplovi\u0173 druskai"},"content":{"rendered":"<h2>Kaip veikia UFI k\u016brimo ir prane\u0161imo apie PCN paslauga?<\/h2>\n<p>\u012esigij\u0119 \u0161i\u0105 paslaug\u0105, gausite prieig\u0105 prie saugaus portalo. \u0160iame portale pateikiama vis\u0173 \u017eingsni\u0173 ap\u017evalga.  U\u017epildykite gaminio informacij\u0105 ir mes imsim\u0117s darbo.<\/p>\n<h3>Prane\u0161imas apie apsinuodijim\u0173 centr\u0105 ir UFI<\/h3>\n<p>Mes suteiksime:<\/p>\n<ul>\n<li>J\u016bs\u0173 gaminio unikalus formul\u0117s identifikatorius (UFI)<\/li>\n<li>Prane\u0161imas apie apsinuodijim\u0173 centro prane\u0161im\u0105 (PCN)<\/li>\n<li>J\u016bs\u0173 gaminio registracija atitinkamuose nacionaliniuose apsinuodijim\u0173 centruose per ECHA.<\/li>\n<\/ul>\n<h3>PCN registracijos \u0161alys<\/h3>\n<p>Galite suskai\u010diuoti \u0161ali\u0173, kuriose norite u\u017eregistruoti savo gamin\u012f, skai\u010di\u0173. Tai yra \u0161ali\u0173, kurias turite \u012fsigyti, skai\u010dius.  Portale gal\u0117site pasirinkti konkre\u010dias \u0161alis. Jei v\u0117liau planuojate i\u0161pl\u0117sti savo gamini\u0173 pardavim\u0105 \u012f naujas \u0161alis, visada galite u\u017esisakyti papildom\u0173 <a href=\"https:\/\/www.ufi.eu\/lt\/pcn\/salys\/pcn-registracijos-salys\/\" target=\"_blank\" title=\"PCN \u0161ali\u0173 registracijos\">PCN \u0161ali\u0173 registracij\u0173<\/a>.<br \/>ES yra 27 \u0161alys, o EEE &#8211; 30 (ES + Lichten\u0161teinas, Norvegija ir Islandija) Portale galite pasirinkti \u0161ias \u0161alis: <\/p>\n<table cellpadding=\"2\" cellspacing=\"0\" border=\"1\">\n<tbody>\n<tr>\n<td>Belgija<\/td>\n<td>(BE)<\/td>\n<td>Ispanija<\/td>\n<td>(ES)<\/td>\n<td>Vengrija<\/td>\n<td>(HU)<\/td>\n<td>Slovakija<\/td>\n<td>(SK)<\/td>\n<\/tr>\n<tr>\n<td>Bulgarija<\/td>\n<td>(BG)<\/td>\n<td>Pranc\u016bzija<\/td>\n<td>(FR)<\/td>\n<td>Malta<\/td>\n<td>(MT)<\/td>\n<td>Suomija<\/td>\n<td>(FI)<\/td>\n<\/tr>\n<tr>\n<td>\u010cekija<\/td>\n<td>(CZ)<\/td>\n<td>Kroatija<\/td>\n<td>(HR)<\/td>\n<td>Nyderlandai<\/td>\n<td>(NL)<\/td>\n<td>\u0160vedija<\/td>\n<td>(SE)<\/td>\n<\/tr>\n<tr>\n<td>Danija<\/td>\n<td>(DK)<\/td>\n<td>Italija<\/td>\n<td>(IT)<\/td>\n<td>Austrija<\/td>\n<td>(AT)<\/td>\n<td>Vokietija<\/td>\n<td>(DE)<\/td>\n<\/tr>\n<tr>\n<td>Kipras<\/td>\n<td>(CY)<\/td>\n<td>Lenkija<\/td>\n<td>(PL)<\/td>\n<td>Islandija<\/td>\n<td>(IS)<\/td>\n<td>Estija<\/td>\n<td>(EE)<\/td>\n<\/tr>\n<tr>\n<td>Latvija<\/td>\n<td>(LV)<\/td>\n<td>Portugalija<\/td>\n<td>(PT)<\/td>\n<td>Lichten\u0161teinas<\/td>\n<td>(LI)<\/td>\n<td>Airija<\/td>\n<td>(IE)<\/td>\n<\/tr>\n<tr>\n<td>Lietuva<\/td>\n<td>(LT)<\/td>\n<td>Rumunija<\/td>\n<td>(RO)<\/td>\n<td>Norvegija<\/td>\n<td>(NE)<\/td>\n<td>Graikija<\/td>\n<td>(EL)<\/td>\n<\/tr>\n<tr>\n<td>Liuksemburgas<\/td>\n<td>(LU)<\/td>\n<td>Slov\u0117nija<\/td>\n<td>(SI)<\/td>\n<td>\u0160veicarija*<\/td>\n<td>(CH)<\/td>\n<td><\/td>\n<td><\/td>\n<\/tr>\n<\/tbody>\n<\/table>\n<p>*\u0160veicarijai galime sukurti PCN byl\u0105 su visa reikiama informacija, kad gal\u0117tum\u0117te pateikti parai\u0161k\u0105 \u0160veicarijos portale. Susisiekite su mumis d\u0117l daugiau informacijos. <\/p>\n<h3>CLP etiket\u0117s informacija<\/h3>\n<p>Si\u016blome galimyb\u0119 \u012fsigyti CLP reikalavimus atitinkan\u010di\u0105 gaminio etiket\u0119, kurioje pateikiama visa privaloma informacija, kaip reikalaujama pagal ES CLP reglament\u0105. Ji bus pateikta PDF formatu.  Tai n\u0117ra projektas, o reikalingos informacijos santrauka. Taip gal\u0117site \u012ftraukti reikiam\u0105 informacij\u0105 \u012f gaminio etiket\u0117s dizain\u0105. <a href=\"https:\/\/www.ufi.eu\/lt\/pcn\/clp-etikete\/clp-etiketes-kurimas-ir-atitikties-patikra\/\" target=\"_blank\" title=\"CLP etiket\u0117Creation\">CLP etiket\u0117s k\u016brim\u0105<\/a> taip pat galite u\u017esisakyti atskirai. Jau turite etiket\u0119? &#8211; Galime atlikti j\u016bs\u0173 <a href=\"https:\/\/www.ufi.eu\/lt\/pcn\/clp-etikete\/clp-etiketes-kurimas-ir-atitikties-patikra\/\" target=\"_blank\" title=\"CLP etiket\u0117s atitikties patikra\">etiket\u0117s atitikties CLP reikalavimams patikrinim\u0105<\/a> pagal galiojan\u010dius CLP reikalavimus. Pateiksime i\u0161samias pastabas ir pataisymus, kad j\u016bs\u0173 etiket\u0117 atitikt\u0173 visus teis\u0117s akt\u0173 reikalavimus.     <\/p>\n<h2>Prane\u0161imas apsinuodijim\u0173 centrui apie indaplov\u0117s drusk\u0105<\/h2>\n<p>Indaplovi\u0173 druska, daugiausia naudojama vandeniui mink\u0161tinti ir automatini\u0173 indaplovi\u0173 plovimo efektyvumui pagerinti, gali atrodyti nekenksminga, ta\u010diau joje gali b\u016bti pried\u0173 ar priemai\u0161\u0173, d\u0117l kuri\u0173 pagal ES reglamentus ji laikoma pavojinga. Jei indaplovi\u0173 druska atitinka pavojingumo klasifikavimo kriterijus, apie j\u0105 reikia prane\u0161ti Apsinuodijim\u0173 centrui (PCN). Pateikdami PCN, gamintojai ir platintojai leid\u017eia apsinuodijim\u0173 centrams gauti informacij\u0105 apie gaminio chemin\u0119 sud\u0117t\u012f, pavojingum\u0105 ir atitinkamas pirmosios pagalbos priemones, kad b\u016bt\u0173 galima greitai ir tiksliai patarti atsitiktinio poveikio ar netinkamo naudojimo atvejais.  <\/p>\n<h3>Kas yra UFI?<\/h3>\n<p>Unikalios formul\u0117s identifikatorius (UFI) yra 16 simboli\u0173 raidinis-skaitmeninis kodas, kuriuo pavojingas produktas unikaliai susiejamas su konkre\u010dia jo chemine sud\u0117timi. Ind\u0173 plovimo druskos, klasifikuojamos kaip pavojinga, UFI turi b\u016bti ai\u0161kiai matomas gaminio etiket\u0117je, paprastai \u0161alia pavojingumo simboli\u0173 ar saugos instrukcij\u0173. Atsitikus nelaimei, apsinuodijim\u0173 centrai nurodo \u0161\u012f kod\u0105, kad nustatyt\u0173 tiksli\u0105 produkto sud\u0117t\u012f ir pateikt\u0173 teisingas medicinines ar pirmosios pagalbos rekomendacijas.  <\/p>\n<h3>Kas yra PCN?<\/h3>\n<p>Prane\u0161imas apie apsinuodijimus (PCN) yra teisi\u0161kai privalomas prane\u0161imas, kur\u012f pagal ES teis\u0119 reikia pateikti apie pavojingais laikomus cheminius mi\u0161inius. Pateikus PCN d\u0117l ind\u0173 ploviklio druskos, apsinuodijim\u0173 centrai gaus svarbiausi\u0105 informacij\u0105 apie produkto sud\u0117t\u012f, pavojingumo klasifikacij\u0105, pakuot\u0119 ir rekomenduojamus pirmosios pagalbos veiksmus. \u0160ios \u017einios leid\u017eia sveikatos prie\u017ei\u016bros specialistams ir greitosios pagalbos darbuotojams greitai ir tiksliai veikti atsitiktinio poveikio atveju.  <\/p>\n<h3>Kas yra CLP?<\/h3>\n<p>Klasifikavimo, \u017eenklinimo ir pakavimo (CLP) reglamentu suderinama, kaip chemin\u0117s med\u017eiagos klasifikuojamos ir \u017eenklinamos visose ES valstyb\u0117se nar\u0117se. Jei ind\u0173 ploviklio druska atitinka pavojingumo klasifikavimo kriterijus, ant jos pakuot\u0117s turi b\u016bti nurodyti atitinkami pavojaus simboliai, atsargumo fraz\u0117s ir UFI. \u0160i \u017eenklinimo sistema padeda naudotojams atpa\u017einti visus galimus pavojus ir laikytis saugaus elgesio rekomendacij\u0173.  <\/p>\n<h3>Kas yra Apsinuodijim\u0173 centras?<\/h3>\n<p>Apsinuodijim\u0173 centras &#8211; tai koordinuotas nacionalini\u0173 apsinuodijim\u0173 centr\u0173 tinklas, teikiantis skubias medicinines konsultacijas chemini\u0173 med\u017eiag\u0173 poveikio atvejais. Registruodami pavojing\u0105 ind\u0173 plovimo drusk\u0105 su PCN, gamintojai u\u017etikrina, kad \u0161ie centrai i\u0161 karto gaus prieig\u0105 prie svarbiausi\u0173 produkto saugos duomen\u0173 &#8211; tai labai padidina skubios pagalbos tikslum\u0105 ir greit\u012f \u012fvykus incidentui. <\/p>\n<h3>Kod\u0117l to reikia?<\/h3>\n<p>Nors ind\u0173 plovimo druska paprastai laikoma nesud\u0117tingu produktu, tam tikros sud\u0117tys ar priemai\u0161os gali kelti pavoj\u0173 sveikatai, jei j\u0173 b\u016bt\u0173 nuryta, \u012fkv\u0117pta arba patekt\u0173 ant odos ar \u012f akis. Pateikus PCN, apsinuodijim\u0173 centrai gali greitai gauti i\u0161sami\u0105 informacij\u0105 apie saug\u0105, taip suma\u017einama \u017eala ir suderinama su ES reglamentais, kuriais skatinami nuosekl\u016bs saugos standartai. <\/p>\n<h3>Nuo kada tai privaloma pagal \u012fstatym\u0105?<\/h3>\n<p>Nuo 2021 m. sausio 1 d. visi produktai, klasifikuojami kaip pavojingi, \u012fskaitant indaplovi\u0173 drusk\u0105, pagal ES CLP taisykles turi b\u016bti registruojami naudojant PCN. \u0160ia priemone u\u017etikrinamas nuoseklus reagavimas \u012f ekstremalias situacijas ir saugos priemon\u0117s visose valstyb\u0117se nar\u0117se. <\/p>\n<h2>DUK<\/h2>\n<h3>Klausimas: Ar visiems indaplovi\u0173 druskos produktams reikalingas PCN?<\/h3>\n<p>Atsakymas: Tik produktams, kurie pagal CLP reglament\u0105 klasifikuojami kaip pavojingi, reikalingas PCN. Nepavojingoms indaplovi\u0173 druskoms registruoti nereikia. <\/p>\n<h3>Klausimas: Kur etiket\u0117je tur\u0117t\u0173 b\u016bti nurodytas UFI?<\/h3>\n<p>Atsakymas: Paprastai UFI spausdinamas \u0161alia pavojingumo simboli\u0173 arba atsargumo frazi\u0173, kad, kilus nelaimei, apsinuodijim\u0173 centrai gal\u0117t\u0173 j\u012f greitai atpa\u017einti.<\/p>\n<h3>Klausimas: Kokia informacija pateikiama PCN u\u017e indaplov\u0117s drusk\u0105?<\/h3>\n<p>Atsakymas: PCN pateikiama produkto chemin\u0117 sud\u0117tis, pavojingumo klasifikacija, pakuot\u0117s specifika, naudojimo instrukcijos ir rekomenduojamos pirmosios pagalbos priemon\u0117s, padedan\u010dios apsinuodijim\u0173 centrams efektyviai reaguoti \u012f atsitiktin\u012f s\u0105lyt\u012f.<\/p>\n<h3>Klausimas: Kas atsakingas u\u017e PCN pateikim\u0105?<\/h3>\n<p>Atsakymas: Paprastai gamintojas, importuotojas ar platintojas, pateikiantis pavojing\u0105 gamin\u012f \u012f ES rink\u0105, yra atsakingas u\u017e PCN pateikim\u0105, jei gaminys atitinka pavojingumo klasifikavimo kriterijus.<\/p>\n<h3>Klausimas: Kokios nuobaudos taikomos, jei nepateikiu PCN, kai to reikalaujama?<\/h3>\n<p>Atsakymas: U\u017e reikalavim\u0173 nesilaikym\u0105 gali b\u016bti taikomos teisin\u0117s sankcijos, \u012fskaitant baudas, produkt\u0173 at\u0161aukim\u0105 arba draudim\u0105 prekiauti ES, kol bus \u012fvykdyti PCN \u012fsipareigojimai.<\/p>\n<h3>Klausimas: Kada \u012fsigaliojo PCN reikalavimas pavojingiems produktams?<\/h3>\n<p>Atsakymas: \u0160is reikalavimas \u012fsigaliojo 2021 m. sausio 1 d. kaip ES CLP reglamento dalis, taikoma visiems pavojingiems cheminiams mi\u0161iniams.<\/p>\n<h3>Klausimas: Kiek laiko u\u017etrunka pateikti UFI ir PCN prane\u0161im\u0105?<\/h3>\n<p>Mums prireiks keli\u0173 dien\u0173 darbo. Kai tik \u012fkelsite dokumentus, i\u0161 karto prad\u0117sime darb\u0105. <\/p>\n<h3>Klausimas: Ar a\u0161 esu PCN prane\u0161imo savininkas?<\/h3>\n<p>Taip, j\u016bs esate prane\u0161imo apie PCN savininkas. Jums i\u0161lieka visa j\u016bs\u0173 pateikt\u0173 duomen\u0173 nuosavyb\u0117.  PCN prane\u0161im\u0105 gal\u0117site rasti savo ECHA paskyroje.<\/p>\n<h3>Klausimas: Ar \u0161i paslauga skirta vienam produktui, ar daugiau?<\/h3>\n<p>Paslauga teikiama vienam produktui.<\/p>\n<h3>Klausimas: Kod\u0117l turiu mok\u0117ti u\u017e UFI suk\u016brim\u0105?<\/h3>\n<p>M\u016bs\u0173 si\u016bloma paslauga &#8211; tai ne tik UFI teikimas. UFI yra daug platesnio proceso sudedamoji dalis.  Pagrindin\u0117 m\u016bs\u0173 teikiama paslauga &#8211; tai prane\u0161imo apie apsinuodijim\u0105 (PCN) parengimas ir pateikimas nacionalin\u0117ms paskirtoms \u012fstaigoms per ECHA portal\u0105, kuris yra privalomas reikalavimas pagal ES CLP reglament\u0105 teikiant pavojingus mi\u0161inius \u012f rink\u0105. UFI parengimas yra papras\u010diausia dalis.  Ta\u010diau PCN ataskaita yra sud\u0117tinga. Joje reikalaujama i\u0161samios sudedam\u0173j\u0173 dali\u0173 ap\u017evalgos &#8211; chemini\u0173 med\u017eiag\u0173 klasifikacijos, kuri turi b\u016bti tiksliai suformatuota, kad b\u016bt\u0173 pateikta apsinuodijim\u0173 centrui per ECHA. <\/p>\n<h3>Klausimas: Kaip galiu pateikti PKN?<\/h3>\n<p>Si\u016blome sprendim\u0105 \u012fmon\u0117ms, kurios n\u0117ra \u012fsik\u016brusios ES. Daugiau informacijos rasite <a href=\"https:\/\/www.ufi.eu\/lt\/pcn\/uz-es-ribu\/pcn-ir-ufi-ne-es-bendrovems\/\" target=\"_blank\" rel=\"noopener\">PCN ir UFI ne ES \u012fmon\u0117ms skirtame<\/a> puslapyje. <\/p>\n<h3>Klausimas: Ar galite pateikti saugos duomen\u0173 lapus, visi\u0161kai atitinkan\u010dius ES reglament\u0105 (REACH ir CLP)?<\/h3>\n<p>Taip, galime <a href=\"https:\/\/www.ufi.eu\/lt\/pcn\/saugos-duomenu-lapas\/saugos-duomenu-lapu-msds-sds-kurimo-paslauga\/\" target=\"_blank\"><strong>sukurti saugos duomen\u0173 lapus (SDS)<\/strong><\/a>&#8211; dar vadinamus <strong>med\u017eiag\u0173 saugos duomen\u0173 lapais (MSDS)<\/strong>&#8211; pritaikytus j\u016bs\u0173 gaminiui ir atitinkan\u010dius naujausius ES reglamentus. Nesvarbu, ar gaminate cheminius mi\u0161inius, importuojate produktus \u012f ES, ar platinate juos su priva\u010dia etikete, teis\u0117s aktais reikalaujami ir saugiam naudojimui visoje tiekimo grandin\u0117je b\u016btini reikalavimus atitinkantys SDS. Daugiau informacijos rasite <a href=\"https:\/\/www.ufi.eu\/lt\/pcn\/saugos-duomenu-lapas\/saugos-duomenu-lapu-msds-sds-kurimo-paslauga\/\" target=\"_blank\">Saugos duomen\u0173 lap\u0173 (MSDS\/SDS) k\u016brimo paslaugos<\/a> puslapyje.  <\/p>\n","protected":false},"excerpt":{"rendered":"<p>Kaip veikia UFI k\u016brimo ir prane\u0161imo apie PCN paslauga? \u012esigij\u0119 \u0161i\u0105 paslaug\u0105, gausite prieig\u0105 prie saugaus portalo. \u0160iame portale pateikiama vis\u0173 \u017eingsni\u0173 ap\u017evalga. U\u017epildykite gaminio informacij\u0105 ir mes imsim\u0117s darbo. Prane\u0161imas apie apsinuodijim\u0173 centr\u0105 ir UFI Mes suteiksime: J\u016bs\u0173 gaminio unikalus formul\u0117s identifikatorius (UFI) Prane\u0161imas apie apsinuodijim\u0173 centro prane\u0161im\u0105 (PCN) J\u016bs\u0173 gaminio registracija atitinkamuose nacionaliniuose [&hellip;]<\/p>\n","protected":false},"featured_media":22730,"template":"","meta":[],"product_brand":[],"product_cat":[1152],"product_tag":[],"class_list":{"0":"post-22729","1":"product","2":"type-product","3":"status-publish","4":"has-post-thumbnail","6":"product_cat-pagalbines-indu-plovimo-priemones","8":"first","9":"instock","10":"virtual","11":"taxable","12":"purchasable","13":"product-type-bundle"},"bundled_by":[],"bundle_stock_status":"instock","bundle_stock_quantity":"","bundle_virtual":false,"bundle_layout":"default","bundle_add_to_cart_form_location":"default","bundle_editable_in_cart":false,"bundle_sold_individually_context":"product","bundle_item_grouping":"parent","bundle_min_size":"","bundle_max_size":"","bundle_price":{"price":{"min":{"incl_tax":"121","excl_tax":"100"},"max":{"incl_tax":"","excl_tax":""}},"regular_price":{"min":{"incl_tax":"121","excl_tax":"100"},"max":{"incl_tax":"","excl_tax":""}}},"bundled_items":[{"bundled_item_id":11460,"product_id":12549,"menu_order":0,"quantity_min":1,"quantity_max":1,"quantity_default":1,"priced_individually":true,"shipped_individually":false,"override_title":false,"title":null,"override_description":false,"description":null,"optional":false,"hide_thumbnail":false,"discount":"","override_variations":false,"allowed_variations":[""],"override_default_variation_attributes":false,"default_variation_attributes":[],"single_product_visibility":"visible","cart_visibility":"visible","order_visibility":"visible","single_product_price_visibility":"visible","cart_price_visibility":"visible","order_price_visibility":"visible","stock_status":"in_stock"},{"bundled_item_id":11461,"product_id":12536,"menu_order":1,"quantity_min":1,"quantity_max":"","quantity_default":1,"priced_individually":true,"shipped_individually":false,"override_title":false,"title":null,"override_description":false,"description":null,"optional":false,"hide_thumbnail":false,"discount":"","override_variations":false,"allowed_variations":[""],"override_default_variation_attributes":false,"default_variation_attributes":[],"single_product_visibility":"visible","cart_visibility":"visible","order_visibility":"visible","single_product_price_visibility":"visible","cart_price_visibility":"visible","order_price_visibility":"visible","stock_status":"in_stock"}],"bundle_sell_ids":[],"yoast_head":"<!-- This site is optimized with the Yoast SEO Premium plugin v25.1 (Yoast SEO v25.1) - https:\/\/yoast.com\/wordpress\/plugins\/seo\/ -->\n<title>PCN ir UFI indaplovi\u0173 druskai - UFI<\/title>\n<meta name=\"description\" content=\"Gaukite PCN ir UFI u\u017e indaplov\u0117s drusk\u0105. U\u017etikrinkite ES apsinuodijim\u0173 centro atitikt\u012f ES teis\u0117s aktams, naudodamiesi m\u016bs\u0173 greita ir patikima prane\u0161imo paslauga!\" \/>\n<meta name=\"robots\" content=\"index, follow, max-snippet:-1, max-image-preview:large, max-video-preview:-1\" \/>\n<link rel=\"canonical\" href=\"https:\/\/www.ufi.eu\/lt\/product\/pcn-ir-ufi-indaploviu-druskai\/\" \/>\n<meta property=\"og:locale\" content=\"lt_LT\" \/>\n<meta property=\"og:type\" content=\"article\" \/>\n<meta property=\"og:title\" content=\"PCN ir UFI indaplovi\u0173 druskai\" \/>\n<meta property=\"og:description\" content=\"Gaukite PCN ir UFI u\u017e indaplov\u0117s drusk\u0105. U\u017etikrinkite ES apsinuodijim\u0173 centro atitikt\u012f ES teis\u0117s aktams, naudodamiesi m\u016bs\u0173 greita ir patikima prane\u0161imo paslauga!\" \/>\n<meta property=\"og:url\" content=\"https:\/\/www.ufi.eu\/lt\/product\/pcn-ir-ufi-indaploviu-druskai\/\" \/>\n<meta property=\"og:site_name\" content=\"UFI\" \/>\n<meta property=\"og:image\" content=\"https:\/\/www.ufi.eu\/wp-content\/uploads\/2025\/03\/PC-DET-4_1.jpg\" \/>\n\t<meta property=\"og:image:width\" content=\"1024\" \/>\n\t<meta property=\"og:image:height\" content=\"1024\" \/>\n\t<meta property=\"og:image:type\" content=\"image\/jpeg\" \/>\n<meta name=\"twitter:card\" content=\"summary_large_image\" \/>\n<meta name=\"twitter:label1\" content=\"Price\" \/>\n\t<meta name=\"twitter:data1\" content=\"&euro;0.00\" \/>\n\t<meta name=\"twitter:label2\" content=\"Availability\" \/>\n\t<meta name=\"twitter:data2\" content=\"In stock\" \/>\n<script type=\"application\/ld+json\" class=\"yoast-schema-graph\">{\"@context\":\"https:\/\/schema.org\",\"@graph\":[{\"@type\":\"WebPage\",\"@id\":\"https:\/\/www.ufi.eu\/lt\/product\/pcn-ir-ufi-indaploviu-druskai\/\",\"url\":\"https:\/\/www.ufi.eu\/lt\/product\/pcn-ir-ufi-indaploviu-druskai\/\",\"name\":\"PCN ir UFI indaplovi\u0173 druskai - UFI\",\"isPartOf\":{\"@id\":\"https:\/\/www.ufi.eu\/lt\/#website\"},\"primaryImageOfPage\":{\"@id\":\"https:\/\/www.ufi.eu\/lt\/product\/pcn-ir-ufi-indaploviu-druskai\/#primaryimage\"},\"image\":{\"@id\":\"https:\/\/www.ufi.eu\/lt\/product\/pcn-ir-ufi-indaploviu-druskai\/#primaryimage\"},\"thumbnailUrl\":\"https:\/\/www.ufi.eu\/wp-content\/uploads\/2025\/03\/PC-DET-4_1.jpg\",\"datePublished\":\"2025-04-17T10:49:26+00:00\",\"description\":\"Gaukite PCN ir UFI u\u017e indaplov\u0117s drusk\u0105. U\u017etikrinkite ES apsinuodijim\u0173 centro atitikt\u012f ES teis\u0117s aktams, naudodamiesi m\u016bs\u0173 greita ir patikima prane\u0161imo paslauga!\",\"breadcrumb\":{\"@id\":\"https:\/\/www.ufi.eu\/lt\/product\/pcn-ir-ufi-indaploviu-druskai\/#breadcrumb\"},\"inLanguage\":\"lt-LT\",\"potentialAction\":[{\"@type\":\"ReadAction\",\"target\":[\"https:\/\/www.ufi.eu\/lt\/product\/pcn-ir-ufi-indaploviu-druskai\/\"]}]},{\"@type\":\"ImageObject\",\"inLanguage\":\"lt-LT\",\"@id\":\"https:\/\/www.ufi.eu\/lt\/product\/pcn-ir-ufi-indaploviu-druskai\/#primaryimage\",\"url\":\"https:\/\/www.ufi.eu\/wp-content\/uploads\/2025\/03\/PC-DET-4_1.jpg\",\"contentUrl\":\"https:\/\/www.ufi.eu\/wp-content\/uploads\/2025\/03\/PC-DET-4_1.jpg\",\"width\":1024,\"height\":1024},{\"@type\":\"BreadcrumbList\",\"@id\":\"https:\/\/www.ufi.eu\/lt\/product\/pcn-ir-ufi-indaploviu-druskai\/#breadcrumb\",\"itemListElement\":[{\"@type\":\"ListItem\",\"position\":1,\"name\":\"Home\",\"item\":\"https:\/\/www.ufi.eu\/lt\/pagrindinis\/\"},{\"@type\":\"ListItem\",\"position\":2,\"name\":\"Parduotuv\u0117\",\"item\":\"https:\/\/www.ufi.eu\/lt\/parduotuve\/\"},{\"@type\":\"ListItem\",\"position\":3,\"name\":\"PCN ir UFI indaplovi\u0173 druskai\"}]},{\"@type\":\"WebSite\",\"@id\":\"https:\/\/www.ufi.eu\/lt\/#website\",\"url\":\"https:\/\/www.ufi.eu\/lt\/\",\"name\":\"UFI.EU\",\"description\":\"Poison Centre Notifications (PCN) and UFI\",\"publisher\":{\"@id\":\"https:\/\/www.ufi.eu\/lt\/#organization\"},\"potentialAction\":[{\"@type\":\"SearchAction\",\"target\":{\"@type\":\"EntryPoint\",\"urlTemplate\":\"https:\/\/www.ufi.eu\/lt\/?s={search_term_string}\"},\"query-input\":{\"@type\":\"PropertyValueSpecification\",\"valueRequired\":true,\"valueName\":\"search_term_string\"}}],\"inLanguage\":\"lt-LT\"},{\"@type\":\"Organization\",\"@id\":\"https:\/\/www.ufi.eu\/lt\/#organization\",\"name\":\"UFI.EU\",\"url\":\"https:\/\/www.ufi.eu\/lt\/\",\"logo\":{\"@type\":\"ImageObject\",\"inLanguage\":\"lt-LT\",\"@id\":\"https:\/\/www.ufi.eu\/lt\/#\/schema\/logo\/image\/\",\"url\":\"https:\/\/www.ufi.eu\/wp-content\/uploads\/2025\/03\/cropped-logo_ufi3.jpg\",\"contentUrl\":\"https:\/\/www.ufi.eu\/wp-content\/uploads\/2025\/03\/cropped-logo_ufi3.jpg\",\"width\":231,\"height\":78,\"caption\":\"UFI.EU\"},\"image\":{\"@id\":\"https:\/\/www.ufi.eu\/lt\/#\/schema\/logo\/image\/\"},\"description\":\"UFI.eu specializes in digital registrations for Poison Centre Notifications (PCN), ensuring your chemical products meet EU regulatory requirements effortlessly. Our streamlined solutions help businesses stay compliant while reducing complexity and administrative burden.\",\"email\":\"info@ufi.eu\",\"legalName\":\"UFI.EU\"}]}<\/script>\n<meta property=\"product:price:amount\" content=\"0.00\" \/>\n<meta property=\"product:price:currency\" content=\"EUR\" \/>\n<meta property=\"og:availability\" content=\"instock\" \/>\n<meta property=\"product:availability\" content=\"instock\" \/>\n<meta property=\"product:retailer_item_id\" content=\"PC-DET-4_1\" \/>\n<meta property=\"product:condition\" content=\"new\" \/>\n<!-- \/ Yoast SEO Premium plugin. -->","yoast_head_json":{"title":"PCN ir UFI indaplovi\u0173 druskai - UFI","description":"Gaukite PCN ir UFI u\u017e indaplov\u0117s drusk\u0105. U\u017etikrinkite ES apsinuodijim\u0173 centro atitikt\u012f ES teis\u0117s aktams, naudodamiesi m\u016bs\u0173 greita ir patikima prane\u0161imo paslauga!","robots":{"index":"index","follow":"follow","max-snippet":"max-snippet:-1","max-image-preview":"max-image-preview:large","max-video-preview":"max-video-preview:-1"},"canonical":"https:\/\/www.ufi.eu\/lt\/product\/pcn-ir-ufi-indaploviu-druskai\/","og_locale":"lt_LT","og_type":"article","og_title":"PCN ir UFI indaplovi\u0173 druskai","og_description":"Gaukite PCN ir UFI u\u017e indaplov\u0117s drusk\u0105. U\u017etikrinkite ES apsinuodijim\u0173 centro atitikt\u012f ES teis\u0117s aktams, naudodamiesi m\u016bs\u0173 greita ir patikima prane\u0161imo paslauga!","og_url":"https:\/\/www.ufi.eu\/lt\/product\/pcn-ir-ufi-indaploviu-druskai\/","og_site_name":"UFI","og_image":[{"width":1024,"height":1024,"url":"https:\/\/www.ufi.eu\/wp-content\/uploads\/2025\/03\/PC-DET-4_1.jpg","type":"image\/jpeg"}],"twitter_card":"summary_large_image","twitter_misc":{"Price":"&euro;0.00","Availability":"In stock"},"schema":{"@context":"https:\/\/schema.org","@graph":[{"@type":"WebPage","@id":"https:\/\/www.ufi.eu\/lt\/product\/pcn-ir-ufi-indaploviu-druskai\/","url":"https:\/\/www.ufi.eu\/lt\/product\/pcn-ir-ufi-indaploviu-druskai\/","name":"PCN ir UFI indaplovi\u0173 druskai - UFI","isPartOf":{"@id":"https:\/\/www.ufi.eu\/lt\/#website"},"primaryImageOfPage":{"@id":"https:\/\/www.ufi.eu\/lt\/product\/pcn-ir-ufi-indaploviu-druskai\/#primaryimage"},"image":{"@id":"https:\/\/www.ufi.eu\/lt\/product\/pcn-ir-ufi-indaploviu-druskai\/#primaryimage"},"thumbnailUrl":"https:\/\/www.ufi.eu\/wp-content\/uploads\/2025\/03\/PC-DET-4_1.jpg","datePublished":"2025-04-17T10:49:26+00:00","description":"Gaukite PCN ir UFI u\u017e indaplov\u0117s drusk\u0105. U\u017etikrinkite ES apsinuodijim\u0173 centro atitikt\u012f ES teis\u0117s aktams, naudodamiesi m\u016bs\u0173 greita ir patikima prane\u0161imo paslauga!","breadcrumb":{"@id":"https:\/\/www.ufi.eu\/lt\/product\/pcn-ir-ufi-indaploviu-druskai\/#breadcrumb"},"inLanguage":"lt-LT","potentialAction":[{"@type":"ReadAction","target":["https:\/\/www.ufi.eu\/lt\/product\/pcn-ir-ufi-indaploviu-druskai\/"]}]},{"@type":"ImageObject","inLanguage":"lt-LT","@id":"https:\/\/www.ufi.eu\/lt\/product\/pcn-ir-ufi-indaploviu-druskai\/#primaryimage","url":"https:\/\/www.ufi.eu\/wp-content\/uploads\/2025\/03\/PC-DET-4_1.jpg","contentUrl":"https:\/\/www.ufi.eu\/wp-content\/uploads\/2025\/03\/PC-DET-4_1.jpg","width":1024,"height":1024},{"@type":"BreadcrumbList","@id":"https:\/\/www.ufi.eu\/lt\/product\/pcn-ir-ufi-indaploviu-druskai\/#breadcrumb","itemListElement":[{"@type":"ListItem","position":1,"name":"Home","item":"https:\/\/www.ufi.eu\/lt\/pagrindinis\/"},{"@type":"ListItem","position":2,"name":"Parduotuv\u0117","item":"https:\/\/www.ufi.eu\/lt\/parduotuve\/"},{"@type":"ListItem","position":3,"name":"PCN ir UFI indaplovi\u0173 druskai"}]},{"@type":"WebSite","@id":"https:\/\/www.ufi.eu\/lt\/#website","url":"https:\/\/www.ufi.eu\/lt\/","name":"UFI.EU","description":"Poison Centre Notifications (PCN) and UFI","publisher":{"@id":"https:\/\/www.ufi.eu\/lt\/#organization"},"potentialAction":[{"@type":"SearchAction","target":{"@type":"EntryPoint","urlTemplate":"https:\/\/www.ufi.eu\/lt\/?s={search_term_string}"},"query-input":{"@type":"PropertyValueSpecification","valueRequired":true,"valueName":"search_term_string"}}],"inLanguage":"lt-LT"},{"@type":"Organization","@id":"https:\/\/www.ufi.eu\/lt\/#organization","name":"UFI.EU","url":"https:\/\/www.ufi.eu\/lt\/","logo":{"@type":"ImageObject","inLanguage":"lt-LT","@id":"https:\/\/www.ufi.eu\/lt\/#\/schema\/logo\/image\/","url":"https:\/\/www.ufi.eu\/wp-content\/uploads\/2025\/03\/cropped-logo_ufi3.jpg","contentUrl":"https:\/\/www.ufi.eu\/wp-content\/uploads\/2025\/03\/cropped-logo_ufi3.jpg","width":231,"height":78,"caption":"UFI.EU"},"image":{"@id":"https:\/\/www.ufi.eu\/lt\/#\/schema\/logo\/image\/"},"description":"UFI.eu specializes in digital registrations for Poison Centre Notifications (PCN), ensuring your chemical products meet EU regulatory requirements effortlessly. Our streamlined solutions help businesses stay compliant while reducing complexity and administrative burden.","email":"info@ufi.eu","legalName":"UFI.EU"}]},"product_price_amount":"0.00","product_price_currency":"EUR","og_availability":"instock","product_availability":"instock","product_retailer_item_id":"PC-DET-4_1","product_condition":"new"},"_links":{"self":[{"href":"https:\/\/www.ufi.eu\/lt\/wp-json\/wp\/v2\/product\/22729","targetHints":{"allow":["GET"]}}],"collection":[{"href":"https:\/\/www.ufi.eu\/lt\/wp-json\/wp\/v2\/product"}],"about":[{"href":"https:\/\/www.ufi.eu\/lt\/wp-json\/wp\/v2\/types\/product"}],"wp:featuredmedia":[{"embeddable":true,"href":"https:\/\/www.ufi.eu\/lt\/wp-json\/wp\/v2\/media\/22730"}],"wp:attachment":[{"href":"https:\/\/www.ufi.eu\/lt\/wp-json\/wp\/v2\/media?parent=22729"}],"wp:term":[{"taxonomy":"product_brand","embeddable":true,"href":"https:\/\/www.ufi.eu\/lt\/wp-json\/wp\/v2\/product_brand?post=22729"},{"taxonomy":"product_cat","embeddable":true,"href":"https:\/\/www.ufi.eu\/lt\/wp-json\/wp\/v2\/product_cat?post=22729"},{"taxonomy":"product_tag","embeddable":true,"href":"https:\/\/www.ufi.eu\/lt\/wp-json\/wp\/v2\/product_tag?post=22729"}],"curies":[{"name":"wp","href":"https:\/\/api.w.org\/{rel}","templated":true}]}}