{"id":17737,"date":"2025-03-20T08:28:02","date_gmt":"2025-04-16T22:06:09","guid":{"rendered":"https:\/\/www.ufi.eu\/pcn\/be-kategorijos\/pcn-ir-ufi-nebiocidinems-valymo-priemonems-2\/"},"modified":"2025-04-16T22:06:09","modified_gmt":"2025-04-16T22:06:09","slug":"pcn-ir-ufi-nebiocidinems-valymo-priemonems-2","status":"publish","type":"product","link":"https:\/\/www.ufi.eu\/lt\/product\/pcn-ir-ufi-nebiocidinems-valymo-priemonems-2\/","title":{"rendered":"PCN ir UFI nebiocidin\u0117ms valymo priemon\u0117ms"},"content":{"rendered":"<h2>Kaip veikia UFI k\u016brimo ir prane\u0161imo apie PCN paslauga?<\/h2>\n<p>\u012esigij\u0119 \u0161i\u0105 paslaug\u0105, gausite prieig\u0105 prie saugaus portalo. \u0160iame portale pateikiama vis\u0173 \u017eingsni\u0173 ap\u017evalga.  U\u017epildykite gaminio informacij\u0105 ir mes imsim\u0117s darbo.<\/p>\n<h3>Prane\u0161imas apie apsinuodijim\u0173 centr\u0105 ir UFI<\/h3>\n<p>Mes suteiksime:<\/p>\n<ul>\n<li>J\u016bs\u0173 gaminio unikalus formul\u0117s identifikatorius (UFI)<\/li>\n<li>Prane\u0161imas apie apsinuodijim\u0173 centro prane\u0161im\u0105 (PCN)<\/li>\n<li>J\u016bs\u0173 gaminio registracija atitinkamuose nacionaliniuose apsinuodijim\u0173 centruose per ECHA.<\/li>\n<\/ul>\n<h3>PCN registracijos \u0161alys<\/h3>\n<p>Galite suskai\u010diuoti \u0161ali\u0173, kuriose norite u\u017eregistruoti savo gamin\u012f, skai\u010di\u0173. Tai yra \u0161ali\u0173, kurias turite \u012fsigyti, skai\u010dius.  Portale gal\u0117site pasirinkti konkre\u010dias \u0161alis. Jei v\u0117liau planuojate i\u0161pl\u0117sti savo gamini\u0173 pardavim\u0105 \u012f naujas \u0161alis, visada galite u\u017esisakyti papildom\u0173 <a href=\"https:\/\/www.ufi.eu\/lt\/pcn\/salys\/pcn-registracijos-salys\/\" target=\"_blank\" title=\"PCN \u0161ali\u0173 registracijos\">PCN \u0161ali\u0173 registracij\u0173<\/a>.<br \/>ES yra 27 \u0161alys, o EEE &#8211; 30 (ES + Lichten\u0161teinas, Norvegija ir Islandija) Portale galite pasirinkti \u0161ias \u0161alis: <\/p>\n<table cellpadding=\"2\" cellspacing=\"0\" border=\"1\">\n<tbody>\n<tr>\n<td>Belgija<\/td>\n<td>(BE)<\/td>\n<td>Ispanija<\/td>\n<td>(ES)<\/td>\n<td>Vengrija<\/td>\n<td>(HU)<\/td>\n<td>Slovakija<\/td>\n<td>(SK)<\/td>\n<\/tr>\n<tr>\n<td>Bulgarija<\/td>\n<td>(BG)<\/td>\n<td>Pranc\u016bzija<\/td>\n<td>(FR)<\/td>\n<td>Malta<\/td>\n<td>(MT)<\/td>\n<td>Suomija<\/td>\n<td>(FI)<\/td>\n<\/tr>\n<tr>\n<td>\u010cekija<\/td>\n<td>(CZ)<\/td>\n<td>Kroatija<\/td>\n<td>(HR)<\/td>\n<td>Nyderlandai<\/td>\n<td>(NL)<\/td>\n<td>\u0160vedija<\/td>\n<td>(SE)<\/td>\n<\/tr>\n<tr>\n<td>Danija<\/td>\n<td>(DK)<\/td>\n<td>Italija<\/td>\n<td>(IT)<\/td>\n<td>Austrija<\/td>\n<td>(AT)<\/td>\n<td>Vokietija<\/td>\n<td>(DE)<\/td>\n<\/tr>\n<tr>\n<td>Kipras<\/td>\n<td>(CY)<\/td>\n<td>Lenkija<\/td>\n<td>(PL)<\/td>\n<td>Islandija<\/td>\n<td>(IS)<\/td>\n<td>Estija<\/td>\n<td>(EE)<\/td>\n<\/tr>\n<tr>\n<td>Latvija<\/td>\n<td>(LV)<\/td>\n<td>Portugalija<\/td>\n<td>(PT)<\/td>\n<td>Lichten\u0161teinas<\/td>\n<td>(LI)<\/td>\n<td>Airija<\/td>\n<td>(IE)<\/td>\n<\/tr>\n<tr>\n<td>Lietuva<\/td>\n<td>(LT)<\/td>\n<td>Rumunija<\/td>\n<td>(RO)<\/td>\n<td>Norvegija<\/td>\n<td>(NE)<\/td>\n<td>Graikija<\/td>\n<td>(EL)<\/td>\n<\/tr>\n<tr>\n<td>Liuksemburgas<\/td>\n<td>(LU)<\/td>\n<td>Slov\u0117nija<\/td>\n<td>(SI)<\/td>\n<td>\u0160veicarija*<\/td>\n<td>(CH)<\/td>\n<td><\/td>\n<td><\/td>\n<\/tr>\n<\/tbody>\n<\/table>\n<p>*\u0160veicarijai galime sukurti PCN byl\u0105 su visa reikiama informacija, kad gal\u0117tum\u0117te pateikti parai\u0161k\u0105 \u0160veicarijos portale. Susisiekite su mumis d\u0117l daugiau informacijos. <\/p>\n<h3>CLP etiket\u0117s informacija<\/h3>\n<p>Si\u016blome galimyb\u0119 \u012fsigyti CLP reikalavimus atitinkan\u010di\u0105 gaminio etiket\u0119, kurioje pateikiama visa privaloma informacija, kaip reikalaujama pagal ES CLP reglament\u0105. Ji bus pateikta PDF formatu.  Tai n\u0117ra projektas, o reikalingos informacijos santrauka. Taip gal\u0117site \u012ftraukti reikiam\u0105 informacij\u0105 \u012f gaminio etiket\u0117s dizain\u0105. <a href=\"https:\/\/www.ufi.eu\/lt\/pcn\/clp-etikete\/clp-etiketes-kurimas-ir-atitikties-patikra\/\" target=\"_blank\" title=\"CLP etiket\u0117Creation\">CLP etiket\u0117s k\u016brim\u0105<\/a> taip pat galite u\u017esisakyti atskirai. Jau turite etiket\u0119? &#8211; Galime atlikti j\u016bs\u0173 <a href=\"https:\/\/www.ufi.eu\/lt\/pcn\/clp-etikete\/clp-etiketes-kurimas-ir-atitikties-patikra\/\" target=\"_blank\" title=\"CLP etiket\u0117s atitikties patikra\">etiket\u0117s atitikties CLP reikalavimams patikrinim\u0105<\/a> pagal galiojan\u010dius CLP reikalavimus. Pateiksime i\u0161samias pastabas ir pataisymus, kad j\u016bs\u0173 etiket\u0117 atitikt\u0173 visus teis\u0117s akt\u0173 reikalavimus.     <\/p>\n<h2>Prane\u0161imas apsinuodijim\u0173 centrui apie vonios ir tualeto valymo ir prie\u017ei\u016bros produktus<\/h2>\n<p>Vonios ir tualeto valymo ir prie\u017ei\u016bros priemon\u0117se, i\u0161skyrus biocidinius produktus, nukalkintojus ir abrazyvinius valiklius, da\u017enai yra stipri\u0173 valikli\u0173, pavir\u0161inio aktyvumo med\u017eiag\u0173 ir kvapi\u0173j\u0173 med\u017eiag\u0173, kurios gali b\u016bti kenksmingos, jei su jomis netinkamai elgiamasi arba jei jos atsitiktinai patenka \u012f organizm\u0105. Siekiant u\u017etikrinti saugum\u0105, \u0161ie produktai turi b\u016bti registruojami apsinuodijim\u0173 centre, pateikiant prane\u0161im\u0105 apie apsinuodijimus (PCN). \u0160i registracija u\u017etikrina, kad atsitiktinio poveikio ar netinkamo naudojimo atveju skubios pagalbos tarnybos gal\u0117t\u0173 greitai gauti i\u0161sami\u0105 informacij\u0105 apie gamin\u012f.  <\/p>\n<h3>Kas yra UFI?<\/h3>\n<p>Unikalus formul\u0117s identifikatorius (UFI) yra 16 simboli\u0173 raidinis-skaitmeninis kodas, kuriuo unikaliai identifikuojama pavojingo produkto sud\u0117tis. Vonios ir tualeto valymo priemon\u0117ms UFI yra labai svarbus apsinuodijim\u0173 centr\u0173 atskaitos ta\u0161kas, leid\u017eiantis greitai nustatyti tiksli\u0105 produkto sud\u0117t\u012f ir suteikti tiksli\u0105 medicinin\u0119 konsultacij\u0105 ar gydym\u0105 nelaim\u0117s atveju. <\/p>\n<h3>Kas yra PCN?<\/h3>\n<p>Prane\u0161imas apie apsinuodijimus (PCN) &#8211; tai ES reglamentuose nustatytas reikalavimas pateikti informacij\u0105 apie produktus, kurie klasifikuojami kaip pavojingi. Jame pateikiama i\u0161sami informacija apie gaminio sud\u0117t\u012f, pavojus ir saugaus tvarkymo praktik\u0105. Vonios ir tualeto valymo produkt\u0173 atveju PCN u\u017etikrina, kad sveikatos prie\u017ei\u016bros specialistai ir apsinuodijim\u0173 centrai gal\u0117t\u0173 veiksmingai reaguoti \u012f bet kokius incidentus, susijusius su \u0161iais produktais.  <\/p>\n<h3>Kas yra CLP?<\/h3>\n<p>Klasifikavimo, \u017eenklinimo ir pakavimo (CLP) reglamente reikalaujama, kad produktai, kuri\u0173 sud\u0117tyje yra pavojing\u0173 chemini\u0173 med\u017eiag\u0173, b\u016bt\u0173 tinkamai suklasifikuoti ir pa\u017eenklinti. Vonios ir tualeto valymo produkt\u0173 CLP \u017eenklinime pateikiami ai\u0161k\u016bs \u012fsp\u0117jimai apie pavoj\u0173, saugos instrukcijos ir atsargumo priemon\u0117s, padedan\u010dios naudotojams saugiai elgtis su produktu. <\/p>\n<h3>Kas yra Apsinuodijim\u0173 centras?<\/h3>\n<p>Apsinuodijim\u0173 centras yra centralizuota institucija, kuri renka ir tvarko informacij\u0105 apie ES parduodamus pavojingus cheminius produktus. U\u017eregistrav\u0119s gamin\u012f, pavyzd\u017eiui, vonios ar tualeto valymo priemon\u0119, apsinuodijim\u0173 centras gali pad\u0117ti ekstremaliose situacijose, pateikdamas tikslius duomenis apie gamin\u012f medicinos specialistams ir greitosios pagalbos tarnyboms. <\/p>\n<h3>Kod\u0117l to reikia?<\/h3>\n<p>Vonios ir tualeto valymo priemon\u0117se gali b\u016bti dirgikli\u0173 arba \u0117sdinan\u010di\u0173 med\u017eiag\u0173, kurios kelia pavoj\u0173 sveikatai, jei su jomis netinkamai elgiamasi arba jos atsitiktinai patenka \u012f organizm\u0105. \u0160i\u0173 produkt\u0173 registravimas Apsinuodijim\u0173 centre u\u017etikrina, kad i\u0161sami saugos ir naudojimo informacija b\u016bt\u0173 lengvai prieinama \u012fvykus poveikio incidentams, taip padidinant vartotoj\u0173 ir darbuotoj\u0173 saug\u0105. <\/p>\n<h3>Nuo kada tai privaloma pagal \u012fstatym\u0105?<\/h3>\n<p>Reikalavimas prane\u0161ti apie pavojingus produktus, \u012fskaitant vonios ir tualeto valymo priemones, Apsinuodijim\u0173 centrui privalomas nuo 2021 m. sausio 1 d. pagal Europos CLP reglament\u0105.<\/p>\n<h2>DUK<\/h2>\n<h3>Klausimas: Ar visoms vonios ir tualeto valymo priemon\u0117ms reikalingas PCN?<\/h3>\n<p>Atsakymas: Tik vonios ir tualeto valymo priemon\u0117ms, kurios pagal CLP reglament\u0105 priskiriamos pavojingoms, reikalingas PCN. Nepavojingiems produktams \u0161is reikalavimas netaikomas. <\/p>\n<h3>Klausimas: Kas yra UFI ir kur j\u012f galima rasti ant gaminio?<\/h3>\n<p>Atsakymas: Unikalus formul\u0117s identifikatorius (UFI) yra kodas, atspausdintas ant produkto etiket\u0117s. Jis padeda apsinuodijim\u0173 centrams identifikuoti konkre\u010di\u0105 gaminio sud\u0117t\u012f, jei produktas b\u016bt\u0173 paveiktas ar atsitiktinai netinkamai panaudotas. <\/p>\n<h3>Klausimas: Kod\u0117l vonios ir tualeto valymo priemon\u0117ms reikalingas PCN?<\/h3>\n<p>Atsakymas: PCN u\u017etikrina, kad apsinuodijim\u0173 centrai gaut\u0173 i\u0161sami\u0105 informacij\u0105 apie produkto saug\u0105 ir sud\u0117t\u012f. Tai padeda jiems veiksmingai reaguoti \u012f su produktu susijusias ekstremalias situacijas. <\/p>\n<h3>Klausimas: K\u0105 rei\u0161kia CLP \u017eenklinimas vonios kambario valymo priemon\u0117ms?<\/h3>\n<p>Atsakymas: CLP \u017eenklinime pateikiama ai\u0161ki informacija apie su produktu susijusius pavojus, \u012fskaitant simbolius, pavojingumo frazes ir atsargumo patarimus, kad b\u016bt\u0173 u\u017etikrintas saugus naudojimas.<\/p>\n<h3>Klausimas: Kada \u012fsigaliojo reikalavimas prane\u0161ti apie apsinuodijim\u0173 centr\u0105?<\/h3>\n<p>Atsakymas: Prievol\u0117 registruoti pavojingus valymo produktus Apsinuodijim\u0173 centre \u012fsigaliojo 2021 m. sausio 1 d. pagal CLP reglament\u0105.<\/p>\n<h3>Klausimas: Kiek laiko u\u017etrunka pateikti UFI ir PCN prane\u0161im\u0105?<\/h3>\n<p>Mums prireiks keli\u0173 dien\u0173 darbo. Kai tik \u012fkelsite dokumentus, i\u0161 karto prad\u0117sime darb\u0105. <\/p>\n<h3>Klausimas: Ar a\u0161 esu PCN prane\u0161imo savininkas?<\/h3>\n<p>Taip, j\u016bs esate prane\u0161imo apie PCN savininkas. Jums i\u0161lieka visa j\u016bs\u0173 pateikt\u0173 duomen\u0173 nuosavyb\u0117.  PCN prane\u0161im\u0105 gal\u0117site rasti savo ECHA paskyroje.<\/p>\n<h3>Klausimas: Ar \u0161i paslauga skirta vienam produktui, ar daugiau?<\/h3>\n<p>Paslauga teikiama vienam produktui.<\/p>\n<h3>Klausimas: Kod\u0117l turiu mok\u0117ti u\u017e UFI suk\u016brim\u0105?<\/h3>\n<p>M\u016bs\u0173 si\u016bloma paslauga &#8211; tai ne tik UFI teikimas. UFI yra daug platesnio proceso sudedamoji dalis.  Pagrindin\u0117 m\u016bs\u0173 teikiama paslauga &#8211; tai prane\u0161imo apie apsinuodijim\u0105 (PCN) parengimas ir pateikimas nacionalin\u0117ms paskirtoms \u012fstaigoms per ECHA portal\u0105, kuris yra privalomas reikalavimas pagal ES CLP reglament\u0105 teikiant pavojingus mi\u0161inius \u012f rink\u0105. UFI parengimas yra papras\u010diausia dalis.  Ta\u010diau PCN ataskaita yra sud\u0117tinga. Joje reikalaujama i\u0161samios sudedam\u0173j\u0173 dali\u0173 ap\u017evalgos &#8211; chemini\u0173 med\u017eiag\u0173 klasifikacijos, kuri turi b\u016bti tiksliai suformatuota, kad b\u016bt\u0173 pateikta apsinuodijim\u0173 centrui per ECHA. <\/p>\n<h3>Klausimas: Kaip galiu pateikti PKN?<\/h3>\n<p>Si\u016blome sprendim\u0105 \u012fmon\u0117ms, kurios n\u0117ra \u012fsik\u016brusios ES. Daugiau informacijos rasite <a href=\"https:\/\/www.ufi.eu\/lt\/pcn\/uz-es-ribu\/pcn-ir-ufi-ne-es-bendrovems\/\" target=\"_blank\" rel=\"noopener\">PCN ir UFI ne ES \u012fmon\u0117ms skirtame<\/a> puslapyje. <\/p>\n<h3>Klausimas: Ar galite pateikti saugos duomen\u0173 lapus, visi\u0161kai atitinkan\u010dius ES reglament\u0105 (REACH ir CLP)?<\/h3>\n<p>Taip, galime <a href=\"https:\/\/www.ufi.eu\/lt\/pcn\/saugos-duomenu-lapas\/saugos-duomenu-lapu-msds-sds-kurimo-paslauga\/\" target=\"_blank\"><strong>sukurti saugos duomen\u0173 lapus (SDS)<\/strong><\/a>&#8211; dar vadinamus <strong>med\u017eiag\u0173 saugos duomen\u0173 lapais (MSDS)<\/strong>&#8211; pritaikytus j\u016bs\u0173 gaminiui ir atitinkan\u010dius naujausius ES reglamentus. Nesvarbu, ar gaminate cheminius mi\u0161inius, importuojate produktus \u012f ES, ar platinate juos su priva\u010dia etikete, teis\u0117s aktais reikalaujami ir saugiam naudojimui visoje tiekimo grandin\u0117je b\u016btini reikalavimus atitinkantys SDS. Daugiau informacijos rasite <a href=\"https:\/\/www.ufi.eu\/lt\/pcn\/saugos-duomenu-lapas\/saugos-duomenu-lapu-msds-sds-kurimo-paslauga\/\" target=\"_blank\">Saugos duomen\u0173 lap\u0173 (MSDS\/SDS) k\u016brimo paslaugos<\/a> puslapyje.  <\/p>\n","protected":false},"excerpt":{"rendered":"<p>Kaip veikia UFI k\u016brimo ir prane\u0161imo apie PCN paslauga? \u012esigij\u0119 \u0161i\u0105 paslaug\u0105, gausite prieig\u0105 prie saugaus portalo. \u0160iame portale pateikiama vis\u0173 \u017eingsni\u0173 ap\u017evalga. U\u017epildykite gaminio informacij\u0105 ir mes imsim\u0117s darbo. Prane\u0161imas apie apsinuodijim\u0173 centr\u0105 ir UFI Mes suteiksime: J\u016bs\u0173 gaminio unikalus formul\u0117s identifikatorius (UFI) Prane\u0161imas apie apsinuodijim\u0173 centro prane\u0161im\u0105 (PCN) J\u016bs\u0173 gaminio registracija atitinkamuose nacionaliniuose [&hellip;]<\/p>\n","protected":false},"featured_media":17738,"template":"","meta":[],"product_brand":[],"product_cat":[806],"product_tag":[],"class_list":{"0":"post-17737","1":"product","2":"type-product","3":"status-publish","4":"has-post-thumbnail","6":"product_cat-vonios-ir-tualeto-valymo-priemones","8":"first","9":"instock","10":"virtual","11":"taxable","12":"purchasable","13":"product-type-bundle"},"bundled_by":[],"bundle_stock_status":"instock","bundle_stock_quantity":"","bundle_virtual":false,"bundle_layout":"default","bundle_add_to_cart_form_location":"default","bundle_editable_in_cart":false,"bundle_sold_individually_context":"product","bundle_item_grouping":"parent","bundle_min_size":"","bundle_max_size":"","bundle_price":{"price":{"min":{"incl_tax":"121","excl_tax":"100"},"max":{"incl_tax":"","excl_tax":""}},"regular_price":{"min":{"incl_tax":"121","excl_tax":"100"},"max":{"incl_tax":"","excl_tax":""}}},"bundled_items":[{"bundled_item_id":6440,"product_id":12549,"menu_order":0,"quantity_min":1,"quantity_max":1,"quantity_default":1,"priced_individually":true,"shipped_individually":false,"override_title":false,"title":null,"override_description":false,"description":null,"optional":false,"hide_thumbnail":false,"discount":"","override_variations":false,"allowed_variations":[""],"override_default_variation_attributes":false,"default_variation_attributes":[],"single_product_visibility":"visible","cart_visibility":"visible","order_visibility":"visible","single_product_price_visibility":"visible","cart_price_visibility":"visible","order_price_visibility":"visible","stock_status":"in_stock"},{"bundled_item_id":6441,"product_id":12536,"menu_order":1,"quantity_min":1,"quantity_max":"","quantity_default":1,"priced_individually":true,"shipped_individually":false,"override_title":false,"title":null,"override_description":false,"description":null,"optional":false,"hide_thumbnail":false,"discount":"","override_variations":false,"allowed_variations":[""],"override_default_variation_attributes":false,"default_variation_attributes":[],"single_product_visibility":"visible","cart_visibility":"visible","order_visibility":"visible","single_product_price_visibility":"visible","cart_price_visibility":"visible","order_price_visibility":"visible","stock_status":"in_stock"}],"bundle_sell_ids":[],"yoast_head":"<!-- This site is optimized with the Yoast SEO Premium plugin v25.1 (Yoast SEO v25.1) - https:\/\/yoast.com\/wordpress\/plugins\/seo\/ -->\n<title>PCN ir UFI nebiocidin\u0117ms valymo priemon\u0117ms - UFI<\/title>\n<meta name=\"description\" content=\"U\u017etikrinkite valymo produkt\u0173 (i\u0161skyrus biocidus, nukalkintojus ir abrazyvus) atitikt\u012f PCN ir UFI. Tvarkome prane\u0161imus apsinuodijim\u0173 centrui ir unikalius formul\u0117s identifikatorius.\" \/>\n<meta name=\"robots\" content=\"index, follow, max-snippet:-1, max-image-preview:large, max-video-preview:-1\" \/>\n<link rel=\"canonical\" href=\"https:\/\/www.ufi.eu\/lt\/product\/pcn-ir-ufi-nebiocidinems-valymo-priemonems-2\/\" \/>\n<meta property=\"og:locale\" content=\"lt_LT\" \/>\n<meta property=\"og:type\" content=\"article\" \/>\n<meta property=\"og:title\" content=\"PCN ir UFI nebiocidin\u0117ms valymo priemon\u0117ms\" \/>\n<meta property=\"og:description\" content=\"U\u017etikrinkite valymo produkt\u0173 (i\u0161skyrus biocidus, nukalkintojus ir abrazyvus) atitikt\u012f PCN ir UFI. Tvarkome prane\u0161imus apsinuodijim\u0173 centrui ir unikalius formul\u0117s identifikatorius.\" \/>\n<meta property=\"og:url\" content=\"https:\/\/www.ufi.eu\/lt\/product\/pcn-ir-ufi-nebiocidinems-valymo-priemonems-2\/\" \/>\n<meta property=\"og:site_name\" content=\"UFI\" \/>\n<meta property=\"og:image\" content=\"https:\/\/www.ufi.eu\/wp-content\/uploads\/2025\/03\/PC-CLN-11.jpg\" \/>\n\t<meta property=\"og:image:width\" content=\"1024\" \/>\n\t<meta property=\"og:image:height\" content=\"1024\" \/>\n\t<meta property=\"og:image:type\" content=\"image\/jpeg\" \/>\n<meta name=\"twitter:card\" content=\"summary_large_image\" \/>\n<meta name=\"twitter:label1\" content=\"Price\" \/>\n\t<meta name=\"twitter:data1\" content=\"&euro;0.00\" \/>\n\t<meta name=\"twitter:label2\" content=\"Availability\" \/>\n\t<meta name=\"twitter:data2\" content=\"In stock\" \/>\n<script type=\"application\/ld+json\" class=\"yoast-schema-graph\">{\"@context\":\"https:\/\/schema.org\",\"@graph\":[{\"@type\":\"WebPage\",\"@id\":\"https:\/\/www.ufi.eu\/lt\/product\/pcn-ir-ufi-nebiocidinems-valymo-priemonems-2\/\",\"url\":\"https:\/\/www.ufi.eu\/lt\/product\/pcn-ir-ufi-nebiocidinems-valymo-priemonems-2\/\",\"name\":\"PCN ir UFI nebiocidin\u0117ms valymo priemon\u0117ms - UFI\",\"isPartOf\":{\"@id\":\"https:\/\/www.ufi.eu\/lt\/#website\"},\"primaryImageOfPage\":{\"@id\":\"https:\/\/www.ufi.eu\/lt\/product\/pcn-ir-ufi-nebiocidinems-valymo-priemonems-2\/#primaryimage\"},\"image\":{\"@id\":\"https:\/\/www.ufi.eu\/lt\/product\/pcn-ir-ufi-nebiocidinems-valymo-priemonems-2\/#primaryimage\"},\"thumbnailUrl\":\"https:\/\/www.ufi.eu\/wp-content\/uploads\/2025\/03\/PC-CLN-11.jpg\",\"datePublished\":\"2025-04-16T22:06:09+00:00\",\"description\":\"U\u017etikrinkite valymo produkt\u0173 (i\u0161skyrus biocidus, nukalkintojus ir abrazyvus) atitikt\u012f PCN ir UFI. Tvarkome prane\u0161imus apsinuodijim\u0173 centrui ir unikalius formul\u0117s identifikatorius.\",\"breadcrumb\":{\"@id\":\"https:\/\/www.ufi.eu\/lt\/product\/pcn-ir-ufi-nebiocidinems-valymo-priemonems-2\/#breadcrumb\"},\"inLanguage\":\"lt-LT\",\"potentialAction\":[{\"@type\":\"ReadAction\",\"target\":[\"https:\/\/www.ufi.eu\/lt\/product\/pcn-ir-ufi-nebiocidinems-valymo-priemonems-2\/\"]}]},{\"@type\":\"ImageObject\",\"inLanguage\":\"lt-LT\",\"@id\":\"https:\/\/www.ufi.eu\/lt\/product\/pcn-ir-ufi-nebiocidinems-valymo-priemonems-2\/#primaryimage\",\"url\":\"https:\/\/www.ufi.eu\/wp-content\/uploads\/2025\/03\/PC-CLN-11.jpg\",\"contentUrl\":\"https:\/\/www.ufi.eu\/wp-content\/uploads\/2025\/03\/PC-CLN-11.jpg\",\"width\":1024,\"height\":1024},{\"@type\":\"BreadcrumbList\",\"@id\":\"https:\/\/www.ufi.eu\/lt\/product\/pcn-ir-ufi-nebiocidinems-valymo-priemonems-2\/#breadcrumb\",\"itemListElement\":[{\"@type\":\"ListItem\",\"position\":1,\"name\":\"Home\",\"item\":\"https:\/\/www.ufi.eu\/lt\/pagrindinis\/\"},{\"@type\":\"ListItem\",\"position\":2,\"name\":\"Parduotuv\u0117\",\"item\":\"https:\/\/www.ufi.eu\/lt\/parduotuve\/\"},{\"@type\":\"ListItem\",\"position\":3,\"name\":\"PCN ir UFI nebiocidin\u0117ms valymo priemon\u0117ms\"}]},{\"@type\":\"WebSite\",\"@id\":\"https:\/\/www.ufi.eu\/lt\/#website\",\"url\":\"https:\/\/www.ufi.eu\/lt\/\",\"name\":\"UFI.EU\",\"description\":\"Poison Centre Notifications (PCN) and UFI\",\"publisher\":{\"@id\":\"https:\/\/www.ufi.eu\/lt\/#organization\"},\"potentialAction\":[{\"@type\":\"SearchAction\",\"target\":{\"@type\":\"EntryPoint\",\"urlTemplate\":\"https:\/\/www.ufi.eu\/lt\/?s={search_term_string}\"},\"query-input\":{\"@type\":\"PropertyValueSpecification\",\"valueRequired\":true,\"valueName\":\"search_term_string\"}}],\"inLanguage\":\"lt-LT\"},{\"@type\":\"Organization\",\"@id\":\"https:\/\/www.ufi.eu\/lt\/#organization\",\"name\":\"UFI.EU\",\"url\":\"https:\/\/www.ufi.eu\/lt\/\",\"logo\":{\"@type\":\"ImageObject\",\"inLanguage\":\"lt-LT\",\"@id\":\"https:\/\/www.ufi.eu\/lt\/#\/schema\/logo\/image\/\",\"url\":\"https:\/\/www.ufi.eu\/wp-content\/uploads\/2025\/03\/cropped-logo_ufi3.jpg\",\"contentUrl\":\"https:\/\/www.ufi.eu\/wp-content\/uploads\/2025\/03\/cropped-logo_ufi3.jpg\",\"width\":231,\"height\":78,\"caption\":\"UFI.EU\"},\"image\":{\"@id\":\"https:\/\/www.ufi.eu\/lt\/#\/schema\/logo\/image\/\"},\"description\":\"UFI.eu specializes in digital registrations for Poison Centre Notifications (PCN), ensuring your chemical products meet EU regulatory requirements effortlessly. Our streamlined solutions help businesses stay compliant while reducing complexity and administrative burden.\",\"email\":\"info@ufi.eu\",\"legalName\":\"UFI.EU\"}]}<\/script>\n<meta property=\"product:price:amount\" content=\"0.00\" \/>\n<meta property=\"product:price:currency\" content=\"EUR\" \/>\n<meta property=\"og:availability\" content=\"instock\" \/>\n<meta property=\"product:availability\" content=\"instock\" \/>\n<meta property=\"product:retailer_item_id\" content=\"PC-CLN-11\" \/>\n<meta property=\"product:condition\" content=\"new\" \/>\n<!-- \/ Yoast SEO Premium plugin. -->","yoast_head_json":{"title":"PCN ir UFI nebiocidin\u0117ms valymo priemon\u0117ms - UFI","description":"U\u017etikrinkite valymo produkt\u0173 (i\u0161skyrus biocidus, nukalkintojus ir abrazyvus) atitikt\u012f PCN ir UFI. Tvarkome prane\u0161imus apsinuodijim\u0173 centrui ir unikalius formul\u0117s identifikatorius.","robots":{"index":"index","follow":"follow","max-snippet":"max-snippet:-1","max-image-preview":"max-image-preview:large","max-video-preview":"max-video-preview:-1"},"canonical":"https:\/\/www.ufi.eu\/lt\/product\/pcn-ir-ufi-nebiocidinems-valymo-priemonems-2\/","og_locale":"lt_LT","og_type":"article","og_title":"PCN ir UFI nebiocidin\u0117ms valymo priemon\u0117ms","og_description":"U\u017etikrinkite valymo produkt\u0173 (i\u0161skyrus biocidus, nukalkintojus ir abrazyvus) atitikt\u012f PCN ir UFI. Tvarkome prane\u0161imus apsinuodijim\u0173 centrui ir unikalius formul\u0117s identifikatorius.","og_url":"https:\/\/www.ufi.eu\/lt\/product\/pcn-ir-ufi-nebiocidinems-valymo-priemonems-2\/","og_site_name":"UFI","og_image":[{"width":1024,"height":1024,"url":"https:\/\/www.ufi.eu\/wp-content\/uploads\/2025\/03\/PC-CLN-11.jpg","type":"image\/jpeg"}],"twitter_card":"summary_large_image","twitter_misc":{"Price":"&euro;0.00","Availability":"In stock"},"schema":{"@context":"https:\/\/schema.org","@graph":[{"@type":"WebPage","@id":"https:\/\/www.ufi.eu\/lt\/product\/pcn-ir-ufi-nebiocidinems-valymo-priemonems-2\/","url":"https:\/\/www.ufi.eu\/lt\/product\/pcn-ir-ufi-nebiocidinems-valymo-priemonems-2\/","name":"PCN ir UFI nebiocidin\u0117ms valymo priemon\u0117ms - UFI","isPartOf":{"@id":"https:\/\/www.ufi.eu\/lt\/#website"},"primaryImageOfPage":{"@id":"https:\/\/www.ufi.eu\/lt\/product\/pcn-ir-ufi-nebiocidinems-valymo-priemonems-2\/#primaryimage"},"image":{"@id":"https:\/\/www.ufi.eu\/lt\/product\/pcn-ir-ufi-nebiocidinems-valymo-priemonems-2\/#primaryimage"},"thumbnailUrl":"https:\/\/www.ufi.eu\/wp-content\/uploads\/2025\/03\/PC-CLN-11.jpg","datePublished":"2025-04-16T22:06:09+00:00","description":"U\u017etikrinkite valymo produkt\u0173 (i\u0161skyrus biocidus, nukalkintojus ir abrazyvus) atitikt\u012f PCN ir UFI. Tvarkome prane\u0161imus apsinuodijim\u0173 centrui ir unikalius formul\u0117s identifikatorius.","breadcrumb":{"@id":"https:\/\/www.ufi.eu\/lt\/product\/pcn-ir-ufi-nebiocidinems-valymo-priemonems-2\/#breadcrumb"},"inLanguage":"lt-LT","potentialAction":[{"@type":"ReadAction","target":["https:\/\/www.ufi.eu\/lt\/product\/pcn-ir-ufi-nebiocidinems-valymo-priemonems-2\/"]}]},{"@type":"ImageObject","inLanguage":"lt-LT","@id":"https:\/\/www.ufi.eu\/lt\/product\/pcn-ir-ufi-nebiocidinems-valymo-priemonems-2\/#primaryimage","url":"https:\/\/www.ufi.eu\/wp-content\/uploads\/2025\/03\/PC-CLN-11.jpg","contentUrl":"https:\/\/www.ufi.eu\/wp-content\/uploads\/2025\/03\/PC-CLN-11.jpg","width":1024,"height":1024},{"@type":"BreadcrumbList","@id":"https:\/\/www.ufi.eu\/lt\/product\/pcn-ir-ufi-nebiocidinems-valymo-priemonems-2\/#breadcrumb","itemListElement":[{"@type":"ListItem","position":1,"name":"Home","item":"https:\/\/www.ufi.eu\/lt\/pagrindinis\/"},{"@type":"ListItem","position":2,"name":"Parduotuv\u0117","item":"https:\/\/www.ufi.eu\/lt\/parduotuve\/"},{"@type":"ListItem","position":3,"name":"PCN ir UFI nebiocidin\u0117ms valymo priemon\u0117ms"}]},{"@type":"WebSite","@id":"https:\/\/www.ufi.eu\/lt\/#website","url":"https:\/\/www.ufi.eu\/lt\/","name":"UFI.EU","description":"Poison Centre Notifications (PCN) and UFI","publisher":{"@id":"https:\/\/www.ufi.eu\/lt\/#organization"},"potentialAction":[{"@type":"SearchAction","target":{"@type":"EntryPoint","urlTemplate":"https:\/\/www.ufi.eu\/lt\/?s={search_term_string}"},"query-input":{"@type":"PropertyValueSpecification","valueRequired":true,"valueName":"search_term_string"}}],"inLanguage":"lt-LT"},{"@type":"Organization","@id":"https:\/\/www.ufi.eu\/lt\/#organization","name":"UFI.EU","url":"https:\/\/www.ufi.eu\/lt\/","logo":{"@type":"ImageObject","inLanguage":"lt-LT","@id":"https:\/\/www.ufi.eu\/lt\/#\/schema\/logo\/image\/","url":"https:\/\/www.ufi.eu\/wp-content\/uploads\/2025\/03\/cropped-logo_ufi3.jpg","contentUrl":"https:\/\/www.ufi.eu\/wp-content\/uploads\/2025\/03\/cropped-logo_ufi3.jpg","width":231,"height":78,"caption":"UFI.EU"},"image":{"@id":"https:\/\/www.ufi.eu\/lt\/#\/schema\/logo\/image\/"},"description":"UFI.eu specializes in digital registrations for Poison Centre Notifications (PCN), ensuring your chemical products meet EU regulatory requirements effortlessly. Our streamlined solutions help businesses stay compliant while reducing complexity and administrative burden.","email":"info@ufi.eu","legalName":"UFI.EU"}]},"product_price_amount":"0.00","product_price_currency":"EUR","og_availability":"instock","product_availability":"instock","product_retailer_item_id":"PC-CLN-11","product_condition":"new"},"_links":{"self":[{"href":"https:\/\/www.ufi.eu\/lt\/wp-json\/wp\/v2\/product\/17737","targetHints":{"allow":["GET"]}}],"collection":[{"href":"https:\/\/www.ufi.eu\/lt\/wp-json\/wp\/v2\/product"}],"about":[{"href":"https:\/\/www.ufi.eu\/lt\/wp-json\/wp\/v2\/types\/product"}],"wp:featuredmedia":[{"embeddable":true,"href":"https:\/\/www.ufi.eu\/lt\/wp-json\/wp\/v2\/media\/17738"}],"wp:attachment":[{"href":"https:\/\/www.ufi.eu\/lt\/wp-json\/wp\/v2\/media?parent=17737"}],"wp:term":[{"taxonomy":"product_brand","embeddable":true,"href":"https:\/\/www.ufi.eu\/lt\/wp-json\/wp\/v2\/product_brand?post=17737"},{"taxonomy":"product_cat","embeddable":true,"href":"https:\/\/www.ufi.eu\/lt\/wp-json\/wp\/v2\/product_cat?post=17737"},{"taxonomy":"product_tag","embeddable":true,"href":"https:\/\/www.ufi.eu\/lt\/wp-json\/wp\/v2\/product_tag?post=17737"}],"curies":[{"name":"wp","href":"https:\/\/api.w.org\/{rel}","templated":true}]}}