{"id":12768,"date":"2025-04-05T15:24:57","date_gmt":"2025-04-15T20:26:11","guid":{"rendered":"https:\/\/www.ufi.eu\/pcn\/be-kategorijos\/clp-etiketes-kurimas-ir-plovikliu-atitikties-patikra\/"},"modified":"2025-04-28T12:21:22","modified_gmt":"2025-04-28T12:21:22","slug":"clp-etiketes-kurimas-ir-plovikliu-atitikties-patikra","status":"publish","type":"product","link":"https:\/\/www.ufi.eu\/lt\/product\/clp-etiketes-kurimas-ir-plovikliu-atitikties-patikra\/","title":{"rendered":"CLP etiket\u0117s k\u016brimas ir plovikli\u0173 atitikties patikra"},"content":{"rendered":"\n<p><strong>U\u017etikrinkite visi\u0161k\u0105 atitikt\u012f CLP ir plovikli\u0173 reglamento reikalavimams, naudodamiesi m\u016bs\u0173 ekspert\u0173 paslaugomis.<\/strong><\/p>\n\n<p>Mes specializuojam\u0117s pad\u0117dami \u012fmon\u0117ms laikytis teisini\u0173 reikalavim\u0173, taikom\u0173 pateikiant ploviklius \u012f Europos rink\u0105. M\u016bs\u0173 teikiamos CLP etike\u010di\u0173 k\u016brimo ir tikrinimo paslaugos u\u017etikrina, kad j\u016bs\u0173 produkt\u0173 etiket\u0117s visi\u0161kai atitikt\u0173 <strong>CLP reglamento (EB Nr. 1272\/2008)<\/strong> ir <strong>plovikli\u0173 reglamento (EB Nr. 648\/2004)<\/strong> reikalavimus. <\/p>\n\n<h2 class=\"wp-block-heading\" id=\"h-why-correct-labeling-for-detergents-is-crucial\">Kod\u0117l labai svarbu teisingai \u017eenklinti ploviklius<\/h2>\n\n<p>Plovikliams taikomi du pagrindiniai Europos reglamentai:<\/p>\n\n<ul class=\"wp-block-list\">\n<li><strong>CLP reglamentas,<\/strong> kuriuo reglamentuojamas pavojing\u0173 chemini\u0173 med\u017eiag\u0173 ir mi\u0161ini\u0173 klasifikavimas, \u017eenklinimas ir pakavimas.<\/li>\n\n\n\n<li><strong>Detergent\u0173 reglamentas,<\/strong> kuriuo nustatomos konkre\u010dios plovikli\u0173, ypa\u010d vartotoj\u0173 naudojam\u0173 plovikli\u0173, \u017eenklinimo prievol\u0117s.<\/li>\n<\/ul>\n\n<p>Nesilaikant reikalavim\u0173 gali tekti at\u0161aukti gaminius, skirti baudas ar net u\u017edrausti prekyb\u0105. M\u016bs\u0173 komanda u\u017etikrina, kad j\u016bs\u0173 etiket\u0117s b\u016bt\u0173 tikslios, i\u0161samios ir teisi\u0161kai pagr\u012fstos. <\/p>\n\n<h2 class=\"wp-block-heading\" id=\"h-what-we-offer\">K\u0105 si\u016blome<\/h2>\n\n<h4 class=\"wp-block-heading\" id=\"h-1-clp-label-creation-for-detergents\">1. <strong>CLP etiket\u0117s plovikliams k\u016brimas<\/strong><\/h4>\n\n<p>J\u016bs\u0173 gaminio etiket\u0119 parengsime pagal konkre\u010di\u0105 j\u016bs\u0173 ploviklio sud\u0117ties pavojingumo klasifikacij\u0105. Tai apima: <\/p>\n\n<ul class=\"wp-block-list\">\n<li>Tinkam\u0173 <strong>pavojaus piktogram\u0173<\/strong>, <strong>signalini\u0173 \u017eod\u017ei\u0173<\/strong>, <strong>H<\/strong> ir <strong>P<\/strong> <strong>frazi\u0173<\/strong> parinkimas.<\/li>\n\n\n\n<li>Teisingas <strong>UFI i\u0161d\u0117stymas<\/strong> ir formatavimas (jei taikoma).<\/li>\n\n\n\n<li>Privalomi tiek\u0117jo ir gaminio identifikavimo duomenys.<\/li>\n<\/ul>\n\n<h4 class=\"wp-block-heading\" id=\"h-2-label-check-for-existing-detergent-products\">2. <strong>Esam\u0173 plovikli\u0173 etike\u010di\u0173 patikrinimas<\/strong><\/h4>\n\n<p>Ar jau turite etiket\u0119? Per\u017ei\u016brime ir patikriname: <\/p>\n\n<ul class=\"wp-block-list\">\n<li>Tinkama pavojingumo klasifikacija pagal CLP.<\/li>\n\n\n\n<li>\u017denklinkite tekst\u0105 ir format\u0105 pagal galiojan\u010dias taisykles.<\/li>\n\n\n\n<li>su plovikliais susij\u0119 reikalavimai, pavyzd\u017eiui, informacija apie sudedam\u0173j\u0173 dali\u0173 asortiment\u0105 ir alergen\u0173 s\u0105ra\u0161as.<\/li>\n<\/ul>\n\n<h4 class=\"wp-block-heading\" id=\"h-3-compliance-with-detergents-regulation-ec-no-648-2004\">3. <strong>Atitiktis plovikli\u0173 reglamentui (EB Nr. 648\/2004)<\/strong><\/h4>\n\n<p>U\u017etikriname, kad j\u016bs\u0173 etiket\u0117 atitikt\u0173 plovikliams keliamus reikalavimus, \u012fskaitant:<\/p>\n\n<ul class=\"wp-block-list\">\n<li>sudedam\u0173j\u0173 dali\u0173 interval\u0173 deklaracijos (pvz., &#8220;5-15 % anijonini\u0173 pavir\u0161inio aktyvumo med\u017eiag\u0173&#8221;).<\/li>\n\n\n\n<li>Alergizuojan\u010di\u0173 kvapi\u0173j\u0173 med\u017eiag\u0173 atskleidimas (pvz., limoneno, linaloolio).<\/li>\n\n\n\n<li>Internetinio ingredient\u0173 s\u0105ra\u0161o nustatymas (jei taikoma).<\/li>\n<\/ul>\n\n<h2 class=\"wp-block-heading\" id=\"h-when-is-a-clp-label-and-ufi-required\">Kada reikia CLP etiket\u0117s ir UFI?<\/h2>\n\n<p>Jei j\u016bs\u0173 ploviklis atitinka CLP reikalavimus, b\u016btina etiket\u0117 (ir, galb\u016bt, PCN prane\u0161imas su UFI):<\/p>\n\n<ul class=\"wp-block-list\">\n<li>Sud\u0117tyje yra pavojing\u0173 sudedam\u0173j\u0173 dali\u0173, klasifikuojam\u0173 d\u0117l poveikio sveikatai arba fizinio poveikio.<\/li>\n\n\n\n<li>Skirta vartotojams arba profesionalams.<\/li>\n<\/ul>\n\n<p>Padedame nustatyti, ar j\u016bs\u0173 gaminiui reikia <strong>pateikti<\/strong> <strong>UFI<\/strong>, <strong>PCN<\/strong>, ar tiesiog \u017eenklinti pagal Plovikli\u0173 reglament\u0105.<\/p>\n\n<h2 class=\"wp-block-heading\" id=\"h-who-is-this-service-for\">Kam skirta \u0161i paslauga?<\/h2>\n\n<ul class=\"wp-block-list\">\n<li>Skyst\u0173 arba milteli\u0173 pavidalo plovikli\u0173 gamintojai.<\/li>\n\n\n\n<li>Valymo priemoni\u0173 ir skalbimo priemoni\u0173 importuotojai.<\/li>\n\n\n\n<li>Priva\u010di\u0173 prek\u0117s \u017eenkl\u0173 prek\u0117s \u017eenklai, kuriems reikia visapusi\u0161kos atitikties reikalavimams palaikymo.<\/li>\n\n\n\n<li>\u012emon\u0117s n\u0117ra tikros, ar j\u0173 gaminys yra pavojingas, ar ne.<\/li>\n<\/ul>\n\n<h2 class=\"wp-block-heading\" id=\"h-why-choose-ufi-eu\">Kod\u0117l verta rinktis UFI.EU?<\/h2>\n\n<ul class=\"wp-block-list\">\n<li>Ilgamet\u0119 patirt\u012f turintys <strong>CLP ir plovikli\u0173 reguliavimo ekspertai<\/strong>.<\/li>\n\n\n\n<li><strong>Greitos ir tikslios paslaugos,<\/strong> pritaikytos j\u016bs\u0173 gaminio poreikiams.<\/li>\n\n\n\n<li><strong>Ai\u0161ki kainodara<\/strong> ir asmeninis bendravimas.<\/li>\n\n\n\n<li><strong>Neprivalomi priedai:<\/strong> PCN prane\u0161imas, SDS k\u016brimas ir UFI generavimas.<\/li>\n<\/ul>\n\n<h2 class=\"wp-block-heading\" id=\"h-get-started-today\">Prad\u0117kite \u0161iandien<\/h2>\n\n<p>Nesvarbu, ar jums reikia naujos etiket\u0117s, ar norite patikrinti esam\u0105, UFI.EU pad\u0117s jums u\u017etikrinti atitikt\u012f reikalavimams.<br\/><strong>Leiskite mums pasir\u016bpinti teisin\u0117mis detal\u0117mis, kad gal\u0117tum\u0117te susitelkti \u012f savo versl\u0105<\/strong>.<\/p>\n\n<p>Spustel\u0117kite toliau esant\u012f mygtuk\u0105 ir papra\u0161ykite <strong>sukurti CLP etiket\u0119 arba patikrinti ploviklius<\/strong>.<\/p>\n","protected":false},"excerpt":{"rendered":"<p>U\u017etikrinkite visi\u0161k\u0105 atitikt\u012f CLP ir plovikli\u0173 reglamento reikalavimams, naudodamiesi m\u016bs\u0173 ekspert\u0173 paslaugomis. Mes specializuojam\u0117s pad\u0117dami \u012fmon\u0117ms laikytis teisini\u0173 reikalavim\u0173, taikom\u0173 pateikiant ploviklius \u012f Europos rink\u0105. M\u016bs\u0173 teikiamos CLP etike\u010di\u0173 k\u016brimo ir tikrinimo paslaugos u\u017etikrina, kad j\u016bs\u0173 produkt\u0173 etiket\u0117s visi\u0161kai atitikt\u0173 CLP reglamento (EB Nr. 1272\/2008) ir plovikli\u0173 reglamento (EB Nr. 648\/2004) reikalavimus. Kod\u0117l labai svarbu [&hellip;]<\/p>\n","protected":false},"featured_media":12463,"template":"","meta":[],"product_brand":[],"product_cat":[403],"product_tag":[],"class_list":{"0":"post-12768","1":"product","2":"type-product","3":"status-publish","4":"has-post-thumbnail","6":"product_cat-clp-etikete","8":"first","9":"instock","10":"virtual","11":"taxable","12":"purchasable","13":"product-type-simple"},"bundled_by":[],"bundle_stock_status":"instock","bundle_stock_quantity":null,"bundle_virtual":false,"bundle_layout":"","bundle_add_to_cart_form_location":"","bundle_editable_in_cart":false,"bundle_sold_individually_context":"","bundle_item_grouping":"","bundle_min_size":"","bundle_max_size":"","bundle_price":[],"bundled_items":[],"bundle_sell_ids":[],"yoast_head":"<!-- This site is optimized with the Yoast SEO Premium plugin v25.1 (Yoast SEO v25.1) - https:\/\/yoast.com\/wordpress\/plugins\/seo\/ -->\n<title>CLP etiket\u0117s k\u016brimas ir plovikli\u0173 atitikties patikra - UFI<\/title>\n<meta name=\"description\" content=\"M\u016bs\u0173 CLP etike\u010di\u0173 k\u016brimo ir tikrinimo paslauga u\u017etikrina, kad j\u016bs\u0173 produkt\u0173 etiket\u0117s visi\u0161kai atitikt\u0173 CLP reglamento (EB Nr. 1272\/2008) ir plovikli\u0173 reglamento (EB Nr. 648\/2004) reikalavimus.\" \/>\n<meta name=\"robots\" content=\"index, follow, max-snippet:-1, max-image-preview:large, max-video-preview:-1\" \/>\n<link rel=\"canonical\" href=\"https:\/\/www.ufi.eu\/lt\/product\/clp-etiketes-kurimas-ir-plovikliu-atitikties-patikra\/\" \/>\n<meta property=\"og:locale\" content=\"lt_LT\" \/>\n<meta property=\"og:type\" content=\"article\" \/>\n<meta property=\"og:title\" content=\"CLP etiket\u0117s k\u016brimas ir plovikli\u0173 atitikties patikra\" \/>\n<meta property=\"og:description\" content=\"M\u016bs\u0173 CLP etike\u010di\u0173 k\u016brimo ir tikrinimo paslauga u\u017etikrina, kad j\u016bs\u0173 produkt\u0173 etiket\u0117s visi\u0161kai atitikt\u0173 CLP reglamento (EB Nr. 1272\/2008) ir plovikli\u0173 reglamento (EB Nr. 648\/2004) reikalavimus.\" \/>\n<meta property=\"og:url\" content=\"https:\/\/www.ufi.eu\/lt\/product\/clp-etiketes-kurimas-ir-plovikliu-atitikties-patikra\/\" \/>\n<meta property=\"og:site_name\" content=\"UFI\" \/>\n<meta property=\"article:modified_time\" content=\"2025-04-28T12:21:22+00:00\" \/>\n<meta property=\"og:image\" content=\"https:\/\/www.ufi.eu\/wp-content\/uploads\/2025\/03\/pcn_ufi.jpg\" \/>\n\t<meta property=\"og:image:width\" content=\"1024\" \/>\n\t<meta property=\"og:image:height\" content=\"1024\" \/>\n\t<meta property=\"og:image:type\" content=\"image\/jpeg\" \/>\n<meta name=\"twitter:card\" content=\"summary_large_image\" \/>\n<meta name=\"twitter:label1\" content=\"Price\" \/>\n\t<meta name=\"twitter:data1\" content=\"&euro;50.00\" \/>\n\t<meta name=\"twitter:label2\" content=\"Availability\" \/>\n\t<meta name=\"twitter:data2\" content=\"In stock\" \/>\n<script type=\"application\/ld+json\" class=\"yoast-schema-graph\">{\"@context\":\"https:\/\/schema.org\",\"@graph\":[{\"@type\":\"WebPage\",\"@id\":\"https:\/\/www.ufi.eu\/lt\/product\/clp-etiketes-kurimas-ir-plovikliu-atitikties-patikra\/\",\"url\":\"https:\/\/www.ufi.eu\/lt\/product\/clp-etiketes-kurimas-ir-plovikliu-atitikties-patikra\/\",\"name\":\"CLP etiket\u0117s k\u016brimas ir plovikli\u0173 atitikties patikra - UFI\",\"isPartOf\":{\"@id\":\"https:\/\/www.ufi.eu\/lt\/#website\"},\"primaryImageOfPage\":{\"@id\":\"https:\/\/www.ufi.eu\/lt\/product\/clp-etiketes-kurimas-ir-plovikliu-atitikties-patikra\/#primaryimage\"},\"image\":{\"@id\":\"https:\/\/www.ufi.eu\/lt\/product\/clp-etiketes-kurimas-ir-plovikliu-atitikties-patikra\/#primaryimage\"},\"thumbnailUrl\":\"https:\/\/www.ufi.eu\/wp-content\/uploads\/2025\/03\/pcn_ufi.jpg\",\"datePublished\":\"2025-04-15T20:26:11+00:00\",\"dateModified\":\"2025-04-28T12:21:22+00:00\",\"description\":\"M\u016bs\u0173 CLP etike\u010di\u0173 k\u016brimo ir tikrinimo paslauga u\u017etikrina, kad j\u016bs\u0173 produkt\u0173 etiket\u0117s visi\u0161kai atitikt\u0173 CLP reglamento (EB Nr. 1272\/2008) ir plovikli\u0173 reglamento (EB Nr. 648\/2004) reikalavimus.\",\"breadcrumb\":{\"@id\":\"https:\/\/www.ufi.eu\/lt\/product\/clp-etiketes-kurimas-ir-plovikliu-atitikties-patikra\/#breadcrumb\"},\"inLanguage\":\"lt-LT\",\"potentialAction\":[{\"@type\":\"ReadAction\",\"target\":[\"https:\/\/www.ufi.eu\/lt\/product\/clp-etiketes-kurimas-ir-plovikliu-atitikties-patikra\/\"]}]},{\"@type\":\"ImageObject\",\"inLanguage\":\"lt-LT\",\"@id\":\"https:\/\/www.ufi.eu\/lt\/product\/clp-etiketes-kurimas-ir-plovikliu-atitikties-patikra\/#primaryimage\",\"url\":\"https:\/\/www.ufi.eu\/wp-content\/uploads\/2025\/03\/pcn_ufi.jpg\",\"contentUrl\":\"https:\/\/www.ufi.eu\/wp-content\/uploads\/2025\/03\/pcn_ufi.jpg\",\"width\":1024,\"height\":1024},{\"@type\":\"BreadcrumbList\",\"@id\":\"https:\/\/www.ufi.eu\/lt\/product\/clp-etiketes-kurimas-ir-plovikliu-atitikties-patikra\/#breadcrumb\",\"itemListElement\":[{\"@type\":\"ListItem\",\"position\":1,\"name\":\"Home\",\"item\":\"https:\/\/www.ufi.eu\/lt\/pagrindinis\/\"},{\"@type\":\"ListItem\",\"position\":2,\"name\":\"Parduotuv\u0117\",\"item\":\"https:\/\/www.ufi.eu\/lt\/parduotuve\/\"},{\"@type\":\"ListItem\",\"position\":3,\"name\":\"CLP etiket\u0117s k\u016brimas ir plovikli\u0173 atitikties patikra\"}]},{\"@type\":\"WebSite\",\"@id\":\"https:\/\/www.ufi.eu\/lt\/#website\",\"url\":\"https:\/\/www.ufi.eu\/lt\/\",\"name\":\"UFI.EU\",\"description\":\"Poison Centre Notifications (PCN) and UFI\",\"publisher\":{\"@id\":\"https:\/\/www.ufi.eu\/lt\/#organization\"},\"potentialAction\":[{\"@type\":\"SearchAction\",\"target\":{\"@type\":\"EntryPoint\",\"urlTemplate\":\"https:\/\/www.ufi.eu\/lt\/?s={search_term_string}\"},\"query-input\":{\"@type\":\"PropertyValueSpecification\",\"valueRequired\":true,\"valueName\":\"search_term_string\"}}],\"inLanguage\":\"lt-LT\"},{\"@type\":\"Organization\",\"@id\":\"https:\/\/www.ufi.eu\/lt\/#organization\",\"name\":\"UFI.EU\",\"url\":\"https:\/\/www.ufi.eu\/lt\/\",\"logo\":{\"@type\":\"ImageObject\",\"inLanguage\":\"lt-LT\",\"@id\":\"https:\/\/www.ufi.eu\/lt\/#\/schema\/logo\/image\/\",\"url\":\"https:\/\/www.ufi.eu\/wp-content\/uploads\/2025\/03\/cropped-logo_ufi3.jpg\",\"contentUrl\":\"https:\/\/www.ufi.eu\/wp-content\/uploads\/2025\/03\/cropped-logo_ufi3.jpg\",\"width\":231,\"height\":78,\"caption\":\"UFI.EU\"},\"image\":{\"@id\":\"https:\/\/www.ufi.eu\/lt\/#\/schema\/logo\/image\/\"},\"description\":\"UFI.eu specializes in digital registrations for Poison Centre Notifications (PCN), ensuring your chemical products meet EU regulatory requirements effortlessly. Our streamlined solutions help businesses stay compliant while reducing complexity and administrative burden.\",\"email\":\"info@ufi.eu\",\"legalName\":\"UFI.EU\"}]}<\/script>\n<meta property=\"product:price:amount\" content=\"50.00\" \/>\n<meta property=\"product:price:currency\" content=\"EUR\" \/>\n<meta property=\"og:availability\" content=\"instock\" \/>\n<meta property=\"product:availability\" content=\"instock\" \/>\n<meta property=\"product:condition\" content=\"new\" \/>\n<!-- \/ Yoast SEO Premium plugin. -->","yoast_head_json":{"title":"CLP etiket\u0117s k\u016brimas ir plovikli\u0173 atitikties patikra - UFI","description":"M\u016bs\u0173 CLP etike\u010di\u0173 k\u016brimo ir tikrinimo paslauga u\u017etikrina, kad j\u016bs\u0173 produkt\u0173 etiket\u0117s visi\u0161kai atitikt\u0173 CLP reglamento (EB Nr. 1272\/2008) ir plovikli\u0173 reglamento (EB Nr. 648\/2004) reikalavimus.","robots":{"index":"index","follow":"follow","max-snippet":"max-snippet:-1","max-image-preview":"max-image-preview:large","max-video-preview":"max-video-preview:-1"},"canonical":"https:\/\/www.ufi.eu\/lt\/product\/clp-etiketes-kurimas-ir-plovikliu-atitikties-patikra\/","og_locale":"lt_LT","og_type":"article","og_title":"CLP etiket\u0117s k\u016brimas ir plovikli\u0173 atitikties patikra","og_description":"M\u016bs\u0173 CLP etike\u010di\u0173 k\u016brimo ir tikrinimo paslauga u\u017etikrina, kad j\u016bs\u0173 produkt\u0173 etiket\u0117s visi\u0161kai atitikt\u0173 CLP reglamento (EB Nr. 1272\/2008) ir plovikli\u0173 reglamento (EB Nr. 648\/2004) reikalavimus.","og_url":"https:\/\/www.ufi.eu\/lt\/product\/clp-etiketes-kurimas-ir-plovikliu-atitikties-patikra\/","og_site_name":"UFI","article_modified_time":"2025-04-28T12:21:22+00:00","og_image":[{"width":1024,"height":1024,"url":"https:\/\/www.ufi.eu\/wp-content\/uploads\/2025\/03\/pcn_ufi.jpg","type":"image\/jpeg"}],"twitter_card":"summary_large_image","twitter_misc":{"Price":"&euro;50.00","Availability":"In stock"},"schema":{"@context":"https:\/\/schema.org","@graph":[{"@type":"WebPage","@id":"https:\/\/www.ufi.eu\/lt\/product\/clp-etiketes-kurimas-ir-plovikliu-atitikties-patikra\/","url":"https:\/\/www.ufi.eu\/lt\/product\/clp-etiketes-kurimas-ir-plovikliu-atitikties-patikra\/","name":"CLP etiket\u0117s k\u016brimas ir plovikli\u0173 atitikties patikra - UFI","isPartOf":{"@id":"https:\/\/www.ufi.eu\/lt\/#website"},"primaryImageOfPage":{"@id":"https:\/\/www.ufi.eu\/lt\/product\/clp-etiketes-kurimas-ir-plovikliu-atitikties-patikra\/#primaryimage"},"image":{"@id":"https:\/\/www.ufi.eu\/lt\/product\/clp-etiketes-kurimas-ir-plovikliu-atitikties-patikra\/#primaryimage"},"thumbnailUrl":"https:\/\/www.ufi.eu\/wp-content\/uploads\/2025\/03\/pcn_ufi.jpg","datePublished":"2025-04-15T20:26:11+00:00","dateModified":"2025-04-28T12:21:22+00:00","description":"M\u016bs\u0173 CLP etike\u010di\u0173 k\u016brimo ir tikrinimo paslauga u\u017etikrina, kad j\u016bs\u0173 produkt\u0173 etiket\u0117s visi\u0161kai atitikt\u0173 CLP reglamento (EB Nr. 1272\/2008) ir plovikli\u0173 reglamento (EB Nr. 648\/2004) reikalavimus.","breadcrumb":{"@id":"https:\/\/www.ufi.eu\/lt\/product\/clp-etiketes-kurimas-ir-plovikliu-atitikties-patikra\/#breadcrumb"},"inLanguage":"lt-LT","potentialAction":[{"@type":"ReadAction","target":["https:\/\/www.ufi.eu\/lt\/product\/clp-etiketes-kurimas-ir-plovikliu-atitikties-patikra\/"]}]},{"@type":"ImageObject","inLanguage":"lt-LT","@id":"https:\/\/www.ufi.eu\/lt\/product\/clp-etiketes-kurimas-ir-plovikliu-atitikties-patikra\/#primaryimage","url":"https:\/\/www.ufi.eu\/wp-content\/uploads\/2025\/03\/pcn_ufi.jpg","contentUrl":"https:\/\/www.ufi.eu\/wp-content\/uploads\/2025\/03\/pcn_ufi.jpg","width":1024,"height":1024},{"@type":"BreadcrumbList","@id":"https:\/\/www.ufi.eu\/lt\/product\/clp-etiketes-kurimas-ir-plovikliu-atitikties-patikra\/#breadcrumb","itemListElement":[{"@type":"ListItem","position":1,"name":"Home","item":"https:\/\/www.ufi.eu\/lt\/pagrindinis\/"},{"@type":"ListItem","position":2,"name":"Parduotuv\u0117","item":"https:\/\/www.ufi.eu\/lt\/parduotuve\/"},{"@type":"ListItem","position":3,"name":"CLP etiket\u0117s k\u016brimas ir plovikli\u0173 atitikties patikra"}]},{"@type":"WebSite","@id":"https:\/\/www.ufi.eu\/lt\/#website","url":"https:\/\/www.ufi.eu\/lt\/","name":"UFI.EU","description":"Poison Centre Notifications (PCN) and UFI","publisher":{"@id":"https:\/\/www.ufi.eu\/lt\/#organization"},"potentialAction":[{"@type":"SearchAction","target":{"@type":"EntryPoint","urlTemplate":"https:\/\/www.ufi.eu\/lt\/?s={search_term_string}"},"query-input":{"@type":"PropertyValueSpecification","valueRequired":true,"valueName":"search_term_string"}}],"inLanguage":"lt-LT"},{"@type":"Organization","@id":"https:\/\/www.ufi.eu\/lt\/#organization","name":"UFI.EU","url":"https:\/\/www.ufi.eu\/lt\/","logo":{"@type":"ImageObject","inLanguage":"lt-LT","@id":"https:\/\/www.ufi.eu\/lt\/#\/schema\/logo\/image\/","url":"https:\/\/www.ufi.eu\/wp-content\/uploads\/2025\/03\/cropped-logo_ufi3.jpg","contentUrl":"https:\/\/www.ufi.eu\/wp-content\/uploads\/2025\/03\/cropped-logo_ufi3.jpg","width":231,"height":78,"caption":"UFI.EU"},"image":{"@id":"https:\/\/www.ufi.eu\/lt\/#\/schema\/logo\/image\/"},"description":"UFI.eu specializes in digital registrations for Poison Centre Notifications (PCN), ensuring your chemical products meet EU regulatory requirements effortlessly. Our streamlined solutions help businesses stay compliant while reducing complexity and administrative burden.","email":"info@ufi.eu","legalName":"UFI.EU"}]},"product_price_amount":"50.00","product_price_currency":"EUR","og_availability":"instock","product_availability":"instock","product_condition":"new"},"_links":{"self":[{"href":"https:\/\/www.ufi.eu\/lt\/wp-json\/wp\/v2\/product\/12768","targetHints":{"allow":["GET"]}}],"collection":[{"href":"https:\/\/www.ufi.eu\/lt\/wp-json\/wp\/v2\/product"}],"about":[{"href":"https:\/\/www.ufi.eu\/lt\/wp-json\/wp\/v2\/types\/product"}],"wp:featuredmedia":[{"embeddable":true,"href":"https:\/\/www.ufi.eu\/lt\/wp-json\/wp\/v2\/media\/12463"}],"wp:attachment":[{"href":"https:\/\/www.ufi.eu\/lt\/wp-json\/wp\/v2\/media?parent=12768"}],"wp:term":[{"taxonomy":"product_brand","embeddable":true,"href":"https:\/\/www.ufi.eu\/lt\/wp-json\/wp\/v2\/product_brand?post=12768"},{"taxonomy":"product_cat","embeddable":true,"href":"https:\/\/www.ufi.eu\/lt\/wp-json\/wp\/v2\/product_cat?post=12768"},{"taxonomy":"product_tag","embeddable":true,"href":"https:\/\/www.ufi.eu\/lt\/wp-json\/wp\/v2\/product_tag?post=12768"}],"curies":[{"name":"wp","href":"https:\/\/api.w.org\/{rel}","templated":true}]}}