{"id":12536,"date":"2025-03-09T14:12:29","date_gmt":"2025-04-15T19:36:51","guid":{"rendered":"https:\/\/www.ufi.eu\/pcn\/be-kategorijos\/pcn-registracijos-salys\/"},"modified":"2025-05-15T16:47:45","modified_gmt":"2025-05-15T16:47:45","slug":"pcn-registracijos-salys","status":"publish","type":"product","link":"https:\/\/www.ufi.eu\/lt\/product\/pcn-registracijos-salys\/","title":{"rendered":"PCN registracijos \u0161alys"},"content":{"rendered":"\n<h2 class=\"wp-block-heading\" id=\"h-launch-your-product-across-europe-with-ease\">Lengvai paleiskite savo produkt\u0105 visoje Europoje<\/h2>\n\n<p>Registruojant gamin\u012f ES prane\u0161imui apie apsinuodijim\u0173 centr\u0105 (PCN), kiekvienoje \u0161alyje, kurioje planuojate prekiauti, reikia pateikti informacij\u0105 atitinkamai nacionalinei institucijai. Naudodamiesi m\u016bs\u0173 ES \u0161ali\u0173 PCN registracija, galite pasirinkti tikslias \u0161alis, kuriose norite pateikti savo gamin\u012f rinkai &#8211; tai suteikia jums visi\u0161k\u0105 lankstum\u0105 ir galimyb\u0119 kontroliuoti savo patekim\u0105 \u012f rink\u0105. <\/p>\n\n<h2 class=\"wp-block-heading\" id=\"h-what-you-re-purchasing\">K\u0105 perkate<\/h2>\n\n<p>\u0160is produktas leid\u017eia <strong>\u012fsigyti<\/strong> 27 ES valstybi\u0173 nari\u0173 <strong>\u0161ali\u0173 \u017eetonus<\/strong>. \u0160iuos \u017eetonus galima naudoti <strong>registruojant bet kur\u012f PCN<\/strong>, kur\u012f atliekate pas mus. \u012esigijus \u0161ali\u0173 \u017eetonus, jie <strong>\u012ftraukiami \u012f <a href=\"https:\/\/www.ufi.eu\/my-account\/points\/\">j\u016bs\u0173 PCN \u0161ali\u0173 s\u0105ra\u0161\u0105<\/a><\/strong> ir gali b\u016bti taikomi pildant m\u016bs\u0173 <strong>PCN pri\u0117mimo form\u0105<\/strong> j\u016bs\u0173 produktui.    <\/p>\n\n<p><strong>Taip pat tur\u0117site <a href=\"https:\/\/www.ufi.eu\/shop\/\">\u012fsigyti savo gaminio PKN<\/a>. \u0160is gaminys yra tik laisva \u0161alis, o ne PCN. <\/strong><\/p>\n\n<h4 class=\"wp-block-heading\">\u2705 Kaip tai veikia:<\/h4>\n\n<ol class=\"wp-block-list\">\n<li>Nustatykite <strong>\u0161alis, kuriose<\/strong> planuojate prekiauti.<\/li>\n\n\n\n<li>\u012esigykite <strong>\u0161alies \u017eeton\u0173<\/strong> skai\u010di\u0173.<\/li>\n\n\n\n<li><a href=\"https:\/\/www.ufi.eu\/lt\/naujas-produktas\/\">Pateikite mums savo gaminio pri\u0117mimo form\u0105<\/a>.<\/li>\n\n\n\n<li>Tiesiog priskirkite \u0161alis, kuriose norite, kad pateiktume j\u016bs\u0173 gamin\u012f PCN pateikti.<\/li>\n\n\n\n<li>\u0160alies simbolis i\u0161skai\u010diuojamas i\u0161 bendros sumos, kai pateikiate mums savo form\u0105.<\/li>\n<\/ol>\n\n<p>Nesvarbu, ar paleid\u017eiate vien\u0105 produkt\u0105, ar valdote vis\u0105 portfel\u012f, <strong> <a href=\"https:\/\/www.ufi.eu\/my-account\/points\/\">\u012fsigytus \u0161alies \u017eetonus<\/a><\/strong> galite <strong>naudoti<\/strong> \u012fvairiose PCN parai\u0161kose &#8211; taip sutaupysite laiko, u\u017etikrinsite atitikt\u012f ir be vargo i\u0161pl\u0117site savo dalyvavim\u0105 ES rinkoje.<\/p>\n\n<h3 class=\"wp-block-heading\" id=\"h-supported-eu-countries\">Remiamos ES \u0161alys<\/h3>\n\n<p>ES yra 27 \u0161alys, o EEE &#8211; 30 (ES+Lichten\u0161teinas, Norvegija ir Islandija) Portale galite pasirinkti vien\u0105 i\u0161 \u0161i\u0173 \u0161ali\u0173:<\/p>\n\n<figure class=\"wp-block-table\"><table class=\"has-fixed-layout\"><tbody><tr><td>Belgija<\/td><td>(BE)<\/td><td>Ispanija<\/td><td>(ES)<\/td><td>Vengrija<\/td><td>(HU)<\/td><td>Slovakija<\/td><td>(SK)<\/td><\/tr><tr><td>Bulgarija<\/td><td>(BG)<\/td><td>Pranc\u016bzija<\/td><td>(FR)<\/td><td>Malta<\/td><td>(MT)<\/td><td>Suomija<\/td><td>(FI)<\/td><\/tr><tr><td>\u010cekija<\/td><td>(CZ)<\/td><td>Kroatija<\/td><td>(HR)<\/td><td>Nyderlandai<\/td><td>(NL)<\/td><td>\u0160vedija<\/td><td>(SE)<\/td><\/tr><tr><td>Danija<\/td><td>(DK)<\/td><td>Italija<\/td><td>(IT)<\/td><td>Austrija<\/td><td>(AT)<\/td><td>Vokietija<\/td><td>(DE)<\/td><\/tr><tr><td>Kipras<\/td><td>(CY)<\/td><td>Lenkija<\/td><td>(PL)<\/td><td>Islandija<\/td><td>(IS)<\/td><td>Estija<\/td><td>(EE)<\/td><\/tr><tr><td>Latvija<\/td><td>(LV)<\/td><td>Portugalija<\/td><td>(PT)<\/td><td>Lichten\u0161teinas<\/td><td>(LI)<\/td><td>Airija<\/td><td>(IE)<\/td><\/tr><tr><td>Lietuva<\/td><td>(LT)<\/td><td>Rumunija<\/td><td>(RO)<\/td><td>Norvegija<\/td><td>(NE)<\/td><td>Graikija<\/td><td>(EL)<\/td><\/tr><tr><td>Liuksemburgas<\/td><td>(LU)<\/td><td>Slov\u0117nija<\/td><td>(SI)<\/td><td>\u0160veicarija*<\/td><td>(CH)<\/td><td><\/td><td><\/td><\/tr><\/tbody><\/table><\/figure>\n\n<p>*\u0160veicarijai galime sukurti PCN byl\u0105 su visa reikiama informacija, kad gal\u0117tum\u0117te pateikti parai\u0161k\u0105 \u0160veicarijos portale. Susisiekite su mumis d\u0117l daugiau informacijos. <\/p>\n\n<h2 class=\"wp-block-heading\" id=\"h-example-of-how-it-works\">Veikimo pavyzdys<\/h2>\n\n<p><strong>Pranc\u016bzijoje, Vokietijoje ir Ispanijoje<\/strong> pristatote nauj\u0105 valymo priemon\u0119. Tiesiog \u012fsigykite tris \u0161alis. U\u017epildydami PCN pri\u0117mimo form\u0105 su mumis, priskirsime tuos \u0161alies \u017eetonus produktui &#8211; taip u\u017etikrinsime teisin\u0119 atitikt\u012f visose trijose rinkose be atskiro pateikimo r\u016bpes\u010di\u0173.  <\/p>\n","protected":false},"excerpt":{"rendered":"<p>Pasirinkite \u0161ali\u0173, kuriose norite u\u017eregistruoti savo gamin\u012f, skai\u010di\u0173.<\/p>\n","protected":false},"featured_media":12539,"template":"","meta":[],"product_brand":[],"product_cat":[327],"product_tag":[],"class_list":{"0":"post-12536","1":"product","2":"type-product","3":"status-publish","4":"has-post-thumbnail","6":"product_cat-salys","8":"first","9":"instock","10":"virtual","11":"taxable","12":"purchasable","13":"product-type-simple"},"bundled_by":["12652","12662","12828","12944","12964","12984","13004","13032","13245","13255","13325","13345","13508","13538","13544","13568","13592","13776","13794","13812","13830","13848","14000","14024","14040","14066","14256","14368","14386","14404","14422","14440","14458","14672","14682","14694","14764","14780","14782","14787","14957","15048","15057","15242","15261","15279","15307","15351","15427","15445","15463","15481","15615","15623","15831","15859","15873","15981","15985","15997","16020","16129","16221","16249","16267","16285","16303","16535","16561","16597","16623","16633","16651","16879","16905","16915","16941","16951","16969","17213","17233","17251","17277","17295","17305","17331","17655","17673","17691","17709","17727","17737","17763","17773","17791","18010","18013","18029","18172","18219","18333","18351","18369","18387","18397","18423","18601","18745","18747","18763","18789","18979","18997","19047","19065","19083","19093","19151","19375","19401","19419","19429","19495","19513","19531","19825","19851","19871","19879","19905","19923","19933","19977","19987","20317","20335","20367","20375","20393","20403","20429","20443","20719","20743","20753","20817","20827","20853","20871","20943","21129","21145","21161","21395","21399","21409","21419","21461","21487","21579","21587","21605","21615","21621","21641","21651","21661","22047","22057","22077","22101","22111","22115","22139","22147","22613","22631","22657","22669","22695","22713","22729","22747","22765","23079","23097","23171","23189","23199","23225","23243","23253","23299","23317","23593","23619","23637","23705","23723","23741","23767","23845","23953","23968","24110","24150","31745"],"bundle_stock_status":"instock","bundle_stock_quantity":null,"bundle_virtual":false,"bundle_layout":"","bundle_add_to_cart_form_location":"","bundle_editable_in_cart":false,"bundle_sold_individually_context":"","bundle_item_grouping":"","bundle_min_size":"","bundle_max_size":"","bundle_price":[],"bundled_items":[],"bundle_sell_ids":[],"yoast_head":"<!-- This site is optimized with the Yoast SEO Premium plugin v25.1 (Yoast SEO v25.1) - https:\/\/yoast.com\/wordpress\/plugins\/seo\/ -->\n<title>PCN registracijos \u0161alys - UFI<\/title>\n<meta name=\"description\" content=\"Naudodamiesi m\u016bs\u0173 PCN registracija ES \u0161alyse, galite pasirinkti tikslias \u0161alis, kuriose norite pateikti savo produkt\u0105 rinkai, ir tai suteikia jums visi\u0161k\u0105 lankstum\u0105 ir galimyb\u0119 kontroliuoti savo rinkos pasiekiamum\u0105.\" \/>\n<meta name=\"robots\" content=\"index, follow, max-snippet:-1, max-image-preview:large, max-video-preview:-1\" \/>\n<link rel=\"canonical\" href=\"https:\/\/www.ufi.eu\/lt\/product\/pcn-registracijos-salys\/\" \/>\n<meta property=\"og:locale\" content=\"lt_LT\" \/>\n<meta property=\"og:type\" content=\"article\" \/>\n<meta property=\"og:title\" content=\"PCN registracijos \u0161alys\" \/>\n<meta property=\"og:description\" content=\"Naudodamiesi m\u016bs\u0173 PCN registracija ES \u0161alyse, galite pasirinkti tikslias \u0161alis, kuriose norite pateikti savo produkt\u0105 rinkai, ir tai suteikia jums visi\u0161k\u0105 lankstum\u0105 ir galimyb\u0119 kontroliuoti savo rinkos pasiekiamum\u0105.\" \/>\n<meta property=\"og:url\" content=\"https:\/\/www.ufi.eu\/lt\/product\/pcn-registracijos-salys\/\" \/>\n<meta property=\"og:site_name\" content=\"UFI\" \/>\n<meta property=\"article:modified_time\" content=\"2025-05-15T16:47:45+00:00\" \/>\n<meta property=\"og:image\" content=\"https:\/\/www.ufi.eu\/wp-content\/uploads\/2025\/03\/eu.jpg\" \/>\n\t<meta property=\"og:image:width\" content=\"800\" \/>\n\t<meta property=\"og:image:height\" content=\"800\" \/>\n\t<meta property=\"og:image:type\" content=\"image\/jpeg\" \/>\n<meta name=\"twitter:card\" content=\"summary_large_image\" \/>\n<meta name=\"twitter:label1\" content=\"Price\" \/>\n\t<meta name=\"twitter:data1\" content=\"&euro;35.00\" \/>\n\t<meta name=\"twitter:label2\" content=\"Availability\" \/>\n\t<meta name=\"twitter:data2\" content=\"In stock\" \/>\n<script type=\"application\/ld+json\" class=\"yoast-schema-graph\">{\"@context\":\"https:\/\/schema.org\",\"@graph\":[{\"@type\":\"WebPage\",\"@id\":\"https:\/\/www.ufi.eu\/lt\/product\/pcn-registracijos-salys\/\",\"url\":\"https:\/\/www.ufi.eu\/lt\/product\/pcn-registracijos-salys\/\",\"name\":\"PCN registracijos \u0161alys - UFI\",\"isPartOf\":{\"@id\":\"https:\/\/www.ufi.eu\/lt\/#website\"},\"primaryImageOfPage\":{\"@id\":\"https:\/\/www.ufi.eu\/lt\/product\/pcn-registracijos-salys\/#primaryimage\"},\"image\":{\"@id\":\"https:\/\/www.ufi.eu\/lt\/product\/pcn-registracijos-salys\/#primaryimage\"},\"thumbnailUrl\":\"https:\/\/www.ufi.eu\/wp-content\/uploads\/2025\/03\/eu.jpg\",\"datePublished\":\"2025-04-15T19:36:51+00:00\",\"dateModified\":\"2025-05-15T16:47:45+00:00\",\"description\":\"Naudodamiesi m\u016bs\u0173 PCN registracija ES \u0161alyse, galite pasirinkti tikslias \u0161alis, kuriose norite pateikti savo produkt\u0105 rinkai, ir tai suteikia jums visi\u0161k\u0105 lankstum\u0105 ir galimyb\u0119 kontroliuoti savo rinkos pasiekiamum\u0105.\",\"breadcrumb\":{\"@id\":\"https:\/\/www.ufi.eu\/lt\/product\/pcn-registracijos-salys\/#breadcrumb\"},\"inLanguage\":\"lt-LT\",\"potentialAction\":[{\"@type\":\"ReadAction\",\"target\":[\"https:\/\/www.ufi.eu\/lt\/product\/pcn-registracijos-salys\/\"]}]},{\"@type\":\"ImageObject\",\"inLanguage\":\"lt-LT\",\"@id\":\"https:\/\/www.ufi.eu\/lt\/product\/pcn-registracijos-salys\/#primaryimage\",\"url\":\"https:\/\/www.ufi.eu\/wp-content\/uploads\/2025\/03\/eu.jpg\",\"contentUrl\":\"https:\/\/www.ufi.eu\/wp-content\/uploads\/2025\/03\/eu.jpg\",\"width\":800,\"height\":800},{\"@type\":\"BreadcrumbList\",\"@id\":\"https:\/\/www.ufi.eu\/lt\/product\/pcn-registracijos-salys\/#breadcrumb\",\"itemListElement\":[{\"@type\":\"ListItem\",\"position\":1,\"name\":\"Home\",\"item\":\"https:\/\/www.ufi.eu\/lt\/pagrindinis\/\"},{\"@type\":\"ListItem\",\"position\":2,\"name\":\"Parduotuv\u0117\",\"item\":\"https:\/\/www.ufi.eu\/lt\/parduotuve\/\"},{\"@type\":\"ListItem\",\"position\":3,\"name\":\"PCN registracijos \u0161alys\"}]},{\"@type\":\"WebSite\",\"@id\":\"https:\/\/www.ufi.eu\/lt\/#website\",\"url\":\"https:\/\/www.ufi.eu\/lt\/\",\"name\":\"UFI.EU\",\"description\":\"Poison Centre Notifications (PCN) and UFI\",\"publisher\":{\"@id\":\"https:\/\/www.ufi.eu\/lt\/#organization\"},\"potentialAction\":[{\"@type\":\"SearchAction\",\"target\":{\"@type\":\"EntryPoint\",\"urlTemplate\":\"https:\/\/www.ufi.eu\/lt\/?s={search_term_string}\"},\"query-input\":{\"@type\":\"PropertyValueSpecification\",\"valueRequired\":true,\"valueName\":\"search_term_string\"}}],\"inLanguage\":\"lt-LT\"},{\"@type\":\"Organization\",\"@id\":\"https:\/\/www.ufi.eu\/lt\/#organization\",\"name\":\"UFI.EU\",\"url\":\"https:\/\/www.ufi.eu\/lt\/\",\"logo\":{\"@type\":\"ImageObject\",\"inLanguage\":\"lt-LT\",\"@id\":\"https:\/\/www.ufi.eu\/lt\/#\/schema\/logo\/image\/\",\"url\":\"https:\/\/www.ufi.eu\/wp-content\/uploads\/2025\/03\/cropped-logo_ufi3.jpg\",\"contentUrl\":\"https:\/\/www.ufi.eu\/wp-content\/uploads\/2025\/03\/cropped-logo_ufi3.jpg\",\"width\":231,\"height\":78,\"caption\":\"UFI.EU\"},\"image\":{\"@id\":\"https:\/\/www.ufi.eu\/lt\/#\/schema\/logo\/image\/\"},\"description\":\"UFI.eu specializes in digital registrations for Poison Centre Notifications (PCN), ensuring your chemical products meet EU regulatory requirements effortlessly. Our streamlined solutions help businesses stay compliant while reducing complexity and administrative burden.\",\"email\":\"info@ufi.eu\",\"legalName\":\"UFI.EU\"}]}<\/script>\n<meta property=\"product:price:amount\" content=\"35.00\" \/>\n<meta property=\"product:price:currency\" content=\"EUR\" \/>\n<meta property=\"og:availability\" content=\"instock\" \/>\n<meta property=\"product:availability\" content=\"instock\" \/>\n<meta property=\"product:retailer_item_id\" content=\"PCN-COUNTRIES\" \/>\n<meta property=\"product:condition\" content=\"new\" \/>\n<!-- \/ Yoast SEO Premium plugin. -->","yoast_head_json":{"title":"PCN registracijos \u0161alys - UFI","description":"Naudodamiesi m\u016bs\u0173 PCN registracija ES \u0161alyse, galite pasirinkti tikslias \u0161alis, kuriose norite pateikti savo produkt\u0105 rinkai, ir tai suteikia jums visi\u0161k\u0105 lankstum\u0105 ir galimyb\u0119 kontroliuoti savo rinkos pasiekiamum\u0105.","robots":{"index":"index","follow":"follow","max-snippet":"max-snippet:-1","max-image-preview":"max-image-preview:large","max-video-preview":"max-video-preview:-1"},"canonical":"https:\/\/www.ufi.eu\/lt\/product\/pcn-registracijos-salys\/","og_locale":"lt_LT","og_type":"article","og_title":"PCN registracijos \u0161alys","og_description":"Naudodamiesi m\u016bs\u0173 PCN registracija ES \u0161alyse, galite pasirinkti tikslias \u0161alis, kuriose norite pateikti savo produkt\u0105 rinkai, ir tai suteikia jums visi\u0161k\u0105 lankstum\u0105 ir galimyb\u0119 kontroliuoti savo rinkos pasiekiamum\u0105.","og_url":"https:\/\/www.ufi.eu\/lt\/product\/pcn-registracijos-salys\/","og_site_name":"UFI","article_modified_time":"2025-05-15T16:47:45+00:00","og_image":[{"width":800,"height":800,"url":"https:\/\/www.ufi.eu\/wp-content\/uploads\/2025\/03\/eu.jpg","type":"image\/jpeg"}],"twitter_card":"summary_large_image","twitter_misc":{"Price":"&euro;35.00","Availability":"In stock"},"schema":{"@context":"https:\/\/schema.org","@graph":[{"@type":"WebPage","@id":"https:\/\/www.ufi.eu\/lt\/product\/pcn-registracijos-salys\/","url":"https:\/\/www.ufi.eu\/lt\/product\/pcn-registracijos-salys\/","name":"PCN registracijos \u0161alys - UFI","isPartOf":{"@id":"https:\/\/www.ufi.eu\/lt\/#website"},"primaryImageOfPage":{"@id":"https:\/\/www.ufi.eu\/lt\/product\/pcn-registracijos-salys\/#primaryimage"},"image":{"@id":"https:\/\/www.ufi.eu\/lt\/product\/pcn-registracijos-salys\/#primaryimage"},"thumbnailUrl":"https:\/\/www.ufi.eu\/wp-content\/uploads\/2025\/03\/eu.jpg","datePublished":"2025-04-15T19:36:51+00:00","dateModified":"2025-05-15T16:47:45+00:00","description":"Naudodamiesi m\u016bs\u0173 PCN registracija ES \u0161alyse, galite pasirinkti tikslias \u0161alis, kuriose norite pateikti savo produkt\u0105 rinkai, ir tai suteikia jums visi\u0161k\u0105 lankstum\u0105 ir galimyb\u0119 kontroliuoti savo rinkos pasiekiamum\u0105.","breadcrumb":{"@id":"https:\/\/www.ufi.eu\/lt\/product\/pcn-registracijos-salys\/#breadcrumb"},"inLanguage":"lt-LT","potentialAction":[{"@type":"ReadAction","target":["https:\/\/www.ufi.eu\/lt\/product\/pcn-registracijos-salys\/"]}]},{"@type":"ImageObject","inLanguage":"lt-LT","@id":"https:\/\/www.ufi.eu\/lt\/product\/pcn-registracijos-salys\/#primaryimage","url":"https:\/\/www.ufi.eu\/wp-content\/uploads\/2025\/03\/eu.jpg","contentUrl":"https:\/\/www.ufi.eu\/wp-content\/uploads\/2025\/03\/eu.jpg","width":800,"height":800},{"@type":"BreadcrumbList","@id":"https:\/\/www.ufi.eu\/lt\/product\/pcn-registracijos-salys\/#breadcrumb","itemListElement":[{"@type":"ListItem","position":1,"name":"Home","item":"https:\/\/www.ufi.eu\/lt\/pagrindinis\/"},{"@type":"ListItem","position":2,"name":"Parduotuv\u0117","item":"https:\/\/www.ufi.eu\/lt\/parduotuve\/"},{"@type":"ListItem","position":3,"name":"PCN registracijos \u0161alys"}]},{"@type":"WebSite","@id":"https:\/\/www.ufi.eu\/lt\/#website","url":"https:\/\/www.ufi.eu\/lt\/","name":"UFI.EU","description":"Poison Centre Notifications (PCN) and UFI","publisher":{"@id":"https:\/\/www.ufi.eu\/lt\/#organization"},"potentialAction":[{"@type":"SearchAction","target":{"@type":"EntryPoint","urlTemplate":"https:\/\/www.ufi.eu\/lt\/?s={search_term_string}"},"query-input":{"@type":"PropertyValueSpecification","valueRequired":true,"valueName":"search_term_string"}}],"inLanguage":"lt-LT"},{"@type":"Organization","@id":"https:\/\/www.ufi.eu\/lt\/#organization","name":"UFI.EU","url":"https:\/\/www.ufi.eu\/lt\/","logo":{"@type":"ImageObject","inLanguage":"lt-LT","@id":"https:\/\/www.ufi.eu\/lt\/#\/schema\/logo\/image\/","url":"https:\/\/www.ufi.eu\/wp-content\/uploads\/2025\/03\/cropped-logo_ufi3.jpg","contentUrl":"https:\/\/www.ufi.eu\/wp-content\/uploads\/2025\/03\/cropped-logo_ufi3.jpg","width":231,"height":78,"caption":"UFI.EU"},"image":{"@id":"https:\/\/www.ufi.eu\/lt\/#\/schema\/logo\/image\/"},"description":"UFI.eu specializes in digital registrations for Poison Centre Notifications (PCN), ensuring your chemical products meet EU regulatory requirements effortlessly. Our streamlined solutions help businesses stay compliant while reducing complexity and administrative burden.","email":"info@ufi.eu","legalName":"UFI.EU"}]},"product_price_amount":"35.00","product_price_currency":"EUR","og_availability":"instock","product_availability":"instock","product_retailer_item_id":"PCN-COUNTRIES","product_condition":"new"},"_links":{"self":[{"href":"https:\/\/www.ufi.eu\/lt\/wp-json\/wp\/v2\/product\/12536","targetHints":{"allow":["GET"]}}],"collection":[{"href":"https:\/\/www.ufi.eu\/lt\/wp-json\/wp\/v2\/product"}],"about":[{"href":"https:\/\/www.ufi.eu\/lt\/wp-json\/wp\/v2\/types\/product"}],"wp:featuredmedia":[{"embeddable":true,"href":"https:\/\/www.ufi.eu\/lt\/wp-json\/wp\/v2\/media\/12539"}],"wp:attachment":[{"href":"https:\/\/www.ufi.eu\/lt\/wp-json\/wp\/v2\/media?parent=12536"}],"wp:term":[{"taxonomy":"product_brand","embeddable":true,"href":"https:\/\/www.ufi.eu\/lt\/wp-json\/wp\/v2\/product_brand?post=12536"},{"taxonomy":"product_cat","embeddable":true,"href":"https:\/\/www.ufi.eu\/lt\/wp-json\/wp\/v2\/product_cat?post=12536"},{"taxonomy":"product_tag","embeddable":true,"href":"https:\/\/www.ufi.eu\/lt\/wp-json\/wp\/v2\/product_tag?post=12536"}],"curies":[{"name":"wp","href":"https:\/\/api.w.org\/{rel}","templated":true}]}}