{"id":11242,"date":"2025-04-15T07:32:26","date_gmt":"2025-04-15T07:32:26","guid":{"rendered":"https:\/\/www.ufi.eu\/taisykles-ir-salygos\/"},"modified":"2025-04-15T07:32:27","modified_gmt":"2025-04-15T07:32:27","slug":"taisykles-ir-salygos","status":"publish","type":"page","link":"https:\/\/www.ufi.eu\/lt\/taisykles-ir-salygos\/","title":{"rendered":"Taisykl\u0117s ir s\u0105lygos"},"content":{"rendered":"\n<p><strong>\u012emon\u0117:<\/strong><br\/><strong> Registracijos adresas:<\/strong> Transistorstraat 91 &#8211; 02, 1322 CL Almere, Nyderlandai<br\/><strong>Prekybos r\u016bmai (KvK)<\/strong>: 61064939<br\/><strong>PVM MOK\u0116TOJO KODAS:<\/strong> NL854189543B01<\/p>\n\n<h2 class=\"wp-block-heading\" id=\"h-1-overview\"><strong>1. Ap\u017evalga<\/strong><\/h2>\n\n<p>\u0160i\u0105 svetain\u0119 valdo <strong>UFI.EU<\/strong>. Visoje svetain\u0117je terminai &#8220;mes&#8221;, &#8220;mus&#8221; ir &#8220;m\u016bs\u0173&#8221; rei\u0161kia <strong>UFI.EU<\/strong>. Lankydamiesi m\u016bs\u0173 svetain\u0117je ir (arba) k\u0105 nors i\u0161 m\u016bs\u0173 \u012fsigydami, j\u016bs naudojat\u0117s m\u016bs\u0173 &#8220;Paslauga&#8221; ir sutinkate laikytis toliau nurodyt\u0173 <strong>s\u0105lyg\u0173 ir nuostat\u0173<\/strong> (toliau &#8211; S\u0105lygos), \u012fskaitant visas papildomas s\u0105lygas, nuostatus ir taisykles, \u012f kurias daroma nuoroda \u0161iame puslapyje arba kurios yra susijusios su \u0161iuo puslapiu.  <\/p>\n\n<p>\u0160ios s\u0105lygos taikomos visiems svetain\u0117s naudotojams, \u012fskaitant nar\u0161ykles, pardav\u0117jus, klientus, pirk\u0117jus, prekybininkus ir turinio teik\u0117jus, bet jais neapsiribojant. Jei nesutinkate su visomis \u0161ios sutarties s\u0105lygomis, negalite naudotis svetaine ar naudotis jokiomis paslaugomis. <\/p>\n\n<p>Pasiliekame teis\u0119 bet kuriuo metu atnaujinti ar keisti \u0161ias S\u0105lygas. J\u016bs privalote reguliariai tikrinti \u0161\u012f puslap\u012f. Tolesnis naudojimasis svetaine po bet koki\u0173 pakeitim\u0173 rei\u0161kia sutikim\u0105 su tais pakeitimais.  <\/p>\n\n<h2 class=\"wp-block-heading\" id=\"h-2-online-store-terms\"><strong>2. Internetin\u0117s parduotuv\u0117s s\u0105lygos<\/strong><\/h2>\n\n<p>Sutikdami su \u0161iomis S\u0105lygomis patvirtinate, kad esate pilnametis savo gyvenamojoje \u0161alyje arba kad dav\u0117te sutikim\u0105 nepilname\u010diams, kurie naudojasi \u0161ia svetaine j\u016bs\u0173 atsakomybe.<\/p>\n\n<p>Negalite naudoti m\u016bs\u0173 produkt\u0173 ar paslaug\u0173 jokiais neteis\u0117tais ar neleistinais tikslais, taip pat naudodamiesi paslauga negalite pa\u017eeisti joki\u0173 j\u016bs\u0173 jurisdikcijoje galiojan\u010di\u0173 \u012fstatym\u0173. Pa\u017eeidus bet kuri\u0105 i\u0161 \u0161i\u0173 s\u0105lyg\u0173, j\u016bs\u0173 prieiga prie m\u016bs\u0173 paslaug\u0173 bus nedelsiant nutraukta. <\/p>\n\n<h2 class=\"wp-block-heading\" id=\"h-3-accuracy-completeness-amp-timeliness-of-information\"><strong>3. Informacijos tikslumas, i\u0161samumas ir savalaiki\u0161kumas<\/strong><\/h2>\n\n<p>Mes neatsakome, jei \u0161ioje svetain\u0117je pateikta informacija n\u0117ra tiksli, i\u0161sami ar aktuali. Med\u017eiaga pateikiama tik bendram informavimui ir ja netur\u0117t\u0173 b\u016bti remiamasi kaip vieninteliu sprendim\u0173 pri\u0117mimo pagrindu. <\/p>\n\n<p>Mes galime bet kada atnaujinti savo svetain\u0117s turin\u012f, ta\u010diau neprivalome to daryti. J\u016bs sutinkate, kad j\u016bs\u0173 pareiga yra steb\u0117ti m\u016bs\u0173 svetain\u0117s pakeitimus. <\/p>\n\n<h2 class=\"wp-block-heading\" id=\"h-4-modifications-to-services-amp-prices\"><strong>4. Paslaug\u0173 ir kain\u0173 pakeitimai<\/strong><\/h2>\n\n<p>M\u016bs\u0173 paslaug\u0173 kainos gali keistis be i\u0161ankstinio \u012fsp\u0117jimo. Pasiliekame teis\u0119 bet kuriuo metu keisti arba nutraukti paslaugos (ar jos dalies) teikim\u0105 be i\u0161ankstinio \u012fsp\u0117jimo. Mes neatsakome u\u017e bet kok\u012f paslaugos modifikavim\u0105, kainos pakeitim\u0105, sustabdym\u0105 ar nutraukim\u0105.  <\/p>\n\n<h2 class=\"wp-block-heading\" id=\"h-5-products-amp-services\"><strong>5. Produktai ir paslaugos<\/strong><\/h2>\n\n<p>Tam tikros paslaugos gali b\u016bti teikiamos tik internetu per m\u016bs\u0173 svetain\u0119. J\u0173 prieinamumas gali b\u016bti ribotas ir joms taikoma m\u016bs\u0173 Gr\u0105\u017einimo ir gr\u0105\u017einimo politika. <\/p>\n\n<p>Pasiliekame teis\u0119 apriboti m\u016bs\u0173 paslaug\u0173 pardavim\u0105 tam tikriems regionams, naudotojams ar jurisdikcijoms. Paslaug\u0173 apra\u0161ymai ir kainos gali b\u016bti kei\u010diami be i\u0161ankstinio \u012fsp\u0117jimo. Negarantuojame, kad \u012fsigyt\u0173 paslaug\u0173 kokyb\u0117 atitiks j\u016bs\u0173 l\u016bkes\u010dius.  <\/p>\n\n<h2 class=\"wp-block-heading\" id=\"h-6-accuracy-of-billing-amp-account-information\"><strong>6. Atsiskaitym\u0173 ir s\u0105skait\u0173 informacijos tikslumas<\/strong><\/h2>\n\n<p>Pasiliekame teis\u0119 atsisakyti priimti arba at\u0161aukti bet kok\u012f u\u017esakym\u0105. Sutinkate pateikti aktuali\u0105, i\u0161sami\u0105 ir tiksli\u0105 pirkimo ir paskyros informacij\u0105. Esate atsakingi u\u017e tai, kad laiku atnaujintum\u0117te savo paskyros ir mok\u0117jimo duomenis.  <\/p>\n\n<h2 class=\"wp-block-heading\" id=\"h-7-use-of-pcn-and-country-tokens\"><strong>7. PCN ir \u0161alies \u017eeton\u0173 naudojimas<\/strong><\/h2>\n\n<p>PCN ir \u0161alies \u017eetonai rei\u0161kia teises teikti PCN prane\u0161imus konkre\u010dioms ES \u0161alims. \u017detonai priskiriami kiekvienam produktui ir kiekvienai \u0161aliai. \u017detonai negr\u0105\u017einami.  <\/p>\n\n<h2 class=\"wp-block-heading\" id=\"h-8-optional-tools-amp-third-party-links\"><strong>8. Neprivalomi \u012frankiai ir tre\u010di\u0173j\u0173 \u0161ali\u0173 nuorodos<\/strong><\/h2>\n\n<p>Galime suteikti prieig\u0105 prie tre\u010di\u0173j\u0173 \u0161ali\u0173 \u012franki\u0173 be steb\u0117senos ar kontrol\u0117s. J\u016bs sutinkate naudotis \u0161iomis priemon\u0117mis savo rizika. M\u016bs\u0173 svetain\u0117je esan\u010dios tre\u010di\u0173j\u0173 \u0161ali\u0173 nuorodos gali nukreipti jus \u012f i\u0161orines svetaines. Mes neatsakome u\u017e j\u0173 turin\u012f ar praktik\u0105.   <\/p>\n\n<h2 class=\"wp-block-heading\" id=\"h-9-user-submissions-amp-feedback\"><strong>9. Vartotoj\u0173 pateiktys ir atsiliepimai<\/strong><\/h2>\n\n<p>Jei pateikiate pasi\u016blymus, id\u0117jas ar kit\u0105 med\u017eiag\u0105 (toliau &#8211; komentarai), sutinkate, kad galime juos naudoti be apribojim\u0173. Negalite skelbti neteis\u0117to, \u0161mei\u017eiki\u0161ko ar \u017ealingo turinio. U\u017e savo pateiktus komentarus atsakote tik j\u016bs.  <\/p>\n\n<h2 class=\"wp-block-heading\" id=\"h-10-personal-information\"><strong>10. Asmenin\u0117 informacija<\/strong><\/h2>\n\n<p>Asmens duomen\u0173 tvarkym\u0105 reglamentuoja m\u016bs\u0173 <a href=\"https:\/\/www.ufi.eu\/lt\/privatumo-politika\/\">privatumo politika<\/a>. Nor\u0117dami gauti daugiau informacijos, per\u017ei\u016br\u0117kite j\u0105. <\/p>\n\n<h2 class=\"wp-block-heading\" id=\"h-11-errors-inaccuracies-amp-omissions\"><strong>11. Klaidos, netikslumai ir praleidimai<\/strong><\/h2>\n\n<p>Pasiliekame teis\u0119 i\u0161taisyti bet kokias klaidas, netikslumus ar praleidimus, at\u0161aukti ar atnaujinti u\u017esakymus, jei informacija yra neteisinga, bet kuriuo metu be i\u0161ankstinio \u012fsp\u0117jimo, \u012fskaitant ir po to, kai u\u017esakymas jau pateiktas.<\/p>\n\n<h2 class=\"wp-block-heading\" id=\"h-12-prohibited-uses\"><strong>12. Draud\u017eiami naudojimo b\u016bdai<\/strong><\/h2>\n\n<p>Draud\u017eiama naudoti svetain\u0119 ar jos turin\u012f neteis\u0117tais tikslais, siekiant pa\u017eeisti intelektin\u0117s nuosavyb\u0117s teises, priekabiauti prie kit\u0173, platinti kenk\u0117ji\u0161k\u0105 programin\u0119 \u012frang\u0105, rinkti asmeninius duomenis ar trukdyti svetain\u0117s saugumui.<\/p>\n\n<h2 class=\"wp-block-heading\" id=\"h-13-disclaimer-of-warranties-limitation-of-liability\"><strong>13. Garantij\u0173 atsisakymas; atsakomyb\u0117s apribojimas<\/strong><\/h2>\n\n<p>M\u016bs\u0173 paslaugos teikiamos &#8220;kaip yra&#8221; ir &#8220;kaip galima&#8221; be joki\u0173 garantij\u0173. Mes negarantuojame nepertraukiamo ar be klaid\u0173 teikiam\u0173 paslaug\u0173 teikimo. UFI.EU, jos direktoriai, darbuotojai ar filialai jokiu b\u016bdu n\u0117ra atsakingi u\u017e bet koki\u0105 tiesiogin\u0119, netiesiogin\u0119, atsitiktin\u0119 ar netiesiogin\u0119 \u017eal\u0105, atsiradusi\u0105 d\u0117l naudojimosi m\u016bs\u0173 paslaugomis.  <\/p>\n\n<h2 class=\"wp-block-heading\" id=\"h-14-indemnification\"><strong>14. \u017dalos atlyginimas<\/strong><\/h2>\n\n<p>Sutinkate atlyginti \u017eal\u0105 ir apsaugoti UFI.EU ir jos filialus nuo bet koki\u0173 pretenzij\u0173 ar reikalavim\u0173, \u012fskaitant mokes\u010dius u\u017e teisines paslaugas, kylan\u010di\u0173 d\u0117l to, kad pa\u017eeid\u0117te \u0161ias S\u0105lygas, bet kok\u012f \u012fstatym\u0105 ar tre\u010diosios \u0161alies teises.<\/p>\n\n<h2 class=\"wp-block-heading\" id=\"h-15-severability\"><strong>15. Atskirumas<\/strong><\/h2>\n\n<p>Jei kuri nors \u0161i\u0173 S\u0105lyg\u0173 nuostata bus pripa\u017einta neteis\u0117ta arba ne\u012fgyvendinama, likusios nuostatos liks galioti.<\/p>\n\n<h2 class=\"wp-block-heading\" id=\"h-16-termination\"><strong>16. Nutraukimas<\/strong><\/h2>\n\n<p>\u0160ios S\u0105lygos galioja, jei j\u0173 nenutraukiate j\u016bs arba mes. \u0160i\u0105 sutart\u012f galime nutraukti bet kuriuo metu, jei pa\u017eeid\u017eiate \u0161ias S\u0105lygas. Nutraukus Sutart\u012f, liekate atsakingi u\u017e visas mok\u0117tinas sumas.  <\/p>\n\n<h2 class=\"wp-block-heading\" id=\"h-17-entire-agreement\"><strong>17. Visas susitarimas<\/strong><\/h2>\n\n<p>\u0160ios S\u0105lygos ir visos \u0161ioje svetain\u0117je paskelbtos taisykl\u0117s yra visas j\u016bs\u0173 ir UFI.EU susitarimas d\u0117l naudojimosi m\u016bs\u0173 paslaugomis.<\/p>\n\n<h2 class=\"wp-block-heading\" id=\"h-18-governing-law\"><strong>18. Taikytina teis\u0117<\/strong><\/h2>\n\n<p>\u0160ioms S\u0105lygoms ir bet kokiems su jomis susijusiems gin\u010dams taikoma ir jos ai\u0161kinamos pagal <strong>Nyderland\u0173 teis\u0119<\/strong>. Visos sutartys laikomos sudarytomis Almere, Nyderlanduose. <\/p>\n\n<h2 class=\"wp-block-heading\" id=\"h-19-changes-to-these-terms\"><strong>19. \u0160i\u0173 s\u0105lyg\u0173 pakeitimai<\/strong><\/h2>\n\n<p>\u0160iame puslapyje visada rasite naujausi\u0105 S\u0105lyg\u0173 versij\u0105. Pasiliekame teis\u0119 savo nuo\u017ei\u016bra atnaujinti, keisti ar pakeisti bet kuri\u0105 \u0161i\u0173 S\u0105lyg\u0173 dal\u012f. <\/p>\n","protected":false},"excerpt":{"rendered":"<p>\u012emon\u0117: Registracijos adresas: Transistorstraat 91 &#8211; 02, 1322 CL Almere, NyderlandaiPrekybos r\u016bmai (KvK): 61064939PVM MOK\u0116TOJO KODAS: NL854189543B01 1. Ap\u017evalga \u0160i\u0105 svetain\u0119 valdo UFI.EU. Visoje svetain\u0117je terminai &#8220;mes&#8221;, &#8220;mus&#8221; ir &#8220;m\u016bs\u0173&#8221; rei\u0161kia UFI.EU. Lankydamiesi m\u016bs\u0173 svetain\u0117je ir (arba) k\u0105 nors i\u0161 m\u016bs\u0173 \u012fsigydami, j\u016bs naudojat\u0117s m\u016bs\u0173 &#8220;Paslauga&#8221; ir sutinkate laikytis toliau nurodyt\u0173 s\u0105lyg\u0173 ir nuostat\u0173 (toliau [&hellip;]<\/p>\n","protected":false},"author":1,"featured_media":0,"parent":0,"menu_order":0,"comment_status":"closed","ping_status":"closed","template":"","meta":{"footnotes":""},"class_list":["post-11242","page","type-page","status-publish","hentry"],"yoast_head":"<!-- This site is optimized with the Yoast SEO Premium plugin v25.1 (Yoast SEO v25.1) - https:\/\/yoast.com\/wordpress\/plugins\/seo\/ -->\n<title>Taisykl\u0117s ir s\u0105lygos - UFI<\/title>\n<meta name=\"robots\" content=\"index, follow, max-snippet:-1, max-image-preview:large, max-video-preview:-1\" \/>\n<link rel=\"canonical\" href=\"https:\/\/www.ufi.eu\/lt\/taisykles-ir-salygos\/\" \/>\n<meta property=\"og:locale\" content=\"lt_LT\" \/>\n<meta property=\"og:type\" content=\"article\" \/>\n<meta property=\"og:title\" content=\"Taisykl\u0117s ir s\u0105lygos\" \/>\n<meta property=\"og:description\" content=\"\u012emon\u0117: Registracijos adresas: Transistorstraat 91 &#8211; 02, 1322 CL Almere, NyderlandaiPrekybos r\u016bmai (KvK): 61064939PVM MOK\u0116TOJO KODAS: NL854189543B01 1. Ap\u017evalga \u0160i\u0105 svetain\u0119 valdo UFI.EU. Visoje svetain\u0117je terminai &#8220;mes&#8221;, &#8220;mus&#8221; ir &#8220;m\u016bs\u0173&#8221; rei\u0161kia UFI.EU. Lankydamiesi m\u016bs\u0173 svetain\u0117je ir (arba) k\u0105 nors i\u0161 m\u016bs\u0173 \u012fsigydami, j\u016bs naudojat\u0117s m\u016bs\u0173 &#8220;Paslauga&#8221; ir sutinkate laikytis toliau nurodyt\u0173 s\u0105lyg\u0173 ir nuostat\u0173 (toliau [&hellip;]\" \/>\n<meta property=\"og:url\" content=\"https:\/\/www.ufi.eu\/lt\/taisykles-ir-salygos\/\" \/>\n<meta property=\"og:site_name\" content=\"UFI\" \/>\n<meta property=\"article:modified_time\" content=\"2025-04-15T07:32:27+00:00\" \/>\n<meta name=\"twitter:card\" content=\"summary_large_image\" \/>\n<meta name=\"twitter:label1\" content=\"Est. reading time\" \/>\n\t<meta name=\"twitter:data1\" content=\"5 minut\u0117\" \/>\n<script type=\"application\/ld+json\" class=\"yoast-schema-graph\">{\"@context\":\"https:\/\/schema.org\",\"@graph\":[{\"@type\":\"WebPage\",\"@id\":\"https:\/\/www.ufi.eu\/lt\/taisykles-ir-salygos\/\",\"url\":\"https:\/\/www.ufi.eu\/lt\/taisykles-ir-salygos\/\",\"name\":\"Taisykl\u0117s ir s\u0105lygos - UFI\",\"isPartOf\":{\"@id\":\"https:\/\/www.ufi.eu\/lt\/#website\"},\"datePublished\":\"2025-04-15T07:32:26+00:00\",\"dateModified\":\"2025-04-15T07:32:27+00:00\",\"breadcrumb\":{\"@id\":\"https:\/\/www.ufi.eu\/lt\/taisykles-ir-salygos\/#breadcrumb\"},\"inLanguage\":\"lt-LT\",\"potentialAction\":[{\"@type\":\"ReadAction\",\"target\":[\"https:\/\/www.ufi.eu\/lt\/taisykles-ir-salygos\/\"]}]},{\"@type\":\"BreadcrumbList\",\"@id\":\"https:\/\/www.ufi.eu\/lt\/taisykles-ir-salygos\/#breadcrumb\",\"itemListElement\":[{\"@type\":\"ListItem\",\"position\":1,\"name\":\"Home\",\"item\":\"https:\/\/www.ufi.eu\/lt\/pagrindinis\/\"},{\"@type\":\"ListItem\",\"position\":2,\"name\":\"Taisykl\u0117s ir s\u0105lygos\"}]},{\"@type\":\"WebSite\",\"@id\":\"https:\/\/www.ufi.eu\/lt\/#website\",\"url\":\"https:\/\/www.ufi.eu\/lt\/\",\"name\":\"UFI.EU\",\"description\":\"Poison Centre Notifications (PCN) and UFI\",\"publisher\":{\"@id\":\"https:\/\/www.ufi.eu\/lt\/#organization\"},\"potentialAction\":[{\"@type\":\"SearchAction\",\"target\":{\"@type\":\"EntryPoint\",\"urlTemplate\":\"https:\/\/www.ufi.eu\/lt\/?s={search_term_string}\"},\"query-input\":{\"@type\":\"PropertyValueSpecification\",\"valueRequired\":true,\"valueName\":\"search_term_string\"}}],\"inLanguage\":\"lt-LT\"},{\"@type\":\"Organization\",\"@id\":\"https:\/\/www.ufi.eu\/lt\/#organization\",\"name\":\"UFI.EU\",\"url\":\"https:\/\/www.ufi.eu\/lt\/\",\"logo\":{\"@type\":\"ImageObject\",\"inLanguage\":\"lt-LT\",\"@id\":\"https:\/\/www.ufi.eu\/lt\/#\/schema\/logo\/image\/\",\"url\":\"https:\/\/www.ufi.eu\/wp-content\/uploads\/2025\/03\/cropped-logo_ufi3.jpg\",\"contentUrl\":\"https:\/\/www.ufi.eu\/wp-content\/uploads\/2025\/03\/cropped-logo_ufi3.jpg\",\"width\":231,\"height\":78,\"caption\":\"UFI.EU\"},\"image\":{\"@id\":\"https:\/\/www.ufi.eu\/lt\/#\/schema\/logo\/image\/\"},\"description\":\"UFI.eu specializes in digital registrations for Poison Centre Notifications (PCN), ensuring your chemical products meet EU regulatory requirements effortlessly. Our streamlined solutions help businesses stay compliant while reducing complexity and administrative burden.\",\"email\":\"info@ufi.eu\",\"legalName\":\"UFI.EU\"}]}<\/script>\n<!-- \/ Yoast SEO Premium plugin. -->","yoast_head_json":{"title":"Taisykl\u0117s ir s\u0105lygos - UFI","robots":{"index":"index","follow":"follow","max-snippet":"max-snippet:-1","max-image-preview":"max-image-preview:large","max-video-preview":"max-video-preview:-1"},"canonical":"https:\/\/www.ufi.eu\/lt\/taisykles-ir-salygos\/","og_locale":"lt_LT","og_type":"article","og_title":"Taisykl\u0117s ir s\u0105lygos","og_description":"\u012emon\u0117: Registracijos adresas: Transistorstraat 91 &#8211; 02, 1322 CL Almere, NyderlandaiPrekybos r\u016bmai (KvK): 61064939PVM MOK\u0116TOJO KODAS: NL854189543B01 1. Ap\u017evalga \u0160i\u0105 svetain\u0119 valdo UFI.EU. Visoje svetain\u0117je terminai &#8220;mes&#8221;, &#8220;mus&#8221; ir &#8220;m\u016bs\u0173&#8221; rei\u0161kia UFI.EU. Lankydamiesi m\u016bs\u0173 svetain\u0117je ir (arba) k\u0105 nors i\u0161 m\u016bs\u0173 \u012fsigydami, j\u016bs naudojat\u0117s m\u016bs\u0173 &#8220;Paslauga&#8221; ir sutinkate laikytis toliau nurodyt\u0173 s\u0105lyg\u0173 ir nuostat\u0173 (toliau [&hellip;]","og_url":"https:\/\/www.ufi.eu\/lt\/taisykles-ir-salygos\/","og_site_name":"UFI","article_modified_time":"2025-04-15T07:32:27+00:00","twitter_card":"summary_large_image","twitter_misc":{"Est. reading time":"5 minut\u0117"},"schema":{"@context":"https:\/\/schema.org","@graph":[{"@type":"WebPage","@id":"https:\/\/www.ufi.eu\/lt\/taisykles-ir-salygos\/","url":"https:\/\/www.ufi.eu\/lt\/taisykles-ir-salygos\/","name":"Taisykl\u0117s ir s\u0105lygos - UFI","isPartOf":{"@id":"https:\/\/www.ufi.eu\/lt\/#website"},"datePublished":"2025-04-15T07:32:26+00:00","dateModified":"2025-04-15T07:32:27+00:00","breadcrumb":{"@id":"https:\/\/www.ufi.eu\/lt\/taisykles-ir-salygos\/#breadcrumb"},"inLanguage":"lt-LT","potentialAction":[{"@type":"ReadAction","target":["https:\/\/www.ufi.eu\/lt\/taisykles-ir-salygos\/"]}]},{"@type":"BreadcrumbList","@id":"https:\/\/www.ufi.eu\/lt\/taisykles-ir-salygos\/#breadcrumb","itemListElement":[{"@type":"ListItem","position":1,"name":"Home","item":"https:\/\/www.ufi.eu\/lt\/pagrindinis\/"},{"@type":"ListItem","position":2,"name":"Taisykl\u0117s ir s\u0105lygos"}]},{"@type":"WebSite","@id":"https:\/\/www.ufi.eu\/lt\/#website","url":"https:\/\/www.ufi.eu\/lt\/","name":"UFI.EU","description":"Poison Centre Notifications (PCN) and UFI","publisher":{"@id":"https:\/\/www.ufi.eu\/lt\/#organization"},"potentialAction":[{"@type":"SearchAction","target":{"@type":"EntryPoint","urlTemplate":"https:\/\/www.ufi.eu\/lt\/?s={search_term_string}"},"query-input":{"@type":"PropertyValueSpecification","valueRequired":true,"valueName":"search_term_string"}}],"inLanguage":"lt-LT"},{"@type":"Organization","@id":"https:\/\/www.ufi.eu\/lt\/#organization","name":"UFI.EU","url":"https:\/\/www.ufi.eu\/lt\/","logo":{"@type":"ImageObject","inLanguage":"lt-LT","@id":"https:\/\/www.ufi.eu\/lt\/#\/schema\/logo\/image\/","url":"https:\/\/www.ufi.eu\/wp-content\/uploads\/2025\/03\/cropped-logo_ufi3.jpg","contentUrl":"https:\/\/www.ufi.eu\/wp-content\/uploads\/2025\/03\/cropped-logo_ufi3.jpg","width":231,"height":78,"caption":"UFI.EU"},"image":{"@id":"https:\/\/www.ufi.eu\/lt\/#\/schema\/logo\/image\/"},"description":"UFI.eu specializes in digital registrations for Poison Centre Notifications (PCN), ensuring your chemical products meet EU regulatory requirements effortlessly. Our streamlined solutions help businesses stay compliant while reducing complexity and administrative burden.","email":"info@ufi.eu","legalName":"UFI.EU"}]}},"_links":{"self":[{"href":"https:\/\/www.ufi.eu\/lt\/wp-json\/wp\/v2\/pages\/11242","targetHints":{"allow":["GET"]}}],"collection":[{"href":"https:\/\/www.ufi.eu\/lt\/wp-json\/wp\/v2\/pages"}],"about":[{"href":"https:\/\/www.ufi.eu\/lt\/wp-json\/wp\/v2\/types\/page"}],"author":[{"embeddable":true,"href":"https:\/\/www.ufi.eu\/lt\/wp-json\/wp\/v2\/users\/1"}],"replies":[{"embeddable":true,"href":"https:\/\/www.ufi.eu\/lt\/wp-json\/wp\/v2\/comments?post=11242"}],"version-history":[{"count":1,"href":"https:\/\/www.ufi.eu\/lt\/wp-json\/wp\/v2\/pages\/11242\/revisions"}],"predecessor-version":[{"id":11246,"href":"https:\/\/www.ufi.eu\/lt\/wp-json\/wp\/v2\/pages\/11242\/revisions\/11246"}],"wp:attachment":[{"href":"https:\/\/www.ufi.eu\/lt\/wp-json\/wp\/v2\/media?parent=11242"}],"curies":[{"name":"wp","href":"https:\/\/api.w.org\/{rel}","templated":true}]}}