{"id":31713,"date":"2025-09-24T14:37:30","date_gmt":"2025-09-24T14:37:30","guid":{"rendered":"https:\/\/www.ufi.eu\/product\/tutti-i-paesi-see-per-il-bundle-di-registrazione-pcn\/"},"modified":"2025-09-24T14:37:35","modified_gmt":"2025-09-24T14:37:35","slug":"tutti-i-paesi-see-per-il-bundle-di-registrazione-pcn","status":"publish","type":"product","link":"https:\/\/www.ufi.eu\/it\/product\/tutti-i-paesi-see-per-il-bundle-di-registrazione-pcn\/","title":{"rendered":"Tutti i Paesi SEE per il Bundle di registrazione PCN"},"content":{"rendered":"\n<h2 class=\"wp-block-heading\" id=\"h-launch-your-product-across-europe-with-ease\">Lancia il suo prodotto in tutta Europa con facilit\u00e0<\/h2>\n\n<p>Quando registra il suo prodotto per la notifica ai centri antiveleni dell&#8217;UE (PCN), ogni Paese in cui intende vendere richiede la presentazione alle rispettive autorit\u00e0 nazionali. Con la nostra Registrazione Paesi UE per PCN, pu\u00f2 selezionare i Paesi esatti in cui desidera lanciare il suo prodotto, garantendole la massima flessibilit\u00e0 e il controllo della sua portata sul mercato.<\/p>\n\n<h2 class=\"wp-block-heading\" id=\"h-what-you-re-purchasing\">Cosa sta acquistando<\/h2>\n\n<p>Questo prodotto \u00e8 un <strong>pacchetto bundle per tutti i Paesi SEE<\/strong>. Questi 30 token possono essere utilizzati <strong>con qualsiasi registrazione PCN<\/strong> effettuata con noi. Una volta acquistati, i Paesi vengono <strong>aggiunti al <a href=\"https:\/\/www.ufi.eu\/my-account\/points\/\">suo elenco di Paesi PCN<\/a><\/strong> e possono essere applicati al momento della compilazione del nostro <strong>modulo di registrazione PCN<\/strong> per il suo prodotto.  <\/p>\n\n<p><strong>Dovr\u00e0 anche <a href=\"https:\/\/www.ufi.eu\/shop\/\">acquistare un PCN per il suo prodotto<\/a>. Questo prodotto \u00e8 solo un paese libero, non il PCN. <\/strong><\/p>\n\n<h4 class=\"wp-block-heading\">\u2705 Come funziona:<\/h4>\n\n<ol class=\"wp-block-list\">\n<li>Determinare <strong>i Paesi<\/strong> in cui intende vendere.<\/li>\n\n\n\n<li>Acquisti il numero di <strong>gettoni Paese<\/strong>.<\/li>\n\n\n\n<li>Ci <a href=\"https:\/\/www.ufi.eu\/it\/nuovo-prodotto\/\">invii il modulo di accettazione del suo prodotto<\/a>.<\/li>\n\n\n\n<li>Basta assegnare i Paesi in cui desidera che inviamo il suo prodotto per la presentazione del PCN.<\/li>\n\n\n\n<li>Il gettone paese viene detratto dal suo totale quando invia il suo modulo a noi.<\/li>\n<\/ol>\n\n<p>Sia che stia lanciando un solo prodotto o gestendo un intero portafoglio, pu\u00f2 <strong>utilizzare <a href=\"https:\/\/www.ufi.eu\/my-account\/points\/\">i token paese acquistati<\/a><\/strong> per diversi invii di PCN, risparmiando tempo, garantendo la conformit\u00e0 ed espandendo la sua presenza sul mercato dell&#8217;UE senza sforzo.<\/p>\n\n<h3 class=\"wp-block-heading\" id=\"h-supported-eu-countries\">Paesi UE supportati<\/h3>\n\n<p>L&#8217;UE conta 27 Paesi e il SEE ne conta 30 (UE+Lichtenstein, Norvegia e Islanda) Nel portale pu\u00f2 selezionare questi Paesi:<\/p>\n\n<figure class=\"wp-block-table\"><table class=\"has-fixed-layout\"><tbody><tr><td>Belgio<\/td><td>(BE)<\/td><td>Spagna<\/td><td>(ES)<\/td><td>Ungheria<\/td><td>(HU)<\/td><td>Slovacchia<\/td><td>(SK)<\/td><\/tr><tr><td>Bulgaria<\/td><td>(BG)<\/td><td>Francia<\/td><td>(FR)<\/td><td>Malta<\/td><td>(MT)<\/td><td>Finlandia<\/td><td>(FI)<\/td><\/tr><tr><td>Cechia<\/td><td>(CZ)<\/td><td>Croazia<\/td><td>(HR)<\/td><td>Paesi Bassi<\/td><td>(NL)<\/td><td>Svezia<\/td><td>(SE)<\/td><\/tr><tr><td>Danimarca<\/td><td>(DK)<\/td><td>Italia<\/td><td>(IT)<\/td><td>Austria<\/td><td>(AT)<\/td><td>Germania<\/td><td>(DE)<\/td><\/tr><tr><td>Cipro<\/td><td>(CY)<\/td><td>Polonia<\/td><td>(PL)<\/td><td>Islanda<\/td><td>(IS)<\/td><td>Estonia<\/td><td>(EE)<\/td><\/tr><tr><td>Lettonia<\/td><td>(LV)<\/td><td>Portogallo<\/td><td>(PT)<\/td><td>Liechtenstein<\/td><td>(LI)<\/td><td>Irlanda<\/td><td>(IE)<\/td><\/tr><tr><td>Lituania<\/td><td>(LT)<\/td><td>Romania<\/td><td>(RO)<\/td><td>Norvegia<\/td><td>(NO)<\/td><td>Grecia<\/td><td>(EL)<\/td><\/tr><tr><td>Lussemburgo<\/td><td>(LU)<\/td><td>Slovenia<\/td><td>(SI)<\/td><td>Svizzera*<\/td><td>(CH)<\/td><td><\/td><td><\/td><\/tr><\/tbody><\/table><\/figure>\n\n<p>*Per la Svizzera possiamo creare il dossier PCN, con tutte le informazioni necessarie per effettuare una presentazione nel portale svizzero. Ci contatti per maggiori informazioni. <\/p>\n\n<h2 class=\"wp-block-heading\" id=\"h-example-of-how-it-works\">Esempio di come funziona<\/h2>\n\n<p>Sta lanciando un nuovo prodotto per la pulizia in <strong>Francia, Germania e Spagna<\/strong>. Basta acquistare tre Paesi. Quando completer\u00e0 il modulo di accettazione del PCN con noi, assegner\u00e0 questi token paese al prodotto, assicurando la conformit\u00e0 legale in tutti e tre i mercati senza il fastidio di invii individuali.  <\/p>\n\n<p><\/p>\n","protected":false},"excerpt":{"rendered":"<p>Lancia il suo prodotto in tutta Europa con facilit\u00e0 Quando registra il suo prodotto per la notifica ai centri antiveleni dell&#8217;UE (PCN), ogni Paese in cui intende vendere richiede la presentazione alle rispettive autorit\u00e0 nazionali. Con la nostra Registrazione Paesi UE per PCN, pu\u00f2 selezionare i Paesi esatti in cui desidera lanciare il suo prodotto, [&hellip;]<\/p>\n","protected":false},"featured_media":12598,"template":"","meta":[],"product_brand":[],"product_cat":[296],"product_tag":[],"class_list":{"0":"post-31713","1":"product","2":"type-product","3":"status-publish","4":"has-post-thumbnail","6":"product_cat-scheda-di-sicurezza","8":"first","9":"instock","10":"taxable","11":"shipping-taxable","12":"purchasable","13":"product-type-simple"},"bundled_by":["31734"],"bundle_stock_status":"instock","bundle_stock_quantity":null,"bundle_virtual":false,"bundle_layout":"","bundle_add_to_cart_form_location":"","bundle_editable_in_cart":false,"bundle_sold_individually_context":"","bundle_item_grouping":"","bundle_min_size":"","bundle_max_size":"","bundle_price":[],"bundled_items":[],"bundle_sell_ids":[],"yoast_head":"<!-- This site is optimized with the Yoast SEO Premium plugin v25.1 (Yoast SEO v25.1) - https:\/\/yoast.com\/wordpress\/plugins\/seo\/ -->\n<title>Tutti i Paesi SEE per il Bundle di registrazione PCN - UFI<\/title>\n<meta name=\"description\" content=\"Questo prodotto \u00e8 un pacchetto bundle per tutti i Paesi SEE. Questi 30 token possono essere utilizzati con qualsiasi registrazione PCN effettuata con noi. Una volta acquistati, i Paesi vengono aggiunti al suo elenco di Paesi PCN e possono essere applicati al momento della compilazione del nostro modulo di registrazione PCN per il suo prodotto.\" \/>\n<meta name=\"robots\" content=\"index, follow, max-snippet:-1, max-image-preview:large, max-video-preview:-1\" \/>\n<link rel=\"canonical\" href=\"https:\/\/www.ufi.eu\/it\/product\/tutti-i-paesi-see-per-il-bundle-di-registrazione-pcn\/\" \/>\n<meta property=\"og:locale\" content=\"it_IT\" \/>\n<meta property=\"og:type\" content=\"article\" \/>\n<meta property=\"og:title\" content=\"Tutti i Paesi SEE per il Bundle di registrazione PCN\" \/>\n<meta property=\"og:description\" content=\"Questo prodotto \u00e8 un pacchetto bundle per tutti i Paesi SEE. Questi 30 token possono essere utilizzati con qualsiasi registrazione PCN effettuata con noi. Una volta acquistati, i Paesi vengono aggiunti al suo elenco di Paesi PCN e possono essere applicati al momento della compilazione del nostro modulo di registrazione PCN per il suo prodotto.\" \/>\n<meta property=\"og:url\" content=\"https:\/\/www.ufi.eu\/it\/product\/tutti-i-paesi-see-per-il-bundle-di-registrazione-pcn\/\" \/>\n<meta property=\"og:site_name\" content=\"UFI\" \/>\n<meta property=\"article:modified_time\" content=\"2025-09-24T14:37:35+00:00\" \/>\n<meta property=\"og:image\" content=\"https:\/\/www.ufi.eu\/wp-content\/uploads\/2025\/03\/eu.jpg\" \/>\n\t<meta property=\"og:image:width\" content=\"800\" \/>\n\t<meta property=\"og:image:height\" content=\"800\" \/>\n\t<meta property=\"og:image:type\" content=\"image\/jpeg\" \/>\n<meta name=\"twitter:card\" content=\"summary_large_image\" \/>\n<meta name=\"twitter:label1\" content=\"Prezzo\" \/>\n\t<meta name=\"twitter:data1\" content=\"&euro;415.00\" \/>\n\t<meta name=\"twitter:label2\" content=\"Disponibilit\u00e0\" \/>\n\t<meta name=\"twitter:data2\" content=\"In stock\" \/>\n<script type=\"application\/ld+json\" class=\"yoast-schema-graph\">{\"@context\":\"https:\/\/schema.org\",\"@graph\":[{\"@type\":\"WebPage\",\"@id\":\"https:\/\/www.ufi.eu\/it\/product\/tutti-i-paesi-see-per-il-bundle-di-registrazione-pcn\/\",\"url\":\"https:\/\/www.ufi.eu\/it\/product\/tutti-i-paesi-see-per-il-bundle-di-registrazione-pcn\/\",\"name\":\"Tutti i Paesi SEE per il Bundle di registrazione PCN - UFI\",\"isPartOf\":{\"@id\":\"https:\/\/www.ufi.eu\/it\/#website\"},\"primaryImageOfPage\":{\"@id\":\"https:\/\/www.ufi.eu\/it\/product\/tutti-i-paesi-see-per-il-bundle-di-registrazione-pcn\/#primaryimage\"},\"image\":{\"@id\":\"https:\/\/www.ufi.eu\/it\/product\/tutti-i-paesi-see-per-il-bundle-di-registrazione-pcn\/#primaryimage\"},\"thumbnailUrl\":\"https:\/\/www.ufi.eu\/wp-content\/uploads\/2025\/03\/eu.jpg\",\"datePublished\":\"2025-09-24T14:37:30+00:00\",\"dateModified\":\"2025-09-24T14:37:35+00:00\",\"description\":\"Questo prodotto \u00e8 un pacchetto bundle per tutti i Paesi SEE. Questi 30 token possono essere utilizzati con qualsiasi registrazione PCN effettuata con noi. Una volta acquistati, i Paesi vengono aggiunti al suo elenco di Paesi PCN e possono essere applicati al momento della compilazione del nostro modulo di registrazione PCN per il suo prodotto.\",\"breadcrumb\":{\"@id\":\"https:\/\/www.ufi.eu\/it\/product\/tutti-i-paesi-see-per-il-bundle-di-registrazione-pcn\/#breadcrumb\"},\"inLanguage\":\"it-IT\",\"potentialAction\":[{\"@type\":\"ReadAction\",\"target\":[\"https:\/\/www.ufi.eu\/it\/product\/tutti-i-paesi-see-per-il-bundle-di-registrazione-pcn\/\"]}]},{\"@type\":\"ImageObject\",\"inLanguage\":\"it-IT\",\"@id\":\"https:\/\/www.ufi.eu\/it\/product\/tutti-i-paesi-see-per-il-bundle-di-registrazione-pcn\/#primaryimage\",\"url\":\"https:\/\/www.ufi.eu\/wp-content\/uploads\/2025\/03\/eu.jpg\",\"contentUrl\":\"https:\/\/www.ufi.eu\/wp-content\/uploads\/2025\/03\/eu.jpg\",\"width\":800,\"height\":800},{\"@type\":\"BreadcrumbList\",\"@id\":\"https:\/\/www.ufi.eu\/it\/product\/tutti-i-paesi-see-per-il-bundle-di-registrazione-pcn\/#breadcrumb\",\"itemListElement\":[{\"@type\":\"ListItem\",\"position\":1,\"name\":\"Home\",\"item\":\"https:\/\/www.ufi.eu\/it\/casa\/\"},{\"@type\":\"ListItem\",\"position\":2,\"name\":\"Negozio\",\"item\":\"https:\/\/www.ufi.eu\/it\/negozio\/\"},{\"@type\":\"ListItem\",\"position\":3,\"name\":\"Tutti i Paesi SEE per il Bundle di registrazione PCN\"}]},{\"@type\":\"WebSite\",\"@id\":\"https:\/\/www.ufi.eu\/it\/#website\",\"url\":\"https:\/\/www.ufi.eu\/it\/\",\"name\":\"UFI.EU\",\"description\":\"Poison Centre Notifications (PCN) and UFI\",\"publisher\":{\"@id\":\"https:\/\/www.ufi.eu\/it\/#organization\"},\"potentialAction\":[{\"@type\":\"SearchAction\",\"target\":{\"@type\":\"EntryPoint\",\"urlTemplate\":\"https:\/\/www.ufi.eu\/it\/?s={search_term_string}\"},\"query-input\":{\"@type\":\"PropertyValueSpecification\",\"valueRequired\":true,\"valueName\":\"search_term_string\"}}],\"inLanguage\":\"it-IT\"},{\"@type\":\"Organization\",\"@id\":\"https:\/\/www.ufi.eu\/it\/#organization\",\"name\":\"UFI.EU\",\"url\":\"https:\/\/www.ufi.eu\/it\/\",\"logo\":{\"@type\":\"ImageObject\",\"inLanguage\":\"it-IT\",\"@id\":\"https:\/\/www.ufi.eu\/it\/#\/schema\/logo\/image\/\",\"url\":\"https:\/\/www.ufi.eu\/wp-content\/uploads\/2025\/03\/cropped-logo_ufi3.jpg\",\"contentUrl\":\"https:\/\/www.ufi.eu\/wp-content\/uploads\/2025\/03\/cropped-logo_ufi3.jpg\",\"width\":231,\"height\":78,\"caption\":\"UFI.EU\"},\"image\":{\"@id\":\"https:\/\/www.ufi.eu\/it\/#\/schema\/logo\/image\/\"},\"description\":\"UFI.eu specializes in digital registrations for Poison Centre Notifications (PCN), ensuring your chemical products meet EU regulatory requirements effortlessly. Our streamlined solutions help businesses stay compliant while reducing complexity and administrative burden.\",\"email\":\"info@ufi.eu\",\"legalName\":\"UFI.EU\"}]}<\/script>\n<meta property=\"product:price:amount\" content=\"415.00\" \/>\n<meta property=\"product:price:currency\" content=\"EUR\" \/>\n<meta property=\"og:availability\" content=\"instock\" \/>\n<meta property=\"product:availability\" content=\"instock\" \/>\n<meta property=\"product:condition\" content=\"new\" \/>\n<!-- \/ Yoast SEO Premium plugin. -->","yoast_head_json":{"title":"Tutti i Paesi SEE per il Bundle di registrazione PCN - UFI","description":"Questo prodotto \u00e8 un pacchetto bundle per tutti i Paesi SEE. Questi 30 token possono essere utilizzati con qualsiasi registrazione PCN effettuata con noi. Una volta acquistati, i Paesi vengono aggiunti al suo elenco di Paesi PCN e possono essere applicati al momento della compilazione del nostro modulo di registrazione PCN per il suo prodotto.","robots":{"index":"index","follow":"follow","max-snippet":"max-snippet:-1","max-image-preview":"max-image-preview:large","max-video-preview":"max-video-preview:-1"},"canonical":"https:\/\/www.ufi.eu\/it\/product\/tutti-i-paesi-see-per-il-bundle-di-registrazione-pcn\/","og_locale":"it_IT","og_type":"article","og_title":"Tutti i Paesi SEE per il Bundle di registrazione PCN","og_description":"Questo prodotto \u00e8 un pacchetto bundle per tutti i Paesi SEE. Questi 30 token possono essere utilizzati con qualsiasi registrazione PCN effettuata con noi. Una volta acquistati, i Paesi vengono aggiunti al suo elenco di Paesi PCN e possono essere applicati al momento della compilazione del nostro modulo di registrazione PCN per il suo prodotto.","og_url":"https:\/\/www.ufi.eu\/it\/product\/tutti-i-paesi-see-per-il-bundle-di-registrazione-pcn\/","og_site_name":"UFI","article_modified_time":"2025-09-24T14:37:35+00:00","og_image":[{"width":800,"height":800,"url":"https:\/\/www.ufi.eu\/wp-content\/uploads\/2025\/03\/eu.jpg","type":"image\/jpeg"}],"twitter_card":"summary_large_image","twitter_misc":{"Prezzo":"&euro;415.00","Disponibilit\u00e0":"In stock"},"schema":{"@context":"https:\/\/schema.org","@graph":[{"@type":"WebPage","@id":"https:\/\/www.ufi.eu\/it\/product\/tutti-i-paesi-see-per-il-bundle-di-registrazione-pcn\/","url":"https:\/\/www.ufi.eu\/it\/product\/tutti-i-paesi-see-per-il-bundle-di-registrazione-pcn\/","name":"Tutti i Paesi SEE per il Bundle di registrazione PCN - UFI","isPartOf":{"@id":"https:\/\/www.ufi.eu\/it\/#website"},"primaryImageOfPage":{"@id":"https:\/\/www.ufi.eu\/it\/product\/tutti-i-paesi-see-per-il-bundle-di-registrazione-pcn\/#primaryimage"},"image":{"@id":"https:\/\/www.ufi.eu\/it\/product\/tutti-i-paesi-see-per-il-bundle-di-registrazione-pcn\/#primaryimage"},"thumbnailUrl":"https:\/\/www.ufi.eu\/wp-content\/uploads\/2025\/03\/eu.jpg","datePublished":"2025-09-24T14:37:30+00:00","dateModified":"2025-09-24T14:37:35+00:00","description":"Questo prodotto \u00e8 un pacchetto bundle per tutti i Paesi SEE. Questi 30 token possono essere utilizzati con qualsiasi registrazione PCN effettuata con noi. Una volta acquistati, i Paesi vengono aggiunti al suo elenco di Paesi PCN e possono essere applicati al momento della compilazione del nostro modulo di registrazione PCN per il suo prodotto.","breadcrumb":{"@id":"https:\/\/www.ufi.eu\/it\/product\/tutti-i-paesi-see-per-il-bundle-di-registrazione-pcn\/#breadcrumb"},"inLanguage":"it-IT","potentialAction":[{"@type":"ReadAction","target":["https:\/\/www.ufi.eu\/it\/product\/tutti-i-paesi-see-per-il-bundle-di-registrazione-pcn\/"]}]},{"@type":"ImageObject","inLanguage":"it-IT","@id":"https:\/\/www.ufi.eu\/it\/product\/tutti-i-paesi-see-per-il-bundle-di-registrazione-pcn\/#primaryimage","url":"https:\/\/www.ufi.eu\/wp-content\/uploads\/2025\/03\/eu.jpg","contentUrl":"https:\/\/www.ufi.eu\/wp-content\/uploads\/2025\/03\/eu.jpg","width":800,"height":800},{"@type":"BreadcrumbList","@id":"https:\/\/www.ufi.eu\/it\/product\/tutti-i-paesi-see-per-il-bundle-di-registrazione-pcn\/#breadcrumb","itemListElement":[{"@type":"ListItem","position":1,"name":"Home","item":"https:\/\/www.ufi.eu\/it\/casa\/"},{"@type":"ListItem","position":2,"name":"Negozio","item":"https:\/\/www.ufi.eu\/it\/negozio\/"},{"@type":"ListItem","position":3,"name":"Tutti i Paesi SEE per il Bundle di registrazione PCN"}]},{"@type":"WebSite","@id":"https:\/\/www.ufi.eu\/it\/#website","url":"https:\/\/www.ufi.eu\/it\/","name":"UFI.EU","description":"Poison Centre Notifications (PCN) and UFI","publisher":{"@id":"https:\/\/www.ufi.eu\/it\/#organization"},"potentialAction":[{"@type":"SearchAction","target":{"@type":"EntryPoint","urlTemplate":"https:\/\/www.ufi.eu\/it\/?s={search_term_string}"},"query-input":{"@type":"PropertyValueSpecification","valueRequired":true,"valueName":"search_term_string"}}],"inLanguage":"it-IT"},{"@type":"Organization","@id":"https:\/\/www.ufi.eu\/it\/#organization","name":"UFI.EU","url":"https:\/\/www.ufi.eu\/it\/","logo":{"@type":"ImageObject","inLanguage":"it-IT","@id":"https:\/\/www.ufi.eu\/it\/#\/schema\/logo\/image\/","url":"https:\/\/www.ufi.eu\/wp-content\/uploads\/2025\/03\/cropped-logo_ufi3.jpg","contentUrl":"https:\/\/www.ufi.eu\/wp-content\/uploads\/2025\/03\/cropped-logo_ufi3.jpg","width":231,"height":78,"caption":"UFI.EU"},"image":{"@id":"https:\/\/www.ufi.eu\/it\/#\/schema\/logo\/image\/"},"description":"UFI.eu specializes in digital registrations for Poison Centre Notifications (PCN), ensuring your chemical products meet EU regulatory requirements effortlessly. Our streamlined solutions help businesses stay compliant while reducing complexity and administrative burden.","email":"info@ufi.eu","legalName":"UFI.EU"}]},"product_price_amount":"415.00","product_price_currency":"EUR","og_availability":"instock","product_availability":"instock","product_condition":"new"},"_links":{"self":[{"href":"https:\/\/www.ufi.eu\/it\/wp-json\/wp\/v2\/product\/31713","targetHints":{"allow":["GET"]}}],"collection":[{"href":"https:\/\/www.ufi.eu\/it\/wp-json\/wp\/v2\/product"}],"about":[{"href":"https:\/\/www.ufi.eu\/it\/wp-json\/wp\/v2\/types\/product"}],"wp:featuredmedia":[{"embeddable":true,"href":"https:\/\/www.ufi.eu\/it\/wp-json\/wp\/v2\/media\/12598"}],"wp:attachment":[{"href":"https:\/\/www.ufi.eu\/it\/wp-json\/wp\/v2\/media?parent=31713"}],"wp:term":[{"taxonomy":"product_brand","embeddable":true,"href":"https:\/\/www.ufi.eu\/it\/wp-json\/wp\/v2\/product_brand?post=31713"},{"taxonomy":"product_cat","embeddable":true,"href":"https:\/\/www.ufi.eu\/it\/wp-json\/wp\/v2\/product_cat?post=31713"},{"taxonomy":"product_tag","embeddable":true,"href":"https:\/\/www.ufi.eu\/it\/wp-json\/wp\/v2\/product_tag?post=31713"}],"curies":[{"name":"wp","href":"https:\/\/api.w.org\/{rel}","templated":true}]}}