{"id":20447,"date":"2025-03-20T08:26:04","date_gmt":"2025-04-17T09:16:33","guid":{"rendered":"https:\/\/www.ufi.eu\/pcn\/senza-categoria\/pcn-e-ufi-per-le-miscele-di-fragranze\/"},"modified":"2025-04-17T09:16:33","modified_gmt":"2025-04-17T09:16:33","slug":"pcn-e-ufi-per-le-miscele-di-fragranze","status":"publish","type":"product","link":"https:\/\/www.ufi.eu\/it\/product\/pcn-e-ufi-per-le-miscele-di-fragranze\/","title":{"rendered":"PCN e UFI per le miscele di fragranze"},"content":{"rendered":"<h2>Come funziona il servizio di creazione di UFI e di notifica di PCN?<\/h2>\n<p>Dopo aver acquistato questo servizio, ricever\u00e0 l&#8217;accesso al portale sicuro. Questo portale contiene una panoramica di tutte le fasi.  Inserisca i dettagli del suo prodotto e noi ci metteremo al lavoro.<\/p>\n<h3>Notifica del Centro Antiveleni e UFI<\/h3>\n<p>Vi forniremo:<\/p>\n<ul>\n<li>L&#8217;Identificatore Unico di Formula (UFI) del suo prodotto.<\/li>\n<li>Un rapporto di notifica al Centro Antiveleni (PCN)<\/li>\n<li>Registrazione del suo prodotto presso i Centri Antiveleni nazionali competenti tramite l&#8217;ECHA.<\/li>\n<\/ul>\n<h3>Paesi per la registrazione del PCN<\/h3>\n<p>Pu\u00f2 contare il numero di Paesi in cui desidera registrare il suo prodotto. Questo \u00e8 il numero di Paesi che deve acquistare.  Potr\u00e0 selezionare i Paesi specifici all&#8217;interno del portale. Se intende espandere le vendite dei suoi prodotti a nuovi Paesi in un secondo momento, pu\u00f2 sempre ordinare <a href=\"https:\/\/www.ufi.eu\/it\/pcn\/paesi\/paesi-per-la-registrazione-del-pcn\/\" target=\"_blank\" title=\"Registrazioni dei Paesi PCN\">registrazioni di Paesi PCN<\/a> aggiuntivi.<br \/>L&#8217;UE ha 27 Paesi e il SEE ne ha 30 (UE+Lichtenstein, Norvegia e Islanda) Nel portale pu\u00f2 selezionare questi Paesi: <\/p>\n<table cellpadding=\"2\" cellspacing=\"0\" border=\"1\">\n<tbody>\n<tr>\n<td>Belgio<\/td>\n<td>(BE)<\/td>\n<td>Spagna<\/td>\n<td>(ES)<\/td>\n<td>Ungheria<\/td>\n<td>(HU)<\/td>\n<td>Slovacchia<\/td>\n<td>(SK)<\/td>\n<\/tr>\n<tr>\n<td>Bulgaria<\/td>\n<td>(BG)<\/td>\n<td>Francia<\/td>\n<td>(FR)<\/td>\n<td>Malta<\/td>\n<td>(MT)<\/td>\n<td>Finlandia<\/td>\n<td>(FI)<\/td>\n<\/tr>\n<tr>\n<td>Cechia<\/td>\n<td>(CZ)<\/td>\n<td>Croazia<\/td>\n<td>(HR)<\/td>\n<td>Paesi Bassi<\/td>\n<td>(NL)<\/td>\n<td>Svezia<\/td>\n<td>(SE)<\/td>\n<\/tr>\n<tr>\n<td>Danimarca<\/td>\n<td>(DK)<\/td>\n<td>Italia<\/td>\n<td>(IT)<\/td>\n<td>Austria<\/td>\n<td>(AT)<\/td>\n<td>Germania<\/td>\n<td>(DE)<\/td>\n<\/tr>\n<tr>\n<td>Cipro<\/td>\n<td>(CY)<\/td>\n<td>Polonia<\/td>\n<td>(PL)<\/td>\n<td>Islanda<\/td>\n<td>(IS)<\/td>\n<td>Estonia<\/td>\n<td>(EE)<\/td>\n<\/tr>\n<tr>\n<td>Lettonia<\/td>\n<td>(LV)<\/td>\n<td>Portogallo<\/td>\n<td>(PT)<\/td>\n<td>Liechtenstein<\/td>\n<td>(LI)<\/td>\n<td>Irlanda<\/td>\n<td>(IE)<\/td>\n<\/tr>\n<tr>\n<td>Lituania<\/td>\n<td>(LT)<\/td>\n<td>Romania<\/td>\n<td>(RO)<\/td>\n<td>Norvegia<\/td>\n<td>(NO)<\/td>\n<td>Grecia<\/td>\n<td>(EL)<\/td>\n<\/tr>\n<tr>\n<td>Lussemburgo<\/td>\n<td>(LU)<\/td>\n<td>Slovenia<\/td>\n<td>(SI)<\/td>\n<td>Svizzera*<\/td>\n<td>(CH)<\/td>\n<td><\/td>\n<td><\/td>\n<\/tr>\n<\/tbody>\n<\/table>\n<p>*Per la Svizzera possiamo creare il dossier PCN, con tutte le informazioni necessarie per effettuare una presentazione nel portale svizzero. Ci contatti per maggiori informazioni. <\/p>\n<h3>Informazioni sull&#8217;etichetta CLP<\/h3>\n<p>Offriamo l&#8217;opzione di acquistare un&#8217;etichetta di prodotto conforme al CLP, contenente tutte le informazioni obbligatorie come richiesto dal Regolamento CLP dell&#8217;UE. Questa sar\u00e0 fornita in formato PDF.  Non si tratta di un design, ma di una sintesi delle informazioni necessarie. Questo le consentir\u00e0 di integrare le informazioni necessarie nel design dell&#8217;etichetta del suo prodotto. Pu\u00f2 anche ordinare la <a href=\"https:\/\/www.ufi.eu\/it\/pcn\/etichetta-clp\/creazione-di-etichette-clp-e-controllo-di-conformita\/\" target=\"_blank\" title=\"Etichetta CLPCreazione\">creazione dell&#8217;etichetta CLP<\/a> separatamente. Ha gi\u00e0 un&#8217;etichetta? &#8211; Possiamo effettuare un <a href=\"https:\/\/www.ufi.eu\/it\/pcn\/etichetta-clp\/creazione-di-etichette-clp-e-controllo-di-conformita\/\" target=\"_blank\" title=\"Controllo della conformit\u00e0 dell'etichetta CLP\">controllo di conformit\u00e0 della sua etichetta CLP<\/a> in base agli attuali requisiti CLP. Le forniremo un feedback dettagliato e correzioni per garantire che la sua etichetta soddisfi tutti gli standard normativi.     <\/p>\n<h2>Notifica al Centro Antiveleni per i profumi<\/h2>\n<p>Le fragranze, comprese le miscele di fragranze destinate esclusivamente all&#8217;uso finale, sono ampiamente utilizzate in prodotti di consumo come profumi, deodoranti per ambienti e cosmetici. Poich\u00e9 le fragranze possono contenere sostanze chimiche che possono essere pericolose per la salute, \u00e8 fondamentale che siano conformi alle normative UE. \u00c8 richiesta una Notifica al Centro Antiveleni (PCN) per garantire che le informazioni sulla sicurezza siano accessibili ai centri antiveleni in caso di esposizione accidentale o uso improprio.  <\/p>\n<h3>Che cos&#8217;\u00e8 un UFI?<\/h3>\n<p>L&#8217;Identificatore Unico di Formula (UFI) \u00e8 un codice alfanumerico di 16 caratteri che collega la composizione di un prodotto alla sua notifica al Centro Antiveleni. L&#8217;UFI deve essere incluso nell&#8217;etichetta del prodotto, per consentire una rapida identificazione durante le situazioni di emergenza. <\/p>\n<h3>Che cos&#8217;\u00e8 un PCN?<\/h3>\n<p>Una Notifica ai Centri Antiveleni (PCN) \u00e8 una presentazione che fornisce informazioni dettagliate sul prodotto, compresa la sua composizione chimica, la classificazione di pericolo e l&#8217;uso previsto, ai centri antiveleni dell&#8217;UE. Queste informazioni consentono ai centri antiveleni di rispondere efficacemente alle emergenze che coinvolgono il prodotto. <\/p>\n<h3>Che cos&#8217;\u00e8 il CLP?<\/h3>\n<p>Il regolamento sulla classificazione, l&#8217;etichettatura e l&#8217;imballaggio (CLP) richiede che le sostanze chimiche pericolose siano classificate ed etichettate correttamente per informare i consumatori sui rischi potenziali. Le miscele di profumi devono riportare le etichette di pericolo e i consigli di prudenza appropriati, in base alle normative CLP, insieme all&#8217;UFI per l&#8217;identificazione. <\/p>\n<h3>Che cos&#8217;\u00e8 il Centro Antiveleni?<\/h3>\n<p>Il Centro Antiveleni \u00e8 una rete di organizzazioni nazionali che gestiscono i casi di esposizione e avvelenamento da sostanze chimiche. Avendo accesso ai dati del PCN, i centri antiveleni possono fornire consigli accurati e tempestivi durante le situazioni di emergenza che coinvolgono fragranze o altri prodotti pericolosi. <\/p>\n<h3>Perch\u00e9 \u00e8 necessario?<\/h3>\n<p>I profumi possono contenere sostanze chimiche che possono rappresentare un rischio per la salute in caso di uso improprio o ingestione accidentale. Un PCN assicura che i centri antiveleni abbiano accesso a tutti i dati rilevanti del prodotto per rispondere in modo appropriato in caso di esposizione. In definitiva, questo aumenta la sicurezza dei consumatori e consente di migliorare i protocolli di risposta alle emergenze.  <\/p>\n<h3>Da quando questo \u00e8 obbligatorio per legge?<\/h3>\n<p>L&#8217;obbligo di presentare un PCN per le miscele pericolose, incluse le fragranze, \u00e8 diventato obbligatorio il 1\u00b0 gennaio 2021, ai sensi dell&#8217;Allegato VIII del regolamento CLP.<\/p>\n<h2>FAQ<\/h2>\n<h3>Domanda: Tutti i prodotti profumati richiedono un PCN?<\/h3>\n<p>Risposta: no: No, solo le miscele di fragranze classificate come pericolose ai sensi del regolamento CLP richiedono un PCN.<\/p>\n<h3>Domanda: Cosa \u00e8 necessario per completare un PCN per le fragranze?<\/h3>\n<p>Risposta: Il PCN richiede dettagli sulla composizione chimica della fragranza, la sua classificazione, l&#8217;uso previsto, l&#8217;imballaggio e l&#8217;Identificatore Unico di Formula (UFI).<\/p>\n<h3>Domanda: Dove deve essere visualizzato l&#8217;UFI sui prodotti di profumeria?<\/h3>\n<p>Risposta: L&#8217;UFI deve essere stampato chiaramente sull&#8217;etichetta del prodotto, in genere vicino alle informazioni di pericolo e di precauzione.<\/p>\n<h3>Domanda: Chi \u00e8 responsabile della presentazione del PCN?<\/h3>\n<p>Risposta: Il produttore, l&#8217;importatore o l&#8217;utilizzatore a valle che immette il prodotto profumato nel mercato dell&#8217;UE \u00e8 responsabile della presentazione del PCN.<\/p>\n<h3>Domanda: Quali sono le conseguenze della non conformit\u00e0?<\/h3>\n<p>Risposta: La mancata osservanza dei regolamenti PCN pu\u00f2 comportare multe, richiami del prodotto o restrizioni alla vendita del prodotto profumato all&#8217;interno del mercato UE.<\/p>\n<h3>Domanda: Tutti i prodotti di profumeria sono soggetti ai requisiti del PCN?<\/h3>\n<p>Risposta: no: No, solo le miscele di fragranze classificate come pericolose ai sensi del regolamento CLP devono presentare un PCN.<\/p>\n<h3>Domanda: Quanto tempo occorre per inviare la notifica UFI e PCN?<\/h3>\n<p>Ci occorrono alcuni giorni di lavoro. Non appena caricher\u00e0 la documentazione, inizieremo subito a lavorare. <\/p>\n<h3>Domanda: Sono il proprietario della notifica PCN?<\/h3>\n<p>S\u00ec, lei \u00e8 il proprietario della notifica PCN. Lei conserva la piena propriet\u00e0 dei dati che ha fornito.  La notifica PCN sar\u00e0 accessibile nel suo account ECHA.<\/p>\n<h3>Domanda: Questo servizio \u00e8 per un prodotto o per pi\u00f9 prodotti?<\/h3>\n<p>Il servizio \u00e8 per un prodotto.<\/p>\n<h3>Domanda: Perch\u00e9 devo pagare per creare un UFI?<\/h3>\n<p>Il servizio che offriamo non consiste solo nel fornire un UFI. L&#8217;UFI \u00e8 un componente di un processo molto pi\u00f9 ampio.  Il servizio principale che offriamo \u00e8 la preparazione e l&#8217;invio della Notifica del Centro Antiveleni (PCN) agli enti nazionali preposti attraverso il portale ECHA, che \u00e8 un requisito obbligatorio ai sensi del Regolamento CLP dell&#8217;UE per l&#8217;immissione sul mercato di miscele pericolose. La generazione di un UFI \u00e8 la parte pi\u00f9 semplice. Il rapporto PCN, invece, \u00e8 complesso. Richiede una revisione dettagliata degli ingredienti &#8211; classificazioni chimiche &#8211; formattata in modo preciso per la presentazione al Centro Antiveleni tramite l&#8217;ECHA.   <\/p>\n<h3>Domanda: La mia azienda non ha sede nell&#8217;UE, come posso presentare un PCN?<\/h3>\n<p>Forniamo una soluzione per le aziende che non hanno sede nell&#8217;UE. Pu\u00f2 trovare maggiori informazioni nella pagina <a href=\"https:\/\/www.ufi.eu\/it\/pcn\/fuori-dallue\/pcn-e-ufi-per-le-aziende-non-ue\/\" target=\"_blank\" rel=\"noopener\">PCN &amp; UFI per le aziende non UE<\/a>. <\/p>\n<h3>Domanda: Pu\u00f2 fornire schede di sicurezza in piena conformit\u00e0 con i regolamenti UE (REACH e CLP)?<\/h3>\n<p>S\u00ec, possiamo <a href=\"https:\/\/www.ufi.eu\/it\/pcn\/scheda-di-sicurezza\/servizio-di-creazione-di-schede-di-sicurezza-msds-sds\/\" target=\"_blank\"><strong>creare schede di sicurezza (SDS)<\/strong><\/a>&#8211; note anche come <strong>Schede Dati di Sicurezza dei Materiali (MSDS)<\/strong>&#8211; su misura per il suo prodotto e conformi alle pi\u00f9 recenti normative UE. Sia che produca miscele chimiche, che importi prodotti nell&#8217;UE o che li distribuisca con un marchio privato, una SDS conforme \u00e8 richiesta dalla legge ed \u00e8 essenziale per un uso sicuro lungo tutta la catena di approvvigionamento. Per saperne di pi\u00f9, consulti la pagina del <a href=\"https:\/\/www.ufi.eu\/it\/pcn\/scheda-di-sicurezza\/servizio-di-creazione-di-schede-di-sicurezza-msds-sds\/\" target=\"_blank\">servizio di creazione di schede di sicurezza (MSDS\/SDS)<\/a>.  <\/p>\n","protected":false},"excerpt":{"rendered":"<p>Come funziona il servizio di creazione di UFI e di notifica di PCN? Dopo aver acquistato questo servizio, ricever\u00e0 l&#8217;accesso al portale sicuro. Questo portale contiene una panoramica di tutte le fasi. Inserisca i dettagli del suo prodotto e noi ci metteremo al lavoro. Notifica del Centro Antiveleni e UFI Vi forniremo: L&#8217;Identificatore Unico di [&hellip;]<\/p>\n","protected":false},"featured_media":20448,"template":"","meta":[],"product_brand":[],"product_cat":[332],"product_tag":[],"class_list":{"0":"post-20447","1":"product","2":"type-product","3":"status-publish","4":"has-post-thumbnail","6":"product_cat-prodotti-per-processi-chimici-o-tecnici","8":"first","9":"instock","10":"virtual","11":"taxable","12":"purchasable","13":"product-type-bundle"},"bundled_by":[],"bundle_stock_status":"instock","bundle_stock_quantity":"","bundle_virtual":false,"bundle_layout":"default","bundle_add_to_cart_form_location":"default","bundle_editable_in_cart":false,"bundle_sold_individually_context":"product","bundle_item_grouping":"parent","bundle_min_size":"","bundle_max_size":"","bundle_price":{"price":{"min":{"incl_tax":"121","excl_tax":"100"},"max":{"incl_tax":"","excl_tax":""}},"regular_price":{"min":{"incl_tax":"121","excl_tax":"100"},"max":{"incl_tax":"","excl_tax":""}}},"bundled_items":[{"bundled_item_id":9178,"product_id":12546,"menu_order":0,"quantity_min":1,"quantity_max":1,"quantity_default":1,"priced_individually":true,"shipped_individually":false,"override_title":false,"title":null,"override_description":false,"description":null,"optional":false,"hide_thumbnail":false,"discount":"","override_variations":false,"allowed_variations":[""],"override_default_variation_attributes":false,"default_variation_attributes":[],"single_product_visibility":"visible","cart_visibility":"visible","order_visibility":"visible","single_product_price_visibility":"visible","cart_price_visibility":"visible","order_price_visibility":"visible","stock_status":"in_stock"},{"bundled_item_id":9179,"product_id":12597,"menu_order":1,"quantity_min":1,"quantity_max":"","quantity_default":1,"priced_individually":true,"shipped_individually":false,"override_title":false,"title":null,"override_description":false,"description":null,"optional":false,"hide_thumbnail":false,"discount":"","override_variations":false,"allowed_variations":[""],"override_default_variation_attributes":false,"default_variation_attributes":[],"single_product_visibility":"visible","cart_visibility":"visible","order_visibility":"visible","single_product_price_visibility":"visible","cart_price_visibility":"visible","order_price_visibility":"visible","stock_status":"in_stock"}],"bundle_sell_ids":[],"yoast_head":"<!-- This site is optimized with the Yoast SEO Premium plugin v25.1 (Yoast SEO v25.1) - https:\/\/yoast.com\/wordpress\/plugins\/seo\/ -->\n<title>PCN e UFI per le miscele di fragranze - UFI<\/title>\n<meta name=\"description\" content=\"Ottenga un PCN e un UFI per le miscele di fragranze per uso finale. Assicuri la conformit\u00e0 al Centro Antiveleni dell&#039;UE con il nostro servizio di notifica rapido e affidabile!\" \/>\n<meta name=\"robots\" content=\"index, follow, max-snippet:-1, max-image-preview:large, max-video-preview:-1\" \/>\n<link rel=\"canonical\" href=\"https:\/\/www.ufi.eu\/it\/product\/pcn-e-ufi-per-le-miscele-di-fragranze\/\" \/>\n<meta property=\"og:locale\" content=\"it_IT\" \/>\n<meta property=\"og:type\" content=\"article\" \/>\n<meta property=\"og:title\" content=\"PCN e UFI per le miscele di fragranze\" \/>\n<meta property=\"og:description\" content=\"Ottenga un PCN e un UFI per le miscele di fragranze per uso finale. Assicuri la conformit\u00e0 al Centro Antiveleni dell&#039;UE con il nostro servizio di notifica rapido e affidabile!\" \/>\n<meta property=\"og:url\" content=\"https:\/\/www.ufi.eu\/it\/product\/pcn-e-ufi-per-le-miscele-di-fragranze\/\" \/>\n<meta property=\"og:site_name\" content=\"UFI\" \/>\n<meta property=\"og:image\" content=\"https:\/\/www.ufi.eu\/wp-content\/uploads\/2025\/03\/PC-TEC-6.jpg\" \/>\n\t<meta property=\"og:image:width\" content=\"1024\" \/>\n\t<meta property=\"og:image:height\" content=\"1024\" \/>\n\t<meta property=\"og:image:type\" content=\"image\/jpeg\" \/>\n<meta name=\"twitter:card\" content=\"summary_large_image\" \/>\n<meta name=\"twitter:label1\" content=\"Prezzo\" \/>\n\t<meta name=\"twitter:data1\" content=\"&euro;0.00\" \/>\n\t<meta name=\"twitter:label2\" content=\"Disponibilit\u00e0\" \/>\n\t<meta name=\"twitter:data2\" content=\"In stock\" \/>\n<script type=\"application\/ld+json\" class=\"yoast-schema-graph\">{\"@context\":\"https:\/\/schema.org\",\"@graph\":[{\"@type\":\"WebPage\",\"@id\":\"https:\/\/www.ufi.eu\/it\/product\/pcn-e-ufi-per-le-miscele-di-fragranze\/\",\"url\":\"https:\/\/www.ufi.eu\/it\/product\/pcn-e-ufi-per-le-miscele-di-fragranze\/\",\"name\":\"PCN e UFI per le miscele di fragranze - UFI\",\"isPartOf\":{\"@id\":\"https:\/\/www.ufi.eu\/it\/#website\"},\"primaryImageOfPage\":{\"@id\":\"https:\/\/www.ufi.eu\/it\/product\/pcn-e-ufi-per-le-miscele-di-fragranze\/#primaryimage\"},\"image\":{\"@id\":\"https:\/\/www.ufi.eu\/it\/product\/pcn-e-ufi-per-le-miscele-di-fragranze\/#primaryimage\"},\"thumbnailUrl\":\"https:\/\/www.ufi.eu\/wp-content\/uploads\/2025\/03\/PC-TEC-6.jpg\",\"datePublished\":\"2025-04-17T09:16:33+00:00\",\"description\":\"Ottenga un PCN e un UFI per le miscele di fragranze per uso finale. Assicuri la conformit\u00e0 al Centro Antiveleni dell'UE con il nostro servizio di notifica rapido e affidabile!\",\"breadcrumb\":{\"@id\":\"https:\/\/www.ufi.eu\/it\/product\/pcn-e-ufi-per-le-miscele-di-fragranze\/#breadcrumb\"},\"inLanguage\":\"it-IT\",\"potentialAction\":[{\"@type\":\"ReadAction\",\"target\":[\"https:\/\/www.ufi.eu\/it\/product\/pcn-e-ufi-per-le-miscele-di-fragranze\/\"]}]},{\"@type\":\"ImageObject\",\"inLanguage\":\"it-IT\",\"@id\":\"https:\/\/www.ufi.eu\/it\/product\/pcn-e-ufi-per-le-miscele-di-fragranze\/#primaryimage\",\"url\":\"https:\/\/www.ufi.eu\/wp-content\/uploads\/2025\/03\/PC-TEC-6.jpg\",\"contentUrl\":\"https:\/\/www.ufi.eu\/wp-content\/uploads\/2025\/03\/PC-TEC-6.jpg\",\"width\":1024,\"height\":1024},{\"@type\":\"BreadcrumbList\",\"@id\":\"https:\/\/www.ufi.eu\/it\/product\/pcn-e-ufi-per-le-miscele-di-fragranze\/#breadcrumb\",\"itemListElement\":[{\"@type\":\"ListItem\",\"position\":1,\"name\":\"Home\",\"item\":\"https:\/\/www.ufi.eu\/it\/casa\/\"},{\"@type\":\"ListItem\",\"position\":2,\"name\":\"Negozio\",\"item\":\"https:\/\/www.ufi.eu\/it\/negozio\/\"},{\"@type\":\"ListItem\",\"position\":3,\"name\":\"PCN e UFI per le miscele di fragranze\"}]},{\"@type\":\"WebSite\",\"@id\":\"https:\/\/www.ufi.eu\/it\/#website\",\"url\":\"https:\/\/www.ufi.eu\/it\/\",\"name\":\"UFI.EU\",\"description\":\"Poison Centre Notifications (PCN) and UFI\",\"publisher\":{\"@id\":\"https:\/\/www.ufi.eu\/it\/#organization\"},\"potentialAction\":[{\"@type\":\"SearchAction\",\"target\":{\"@type\":\"EntryPoint\",\"urlTemplate\":\"https:\/\/www.ufi.eu\/it\/?s={search_term_string}\"},\"query-input\":{\"@type\":\"PropertyValueSpecification\",\"valueRequired\":true,\"valueName\":\"search_term_string\"}}],\"inLanguage\":\"it-IT\"},{\"@type\":\"Organization\",\"@id\":\"https:\/\/www.ufi.eu\/it\/#organization\",\"name\":\"UFI.EU\",\"url\":\"https:\/\/www.ufi.eu\/it\/\",\"logo\":{\"@type\":\"ImageObject\",\"inLanguage\":\"it-IT\",\"@id\":\"https:\/\/www.ufi.eu\/it\/#\/schema\/logo\/image\/\",\"url\":\"https:\/\/www.ufi.eu\/wp-content\/uploads\/2025\/03\/cropped-logo_ufi3.jpg\",\"contentUrl\":\"https:\/\/www.ufi.eu\/wp-content\/uploads\/2025\/03\/cropped-logo_ufi3.jpg\",\"width\":231,\"height\":78,\"caption\":\"UFI.EU\"},\"image\":{\"@id\":\"https:\/\/www.ufi.eu\/it\/#\/schema\/logo\/image\/\"},\"description\":\"UFI.eu specializes in digital registrations for Poison Centre Notifications (PCN), ensuring your chemical products meet EU regulatory requirements effortlessly. Our streamlined solutions help businesses stay compliant while reducing complexity and administrative burden.\",\"email\":\"info@ufi.eu\",\"legalName\":\"UFI.EU\"}]}<\/script>\n<meta property=\"product:price:amount\" content=\"0.00\" \/>\n<meta property=\"product:price:currency\" content=\"EUR\" \/>\n<meta property=\"og:availability\" content=\"instock\" \/>\n<meta property=\"product:availability\" content=\"instock\" \/>\n<meta property=\"product:retailer_item_id\" content=\"PC-TEC-6\" \/>\n<meta property=\"product:condition\" content=\"new\" \/>\n<!-- \/ Yoast SEO Premium plugin. -->","yoast_head_json":{"title":"PCN e UFI per le miscele di fragranze - UFI","description":"Ottenga un PCN e un UFI per le miscele di fragranze per uso finale. Assicuri la conformit\u00e0 al Centro Antiveleni dell'UE con il nostro servizio di notifica rapido e affidabile!","robots":{"index":"index","follow":"follow","max-snippet":"max-snippet:-1","max-image-preview":"max-image-preview:large","max-video-preview":"max-video-preview:-1"},"canonical":"https:\/\/www.ufi.eu\/it\/product\/pcn-e-ufi-per-le-miscele-di-fragranze\/","og_locale":"it_IT","og_type":"article","og_title":"PCN e UFI per le miscele di fragranze","og_description":"Ottenga un PCN e un UFI per le miscele di fragranze per uso finale. Assicuri la conformit\u00e0 al Centro Antiveleni dell'UE con il nostro servizio di notifica rapido e affidabile!","og_url":"https:\/\/www.ufi.eu\/it\/product\/pcn-e-ufi-per-le-miscele-di-fragranze\/","og_site_name":"UFI","og_image":[{"width":1024,"height":1024,"url":"https:\/\/www.ufi.eu\/wp-content\/uploads\/2025\/03\/PC-TEC-6.jpg","type":"image\/jpeg"}],"twitter_card":"summary_large_image","twitter_misc":{"Prezzo":"&euro;0.00","Disponibilit\u00e0":"In stock"},"schema":{"@context":"https:\/\/schema.org","@graph":[{"@type":"WebPage","@id":"https:\/\/www.ufi.eu\/it\/product\/pcn-e-ufi-per-le-miscele-di-fragranze\/","url":"https:\/\/www.ufi.eu\/it\/product\/pcn-e-ufi-per-le-miscele-di-fragranze\/","name":"PCN e UFI per le miscele di fragranze - UFI","isPartOf":{"@id":"https:\/\/www.ufi.eu\/it\/#website"},"primaryImageOfPage":{"@id":"https:\/\/www.ufi.eu\/it\/product\/pcn-e-ufi-per-le-miscele-di-fragranze\/#primaryimage"},"image":{"@id":"https:\/\/www.ufi.eu\/it\/product\/pcn-e-ufi-per-le-miscele-di-fragranze\/#primaryimage"},"thumbnailUrl":"https:\/\/www.ufi.eu\/wp-content\/uploads\/2025\/03\/PC-TEC-6.jpg","datePublished":"2025-04-17T09:16:33+00:00","description":"Ottenga un PCN e un UFI per le miscele di fragranze per uso finale. Assicuri la conformit\u00e0 al Centro Antiveleni dell'UE con il nostro servizio di notifica rapido e affidabile!","breadcrumb":{"@id":"https:\/\/www.ufi.eu\/it\/product\/pcn-e-ufi-per-le-miscele-di-fragranze\/#breadcrumb"},"inLanguage":"it-IT","potentialAction":[{"@type":"ReadAction","target":["https:\/\/www.ufi.eu\/it\/product\/pcn-e-ufi-per-le-miscele-di-fragranze\/"]}]},{"@type":"ImageObject","inLanguage":"it-IT","@id":"https:\/\/www.ufi.eu\/it\/product\/pcn-e-ufi-per-le-miscele-di-fragranze\/#primaryimage","url":"https:\/\/www.ufi.eu\/wp-content\/uploads\/2025\/03\/PC-TEC-6.jpg","contentUrl":"https:\/\/www.ufi.eu\/wp-content\/uploads\/2025\/03\/PC-TEC-6.jpg","width":1024,"height":1024},{"@type":"BreadcrumbList","@id":"https:\/\/www.ufi.eu\/it\/product\/pcn-e-ufi-per-le-miscele-di-fragranze\/#breadcrumb","itemListElement":[{"@type":"ListItem","position":1,"name":"Home","item":"https:\/\/www.ufi.eu\/it\/casa\/"},{"@type":"ListItem","position":2,"name":"Negozio","item":"https:\/\/www.ufi.eu\/it\/negozio\/"},{"@type":"ListItem","position":3,"name":"PCN e UFI per le miscele di fragranze"}]},{"@type":"WebSite","@id":"https:\/\/www.ufi.eu\/it\/#website","url":"https:\/\/www.ufi.eu\/it\/","name":"UFI.EU","description":"Poison Centre Notifications (PCN) and UFI","publisher":{"@id":"https:\/\/www.ufi.eu\/it\/#organization"},"potentialAction":[{"@type":"SearchAction","target":{"@type":"EntryPoint","urlTemplate":"https:\/\/www.ufi.eu\/it\/?s={search_term_string}"},"query-input":{"@type":"PropertyValueSpecification","valueRequired":true,"valueName":"search_term_string"}}],"inLanguage":"it-IT"},{"@type":"Organization","@id":"https:\/\/www.ufi.eu\/it\/#organization","name":"UFI.EU","url":"https:\/\/www.ufi.eu\/it\/","logo":{"@type":"ImageObject","inLanguage":"it-IT","@id":"https:\/\/www.ufi.eu\/it\/#\/schema\/logo\/image\/","url":"https:\/\/www.ufi.eu\/wp-content\/uploads\/2025\/03\/cropped-logo_ufi3.jpg","contentUrl":"https:\/\/www.ufi.eu\/wp-content\/uploads\/2025\/03\/cropped-logo_ufi3.jpg","width":231,"height":78,"caption":"UFI.EU"},"image":{"@id":"https:\/\/www.ufi.eu\/it\/#\/schema\/logo\/image\/"},"description":"UFI.eu specializes in digital registrations for Poison Centre Notifications (PCN), ensuring your chemical products meet EU regulatory requirements effortlessly. Our streamlined solutions help businesses stay compliant while reducing complexity and administrative burden.","email":"info@ufi.eu","legalName":"UFI.EU"}]},"product_price_amount":"0.00","product_price_currency":"EUR","og_availability":"instock","product_availability":"instock","product_retailer_item_id":"PC-TEC-6","product_condition":"new"},"_links":{"self":[{"href":"https:\/\/www.ufi.eu\/it\/wp-json\/wp\/v2\/product\/20447","targetHints":{"allow":["GET"]}}],"collection":[{"href":"https:\/\/www.ufi.eu\/it\/wp-json\/wp\/v2\/product"}],"about":[{"href":"https:\/\/www.ufi.eu\/it\/wp-json\/wp\/v2\/types\/product"}],"wp:featuredmedia":[{"embeddable":true,"href":"https:\/\/www.ufi.eu\/it\/wp-json\/wp\/v2\/media\/20448"}],"wp:attachment":[{"href":"https:\/\/www.ufi.eu\/it\/wp-json\/wp\/v2\/media?parent=20447"}],"wp:term":[{"taxonomy":"product_brand","embeddable":true,"href":"https:\/\/www.ufi.eu\/it\/wp-json\/wp\/v2\/product_brand?post=20447"},{"taxonomy":"product_cat","embeddable":true,"href":"https:\/\/www.ufi.eu\/it\/wp-json\/wp\/v2\/product_cat?post=20447"},{"taxonomy":"product_tag","embeddable":true,"href":"https:\/\/www.ufi.eu\/it\/wp-json\/wp\/v2\/product_tag?post=20447"}],"curies":[{"name":"wp","href":"https:\/\/api.w.org\/{rel}","templated":true}]}}