{"id":15994,"date":"2025-03-20T08:28:44","date_gmt":"2025-04-16T20:38:08","guid":{"rendered":"https:\/\/www.ufi.eu\/pcn\/senza-categoria\/pcn-e-ufi-per-i-detergenti-tessili-non-acquosi\/"},"modified":"2025-04-16T20:38:08","modified_gmt":"2025-04-16T20:38:08","slug":"pcn-e-ufi-per-i-detergenti-tessili-non-acquosi","status":"publish","type":"product","link":"https:\/\/www.ufi.eu\/it\/product\/pcn-e-ufi-per-i-detergenti-tessili-non-acquosi\/","title":{"rendered":"PCN e UFI per i detergenti tessili non acquosi"},"content":{"rendered":"<h2>Come funziona il servizio di creazione di UFI e di notifica di PCN?<\/h2>\n<p>Dopo aver acquistato questo servizio, ricever\u00e0 l&#8217;accesso al portale sicuro. Questo portale contiene una panoramica di tutte le fasi.  Inserisca i dettagli del suo prodotto e noi ci metteremo al lavoro.<\/p>\n<h3>Notifica del Centro Antiveleni e UFI<\/h3>\n<p>Vi forniremo:<\/p>\n<ul>\n<li>L&#8217;Identificatore Unico di Formula (UFI) del suo prodotto.<\/li>\n<li>Un rapporto di notifica al Centro Antiveleni (PCN)<\/li>\n<li>Registrazione del suo prodotto presso i Centri Antiveleni nazionali competenti tramite l&#8217;ECHA.<\/li>\n<\/ul>\n<h3>Paesi per la registrazione del PCN<\/h3>\n<p>Pu\u00f2 contare il numero di Paesi in cui desidera registrare il suo prodotto. Questo \u00e8 il numero di Paesi che deve acquistare.  Potr\u00e0 selezionare i Paesi specifici all&#8217;interno del portale. Se intende espandere le vendite dei suoi prodotti a nuovi Paesi in un secondo momento, pu\u00f2 sempre ordinare <a href=\"https:\/\/www.ufi.eu\/it\/pcn\/paesi\/paesi-per-la-registrazione-del-pcn\/\" target=\"_blank\" title=\"Registrazioni dei Paesi PCN\">registrazioni di Paesi PCN<\/a> aggiuntivi.<br \/>L&#8217;UE ha 27 Paesi e il SEE ne ha 30 (UE+Lichtenstein, Norvegia e Islanda) Nel portale pu\u00f2 selezionare questi Paesi: <\/p>\n<table cellpadding=\"2\" cellspacing=\"0\" border=\"1\">\n<tbody>\n<tr>\n<td>Belgio<\/td>\n<td>(BE)<\/td>\n<td>Spagna<\/td>\n<td>(ES)<\/td>\n<td>Ungheria<\/td>\n<td>(HU)<\/td>\n<td>Slovacchia<\/td>\n<td>(SK)<\/td>\n<\/tr>\n<tr>\n<td>Bulgaria<\/td>\n<td>(BG)<\/td>\n<td>Francia<\/td>\n<td>(FR)<\/td>\n<td>Malta<\/td>\n<td>(MT)<\/td>\n<td>Finlandia<\/td>\n<td>(FI)<\/td>\n<\/tr>\n<tr>\n<td>Cechia<\/td>\n<td>(CZ)<\/td>\n<td>Croazia<\/td>\n<td>(HR)<\/td>\n<td>Paesi Bassi<\/td>\n<td>(NL)<\/td>\n<td>Svezia<\/td>\n<td>(SE)<\/td>\n<\/tr>\n<tr>\n<td>Danimarca<\/td>\n<td>(DK)<\/td>\n<td>Italia<\/td>\n<td>(IT)<\/td>\n<td>Austria<\/td>\n<td>(AT)<\/td>\n<td>Germania<\/td>\n<td>(DE)<\/td>\n<\/tr>\n<tr>\n<td>Cipro<\/td>\n<td>(CY)<\/td>\n<td>Polonia<\/td>\n<td>(PL)<\/td>\n<td>Islanda<\/td>\n<td>(IS)<\/td>\n<td>Estonia<\/td>\n<td>(EE)<\/td>\n<\/tr>\n<tr>\n<td>Lettonia<\/td>\n<td>(LV)<\/td>\n<td>Portogallo<\/td>\n<td>(PT)<\/td>\n<td>Liechtenstein<\/td>\n<td>(LI)<\/td>\n<td>Irlanda<\/td>\n<td>(IE)<\/td>\n<\/tr>\n<tr>\n<td>Lituania<\/td>\n<td>(LT)<\/td>\n<td>Romania<\/td>\n<td>(RO)<\/td>\n<td>Norvegia<\/td>\n<td>(NO)<\/td>\n<td>Grecia<\/td>\n<td>(EL)<\/td>\n<\/tr>\n<tr>\n<td>Lussemburgo<\/td>\n<td>(LU)<\/td>\n<td>Slovenia<\/td>\n<td>(SI)<\/td>\n<td>Svizzera*<\/td>\n<td>(CH)<\/td>\n<td><\/td>\n<td><\/td>\n<\/tr>\n<\/tbody>\n<\/table>\n<p>*Per la Svizzera possiamo creare il dossier PCN, con tutte le informazioni necessarie per effettuare una presentazione nel portale svizzero. Ci contatti per maggiori informazioni. <\/p>\n<h3>Informazioni sull&#8217;etichetta CLP<\/h3>\n<p>Offriamo l&#8217;opzione di acquistare un&#8217;etichetta di prodotto conforme al CLP, contenente tutte le informazioni obbligatorie come richiesto dal Regolamento CLP dell&#8217;UE. Questa sar\u00e0 fornita in formato PDF.  Non si tratta di un design, ma di una sintesi delle informazioni necessarie. Questo le consentir\u00e0 di integrare le informazioni necessarie nel design dell&#8217;etichetta del suo prodotto. Pu\u00f2 anche ordinare la <a href=\"https:\/\/www.ufi.eu\/it\/pcn\/etichetta-clp\/creazione-di-etichette-clp-e-controllo-di-conformita\/\" target=\"_blank\" title=\"Etichetta CLPCreazione\">creazione dell&#8217;etichetta CLP<\/a> separatamente. Ha gi\u00e0 un&#8217;etichetta? &#8211; Possiamo effettuare un <a href=\"https:\/\/www.ufi.eu\/it\/pcn\/etichetta-clp\/creazione-di-etichette-clp-e-controllo-di-conformita\/\" target=\"_blank\" title=\"Controllo della conformit\u00e0 dell'etichetta CLP\">controllo di conformit\u00e0 della sua etichetta CLP<\/a> in base agli attuali requisiti CLP. Le forniremo un feedback dettagliato e correzioni per garantire che la sua etichetta soddisfi tutti gli standard normativi.     <\/p>\n<h2>Notifica al Centro Antiveleni per il lavaggio a secco e i prodotti associati<\/h2>\n<p>Il lavaggio a secco e i prodotti associati, che vengono utilizzati per pulire i tessuti in processi non acquosi, spesso contengono solventi e sostanze chimiche specializzate che possono comportare rischi per la salute o per l&#8217;ambiente se gestiti in modo errato. In base alle normative UE, i prodotti classificati come pericolosi devono essere sottoposti a una notifica al Centro Antiveleni (PCN), assicurando che i centri antiveleni abbiano accesso immediato a informazioni complete sulla sicurezza. Questo requisito favorisce interventi rapidi e accurati nei casi di esposizione accidentale e aiuta a mantenere uno standard uniforme di conformit\u00e0 alla sicurezza in tutti gli Stati membri dell&#8217;UE.  <\/p>\n<h3>Che cos&#8217;\u00e8 un UFI?<\/h3>\n<p>Un UFI (Unique Formula Identifier) \u00e8 un codice alfanumerico di 16 caratteri che collega direttamente un prodotto alla sua precisa formulazione chimica. Per i prodotti per la pulizia a secco e i prodotti associati, questo codice deve essere chiaramente visualizzato sull&#8217;etichetta del prodotto, in genere vicino ai simboli di pericolo o alle avvertenze di sicurezza. In caso di emergenza, i centri antiveleni si affidano all&#8217;UFI per determinare rapidamente la composizione del prodotto e fornire consigli medici accurati.  <\/p>\n<h3>Che cos&#8217;\u00e8 un PCN?<\/h3>\n<p>La Notifica al Centro Antiveleni (PCN) \u00e8 un documento obbligatorio per le miscele chimiche pericolose vendute nell&#8217;UE. Presentando una PCN per i prodotti per la pulizia a secco, i produttori e i distributori forniscono ai centri antiveleni dati dettagliati, tra cui la composizione chimica, i pericoli e il primo soccorso consigliato, assicurando un&#8217;assistenza efficace in caso di incidente di esposizione. <\/p>\n<h3>Che cos&#8217;\u00e8 il CLP?<\/h3>\n<p>Il regolamento sulla classificazione, l&#8217;etichettatura e l&#8217;imballaggio (CLP) standardizza il modo in cui le sostanze chimiche vengono identificate ed etichettate in tutta l&#8217;UE. I prodotti che soddisfano la classificazione di pericolo, come alcuni solventi per la pulizia a secco, devono riportare sull&#8217;etichetta i simboli di pericolo, i consigli di prudenza e l&#8217;UFI. Questo sistema di etichettatura aiuta a informare gli utenti sui rischi potenziali e sulle linee guida per una manipolazione sicura.  <\/p>\n<h3>Che cos&#8217;\u00e8 il Centro Antiveleni?<\/h3>\n<p>Il Centro Antiveleni \u00e8 una rete collettiva di centri antiveleni nazionali dedicati a fornire assistenza e supporto medico durante gli incidenti di esposizione a sostanze chimiche. La registrazione dei suoi prodotti per la pulizia a secco attraverso un PCN assicura che questi centri possano accedere rapidamente ai dati necessari, facilitando una consulenza accurata nelle emergenze e migliorando la sicurezza generale dei consumatori e dei lavoratori. <\/p>\n<h3>Perch\u00e9 \u00e8 necessario?<\/h3>\n<p>Gli agenti di lavaggio a secco utilizzano spesso solventi non acquosi e sostanze chimiche che possono causare problemi respiratori, irritazione cutanea o altri rischi per la salute se inalate, ingerite o contattate. Un PCN garantisce che i centri antiveleni abbiano informazioni dettagliate sulla gestione dell&#8217;esposizione, riducendo al minimo i rischi e proteggendo il pubblico da danni gravi. <\/p>\n<h3>Da quando questo \u00e8 obbligatorio per legge?<\/h3>\n<p>A partire dal 1\u00b0 gennaio 2021, tutti i prodotti chimici pericolosi immessi sul mercato dell&#8217;UE &#8211; comprese le soluzioni non acquose per la pulizia a secco &#8211; dovranno essere registrati attraverso una notifica al Centro Antiveleni ai sensi del regolamento CLP. Ci\u00f2 garantisce un quadro di sicurezza coerente per i prodotti chimici in tutta l&#8217;UE. <\/p>\n<h2>FAQ<\/h2>\n<h3>Domanda: Tutti i prodotti per la pulizia a secco richiedono un PCN?<\/h3>\n<p>Risposta: solo i prodotti classificati come pericolosi ai sensi del regolamento CLP necessitano di un PCN: Solo i prodotti classificati come pericolosi ai sensi del regolamento CLP necessitano di un PCN. I prodotti che non soddisfano i criteri di pericolosit\u00e0 sono esenti da questo requisito. <\/p>\n<h3>Domanda: Dove deve essere indicato l&#8217;UFI sull&#8217;etichetta del prodotto?<\/h3>\n<p>Risposta: L&#8217;UFI deve essere collocato vicino ai simboli di pericolo o alle dichiarazioni di sicurezza sull&#8217;etichetta, per garantire una rapida identificazione in caso di emergenza.<\/p>\n<h3>Domanda: Quali dettagli sono necessari nella presentazione di un PCN per i prodotti di lavaggio a secco?<\/h3>\n<p>Risposta: Un PCN deve includere la composizione chimica del prodotto, la classificazione, le misure di primo soccorso consigliate, l&#8217;uso previsto e qualsiasi informazione rilevante sull&#8217;imballaggio.<\/p>\n<h3>Domanda: Anche gli smacchiatori non acquosi per i tessuti sono coperti da queste normative?<\/h3>\n<p>Risposta: s\u00ec: S\u00ec, se il prodotto \u00e8 classificato come pericoloso, rientra negli stessi requisiti PCN e CLP degli altri prodotti di lavaggio a secco e associati.<\/p>\n<h3>Domanda: Chi \u00e8 responsabile della presentazione del PCN?<\/h3>\n<p>Risposta: In genere, il produttore, l&#8217;importatore o il distributore che immette il prodotto sul mercato dell&#8217;UE deve presentare il PCN se il prodotto \u00e8 classificato come pericoloso.<\/p>\n<h3>Domanda: Quali sono le sanzioni per la mancata presentazione di un PCN?<\/h3>\n<p>Risposta: La non conformit\u00e0 pu\u00f2 comportare multe, sanzioni legali o richiami del prodotto fino a quando non saranno soddisfatti i requisiti di registrazione ed etichettatura necessari.<\/p>\n<h3>Domanda: Quando \u00e8 diventato obbligatorio questo requisito PCN?<\/h3>\n<p>Risposta: Il requisito \u00e8 entrato in vigore il 1\u00b0 gennaio 2021, allineandosi al regolamento CLP dell&#8217;UE per le miscele chimiche pericolose.<\/p>\n<h3>Domanda: Quanto tempo occorre per inviare la notifica UFI e PCN?<\/h3>\n<p>Ci occorrono alcuni giorni di lavoro. Non appena caricher\u00e0 la documentazione, inizieremo subito a lavorare. <\/p>\n<h3>Domanda: Sono il proprietario della notifica PCN?<\/h3>\n<p>S\u00ec, lei \u00e8 il proprietario della notifica PCN. Lei conserva la piena propriet\u00e0 dei dati che ha fornito.  La notifica PCN sar\u00e0 accessibile nel suo account ECHA.<\/p>\n<h3>Domanda: Questo servizio \u00e8 per un prodotto o per pi\u00f9 prodotti?<\/h3>\n<p>Il servizio \u00e8 per un prodotto.<\/p>\n<h3>Domanda: Perch\u00e9 devo pagare per creare un UFI?<\/h3>\n<p>Il servizio che offriamo non consiste solo nel fornire un UFI. L&#8217;UFI \u00e8 un componente di un processo molto pi\u00f9 ampio.  Il servizio principale che offriamo \u00e8 la preparazione e l&#8217;invio della Notifica del Centro Antiveleni (PCN) agli enti nazionali preposti attraverso il portale ECHA, che \u00e8 un requisito obbligatorio ai sensi del Regolamento CLP dell&#8217;UE per l&#8217;immissione sul mercato di miscele pericolose. La generazione di un UFI \u00e8 la parte pi\u00f9 semplice. Il rapporto PCN, invece, \u00e8 complesso. Richiede una revisione dettagliata degli ingredienti &#8211; classificazioni chimiche &#8211; formattata in modo preciso per la presentazione al Centro Antiveleni tramite l&#8217;ECHA.   <\/p>\n<h3>Domanda: La mia azienda non ha sede nell&#8217;UE, come posso presentare un PCN?<\/h3>\n<p>Forniamo una soluzione per le aziende che non hanno sede nell&#8217;UE. Pu\u00f2 trovare maggiori informazioni nella pagina <a href=\"https:\/\/www.ufi.eu\/it\/pcn\/fuori-dallue\/pcn-e-ufi-per-le-aziende-non-ue\/\" target=\"_blank\" rel=\"noopener\">PCN &amp; UFI per le aziende non UE<\/a>. <\/p>\n<h3>Domanda: Pu\u00f2 fornire schede di sicurezza in piena conformit\u00e0 con i regolamenti UE (REACH e CLP)?<\/h3>\n<p>S\u00ec, possiamo <a href=\"https:\/\/www.ufi.eu\/it\/pcn\/scheda-di-sicurezza\/servizio-di-creazione-di-schede-di-sicurezza-msds-sds\/\" target=\"_blank\"><strong>creare schede di sicurezza (SDS)<\/strong><\/a>&#8211; note anche come <strong>Schede Dati di Sicurezza dei Materiali (MSDS)<\/strong>&#8211; su misura per il suo prodotto e conformi alle pi\u00f9 recenti normative UE. Sia che produca miscele chimiche, che importi prodotti nell&#8217;UE o che li distribuisca con un marchio privato, una SDS conforme \u00e8 richiesta dalla legge ed \u00e8 essenziale per un uso sicuro lungo tutta la catena di approvvigionamento. Per saperne di pi\u00f9, consulti la pagina del <a href=\"https:\/\/www.ufi.eu\/it\/pcn\/scheda-di-sicurezza\/servizio-di-creazione-di-schede-di-sicurezza-msds-sds\/\" target=\"_blank\">servizio di creazione di schede di sicurezza (MSDS\/SDS)<\/a>.  <\/p>\n","protected":false},"excerpt":{"rendered":"<p>Come funziona il servizio di creazione di UFI e di notifica di PCN? Dopo aver acquistato questo servizio, ricever\u00e0 l&#8217;accesso al portale sicuro. Questo portale contiene una panoramica di tutte le fasi. Inserisca i dettagli del suo prodotto e noi ci metteremo al lavoro. Notifica del Centro Antiveleni e UFI Vi forniremo: L&#8217;Identificatore Unico di [&hellip;]<\/p>\n","protected":false},"featured_media":16002,"template":"","meta":[],"product_brand":[],"product_cat":[675],"product_tag":[],"class_list":{"0":"post-15994","1":"product","2":"type-product","3":"status-publish","4":"has-post-thumbnail","6":"product_cat-prodotti-per-la-pulizia-di-tessuti-e-pelle","8":"first","9":"instock","10":"virtual","11":"taxable","12":"purchasable","13":"product-type-bundle"},"bundled_by":[],"bundle_stock_status":"instock","bundle_stock_quantity":"","bundle_virtual":false,"bundle_layout":"default","bundle_add_to_cart_form_location":"default","bundle_editable_in_cart":false,"bundle_sold_individually_context":"product","bundle_item_grouping":"parent","bundle_min_size":"","bundle_max_size":"","bundle_price":{"price":{"min":{"incl_tax":"121","excl_tax":"100"},"max":{"incl_tax":"","excl_tax":""}},"regular_price":{"min":{"incl_tax":"121","excl_tax":"100"},"max":{"incl_tax":"","excl_tax":""}}},"bundled_items":[{"bundled_item_id":4704,"product_id":12546,"menu_order":0,"quantity_min":1,"quantity_max":1,"quantity_default":1,"priced_individually":true,"shipped_individually":false,"override_title":false,"title":null,"override_description":false,"description":null,"optional":false,"hide_thumbnail":false,"discount":"","override_variations":false,"allowed_variations":[""],"override_default_variation_attributes":false,"default_variation_attributes":[],"single_product_visibility":"visible","cart_visibility":"visible","order_visibility":"visible","single_product_price_visibility":"visible","cart_price_visibility":"visible","order_price_visibility":"visible","stock_status":"in_stock"},{"bundled_item_id":4705,"product_id":12597,"menu_order":1,"quantity_min":1,"quantity_max":"","quantity_default":1,"priced_individually":true,"shipped_individually":false,"override_title":false,"title":null,"override_description":false,"description":null,"optional":false,"hide_thumbnail":false,"discount":"","override_variations":false,"allowed_variations":[""],"override_default_variation_attributes":false,"default_variation_attributes":[],"single_product_visibility":"visible","cart_visibility":"visible","order_visibility":"visible","single_product_price_visibility":"visible","cart_price_visibility":"visible","order_price_visibility":"visible","stock_status":"in_stock"}],"bundle_sell_ids":[],"yoast_head":"<!-- This site is optimized with the Yoast SEO Premium plugin v25.1 (Yoast SEO v25.1) - https:\/\/yoast.com\/wordpress\/plugins\/seo\/ -->\n<title>PCN e UFI per i detergenti tessili non acquosi - UFI<\/title>\n<meta name=\"description\" content=\"Assicura la conformit\u00e0 PCN e UFI per i detergenti tessili non acquosi. Gestiamo per lei le notifiche dei centri antiveleni e gli identificatori unici delle formule.\" \/>\n<meta name=\"robots\" content=\"index, follow, max-snippet:-1, max-image-preview:large, max-video-preview:-1\" \/>\n<link rel=\"canonical\" href=\"https:\/\/www.ufi.eu\/it\/product\/pcn-e-ufi-per-i-detergenti-tessili-non-acquosi\/\" \/>\n<meta property=\"og:locale\" content=\"it_IT\" \/>\n<meta property=\"og:type\" content=\"article\" \/>\n<meta property=\"og:title\" content=\"PCN e UFI per i detergenti tessili non acquosi\" \/>\n<meta property=\"og:description\" content=\"Assicura la conformit\u00e0 PCN e UFI per i detergenti tessili non acquosi. Gestiamo per lei le notifiche dei centri antiveleni e gli identificatori unici delle formule.\" \/>\n<meta property=\"og:url\" content=\"https:\/\/www.ufi.eu\/it\/product\/pcn-e-ufi-per-i-detergenti-tessili-non-acquosi\/\" \/>\n<meta property=\"og:site_name\" content=\"UFI\" \/>\n<meta property=\"og:image\" content=\"https:\/\/www.ufi.eu\/wp-content\/uploads\/2025\/03\/PC-CLN-16_4.jpg\" \/>\n\t<meta property=\"og:image:width\" content=\"1024\" \/>\n\t<meta property=\"og:image:height\" content=\"1024\" \/>\n\t<meta property=\"og:image:type\" content=\"image\/jpeg\" \/>\n<meta name=\"twitter:card\" content=\"summary_large_image\" \/>\n<meta name=\"twitter:label1\" content=\"Prezzo\" \/>\n\t<meta name=\"twitter:data1\" content=\"&euro;0.00\" \/>\n\t<meta name=\"twitter:label2\" content=\"Disponibilit\u00e0\" \/>\n\t<meta name=\"twitter:data2\" content=\"In stock\" \/>\n<script type=\"application\/ld+json\" class=\"yoast-schema-graph\">{\"@context\":\"https:\/\/schema.org\",\"@graph\":[{\"@type\":\"WebPage\",\"@id\":\"https:\/\/www.ufi.eu\/it\/product\/pcn-e-ufi-per-i-detergenti-tessili-non-acquosi\/\",\"url\":\"https:\/\/www.ufi.eu\/it\/product\/pcn-e-ufi-per-i-detergenti-tessili-non-acquosi\/\",\"name\":\"PCN e UFI per i detergenti tessili non acquosi - UFI\",\"isPartOf\":{\"@id\":\"https:\/\/www.ufi.eu\/it\/#website\"},\"primaryImageOfPage\":{\"@id\":\"https:\/\/www.ufi.eu\/it\/product\/pcn-e-ufi-per-i-detergenti-tessili-non-acquosi\/#primaryimage\"},\"image\":{\"@id\":\"https:\/\/www.ufi.eu\/it\/product\/pcn-e-ufi-per-i-detergenti-tessili-non-acquosi\/#primaryimage\"},\"thumbnailUrl\":\"https:\/\/www.ufi.eu\/wp-content\/uploads\/2025\/03\/PC-CLN-16_4.jpg\",\"datePublished\":\"2025-04-16T20:38:08+00:00\",\"description\":\"Assicura la conformit\u00e0 PCN e UFI per i detergenti tessili non acquosi. Gestiamo per lei le notifiche dei centri antiveleni e gli identificatori unici delle formule.\",\"breadcrumb\":{\"@id\":\"https:\/\/www.ufi.eu\/it\/product\/pcn-e-ufi-per-i-detergenti-tessili-non-acquosi\/#breadcrumb\"},\"inLanguage\":\"it-IT\",\"potentialAction\":[{\"@type\":\"ReadAction\",\"target\":[\"https:\/\/www.ufi.eu\/it\/product\/pcn-e-ufi-per-i-detergenti-tessili-non-acquosi\/\"]}]},{\"@type\":\"ImageObject\",\"inLanguage\":\"it-IT\",\"@id\":\"https:\/\/www.ufi.eu\/it\/product\/pcn-e-ufi-per-i-detergenti-tessili-non-acquosi\/#primaryimage\",\"url\":\"https:\/\/www.ufi.eu\/wp-content\/uploads\/2025\/03\/PC-CLN-16_4.jpg\",\"contentUrl\":\"https:\/\/www.ufi.eu\/wp-content\/uploads\/2025\/03\/PC-CLN-16_4.jpg\",\"width\":1024,\"height\":1024},{\"@type\":\"BreadcrumbList\",\"@id\":\"https:\/\/www.ufi.eu\/it\/product\/pcn-e-ufi-per-i-detergenti-tessili-non-acquosi\/#breadcrumb\",\"itemListElement\":[{\"@type\":\"ListItem\",\"position\":1,\"name\":\"Home\",\"item\":\"https:\/\/www.ufi.eu\/it\/casa\/\"},{\"@type\":\"ListItem\",\"position\":2,\"name\":\"Negozio\",\"item\":\"https:\/\/www.ufi.eu\/it\/negozio\/\"},{\"@type\":\"ListItem\",\"position\":3,\"name\":\"PCN e UFI per i detergenti tessili non acquosi\"}]},{\"@type\":\"WebSite\",\"@id\":\"https:\/\/www.ufi.eu\/it\/#website\",\"url\":\"https:\/\/www.ufi.eu\/it\/\",\"name\":\"UFI.EU\",\"description\":\"Poison Centre Notifications (PCN) and UFI\",\"publisher\":{\"@id\":\"https:\/\/www.ufi.eu\/it\/#organization\"},\"potentialAction\":[{\"@type\":\"SearchAction\",\"target\":{\"@type\":\"EntryPoint\",\"urlTemplate\":\"https:\/\/www.ufi.eu\/it\/?s={search_term_string}\"},\"query-input\":{\"@type\":\"PropertyValueSpecification\",\"valueRequired\":true,\"valueName\":\"search_term_string\"}}],\"inLanguage\":\"it-IT\"},{\"@type\":\"Organization\",\"@id\":\"https:\/\/www.ufi.eu\/it\/#organization\",\"name\":\"UFI.EU\",\"url\":\"https:\/\/www.ufi.eu\/it\/\",\"logo\":{\"@type\":\"ImageObject\",\"inLanguage\":\"it-IT\",\"@id\":\"https:\/\/www.ufi.eu\/it\/#\/schema\/logo\/image\/\",\"url\":\"https:\/\/www.ufi.eu\/wp-content\/uploads\/2025\/03\/cropped-logo_ufi3.jpg\",\"contentUrl\":\"https:\/\/www.ufi.eu\/wp-content\/uploads\/2025\/03\/cropped-logo_ufi3.jpg\",\"width\":231,\"height\":78,\"caption\":\"UFI.EU\"},\"image\":{\"@id\":\"https:\/\/www.ufi.eu\/it\/#\/schema\/logo\/image\/\"},\"description\":\"UFI.eu specializes in digital registrations for Poison Centre Notifications (PCN), ensuring your chemical products meet EU regulatory requirements effortlessly. Our streamlined solutions help businesses stay compliant while reducing complexity and administrative burden.\",\"email\":\"info@ufi.eu\",\"legalName\":\"UFI.EU\"}]}<\/script>\n<meta property=\"product:price:amount\" content=\"0.00\" \/>\n<meta property=\"product:price:currency\" content=\"EUR\" \/>\n<meta property=\"og:availability\" content=\"instock\" \/>\n<meta property=\"product:availability\" content=\"instock\" \/>\n<meta property=\"product:retailer_item_id\" content=\"PC-CLN-16_4\" \/>\n<meta property=\"product:condition\" content=\"new\" \/>\n<!-- \/ Yoast SEO Premium plugin. -->","yoast_head_json":{"title":"PCN e UFI per i detergenti tessili non acquosi - UFI","description":"Assicura la conformit\u00e0 PCN e UFI per i detergenti tessili non acquosi. Gestiamo per lei le notifiche dei centri antiveleni e gli identificatori unici delle formule.","robots":{"index":"index","follow":"follow","max-snippet":"max-snippet:-1","max-image-preview":"max-image-preview:large","max-video-preview":"max-video-preview:-1"},"canonical":"https:\/\/www.ufi.eu\/it\/product\/pcn-e-ufi-per-i-detergenti-tessili-non-acquosi\/","og_locale":"it_IT","og_type":"article","og_title":"PCN e UFI per i detergenti tessili non acquosi","og_description":"Assicura la conformit\u00e0 PCN e UFI per i detergenti tessili non acquosi. Gestiamo per lei le notifiche dei centri antiveleni e gli identificatori unici delle formule.","og_url":"https:\/\/www.ufi.eu\/it\/product\/pcn-e-ufi-per-i-detergenti-tessili-non-acquosi\/","og_site_name":"UFI","og_image":[{"width":1024,"height":1024,"url":"https:\/\/www.ufi.eu\/wp-content\/uploads\/2025\/03\/PC-CLN-16_4.jpg","type":"image\/jpeg"}],"twitter_card":"summary_large_image","twitter_misc":{"Prezzo":"&euro;0.00","Disponibilit\u00e0":"In stock"},"schema":{"@context":"https:\/\/schema.org","@graph":[{"@type":"WebPage","@id":"https:\/\/www.ufi.eu\/it\/product\/pcn-e-ufi-per-i-detergenti-tessili-non-acquosi\/","url":"https:\/\/www.ufi.eu\/it\/product\/pcn-e-ufi-per-i-detergenti-tessili-non-acquosi\/","name":"PCN e UFI per i detergenti tessili non acquosi - UFI","isPartOf":{"@id":"https:\/\/www.ufi.eu\/it\/#website"},"primaryImageOfPage":{"@id":"https:\/\/www.ufi.eu\/it\/product\/pcn-e-ufi-per-i-detergenti-tessili-non-acquosi\/#primaryimage"},"image":{"@id":"https:\/\/www.ufi.eu\/it\/product\/pcn-e-ufi-per-i-detergenti-tessili-non-acquosi\/#primaryimage"},"thumbnailUrl":"https:\/\/www.ufi.eu\/wp-content\/uploads\/2025\/03\/PC-CLN-16_4.jpg","datePublished":"2025-04-16T20:38:08+00:00","description":"Assicura la conformit\u00e0 PCN e UFI per i detergenti tessili non acquosi. Gestiamo per lei le notifiche dei centri antiveleni e gli identificatori unici delle formule.","breadcrumb":{"@id":"https:\/\/www.ufi.eu\/it\/product\/pcn-e-ufi-per-i-detergenti-tessili-non-acquosi\/#breadcrumb"},"inLanguage":"it-IT","potentialAction":[{"@type":"ReadAction","target":["https:\/\/www.ufi.eu\/it\/product\/pcn-e-ufi-per-i-detergenti-tessili-non-acquosi\/"]}]},{"@type":"ImageObject","inLanguage":"it-IT","@id":"https:\/\/www.ufi.eu\/it\/product\/pcn-e-ufi-per-i-detergenti-tessili-non-acquosi\/#primaryimage","url":"https:\/\/www.ufi.eu\/wp-content\/uploads\/2025\/03\/PC-CLN-16_4.jpg","contentUrl":"https:\/\/www.ufi.eu\/wp-content\/uploads\/2025\/03\/PC-CLN-16_4.jpg","width":1024,"height":1024},{"@type":"BreadcrumbList","@id":"https:\/\/www.ufi.eu\/it\/product\/pcn-e-ufi-per-i-detergenti-tessili-non-acquosi\/#breadcrumb","itemListElement":[{"@type":"ListItem","position":1,"name":"Home","item":"https:\/\/www.ufi.eu\/it\/casa\/"},{"@type":"ListItem","position":2,"name":"Negozio","item":"https:\/\/www.ufi.eu\/it\/negozio\/"},{"@type":"ListItem","position":3,"name":"PCN e UFI per i detergenti tessili non acquosi"}]},{"@type":"WebSite","@id":"https:\/\/www.ufi.eu\/it\/#website","url":"https:\/\/www.ufi.eu\/it\/","name":"UFI.EU","description":"Poison Centre Notifications (PCN) and UFI","publisher":{"@id":"https:\/\/www.ufi.eu\/it\/#organization"},"potentialAction":[{"@type":"SearchAction","target":{"@type":"EntryPoint","urlTemplate":"https:\/\/www.ufi.eu\/it\/?s={search_term_string}"},"query-input":{"@type":"PropertyValueSpecification","valueRequired":true,"valueName":"search_term_string"}}],"inLanguage":"it-IT"},{"@type":"Organization","@id":"https:\/\/www.ufi.eu\/it\/#organization","name":"UFI.EU","url":"https:\/\/www.ufi.eu\/it\/","logo":{"@type":"ImageObject","inLanguage":"it-IT","@id":"https:\/\/www.ufi.eu\/it\/#\/schema\/logo\/image\/","url":"https:\/\/www.ufi.eu\/wp-content\/uploads\/2025\/03\/cropped-logo_ufi3.jpg","contentUrl":"https:\/\/www.ufi.eu\/wp-content\/uploads\/2025\/03\/cropped-logo_ufi3.jpg","width":231,"height":78,"caption":"UFI.EU"},"image":{"@id":"https:\/\/www.ufi.eu\/it\/#\/schema\/logo\/image\/"},"description":"UFI.eu specializes in digital registrations for Poison Centre Notifications (PCN), ensuring your chemical products meet EU regulatory requirements effortlessly. Our streamlined solutions help businesses stay compliant while reducing complexity and administrative burden.","email":"info@ufi.eu","legalName":"UFI.EU"}]},"product_price_amount":"0.00","product_price_currency":"EUR","og_availability":"instock","product_availability":"instock","product_retailer_item_id":"PC-CLN-16_4","product_condition":"new"},"_links":{"self":[{"href":"https:\/\/www.ufi.eu\/it\/wp-json\/wp\/v2\/product\/15994","targetHints":{"allow":["GET"]}}],"collection":[{"href":"https:\/\/www.ufi.eu\/it\/wp-json\/wp\/v2\/product"}],"about":[{"href":"https:\/\/www.ufi.eu\/it\/wp-json\/wp\/v2\/types\/product"}],"wp:featuredmedia":[{"embeddable":true,"href":"https:\/\/www.ufi.eu\/it\/wp-json\/wp\/v2\/media\/16002"}],"wp:attachment":[{"href":"https:\/\/www.ufi.eu\/it\/wp-json\/wp\/v2\/media?parent=15994"}],"wp:term":[{"taxonomy":"product_brand","embeddable":true,"href":"https:\/\/www.ufi.eu\/it\/wp-json\/wp\/v2\/product_brand?post=15994"},{"taxonomy":"product_cat","embeddable":true,"href":"https:\/\/www.ufi.eu\/it\/wp-json\/wp\/v2\/product_cat?post=15994"},{"taxonomy":"product_tag","embeddable":true,"href":"https:\/\/www.ufi.eu\/it\/wp-json\/wp\/v2\/product_tag?post=15994"}],"curies":[{"name":"wp","href":"https:\/\/api.w.org\/{rel}","templated":true}]}}