{"id":12597,"date":"2025-03-09T14:12:29","date_gmt":"2025-04-15T19:38:10","guid":{"rendered":"https:\/\/www.ufi.eu\/pcn\/senza-categoria\/paesi-per-la-registrazione-del-pcn\/"},"modified":"2025-05-15T16:47:43","modified_gmt":"2025-05-15T16:47:43","slug":"paesi-per-la-registrazione-del-pcn","status":"publish","type":"product","link":"https:\/\/www.ufi.eu\/it\/product\/paesi-per-la-registrazione-del-pcn\/","title":{"rendered":"Paesi per la registrazione del PCN"},"content":{"rendered":"\n<h2 class=\"wp-block-heading\" id=\"h-launch-your-product-across-europe-with-ease\">Lancia il suo prodotto in tutta Europa con facilit\u00e0<\/h2>\n\n<p>Quando registra il suo prodotto per la notifica ai centri antiveleni dell&#8217;UE (PCN), ogni Paese in cui intende vendere richiede la presentazione alle rispettive autorit\u00e0 nazionali. Con la nostra Registrazione Paesi UE per PCN, pu\u00f2 selezionare i Paesi esatti in cui desidera lanciare il suo prodotto, garantendole la massima flessibilit\u00e0 e il controllo della sua presenza sul mercato. <\/p>\n\n<h2 class=\"wp-block-heading\" id=\"h-what-you-re-purchasing\">Cosa sta acquistando<\/h2>\n\n<p>Questo prodotto le consente di <strong>acquistare i token paese<\/strong> per i 27 Stati membri dell&#8217;UE. Questi token possono essere utilizzati <strong>con qualsiasi registrazione PCN<\/strong> che effettua con noi. Una volta acquistati, i Paesi vengono <strong>aggiunti al <a href=\"https:\/\/www.ufi.eu\/my-account\/points\/\">suo elenco di Paesi PCN<\/a><\/strong> e possono essere applicati al momento della compilazione del nostro <strong>modulo di registrazione PCN<\/strong> per il suo prodotto.    <\/p>\n\n<p><strong>Dovr\u00e0 anche <a href=\"https:\/\/www.ufi.eu\/shop\/\">acquistare un PCN per il suo prodotto<\/a>. Questo prodotto \u00e8 solo un paese libero, non il PCN. <\/strong><\/p>\n\n<h4 class=\"wp-block-heading\">\u2705 Come funziona:<\/h4>\n\n<ol class=\"wp-block-list\">\n<li>Determinare <strong>i Paesi<\/strong> in cui intende vendere.<\/li>\n\n\n\n<li>Acquisti il numero di <strong>gettoni Paese<\/strong>.<\/li>\n\n\n\n<li>Ci <a href=\"https:\/\/www.ufi.eu\/it\/nuovo-prodotto\/\">invii il modulo di accettazione del suo prodotto<\/a>.<\/li>\n\n\n\n<li>Basta assegnare i Paesi in cui desidera che inviamo il suo prodotto per la presentazione del PCN.<\/li>\n\n\n\n<li>Il gettone paese viene detratto dal suo totale quando invia il suo modulo a noi.<\/li>\n<\/ol>\n\n<p>Sia che stia lanciando un solo prodotto o gestendo un intero portafoglio, pu\u00f2 <strong>utilizzare <a href=\"https:\/\/www.ufi.eu\/my-account\/points\/\">i token paese acquistati<\/a><\/strong> per diversi invii di PCN, risparmiando tempo, garantendo la conformit\u00e0 ed espandendo la sua presenza sul mercato dell&#8217;UE senza sforzo.<\/p>\n\n<h3 class=\"wp-block-heading\" id=\"h-supported-eu-countries\">Paesi UE supportati<\/h3>\n\n<p>L&#8217;UE conta 27 Paesi e il SEE ne conta 30 (UE+Lichtenstein, Norvegia e Islanda) Nel portale pu\u00f2 selezionare questi Paesi:<\/p>\n\n<figure class=\"wp-block-table\"><table class=\"has-fixed-layout\"><tbody><tr><td>Belgio<\/td><td>(BE)<\/td><td>Spagna<\/td><td>(ES)<\/td><td>Ungheria<\/td><td>(HU)<\/td><td>Slovacchia<\/td><td>(SK)<\/td><\/tr><tr><td>Bulgaria<\/td><td>(BG)<\/td><td>Francia<\/td><td>(FR)<\/td><td>Malta<\/td><td>(MT)<\/td><td>Finlandia<\/td><td>(FI)<\/td><\/tr><tr><td>Cechia<\/td><td>(CZ)<\/td><td>Croazia<\/td><td>(HR)<\/td><td>Paesi Bassi<\/td><td>(NL)<\/td><td>Svezia<\/td><td>(SE)<\/td><\/tr><tr><td>Danimarca<\/td><td>(DK)<\/td><td>Italia<\/td><td>(IT)<\/td><td>Austria<\/td><td>(AT)<\/td><td>Germania<\/td><td>(DE)<\/td><\/tr><tr><td>Cipro<\/td><td>(CY)<\/td><td>Polonia<\/td><td>(PL)<\/td><td>Islanda<\/td><td>(IS)<\/td><td>Estonia<\/td><td>(EE)<\/td><\/tr><tr><td>Lettonia<\/td><td>(LV)<\/td><td>Portogallo<\/td><td>(PT)<\/td><td>Liechtenstein<\/td><td>(LI)<\/td><td>Irlanda<\/td><td>(IE)<\/td><\/tr><tr><td>Lituania<\/td><td>(LT)<\/td><td>Romania<\/td><td>(RO)<\/td><td>Norvegia<\/td><td>(NO)<\/td><td>Grecia<\/td><td>(EL)<\/td><\/tr><tr><td>Lussemburgo<\/td><td>(LU)<\/td><td>Slovenia<\/td><td>(SI)<\/td><td>Svizzera*<\/td><td>(CH)<\/td><td><\/td><td><\/td><\/tr><\/tbody><\/table><\/figure>\n\n<p>*Per la Svizzera possiamo creare il dossier PCN, con tutte le informazioni necessarie per effettuare una presentazione nel portale svizzero. Ci contatti per maggiori informazioni. <\/p>\n\n<h2 class=\"wp-block-heading\" id=\"h-example-of-how-it-works\">Esempio di come funziona<\/h2>\n\n<p>Sta lanciando un nuovo prodotto per la pulizia in <strong>Francia, Germania e Spagna<\/strong>. Basta acquistare tre Paesi. Quando completer\u00e0 il modulo di accettazione del PCN con noi, assegner\u00e0 questi token paese al prodotto, assicurando la conformit\u00e0 legale in tutti e tre i mercati senza il fastidio di invii individuali.  <\/p>\n","protected":false},"excerpt":{"rendered":"<p>La preghiamo di selezionare il numero di Paesi in cui desidera registrare il suo prodotto.<\/p>\n","protected":false},"featured_media":12598,"template":"","meta":[],"product_brand":[],"product_cat":[363],"product_tag":[],"class_list":{"0":"post-12597","1":"product","2":"type-product","3":"status-publish","4":"has-post-thumbnail","6":"product_cat-paesi","8":"first","9":"instock","10":"virtual","11":"taxable","12":"purchasable","13":"product-type-simple"},"bundled_by":["12656","12666","12830","12948","12968","12988","13008","13036","13229","13259","13269","13329","13505","13525","13545","13571","13598","13760","13780","13798","13816","13834","14004","14028","14044","14052","14070","14372","14390","14408","14426","14444","14462","14674","14686","14698","14789","14941","14977","14982","15011","15046","15059","15249","15265","15287","15311","15355","15431","15449","15467","15485","15605","15639","15835","15849","15867","15958","15971","15994","16024","16033","16225","16253","16271","16289","16307","16539","16565","16601","16627","16637","16655","16883","16909","16919","16945","16955","16973","17217","17237","17255","17281","17299","17309","17335","17659","17677","17695","17713","17731","17741","17767","17777","17795","18015","18025","18176","18188","18215","18319","18337","18355","18373","18401","18409","18603","18725","18767","18777","18793","18983","19001","19051","19069","19087","19097","19155","19379","19405","19423","19433","19499","19517","19535","19829","19837","19855","19883","19909","19927","19937","19981","19991","20321","20339","20353","20379","20397","20407","20433","20447","20721","20747","20757","20821","20831","20857","20875","20947","21117","21131","21141","21147","21153","21165","21377","21403","21453","21593","21609","21617","21625","21645","21653","21663","21925","22051","22061","22079","22103","22125","22153","22167","22435","22635","22643","22661","22673","22699","22715","22733","22751","22767","23083","23101","23175","23193","23203","23229","23247","23257","23303","23321","23597","23623","23641","23709","23727","23745","23771","23849","23964","23970","24124","24138","31734"],"bundle_stock_status":"instock","bundle_stock_quantity":null,"bundle_virtual":false,"bundle_layout":"","bundle_add_to_cart_form_location":"","bundle_editable_in_cart":false,"bundle_sold_individually_context":"","bundle_item_grouping":"","bundle_min_size":"","bundle_max_size":"","bundle_price":[],"bundled_items":[],"bundle_sell_ids":[],"yoast_head":"<!-- This site is optimized with the Yoast SEO Premium plugin v25.1 (Yoast SEO v25.1) - https:\/\/yoast.com\/wordpress\/plugins\/seo\/ -->\n<title>Paesi per la registrazione del PCN - UFI<\/title>\n<meta name=\"description\" content=\"Con la nostra Registrazione Paesi UE per PCN, pu\u00f2 selezionare i Paesi esatti in cui desidera lanciare il suo prodotto, garantendole la massima flessibilit\u00e0 e il controllo della sua portata sul mercato.\" \/>\n<meta name=\"robots\" content=\"index, follow, max-snippet:-1, max-image-preview:large, max-video-preview:-1\" \/>\n<link rel=\"canonical\" href=\"https:\/\/www.ufi.eu\/it\/product\/paesi-per-la-registrazione-del-pcn\/\" \/>\n<meta property=\"og:locale\" content=\"it_IT\" \/>\n<meta property=\"og:type\" content=\"article\" \/>\n<meta property=\"og:title\" content=\"Paesi per la registrazione del PCN\" \/>\n<meta property=\"og:description\" content=\"Con la nostra Registrazione Paesi UE per PCN, pu\u00f2 selezionare i Paesi esatti in cui desidera lanciare il suo prodotto, garantendole la massima flessibilit\u00e0 e il controllo della sua portata sul mercato.\" \/>\n<meta property=\"og:url\" content=\"https:\/\/www.ufi.eu\/it\/product\/paesi-per-la-registrazione-del-pcn\/\" \/>\n<meta property=\"og:site_name\" content=\"UFI\" \/>\n<meta property=\"article:modified_time\" content=\"2025-05-15T16:47:43+00:00\" \/>\n<meta property=\"og:image\" content=\"https:\/\/www.ufi.eu\/wp-content\/uploads\/2025\/03\/eu.jpg\" \/>\n\t<meta property=\"og:image:width\" content=\"800\" \/>\n\t<meta property=\"og:image:height\" content=\"800\" \/>\n\t<meta property=\"og:image:type\" content=\"image\/jpeg\" \/>\n<meta name=\"twitter:card\" content=\"summary_large_image\" \/>\n<meta name=\"twitter:label1\" content=\"Prezzo\" \/>\n\t<meta name=\"twitter:data1\" content=\"&euro;35.00\" \/>\n\t<meta name=\"twitter:label2\" content=\"Disponibilit\u00e0\" \/>\n\t<meta name=\"twitter:data2\" content=\"In stock\" \/>\n<script type=\"application\/ld+json\" class=\"yoast-schema-graph\">{\"@context\":\"https:\/\/schema.org\",\"@graph\":[{\"@type\":\"WebPage\",\"@id\":\"https:\/\/www.ufi.eu\/it\/product\/paesi-per-la-registrazione-del-pcn\/\",\"url\":\"https:\/\/www.ufi.eu\/it\/product\/paesi-per-la-registrazione-del-pcn\/\",\"name\":\"Paesi per la registrazione del PCN - UFI\",\"isPartOf\":{\"@id\":\"https:\/\/www.ufi.eu\/it\/#website\"},\"primaryImageOfPage\":{\"@id\":\"https:\/\/www.ufi.eu\/it\/product\/paesi-per-la-registrazione-del-pcn\/#primaryimage\"},\"image\":{\"@id\":\"https:\/\/www.ufi.eu\/it\/product\/paesi-per-la-registrazione-del-pcn\/#primaryimage\"},\"thumbnailUrl\":\"https:\/\/www.ufi.eu\/wp-content\/uploads\/2025\/03\/eu.jpg\",\"datePublished\":\"2025-04-15T19:38:10+00:00\",\"dateModified\":\"2025-05-15T16:47:43+00:00\",\"description\":\"Con la nostra Registrazione Paesi UE per PCN, pu\u00f2 selezionare i Paesi esatti in cui desidera lanciare il suo prodotto, garantendole la massima flessibilit\u00e0 e il controllo della sua portata sul mercato.\",\"breadcrumb\":{\"@id\":\"https:\/\/www.ufi.eu\/it\/product\/paesi-per-la-registrazione-del-pcn\/#breadcrumb\"},\"inLanguage\":\"it-IT\",\"potentialAction\":[{\"@type\":\"ReadAction\",\"target\":[\"https:\/\/www.ufi.eu\/it\/product\/paesi-per-la-registrazione-del-pcn\/\"]}]},{\"@type\":\"ImageObject\",\"inLanguage\":\"it-IT\",\"@id\":\"https:\/\/www.ufi.eu\/it\/product\/paesi-per-la-registrazione-del-pcn\/#primaryimage\",\"url\":\"https:\/\/www.ufi.eu\/wp-content\/uploads\/2025\/03\/eu.jpg\",\"contentUrl\":\"https:\/\/www.ufi.eu\/wp-content\/uploads\/2025\/03\/eu.jpg\",\"width\":800,\"height\":800},{\"@type\":\"BreadcrumbList\",\"@id\":\"https:\/\/www.ufi.eu\/it\/product\/paesi-per-la-registrazione-del-pcn\/#breadcrumb\",\"itemListElement\":[{\"@type\":\"ListItem\",\"position\":1,\"name\":\"Home\",\"item\":\"https:\/\/www.ufi.eu\/it\/casa\/\"},{\"@type\":\"ListItem\",\"position\":2,\"name\":\"Negozio\",\"item\":\"https:\/\/www.ufi.eu\/it\/negozio\/\"},{\"@type\":\"ListItem\",\"position\":3,\"name\":\"Paesi per la registrazione del PCN\"}]},{\"@type\":\"WebSite\",\"@id\":\"https:\/\/www.ufi.eu\/it\/#website\",\"url\":\"https:\/\/www.ufi.eu\/it\/\",\"name\":\"UFI.EU\",\"description\":\"Poison Centre Notifications (PCN) and UFI\",\"publisher\":{\"@id\":\"https:\/\/www.ufi.eu\/it\/#organization\"},\"potentialAction\":[{\"@type\":\"SearchAction\",\"target\":{\"@type\":\"EntryPoint\",\"urlTemplate\":\"https:\/\/www.ufi.eu\/it\/?s={search_term_string}\"},\"query-input\":{\"@type\":\"PropertyValueSpecification\",\"valueRequired\":true,\"valueName\":\"search_term_string\"}}],\"inLanguage\":\"it-IT\"},{\"@type\":\"Organization\",\"@id\":\"https:\/\/www.ufi.eu\/it\/#organization\",\"name\":\"UFI.EU\",\"url\":\"https:\/\/www.ufi.eu\/it\/\",\"logo\":{\"@type\":\"ImageObject\",\"inLanguage\":\"it-IT\",\"@id\":\"https:\/\/www.ufi.eu\/it\/#\/schema\/logo\/image\/\",\"url\":\"https:\/\/www.ufi.eu\/wp-content\/uploads\/2025\/03\/cropped-logo_ufi3.jpg\",\"contentUrl\":\"https:\/\/www.ufi.eu\/wp-content\/uploads\/2025\/03\/cropped-logo_ufi3.jpg\",\"width\":231,\"height\":78,\"caption\":\"UFI.EU\"},\"image\":{\"@id\":\"https:\/\/www.ufi.eu\/it\/#\/schema\/logo\/image\/\"},\"description\":\"UFI.eu specializes in digital registrations for Poison Centre Notifications (PCN), ensuring your chemical products meet EU regulatory requirements effortlessly. Our streamlined solutions help businesses stay compliant while reducing complexity and administrative burden.\",\"email\":\"info@ufi.eu\",\"legalName\":\"UFI.EU\"}]}<\/script>\n<meta property=\"product:price:amount\" content=\"35.00\" \/>\n<meta property=\"product:price:currency\" content=\"EUR\" \/>\n<meta property=\"og:availability\" content=\"instock\" \/>\n<meta property=\"product:availability\" content=\"instock\" \/>\n<meta property=\"product:retailer_item_id\" content=\"PCN-COUNTRIES\" \/>\n<meta property=\"product:condition\" content=\"new\" \/>\n<!-- \/ Yoast SEO Premium plugin. -->","yoast_head_json":{"title":"Paesi per la registrazione del PCN - UFI","description":"Con la nostra Registrazione Paesi UE per PCN, pu\u00f2 selezionare i Paesi esatti in cui desidera lanciare il suo prodotto, garantendole la massima flessibilit\u00e0 e il controllo della sua portata sul mercato.","robots":{"index":"index","follow":"follow","max-snippet":"max-snippet:-1","max-image-preview":"max-image-preview:large","max-video-preview":"max-video-preview:-1"},"canonical":"https:\/\/www.ufi.eu\/it\/product\/paesi-per-la-registrazione-del-pcn\/","og_locale":"it_IT","og_type":"article","og_title":"Paesi per la registrazione del PCN","og_description":"Con la nostra Registrazione Paesi UE per PCN, pu\u00f2 selezionare i Paesi esatti in cui desidera lanciare il suo prodotto, garantendole la massima flessibilit\u00e0 e il controllo della sua portata sul mercato.","og_url":"https:\/\/www.ufi.eu\/it\/product\/paesi-per-la-registrazione-del-pcn\/","og_site_name":"UFI","article_modified_time":"2025-05-15T16:47:43+00:00","og_image":[{"width":800,"height":800,"url":"https:\/\/www.ufi.eu\/wp-content\/uploads\/2025\/03\/eu.jpg","type":"image\/jpeg"}],"twitter_card":"summary_large_image","twitter_misc":{"Prezzo":"&euro;35.00","Disponibilit\u00e0":"In stock"},"schema":{"@context":"https:\/\/schema.org","@graph":[{"@type":"WebPage","@id":"https:\/\/www.ufi.eu\/it\/product\/paesi-per-la-registrazione-del-pcn\/","url":"https:\/\/www.ufi.eu\/it\/product\/paesi-per-la-registrazione-del-pcn\/","name":"Paesi per la registrazione del PCN - UFI","isPartOf":{"@id":"https:\/\/www.ufi.eu\/it\/#website"},"primaryImageOfPage":{"@id":"https:\/\/www.ufi.eu\/it\/product\/paesi-per-la-registrazione-del-pcn\/#primaryimage"},"image":{"@id":"https:\/\/www.ufi.eu\/it\/product\/paesi-per-la-registrazione-del-pcn\/#primaryimage"},"thumbnailUrl":"https:\/\/www.ufi.eu\/wp-content\/uploads\/2025\/03\/eu.jpg","datePublished":"2025-04-15T19:38:10+00:00","dateModified":"2025-05-15T16:47:43+00:00","description":"Con la nostra Registrazione Paesi UE per PCN, pu\u00f2 selezionare i Paesi esatti in cui desidera lanciare il suo prodotto, garantendole la massima flessibilit\u00e0 e il controllo della sua portata sul mercato.","breadcrumb":{"@id":"https:\/\/www.ufi.eu\/it\/product\/paesi-per-la-registrazione-del-pcn\/#breadcrumb"},"inLanguage":"it-IT","potentialAction":[{"@type":"ReadAction","target":["https:\/\/www.ufi.eu\/it\/product\/paesi-per-la-registrazione-del-pcn\/"]}]},{"@type":"ImageObject","inLanguage":"it-IT","@id":"https:\/\/www.ufi.eu\/it\/product\/paesi-per-la-registrazione-del-pcn\/#primaryimage","url":"https:\/\/www.ufi.eu\/wp-content\/uploads\/2025\/03\/eu.jpg","contentUrl":"https:\/\/www.ufi.eu\/wp-content\/uploads\/2025\/03\/eu.jpg","width":800,"height":800},{"@type":"BreadcrumbList","@id":"https:\/\/www.ufi.eu\/it\/product\/paesi-per-la-registrazione-del-pcn\/#breadcrumb","itemListElement":[{"@type":"ListItem","position":1,"name":"Home","item":"https:\/\/www.ufi.eu\/it\/casa\/"},{"@type":"ListItem","position":2,"name":"Negozio","item":"https:\/\/www.ufi.eu\/it\/negozio\/"},{"@type":"ListItem","position":3,"name":"Paesi per la registrazione del PCN"}]},{"@type":"WebSite","@id":"https:\/\/www.ufi.eu\/it\/#website","url":"https:\/\/www.ufi.eu\/it\/","name":"UFI.EU","description":"Poison Centre Notifications (PCN) and UFI","publisher":{"@id":"https:\/\/www.ufi.eu\/it\/#organization"},"potentialAction":[{"@type":"SearchAction","target":{"@type":"EntryPoint","urlTemplate":"https:\/\/www.ufi.eu\/it\/?s={search_term_string}"},"query-input":{"@type":"PropertyValueSpecification","valueRequired":true,"valueName":"search_term_string"}}],"inLanguage":"it-IT"},{"@type":"Organization","@id":"https:\/\/www.ufi.eu\/it\/#organization","name":"UFI.EU","url":"https:\/\/www.ufi.eu\/it\/","logo":{"@type":"ImageObject","inLanguage":"it-IT","@id":"https:\/\/www.ufi.eu\/it\/#\/schema\/logo\/image\/","url":"https:\/\/www.ufi.eu\/wp-content\/uploads\/2025\/03\/cropped-logo_ufi3.jpg","contentUrl":"https:\/\/www.ufi.eu\/wp-content\/uploads\/2025\/03\/cropped-logo_ufi3.jpg","width":231,"height":78,"caption":"UFI.EU"},"image":{"@id":"https:\/\/www.ufi.eu\/it\/#\/schema\/logo\/image\/"},"description":"UFI.eu specializes in digital registrations for Poison Centre Notifications (PCN), ensuring your chemical products meet EU regulatory requirements effortlessly. Our streamlined solutions help businesses stay compliant while reducing complexity and administrative burden.","email":"info@ufi.eu","legalName":"UFI.EU"}]},"product_price_amount":"35.00","product_price_currency":"EUR","og_availability":"instock","product_availability":"instock","product_retailer_item_id":"PCN-COUNTRIES","product_condition":"new"},"_links":{"self":[{"href":"https:\/\/www.ufi.eu\/it\/wp-json\/wp\/v2\/product\/12597","targetHints":{"allow":["GET"]}}],"collection":[{"href":"https:\/\/www.ufi.eu\/it\/wp-json\/wp\/v2\/product"}],"about":[{"href":"https:\/\/www.ufi.eu\/it\/wp-json\/wp\/v2\/types\/product"}],"wp:featuredmedia":[{"embeddable":true,"href":"https:\/\/www.ufi.eu\/it\/wp-json\/wp\/v2\/media\/12598"}],"wp:attachment":[{"href":"https:\/\/www.ufi.eu\/it\/wp-json\/wp\/v2\/media?parent=12597"}],"wp:term":[{"taxonomy":"product_brand","embeddable":true,"href":"https:\/\/www.ufi.eu\/it\/wp-json\/wp\/v2\/product_brand?post=12597"},{"taxonomy":"product_cat","embeddable":true,"href":"https:\/\/www.ufi.eu\/it\/wp-json\/wp\/v2\/product_cat?post=12597"},{"taxonomy":"product_tag","embeddable":true,"href":"https:\/\/www.ufi.eu\/it\/wp-json\/wp\/v2\/product_tag?post=12597"}],"curies":[{"name":"wp","href":"https:\/\/api.w.org\/{rel}","templated":true}]}}