{"id":10056,"date":"2025-04-14T21:43:09","date_gmt":"2025-04-14T21:43:09","guid":{"rendered":"https:\/\/www.ufi.eu\/informativa-sulla-privacy\/"},"modified":"2025-04-14T21:43:10","modified_gmt":"2025-04-14T21:43:10","slug":"informativa-sulla-privacy","status":"publish","type":"page","link":"https:\/\/www.ufi.eu\/it\/informativa-sulla-privacy\/","title":{"rendered":"Informativa sulla privacy"},"content":{"rendered":"\n<h2 class=\"wp-block-heading\" id=\"h-who-we-are\">Chi siamo<\/h2>\n\n<p>L&#8217;indirizzo del nostro sito web \u00e8: https:\/\/www.ufi.eu.<\/p>\n\n<h2 class=\"wp-block-heading\" id=\"h-comments\">Commenti<\/h2>\n\n<p>Quando i visitatori lasciano dei commenti sul sito, raccogliamo i dati mostrati nel modulo dei commenti e anche l&#8217;indirizzo IP del visitatore e la stringa dell&#8217;agente utente del browser per aiutare il rilevamento dello spam.<\/p>\n\n<p>Una stringa anonima creata dal suo indirizzo e-mail (chiamata anche hash) pu\u00f2 essere fornita al servizio Gravatar per verificare se lei lo sta utilizzando. L&#8217;informativa sulla privacy del servizio Gravatar \u00e8 disponibile qui: https:\/\/automattic.com\/privacy\/. Dopo l&#8217;approvazione del suo commento, la sua immagine del profilo \u00e8 visibile al pubblico nel contesto del suo commento. <\/p>\n\n<h2 class=\"wp-block-heading\" id=\"h-media\">Media<\/h2>\n\n<p>Se carica immagini sul sito web, dovrebbe evitare di caricare immagini con dati di localizzazione incorporati (EXIF GPS). I visitatori del sito web possono scaricare ed estrarre qualsiasi dato sulla posizione dalle immagini presenti sul sito. <\/p>\n\n<h2 class=\"wp-block-heading\" id=\"h-cookies\">I biscotti<\/h2>\n\n<p>Se lascia un commento sul nostro sito, pu\u00f2 scegliere di salvare il suo nome, indirizzo e-mail e sito web nei cookie. Questi sono per sua comodit\u00e0, in modo che non debba inserire nuovamente i suoi dati quando lascia un altro commento. La durata di questi cookie \u00e8 di un anno.  <\/p>\n\n<p>Se visita la nostra pagina di login, imposteremo un cookie temporaneo per determinare se il suo browser accetta i cookie. Questo cookie non contiene dati personali e viene eliminato quando chiude il browser. <\/p>\n\n<p>Al momento dell&#8217;accesso, verranno impostati anche diversi cookie per salvare le informazioni di login e le scelte di visualizzazione dello schermo. I cookie di accesso durano due giorni, mentre i cookie delle opzioni dello schermo durano un anno. Se seleziona &#8220;Ricordami&#8221;, il suo login rester\u00e0 attivo per due settimane. Se si disconnette dal suo account, i cookie di accesso verranno rimossi.   <\/p>\n\n<p>Se modifica o pubblica un articolo, un ulteriore cookie verr\u00e0 salvato nel suo browser. Questo cookie non contiene dati personali e indica semplicemente l&#8217;ID del post dell&#8217;articolo che ha appena modificato. Scade dopo 1 giorno.  <\/p>\n\n<h2 class=\"wp-block-heading\" id=\"h-embedded-content-from-other-websites\">Contenuti incorporati da altri siti web<\/h2>\n\n<p>Gli articoli di questo sito possono includere contenuti incorporati (ad esempio, video, immagini, articoli, ecc.). I contenuti incorporati di altri siti web si comportano esattamente come se il visitatore avesse visitato l&#8217;altro sito web. <\/p>\n\n<p>Questi siti web possono raccogliere dati su di lei, utilizzare i cookie, incorporare un ulteriore tracciamento di terze parti e monitorare la sua interazione con il contenuto incorporato, compreso il tracciamento della sua interazione con il contenuto incorporato se ha un account ed \u00e8 connesso a quel sito web.<\/p>\n\n<h2 class=\"wp-block-heading\" id=\"h-who-we-share-your-data-with\">Con chi condividiamo i suoi dati<\/h2>\n\n<p>Se richiede la reimpostazione della password, il suo indirizzo IP sar\u00e0 incluso nell&#8217;e-mail di reimpostazione.<\/p>\n\n<h2 class=\"wp-block-heading\" id=\"h-how-long-we-retain-your-data\">Per quanto tempo conserviamo i suoi dati<\/h2>\n\n<p><strong class=\"privacy-policy-tutorial\"> <\/strong>Se lascia un commento, il commento e i suoi metadati vengono conservati a tempo indeterminato. In questo modo possiamo riconoscere e approvare automaticamente i commenti successivi, invece di trattenerli in una coda di moderazione. <\/p>\n\n<p>Per gli utenti che si registrano sul nostro sito web (se presenti), memorizziamo anche le informazioni personali che forniscono nel loro profilo utente. Tutti gli utenti possono vedere, modificare o cancellare le loro informazioni personali in qualsiasi momento (tranne che non possono cambiare il loro nome utente). Anche gli amministratori del sito web possono vedere e modificare tali informazioni.  <\/p>\n\n<h2 class=\"wp-block-heading\" id=\"h-what-rights-you-have-over-your-data\">Quali diritti ha sui suoi dati<\/h2>\n\n<p><strong class=\"privacy-policy-tutorial\"> <\/strong>Se ha un account su questo sito, o se ha lasciato dei commenti, pu\u00f2 richiedere di ricevere un file esportato dei dati personali in nostro possesso, compresi i dati che ci ha fornito. Pu\u00f2 anche richiedere la cancellazione dei dati personali in nostro possesso. Questo non include i dati che siamo obbligati a conservare per scopi amministrativi, legali o di sicurezza.  <\/p>\n\n<h2 class=\"wp-block-heading\" id=\"h-where-your-data-is-sent\">Dove vengono inviati i suoi dati<\/h2>\n\n<p>I commenti dei visitatori possono essere controllati da un servizio automatico di rilevamento dello spam.<\/p>\n","protected":false},"excerpt":{"rendered":"<p>Chi siamo L&#8217;indirizzo del nostro sito web \u00e8: https:\/\/www.ufi.eu. Commenti Quando i visitatori lasciano dei commenti sul sito, raccogliamo i dati mostrati nel modulo dei commenti e anche l&#8217;indirizzo IP del visitatore e la stringa dell&#8217;agente utente del browser per aiutare il rilevamento dello spam. Una stringa anonima creata dal suo indirizzo e-mail (chiamata anche [&hellip;]<\/p>\n","protected":false},"author":1,"featured_media":0,"parent":0,"menu_order":0,"comment_status":"closed","ping_status":"open","template":"","meta":{"footnotes":""},"class_list":["post-10056","page","type-page","status-publish","hentry"],"yoast_head":"<!-- This site is optimized with the Yoast SEO Premium plugin v25.1 (Yoast SEO v25.1) - https:\/\/yoast.com\/wordpress\/plugins\/seo\/ -->\n<title>Informativa sulla privacy - UFI<\/title>\n<meta name=\"robots\" content=\"index, follow, max-snippet:-1, max-image-preview:large, max-video-preview:-1\" \/>\n<link rel=\"canonical\" href=\"https:\/\/www.ufi.eu\/it\/informativa-sulla-privacy\/\" \/>\n<meta property=\"og:locale\" content=\"it_IT\" \/>\n<meta property=\"og:type\" content=\"article\" \/>\n<meta property=\"og:title\" content=\"Informativa sulla privacy\" \/>\n<meta property=\"og:description\" content=\"Chi siamo L&#8217;indirizzo del nostro sito web \u00e8: https:\/\/www.ufi.eu. Commenti Quando i visitatori lasciano dei commenti sul sito, raccogliamo i dati mostrati nel modulo dei commenti e anche l&#8217;indirizzo IP del visitatore e la stringa dell&#8217;agente utente del browser per aiutare il rilevamento dello spam. Una stringa anonima creata dal suo indirizzo e-mail (chiamata anche [&hellip;]\" \/>\n<meta property=\"og:url\" content=\"https:\/\/www.ufi.eu\/it\/informativa-sulla-privacy\/\" \/>\n<meta property=\"og:site_name\" content=\"UFI\" \/>\n<meta property=\"article:modified_time\" content=\"2025-04-14T21:43:10+00:00\" \/>\n<meta name=\"twitter:card\" content=\"summary_large_image\" \/>\n<meta name=\"twitter:label1\" content=\"Tempo di lettura stimato\" \/>\n\t<meta name=\"twitter:data1\" content=\"3 minuto\" \/>\n<script type=\"application\/ld+json\" class=\"yoast-schema-graph\">{\"@context\":\"https:\/\/schema.org\",\"@graph\":[{\"@type\":\"WebPage\",\"@id\":\"https:\/\/www.ufi.eu\/it\/informativa-sulla-privacy\/\",\"url\":\"https:\/\/www.ufi.eu\/it\/informativa-sulla-privacy\/\",\"name\":\"Informativa sulla privacy - UFI\",\"isPartOf\":{\"@id\":\"https:\/\/www.ufi.eu\/it\/#website\"},\"datePublished\":\"2025-04-14T21:43:09+00:00\",\"dateModified\":\"2025-04-14T21:43:10+00:00\",\"breadcrumb\":{\"@id\":\"https:\/\/www.ufi.eu\/it\/informativa-sulla-privacy\/#breadcrumb\"},\"inLanguage\":\"it-IT\",\"potentialAction\":[{\"@type\":\"ReadAction\",\"target\":[\"https:\/\/www.ufi.eu\/it\/informativa-sulla-privacy\/\"]}]},{\"@type\":\"BreadcrumbList\",\"@id\":\"https:\/\/www.ufi.eu\/it\/informativa-sulla-privacy\/#breadcrumb\",\"itemListElement\":[{\"@type\":\"ListItem\",\"position\":1,\"name\":\"Home\",\"item\":\"https:\/\/www.ufi.eu\/it\/casa\/\"},{\"@type\":\"ListItem\",\"position\":2,\"name\":\"Informativa sulla privacy\"}]},{\"@type\":\"WebSite\",\"@id\":\"https:\/\/www.ufi.eu\/it\/#website\",\"url\":\"https:\/\/www.ufi.eu\/it\/\",\"name\":\"UFI.EU\",\"description\":\"Poison Centre Notifications (PCN) and UFI\",\"publisher\":{\"@id\":\"https:\/\/www.ufi.eu\/it\/#organization\"},\"potentialAction\":[{\"@type\":\"SearchAction\",\"target\":{\"@type\":\"EntryPoint\",\"urlTemplate\":\"https:\/\/www.ufi.eu\/it\/?s={search_term_string}\"},\"query-input\":{\"@type\":\"PropertyValueSpecification\",\"valueRequired\":true,\"valueName\":\"search_term_string\"}}],\"inLanguage\":\"it-IT\"},{\"@type\":\"Organization\",\"@id\":\"https:\/\/www.ufi.eu\/it\/#organization\",\"name\":\"UFI.EU\",\"url\":\"https:\/\/www.ufi.eu\/it\/\",\"logo\":{\"@type\":\"ImageObject\",\"inLanguage\":\"it-IT\",\"@id\":\"https:\/\/www.ufi.eu\/it\/#\/schema\/logo\/image\/\",\"url\":\"https:\/\/www.ufi.eu\/wp-content\/uploads\/2025\/03\/cropped-logo_ufi3.jpg\",\"contentUrl\":\"https:\/\/www.ufi.eu\/wp-content\/uploads\/2025\/03\/cropped-logo_ufi3.jpg\",\"width\":231,\"height\":78,\"caption\":\"UFI.EU\"},\"image\":{\"@id\":\"https:\/\/www.ufi.eu\/it\/#\/schema\/logo\/image\/\"},\"description\":\"UFI.eu specializes in digital registrations for Poison Centre Notifications (PCN), ensuring your chemical products meet EU regulatory requirements effortlessly. Our streamlined solutions help businesses stay compliant while reducing complexity and administrative burden.\",\"email\":\"info@ufi.eu\",\"legalName\":\"UFI.EU\"}]}<\/script>\n<!-- \/ Yoast SEO Premium plugin. -->","yoast_head_json":{"title":"Informativa sulla privacy - UFI","robots":{"index":"index","follow":"follow","max-snippet":"max-snippet:-1","max-image-preview":"max-image-preview:large","max-video-preview":"max-video-preview:-1"},"canonical":"https:\/\/www.ufi.eu\/it\/informativa-sulla-privacy\/","og_locale":"it_IT","og_type":"article","og_title":"Informativa sulla privacy","og_description":"Chi siamo L&#8217;indirizzo del nostro sito web \u00e8: https:\/\/www.ufi.eu. Commenti Quando i visitatori lasciano dei commenti sul sito, raccogliamo i dati mostrati nel modulo dei commenti e anche l&#8217;indirizzo IP del visitatore e la stringa dell&#8217;agente utente del browser per aiutare il rilevamento dello spam. Una stringa anonima creata dal suo indirizzo e-mail (chiamata anche [&hellip;]","og_url":"https:\/\/www.ufi.eu\/it\/informativa-sulla-privacy\/","og_site_name":"UFI","article_modified_time":"2025-04-14T21:43:10+00:00","twitter_card":"summary_large_image","twitter_misc":{"Tempo di lettura stimato":"3 minuto"},"schema":{"@context":"https:\/\/schema.org","@graph":[{"@type":"WebPage","@id":"https:\/\/www.ufi.eu\/it\/informativa-sulla-privacy\/","url":"https:\/\/www.ufi.eu\/it\/informativa-sulla-privacy\/","name":"Informativa sulla privacy - UFI","isPartOf":{"@id":"https:\/\/www.ufi.eu\/it\/#website"},"datePublished":"2025-04-14T21:43:09+00:00","dateModified":"2025-04-14T21:43:10+00:00","breadcrumb":{"@id":"https:\/\/www.ufi.eu\/it\/informativa-sulla-privacy\/#breadcrumb"},"inLanguage":"it-IT","potentialAction":[{"@type":"ReadAction","target":["https:\/\/www.ufi.eu\/it\/informativa-sulla-privacy\/"]}]},{"@type":"BreadcrumbList","@id":"https:\/\/www.ufi.eu\/it\/informativa-sulla-privacy\/#breadcrumb","itemListElement":[{"@type":"ListItem","position":1,"name":"Home","item":"https:\/\/www.ufi.eu\/it\/casa\/"},{"@type":"ListItem","position":2,"name":"Informativa sulla privacy"}]},{"@type":"WebSite","@id":"https:\/\/www.ufi.eu\/it\/#website","url":"https:\/\/www.ufi.eu\/it\/","name":"UFI.EU","description":"Poison Centre Notifications (PCN) and UFI","publisher":{"@id":"https:\/\/www.ufi.eu\/it\/#organization"},"potentialAction":[{"@type":"SearchAction","target":{"@type":"EntryPoint","urlTemplate":"https:\/\/www.ufi.eu\/it\/?s={search_term_string}"},"query-input":{"@type":"PropertyValueSpecification","valueRequired":true,"valueName":"search_term_string"}}],"inLanguage":"it-IT"},{"@type":"Organization","@id":"https:\/\/www.ufi.eu\/it\/#organization","name":"UFI.EU","url":"https:\/\/www.ufi.eu\/it\/","logo":{"@type":"ImageObject","inLanguage":"it-IT","@id":"https:\/\/www.ufi.eu\/it\/#\/schema\/logo\/image\/","url":"https:\/\/www.ufi.eu\/wp-content\/uploads\/2025\/03\/cropped-logo_ufi3.jpg","contentUrl":"https:\/\/www.ufi.eu\/wp-content\/uploads\/2025\/03\/cropped-logo_ufi3.jpg","width":231,"height":78,"caption":"UFI.EU"},"image":{"@id":"https:\/\/www.ufi.eu\/it\/#\/schema\/logo\/image\/"},"description":"UFI.eu specializes in digital registrations for Poison Centre Notifications (PCN), ensuring your chemical products meet EU regulatory requirements effortlessly. Our streamlined solutions help businesses stay compliant while reducing complexity and administrative burden.","email":"info@ufi.eu","legalName":"UFI.EU"}]}},"_links":{"self":[{"href":"https:\/\/www.ufi.eu\/it\/wp-json\/wp\/v2\/pages\/10056","targetHints":{"allow":["GET"]}}],"collection":[{"href":"https:\/\/www.ufi.eu\/it\/wp-json\/wp\/v2\/pages"}],"about":[{"href":"https:\/\/www.ufi.eu\/it\/wp-json\/wp\/v2\/types\/page"}],"author":[{"embeddable":true,"href":"https:\/\/www.ufi.eu\/it\/wp-json\/wp\/v2\/users\/1"}],"replies":[{"embeddable":true,"href":"https:\/\/www.ufi.eu\/it\/wp-json\/wp\/v2\/comments?post=10056"}],"version-history":[{"count":1,"href":"https:\/\/www.ufi.eu\/it\/wp-json\/wp\/v2\/pages\/10056\/revisions"}],"predecessor-version":[{"id":10057,"href":"https:\/\/www.ufi.eu\/it\/wp-json\/wp\/v2\/pages\/10056\/revisions\/10057"}],"wp:attachment":[{"href":"https:\/\/www.ufi.eu\/it\/wp-json\/wp\/v2\/media?parent=10056"}],"curies":[{"name":"wp","href":"https:\/\/api.w.org\/{rel}","templated":true}]}}