{"id":31752,"date":"2025-06-25T10:04:58","date_gmt":"2025-09-24T14:41:24","guid":{"rendered":"https:\/\/www.ufi.eu\/product\/pcn-ufi-pakki\/"},"modified":"2026-01-09T16:13:28","modified_gmt":"2026-01-09T16:13:28","slug":"pcn-ufi-pakki","status":"publish","type":"product","link":"https:\/\/www.ufi.eu\/is\/product\/pcn-ufi-pakki\/","title":{"rendered":"PCN &amp; UFI pakki"},"content":{"rendered":"\n<h2 class=\"wp-block-heading\" id=\"h-how-does-the-ufi-creation-and-pcn-notification-service-work\">Hvernig virkar UFI ger\u00f0 og PCN tilkynninga\u00fej\u00f3nustan?<\/h2>\n\n<p>Eftir kaup \u00e1 \u00feessari \u00fej\u00f3nustu f\u00e6r\u00f0u a\u00f0gang a\u00f0 \u00f6ruggri g\u00e1tt. \u00deessi g\u00e1tt inniheldur yfirlit yfir \u00f6ll skref.  \u00de\u00fa fyllir \u00fat v\u00f6ruuppl\u00fdsingarnar \u00fe\u00ednar og vi\u00f0 hefjumst handa.<\/p>\n\n<h3 class=\"wp-block-heading\" id=\"h-poison-center-notification-amp-ufi\">Eitrunarmi\u00f0st\u00f6\u00f0 tilkynning &amp; UFI<\/h3>\n\n<p>Vi\u00f0 munum \u00fatvega:<\/p>\n\n<ul class=\"wp-block-list\">\n<li>Einkv\u00e6mt form\u00faluau\u00f0kenni v\u00f6runnar (UFI)<\/li>\n\n\n\n<li>Tilkynningu til eitrunarmi\u00f0st\u00f6\u00f0var (PCN) sk\u00fdrslu<\/li>\n\n\n\n<li>Skr\u00e1ningu v\u00f6runnar hj\u00e1 vi\u00f0eigandi innlendum eitrunarmi\u00f0st\u00f6\u00f0vum \u00ed gegnum ECHA.<\/li>\n\n\n\n<li>\u00d6ryggisbla\u00f0 v\u00f6runnar<\/li>\n<\/ul>\n\n<h3 class=\"wp-block-heading\" id=\"h-countries-for-pcn-registration\">L\u00f6nd fyrir PCN skr\u00e1ningu<\/h3>\n\n<p>\u00de\u00fa getur tali\u00f0 fj\u00f6lda landa sem \u00fe\u00fa vilt skr\u00e1 v\u00f6runa \u00fe\u00edna \u00ed. \u00deetta er fj\u00f6ldi landa sem \u00fe\u00fa \u00fearft a\u00f0 kaupa.  \u00de\u00fa getur vali\u00f0 tiltekin l\u00f6nd innan g\u00e1ttarinnar. Ef \u00fe\u00fa \u00e6tlar a\u00f0 st\u00e6kka s\u00f6lu vara \u00feinna til n\u00fdrra landa s\u00ed\u00f0ar, \u00fe\u00e1 getur \u00fe\u00fa alltaf panta\u00f0 vi\u00f0b\u00f3tar <a href=\"https:\/\/www.ufi.eu\/pcn\/countries\/countries-for-pcn-registration\/\" target=\"_blank\" rel=\"noreferrer noopener\">PCN landskr\u00e1ningar<\/a>.<br\/>ESB hefur 27 l\u00f6nd og EES hefur 30 (ESB+Liechtenstein, Noregur og \u00cdsland) \u00cd g\u00e1ttinni getur \u00fe\u00fa vali\u00f0 \u00feessi l\u00f6nd: <\/p>\n\n<figure class=\"wp-block-table\"><table class=\"has-fixed-layout\"><tbody><tr><td>Belg\u00eda<\/td><td>(BE)<\/td><td>Sp\u00e1nn<\/td><td>(ES)<\/td><td>Ungverjaland<\/td><td>(HU)<\/td><td>Sl\u00f3vak\u00eda<\/td><td>(SK)<\/td><\/tr><tr><td>B\u00falgar\u00eda<\/td><td>(BG)<\/td><td>Frakkland<\/td><td>(FR)<\/td><td>Malta<\/td><td>(MT)<\/td><td>Finnland<\/td><td>(FI)<\/td><\/tr><tr><td>T\u00e9kkland<\/td><td>(CZ)<\/td><td>Kr\u00f3at\u00eda<\/td><td>(HR)<\/td><td>Holland<\/td><td>(NL)<\/td><td>Sv\u00ed\u00fej\u00f3\u00f0<\/td><td>(SE)<\/td><\/tr><tr><td>Danm\u00f6rk<\/td><td>(DK)<\/td><td>\u00cdtal\u00eda<\/td><td>(IT)<\/td><td>Austurr\u00edki<\/td><td>(AT)<\/td><td>\u00de\u00fdskaland<\/td><td>(DE)<\/td><\/tr><tr><td>K\u00fdpur<\/td><td>(CY)<\/td><td>P\u00f3lland<\/td><td>(PL)<\/td><td>\u00cdsland<\/td><td>(IS)<\/td><td>Eistland<\/td><td>(EE)<\/td><\/tr><tr><td>Lettland<\/td><td>(LV)<\/td><td>Port\u00fagal<\/td><td>(PT)<\/td><td>Liechtenstein<\/td><td>(LI)<\/td><td>\u00cdrland<\/td><td>(IE)<\/td><\/tr><tr><td>Lith\u00e1en<\/td><td>(LT)<\/td><td>R\u00famen\u00eda<\/td><td>(RO)<\/td><td>Noregur<\/td><td>(NO)<\/td><td>Grikkland<\/td><td>(EL)<\/td><\/tr><tr><td>L\u00faxemborg<\/td><td>(LU)<\/td><td>Sl\u00f3ven\u00eda<\/td><td>(SI)<\/td><td>Sviss*<\/td><td>(CH)<\/td><td>\u00a0<\/td><td>\u00a0<\/td><\/tr><\/tbody><\/table><\/figure>\n\n<p>*Fyrir Sviss getum vi\u00f0 b\u00fai\u00f0 til PCN m\u00e1lsskj\u00f6l me\u00f0 \u00f6llum nau\u00f0synlegum uppl\u00fdsingum fyrir innsendingu \u00ed svissnesku g\u00e1ttina. Haf\u00f0u samband vi\u00f0 okkur fyrir frekari uppl\u00fdsingar. <\/p>\n\n<h3 class=\"wp-block-heading\" id=\"h-clp-label-information\">CLP merkimi\u00f0auppl\u00fdsingar<\/h3>\n\n<p>Vi\u00f0 bj\u00f3\u00f0um upp \u00e1 \u00feann valkost a\u00f0 kaupa CLP samr\u00e6mdan v\u00f6rumerkimi\u00f0a sem inniheldur allar skyldubundnar uppl\u00fdsingar samkv\u00e6mt CLP regluger\u00f0 ESB. \u00deetta ver\u00f0ur afhent sem PDF skjal.  \u00deetta er ekki h\u00f6nnun, heldur samantekt \u00e1 nau\u00f0synlegum uppl\u00fdsingum. \u00deetta gerir \u00fe\u00e9r kleift a\u00f0 fella nau\u00f0synlegar uppl\u00fdsingar inn \u00ed h\u00f6nnun v\u00f6rumerkimi\u00f0ans \u00fe\u00edns. \u00de\u00fa getur einnig panta\u00f0 <a href=\"https:\/\/www.ufi.eu\/pcn\/clp-label\/clp-label-creation-compliance-check\/\" target=\"_blank\" rel=\"noreferrer noopener\">CLP merkimi\u00f0ager\u00f0<\/a> s\u00e9rstaklega. Ertu \u00feegar me\u00f0 merkimi\u00f0a? \u2014 Vi\u00f0 getum framkv\u00e6mt <a href=\"https:\/\/www.ufi.eu\/pcn\/clp-label\/clp-label-creation-compliance-check\/\" target=\"_blank\" rel=\"noreferrer noopener\">CLP merkimi\u00f0asamr\u00e6misathugun<\/a> \u00e1 merkimi\u00f0anum \u00fe\u00ednum \u00ed samr\u00e6mi vi\u00f0 n\u00fagildandi CLP kr\u00f6fur. Vi\u00f0 veitum \u00edtarlega endurgj\u00f6f og lei\u00f0r\u00e9ttingar til a\u00f0 tryggja a\u00f0 merkimi\u00f0inn \u00feinn uppfylli allar reglukr\u00f6fur.     <\/p>\n\n<h2 class=\"wp-block-heading\" id=\"h-registering-formulations-with-the-eu-poison-centre\">Skr\u00e1ning efnablandna hj\u00e1 eitrunarmi\u00f0st\u00f6\u00f0 ESB<\/h2>\n\n<p>Efnabl\u00f6ndur eru efnabl\u00f6ndur sem \u00e6tla\u00f0ar eru til frekari bl\u00f6ndunar \u00ed a\u00f0rar bl\u00f6ndur e\u00f0a \u00e6tla\u00f0ar til beinnar notkunar. \u00deessar bl\u00f6ndur ver\u00f0a a\u00f0 vera skr\u00e1\u00f0ar hj\u00e1 eitrunarmi\u00f0st\u00f6\u00f0 ESB til a\u00f0 tryggja a\u00f0 ney\u00f0arvi\u00f0brag\u00f0sa\u00f0ilar hafi a\u00f0gang a\u00f0 mikilv\u00e6gum \u00f6ryggisuppl\u00fdsingum ef \u00f3happ ver\u00f0ur. PCN ferli\u00f0 tryggir a\u00f0 vi\u00f0eigandi h\u00e6ttuflokkanir og eiturefnafr\u00e6\u00f0ileg pr\u00f3f\u00f6l s\u00e9u a\u00f0gengileg heilbrig\u00f0isstarfsf\u00f3lki og yfirv\u00f6ldum.  <\/p>\n\n<h3 class=\"wp-block-heading\" id=\"h-what-is-a-ufi\">Hva\u00f0 er UFI?<\/h3>\n\n<p>Einkv\u00e6mt form\u00faluau\u00f0kenni (UFI) er 16 stafa alstafa k\u00f3\u00f0i sem nota\u00f0ur er til a\u00f0 au\u00f0kenna efnabl\u00f6ndu \u00e1 einkv\u00e6man h\u00e1tt. \u00dea\u00f0 ver\u00f0ur a\u00f0 prenta \u00e1 v\u00f6rumerkimi\u00f0ann og \u00fea\u00f0 \u00fearf a\u00f0 vera \u00ed \u00f6ryggisbla\u00f0inu (SDS). UFI gerir eitrunarmi\u00f0st\u00f6\u00f0vum kleift a\u00f0 n\u00e1lgast hratt \u00f6ryggis- og eiturefnafr\u00e6\u00f0ilegar uppl\u00fdsingar um bl\u00f6nduna ef \u00f3happ ver\u00f0ur.  <\/p>\n\n<h3 class=\"wp-block-heading\" id=\"h-what-is-a-pcn\">Hva\u00f0 er PCN?<\/h3>\n\n<p>Tilkynning til eitrunarmi\u00f0st\u00f6\u00f0var (PCN) er l\u00f6gbo\u00f0in innsending sem inniheldur \u00edtarlegar \u00f6ryggis- og eiturefnafr\u00e6\u00f0ilegar uppl\u00fdsingar um h\u00e6ttulegar bl\u00f6ndur. PCN inniheldur uppl\u00fdsingar eins og samsetningu bl\u00f6ndunnar, flokkun, h\u00e6ttuvarnanir og ney\u00f0arvi\u00f0brag\u00f0sr\u00e1\u00f0stafanir. \u00deetta er skyldubundi\u00f0 fyrir allar h\u00e6ttulegar bl\u00f6ndur sem settar eru \u00e1 marka\u00f0 ESB.  <\/p>\n\n<h3 class=\"wp-block-heading\" id=\"h-what-is-clp\">Hva\u00f0 er CLP?<\/h3>\n\n<p>CLP (Flokkun, merking og p\u00f6kkun) er ESB regluger\u00f0 (EB nr. 1272\/2008) sem tryggir a\u00f0 efnav\u00f6rur s\u00e9u flokka\u00f0ar og merktar samkv\u00e6mt h\u00e6ttum \u00feeirra. H\u00fan samr\u00e6mist hnattr\u00e6na samr\u00e6mda kerfinu (GHS) og tryggir a\u00f0 allar h\u00e6ttulegar bl\u00f6ndur hafi vi\u00f0eigandi vi\u00f0v\u00f6runarmerkingar og \u00f6ryggislei\u00f0beiningar. <\/p>\n\n<h3 class=\"wp-block-heading\" id=\"h-what-is-the-eu-poison-centre\">Hva\u00f0 er eitrunarmi\u00f0st\u00f6\u00f0 ESB?<\/h3>\n\n<p>Eitrunarmi\u00f0st\u00f6\u00f0 ESB er opinber a\u00f0ili sem safnar og geymir \u00f6ryggisuppl\u00fdsingar um h\u00e6ttulegar bl\u00f6ndur. Heilbrig\u00f0isstarfsf\u00f3lk og ney\u00f0arvi\u00f0brag\u00f0sa\u00f0ilar rei\u00f0a sig \u00e1 eitrunarmi\u00f0st\u00f6\u00f0ina til a\u00f0 veita n\u00e1kv\u00e6m efna\u00f6ryggisuppl\u00fdsingar ef \u00f3happ e\u00f0a eitrun \u00e1 s\u00e9r sta\u00f0. <\/p>\n\n<h3 class=\"wp-block-heading\" id=\"h-why-is-this-needed\">Af hverju er \u00feetta nau\u00f0synlegt?<\/h3>\n\n<p>I\u00f0na\u00f0arbl\u00f6ndur innihalda oft h\u00e6ttuleg efni sem \u00fearfnast sk\u00fdrrar au\u00f0kenningar \u00ed ney\u00f0artilvikum. Me\u00f0 \u00fev\u00ed a\u00f0 senda inn PCN tryggja fyrirt\u00e6ki a\u00f0 eitrunarmi\u00f0st\u00f6\u00f0var og heilbrig\u00f0isstarfsf\u00f3lk hafi tafarlausan a\u00f0gang a\u00f0 vi\u00f0eigandi uppl\u00fdsingum, sem b\u00e6tir \u00f6ryggi ef v\u00e1hrif ver\u00f0a. <\/p>\n\n<h3 class=\"wp-block-heading\" id=\"h-since-when-is-it-by-law-obligatory\">S\u00ed\u00f0an hven\u00e6r er \u00feetta l\u00f6gskylt?<\/h3>\n\n<p>Lagaleg krafa um a\u00f0 senda inn PCN fyrir h\u00e6ttulegar bl\u00f6ndur t\u00f3k gildi 1. jan\u00faar 2021. Fyrir i\u00f0na\u00f0arbl\u00f6ndur sem eing\u00f6ngu eru nota\u00f0ar \u00ed frekari vinnslu hefur samr\u00e6mi veri\u00f0 skyldubundi\u00f0 fr\u00e1 1. jan\u00faar 2024. <\/p>\n","protected":false},"excerpt":{"rendered":"<p>Hvernig virkar UFI ger\u00f0 og PCN tilkynninga\u00fej\u00f3nustan? Eftir kaup \u00e1 \u00feessari \u00fej\u00f3nustu f\u00e6r\u00f0u a\u00f0gang a\u00f0 \u00f6ruggri g\u00e1tt. \u00deessi g\u00e1tt inniheldur yfirlit yfir \u00f6ll skref. \u00de\u00fa fyllir \u00fat v\u00f6ruuppl\u00fdsingarnar \u00fe\u00ednar og vi\u00f0 hefjumst handa. Eitrunarmi\u00f0st\u00f6\u00f0 tilkynning &amp; UFI Vi\u00f0 munum \u00fatvega: L\u00f6nd fyrir PCN skr\u00e1ningu \u00de\u00fa getur tali\u00f0 fj\u00f6lda landa sem \u00fe\u00fa vilt skr\u00e1 v\u00f6runa \u00fe\u00edna [&hellip;]<\/p>\n","protected":false},"featured_media":12465,"template":"","meta":[],"product_brand":[],"product_cat":[406],"product_tag":[],"class_list":{"0":"post-31752","1":"product","2":"type-product","3":"status-publish","4":"has-post-thumbnail","6":"product_cat-clp-merki","8":"first","9":"instock","10":"virtual","11":"taxable","12":"purchasable","13":"product-type-bundle"},"bundled_by":[],"bundle_stock_status":"instock","bundle_stock_quantity":"","bundle_virtual":false,"bundle_layout":"default","bundle_add_to_cart_form_location":"default","bundle_editable_in_cart":false,"bundle_sold_individually_context":"product","bundle_item_grouping":"parent","bundle_min_size":"","bundle_max_size":"","bundle_price":{"price":{"min":{"incl_tax":"78.65","excl_tax":"65"},"max":{"incl_tax":"","excl_tax":""}},"regular_price":{"min":{"incl_tax":"78.65","excl_tax":"65"},"max":{"incl_tax":"","excl_tax":""}}},"bundled_items":[{"bundled_item_id":13127,"product_id":12540,"menu_order":0,"quantity_min":1,"quantity_max":"","quantity_default":1,"priced_individually":true,"shipped_individually":true,"override_title":false,"title":"Tilkynning um eiturefnami\u00f0st\u00f6\u00f0 og UFI","override_description":false,"description":"Tilkynning um eiturefnami\u00f0st\u00f6\u00f0 og UFI","optional":false,"hide_thumbnail":false,"discount":"","override_variations":false,"allowed_variations":[""],"override_default_variation_attributes":false,"default_variation_attributes":[],"single_product_visibility":"visible","cart_visibility":"visible","order_visibility":"visible","single_product_price_visibility":"visible","cart_price_visibility":"visible","order_price_visibility":"visible","stock_status":"in_stock"},{"bundled_item_id":13128,"product_id":31714,"menu_order":1,"quantity_min":0,"quantity_max":"","quantity_default":0,"priced_individually":true,"shipped_individually":false,"override_title":false,"title":"\u00d6ll EES-l\u00f6nd fyrir PCN-skr\u00e1ningarpakka","override_description":false,"description":"\u00d6ll EES-l\u00f6nd fyrir PCN-skr\u00e1ningarpakka","optional":false,"hide_thumbnail":false,"discount":"","override_variations":false,"allowed_variations":[""],"override_default_variation_attributes":false,"default_variation_attributes":[],"single_product_visibility":"visible","cart_visibility":"visible","order_visibility":"visible","single_product_price_visibility":"visible","cart_price_visibility":"visible","order_price_visibility":"visible","stock_status":"in_stock"},{"bundled_item_id":13153,"product_id":12532,"menu_order":1,"quantity_min":0,"quantity_max":"","quantity_default":1,"priced_individually":true,"shipped_individually":true,"override_title":false,"title":"L\u00f6nd fyrir PCN skr\u00e1ningu","override_description":false,"description":"L\u00f6nd fyrir PCN skr\u00e1ningu","optional":false,"hide_thumbnail":false,"discount":"","override_variations":false,"allowed_variations":[""],"override_default_variation_attributes":false,"default_variation_attributes":[],"single_product_visibility":"visible","cart_visibility":"visible","order_visibility":"visible","single_product_price_visibility":"visible","cart_price_visibility":"visible","order_price_visibility":"visible","stock_status":"in_stock"},{"bundled_item_id":13129,"product_id":12785,"menu_order":2,"quantity_min":0,"quantity_max":"","quantity_default":0,"priced_individually":true,"shipped_individually":true,"override_title":false,"title":"CLP merki stofnun og samr\u00e6missko\u00f0un","override_description":true,"description":"","optional":false,"hide_thumbnail":false,"discount":"","override_variations":false,"allowed_variations":[""],"override_default_variation_attributes":false,"default_variation_attributes":[],"single_product_visibility":"visible","cart_visibility":"visible","order_visibility":"visible","single_product_price_visibility":"visible","cart_price_visibility":"visible","order_price_visibility":"visible","stock_status":"in_stock"},{"bundled_item_id":13130,"product_id":12464,"menu_order":3,"quantity_min":0,"quantity_max":"","quantity_default":0,"priced_individually":true,"shipped_individually":true,"override_title":false,"title":"Ger\u00f0 \u00f6ryggisbla\u00f0s","override_description":false,"description":"Ger\u00f0 \u00f6ryggisbla\u00f0s","optional":false,"hide_thumbnail":false,"discount":"","override_variations":false,"allowed_variations":[""],"override_default_variation_attributes":false,"default_variation_attributes":[],"single_product_visibility":"visible","cart_visibility":"visible","order_visibility":"visible","single_product_price_visibility":"visible","cart_price_visibility":"visible","order_price_visibility":"visible","stock_status":"in_stock"},{"bundled_item_id":13131,"product_id":12475,"menu_order":4,"quantity_min":0,"quantity_max":"","quantity_default":0,"priced_individually":true,"shipped_individually":false,"override_title":true,"title":"Tungum\u00e1l \u00f6ryggisbla\u00f0s","override_description":false,"description":"Tungum\u00e1l \u00f6ryggisbla\u00f0a","optional":false,"hide_thumbnail":false,"discount":"","override_variations":false,"allowed_variations":[""],"override_default_variation_attributes":false,"default_variation_attributes":[],"single_product_visibility":"visible","cart_visibility":"visible","order_visibility":"visible","single_product_price_visibility":"visible","cart_price_visibility":"visible","order_price_visibility":"visible","stock_status":"in_stock"}],"bundle_sell_ids":[],"yoast_head":"<!-- This site is optimized with the Yoast SEO Premium plugin v25.1 (Yoast SEO v25.1) - https:\/\/yoast.com\/wordpress\/plugins\/seo\/ -->\n<title>PCN &amp; UFI pakki - UFI<\/title>\n<meta name=\"description\" content=\"PCN &amp; UFI pakkinn veitir \u00fe\u00e9r allt sem \u00fe\u00fa \u00fearft til a\u00f0 byrja a\u00f0 selja v\u00f6runa \u00fe\u00edna \u00ed ESB.\" \/>\n<meta name=\"robots\" content=\"index, follow, max-snippet:-1, max-image-preview:large, max-video-preview:-1\" \/>\n<link rel=\"canonical\" href=\"https:\/\/www.ufi.eu\/is\/product\/pcn-ufi-pakki\/\" \/>\n<meta property=\"og:locale\" content=\"is_IS\" \/>\n<meta property=\"og:type\" content=\"article\" \/>\n<meta property=\"og:title\" content=\"PCN &amp; UFI pakki\" \/>\n<meta property=\"og:description\" content=\"PCN &amp; UFI pakkinn veitir \u00fe\u00e9r allt sem \u00fe\u00fa \u00fearft til a\u00f0 byrja a\u00f0 selja v\u00f6runa \u00fe\u00edna \u00ed ESB.\" \/>\n<meta property=\"og:url\" content=\"https:\/\/www.ufi.eu\/is\/product\/pcn-ufi-pakki\/\" \/>\n<meta property=\"og:site_name\" content=\"UFI\" \/>\n<meta property=\"article:modified_time\" content=\"2026-01-09T16:13:28+00:00\" \/>\n<meta property=\"og:image\" content=\"https:\/\/www.ufi.eu\/wp-content\/uploads\/2025\/03\/pcn_ufi.jpg\" \/>\n\t<meta property=\"og:image:width\" content=\"1024\" \/>\n\t<meta property=\"og:image:height\" content=\"1024\" \/>\n\t<meta property=\"og:image:type\" content=\"image\/jpeg\" \/>\n<meta name=\"twitter:card\" content=\"summary_large_image\" \/>\n<meta name=\"twitter:label1\" content=\"Price\" \/>\n\t<meta name=\"twitter:data1\" content=\"&euro;0.00\" \/>\n\t<meta name=\"twitter:label2\" content=\"Availability\" \/>\n\t<meta name=\"twitter:data2\" content=\"In stock\" \/>\n<script type=\"application\/ld+json\" class=\"yoast-schema-graph\">{\"@context\":\"https:\/\/schema.org\",\"@graph\":[{\"@type\":\"WebPage\",\"@id\":\"https:\/\/www.ufi.eu\/is\/product\/pcn-ufi-pakki\/\",\"url\":\"https:\/\/www.ufi.eu\/is\/product\/pcn-ufi-pakki\/\",\"name\":\"PCN &amp; UFI pakki - UFI\",\"isPartOf\":{\"@id\":\"https:\/\/www.ufi.eu\/is\/#website\"},\"primaryImageOfPage\":{\"@id\":\"https:\/\/www.ufi.eu\/is\/product\/pcn-ufi-pakki\/#primaryimage\"},\"image\":{\"@id\":\"https:\/\/www.ufi.eu\/is\/product\/pcn-ufi-pakki\/#primaryimage\"},\"thumbnailUrl\":\"https:\/\/www.ufi.eu\/wp-content\/uploads\/2025\/03\/pcn_ufi.jpg\",\"datePublished\":\"2025-09-24T14:41:24+00:00\",\"dateModified\":\"2026-01-09T16:13:28+00:00\",\"description\":\"PCN & UFI pakkinn veitir \u00fe\u00e9r allt sem \u00fe\u00fa \u00fearft til a\u00f0 byrja a\u00f0 selja v\u00f6runa \u00fe\u00edna \u00ed ESB.\",\"breadcrumb\":{\"@id\":\"https:\/\/www.ufi.eu\/is\/product\/pcn-ufi-pakki\/#breadcrumb\"},\"inLanguage\":\"is\",\"potentialAction\":[{\"@type\":\"ReadAction\",\"target\":[\"https:\/\/www.ufi.eu\/is\/product\/pcn-ufi-pakki\/\"]}]},{\"@type\":\"ImageObject\",\"inLanguage\":\"is\",\"@id\":\"https:\/\/www.ufi.eu\/is\/product\/pcn-ufi-pakki\/#primaryimage\",\"url\":\"https:\/\/www.ufi.eu\/wp-content\/uploads\/2025\/03\/pcn_ufi.jpg\",\"contentUrl\":\"https:\/\/www.ufi.eu\/wp-content\/uploads\/2025\/03\/pcn_ufi.jpg\",\"width\":1024,\"height\":1024},{\"@type\":\"BreadcrumbList\",\"@id\":\"https:\/\/www.ufi.eu\/is\/product\/pcn-ufi-pakki\/#breadcrumb\",\"itemListElement\":[{\"@type\":\"ListItem\",\"position\":1,\"name\":\"Home\",\"item\":\"https:\/\/www.ufi.eu\/is\/heim\/\"},{\"@type\":\"ListItem\",\"position\":2,\"name\":\"Verslun\",\"item\":\"https:\/\/www.ufi.eu\/is\/verslun\/\"},{\"@type\":\"ListItem\",\"position\":3,\"name\":\"PCN &amp; UFI pakki\"}]},{\"@type\":\"WebSite\",\"@id\":\"https:\/\/www.ufi.eu\/is\/#website\",\"url\":\"https:\/\/www.ufi.eu\/is\/\",\"name\":\"UFI.EU\",\"description\":\"Poison Centre Notifications (PCN) and UFI\",\"publisher\":{\"@id\":\"https:\/\/www.ufi.eu\/is\/#organization\"},\"potentialAction\":[{\"@type\":\"SearchAction\",\"target\":{\"@type\":\"EntryPoint\",\"urlTemplate\":\"https:\/\/www.ufi.eu\/is\/?s={search_term_string}\"},\"query-input\":{\"@type\":\"PropertyValueSpecification\",\"valueRequired\":true,\"valueName\":\"search_term_string\"}}],\"inLanguage\":\"is\"},{\"@type\":\"Organization\",\"@id\":\"https:\/\/www.ufi.eu\/is\/#organization\",\"name\":\"UFI.EU\",\"url\":\"https:\/\/www.ufi.eu\/is\/\",\"logo\":{\"@type\":\"ImageObject\",\"inLanguage\":\"is\",\"@id\":\"https:\/\/www.ufi.eu\/is\/#\/schema\/logo\/image\/\",\"url\":\"https:\/\/www.ufi.eu\/wp-content\/uploads\/2025\/03\/cropped-logo_ufi3.jpg\",\"contentUrl\":\"https:\/\/www.ufi.eu\/wp-content\/uploads\/2025\/03\/cropped-logo_ufi3.jpg\",\"width\":231,\"height\":78,\"caption\":\"UFI.EU\"},\"image\":{\"@id\":\"https:\/\/www.ufi.eu\/is\/#\/schema\/logo\/image\/\"},\"description\":\"UFI.eu specializes in digital registrations for Poison Centre Notifications (PCN), ensuring your chemical products meet EU regulatory requirements effortlessly. Our streamlined solutions help businesses stay compliant while reducing complexity and administrative burden.\",\"email\":\"info@ufi.eu\",\"legalName\":\"UFI.EU\"}]}<\/script>\n<meta property=\"product:price:amount\" content=\"0.00\" \/>\n<meta property=\"product:price:currency\" content=\"EUR\" \/>\n<meta property=\"og:availability\" content=\"instock\" \/>\n<meta property=\"product:availability\" content=\"instock\" \/>\n<meta property=\"product:condition\" content=\"new\" \/>\n<!-- \/ Yoast SEO Premium plugin. -->","yoast_head_json":{"title":"PCN &amp; UFI pakki - UFI","description":"PCN & UFI pakkinn veitir \u00fe\u00e9r allt sem \u00fe\u00fa \u00fearft til a\u00f0 byrja a\u00f0 selja v\u00f6runa \u00fe\u00edna \u00ed ESB.","robots":{"index":"index","follow":"follow","max-snippet":"max-snippet:-1","max-image-preview":"max-image-preview:large","max-video-preview":"max-video-preview:-1"},"canonical":"https:\/\/www.ufi.eu\/is\/product\/pcn-ufi-pakki\/","og_locale":"is_IS","og_type":"article","og_title":"PCN &amp; UFI pakki","og_description":"PCN & UFI pakkinn veitir \u00fe\u00e9r allt sem \u00fe\u00fa \u00fearft til a\u00f0 byrja a\u00f0 selja v\u00f6runa \u00fe\u00edna \u00ed ESB.","og_url":"https:\/\/www.ufi.eu\/is\/product\/pcn-ufi-pakki\/","og_site_name":"UFI","article_modified_time":"2026-01-09T16:13:28+00:00","og_image":[{"width":1024,"height":1024,"url":"https:\/\/www.ufi.eu\/wp-content\/uploads\/2025\/03\/pcn_ufi.jpg","type":"image\/jpeg"}],"twitter_card":"summary_large_image","twitter_misc":{"Price":"&euro;0.00","Availability":"In stock"},"schema":{"@context":"https:\/\/schema.org","@graph":[{"@type":"WebPage","@id":"https:\/\/www.ufi.eu\/is\/product\/pcn-ufi-pakki\/","url":"https:\/\/www.ufi.eu\/is\/product\/pcn-ufi-pakki\/","name":"PCN &amp; UFI pakki - UFI","isPartOf":{"@id":"https:\/\/www.ufi.eu\/is\/#website"},"primaryImageOfPage":{"@id":"https:\/\/www.ufi.eu\/is\/product\/pcn-ufi-pakki\/#primaryimage"},"image":{"@id":"https:\/\/www.ufi.eu\/is\/product\/pcn-ufi-pakki\/#primaryimage"},"thumbnailUrl":"https:\/\/www.ufi.eu\/wp-content\/uploads\/2025\/03\/pcn_ufi.jpg","datePublished":"2025-09-24T14:41:24+00:00","dateModified":"2026-01-09T16:13:28+00:00","description":"PCN & UFI pakkinn veitir \u00fe\u00e9r allt sem \u00fe\u00fa \u00fearft til a\u00f0 byrja a\u00f0 selja v\u00f6runa \u00fe\u00edna \u00ed ESB.","breadcrumb":{"@id":"https:\/\/www.ufi.eu\/is\/product\/pcn-ufi-pakki\/#breadcrumb"},"inLanguage":"is","potentialAction":[{"@type":"ReadAction","target":["https:\/\/www.ufi.eu\/is\/product\/pcn-ufi-pakki\/"]}]},{"@type":"ImageObject","inLanguage":"is","@id":"https:\/\/www.ufi.eu\/is\/product\/pcn-ufi-pakki\/#primaryimage","url":"https:\/\/www.ufi.eu\/wp-content\/uploads\/2025\/03\/pcn_ufi.jpg","contentUrl":"https:\/\/www.ufi.eu\/wp-content\/uploads\/2025\/03\/pcn_ufi.jpg","width":1024,"height":1024},{"@type":"BreadcrumbList","@id":"https:\/\/www.ufi.eu\/is\/product\/pcn-ufi-pakki\/#breadcrumb","itemListElement":[{"@type":"ListItem","position":1,"name":"Home","item":"https:\/\/www.ufi.eu\/is\/heim\/"},{"@type":"ListItem","position":2,"name":"Verslun","item":"https:\/\/www.ufi.eu\/is\/verslun\/"},{"@type":"ListItem","position":3,"name":"PCN &amp; UFI pakki"}]},{"@type":"WebSite","@id":"https:\/\/www.ufi.eu\/is\/#website","url":"https:\/\/www.ufi.eu\/is\/","name":"UFI.EU","description":"Poison Centre Notifications (PCN) and UFI","publisher":{"@id":"https:\/\/www.ufi.eu\/is\/#organization"},"potentialAction":[{"@type":"SearchAction","target":{"@type":"EntryPoint","urlTemplate":"https:\/\/www.ufi.eu\/is\/?s={search_term_string}"},"query-input":{"@type":"PropertyValueSpecification","valueRequired":true,"valueName":"search_term_string"}}],"inLanguage":"is"},{"@type":"Organization","@id":"https:\/\/www.ufi.eu\/is\/#organization","name":"UFI.EU","url":"https:\/\/www.ufi.eu\/is\/","logo":{"@type":"ImageObject","inLanguage":"is","@id":"https:\/\/www.ufi.eu\/is\/#\/schema\/logo\/image\/","url":"https:\/\/www.ufi.eu\/wp-content\/uploads\/2025\/03\/cropped-logo_ufi3.jpg","contentUrl":"https:\/\/www.ufi.eu\/wp-content\/uploads\/2025\/03\/cropped-logo_ufi3.jpg","width":231,"height":78,"caption":"UFI.EU"},"image":{"@id":"https:\/\/www.ufi.eu\/is\/#\/schema\/logo\/image\/"},"description":"UFI.eu specializes in digital registrations for Poison Centre Notifications (PCN), ensuring your chemical products meet EU regulatory requirements effortlessly. Our streamlined solutions help businesses stay compliant while reducing complexity and administrative burden.","email":"info@ufi.eu","legalName":"UFI.EU"}]},"product_price_amount":"0.00","product_price_currency":"EUR","og_availability":"instock","product_availability":"instock","product_condition":"new"},"_links":{"self":[{"href":"https:\/\/www.ufi.eu\/is\/wp-json\/wp\/v2\/product\/31752","targetHints":{"allow":["GET"]}}],"collection":[{"href":"https:\/\/www.ufi.eu\/is\/wp-json\/wp\/v2\/product"}],"about":[{"href":"https:\/\/www.ufi.eu\/is\/wp-json\/wp\/v2\/types\/product"}],"wp:featuredmedia":[{"embeddable":true,"href":"https:\/\/www.ufi.eu\/is\/wp-json\/wp\/v2\/media\/12465"}],"wp:attachment":[{"href":"https:\/\/www.ufi.eu\/is\/wp-json\/wp\/v2\/media?parent=31752"}],"wp:term":[{"taxonomy":"product_brand","embeddable":true,"href":"https:\/\/www.ufi.eu\/is\/wp-json\/wp\/v2\/product_brand?post=31752"},{"taxonomy":"product_cat","embeddable":true,"href":"https:\/\/www.ufi.eu\/is\/wp-json\/wp\/v2\/product_cat?post=31752"},{"taxonomy":"product_tag","embeddable":true,"href":"https:\/\/www.ufi.eu\/is\/wp-json\/wp\/v2\/product_tag?post=31752"}],"curies":[{"name":"wp","href":"https:\/\/api.w.org\/{rel}","templated":true}]}}