{"id":20449,"date":"2025-03-20T08:26:04","date_gmt":"2025-04-17T09:16:34","guid":{"rendered":"https:\/\/www.ufi.eu\/pcn\/uncategorized\/pcn-ufi-fyrir-ilmblondur\/"},"modified":"2025-04-17T09:16:34","modified_gmt":"2025-04-17T09:16:34","slug":"pcn-ufi-fyrir-ilmblondur","status":"publish","type":"product","link":"https:\/\/www.ufi.eu\/is\/product\/pcn-ufi-fyrir-ilmblondur\/","title":{"rendered":"PCN &amp; UFI fyrir ilmbl\u00f6ndur"},"content":{"rendered":"<h2>Hvernig virkar UFI stofnun og PCN tilkynninga\u00fej\u00f3nustan?<\/h2>\n<p>Eftir a\u00f0 \u00fe\u00fa hefur keypt \u00feessa \u00fej\u00f3nustu f\u00e6r\u00f0u a\u00f0gang a\u00f0 \u00f6ruggu g\u00e1ttinni. \u00deessi vefg\u00e1tt inniheldur yfirlit yfir \u00f6ll skref.  \u00de\u00fa fyllir \u00fat v\u00f6ruuppl\u00fdsingarnar \u00fe\u00ednar og vi\u00f0 byrjum a\u00f0 vinna.<\/p>\n<h3>Tilkynning um eiturefnami\u00f0st\u00f6\u00f0 og UFI<\/h3>\n<p>Vi\u00f0 munum veita:<\/p>\n<ul>\n<li>Einstakt form\u00faluau\u00f0kenni v\u00f6runnar \u00feinnar (UFI)<\/li>\n<li>Tilkynning um eiturefnami\u00f0st\u00f6\u00f0 (PCN).<\/li>\n<li>Skr\u00e1ning v\u00f6runnar \u00feinnar hj\u00e1 vi\u00f0komandi eiturefnami\u00f0st\u00f6\u00f0vum \u00ed gegnum ECHA.<\/li>\n<\/ul>\n<h3>L\u00f6nd fyrir PCN skr\u00e1ningu<\/h3>\n<p>\u00de\u00fa getur tali\u00f0 fj\u00f6lda landa \u00fear sem \u00fe\u00fa vilt skr\u00e1 v\u00f6runa \u00fe\u00edna. \u00deetta er fj\u00f6ldi landa sem \u00fe\u00fa \u00fearft a\u00f0 kaupa.  \u00de\u00fa munt geta vali\u00f0 tiltekin l\u00f6nd innan g\u00e1ttarinnar. Ef \u00fe\u00fa \u00e6tlar a\u00f0 auka s\u00f6lu \u00e1 v\u00f6rum \u00fe\u00ednum til n\u00fdrra landa s\u00ed\u00f0ar, \u00fe\u00e1 getur\u00f0u alltaf panta\u00f0 <a href=\"https:\/\/www.ufi.eu\/is\/pcn\/lond\/lond-fyrir-pcn-skraningu\/\" target=\"_blank\" title=\"PCN landsskr\u00e1ningar\">vi\u00f0b\u00f3tarskr\u00e1ningar PCN landa<\/a> .<br \/> ESB hefur 27 l\u00f6nd og EES hefur 30 (ESB+Lichtenstein, Noregur og \u00cdsland) \u00cd vefg\u00e1ttinni er h\u00e6gt a\u00f0 velja \u00feessi l\u00f6nd: <\/p>\n<table cellpadding=\"2\" cellspacing=\"0\" border=\"1\">\n<tbody>\n<tr>\n<td>Belg\u00edu<\/td>\n<td>(BE)<\/td>\n<td>Sp\u00e1nn<\/td>\n<td>(ES)<\/td>\n<td>Ungverjaland<\/td>\n<td>(HU)<\/td>\n<td>Sl\u00f3vak\u00edu<\/td>\n<td>(SK)<\/td>\n<\/tr>\n<tr>\n<td>B\u00falgar\u00eda<\/td>\n<td>(BG)<\/td>\n<td>Frakklandi<\/td>\n<td>(FR)<\/td>\n<td>M\u00f6ltu<\/td>\n<td>(MT)<\/td>\n<td>Finnlandi<\/td>\n<td>(FI)<\/td>\n<\/tr>\n<tr>\n<td>T\u00e9kkland<\/td>\n<td>(CZ)<\/td>\n<td>Kr\u00f3at\u00eda<\/td>\n<td>(HR)<\/td>\n<td>Hollandi<\/td>\n<td>(NL)<\/td>\n<td>Sv\u00ed\u00fej\u00f3\u00f0<\/td>\n<td>(SE)<\/td>\n<\/tr>\n<tr>\n<td>Danm\u00f6rku<\/td>\n<td>(DK)<\/td>\n<td>\u00cdtal\u00edu<\/td>\n<td>(IT)<\/td>\n<td>Austurr\u00edki<\/td>\n<td>(AT)<\/td>\n<td>\u00de\u00fdskalandi<\/td>\n<td>(DE)<\/td>\n<\/tr>\n<tr>\n<td>K\u00fdpur<\/td>\n<td>(CY)<\/td>\n<td>P\u00f3lland<\/td>\n<td>(PL)<\/td>\n<td>\u00cdsland<\/td>\n<td>(IS)<\/td>\n<td>Eistland<\/td>\n<td>(EE)<\/td>\n<\/tr>\n<tr>\n<td>Lettland<\/td>\n<td>(LV)<\/td>\n<td>Port\u00fagal<\/td>\n<td>(PT)<\/td>\n<td>Liechtenstein<\/td>\n<td>(LI)<\/td>\n<td>\u00cdrland<\/td>\n<td>(IE)<\/td>\n<\/tr>\n<tr>\n<td>Lith\u00e1en<\/td>\n<td>(LT)<\/td>\n<td>R\u00famen\u00eda<\/td>\n<td>(RO)<\/td>\n<td>Noregi<\/td>\n<td>(NEI)<\/td>\n<td>Grikkland<\/td>\n<td>(EL)<\/td>\n<\/tr>\n<tr>\n<td>L\u00faxemborg<\/td>\n<td>(LU)<\/td>\n<td>Sl\u00f3ven\u00eda<\/td>\n<td>(SI)<\/td>\n<td>Sviss*<\/td>\n<td>(CH)<\/td>\n<td><\/td>\n<td><\/td>\n<\/tr>\n<\/tbody>\n<\/table>\n<p>*Fyrir Sviss getum vi\u00f0 b\u00fai\u00f0 til PCN skj\u00f6lin, me\u00f0 \u00f6llum nau\u00f0synlegum uppl\u00fdsingum til a\u00f0 leggja fram \u00ed svissnesku g\u00e1ttinni. Haf\u00f0u samband vi\u00f0 okkur til a\u00f0 f\u00e1 frekari uppl\u00fdsingar. <\/p>\n<h3>Uppl\u00fdsingar um CLP merkimi\u00f0a<\/h3>\n<p>Vi\u00f0 bj\u00f3\u00f0um upp \u00e1 m\u00f6guleika \u00e1 a\u00f0 kaupa v\u00f6rumerki sem samr\u00e6mist CLP, sem inniheldur allar nau\u00f0synlegar uppl\u00fdsingar eins og krafist er \u00ed CLP regluger\u00f0 ESB. \u00deetta ver\u00f0ur afhent sem PDF.  \u00deetta er ekki h\u00f6nnun, heldur sumaryfirlit yfir nau\u00f0synlegar uppl\u00fdsingar. \u00deetta gerir \u00fe\u00e9r kleift a\u00f0 sam\u00fe\u00e6tta nau\u00f0synlegar uppl\u00fdsingar \u00ed h\u00f6nnun v\u00f6rumerkisins. \u00de\u00fa getur l\u00edka panta\u00f0 <a href=\"https:\/\/www.ufi.eu\/is\/pcn\/clp-merki\/clp-merki-stofnun-og-samraemisskodun\/\" target=\"_blank\" title=\"CLP merkicSk\u00f6pun\">CLP merkimi\u00f0ann<\/a> s\u00e9rstaklega. Ertu n\u00fa \u00feegar me\u00f0 merki? \u2014 Vi\u00f0 getum framkv\u00e6mt <a href=\"https:\/\/www.ufi.eu\/is\/pcn\/clp-merki\/clp-merki-stofnun-og-samraemisskodun\/\" target=\"_blank\" title=\"Athugun \u00e1 samr\u00e6mi vi\u00f0 CLP merki\">eftirlit me\u00f0 samr\u00e6mi vi\u00f0 CLP<\/a> merkimi\u00f0ann \u00feinn \u00ed samr\u00e6mi vi\u00f0 gildandi CLP kr\u00f6fur. Vi\u00f0 munum veita n\u00e1kv\u00e6ma endurgj\u00f6f og lei\u00f0r\u00e9ttingar til a\u00f0 tryggja a\u00f0 merkimi\u00f0inn \u00feinn uppfylli alla eftirlitssta\u00f0la.     <\/p>\n<h2>Tilkynning um eiturefnami\u00f0st\u00f6\u00f0 vegna ilmefna<\/h2>\n<p>Ilmefni, \u00fear \u00e1 me\u00f0al ilmbl\u00f6ndur sem eing\u00f6ngu eru \u00e6tla\u00f0ar til lokanotkunar, eru miki\u00f0 nota\u00f0ar \u00ed neytendav\u00f6rur eins og ilmv\u00f6tn, loftfr\u00edskara og snyrtiv\u00f6rur. \u00dear sem ilmefni geta innihaldi\u00f0 efni sem geta veri\u00f0 h\u00e6ttuleg heilsu er mikilv\u00e6gt a\u00f0 \u00feau s\u00e9u \u00ed samr\u00e6mi vi\u00f0 reglur ESB. Tilkynning um eitrunarmi\u00f0st\u00f6\u00f0 (PCN) er nau\u00f0synleg til a\u00f0 tryggja a\u00f0 \u00f6ryggisuppl\u00fdsingar s\u00e9u a\u00f0gengilegar eiturefnami\u00f0st\u00f6\u00f0vum ef ver\u00f0a fyrir slysni e\u00f0a misnotkun.  <\/p>\n<h3>Hva\u00f0 er UFI?<\/h3>\n<p>The Unique Formula Identifier (UFI) er 16 stafa alfanumer\u00edskur k\u00f3\u00f0i sem tengir samsetningu v\u00f6ru vi\u00f0 eiturefnami\u00f0st\u00f6\u00f0ina. UFI ver\u00f0ur a\u00f0 vera innifali\u00f0 \u00e1 merkimi\u00f0a v\u00f6runnar, sem gerir kleift a\u00f0 bera kennsl \u00e1 skj\u00f3tt \u00ed ney\u00f0artilvikum. <\/p>\n<h3>Hva\u00f0 er PCN?<\/h3>\n<p>Tilkynning um eiturst\u00f6\u00f0var (PCN) er innsending sem veitir \u00edtarlegar uppl\u00fdsingar um v\u00f6runa, \u00fear \u00e1 me\u00f0al efnasamsetningu hennar, h\u00e6ttuflokkun og fyrirhuga\u00f0a notkun, til eiturefnami\u00f0st\u00f6\u00f0va ESB. \u00deessar uppl\u00fdsingar gera eiturefnami\u00f0st\u00f6\u00f0vum kleift a\u00f0 breg\u00f0ast vi\u00f0 ney\u00f0artilvikum sem tengjast v\u00f6runni \u00e1 \u00e1hrifar\u00edkan h\u00e1tt. <\/p>\n<h3>Hva\u00f0 er CLP?<\/h3>\n<p>Regluger\u00f0in um flokkun, merkingu og umb\u00fa\u00f0ir (CLP) krefst \u00feess a\u00f0 h\u00e6ttuleg efni s\u00e9u r\u00e9tt flokku\u00f0 og merkt til a\u00f0 uppl\u00fdsa neytendur um hugsanlega \u00e1h\u00e6ttu. Ilmbl\u00f6ndur ver\u00f0a a\u00f0 s\u00fdna vi\u00f0eigandi h\u00e6ttumerkingar og var\u00fa\u00f0aryfirl\u00fdsingar samkv\u00e6mt CLP regluger\u00f0um, \u00e1samt UFI til au\u00f0kenningar. <\/p>\n<h3>Hva\u00f0 er Eitrunarmi\u00f0st\u00f6\u00f0in?<\/h3>\n<p>Eitrunarmi\u00f0st\u00f6\u00f0in er tengslanet landssamtaka sem hafa umsj\u00f3n me\u00f0 tilfellum um efnav\u00e1hrif og eitrun. Me\u00f0 \u00fev\u00ed a\u00f0 hafa a\u00f0gang a\u00f0 PCN g\u00f6gnum geta eiturst\u00f6\u00f0var veitt n\u00e1kv\u00e6mar og t\u00edmanlegar r\u00e1\u00f0leggingar \u00ed ney\u00f0artilvikum sem tengjast ilmefnum e\u00f0a \u00f6\u00f0rum h\u00e6ttulegum v\u00f6rum. <\/p>\n<h3>Hvers vegna er \u00feetta \u00fe\u00f6rf?<\/h3>\n<p>Ilmefni geta innihaldi\u00f0 efni sem geta valdi\u00f0 heilsufars\u00e1h\u00e6ttu ef \u00feau eru misnotu\u00f0 e\u00f0a tekin fyrir \u00f3vart. PCN tryggir a\u00f0 eiturefnami\u00f0st\u00f6\u00f0var hafi a\u00f0gang a\u00f0 \u00f6llum vi\u00f0eigandi v\u00f6rug\u00f6gnum til a\u00f0 breg\u00f0ast vi\u00f0 \u00e1 vi\u00f0eigandi h\u00e1tt ef um v\u00e1hrif er a\u00f0 r\u00e6\u00f0a. \u00deetta eykur a\u00f0 lokum \u00f6ryggi neytenda og gerir r\u00e1\u00f0 fyrir betri ney\u00f0arvi\u00f0br\u00f6g\u00f0um.  <\/p>\n<h3>S\u00ed\u00f0an hven\u00e6r er \u00feetta samkv\u00e6mt l\u00f6gum skylt?<\/h3>\n<p>Skyldan til a\u00f0 leggja fram PCN fyrir h\u00e6ttulegar bl\u00f6ndur, \u00fear \u00e1 me\u00f0al ilmefni, var\u00f0 l\u00f6gbo\u00f0in 1. jan\u00faar 2021 samkv\u00e6mt VIII. vi\u00f0auka CLP regluger\u00f0arinnar.<\/p>\n<h2>Algengar spurningar<\/h2>\n<h3>Spurning: \u00dearfnast allar ilmv\u00f6rur PCN?<\/h3>\n<p>Svar: Nei, a\u00f0eins ilmbl\u00f6ndur sem flokkast sem h\u00e6ttulegar samkv\u00e6mt CLP regluger\u00f0inni \u00feurfa PCN.<\/p>\n<h3>Spurning: Hva\u00f0 \u00fearf til a\u00f0 fylla \u00fat PCN fyrir ilm?<\/h3>\n<p>Svar: PCN krefst uppl\u00fdsinga um efnasamsetningu ilmsins, flokkun hans, fyrirhuga\u00f0a notkun, umb\u00fa\u00f0ir og Unique Formula Identifier (UFI).<\/p>\n<h3>Spurning: Hvar \u00e6tti UFI a\u00f0 birtast \u00e1 ilmv\u00f6rum?<\/h3>\n<p>Svar: UFI ver\u00f0ur a\u00f0 vera greinilega prenta\u00f0 \u00e1 v\u00f6rumerki\u00f0, venjulega n\u00e1l\u00e6gt h\u00e6ttunni og var\u00fa\u00f0aruppl\u00fdsingunum.<\/p>\n<h3>Spurning: Hver ber \u00e1byrg\u00f0 \u00e1 \u00fev\u00ed a\u00f0 senda inn PCN?<\/h3>\n<p>Svar: Framlei\u00f0andinn, innflytjandinn e\u00f0a eftirnotandinn sem setur ilmv\u00f6runa \u00e1 marka\u00f0 ESB ber \u00e1byrg\u00f0 \u00e1 \u00fev\u00ed a\u00f0 senda inn PCN.<\/p>\n<h3>Spurning: Hverjar eru aflei\u00f0ingar \u00feess a\u00f0 ekki s\u00e9 fari\u00f0 a\u00f0 \u00e1kv\u00e6\u00f0um?<\/h3>\n<p>Svar: Ef ekki er fari\u00f0 a\u00f0 reglum PCN getur \u00fea\u00f0 leitt til sekta, innk\u00f6llunar \u00e1 v\u00f6ru e\u00f0a takmarkana \u00e1 s\u00f6lu \u00e1 ilmv\u00f6runni innan ESB marka\u00f0arins.<\/p>\n<h3>Spurning: Eru allar ilmv\u00f6rur h\u00e1\u00f0ar PCN-kr\u00f6fum?<\/h3>\n<p>Svar: Nei, a\u00f0eins ilmbl\u00f6ndur sem flokkast sem h\u00e6ttulegar samkv\u00e6mt CLP regluger\u00f0inni \u00feurfa a\u00f0 leggja fram PCN.<\/p>\n<h3>Spurning: Hversu langan t\u00edma tekur \u00fea\u00f0 a\u00f0 senda UFI og PCN tilkynninguna?<\/h3>\n<p>\u00dea\u00f0 tekur okkur nokkurra daga vinnu. Um lei\u00f0 og \u00fe\u00fa hle\u00f0ur upp skj\u00f6lunum munum vi\u00f0 byrja strax. <\/p>\n<h3>Spurning: Er \u00e9g eigandi PCN-tilkynningarinnar?<\/h3>\n<p>J\u00e1, \u00fe\u00fa ert eigandi PCN-tilkynningarinnar. \u00de\u00fa heldur fullu eignarhaldi \u00e1 g\u00f6gnunum sem \u00fe\u00fa gafst upp.  PCN tilkynningin ver\u00f0ur a\u00f0gengileg \u00e1 ECHA reikningnum \u00fe\u00ednum.<\/p>\n<h3>Spurning: Er \u00feessi \u00fej\u00f3nusta fyrir eina v\u00f6ru e\u00f0a fleiri?<\/h3>\n<p>\u00dej\u00f3nustan er fyrir eina v\u00f6ru.<\/p>\n<h3>Spurning: Af hverju \u00fearf \u00e9g a\u00f0 borga til a\u00f0 stofna UFI?<\/h3>\n<p>\u00dej\u00f3nustan sem vi\u00f0 bj\u00f3\u00f0um sn\u00fdst ekki bara um a\u00f0 veita UFI. UFI er hluti af miklu umfangsmeira ferli.  Kjarna\u00fej\u00f3nustan sem vi\u00f0 veitum er undirb\u00faningur og skil \u00e1 tilkynningu um eiturefnami\u00f0st\u00f6\u00f0 (PCN) til innlendra tilnefndra stofnana \u00ed gegnum ECHA vefg\u00e1ttina, sem er l\u00f6gbo\u00f0in krafa samkv\u00e6mt CLP regluger\u00f0 ESB um a\u00f0 setja h\u00e6ttulegar bl\u00f6ndur \u00e1 marka\u00f0. A\u00f0 b\u00faa til UFI er einfaldasti hluti.  PCN sk\u00fdrslan er hins vegar fl\u00f3kin. \u00dea\u00f0 krefst \u00edtarlegrar endursko\u00f0unar innihaldsefna &#8211; efnaflokkunar &#8211; sem er n\u00e1kv\u00e6mlega sni\u00f0i\u00f0 fyrir sendingu eiturefnami\u00f0st\u00f6\u00f0var \u00ed gegnum ECHA. <\/p>\n<h3>Spurning: Fyrirt\u00e6ki\u00f0 mitt er ekki me\u00f0 a\u00f0setur \u00ed ESB, hvernig get \u00e9g sent inn PCN?<\/h3>\n<p>Vi\u00f0 bj\u00f3\u00f0um upp \u00e1 lausn fyrir fyrirt\u00e6ki sem eru ekki me\u00f0 a\u00f0setur \u00ed ESB. \u00de\u00fa getur fundi\u00f0 frekari uppl\u00fdsingar \u00e1 s\u00ed\u00f0unni <a href=\"https:\/\/www.ufi.eu\/is\/pcn\/utan-esb\/pcn-ufi-fyrir-fyrirtaeki-utan-esb\/\" target=\"_blank\" rel=\"noopener\">PCN &amp; UFI fyrir fyrirt\u00e6ki utan ESB<\/a> . <\/p>\n<h3>Spurning: Getur \u00fe\u00fa veitt \u00f6ryggisbl\u00f6\u00f0 \u00ed fullu samr\u00e6mi vi\u00f0 regluger\u00f0 ESB (REACH &amp; CLP)?<\/h3>\n<p>J\u00e1, vi\u00f0 getum <a href=\"https:\/\/www.ufi.eu\/is\/pcn\/oryggisblad\/oryggisgagnablad-msds-sds-stofnunarthjonusta\/\" target=\"_blank\"><strong>b\u00fai\u00f0 til \u00f6ryggisbl\u00f6\u00f0 (SDS)<\/strong><\/a> &#8211; einnig \u00feekkt sem <strong>\u00f6ryggisbla\u00f0 (MSDS)<\/strong> &#8211; s\u00e9rsni\u00f0in a\u00f0 v\u00f6runni \u00feinni og \u00ed samr\u00e6mi vi\u00f0 n\u00fdjustu regluger\u00f0ir ESB. Hvort sem \u00fe\u00fa ert a\u00f0 framlei\u00f0a efnabl\u00f6ndur, flytja inn v\u00f6rur til ESB e\u00f0a dreifa undir einkamerkjum, \u00fe\u00e1 er \u00f6ryggisuppl\u00fdsinga\u00f6ryggisskj\u00f6l sem er \u00ed samr\u00e6mi vi\u00f0 lagalega \u00e1skilin og nau\u00f0synleg fyrir \u00f6rugga notkun \u00ed gegnum alla a\u00f0fangake\u00f0juna. \u00de\u00fa finnur meira \u00e1 <a href=\"https:\/\/www.ufi.eu\/is\/pcn\/oryggisblad\/oryggisgagnablad-msds-sds-stofnunarthjonusta\/\" target=\"_blank\">\u00f6ryggisbla\u00f0inu (MSDS\/SDS) Creation Service<\/a> s\u00ed\u00f0u.  <\/p>\n","protected":false},"excerpt":{"rendered":"<p>Hvernig virkar UFI stofnun og PCN tilkynninga\u00fej\u00f3nustan? Eftir a\u00f0 \u00fe\u00fa hefur keypt \u00feessa \u00fej\u00f3nustu f\u00e6r\u00f0u a\u00f0gang a\u00f0 \u00f6ruggu g\u00e1ttinni. \u00deessi vefg\u00e1tt inniheldur yfirlit yfir \u00f6ll skref. \u00de\u00fa fyllir \u00fat v\u00f6ruuppl\u00fdsingarnar \u00fe\u00ednar og vi\u00f0 byrjum a\u00f0 vinna. Tilkynning um eiturefnami\u00f0st\u00f6\u00f0 og UFI Vi\u00f0 munum veita: Einstakt form\u00faluau\u00f0kenni v\u00f6runnar \u00feinnar (UFI) Tilkynning um eiturefnami\u00f0st\u00f6\u00f0 (PCN). Skr\u00e1ning v\u00f6runnar [&hellip;]<\/p>\n","protected":false},"featured_media":20450,"template":"","meta":[],"product_brand":[],"product_cat":[328],"product_tag":[],"class_list":{"0":"post-20449","1":"product","2":"type-product","3":"status-publish","4":"has-post-thumbnail","6":"product_cat-vorur-fyrir-efna-eda-taekniferli","8":"first","9":"instock","10":"virtual","11":"taxable","12":"purchasable","13":"product-type-bundle"},"bundled_by":[],"bundle_stock_status":"instock","bundle_stock_quantity":"","bundle_virtual":false,"bundle_layout":"default","bundle_add_to_cart_form_location":"default","bundle_editable_in_cart":false,"bundle_sold_individually_context":"product","bundle_item_grouping":"parent","bundle_min_size":"","bundle_max_size":"","bundle_price":{"price":{"min":{"incl_tax":"121","excl_tax":"100"},"max":{"incl_tax":"","excl_tax":""}},"regular_price":{"min":{"incl_tax":"121","excl_tax":"100"},"max":{"incl_tax":"","excl_tax":""}}},"bundled_items":[{"bundled_item_id":9180,"product_id":12540,"menu_order":0,"quantity_min":1,"quantity_max":1,"quantity_default":1,"priced_individually":true,"shipped_individually":false,"override_title":false,"title":null,"override_description":false,"description":null,"optional":false,"hide_thumbnail":false,"discount":"","override_variations":false,"allowed_variations":[""],"override_default_variation_attributes":false,"default_variation_attributes":[],"single_product_visibility":"visible","cart_visibility":"visible","order_visibility":"visible","single_product_price_visibility":"visible","cart_price_visibility":"visible","order_price_visibility":"visible","stock_status":"in_stock"},{"bundled_item_id":9181,"product_id":12532,"menu_order":1,"quantity_min":1,"quantity_max":"","quantity_default":1,"priced_individually":true,"shipped_individually":false,"override_title":false,"title":null,"override_description":false,"description":null,"optional":false,"hide_thumbnail":false,"discount":"","override_variations":false,"allowed_variations":[""],"override_default_variation_attributes":false,"default_variation_attributes":[],"single_product_visibility":"visible","cart_visibility":"visible","order_visibility":"visible","single_product_price_visibility":"visible","cart_price_visibility":"visible","order_price_visibility":"visible","stock_status":"in_stock"}],"bundle_sell_ids":[],"yoast_head":"<!-- This site is optimized with the Yoast SEO Premium plugin v25.1 (Yoast SEO v25.1) - https:\/\/yoast.com\/wordpress\/plugins\/seo\/ -->\n<title>PCN &amp; UFI fyrir ilmbl\u00f6ndur - UFI<\/title>\n<meta name=\"description\" content=\"F\u00e1\u00f0u PCN og UFI fyrir ilmbl\u00f6ndur til endanota. Gakktu \u00far skugga um a\u00f0 eiturefnami\u00f0st\u00f6\u00f0 ESB s\u00e9 \u00ed samr\u00e6mi vi\u00f0 hra\u00f0virka og \u00e1rei\u00f0anlega tilkynninga\u00fej\u00f3nustu okkar!\" \/>\n<meta name=\"robots\" content=\"index, follow, max-snippet:-1, max-image-preview:large, max-video-preview:-1\" \/>\n<link rel=\"canonical\" href=\"https:\/\/www.ufi.eu\/is\/product\/pcn-ufi-fyrir-ilmblondur\/\" \/>\n<meta property=\"og:locale\" content=\"is_IS\" \/>\n<meta property=\"og:type\" content=\"article\" \/>\n<meta property=\"og:title\" content=\"PCN &amp; UFI fyrir ilmbl\u00f6ndur\" \/>\n<meta property=\"og:description\" content=\"F\u00e1\u00f0u PCN og UFI fyrir ilmbl\u00f6ndur til endanota. Gakktu \u00far skugga um a\u00f0 eiturefnami\u00f0st\u00f6\u00f0 ESB s\u00e9 \u00ed samr\u00e6mi vi\u00f0 hra\u00f0virka og \u00e1rei\u00f0anlega tilkynninga\u00fej\u00f3nustu okkar!\" \/>\n<meta property=\"og:url\" content=\"https:\/\/www.ufi.eu\/is\/product\/pcn-ufi-fyrir-ilmblondur\/\" \/>\n<meta property=\"og:site_name\" content=\"UFI\" \/>\n<meta property=\"og:image\" content=\"https:\/\/www.ufi.eu\/wp-content\/uploads\/2025\/03\/PC-TEC-6.jpg\" \/>\n\t<meta property=\"og:image:width\" content=\"1024\" \/>\n\t<meta property=\"og:image:height\" content=\"1024\" \/>\n\t<meta property=\"og:image:type\" content=\"image\/jpeg\" \/>\n<meta name=\"twitter:card\" content=\"summary_large_image\" \/>\n<meta name=\"twitter:label1\" content=\"Price\" \/>\n\t<meta name=\"twitter:data1\" content=\"&euro;0.00\" \/>\n\t<meta name=\"twitter:label2\" content=\"Availability\" \/>\n\t<meta name=\"twitter:data2\" content=\"In stock\" \/>\n<script type=\"application\/ld+json\" class=\"yoast-schema-graph\">{\"@context\":\"https:\/\/schema.org\",\"@graph\":[{\"@type\":\"WebPage\",\"@id\":\"https:\/\/www.ufi.eu\/is\/product\/pcn-ufi-fyrir-ilmblondur\/\",\"url\":\"https:\/\/www.ufi.eu\/is\/product\/pcn-ufi-fyrir-ilmblondur\/\",\"name\":\"PCN &amp; UFI fyrir ilmbl\u00f6ndur - UFI\",\"isPartOf\":{\"@id\":\"https:\/\/www.ufi.eu\/is\/#website\"},\"primaryImageOfPage\":{\"@id\":\"https:\/\/www.ufi.eu\/is\/product\/pcn-ufi-fyrir-ilmblondur\/#primaryimage\"},\"image\":{\"@id\":\"https:\/\/www.ufi.eu\/is\/product\/pcn-ufi-fyrir-ilmblondur\/#primaryimage\"},\"thumbnailUrl\":\"https:\/\/www.ufi.eu\/wp-content\/uploads\/2025\/03\/PC-TEC-6.jpg\",\"datePublished\":\"2025-04-17T09:16:34+00:00\",\"description\":\"F\u00e1\u00f0u PCN og UFI fyrir ilmbl\u00f6ndur til endanota. Gakktu \u00far skugga um a\u00f0 eiturefnami\u00f0st\u00f6\u00f0 ESB s\u00e9 \u00ed samr\u00e6mi vi\u00f0 hra\u00f0virka og \u00e1rei\u00f0anlega tilkynninga\u00fej\u00f3nustu okkar!\",\"breadcrumb\":{\"@id\":\"https:\/\/www.ufi.eu\/is\/product\/pcn-ufi-fyrir-ilmblondur\/#breadcrumb\"},\"inLanguage\":\"is\",\"potentialAction\":[{\"@type\":\"ReadAction\",\"target\":[\"https:\/\/www.ufi.eu\/is\/product\/pcn-ufi-fyrir-ilmblondur\/\"]}]},{\"@type\":\"ImageObject\",\"inLanguage\":\"is\",\"@id\":\"https:\/\/www.ufi.eu\/is\/product\/pcn-ufi-fyrir-ilmblondur\/#primaryimage\",\"url\":\"https:\/\/www.ufi.eu\/wp-content\/uploads\/2025\/03\/PC-TEC-6.jpg\",\"contentUrl\":\"https:\/\/www.ufi.eu\/wp-content\/uploads\/2025\/03\/PC-TEC-6.jpg\",\"width\":1024,\"height\":1024},{\"@type\":\"BreadcrumbList\",\"@id\":\"https:\/\/www.ufi.eu\/is\/product\/pcn-ufi-fyrir-ilmblondur\/#breadcrumb\",\"itemListElement\":[{\"@type\":\"ListItem\",\"position\":1,\"name\":\"Home\",\"item\":\"https:\/\/www.ufi.eu\/is\/heim\/\"},{\"@type\":\"ListItem\",\"position\":2,\"name\":\"Verslun\",\"item\":\"https:\/\/www.ufi.eu\/is\/verslun\/\"},{\"@type\":\"ListItem\",\"position\":3,\"name\":\"PCN &amp; UFI fyrir ilmbl\u00f6ndur\"}]},{\"@type\":\"WebSite\",\"@id\":\"https:\/\/www.ufi.eu\/is\/#website\",\"url\":\"https:\/\/www.ufi.eu\/is\/\",\"name\":\"UFI.EU\",\"description\":\"Poison Centre Notifications (PCN) and UFI\",\"publisher\":{\"@id\":\"https:\/\/www.ufi.eu\/is\/#organization\"},\"potentialAction\":[{\"@type\":\"SearchAction\",\"target\":{\"@type\":\"EntryPoint\",\"urlTemplate\":\"https:\/\/www.ufi.eu\/is\/?s={search_term_string}\"},\"query-input\":{\"@type\":\"PropertyValueSpecification\",\"valueRequired\":true,\"valueName\":\"search_term_string\"}}],\"inLanguage\":\"is\"},{\"@type\":\"Organization\",\"@id\":\"https:\/\/www.ufi.eu\/is\/#organization\",\"name\":\"UFI.EU\",\"url\":\"https:\/\/www.ufi.eu\/is\/\",\"logo\":{\"@type\":\"ImageObject\",\"inLanguage\":\"is\",\"@id\":\"https:\/\/www.ufi.eu\/is\/#\/schema\/logo\/image\/\",\"url\":\"https:\/\/www.ufi.eu\/wp-content\/uploads\/2025\/03\/cropped-logo_ufi3.jpg\",\"contentUrl\":\"https:\/\/www.ufi.eu\/wp-content\/uploads\/2025\/03\/cropped-logo_ufi3.jpg\",\"width\":231,\"height\":78,\"caption\":\"UFI.EU\"},\"image\":{\"@id\":\"https:\/\/www.ufi.eu\/is\/#\/schema\/logo\/image\/\"},\"description\":\"UFI.eu specializes in digital registrations for Poison Centre Notifications (PCN), ensuring your chemical products meet EU regulatory requirements effortlessly. Our streamlined solutions help businesses stay compliant while reducing complexity and administrative burden.\",\"email\":\"info@ufi.eu\",\"legalName\":\"UFI.EU\"}]}<\/script>\n<meta property=\"product:price:amount\" content=\"0.00\" \/>\n<meta property=\"product:price:currency\" content=\"EUR\" \/>\n<meta property=\"og:availability\" content=\"instock\" \/>\n<meta property=\"product:availability\" content=\"instock\" \/>\n<meta property=\"product:retailer_item_id\" content=\"PC-TEC-6\" \/>\n<meta property=\"product:condition\" content=\"new\" \/>\n<!-- \/ Yoast SEO Premium plugin. -->","yoast_head_json":{"title":"PCN &amp; UFI fyrir ilmbl\u00f6ndur - UFI","description":"F\u00e1\u00f0u PCN og UFI fyrir ilmbl\u00f6ndur til endanota. Gakktu \u00far skugga um a\u00f0 eiturefnami\u00f0st\u00f6\u00f0 ESB s\u00e9 \u00ed samr\u00e6mi vi\u00f0 hra\u00f0virka og \u00e1rei\u00f0anlega tilkynninga\u00fej\u00f3nustu okkar!","robots":{"index":"index","follow":"follow","max-snippet":"max-snippet:-1","max-image-preview":"max-image-preview:large","max-video-preview":"max-video-preview:-1"},"canonical":"https:\/\/www.ufi.eu\/is\/product\/pcn-ufi-fyrir-ilmblondur\/","og_locale":"is_IS","og_type":"article","og_title":"PCN &amp; UFI fyrir ilmbl\u00f6ndur","og_description":"F\u00e1\u00f0u PCN og UFI fyrir ilmbl\u00f6ndur til endanota. Gakktu \u00far skugga um a\u00f0 eiturefnami\u00f0st\u00f6\u00f0 ESB s\u00e9 \u00ed samr\u00e6mi vi\u00f0 hra\u00f0virka og \u00e1rei\u00f0anlega tilkynninga\u00fej\u00f3nustu okkar!","og_url":"https:\/\/www.ufi.eu\/is\/product\/pcn-ufi-fyrir-ilmblondur\/","og_site_name":"UFI","og_image":[{"width":1024,"height":1024,"url":"https:\/\/www.ufi.eu\/wp-content\/uploads\/2025\/03\/PC-TEC-6.jpg","type":"image\/jpeg"}],"twitter_card":"summary_large_image","twitter_misc":{"Price":"&euro;0.00","Availability":"In stock"},"schema":{"@context":"https:\/\/schema.org","@graph":[{"@type":"WebPage","@id":"https:\/\/www.ufi.eu\/is\/product\/pcn-ufi-fyrir-ilmblondur\/","url":"https:\/\/www.ufi.eu\/is\/product\/pcn-ufi-fyrir-ilmblondur\/","name":"PCN &amp; UFI fyrir ilmbl\u00f6ndur - UFI","isPartOf":{"@id":"https:\/\/www.ufi.eu\/is\/#website"},"primaryImageOfPage":{"@id":"https:\/\/www.ufi.eu\/is\/product\/pcn-ufi-fyrir-ilmblondur\/#primaryimage"},"image":{"@id":"https:\/\/www.ufi.eu\/is\/product\/pcn-ufi-fyrir-ilmblondur\/#primaryimage"},"thumbnailUrl":"https:\/\/www.ufi.eu\/wp-content\/uploads\/2025\/03\/PC-TEC-6.jpg","datePublished":"2025-04-17T09:16:34+00:00","description":"F\u00e1\u00f0u PCN og UFI fyrir ilmbl\u00f6ndur til endanota. Gakktu \u00far skugga um a\u00f0 eiturefnami\u00f0st\u00f6\u00f0 ESB s\u00e9 \u00ed samr\u00e6mi vi\u00f0 hra\u00f0virka og \u00e1rei\u00f0anlega tilkynninga\u00fej\u00f3nustu okkar!","breadcrumb":{"@id":"https:\/\/www.ufi.eu\/is\/product\/pcn-ufi-fyrir-ilmblondur\/#breadcrumb"},"inLanguage":"is","potentialAction":[{"@type":"ReadAction","target":["https:\/\/www.ufi.eu\/is\/product\/pcn-ufi-fyrir-ilmblondur\/"]}]},{"@type":"ImageObject","inLanguage":"is","@id":"https:\/\/www.ufi.eu\/is\/product\/pcn-ufi-fyrir-ilmblondur\/#primaryimage","url":"https:\/\/www.ufi.eu\/wp-content\/uploads\/2025\/03\/PC-TEC-6.jpg","contentUrl":"https:\/\/www.ufi.eu\/wp-content\/uploads\/2025\/03\/PC-TEC-6.jpg","width":1024,"height":1024},{"@type":"BreadcrumbList","@id":"https:\/\/www.ufi.eu\/is\/product\/pcn-ufi-fyrir-ilmblondur\/#breadcrumb","itemListElement":[{"@type":"ListItem","position":1,"name":"Home","item":"https:\/\/www.ufi.eu\/is\/heim\/"},{"@type":"ListItem","position":2,"name":"Verslun","item":"https:\/\/www.ufi.eu\/is\/verslun\/"},{"@type":"ListItem","position":3,"name":"PCN &amp; UFI fyrir ilmbl\u00f6ndur"}]},{"@type":"WebSite","@id":"https:\/\/www.ufi.eu\/is\/#website","url":"https:\/\/www.ufi.eu\/is\/","name":"UFI.EU","description":"Poison Centre Notifications (PCN) and UFI","publisher":{"@id":"https:\/\/www.ufi.eu\/is\/#organization"},"potentialAction":[{"@type":"SearchAction","target":{"@type":"EntryPoint","urlTemplate":"https:\/\/www.ufi.eu\/is\/?s={search_term_string}"},"query-input":{"@type":"PropertyValueSpecification","valueRequired":true,"valueName":"search_term_string"}}],"inLanguage":"is"},{"@type":"Organization","@id":"https:\/\/www.ufi.eu\/is\/#organization","name":"UFI.EU","url":"https:\/\/www.ufi.eu\/is\/","logo":{"@type":"ImageObject","inLanguage":"is","@id":"https:\/\/www.ufi.eu\/is\/#\/schema\/logo\/image\/","url":"https:\/\/www.ufi.eu\/wp-content\/uploads\/2025\/03\/cropped-logo_ufi3.jpg","contentUrl":"https:\/\/www.ufi.eu\/wp-content\/uploads\/2025\/03\/cropped-logo_ufi3.jpg","width":231,"height":78,"caption":"UFI.EU"},"image":{"@id":"https:\/\/www.ufi.eu\/is\/#\/schema\/logo\/image\/"},"description":"UFI.eu specializes in digital registrations for Poison Centre Notifications (PCN), ensuring your chemical products meet EU regulatory requirements effortlessly. Our streamlined solutions help businesses stay compliant while reducing complexity and administrative burden.","email":"info@ufi.eu","legalName":"UFI.EU"}]},"product_price_amount":"0.00","product_price_currency":"EUR","og_availability":"instock","product_availability":"instock","product_retailer_item_id":"PC-TEC-6","product_condition":"new"},"_links":{"self":[{"href":"https:\/\/www.ufi.eu\/is\/wp-json\/wp\/v2\/product\/20449","targetHints":{"allow":["GET"]}}],"collection":[{"href":"https:\/\/www.ufi.eu\/is\/wp-json\/wp\/v2\/product"}],"about":[{"href":"https:\/\/www.ufi.eu\/is\/wp-json\/wp\/v2\/types\/product"}],"wp:featuredmedia":[{"embeddable":true,"href":"https:\/\/www.ufi.eu\/is\/wp-json\/wp\/v2\/media\/20450"}],"wp:attachment":[{"href":"https:\/\/www.ufi.eu\/is\/wp-json\/wp\/v2\/media?parent=20449"}],"wp:term":[{"taxonomy":"product_brand","embeddable":true,"href":"https:\/\/www.ufi.eu\/is\/wp-json\/wp\/v2\/product_brand?post=20449"},{"taxonomy":"product_cat","embeddable":true,"href":"https:\/\/www.ufi.eu\/is\/wp-json\/wp\/v2\/product_cat?post=20449"},{"taxonomy":"product_tag","embeddable":true,"href":"https:\/\/www.ufi.eu\/is\/wp-json\/wp\/v2\/product_tag?post=20449"}],"curies":[{"name":"wp","href":"https:\/\/api.w.org\/{rel}","templated":true}]}}