{"id":12840,"date":"2025-04-15T20:38:12","date_gmt":"2025-04-15T20:38:12","guid":{"rendered":"https:\/\/www.ufi.eu\/pcn\/uncategorized\/oryggisgagnablad-msds-sds-stofnunarthjonusta\/"},"modified":"2025-04-15T20:38:14","modified_gmt":"2025-04-15T20:38:14","slug":"oryggisgagnablad-msds-sds-stofnunarthjonusta","status":"publish","type":"product","link":"https:\/\/www.ufi.eu\/is\/product\/oryggisgagnablad-msds-sds-stofnunarthjonusta\/","title":{"rendered":"\u00d6ryggisgagnabla\u00f0 (MSDS\/SDS) stofnunar\u00fej\u00f3nusta"},"content":{"rendered":"\n<p><strong>Faglega skrifu\u00f0 \u00f6ryggisbl\u00f6\u00f0 \u00ed fullu samr\u00e6mi vi\u00f0 regluger\u00f0 ESB (REACH &amp; CLP)<\/strong><\/p>\n\n<p>Vi\u00f0 \u00fatvegum s\u00e9rfr\u00e6\u00f0i\u00fatb\u00fain <strong>\u00f6ryggisbla\u00f0 (SDS)<\/strong> \u2014 einnig \u00feekkt sem <strong>\u00f6ryggisbla\u00f0 (MSDS)<\/strong> \u2014 s\u00e9rsni\u00f0in a\u00f0 v\u00f6runni \u00feinni og \u00ed samr\u00e6mi vi\u00f0 n\u00fdjustu ESB regluger\u00f0ir. Hvort sem \u00fe\u00fa ert a\u00f0 framlei\u00f0a efnabl\u00f6ndur, flytja inn v\u00f6rur til ESB e\u00f0a dreifa undir einkamerkjum, \u00fe\u00e1 er \u00f6ryggisuppl\u00fdsinga\u00f6ryggisskj\u00f6l sem er \u00ed samr\u00e6mi vi\u00f0 lagalega \u00e1skilin og nau\u00f0synleg fyrir \u00f6rugga notkun \u00ed gegnum alla a\u00f0fangake\u00f0juna. <\/p>\n\n<h2 class=\"wp-block-heading\" id=\"h-what-is-an-safety-data-sheet-msds-sds-and-why-do-you-need-one\">Hva\u00f0 er \u00f6ryggisbla\u00f0 (MSDS\/SDS) og hvers vegna \u00fearftu eitt?<\/h2>\n\n<p><strong>\u00d6ryggisbla\u00f0<\/strong> er l\u00f6gbundi\u00f0 skjal sem veitir \u00edtarlegar uppl\u00fdsingar um eiginleika efnis e\u00f0a efnabl\u00f6ndu. Samkv\u00e6mt <strong>REACH (EB nr. 1907\/2006)<\/strong> og <strong><a href=\"https:\/\/www.ufi.eu\/is\/pcn\/clp-merki\/clp-merki-stofnun-og-samraemisskodun\/\">CLP (EB nr. 1272\/2008)<\/a><\/strong> ver\u00f0a birgjar a\u00f0 \u00fatvega eftirnotendum \u00f6ryggisskj\u00f6l fyrir allar v\u00f6rur sem eru h\u00e6ttulegar e\u00f0a innihalda efni sem valda \u00e1hyggjum. <\/p>\n\n<p>Ef ekki er gefi\u00f0 upp n\u00e1kv\u00e6mt, fullkomi\u00f0 SDS getur \u00fea\u00f0 leitt til:<\/p>\n\n<ul class=\"wp-block-list\">\n<li><strong>Lagalegar refsingar<\/strong> e\u00f0a tolltafir<\/li>\n\n\n\n<li><strong>Hafna\u00f0ar sendingar<\/strong> e\u00f0a t\u00fdndir vi\u00f0skiptaf\u00e9lagar<\/li>\n\n\n\n<li><strong>\u00c1h\u00e6tta fyrir heilsu manna og umhverfi\u00f0<\/strong><\/li>\n<\/ul>\n\n<h2 class=\"wp-block-heading\" id=\"h-what-our-sds-creation-service-includes\">Hva\u00f0 SDS Creation Service okkar inniheldur<\/h2>\n\n<h4 class=\"wp-block-heading\" id=\"h-1-fully-compliant-sds-creation-16-sections\">1. <strong>B\u00faa til SDS a\u00f0 fullu (16 hlutar)<\/strong><\/h4>\n\n<p>Vi\u00f0 b\u00faum til SDS fr\u00e1 grunni byggt \u00e1 v\u00f6rusamsetningu \u00feinni og\/e\u00f0a fyrirliggjandi g\u00f6gnum, \u00fear \u00e1 me\u00f0al:<\/p>\n\n<ul class=\"wp-block-list\">\n<li>H\u00e6ttuflokkunar- og merkingaruppl\u00fdsingar (samh\u00e6ft CLP)<\/li>\n\n\n\n<li>Samsetning og uppl\u00fdsingar um innihaldsefni<\/li>\n\n\n\n<li>Lei\u00f0beiningar um \u00f6rugga me\u00f0h\u00f6ndlun, geymslu og flutning<\/li>\n\n\n\n<li>Skyndihj\u00e1lp, sl\u00f6kkvistarf og sleppingar fyrir slysni<\/li>\n\n\n\n<li>Regluger\u00f0artilv\u00edsanir (REACH vi\u00f0auki II)<\/li>\n<\/ul>\n\n<p>Hvert \u00f6ryggisbla\u00f0 er afhent \u00ed samr\u00e6mi vi\u00f0 <strong>II. vi\u00f0auka vi\u00f0 REACH<\/strong> , \u00ed samr\u00e6mi vi\u00f0 n\u00fdjustu uppf\u00e6rslur og samr\u00e6mdar flokkanir.<\/p>\n\n<h4 class=\"wp-block-heading\" id=\"h-2-multilingual-sds-versions\">2. <strong>Fj\u00f6ltyng SDS \u00fatg\u00e1fur<\/strong><\/h4>\n\n<p>Vi\u00f0 bj\u00f3\u00f0um upp \u00e1 SDS-ger\u00f0 \u00e1 m\u00f6rgum opinberum ESB tungum\u00e1lum, tilb\u00fai\u00f0 til dreifingar yfir landam\u00e6ri. \u00deetta felur \u00ed s\u00e9r: <\/p>\n\n<ul class=\"wp-block-list\">\n<li><a href=\"https:\/\/www.ufi.eu\/is\/pcn\/oryggisblad\/thyding-a-oryggisbladi\/\">MSDS \u00de\u00fd\u00f0ingar<\/a> eftir s\u00e9rfr\u00e6\u00f0ingum sem \u00feekkja til efnafr\u00e6\u00f0ilegra hugtaka<\/li>\n\n\n\n<li>Landss\u00e9rt\u00e6kar a\u00f0l\u00f6ganir \u00feegar \u00feess er krafist (td landsbundin v\u00e1hrifam\u00f6rk)<\/li>\n<\/ul>\n\n<h4 class=\"wp-block-heading\" id=\"h-3-update-amp-conversion-service\">3. <strong>Uppf\u00e6rslu- og vi\u00f0skipta\u00fej\u00f3nusta<\/strong><\/h4>\n\n<p>Ertu n\u00fa \u00feegar me\u00f0 gamaldags e\u00f0a \u00f3samh\u00e6ft \u00f6ryggisskj\u00f6l? Vi\u00f0 getum: <\/p>\n\n<ul class=\"wp-block-list\">\n<li>Sko\u00f0a\u00f0u og uppf\u00e6r\u00f0u n\u00faverandi bla\u00f0 til a\u00f0 uppfylla n\u00faverandi sta\u00f0la<\/li>\n\n\n\n<li>Umbreyttu SDS-sni\u00f0um utan ESB (td US OSHA) \u00ed REACH-samh\u00e6f\u00f0ar \u00fatg\u00e1fur<\/li>\n<\/ul>\n\n<h4 class=\"wp-block-heading\" id=\"h-4-optional-add-ons\">4. <strong>Valfrj\u00e1lsar vi\u00f0b\u00e6tur<\/strong><\/h4>\n\n<ul class=\"wp-block-list\">\n<li><a href=\"https:\/\/www.ufi.eu\/is\/pcn\/clp-merki\/clp-merki-stofnun-og-samraemisskodun\/\">CLP Label sk\u00f6pun<\/a> til a\u00f0 passa vi\u00f0 SDS<\/li>\n\n\n\n<li>UFI kynsl\u00f3\u00f0 og PCN tilkynning<\/li>\n\n\n\n<li>V\u00f6ruflokkun bygg\u00f0 \u00e1 hr\u00e1efni e\u00f0a innihaldslistum<\/li>\n<\/ul>\n\n<h2 class=\"wp-block-heading\" id=\"h-which-products-need-an-sds\">Hva\u00f0a v\u00f6rur \u00feurfa \u00f6ryggisskj\u00f6l?<\/h2>\n\n<p>SDS er krafist ef varan \u00fe\u00edn:<\/p>\n\n<ul class=\"wp-block-list\">\n<li>Er flokka\u00f0 sem h\u00e6ttulegt (td eldfimt, ertandi, eitra\u00f0, \u00e6tandi)<\/li>\n\n\n\n<li>Inniheldur efni sem eru h\u00e6ttuleg e\u00f0a skr\u00e1\u00f0 \u00e1 s\u00e9rstakar regluger\u00f0arlista (td SVHC)<\/li>\n\n\n\n<li>Er \u00e6tla\u00f0 til atvinnu- e\u00f0a i\u00f0na\u00f0arnota, jafnvel \u00fe\u00f3tt \u00fea\u00f0 s\u00e9 ekki flokka\u00f0 sem h\u00e6ttulegt<\/li>\n<\/ul>\n\n<p>\u00deetta \u00e1 vi\u00f0 um miki\u00f0 \u00farval af v\u00f6rum:<\/p>\n\n<ul class=\"wp-block-list\">\n<li>Ilm- og ilmkjarnaol\u00edubl\u00f6ndur<\/li>\n\n\n\n<li>Hreinsiefni og yfirbor\u00f0ssprey<\/li>\n\n\n\n<li>M\u00e1lning, h\u00fa\u00f0un og kvo\u00f0a<\/li>\n\n\n\n<li>Vax br\u00e1\u00f0nar, herbergi sprey og loftfr\u00edskandi<\/li>\n\n\n\n<li>I\u00f0na\u00f0arefni og milliefni<\/li>\n<\/ul>\n\n<h2 class=\"wp-block-heading\" id=\"h-who-is-this-service-for\">Fyrir hverja er \u00feessi \u00fej\u00f3nusta?<\/h2>\n\n<ul class=\"wp-block-list\">\n<li>Framlei\u00f0endur og v\u00f6rumerkjaeigendur efnablandna<\/li>\n\n\n\n<li>Innflytjendur vara utan ESB<\/li>\n\n\n\n<li>Dreifingara\u00f0ilar einkamerkja og hv\u00edtmerkja<\/li>\n\n\n\n<li>Fyrirt\u00e6ki sem selja h\u00e6ttulegan varning \u00ed gegnum netmarka\u00f0 e\u00f0a sm\u00e1s\u00f6lu<\/li>\n<\/ul>\n\n<h2 class=\"wp-block-heading\" id=\"h-why-choose-ufi-eu\">Af hverju a\u00f0 velja UFI.EU?<\/h2>\n\n<ul class=\"wp-block-list\">\n<li><strong>Reynt eftirlitsteymi<\/strong> s\u00e9rh\u00e6ft sig \u00ed CLP, REACH og PCN<\/li>\n\n\n\n<li><strong>N\u00e1kv\u00e6mt og fullkomlega samh\u00e6ft SDS<\/strong> sem er s\u00e9rsni\u00f0i\u00f0 a\u00f0 v\u00f6runni \u00feinni<\/li>\n\n\n\n<li><strong>Fj\u00f6ltyngdur stu\u00f0ningur<\/strong> vi\u00f0 samr\u00e6mi vi\u00f0 ESB-vi\u00f0skipti<\/li>\n\n\n\n<li><strong>Flj\u00f3tur afgrei\u00f0slut\u00edmi<\/strong> og gagns\u00e6 ver\u00f0lagning<\/li>\n<\/ul>\n\n<h2 class=\"wp-block-heading\" id=\"h-how-it-works\">Hvernig \u00fea\u00f0 virkar<\/h2>\n\n<ol class=\"wp-block-list\">\n<li><strong>Sendu v\u00f6rusamsetningu \u00fe\u00edna e\u00f0a n\u00faverandi \u00f6ryggisskj\u00f6l<\/strong><\/li>\n\n\n\n<li><strong>Vi\u00f0 greinum innihaldsefnin og undirb\u00faum \u00f6ryggisskj\u00f6lin<\/strong><\/li>\n\n\n\n<li><strong>F\u00e1\u00f0u faglega sni\u00f0i\u00f0 skjal tilb\u00fai\u00f0 til dreifingar e\u00f0a skr\u00e1ningar<\/strong><\/li>\n<\/ol>\n\n<h2 class=\"wp-block-heading\" id=\"h-order-your-sds-today\">Panta\u00f0u SDS \u00ed dag<\/h2>\n\n<p>Hvort sem \u00fe\u00fa \u00fearft n\u00fdtt \u00f6ryggisskj\u00f6l, uppf\u00e6rslu e\u00f0a fj\u00f6ltyngdar \u00fatg\u00e1fur fyrir mismunandi marka\u00f0i, \u00fe\u00e1 er <strong>UFI.EU<\/strong> traustur samstarfsa\u00f0ili \u00feinn fyrir efnasamr\u00e6mi.<br\/> <strong>Panta\u00f0u SDS sk\u00f6punar\u00fej\u00f3nustuna \u00fe\u00edna n\u00fana og vertu \u00ed fullu samr\u00e6mi vi\u00f0 ESB l\u00f6g.<\/strong><\/p>\n","protected":false},"excerpt":{"rendered":"<p>Faglega skrifu\u00f0 \u00f6ryggisbl\u00f6\u00f0 \u00ed fullu samr\u00e6mi vi\u00f0 regluger\u00f0 ESB (REACH &amp; CLP) Vi\u00f0 \u00fatvegum s\u00e9rfr\u00e6\u00f0i\u00fatb\u00fain \u00f6ryggisbla\u00f0 (SDS) \u2014 einnig \u00feekkt sem \u00f6ryggisbla\u00f0 (MSDS) \u2014 s\u00e9rsni\u00f0in a\u00f0 v\u00f6runni \u00feinni og \u00ed samr\u00e6mi vi\u00f0 n\u00fdjustu ESB regluger\u00f0ir. Hvort sem \u00fe\u00fa ert a\u00f0 framlei\u00f0a efnabl\u00f6ndur, flytja inn v\u00f6rur til ESB e\u00f0a dreifa undir einkamerkjum, \u00fe\u00e1 er \u00f6ryggisuppl\u00fdsinga\u00f6ryggisskj\u00f6l sem [&hellip;]<\/p>\n","protected":false},"featured_media":12465,"template":"","meta":[],"product_brand":[],"product_cat":[295],"product_tag":[],"class_list":{"0":"post-12840","1":"product","2":"type-product","3":"status-publish","4":"has-post-thumbnail","6":"product_cat-oryggisblad","8":"first","9":"instock","10":"virtual","11":"taxable","12":"purchasable","13":"product-type-bundle"},"bundled_by":[],"bundle_stock_status":"instock","bundle_stock_quantity":"","bundle_virtual":false,"bundle_layout":"default","bundle_add_to_cart_form_location":"default","bundle_editable_in_cart":false,"bundle_sold_individually_context":"product","bundle_item_grouping":"parent","bundle_min_size":"","bundle_max_size":"","bundle_price":{"price":{"min":{"incl_tax":"119.79","excl_tax":"99"},"max":{"incl_tax":"","excl_tax":""}},"regular_price":{"min":{"incl_tax":"119.79","excl_tax":"99"},"max":{"incl_tax":"","excl_tax":""}}},"bundled_items":[{"bundled_item_id":1433,"product_id":12464,"menu_order":0,"quantity_min":1,"quantity_max":1,"quantity_default":1,"priced_individually":true,"shipped_individually":true,"override_title":false,"title":null,"override_description":false,"description":null,"optional":false,"hide_thumbnail":false,"discount":"","override_variations":false,"allowed_variations":[""],"override_default_variation_attributes":false,"default_variation_attributes":[],"single_product_visibility":"visible","cart_visibility":"visible","order_visibility":"visible","single_product_price_visibility":"visible","cart_price_visibility":"visible","order_price_visibility":"visible","stock_status":"in_stock"},{"bundled_item_id":1434,"product_id":12475,"menu_order":1,"quantity_min":1,"quantity_max":"","quantity_default":1,"priced_individually":true,"shipped_individually":false,"override_title":false,"title":null,"override_description":false,"description":null,"optional":false,"hide_thumbnail":false,"discount":"","override_variations":false,"allowed_variations":[""],"override_default_variation_attributes":false,"default_variation_attributes":[],"single_product_visibility":"visible","cart_visibility":"visible","order_visibility":"visible","single_product_price_visibility":"visible","cart_price_visibility":"visible","order_price_visibility":"visible","stock_status":"in_stock"}],"bundle_sell_ids":[],"yoast_head":"<!-- This site is optimized with the Yoast SEO Premium plugin v25.1 (Yoast SEO v25.1) - https:\/\/yoast.com\/wordpress\/plugins\/seo\/ -->\n<title>\u00d6ryggisgagnabla\u00f0 (MSDS\/SDS) stofnunar\u00fej\u00f3nusta - UFI<\/title>\n<meta name=\"description\" content=\"Vi\u00f0 \u00fatvegum s\u00e9rfr\u00e6\u00f0i\u00fatb\u00fain \u00f6ryggisbla\u00f0 (SDS) \u2014 einnig \u00feekkt sem \u00f6ryggisbla\u00f0 (MSDS) \u2014 s\u00e9rsni\u00f0in a\u00f0 v\u00f6runni \u00feinni og \u00ed samr\u00e6mi vi\u00f0 n\u00fdjustu ESB regluger\u00f0ir.\" \/>\n<meta name=\"robots\" content=\"index, follow, max-snippet:-1, max-image-preview:large, max-video-preview:-1\" \/>\n<link rel=\"canonical\" href=\"https:\/\/www.ufi.eu\/is\/product\/oryggisgagnablad-msds-sds-stofnunarthjonusta\/\" \/>\n<meta property=\"og:locale\" content=\"is_IS\" \/>\n<meta property=\"og:type\" content=\"article\" \/>\n<meta property=\"og:title\" content=\"\u00d6ryggisgagnabla\u00f0 (MSDS\/SDS) stofnunar\u00fej\u00f3nusta\" \/>\n<meta property=\"og:description\" content=\"Vi\u00f0 \u00fatvegum s\u00e9rfr\u00e6\u00f0i\u00fatb\u00fain \u00f6ryggisbla\u00f0 (SDS) \u2014 einnig \u00feekkt sem \u00f6ryggisbla\u00f0 (MSDS) \u2014 s\u00e9rsni\u00f0in a\u00f0 v\u00f6runni \u00feinni og \u00ed samr\u00e6mi vi\u00f0 n\u00fdjustu ESB regluger\u00f0ir.\" \/>\n<meta property=\"og:url\" content=\"https:\/\/www.ufi.eu\/is\/product\/oryggisgagnablad-msds-sds-stofnunarthjonusta\/\" \/>\n<meta property=\"og:site_name\" content=\"UFI\" \/>\n<meta property=\"article:modified_time\" content=\"2025-04-15T20:38:14+00:00\" \/>\n<meta property=\"og:image\" content=\"https:\/\/www.ufi.eu\/wp-content\/uploads\/2025\/03\/pcn_ufi.jpg\" \/>\n\t<meta property=\"og:image:width\" content=\"1024\" \/>\n\t<meta property=\"og:image:height\" content=\"1024\" \/>\n\t<meta property=\"og:image:type\" content=\"image\/jpeg\" \/>\n<meta name=\"twitter:card\" content=\"summary_large_image\" \/>\n<meta name=\"twitter:label1\" content=\"Price\" \/>\n\t<meta name=\"twitter:data1\" content=\"&euro;0.00\" \/>\n\t<meta name=\"twitter:label2\" content=\"Availability\" \/>\n\t<meta name=\"twitter:data2\" content=\"In stock\" \/>\n<script type=\"application\/ld+json\" class=\"yoast-schema-graph\">{\"@context\":\"https:\/\/schema.org\",\"@graph\":[{\"@type\":\"WebPage\",\"@id\":\"https:\/\/www.ufi.eu\/is\/product\/oryggisgagnablad-msds-sds-stofnunarthjonusta\/\",\"url\":\"https:\/\/www.ufi.eu\/is\/product\/oryggisgagnablad-msds-sds-stofnunarthjonusta\/\",\"name\":\"\u00d6ryggisgagnabla\u00f0 (MSDS\/SDS) stofnunar\u00fej\u00f3nusta - UFI\",\"isPartOf\":{\"@id\":\"https:\/\/www.ufi.eu\/is\/#website\"},\"primaryImageOfPage\":{\"@id\":\"https:\/\/www.ufi.eu\/is\/product\/oryggisgagnablad-msds-sds-stofnunarthjonusta\/#primaryimage\"},\"image\":{\"@id\":\"https:\/\/www.ufi.eu\/is\/product\/oryggisgagnablad-msds-sds-stofnunarthjonusta\/#primaryimage\"},\"thumbnailUrl\":\"https:\/\/www.ufi.eu\/wp-content\/uploads\/2025\/03\/pcn_ufi.jpg\",\"datePublished\":\"2025-04-15T20:38:12+00:00\",\"dateModified\":\"2025-04-15T20:38:14+00:00\",\"description\":\"Vi\u00f0 \u00fatvegum s\u00e9rfr\u00e6\u00f0i\u00fatb\u00fain \u00f6ryggisbla\u00f0 (SDS) \u2014 einnig \u00feekkt sem \u00f6ryggisbla\u00f0 (MSDS) \u2014 s\u00e9rsni\u00f0in a\u00f0 v\u00f6runni \u00feinni og \u00ed samr\u00e6mi vi\u00f0 n\u00fdjustu ESB regluger\u00f0ir.\",\"breadcrumb\":{\"@id\":\"https:\/\/www.ufi.eu\/is\/product\/oryggisgagnablad-msds-sds-stofnunarthjonusta\/#breadcrumb\"},\"inLanguage\":\"is\",\"potentialAction\":[{\"@type\":\"ReadAction\",\"target\":[\"https:\/\/www.ufi.eu\/is\/product\/oryggisgagnablad-msds-sds-stofnunarthjonusta\/\"]}]},{\"@type\":\"ImageObject\",\"inLanguage\":\"is\",\"@id\":\"https:\/\/www.ufi.eu\/is\/product\/oryggisgagnablad-msds-sds-stofnunarthjonusta\/#primaryimage\",\"url\":\"https:\/\/www.ufi.eu\/wp-content\/uploads\/2025\/03\/pcn_ufi.jpg\",\"contentUrl\":\"https:\/\/www.ufi.eu\/wp-content\/uploads\/2025\/03\/pcn_ufi.jpg\",\"width\":1024,\"height\":1024},{\"@type\":\"BreadcrumbList\",\"@id\":\"https:\/\/www.ufi.eu\/is\/product\/oryggisgagnablad-msds-sds-stofnunarthjonusta\/#breadcrumb\",\"itemListElement\":[{\"@type\":\"ListItem\",\"position\":1,\"name\":\"Home\",\"item\":\"https:\/\/www.ufi.eu\/is\/heim\/\"},{\"@type\":\"ListItem\",\"position\":2,\"name\":\"Verslun\",\"item\":\"https:\/\/www.ufi.eu\/is\/verslun\/\"},{\"@type\":\"ListItem\",\"position\":3,\"name\":\"\u00d6ryggisgagnabla\u00f0 (MSDS\/SDS) stofnunar\u00fej\u00f3nusta\"}]},{\"@type\":\"WebSite\",\"@id\":\"https:\/\/www.ufi.eu\/is\/#website\",\"url\":\"https:\/\/www.ufi.eu\/is\/\",\"name\":\"UFI.EU\",\"description\":\"Poison Centre Notifications (PCN) and UFI\",\"publisher\":{\"@id\":\"https:\/\/www.ufi.eu\/is\/#organization\"},\"potentialAction\":[{\"@type\":\"SearchAction\",\"target\":{\"@type\":\"EntryPoint\",\"urlTemplate\":\"https:\/\/www.ufi.eu\/is\/?s={search_term_string}\"},\"query-input\":{\"@type\":\"PropertyValueSpecification\",\"valueRequired\":true,\"valueName\":\"search_term_string\"}}],\"inLanguage\":\"is\"},{\"@type\":\"Organization\",\"@id\":\"https:\/\/www.ufi.eu\/is\/#organization\",\"name\":\"UFI.EU\",\"url\":\"https:\/\/www.ufi.eu\/is\/\",\"logo\":{\"@type\":\"ImageObject\",\"inLanguage\":\"is\",\"@id\":\"https:\/\/www.ufi.eu\/is\/#\/schema\/logo\/image\/\",\"url\":\"https:\/\/www.ufi.eu\/wp-content\/uploads\/2025\/03\/cropped-logo_ufi3.jpg\",\"contentUrl\":\"https:\/\/www.ufi.eu\/wp-content\/uploads\/2025\/03\/cropped-logo_ufi3.jpg\",\"width\":231,\"height\":78,\"caption\":\"UFI.EU\"},\"image\":{\"@id\":\"https:\/\/www.ufi.eu\/is\/#\/schema\/logo\/image\/\"},\"description\":\"UFI.eu specializes in digital registrations for Poison Centre Notifications (PCN), ensuring your chemical products meet EU regulatory requirements effortlessly. Our streamlined solutions help businesses stay compliant while reducing complexity and administrative burden.\",\"email\":\"info@ufi.eu\",\"legalName\":\"UFI.EU\"}]}<\/script>\n<meta property=\"product:price:amount\" content=\"0.00\" \/>\n<meta property=\"product:price:currency\" content=\"EUR\" \/>\n<meta property=\"og:availability\" content=\"instock\" \/>\n<meta property=\"product:availability\" content=\"instock\" \/>\n<meta property=\"product:condition\" content=\"new\" \/>\n<!-- \/ Yoast SEO Premium plugin. -->","yoast_head_json":{"title":"\u00d6ryggisgagnabla\u00f0 (MSDS\/SDS) stofnunar\u00fej\u00f3nusta - UFI","description":"Vi\u00f0 \u00fatvegum s\u00e9rfr\u00e6\u00f0i\u00fatb\u00fain \u00f6ryggisbla\u00f0 (SDS) \u2014 einnig \u00feekkt sem \u00f6ryggisbla\u00f0 (MSDS) \u2014 s\u00e9rsni\u00f0in a\u00f0 v\u00f6runni \u00feinni og \u00ed samr\u00e6mi vi\u00f0 n\u00fdjustu ESB regluger\u00f0ir.","robots":{"index":"index","follow":"follow","max-snippet":"max-snippet:-1","max-image-preview":"max-image-preview:large","max-video-preview":"max-video-preview:-1"},"canonical":"https:\/\/www.ufi.eu\/is\/product\/oryggisgagnablad-msds-sds-stofnunarthjonusta\/","og_locale":"is_IS","og_type":"article","og_title":"\u00d6ryggisgagnabla\u00f0 (MSDS\/SDS) stofnunar\u00fej\u00f3nusta","og_description":"Vi\u00f0 \u00fatvegum s\u00e9rfr\u00e6\u00f0i\u00fatb\u00fain \u00f6ryggisbla\u00f0 (SDS) \u2014 einnig \u00feekkt sem \u00f6ryggisbla\u00f0 (MSDS) \u2014 s\u00e9rsni\u00f0in a\u00f0 v\u00f6runni \u00feinni og \u00ed samr\u00e6mi vi\u00f0 n\u00fdjustu ESB regluger\u00f0ir.","og_url":"https:\/\/www.ufi.eu\/is\/product\/oryggisgagnablad-msds-sds-stofnunarthjonusta\/","og_site_name":"UFI","article_modified_time":"2025-04-15T20:38:14+00:00","og_image":[{"width":1024,"height":1024,"url":"https:\/\/www.ufi.eu\/wp-content\/uploads\/2025\/03\/pcn_ufi.jpg","type":"image\/jpeg"}],"twitter_card":"summary_large_image","twitter_misc":{"Price":"&euro;0.00","Availability":"In stock"},"schema":{"@context":"https:\/\/schema.org","@graph":[{"@type":"WebPage","@id":"https:\/\/www.ufi.eu\/is\/product\/oryggisgagnablad-msds-sds-stofnunarthjonusta\/","url":"https:\/\/www.ufi.eu\/is\/product\/oryggisgagnablad-msds-sds-stofnunarthjonusta\/","name":"\u00d6ryggisgagnabla\u00f0 (MSDS\/SDS) stofnunar\u00fej\u00f3nusta - UFI","isPartOf":{"@id":"https:\/\/www.ufi.eu\/is\/#website"},"primaryImageOfPage":{"@id":"https:\/\/www.ufi.eu\/is\/product\/oryggisgagnablad-msds-sds-stofnunarthjonusta\/#primaryimage"},"image":{"@id":"https:\/\/www.ufi.eu\/is\/product\/oryggisgagnablad-msds-sds-stofnunarthjonusta\/#primaryimage"},"thumbnailUrl":"https:\/\/www.ufi.eu\/wp-content\/uploads\/2025\/03\/pcn_ufi.jpg","datePublished":"2025-04-15T20:38:12+00:00","dateModified":"2025-04-15T20:38:14+00:00","description":"Vi\u00f0 \u00fatvegum s\u00e9rfr\u00e6\u00f0i\u00fatb\u00fain \u00f6ryggisbla\u00f0 (SDS) \u2014 einnig \u00feekkt sem \u00f6ryggisbla\u00f0 (MSDS) \u2014 s\u00e9rsni\u00f0in a\u00f0 v\u00f6runni \u00feinni og \u00ed samr\u00e6mi vi\u00f0 n\u00fdjustu ESB regluger\u00f0ir.","breadcrumb":{"@id":"https:\/\/www.ufi.eu\/is\/product\/oryggisgagnablad-msds-sds-stofnunarthjonusta\/#breadcrumb"},"inLanguage":"is","potentialAction":[{"@type":"ReadAction","target":["https:\/\/www.ufi.eu\/is\/product\/oryggisgagnablad-msds-sds-stofnunarthjonusta\/"]}]},{"@type":"ImageObject","inLanguage":"is","@id":"https:\/\/www.ufi.eu\/is\/product\/oryggisgagnablad-msds-sds-stofnunarthjonusta\/#primaryimage","url":"https:\/\/www.ufi.eu\/wp-content\/uploads\/2025\/03\/pcn_ufi.jpg","contentUrl":"https:\/\/www.ufi.eu\/wp-content\/uploads\/2025\/03\/pcn_ufi.jpg","width":1024,"height":1024},{"@type":"BreadcrumbList","@id":"https:\/\/www.ufi.eu\/is\/product\/oryggisgagnablad-msds-sds-stofnunarthjonusta\/#breadcrumb","itemListElement":[{"@type":"ListItem","position":1,"name":"Home","item":"https:\/\/www.ufi.eu\/is\/heim\/"},{"@type":"ListItem","position":2,"name":"Verslun","item":"https:\/\/www.ufi.eu\/is\/verslun\/"},{"@type":"ListItem","position":3,"name":"\u00d6ryggisgagnabla\u00f0 (MSDS\/SDS) stofnunar\u00fej\u00f3nusta"}]},{"@type":"WebSite","@id":"https:\/\/www.ufi.eu\/is\/#website","url":"https:\/\/www.ufi.eu\/is\/","name":"UFI.EU","description":"Poison Centre Notifications (PCN) and UFI","publisher":{"@id":"https:\/\/www.ufi.eu\/is\/#organization"},"potentialAction":[{"@type":"SearchAction","target":{"@type":"EntryPoint","urlTemplate":"https:\/\/www.ufi.eu\/is\/?s={search_term_string}"},"query-input":{"@type":"PropertyValueSpecification","valueRequired":true,"valueName":"search_term_string"}}],"inLanguage":"is"},{"@type":"Organization","@id":"https:\/\/www.ufi.eu\/is\/#organization","name":"UFI.EU","url":"https:\/\/www.ufi.eu\/is\/","logo":{"@type":"ImageObject","inLanguage":"is","@id":"https:\/\/www.ufi.eu\/is\/#\/schema\/logo\/image\/","url":"https:\/\/www.ufi.eu\/wp-content\/uploads\/2025\/03\/cropped-logo_ufi3.jpg","contentUrl":"https:\/\/www.ufi.eu\/wp-content\/uploads\/2025\/03\/cropped-logo_ufi3.jpg","width":231,"height":78,"caption":"UFI.EU"},"image":{"@id":"https:\/\/www.ufi.eu\/is\/#\/schema\/logo\/image\/"},"description":"UFI.eu specializes in digital registrations for Poison Centre Notifications (PCN), ensuring your chemical products meet EU regulatory requirements effortlessly. Our streamlined solutions help businesses stay compliant while reducing complexity and administrative burden.","email":"info@ufi.eu","legalName":"UFI.EU"}]},"product_price_amount":"0.00","product_price_currency":"EUR","og_availability":"instock","product_availability":"instock","product_condition":"new"},"_links":{"self":[{"href":"https:\/\/www.ufi.eu\/is\/wp-json\/wp\/v2\/product\/12840","targetHints":{"allow":["GET"]}}],"collection":[{"href":"https:\/\/www.ufi.eu\/is\/wp-json\/wp\/v2\/product"}],"about":[{"href":"https:\/\/www.ufi.eu\/is\/wp-json\/wp\/v2\/types\/product"}],"wp:featuredmedia":[{"embeddable":true,"href":"https:\/\/www.ufi.eu\/is\/wp-json\/wp\/v2\/media\/12465"}],"wp:attachment":[{"href":"https:\/\/www.ufi.eu\/is\/wp-json\/wp\/v2\/media?parent=12840"}],"wp:term":[{"taxonomy":"product_brand","embeddable":true,"href":"https:\/\/www.ufi.eu\/is\/wp-json\/wp\/v2\/product_brand?post=12840"},{"taxonomy":"product_cat","embeddable":true,"href":"https:\/\/www.ufi.eu\/is\/wp-json\/wp\/v2\/product_cat?post=12840"},{"taxonomy":"product_tag","embeddable":true,"href":"https:\/\/www.ufi.eu\/is\/wp-json\/wp\/v2\/product_tag?post=12840"}],"curies":[{"name":"wp","href":"https:\/\/api.w.org\/{rel}","templated":true}]}}