{"id":12831,"date":"2025-04-15T20:37:52","date_gmt":"2025-04-15T20:37:52","guid":{"rendered":"https:\/\/www.ufi.eu\/pcn\/uncategorized\/pcn-ufi-fyrir-fyrirtaeki-utan-esb\/"},"modified":"2025-04-15T20:37:54","modified_gmt":"2025-04-15T20:37:54","slug":"pcn-ufi-fyrir-fyrirtaeki-utan-esb","status":"publish","type":"product","link":"https:\/\/www.ufi.eu\/is\/product\/pcn-ufi-fyrir-fyrirtaeki-utan-esb\/","title":{"rendered":"PCN &amp; UFI fyrir fyrirt\u00e6ki utan ESB"},"content":{"rendered":"<p>A\u00f0 st\u00e6kka inn \u00e1 ESB-marka\u00f0inn b\u00fd\u00f0ur upp \u00e1 spennandi t\u00e6kif\u00e6ri &#8211; en \u00fev\u00ed fylgir l\u00edka strangar regluger\u00f0arskyldur. Ef fyrirt\u00e6ki \u00feitt hefur a\u00f0setur utan ESB\/EES e\u00f0a Nor\u00f0ur-\u00cdrlands og \u00fe\u00fa \u00e6tlar a\u00f0 selja efnabl\u00f6ndur eins og snyrtiv\u00f6rur, hreinsiv\u00f6rur e\u00f0a \u00f6nnur eftirlitsskyld atri\u00f0i \u00ed ESB, \u00fearftu a\u00f0 uppfylla s\u00e9rstakar kr\u00f6fur samkv\u00e6mt CLP regluger\u00f0inni (EB nr. 1272\/2008), \u00fear \u00e1 me\u00f0al eiturmi\u00f0st\u00f6\u00f0vartilkynningu (PCN) og notkun einstakts form\u00faluau\u00f0kennis (UFI). <\/p><p>Sem fyrirt\u00e6ki utan ESB hefur\u00f0u ekki leyfi til a\u00f0 senda inn PCN beint \u2013 en <strong>vi\u00f0 getum a\u00f0sto\u00f0a\u00f0<\/strong> . Vi\u00f0 bj\u00f3\u00f0um upp \u00e1 fullan stu\u00f0ning me\u00f0 <strong>regluger\u00f0arlei\u00f0beiningum og samh\u00e6f\u00f0um merkimi\u00f0ager\u00f0<\/strong> , sem hj\u00e1lpar \u00fe\u00e9r a\u00f0 vafra um ESB l\u00f6g me\u00f0 trausti og fara inn \u00e1 evr\u00f3pskan marka\u00f0 \u00e1 faglegan og skilvirkan h\u00e1tt. <\/p><p>Ef fyrirt\u00e6ki \u00feitt er sta\u00f0sett utan ESB\/EES e\u00f0a Nor\u00f0ur-\u00cdrlands er \u00fe\u00e9r ekki heimilt a\u00f0 senda beint inn tilkynningu um eiturefnami\u00f0st\u00f6\u00f0 (PCN) samkv\u00e6mt VIII. vi\u00f0auka regluger\u00f0ar (EB) nr. 1272\/2008 (CLP regluger\u00f0).  <\/p><h2 class=\"wp-block-heading\" id=\"h-non-eu-companies-must-appoint-an-eu-based-contact\">Fyrirt\u00e6ki utan ESB ver\u00f0a a\u00f0 tilnefna tengili\u00f0 \u00ed ESB<\/h2><p>Vinsamlegast athugi\u00f0: <strong>Fyrirt\u00e6kjum utan ESB er ekki heimilt a\u00f0 leggja fram PCN sj\u00e1lf.<\/strong><br\/> Til a\u00f0 fara a\u00f0 l\u00f6gum ESB ver\u00f0ur \u00fe\u00fa a\u00f0 skipa:<\/p><ul class=\"wp-block-list\"><li><strong>ESB Innflytjandi<\/strong> , e\u00f0a<\/li>\n\n<li><strong>\u201eNi\u00f0straumsnotandi\u201c \u00ed ESB e\u00f0a eini fulltr\u00fai<\/strong><\/li><\/ul><p>\u00deessi tilnefndi a\u00f0ili mun bera \u00e1byrg\u00f0 \u00e1 innsendingu PCN og ver\u00f0ur a\u00f0 vera skr\u00e1\u00f0 \u00ed tilkynningunni. Vi\u00f0 getum a\u00f0sto\u00f0a\u00f0 \u00feig vi\u00f0 a\u00f0 gera v\u00f6runa \u00fe\u00edna \u00ed samr\u00e6mi. <\/p><h2 class=\"wp-block-heading\">Hvernig virkar UFI stofnun og PCN tilkynninga\u00fej\u00f3nustan?<\/h2><p>Eftir a\u00f0 \u00fe\u00fa hefur keypt \u00feessa \u00fej\u00f3nustu f\u00e6r\u00f0u a\u00f0gang a\u00f0 \u00f6ruggu g\u00e1ttinni. \u00deessi vefg\u00e1tt inniheldur yfirlit yfir \u00f6ll skref.  \u00de\u00fa fyllir \u00fat v\u00f6ruuppl\u00fdsingarnar \u00fe\u00ednar og vi\u00f0 byrjum a\u00f0 vinna.<\/p><h3 class=\"wp-block-heading\">Tilkynning um eiturefnami\u00f0st\u00f6\u00f0 og UFI<\/h3><p>Vi\u00f0 munum veita:<\/p><ul class=\"wp-block-list\"><li>Einstakt form\u00faluau\u00f0kenni v\u00f6runnar \u00feinnar (UFI)<\/li>\n\n<li>Tilkynning um eiturefnami\u00f0st\u00f6\u00f0 (PCN).<\/li>\n\n<li>Skr\u00e1ning v\u00f6runnar \u00feinnar hj\u00e1 vi\u00f0komandi eiturefnami\u00f0st\u00f6\u00f0vum \u00ed gegnum ECHA.<\/li><\/ul><h3 class=\"wp-block-heading\">L\u00f6nd fyrir PCN skr\u00e1ningu<\/h3><p>Teldu fj\u00f6lda landa \u00fear sem \u00fe\u00fa vilt skr\u00e1 v\u00f6runa \u00fe\u00edna. \u00de\u00fa munt geta vali\u00f0 tiltekin l\u00f6nd innan g\u00e1ttarinnar. H\u00e6gt er a\u00f0 b\u00e6ta vi\u00f0 fleiri l\u00f6ndum s\u00ed\u00f0ar og \u00fe\u00fa getur alltaf panta\u00f0 fleiri <a href=\"https:\/\/www.ufi.eu\/is\/pcn\/lond\/lond-fyrir-pcn-skraningu\/\" target=\"_blank\" rel=\"noreferrer noopener\">PCN landsskr\u00e1ningar<\/a> .  <\/p><h3 class=\"wp-block-heading\">Uppl\u00fdsingar um CLP merkimi\u00f0a<\/h3><p>Vi\u00f0 bj\u00f3\u00f0um upp \u00e1 m\u00f6guleika \u00e1 a\u00f0 kaupa CLP-samh\u00e6ft v\u00f6rumerki, sem inniheldur allar skyldubundnar uppl\u00fdsingar eins og krafist er \u00ed CLP regluger\u00f0 ESB. \u00deetta ver\u00f0ur veitt sem PDF, sem gerir \u00fe\u00e9r kleift a\u00f0 sam\u00fe\u00e6tta nau\u00f0synlegar uppl\u00fdsingar \u00ed h\u00f6nnun v\u00f6rumerkja. \u00de\u00fa getur l\u00edka panta\u00f0 <a href=\"https:\/\/www.ufi.eu\/is\/pcn\/clp-merki\/clp-merki-stofnun-og-samraemisskodun\/\" target=\"_blank\" rel=\"noreferrer noopener\">CLP merki uppl\u00fdsingarnar<\/a> s\u00e9rstaklega. Ertu n\u00fa \u00feegar me\u00f0 merki? \u2014 Vi\u00f0 getum endursko\u00f0a\u00f0 merkimi\u00f0ann \u00feinn \u00ed samr\u00e6mi vi\u00f0 gildandi CLP kr\u00f6fur. Vi\u00f0 munum veita n\u00e1kv\u00e6ma endurgj\u00f6f og lei\u00f0r\u00e9ttingar til a\u00f0 tryggja a\u00f0 merkimi\u00f0inn \u00feinn uppfylli alla eftirlitssta\u00f0la.     <\/p>","protected":false},"excerpt":{"rendered":"<p>A\u00f0 st\u00e6kka inn \u00e1 ESB-marka\u00f0inn b\u00fd\u00f0ur upp \u00e1 spennandi t\u00e6kif\u00e6ri &#8211; en \u00fev\u00ed fylgir l\u00edka strangar regluger\u00f0arskyldur. Ef fyrirt\u00e6ki \u00feitt hefur a\u00f0setur utan ESB\/EES e\u00f0a Nor\u00f0ur-\u00cdrlands og \u00fe\u00fa \u00e6tlar a\u00f0 selja efnabl\u00f6ndur eins og snyrtiv\u00f6rur, hreinsiv\u00f6rur e\u00f0a \u00f6nnur eftirlitsskyld atri\u00f0i \u00ed ESB, \u00fearftu a\u00f0 uppfylla s\u00e9rstakar kr\u00f6fur samkv\u00e6mt CLP regluger\u00f0inni (EB nr. 1272\/2008), \u00fear \u00e1 [&hellip;]<\/p>\n","protected":false},"featured_media":12465,"template":"","meta":[],"product_brand":[],"product_cat":[438],"product_tag":[],"class_list":{"0":"post-12831","1":"product","2":"type-product","3":"status-publish","4":"has-post-thumbnail","6":"product_cat-utan-esb","8":"first","9":"instock","10":"virtual","11":"taxable","12":"purchasable","13":"product-type-bundle"},"bundled_by":[],"bundle_stock_status":"instock","bundle_stock_quantity":"","bundle_virtual":false,"bundle_layout":"default","bundle_add_to_cart_form_location":"default","bundle_editable_in_cart":false,"bundle_sold_individually_context":"product","bundle_item_grouping":"parent","bundle_min_size":"","bundle_max_size":"","bundle_price":{"price":{"min":{"incl_tax":"78.65","excl_tax":"65"},"max":{"incl_tax":"","excl_tax":""}},"regular_price":{"min":{"incl_tax":"78.65","excl_tax":"65"},"max":{"incl_tax":"","excl_tax":""}}},"bundled_items":[{"bundled_item_id":1414,"product_id":12540,"menu_order":0,"quantity_min":1,"quantity_max":1,"quantity_default":1,"priced_individually":true,"shipped_individually":true,"override_title":false,"title":null,"override_description":false,"description":null,"optional":false,"hide_thumbnail":false,"discount":"","override_variations":false,"allowed_variations":[""],"override_default_variation_attributes":false,"default_variation_attributes":[],"single_product_visibility":"visible","cart_visibility":"visible","order_visibility":"visible","single_product_price_visibility":"visible","cart_price_visibility":"visible","order_price_visibility":"visible","stock_status":"in_stock"},{"bundled_item_id":1415,"product_id":12532,"menu_order":1,"quantity_min":0,"quantity_max":"","quantity_default":0,"priced_individually":true,"shipped_individually":true,"override_title":false,"title":null,"override_description":false,"description":null,"optional":false,"hide_thumbnail":false,"discount":"","override_variations":false,"allowed_variations":[""],"override_default_variation_attributes":false,"default_variation_attributes":[],"single_product_visibility":"visible","cart_visibility":"visible","order_visibility":"visible","single_product_price_visibility":"visible","cart_price_visibility":"visible","order_price_visibility":"visible","stock_status":"in_stock"},{"bundled_item_id":1416,"product_id":12785,"menu_order":2,"quantity_min":1,"quantity_max":1,"quantity_default":1,"priced_individually":true,"shipped_individually":true,"override_title":false,"title":null,"override_description":false,"description":null,"optional":true,"hide_thumbnail":false,"discount":"","override_variations":false,"allowed_variations":[""],"override_default_variation_attributes":false,"default_variation_attributes":[],"single_product_visibility":"visible","cart_visibility":"visible","order_visibility":"visible","single_product_price_visibility":"visible","cart_price_visibility":"visible","order_price_visibility":"visible","stock_status":"in_stock"}],"bundle_sell_ids":[],"yoast_head":"<!-- This site is optimized with the Yoast SEO Premium plugin v25.1 (Yoast SEO v25.1) - https:\/\/yoast.com\/wordpress\/plugins\/seo\/ -->\n<title>PCN &amp; UFI fyrir fyrirt\u00e6ki utan ESB - UFI<\/title>\n<meta name=\"description\" content=\"Vi\u00f0 sty\u00f0jum me\u00f0 PCN &amp; UFI fyrir fyrirt\u00e6ki utan ESB. Fyrirt\u00e6ki me\u00f0 a\u00f0setur utan ESB\/EES e\u00f0a Nor\u00f0ur-\u00cdrlands.\" \/>\n<meta name=\"robots\" content=\"index, follow, max-snippet:-1, max-image-preview:large, max-video-preview:-1\" \/>\n<link rel=\"canonical\" href=\"https:\/\/www.ufi.eu\/is\/product\/pcn-ufi-fyrir-fyrirtaeki-utan-esb\/\" \/>\n<meta property=\"og:locale\" content=\"is_IS\" \/>\n<meta property=\"og:type\" content=\"article\" \/>\n<meta property=\"og:title\" content=\"PCN &amp; UFI fyrir fyrirt\u00e6ki utan ESB\" \/>\n<meta property=\"og:description\" content=\"Vi\u00f0 sty\u00f0jum me\u00f0 PCN &amp; UFI fyrir fyrirt\u00e6ki utan ESB. Fyrirt\u00e6ki me\u00f0 a\u00f0setur utan ESB\/EES e\u00f0a Nor\u00f0ur-\u00cdrlands.\" \/>\n<meta property=\"og:url\" content=\"https:\/\/www.ufi.eu\/is\/product\/pcn-ufi-fyrir-fyrirtaeki-utan-esb\/\" \/>\n<meta property=\"og:site_name\" content=\"UFI\" \/>\n<meta property=\"article:modified_time\" content=\"2025-04-15T20:37:54+00:00\" \/>\n<meta property=\"og:image\" content=\"https:\/\/www.ufi.eu\/wp-content\/uploads\/2025\/03\/pcn_ufi.jpg\" \/>\n\t<meta property=\"og:image:width\" content=\"1024\" \/>\n\t<meta property=\"og:image:height\" content=\"1024\" \/>\n\t<meta property=\"og:image:type\" content=\"image\/jpeg\" \/>\n<meta name=\"twitter:card\" content=\"summary_large_image\" \/>\n<meta name=\"twitter:label1\" content=\"Price\" \/>\n\t<meta name=\"twitter:data1\" content=\"&euro;0.00\" \/>\n\t<meta name=\"twitter:label2\" content=\"Availability\" \/>\n\t<meta name=\"twitter:data2\" content=\"In stock\" \/>\n<script type=\"application\/ld+json\" class=\"yoast-schema-graph\">{\"@context\":\"https:\/\/schema.org\",\"@graph\":[{\"@type\":\"WebPage\",\"@id\":\"https:\/\/www.ufi.eu\/is\/product\/pcn-ufi-fyrir-fyrirtaeki-utan-esb\/\",\"url\":\"https:\/\/www.ufi.eu\/is\/product\/pcn-ufi-fyrir-fyrirtaeki-utan-esb\/\",\"name\":\"PCN &amp; UFI fyrir fyrirt\u00e6ki utan ESB - UFI\",\"isPartOf\":{\"@id\":\"https:\/\/www.ufi.eu\/is\/#website\"},\"primaryImageOfPage\":{\"@id\":\"https:\/\/www.ufi.eu\/is\/product\/pcn-ufi-fyrir-fyrirtaeki-utan-esb\/#primaryimage\"},\"image\":{\"@id\":\"https:\/\/www.ufi.eu\/is\/product\/pcn-ufi-fyrir-fyrirtaeki-utan-esb\/#primaryimage\"},\"thumbnailUrl\":\"https:\/\/www.ufi.eu\/wp-content\/uploads\/2025\/03\/pcn_ufi.jpg\",\"datePublished\":\"2025-04-15T20:37:52+00:00\",\"dateModified\":\"2025-04-15T20:37:54+00:00\",\"description\":\"Vi\u00f0 sty\u00f0jum me\u00f0 PCN & UFI fyrir fyrirt\u00e6ki utan ESB. Fyrirt\u00e6ki me\u00f0 a\u00f0setur utan ESB\/EES e\u00f0a Nor\u00f0ur-\u00cdrlands.\",\"breadcrumb\":{\"@id\":\"https:\/\/www.ufi.eu\/is\/product\/pcn-ufi-fyrir-fyrirtaeki-utan-esb\/#breadcrumb\"},\"inLanguage\":\"is\",\"potentialAction\":[{\"@type\":\"ReadAction\",\"target\":[\"https:\/\/www.ufi.eu\/is\/product\/pcn-ufi-fyrir-fyrirtaeki-utan-esb\/\"]}]},{\"@type\":\"ImageObject\",\"inLanguage\":\"is\",\"@id\":\"https:\/\/www.ufi.eu\/is\/product\/pcn-ufi-fyrir-fyrirtaeki-utan-esb\/#primaryimage\",\"url\":\"https:\/\/www.ufi.eu\/wp-content\/uploads\/2025\/03\/pcn_ufi.jpg\",\"contentUrl\":\"https:\/\/www.ufi.eu\/wp-content\/uploads\/2025\/03\/pcn_ufi.jpg\",\"width\":1024,\"height\":1024},{\"@type\":\"BreadcrumbList\",\"@id\":\"https:\/\/www.ufi.eu\/is\/product\/pcn-ufi-fyrir-fyrirtaeki-utan-esb\/#breadcrumb\",\"itemListElement\":[{\"@type\":\"ListItem\",\"position\":1,\"name\":\"Home\",\"item\":\"https:\/\/www.ufi.eu\/is\/heim\/\"},{\"@type\":\"ListItem\",\"position\":2,\"name\":\"Verslun\",\"item\":\"https:\/\/www.ufi.eu\/is\/verslun\/\"},{\"@type\":\"ListItem\",\"position\":3,\"name\":\"PCN &amp; UFI fyrir fyrirt\u00e6ki utan ESB\"}]},{\"@type\":\"WebSite\",\"@id\":\"https:\/\/www.ufi.eu\/is\/#website\",\"url\":\"https:\/\/www.ufi.eu\/is\/\",\"name\":\"UFI.EU\",\"description\":\"Poison Centre Notifications (PCN) and UFI\",\"publisher\":{\"@id\":\"https:\/\/www.ufi.eu\/is\/#organization\"},\"potentialAction\":[{\"@type\":\"SearchAction\",\"target\":{\"@type\":\"EntryPoint\",\"urlTemplate\":\"https:\/\/www.ufi.eu\/is\/?s={search_term_string}\"},\"query-input\":{\"@type\":\"PropertyValueSpecification\",\"valueRequired\":true,\"valueName\":\"search_term_string\"}}],\"inLanguage\":\"is\"},{\"@type\":\"Organization\",\"@id\":\"https:\/\/www.ufi.eu\/is\/#organization\",\"name\":\"UFI.EU\",\"url\":\"https:\/\/www.ufi.eu\/is\/\",\"logo\":{\"@type\":\"ImageObject\",\"inLanguage\":\"is\",\"@id\":\"https:\/\/www.ufi.eu\/is\/#\/schema\/logo\/image\/\",\"url\":\"https:\/\/www.ufi.eu\/wp-content\/uploads\/2025\/03\/cropped-logo_ufi3.jpg\",\"contentUrl\":\"https:\/\/www.ufi.eu\/wp-content\/uploads\/2025\/03\/cropped-logo_ufi3.jpg\",\"width\":231,\"height\":78,\"caption\":\"UFI.EU\"},\"image\":{\"@id\":\"https:\/\/www.ufi.eu\/is\/#\/schema\/logo\/image\/\"},\"description\":\"UFI.eu specializes in digital registrations for Poison Centre Notifications (PCN), ensuring your chemical products meet EU regulatory requirements effortlessly. Our streamlined solutions help businesses stay compliant while reducing complexity and administrative burden.\",\"email\":\"info@ufi.eu\",\"legalName\":\"UFI.EU\"}]}<\/script>\n<meta property=\"product:price:amount\" content=\"0.00\" \/>\n<meta property=\"product:price:currency\" content=\"EUR\" \/>\n<meta property=\"og:availability\" content=\"instock\" \/>\n<meta property=\"product:availability\" content=\"instock\" \/>\n<meta property=\"product:condition\" content=\"new\" \/>\n<!-- \/ Yoast SEO Premium plugin. -->","yoast_head_json":{"title":"PCN &amp; UFI fyrir fyrirt\u00e6ki utan ESB - UFI","description":"Vi\u00f0 sty\u00f0jum me\u00f0 PCN & UFI fyrir fyrirt\u00e6ki utan ESB. Fyrirt\u00e6ki me\u00f0 a\u00f0setur utan ESB\/EES e\u00f0a Nor\u00f0ur-\u00cdrlands.","robots":{"index":"index","follow":"follow","max-snippet":"max-snippet:-1","max-image-preview":"max-image-preview:large","max-video-preview":"max-video-preview:-1"},"canonical":"https:\/\/www.ufi.eu\/is\/product\/pcn-ufi-fyrir-fyrirtaeki-utan-esb\/","og_locale":"is_IS","og_type":"article","og_title":"PCN &amp; UFI fyrir fyrirt\u00e6ki utan ESB","og_description":"Vi\u00f0 sty\u00f0jum me\u00f0 PCN & UFI fyrir fyrirt\u00e6ki utan ESB. Fyrirt\u00e6ki me\u00f0 a\u00f0setur utan ESB\/EES e\u00f0a Nor\u00f0ur-\u00cdrlands.","og_url":"https:\/\/www.ufi.eu\/is\/product\/pcn-ufi-fyrir-fyrirtaeki-utan-esb\/","og_site_name":"UFI","article_modified_time":"2025-04-15T20:37:54+00:00","og_image":[{"width":1024,"height":1024,"url":"https:\/\/www.ufi.eu\/wp-content\/uploads\/2025\/03\/pcn_ufi.jpg","type":"image\/jpeg"}],"twitter_card":"summary_large_image","twitter_misc":{"Price":"&euro;0.00","Availability":"In stock"},"schema":{"@context":"https:\/\/schema.org","@graph":[{"@type":"WebPage","@id":"https:\/\/www.ufi.eu\/is\/product\/pcn-ufi-fyrir-fyrirtaeki-utan-esb\/","url":"https:\/\/www.ufi.eu\/is\/product\/pcn-ufi-fyrir-fyrirtaeki-utan-esb\/","name":"PCN &amp; UFI fyrir fyrirt\u00e6ki utan ESB - UFI","isPartOf":{"@id":"https:\/\/www.ufi.eu\/is\/#website"},"primaryImageOfPage":{"@id":"https:\/\/www.ufi.eu\/is\/product\/pcn-ufi-fyrir-fyrirtaeki-utan-esb\/#primaryimage"},"image":{"@id":"https:\/\/www.ufi.eu\/is\/product\/pcn-ufi-fyrir-fyrirtaeki-utan-esb\/#primaryimage"},"thumbnailUrl":"https:\/\/www.ufi.eu\/wp-content\/uploads\/2025\/03\/pcn_ufi.jpg","datePublished":"2025-04-15T20:37:52+00:00","dateModified":"2025-04-15T20:37:54+00:00","description":"Vi\u00f0 sty\u00f0jum me\u00f0 PCN & UFI fyrir fyrirt\u00e6ki utan ESB. Fyrirt\u00e6ki me\u00f0 a\u00f0setur utan ESB\/EES e\u00f0a Nor\u00f0ur-\u00cdrlands.","breadcrumb":{"@id":"https:\/\/www.ufi.eu\/is\/product\/pcn-ufi-fyrir-fyrirtaeki-utan-esb\/#breadcrumb"},"inLanguage":"is","potentialAction":[{"@type":"ReadAction","target":["https:\/\/www.ufi.eu\/is\/product\/pcn-ufi-fyrir-fyrirtaeki-utan-esb\/"]}]},{"@type":"ImageObject","inLanguage":"is","@id":"https:\/\/www.ufi.eu\/is\/product\/pcn-ufi-fyrir-fyrirtaeki-utan-esb\/#primaryimage","url":"https:\/\/www.ufi.eu\/wp-content\/uploads\/2025\/03\/pcn_ufi.jpg","contentUrl":"https:\/\/www.ufi.eu\/wp-content\/uploads\/2025\/03\/pcn_ufi.jpg","width":1024,"height":1024},{"@type":"BreadcrumbList","@id":"https:\/\/www.ufi.eu\/is\/product\/pcn-ufi-fyrir-fyrirtaeki-utan-esb\/#breadcrumb","itemListElement":[{"@type":"ListItem","position":1,"name":"Home","item":"https:\/\/www.ufi.eu\/is\/heim\/"},{"@type":"ListItem","position":2,"name":"Verslun","item":"https:\/\/www.ufi.eu\/is\/verslun\/"},{"@type":"ListItem","position":3,"name":"PCN &amp; UFI fyrir fyrirt\u00e6ki utan ESB"}]},{"@type":"WebSite","@id":"https:\/\/www.ufi.eu\/is\/#website","url":"https:\/\/www.ufi.eu\/is\/","name":"UFI.EU","description":"Poison Centre Notifications (PCN) and UFI","publisher":{"@id":"https:\/\/www.ufi.eu\/is\/#organization"},"potentialAction":[{"@type":"SearchAction","target":{"@type":"EntryPoint","urlTemplate":"https:\/\/www.ufi.eu\/is\/?s={search_term_string}"},"query-input":{"@type":"PropertyValueSpecification","valueRequired":true,"valueName":"search_term_string"}}],"inLanguage":"is"},{"@type":"Organization","@id":"https:\/\/www.ufi.eu\/is\/#organization","name":"UFI.EU","url":"https:\/\/www.ufi.eu\/is\/","logo":{"@type":"ImageObject","inLanguage":"is","@id":"https:\/\/www.ufi.eu\/is\/#\/schema\/logo\/image\/","url":"https:\/\/www.ufi.eu\/wp-content\/uploads\/2025\/03\/cropped-logo_ufi3.jpg","contentUrl":"https:\/\/www.ufi.eu\/wp-content\/uploads\/2025\/03\/cropped-logo_ufi3.jpg","width":231,"height":78,"caption":"UFI.EU"},"image":{"@id":"https:\/\/www.ufi.eu\/is\/#\/schema\/logo\/image\/"},"description":"UFI.eu specializes in digital registrations for Poison Centre Notifications (PCN), ensuring your chemical products meet EU regulatory requirements effortlessly. Our streamlined solutions help businesses stay compliant while reducing complexity and administrative burden.","email":"info@ufi.eu","legalName":"UFI.EU"}]},"product_price_amount":"0.00","product_price_currency":"EUR","og_availability":"instock","product_availability":"instock","product_condition":"new"},"_links":{"self":[{"href":"https:\/\/www.ufi.eu\/is\/wp-json\/wp\/v2\/product\/12831","targetHints":{"allow":["GET"]}}],"collection":[{"href":"https:\/\/www.ufi.eu\/is\/wp-json\/wp\/v2\/product"}],"about":[{"href":"https:\/\/www.ufi.eu\/is\/wp-json\/wp\/v2\/types\/product"}],"wp:featuredmedia":[{"embeddable":true,"href":"https:\/\/www.ufi.eu\/is\/wp-json\/wp\/v2\/media\/12465"}],"wp:attachment":[{"href":"https:\/\/www.ufi.eu\/is\/wp-json\/wp\/v2\/media?parent=12831"}],"wp:term":[{"taxonomy":"product_brand","embeddable":true,"href":"https:\/\/www.ufi.eu\/is\/wp-json\/wp\/v2\/product_brand?post=12831"},{"taxonomy":"product_cat","embeddable":true,"href":"https:\/\/www.ufi.eu\/is\/wp-json\/wp\/v2\/product_cat?post=12831"},{"taxonomy":"product_tag","embeddable":true,"href":"https:\/\/www.ufi.eu\/is\/wp-json\/wp\/v2\/product_tag?post=12831"}],"curies":[{"name":"wp","href":"https:\/\/api.w.org\/{rel}","templated":true}]}}