{"id":12771,"date":"2025-04-05T15:24:57","date_gmt":"2025-04-15T20:26:14","guid":{"rendered":"https:\/\/www.ufi.eu\/pcn\/uncategorized\/clp-merkimidagerd-og-samraemisskodun-fyrir-thvottaefni\/"},"modified":"2025-04-28T12:21:18","modified_gmt":"2025-04-28T12:21:18","slug":"clp-merkimidagerd-og-samraemisskodun-fyrir-thvottaefni","status":"publish","type":"product","link":"https:\/\/www.ufi.eu\/is\/product\/clp-merkimidagerd-og-samraemisskodun-fyrir-thvottaefni\/","title":{"rendered":"CLP merkimi\u00f0ager\u00f0 og samr\u00e6missko\u00f0un fyrir \u00fevottaefni"},"content":{"rendered":"<p><strong>Trygg\u00f0u a\u00f0 fullu samr\u00e6mi vi\u00f0 CLP og hreinsiefnisregluger\u00f0 me\u00f0 s\u00e9rfr\u00e6\u00f0i\u00fej\u00f3nustu okkar.<\/strong><\/p><p>Vi\u00f0 s\u00e9rh\u00e6fum okkur \u00ed a\u00f0 a\u00f0sto\u00f0a fyrirt\u00e6ki vi\u00f0 a\u00f0 uppfylla lagalegar kr\u00f6fur um a\u00f0 setja \u00fevottaefni \u00e1 Evr\u00f3pumarka\u00f0. CLP-merkjager\u00f0 og eftirlits\u00fej\u00f3nusta okkar tryggir a\u00f0 v\u00f6rumerkin \u00fe\u00edn s\u00e9u a\u00f0 fullu \u00ed samr\u00e6mi vi\u00f0 b\u00e6\u00f0i <strong>CLP regluger\u00f0ina (EB nr. 1272\/2008)<\/strong> og <strong>\u00fevottaefnisregluger\u00f0ina (EB nr. 648\/2004)<\/strong> . <\/p><h2 class=\"wp-block-heading\" id=\"h-why-correct-labeling-for-detergents-is-crucial\">Hvers vegna r\u00e9tt merking fyrir \u00fevottaefni skiptir sk\u00f6pum<\/h2><p>\u00devottaefni falla undir tv\u00e6r meginreglur Evr\u00f3pu:<\/p><ul class=\"wp-block-list\"><li><strong>CLP regluger\u00f0<\/strong> , sem stj\u00f3rnar flokkun, merkingum og p\u00f6kkun h\u00e6ttulegra efna og blanda.<\/li>\n\n<li><strong>Regluger\u00f0 um hreinsiefni<\/strong> , sem b\u00e6tir vi\u00f0 s\u00e9rst\u00f6kum merkingarskyldum fyrir \u00fevottaefnisv\u00f6rur, s\u00e9rstaklega \u00fe\u00e6r sem neytendur nota.<\/li><\/ul><p>Ef ekki er fari\u00f0 eftir \u00e1kv\u00e6\u00f0um getur \u00fea\u00f0 leitt til innk\u00f6llunar \u00e1 v\u00f6rum, sektum e\u00f0a jafnvel marka\u00f0sbanni. Teymi\u00f0 okkar tryggir a\u00f0 merkimi\u00f0arnir \u00fe\u00ednir s\u00e9u n\u00e1kv\u00e6mir, heilir og lagalega varanlegir. <\/p><h2 class=\"wp-block-heading\" id=\"h-what-we-offer\">\u00dea\u00f0 sem vi\u00f0 bj\u00f3\u00f0um<\/h2><h4 class=\"wp-block-heading\" id=\"h-1-clp-label-creation-for-detergents\">1. <strong>CLP merkimi\u00f0ager\u00f0 fyrir \u00fevottaefni<\/strong><\/h4><p>Vi\u00f0 \u00fatb\u00faum v\u00f6rumerki\u00f0 \u00feitt \u00fat fr\u00e1 s\u00e9rt\u00e6kri h\u00e6ttuflokkun \u00fevottaefnissamsetningar \u00feinnar. \u00deetta felur \u00ed s\u00e9r: <\/p><ul class=\"wp-block-list\"><li>Val \u00e1 r\u00e9ttum <strong>h\u00e6ttut\u00e1knum<\/strong> , <strong>merkjaor\u00f0um<\/strong> , <strong>H-setningum<\/strong> og <strong>P-setningum<\/strong> .<\/li>\n\n<li>R\u00e9tt <strong>UFI sta\u00f0setningu<\/strong> og sni\u00f0 (ef vi\u00f0 \u00e1).<\/li>\n\n<li>L\u00f6gbo\u00f0nar uppl\u00fdsingar um birgi og v\u00f6ruau\u00f0kenni.<\/li><\/ul><h4 class=\"wp-block-heading\" id=\"h-2-label-check-for-existing-detergent-products\">2. <strong>Athuga\u00f0u me\u00f0 merkimi\u00f0a fyrir n\u00faverandi \u00fevottaefnisv\u00f6rur<\/strong><\/h4><p>Ertu n\u00fa \u00feegar me\u00f0 merki? Vi\u00f0 sko\u00f0um og sta\u00f0festum: <\/p><ul class=\"wp-block-list\"><li>R\u00e9tt h\u00e6ttuflokkun samkv\u00e6mt CLP.<\/li>\n\n<li>Merktu texta og sni\u00f0 \u00ed samr\u00e6mi vi\u00f0 gildandi reglur.<\/li>\n\n<li>S\u00e9rt\u00e6kar kr\u00f6fur um \u00fevottaefni eins og uppl\u00fdsingagj\u00f6f um innihaldsefni og skr\u00e1ningu ofn\u00e6misvaka.<\/li><\/ul><h4 class=\"wp-block-heading\" id=\"h-3-compliance-with-detergents-regulation-ec-no-648-2004\">3. <strong>Samr\u00e6mi vi\u00f0 regluger\u00f0 um \u00fevottaefni (EB nr. 648\/2004)<\/strong><\/h4><p>Vi\u00f0 tryggjum a\u00f0 merkimi\u00f0inn \u00feinn uppfylli s\u00e9rstakar kr\u00f6fur um \u00fevottaefni, \u00fear \u00e1 me\u00f0al:<\/p><ul class=\"wp-block-list\"><li>Yfirl\u00fdsingar innihaldsefnasvi\u00f0s (td \u201e5\u201315% anj\u00f3n\u00edsk yfirbor\u00f0svirk efni\u201c).<\/li>\n\n<li>Ofn\u00e6misvaldandi ilmur (td limonene, linalool).<\/li>\n\n<li>Uppsetning innihaldslista \u00e1 netinu (ef vi\u00f0 \u00e1).<\/li><\/ul><h2 class=\"wp-block-heading\" id=\"h-when-is-a-clp-label-and-ufi-required\">Hven\u00e6r er CLP merki og UFI krafist?<\/h2><p>CLP-samh\u00e6ft merki (og hugsanlega PCN tilkynningu me\u00f0 UFI) er krafist ef \u00fevottaefni\u00f0 \u00feitt:<\/p><ul class=\"wp-block-list\"><li>Inniheldur h\u00e6ttuleg efni sem flokku\u00f0 eru me\u00f0 tilliti til heilsufars e\u00f0a l\u00edkamlegra \u00e1hrifa.<\/li>\n\n<li>Er marka\u00f0ssett til neytenda e\u00f0a fagf\u00f3lks.<\/li><\/ul><p>Vi\u00f0 hj\u00e1lpum \u00fe\u00e9r a\u00f0 \u00e1kvar\u00f0a hvort varan \u00fe\u00edn \u00fearfnast <strong>UFI<\/strong> , <strong>PCN skila<\/strong> e\u00f0a bara merkingar samkv\u00e6mt hreinsiefnaregluger\u00f0inni.<\/p><h2 class=\"wp-block-heading\" id=\"h-who-is-this-service-for\">Fyrir hverja er \u00feessi \u00fej\u00f3nusta?<\/h2><ul class=\"wp-block-list\"><li>Framlei\u00f0endur flj\u00f3tandi e\u00f0a duft\u00fevottaefna.<\/li>\n\n<li>Innflytjendur hreinsiefna og \u00fevottavara.<\/li>\n\n<li>Einkamerkjav\u00f6rumerki sem \u00feurfa fullan stu\u00f0ning vi\u00f0 samr\u00e6mi vi\u00f0 merki.<\/li>\n\n<li>Fyrirt\u00e6ki eru ekki viss um hvort vara \u00feeirra s\u00e9 h\u00e6ttuleg e\u00f0a ekki.<\/li><\/ul><h2 class=\"wp-block-heading\" id=\"h-why-choose-ufi-eu\">Af hverju a\u00f0 velja UFI.EU?<\/h2><ul class=\"wp-block-list\"><li><strong>S\u00e9rfr\u00e6\u00f0ingar \u00ed CLP og hreinsiefnaregluger\u00f0<\/strong> me\u00f0 margra \u00e1ra reynslu.<\/li>\n\n<li><strong>Flj\u00f3tleg og n\u00e1kv\u00e6m \u00fej\u00f3nusta<\/strong> sni\u00f0in a\u00f0 \u00fe\u00f6rfum v\u00f6ru \u00feinnar.<\/li>\n\n<li><strong>Sk\u00fdr ver\u00f0lagning<\/strong> og pers\u00f3nuleg samskipti.<\/li>\n\n<li><strong>Valfrj\u00e1lsar vi\u00f0b\u00e6tur<\/strong> : PCN tilkynning, ger\u00f0 SDS og UFI kynsl\u00f3\u00f0.<\/li><\/ul><h2 class=\"wp-block-heading\" id=\"h-get-started-today\">Byrja\u00f0u \u00ed dag<\/h2><p>Hvort sem \u00fe\u00fa \u00fearft n\u00fdtt merki e\u00f0a vilt sta\u00f0festa \u00fea\u00f0 sem fyrir er, \u00fe\u00e1 er UFI.EU h\u00e9r til a\u00f0 sty\u00f0ja vi\u00f0 samr\u00e6misferli\u00f0 \u00feitt.<br\/> <strong>Leyf\u00f0u okkur a\u00f0 sj\u00e1 um lagalegar uppl\u00fdsingar svo \u00fe\u00fa getir einbeitt \u00fe\u00e9r a\u00f0 fyrirt\u00e6kinu \u00fe\u00ednu.<\/strong><\/p><p>Smelltu \u00e1 hnappinn h\u00e9r a\u00f0 ne\u00f0an til a\u00f0 bi\u00f0ja um <strong>a\u00f0 b\u00faa til CLP merkimi\u00f0a e\u00f0a athuga me\u00f0 \u00fevottaefni<\/strong> .<\/p>","protected":false},"excerpt":{"rendered":"<p>Trygg\u00f0u a\u00f0 fullu samr\u00e6mi vi\u00f0 CLP og hreinsiefnisregluger\u00f0 me\u00f0 s\u00e9rfr\u00e6\u00f0i\u00fej\u00f3nustu okkar. Vi\u00f0 s\u00e9rh\u00e6fum okkur \u00ed a\u00f0 a\u00f0sto\u00f0a fyrirt\u00e6ki vi\u00f0 a\u00f0 uppfylla lagalegar kr\u00f6fur um a\u00f0 setja \u00fevottaefni \u00e1 Evr\u00f3pumarka\u00f0. CLP-merkjager\u00f0 og eftirlits\u00fej\u00f3nusta okkar tryggir a\u00f0 v\u00f6rumerkin \u00fe\u00edn s\u00e9u a\u00f0 fullu \u00ed samr\u00e6mi vi\u00f0 b\u00e6\u00f0i CLP regluger\u00f0ina (EB nr. 1272\/2008) og \u00fevottaefnisregluger\u00f0ina (EB nr. 648\/2004) . [&hellip;]<\/p>\n","protected":false},"featured_media":12465,"template":"","meta":[],"product_brand":[],"product_cat":[406],"product_tag":[],"class_list":{"0":"post-12771","1":"product","2":"type-product","3":"status-publish","4":"has-post-thumbnail","6":"product_cat-clp-merki","8":"first","9":"instock","10":"virtual","11":"taxable","12":"purchasable","13":"product-type-simple"},"bundled_by":[],"bundle_stock_status":"instock","bundle_stock_quantity":null,"bundle_virtual":false,"bundle_layout":"","bundle_add_to_cart_form_location":"","bundle_editable_in_cart":false,"bundle_sold_individually_context":"","bundle_item_grouping":"","bundle_min_size":"","bundle_max_size":"","bundle_price":[],"bundled_items":[],"bundle_sell_ids":[],"yoast_head":"<!-- This site is optimized with the Yoast SEO Premium plugin v25.1 (Yoast SEO v25.1) - https:\/\/yoast.com\/wordpress\/plugins\/seo\/ -->\n<title>CLP merkimi\u00f0ager\u00f0 og samr\u00e6missko\u00f0un fyrir \u00fevottaefni - UFI<\/title>\n<meta name=\"description\" content=\"CLP-merkjager\u00f0 og eftirlits\u00fej\u00f3nusta okkar tryggir a\u00f0 v\u00f6rumerkingar \u00fe\u00ednar s\u00e9u a\u00f0 fullu \u00ed samr\u00e6mi vi\u00f0 b\u00e6\u00f0i CLP regluger\u00f0ina (EB nr. 1272\/2008) og \u00fevottaefnisregluger\u00f0ina (EB nr. 648\/2004).\" \/>\n<meta name=\"robots\" content=\"index, follow, max-snippet:-1, max-image-preview:large, max-video-preview:-1\" \/>\n<link rel=\"canonical\" href=\"https:\/\/www.ufi.eu\/is\/product\/clp-merkimidagerd-og-samraemisskodun-fyrir-thvottaefni\/\" \/>\n<meta property=\"og:locale\" content=\"is_IS\" \/>\n<meta property=\"og:type\" content=\"article\" \/>\n<meta property=\"og:title\" content=\"CLP merkimi\u00f0ager\u00f0 og samr\u00e6missko\u00f0un fyrir \u00fevottaefni\" \/>\n<meta property=\"og:description\" content=\"CLP-merkjager\u00f0 og eftirlits\u00fej\u00f3nusta okkar tryggir a\u00f0 v\u00f6rumerkingar \u00fe\u00ednar s\u00e9u a\u00f0 fullu \u00ed samr\u00e6mi vi\u00f0 b\u00e6\u00f0i CLP regluger\u00f0ina (EB nr. 1272\/2008) og \u00fevottaefnisregluger\u00f0ina (EB nr. 648\/2004).\" \/>\n<meta property=\"og:url\" content=\"https:\/\/www.ufi.eu\/is\/product\/clp-merkimidagerd-og-samraemisskodun-fyrir-thvottaefni\/\" \/>\n<meta property=\"og:site_name\" content=\"UFI\" \/>\n<meta property=\"article:modified_time\" content=\"2025-04-28T12:21:18+00:00\" \/>\n<meta property=\"og:image\" content=\"https:\/\/www.ufi.eu\/wp-content\/uploads\/2025\/03\/pcn_ufi.jpg\" \/>\n\t<meta property=\"og:image:width\" content=\"1024\" \/>\n\t<meta property=\"og:image:height\" content=\"1024\" \/>\n\t<meta property=\"og:image:type\" content=\"image\/jpeg\" \/>\n<meta name=\"twitter:card\" content=\"summary_large_image\" \/>\n<meta name=\"twitter:label1\" content=\"Price\" \/>\n\t<meta name=\"twitter:data1\" content=\"&euro;50.00\" \/>\n\t<meta name=\"twitter:label2\" content=\"Availability\" \/>\n\t<meta name=\"twitter:data2\" content=\"In stock\" \/>\n<script type=\"application\/ld+json\" class=\"yoast-schema-graph\">{\"@context\":\"https:\/\/schema.org\",\"@graph\":[{\"@type\":\"WebPage\",\"@id\":\"https:\/\/www.ufi.eu\/is\/product\/clp-merkimidagerd-og-samraemisskodun-fyrir-thvottaefni\/\",\"url\":\"https:\/\/www.ufi.eu\/is\/product\/clp-merkimidagerd-og-samraemisskodun-fyrir-thvottaefni\/\",\"name\":\"CLP merkimi\u00f0ager\u00f0 og samr\u00e6missko\u00f0un fyrir \u00fevottaefni - UFI\",\"isPartOf\":{\"@id\":\"https:\/\/www.ufi.eu\/is\/#website\"},\"primaryImageOfPage\":{\"@id\":\"https:\/\/www.ufi.eu\/is\/product\/clp-merkimidagerd-og-samraemisskodun-fyrir-thvottaefni\/#primaryimage\"},\"image\":{\"@id\":\"https:\/\/www.ufi.eu\/is\/product\/clp-merkimidagerd-og-samraemisskodun-fyrir-thvottaefni\/#primaryimage\"},\"thumbnailUrl\":\"https:\/\/www.ufi.eu\/wp-content\/uploads\/2025\/03\/pcn_ufi.jpg\",\"datePublished\":\"2025-04-15T20:26:14+00:00\",\"dateModified\":\"2025-04-28T12:21:18+00:00\",\"description\":\"CLP-merkjager\u00f0 og eftirlits\u00fej\u00f3nusta okkar tryggir a\u00f0 v\u00f6rumerkingar \u00fe\u00ednar s\u00e9u a\u00f0 fullu \u00ed samr\u00e6mi vi\u00f0 b\u00e6\u00f0i CLP regluger\u00f0ina (EB nr. 1272\/2008) og \u00fevottaefnisregluger\u00f0ina (EB nr. 648\/2004).\",\"breadcrumb\":{\"@id\":\"https:\/\/www.ufi.eu\/is\/product\/clp-merkimidagerd-og-samraemisskodun-fyrir-thvottaefni\/#breadcrumb\"},\"inLanguage\":\"is\",\"potentialAction\":[{\"@type\":\"ReadAction\",\"target\":[\"https:\/\/www.ufi.eu\/is\/product\/clp-merkimidagerd-og-samraemisskodun-fyrir-thvottaefni\/\"]}]},{\"@type\":\"ImageObject\",\"inLanguage\":\"is\",\"@id\":\"https:\/\/www.ufi.eu\/is\/product\/clp-merkimidagerd-og-samraemisskodun-fyrir-thvottaefni\/#primaryimage\",\"url\":\"https:\/\/www.ufi.eu\/wp-content\/uploads\/2025\/03\/pcn_ufi.jpg\",\"contentUrl\":\"https:\/\/www.ufi.eu\/wp-content\/uploads\/2025\/03\/pcn_ufi.jpg\",\"width\":1024,\"height\":1024},{\"@type\":\"BreadcrumbList\",\"@id\":\"https:\/\/www.ufi.eu\/is\/product\/clp-merkimidagerd-og-samraemisskodun-fyrir-thvottaefni\/#breadcrumb\",\"itemListElement\":[{\"@type\":\"ListItem\",\"position\":1,\"name\":\"Home\",\"item\":\"https:\/\/www.ufi.eu\/is\/heim\/\"},{\"@type\":\"ListItem\",\"position\":2,\"name\":\"Verslun\",\"item\":\"https:\/\/www.ufi.eu\/is\/verslun\/\"},{\"@type\":\"ListItem\",\"position\":3,\"name\":\"CLP merkimi\u00f0ager\u00f0 og samr\u00e6missko\u00f0un fyrir \u00fevottaefni\"}]},{\"@type\":\"WebSite\",\"@id\":\"https:\/\/www.ufi.eu\/is\/#website\",\"url\":\"https:\/\/www.ufi.eu\/is\/\",\"name\":\"UFI.EU\",\"description\":\"Poison Centre Notifications (PCN) and UFI\",\"publisher\":{\"@id\":\"https:\/\/www.ufi.eu\/is\/#organization\"},\"potentialAction\":[{\"@type\":\"SearchAction\",\"target\":{\"@type\":\"EntryPoint\",\"urlTemplate\":\"https:\/\/www.ufi.eu\/is\/?s={search_term_string}\"},\"query-input\":{\"@type\":\"PropertyValueSpecification\",\"valueRequired\":true,\"valueName\":\"search_term_string\"}}],\"inLanguage\":\"is\"},{\"@type\":\"Organization\",\"@id\":\"https:\/\/www.ufi.eu\/is\/#organization\",\"name\":\"UFI.EU\",\"url\":\"https:\/\/www.ufi.eu\/is\/\",\"logo\":{\"@type\":\"ImageObject\",\"inLanguage\":\"is\",\"@id\":\"https:\/\/www.ufi.eu\/is\/#\/schema\/logo\/image\/\",\"url\":\"https:\/\/www.ufi.eu\/wp-content\/uploads\/2025\/03\/cropped-logo_ufi3.jpg\",\"contentUrl\":\"https:\/\/www.ufi.eu\/wp-content\/uploads\/2025\/03\/cropped-logo_ufi3.jpg\",\"width\":231,\"height\":78,\"caption\":\"UFI.EU\"},\"image\":{\"@id\":\"https:\/\/www.ufi.eu\/is\/#\/schema\/logo\/image\/\"},\"description\":\"UFI.eu specializes in digital registrations for Poison Centre Notifications (PCN), ensuring your chemical products meet EU regulatory requirements effortlessly. Our streamlined solutions help businesses stay compliant while reducing complexity and administrative burden.\",\"email\":\"info@ufi.eu\",\"legalName\":\"UFI.EU\"}]}<\/script>\n<meta property=\"product:price:amount\" content=\"50.00\" \/>\n<meta property=\"product:price:currency\" content=\"EUR\" \/>\n<meta property=\"og:availability\" content=\"instock\" \/>\n<meta property=\"product:availability\" content=\"instock\" \/>\n<meta property=\"product:condition\" content=\"new\" \/>\n<!-- \/ Yoast SEO Premium plugin. -->","yoast_head_json":{"title":"CLP merkimi\u00f0ager\u00f0 og samr\u00e6missko\u00f0un fyrir \u00fevottaefni - UFI","description":"CLP-merkjager\u00f0 og eftirlits\u00fej\u00f3nusta okkar tryggir a\u00f0 v\u00f6rumerkingar \u00fe\u00ednar s\u00e9u a\u00f0 fullu \u00ed samr\u00e6mi vi\u00f0 b\u00e6\u00f0i CLP regluger\u00f0ina (EB nr. 1272\/2008) og \u00fevottaefnisregluger\u00f0ina (EB nr. 648\/2004).","robots":{"index":"index","follow":"follow","max-snippet":"max-snippet:-1","max-image-preview":"max-image-preview:large","max-video-preview":"max-video-preview:-1"},"canonical":"https:\/\/www.ufi.eu\/is\/product\/clp-merkimidagerd-og-samraemisskodun-fyrir-thvottaefni\/","og_locale":"is_IS","og_type":"article","og_title":"CLP merkimi\u00f0ager\u00f0 og samr\u00e6missko\u00f0un fyrir \u00fevottaefni","og_description":"CLP-merkjager\u00f0 og eftirlits\u00fej\u00f3nusta okkar tryggir a\u00f0 v\u00f6rumerkingar \u00fe\u00ednar s\u00e9u a\u00f0 fullu \u00ed samr\u00e6mi vi\u00f0 b\u00e6\u00f0i CLP regluger\u00f0ina (EB nr. 1272\/2008) og \u00fevottaefnisregluger\u00f0ina (EB nr. 648\/2004).","og_url":"https:\/\/www.ufi.eu\/is\/product\/clp-merkimidagerd-og-samraemisskodun-fyrir-thvottaefni\/","og_site_name":"UFI","article_modified_time":"2025-04-28T12:21:18+00:00","og_image":[{"width":1024,"height":1024,"url":"https:\/\/www.ufi.eu\/wp-content\/uploads\/2025\/03\/pcn_ufi.jpg","type":"image\/jpeg"}],"twitter_card":"summary_large_image","twitter_misc":{"Price":"&euro;50.00","Availability":"In stock"},"schema":{"@context":"https:\/\/schema.org","@graph":[{"@type":"WebPage","@id":"https:\/\/www.ufi.eu\/is\/product\/clp-merkimidagerd-og-samraemisskodun-fyrir-thvottaefni\/","url":"https:\/\/www.ufi.eu\/is\/product\/clp-merkimidagerd-og-samraemisskodun-fyrir-thvottaefni\/","name":"CLP merkimi\u00f0ager\u00f0 og samr\u00e6missko\u00f0un fyrir \u00fevottaefni - UFI","isPartOf":{"@id":"https:\/\/www.ufi.eu\/is\/#website"},"primaryImageOfPage":{"@id":"https:\/\/www.ufi.eu\/is\/product\/clp-merkimidagerd-og-samraemisskodun-fyrir-thvottaefni\/#primaryimage"},"image":{"@id":"https:\/\/www.ufi.eu\/is\/product\/clp-merkimidagerd-og-samraemisskodun-fyrir-thvottaefni\/#primaryimage"},"thumbnailUrl":"https:\/\/www.ufi.eu\/wp-content\/uploads\/2025\/03\/pcn_ufi.jpg","datePublished":"2025-04-15T20:26:14+00:00","dateModified":"2025-04-28T12:21:18+00:00","description":"CLP-merkjager\u00f0 og eftirlits\u00fej\u00f3nusta okkar tryggir a\u00f0 v\u00f6rumerkingar \u00fe\u00ednar s\u00e9u a\u00f0 fullu \u00ed samr\u00e6mi vi\u00f0 b\u00e6\u00f0i CLP regluger\u00f0ina (EB nr. 1272\/2008) og \u00fevottaefnisregluger\u00f0ina (EB nr. 648\/2004).","breadcrumb":{"@id":"https:\/\/www.ufi.eu\/is\/product\/clp-merkimidagerd-og-samraemisskodun-fyrir-thvottaefni\/#breadcrumb"},"inLanguage":"is","potentialAction":[{"@type":"ReadAction","target":["https:\/\/www.ufi.eu\/is\/product\/clp-merkimidagerd-og-samraemisskodun-fyrir-thvottaefni\/"]}]},{"@type":"ImageObject","inLanguage":"is","@id":"https:\/\/www.ufi.eu\/is\/product\/clp-merkimidagerd-og-samraemisskodun-fyrir-thvottaefni\/#primaryimage","url":"https:\/\/www.ufi.eu\/wp-content\/uploads\/2025\/03\/pcn_ufi.jpg","contentUrl":"https:\/\/www.ufi.eu\/wp-content\/uploads\/2025\/03\/pcn_ufi.jpg","width":1024,"height":1024},{"@type":"BreadcrumbList","@id":"https:\/\/www.ufi.eu\/is\/product\/clp-merkimidagerd-og-samraemisskodun-fyrir-thvottaefni\/#breadcrumb","itemListElement":[{"@type":"ListItem","position":1,"name":"Home","item":"https:\/\/www.ufi.eu\/is\/heim\/"},{"@type":"ListItem","position":2,"name":"Verslun","item":"https:\/\/www.ufi.eu\/is\/verslun\/"},{"@type":"ListItem","position":3,"name":"CLP merkimi\u00f0ager\u00f0 og samr\u00e6missko\u00f0un fyrir \u00fevottaefni"}]},{"@type":"WebSite","@id":"https:\/\/www.ufi.eu\/is\/#website","url":"https:\/\/www.ufi.eu\/is\/","name":"UFI.EU","description":"Poison Centre Notifications (PCN) and UFI","publisher":{"@id":"https:\/\/www.ufi.eu\/is\/#organization"},"potentialAction":[{"@type":"SearchAction","target":{"@type":"EntryPoint","urlTemplate":"https:\/\/www.ufi.eu\/is\/?s={search_term_string}"},"query-input":{"@type":"PropertyValueSpecification","valueRequired":true,"valueName":"search_term_string"}}],"inLanguage":"is"},{"@type":"Organization","@id":"https:\/\/www.ufi.eu\/is\/#organization","name":"UFI.EU","url":"https:\/\/www.ufi.eu\/is\/","logo":{"@type":"ImageObject","inLanguage":"is","@id":"https:\/\/www.ufi.eu\/is\/#\/schema\/logo\/image\/","url":"https:\/\/www.ufi.eu\/wp-content\/uploads\/2025\/03\/cropped-logo_ufi3.jpg","contentUrl":"https:\/\/www.ufi.eu\/wp-content\/uploads\/2025\/03\/cropped-logo_ufi3.jpg","width":231,"height":78,"caption":"UFI.EU"},"image":{"@id":"https:\/\/www.ufi.eu\/is\/#\/schema\/logo\/image\/"},"description":"UFI.eu specializes in digital registrations for Poison Centre Notifications (PCN), ensuring your chemical products meet EU regulatory requirements effortlessly. Our streamlined solutions help businesses stay compliant while reducing complexity and administrative burden.","email":"info@ufi.eu","legalName":"UFI.EU"}]},"product_price_amount":"50.00","product_price_currency":"EUR","og_availability":"instock","product_availability":"instock","product_condition":"new"},"_links":{"self":[{"href":"https:\/\/www.ufi.eu\/is\/wp-json\/wp\/v2\/product\/12771","targetHints":{"allow":["GET"]}}],"collection":[{"href":"https:\/\/www.ufi.eu\/is\/wp-json\/wp\/v2\/product"}],"about":[{"href":"https:\/\/www.ufi.eu\/is\/wp-json\/wp\/v2\/types\/product"}],"wp:featuredmedia":[{"embeddable":true,"href":"https:\/\/www.ufi.eu\/is\/wp-json\/wp\/v2\/media\/12465"}],"wp:attachment":[{"href":"https:\/\/www.ufi.eu\/is\/wp-json\/wp\/v2\/media?parent=12771"}],"wp:term":[{"taxonomy":"product_brand","embeddable":true,"href":"https:\/\/www.ufi.eu\/is\/wp-json\/wp\/v2\/product_brand?post=12771"},{"taxonomy":"product_cat","embeddable":true,"href":"https:\/\/www.ufi.eu\/is\/wp-json\/wp\/v2\/product_cat?post=12771"},{"taxonomy":"product_tag","embeddable":true,"href":"https:\/\/www.ufi.eu\/is\/wp-json\/wp\/v2\/product_tag?post=12771"}],"curies":[{"name":"wp","href":"https:\/\/api.w.org\/{rel}","templated":true}]}}