{"id":12540,"date":"2025-03-09T14:15:09","date_gmt":"2025-04-15T19:36:54","guid":{"rendered":"https:\/\/www.ufi.eu\/pcn\/uncategorized\/tilkynning-um-eiturefnamidstod-og-ufi\/"},"modified":"2025-04-15T19:36:54","modified_gmt":"2025-04-15T19:36:54","slug":"tilkynning-um-eiturefnamidstod-og-ufi","status":"publish","type":"product","link":"https:\/\/www.ufi.eu\/is\/product\/tilkynning-um-eiturefnamidstod-og-ufi\/","title":{"rendered":"Tilkynning um eiturefnami\u00f0st\u00f6\u00f0 og UFI"},"content":{"rendered":"","protected":false},"excerpt":{"rendered":"","protected":false},"featured_media":12465,"template":"","meta":[],"product_brand":[],"product_cat":[328],"product_tag":[],"class_list":{"0":"post-12540","1":"product","2":"type-product","3":"status-publish","4":"has-post-thumbnail","6":"product_cat-vorur-fyrir-efna-eda-taekniferli","8":"first","9":"instock","10":"virtual","11":"taxable","12":"purchasable","13":"product-type-simple"},"bundled_by":["12658","12668","12831","12950","12970","12990","13010","13038","13231","13261","13271","13331","13503","13542","13554","13560","13607","13762","13782","13800","13818","13836","14006","14030","14046","14054","14072","14374","14392","14410","14428","14446","14464","14676","14688","14700","14766","14784","14791","14943","14984","15044","15060","15267","15283","15289","15313","15357","15433","15451","15469","15487","15627","15837","15851","15861","15875","15953","15973","16003","16012","16025","16227","16255","16273","16291","16309","16541","16549","16575","16603","16629","16639","16885","16911","16921","16947","16957","16975","17219","17239","17257","17283","17301","17311","17337","17661","17679","17697","17715","17733","17743","17769","17779","17797","18012","18033","18178","18197","18205","18321","18339","18357","18375","18403","18411","18607","18727","18751","18769","18779","18969","18985","19053","19071","19089","19099","19157","19381","19407","19425","19435","19501","19519","19537","19831","19839","19857","19885","19911","19929","19939","19983","19993","20307","20323","20341","20355","20381","20409","20435","20449","20723","20749","20759","20807","20833","20841","20859","20949","21379","21405","21413","21415","21423","21445","21455","21465","21473","21595","21627","21647","21927","21941","21951","21967","21979","22063","22081","22087","22127","22169","22433","22437","22439","22619","22637","22645","22663","22675","22701","22735","22753","22769","23085","23103","23161","23177","23205","23215","23231","23259","23305","23323","23599","23625","23643","23711","23729","23747","23773","23851","24108","24114","24126","24140","31752"],"bundle_stock_status":"instock","bundle_stock_quantity":null,"bundle_virtual":false,"bundle_layout":"","bundle_add_to_cart_form_location":"","bundle_editable_in_cart":false,"bundle_sold_individually_context":"","bundle_item_grouping":"","bundle_min_size":"","bundle_max_size":"","bundle_price":[],"bundled_items":[],"bundle_sell_ids":[],"yoast_head":"<!-- This site is optimized with the Yoast SEO Premium plugin v25.1 (Yoast SEO v25.1) - https:\/\/yoast.com\/wordpress\/plugins\/seo\/ -->\n<title>Tilkynning um eiturefnami\u00f0st\u00f6\u00f0 og UFI - UFI<\/title>\n<meta name=\"robots\" content=\"index, follow, max-snippet:-1, max-image-preview:large, max-video-preview:-1\" \/>\n<link rel=\"canonical\" href=\"https:\/\/www.ufi.eu\/is\/product\/tilkynning-um-eiturefnamidstod-og-ufi\/\" \/>\n<meta property=\"og:locale\" content=\"is_IS\" \/>\n<meta property=\"og:type\" content=\"article\" \/>\n<meta property=\"og:title\" content=\"Tilkynning um eiturefnami\u00f0st\u00f6\u00f0 og UFI\" \/>\n<meta property=\"og:url\" content=\"https:\/\/www.ufi.eu\/is\/product\/tilkynning-um-eiturefnamidstod-og-ufi\/\" \/>\n<meta property=\"og:site_name\" content=\"UFI\" \/>\n<meta property=\"og:image\" content=\"https:\/\/www.ufi.eu\/wp-content\/uploads\/2025\/03\/pcn_ufi.jpg\" \/>\n\t<meta property=\"og:image:width\" content=\"1024\" \/>\n\t<meta property=\"og:image:height\" content=\"1024\" \/>\n\t<meta property=\"og:image:type\" content=\"image\/jpeg\" \/>\n<meta name=\"twitter:card\" content=\"summary_large_image\" \/>\n<meta name=\"twitter:label1\" content=\"Price\" \/>\n\t<meta name=\"twitter:data1\" content=\"&euro;65.00\" \/>\n\t<meta name=\"twitter:label2\" content=\"Availability\" \/>\n\t<meta name=\"twitter:data2\" content=\"In stock\" \/>\n<script type=\"application\/ld+json\" class=\"yoast-schema-graph\">{\"@context\":\"https:\/\/schema.org\",\"@graph\":[{\"@type\":\"WebPage\",\"@id\":\"https:\/\/www.ufi.eu\/is\/product\/tilkynning-um-eiturefnamidstod-og-ufi\/\",\"url\":\"https:\/\/www.ufi.eu\/is\/product\/tilkynning-um-eiturefnamidstod-og-ufi\/\",\"name\":\"Tilkynning um eiturefnami\u00f0st\u00f6\u00f0 og UFI - UFI\",\"isPartOf\":{\"@id\":\"https:\/\/www.ufi.eu\/is\/#website\"},\"primaryImageOfPage\":{\"@id\":\"https:\/\/www.ufi.eu\/is\/product\/tilkynning-um-eiturefnamidstod-og-ufi\/#primaryimage\"},\"image\":{\"@id\":\"https:\/\/www.ufi.eu\/is\/product\/tilkynning-um-eiturefnamidstod-og-ufi\/#primaryimage\"},\"thumbnailUrl\":\"https:\/\/www.ufi.eu\/wp-content\/uploads\/2025\/03\/pcn_ufi.jpg\",\"datePublished\":\"2025-04-15T19:36:54+00:00\",\"breadcrumb\":{\"@id\":\"https:\/\/www.ufi.eu\/is\/product\/tilkynning-um-eiturefnamidstod-og-ufi\/#breadcrumb\"},\"inLanguage\":\"is\",\"potentialAction\":[{\"@type\":\"ReadAction\",\"target\":[\"https:\/\/www.ufi.eu\/is\/product\/tilkynning-um-eiturefnamidstod-og-ufi\/\"]}]},{\"@type\":\"ImageObject\",\"inLanguage\":\"is\",\"@id\":\"https:\/\/www.ufi.eu\/is\/product\/tilkynning-um-eiturefnamidstod-og-ufi\/#primaryimage\",\"url\":\"https:\/\/www.ufi.eu\/wp-content\/uploads\/2025\/03\/pcn_ufi.jpg\",\"contentUrl\":\"https:\/\/www.ufi.eu\/wp-content\/uploads\/2025\/03\/pcn_ufi.jpg\",\"width\":1024,\"height\":1024},{\"@type\":\"BreadcrumbList\",\"@id\":\"https:\/\/www.ufi.eu\/is\/product\/tilkynning-um-eiturefnamidstod-og-ufi\/#breadcrumb\",\"itemListElement\":[{\"@type\":\"ListItem\",\"position\":1,\"name\":\"Home\",\"item\":\"https:\/\/www.ufi.eu\/is\/heim\/\"},{\"@type\":\"ListItem\",\"position\":2,\"name\":\"Verslun\",\"item\":\"https:\/\/www.ufi.eu\/is\/verslun\/\"},{\"@type\":\"ListItem\",\"position\":3,\"name\":\"Tilkynning um eiturefnami\u00f0st\u00f6\u00f0 og UFI\"}]},{\"@type\":\"WebSite\",\"@id\":\"https:\/\/www.ufi.eu\/is\/#website\",\"url\":\"https:\/\/www.ufi.eu\/is\/\",\"name\":\"UFI.EU\",\"description\":\"Poison Centre Notifications (PCN) and UFI\",\"publisher\":{\"@id\":\"https:\/\/www.ufi.eu\/is\/#organization\"},\"potentialAction\":[{\"@type\":\"SearchAction\",\"target\":{\"@type\":\"EntryPoint\",\"urlTemplate\":\"https:\/\/www.ufi.eu\/is\/?s={search_term_string}\"},\"query-input\":{\"@type\":\"PropertyValueSpecification\",\"valueRequired\":true,\"valueName\":\"search_term_string\"}}],\"inLanguage\":\"is\"},{\"@type\":\"Organization\",\"@id\":\"https:\/\/www.ufi.eu\/is\/#organization\",\"name\":\"UFI.EU\",\"url\":\"https:\/\/www.ufi.eu\/is\/\",\"logo\":{\"@type\":\"ImageObject\",\"inLanguage\":\"is\",\"@id\":\"https:\/\/www.ufi.eu\/is\/#\/schema\/logo\/image\/\",\"url\":\"https:\/\/www.ufi.eu\/wp-content\/uploads\/2025\/03\/cropped-logo_ufi3.jpg\",\"contentUrl\":\"https:\/\/www.ufi.eu\/wp-content\/uploads\/2025\/03\/cropped-logo_ufi3.jpg\",\"width\":231,\"height\":78,\"caption\":\"UFI.EU\"},\"image\":{\"@id\":\"https:\/\/www.ufi.eu\/is\/#\/schema\/logo\/image\/\"},\"description\":\"UFI.eu specializes in digital registrations for Poison Centre Notifications (PCN), ensuring your chemical products meet EU regulatory requirements effortlessly. Our streamlined solutions help businesses stay compliant while reducing complexity and administrative burden.\",\"email\":\"info@ufi.eu\",\"legalName\":\"UFI.EU\"}]}<\/script>\n<meta property=\"product:price:amount\" content=\"65.00\" \/>\n<meta property=\"product:price:currency\" content=\"EUR\" \/>\n<meta property=\"og:availability\" content=\"instock\" \/>\n<meta property=\"product:availability\" content=\"instock\" \/>\n<meta property=\"product:retailer_item_id\" content=\"PCN-UFI\" \/>\n<meta property=\"product:condition\" content=\"new\" \/>\n<!-- \/ Yoast SEO Premium plugin. -->","yoast_head_json":{"title":"Tilkynning um eiturefnami\u00f0st\u00f6\u00f0 og UFI - UFI","robots":{"index":"index","follow":"follow","max-snippet":"max-snippet:-1","max-image-preview":"max-image-preview:large","max-video-preview":"max-video-preview:-1"},"canonical":"https:\/\/www.ufi.eu\/is\/product\/tilkynning-um-eiturefnamidstod-og-ufi\/","og_locale":"is_IS","og_type":"article","og_title":"Tilkynning um eiturefnami\u00f0st\u00f6\u00f0 og UFI","og_url":"https:\/\/www.ufi.eu\/is\/product\/tilkynning-um-eiturefnamidstod-og-ufi\/","og_site_name":"UFI","og_image":[{"width":1024,"height":1024,"url":"https:\/\/www.ufi.eu\/wp-content\/uploads\/2025\/03\/pcn_ufi.jpg","type":"image\/jpeg"}],"twitter_card":"summary_large_image","twitter_misc":{"Price":"&euro;65.00","Availability":"In stock"},"schema":{"@context":"https:\/\/schema.org","@graph":[{"@type":"WebPage","@id":"https:\/\/www.ufi.eu\/is\/product\/tilkynning-um-eiturefnamidstod-og-ufi\/","url":"https:\/\/www.ufi.eu\/is\/product\/tilkynning-um-eiturefnamidstod-og-ufi\/","name":"Tilkynning um eiturefnami\u00f0st\u00f6\u00f0 og UFI - UFI","isPartOf":{"@id":"https:\/\/www.ufi.eu\/is\/#website"},"primaryImageOfPage":{"@id":"https:\/\/www.ufi.eu\/is\/product\/tilkynning-um-eiturefnamidstod-og-ufi\/#primaryimage"},"image":{"@id":"https:\/\/www.ufi.eu\/is\/product\/tilkynning-um-eiturefnamidstod-og-ufi\/#primaryimage"},"thumbnailUrl":"https:\/\/www.ufi.eu\/wp-content\/uploads\/2025\/03\/pcn_ufi.jpg","datePublished":"2025-04-15T19:36:54+00:00","breadcrumb":{"@id":"https:\/\/www.ufi.eu\/is\/product\/tilkynning-um-eiturefnamidstod-og-ufi\/#breadcrumb"},"inLanguage":"is","potentialAction":[{"@type":"ReadAction","target":["https:\/\/www.ufi.eu\/is\/product\/tilkynning-um-eiturefnamidstod-og-ufi\/"]}]},{"@type":"ImageObject","inLanguage":"is","@id":"https:\/\/www.ufi.eu\/is\/product\/tilkynning-um-eiturefnamidstod-og-ufi\/#primaryimage","url":"https:\/\/www.ufi.eu\/wp-content\/uploads\/2025\/03\/pcn_ufi.jpg","contentUrl":"https:\/\/www.ufi.eu\/wp-content\/uploads\/2025\/03\/pcn_ufi.jpg","width":1024,"height":1024},{"@type":"BreadcrumbList","@id":"https:\/\/www.ufi.eu\/is\/product\/tilkynning-um-eiturefnamidstod-og-ufi\/#breadcrumb","itemListElement":[{"@type":"ListItem","position":1,"name":"Home","item":"https:\/\/www.ufi.eu\/is\/heim\/"},{"@type":"ListItem","position":2,"name":"Verslun","item":"https:\/\/www.ufi.eu\/is\/verslun\/"},{"@type":"ListItem","position":3,"name":"Tilkynning um eiturefnami\u00f0st\u00f6\u00f0 og UFI"}]},{"@type":"WebSite","@id":"https:\/\/www.ufi.eu\/is\/#website","url":"https:\/\/www.ufi.eu\/is\/","name":"UFI.EU","description":"Poison Centre Notifications (PCN) and UFI","publisher":{"@id":"https:\/\/www.ufi.eu\/is\/#organization"},"potentialAction":[{"@type":"SearchAction","target":{"@type":"EntryPoint","urlTemplate":"https:\/\/www.ufi.eu\/is\/?s={search_term_string}"},"query-input":{"@type":"PropertyValueSpecification","valueRequired":true,"valueName":"search_term_string"}}],"inLanguage":"is"},{"@type":"Organization","@id":"https:\/\/www.ufi.eu\/is\/#organization","name":"UFI.EU","url":"https:\/\/www.ufi.eu\/is\/","logo":{"@type":"ImageObject","inLanguage":"is","@id":"https:\/\/www.ufi.eu\/is\/#\/schema\/logo\/image\/","url":"https:\/\/www.ufi.eu\/wp-content\/uploads\/2025\/03\/cropped-logo_ufi3.jpg","contentUrl":"https:\/\/www.ufi.eu\/wp-content\/uploads\/2025\/03\/cropped-logo_ufi3.jpg","width":231,"height":78,"caption":"UFI.EU"},"image":{"@id":"https:\/\/www.ufi.eu\/is\/#\/schema\/logo\/image\/"},"description":"UFI.eu specializes in digital registrations for Poison Centre Notifications (PCN), ensuring your chemical products meet EU regulatory requirements effortlessly. Our streamlined solutions help businesses stay compliant while reducing complexity and administrative burden.","email":"info@ufi.eu","legalName":"UFI.EU"}]},"product_price_amount":"65.00","product_price_currency":"EUR","og_availability":"instock","product_availability":"instock","product_retailer_item_id":"PCN-UFI","product_condition":"new"},"_links":{"self":[{"href":"https:\/\/www.ufi.eu\/is\/wp-json\/wp\/v2\/product\/12540","targetHints":{"allow":["GET"]}}],"collection":[{"href":"https:\/\/www.ufi.eu\/is\/wp-json\/wp\/v2\/product"}],"about":[{"href":"https:\/\/www.ufi.eu\/is\/wp-json\/wp\/v2\/types\/product"}],"wp:featuredmedia":[{"embeddable":true,"href":"https:\/\/www.ufi.eu\/is\/wp-json\/wp\/v2\/media\/12465"}],"wp:attachment":[{"href":"https:\/\/www.ufi.eu\/is\/wp-json\/wp\/v2\/media?parent=12540"}],"wp:term":[{"taxonomy":"product_brand","embeddable":true,"href":"https:\/\/www.ufi.eu\/is\/wp-json\/wp\/v2\/product_brand?post=12540"},{"taxonomy":"product_cat","embeddable":true,"href":"https:\/\/www.ufi.eu\/is\/wp-json\/wp\/v2\/product_cat?post=12540"},{"taxonomy":"product_tag","embeddable":true,"href":"https:\/\/www.ufi.eu\/is\/wp-json\/wp\/v2\/product_tag?post=12540"}],"curies":[{"name":"wp","href":"https:\/\/api.w.org\/{rel}","templated":true}]}}