{"id":12532,"date":"2025-03-09T14:12:29","date_gmt":"2025-04-15T19:36:49","guid":{"rendered":"https:\/\/www.ufi.eu\/pcn\/uncategorized\/lond-fyrir-pcn-skraningu\/"},"modified":"2025-05-15T16:47:42","modified_gmt":"2025-05-15T16:47:42","slug":"lond-fyrir-pcn-skraningu","status":"publish","type":"product","link":"https:\/\/www.ufi.eu\/is\/product\/lond-fyrir-pcn-skraningu\/","title":{"rendered":"L\u00f6nd fyrir PCN skr\u00e1ningu"},"content":{"rendered":"\n<h2 class=\"wp-block-heading\" id=\"h-launch-your-product-across-europe-with-ease\">Settu v\u00f6runa \u00fe\u00edna \u00e1 marka\u00f0 um alla Evr\u00f3pu me\u00f0 au\u00f0veldum h\u00e6tti<\/h2>\n\n<p>\u00deegar \u00fe\u00fa skr\u00e1ir v\u00f6runa \u00fe\u00edna fyrir tilkynningu um eiturefnami\u00f0st\u00f6\u00f0 ESB (PCN), \u00fearf hvert land sem \u00fe\u00fa \u00e6tlar a\u00f0 selja \u00ed a\u00f0 senda inn til vi\u00f0komandi landsyfirvalda. Me\u00f0 ESB l\u00f6ndum okkar fyrir PCN-skr\u00e1ningu getur\u00f0u vali\u00f0 n\u00e1kv\u00e6mlega l\u00f6ndin \u00fear sem \u00fe\u00fa vilt setja v\u00f6runa \u00fe\u00edna \u00e1 marka\u00f0 \u2013 sem gefur \u00fe\u00e9r fullan sveigjanleika og stj\u00f3rn \u00e1 marka\u00f0ssvi\u00f0inu \u00fe\u00ednu. <\/p>\n\n<h2 class=\"wp-block-heading\" id=\"h-what-you-re-purchasing\">\u00dea\u00f0 sem \u00fe\u00fa ert a\u00f0 kaupa<\/h2>\n\n<p>\u00deessi vara gerir \u00fe\u00e9r kleift a\u00f0 <strong>kaupa landst\u00e1kn<\/strong> fyrir 27 a\u00f0ildarr\u00edki ESB. \u00deessa t\u00e1kn er h\u00e6gt a\u00f0 nota <strong>me\u00f0 hva\u00f0a PCN skr\u00e1ningu<\/strong> sem \u00fe\u00fa gerir hj\u00e1 okkur. \u00deegar \u00feau hafa veri\u00f0 keypt er l\u00f6ndunum <strong>b\u00e6tt vi\u00f0 <a href=\"https:\/\/www.ufi.eu\/my-account\/points\/\">PCN landalistann \u00feinn<\/a><\/strong> og h\u00e6gt er a\u00f0 nota \u00feau \u00feegar \u00fe\u00fa fyllir \u00fat <strong>PCN innt\u00f6kuey\u00f0ubla\u00f0i\u00f0<\/strong> okkar fyrir v\u00f6runa \u00fe\u00edna.    <\/p>\n\n<p><strong>\u00de\u00fa \u00fearft l\u00edka a\u00f0 <a href=\"https:\/\/www.ufi.eu\/shop\/\">kaupa PCN fyrir v\u00f6runa \u00fe\u00edna<\/a> . \u00deessi vara er a\u00f0eins laust land, ekki PCN. <\/strong><\/p>\n\n<h4 class=\"wp-block-heading\">\u2705 Hvernig \u00fea\u00f0 virkar:<\/h4>\n\n<ol class=\"wp-block-list\">\n<li>\u00c1kve\u00f0a <strong>hva\u00f0a l\u00f6nd<\/strong> \u00fe\u00fa \u00e6tlar a\u00f0 selja \u00ed.<\/li>\n\n\n\n<li>Keyptu fj\u00f6lda <strong>landamerkja<\/strong> .<\/li>\n\n\n\n<li><a href=\"https:\/\/www.ufi.eu\/is\/ny-vara\/\">Sendu innt\u00f6kuey\u00f0ubla\u00f0 v\u00f6ru \u00feinnar<\/a> hj\u00e1 okkur.<\/li>\n\n\n\n<li>\u00dathluta\u00f0u einfaldlega l\u00f6ndum \u00fear sem \u00fe\u00fa vilt a\u00f0 vi\u00f0 sendum v\u00f6runa \u00fe\u00edna til PCN-skila.<\/li>\n\n\n\n<li>Landst\u00e1kni\u00f0 er dregi\u00f0 fr\u00e1 heildarupph\u00e6\u00f0inni \u00feegar \u00fe\u00fa sendir ey\u00f0ubla\u00f0i\u00f0 \u00feitt hj\u00e1 okkur.<\/li>\n<\/ol>\n\n<p>Hvort sem \u00fe\u00fa ert a\u00f0 setja eina v\u00f6ru \u00e1 marka\u00f0 e\u00f0a hefur umsj\u00f3n me\u00f0 heildarsafninu getur\u00f0u <strong>nota\u00f0 <a href=\"https:\/\/www.ufi.eu\/my-account\/points\/\">keypta landst\u00e1kn<\/a><\/strong> \u00e1 mismunandi PCN-sendingar \u2013 spara\u00f0 t\u00edma, tryggt a\u00f0 fari\u00f0 s\u00e9 a\u00f0 reglum og auki\u00f0 vi\u00f0veru \u00fe\u00edna \u00e1 ESB-marka\u00f0i \u00e1reynslulaust.<\/p>\n\n<h3 class=\"wp-block-heading\" id=\"h-supported-eu-countries\">Stu\u00f0ningur vi\u00f0 ESB l\u00f6nd<\/h3>\n\n<p>ESB hefur 27 l\u00f6nd og EES hefur 30 (ESB+Lichtenstein, Noregur og \u00cdsland) \u00cd vefg\u00e1ttinni er h\u00e6gt a\u00f0 velja \u00far \u00feessum l\u00f6ndum:<\/p>\n\n<figure class=\"wp-block-table\"><table class=\"has-fixed-layout\"><tbody><tr><td>Belg\u00edu<\/td><td>(BE)<\/td><td>Sp\u00e1nn<\/td><td>(ES)<\/td><td>Ungverjaland<\/td><td>(HU)<\/td><td>Sl\u00f3vak\u00edu<\/td><td>(SK)<\/td><\/tr><tr><td>B\u00falgar\u00eda<\/td><td>(BG)<\/td><td>Frakklandi<\/td><td>(FR)<\/td><td>M\u00f6ltu<\/td><td>(MT)<\/td><td>Finnlandi<\/td><td>(FI)<\/td><\/tr><tr><td>T\u00e9kkland<\/td><td>(CZ)<\/td><td>Kr\u00f3at\u00eda<\/td><td>(HR)<\/td><td>Hollandi<\/td><td>(NL)<\/td><td>Sv\u00ed\u00fej\u00f3\u00f0<\/td><td>(SE)<\/td><\/tr><tr><td>Danm\u00f6rku<\/td><td>(DK)<\/td><td>\u00cdtal\u00edu<\/td><td>(IT)<\/td><td>Austurr\u00edki<\/td><td>(AT)<\/td><td>\u00de\u00fdskalandi<\/td><td>(DE)<\/td><\/tr><tr><td>K\u00fdpur<\/td><td>(CY)<\/td><td>P\u00f3lland<\/td><td>(PL)<\/td><td>\u00cdsland<\/td><td>(IS)<\/td><td>Eistland<\/td><td>(EE)<\/td><\/tr><tr><td>Lettland<\/td><td>(LV)<\/td><td>Port\u00fagal<\/td><td>(PT)<\/td><td>Liechtenstein<\/td><td>(LI)<\/td><td>\u00cdrland<\/td><td>(IE)<\/td><\/tr><tr><td>Lith\u00e1en<\/td><td>(LT)<\/td><td>R\u00famen\u00eda<\/td><td>(RO)<\/td><td>Noregi<\/td><td>(NEI)<\/td><td>Grikkland<\/td><td>(EL)<\/td><\/tr><tr><td>L\u00faxemborg<\/td><td>(LU)<\/td><td>Sl\u00f3ven\u00eda<\/td><td>(SI)<\/td><td>Sviss*<\/td><td>(CH)<\/td><td><\/td><td><\/td><\/tr><\/tbody><\/table><\/figure>\n\n<p>*Fyrir Sviss getum vi\u00f0 b\u00fai\u00f0 til PCN skj\u00f6lin, me\u00f0 \u00f6llum nau\u00f0synlegum uppl\u00fdsingum til a\u00f0 leggja fram \u00ed svissnesku g\u00e1ttinni. Haf\u00f0u samband vi\u00f0 okkur til a\u00f0 f\u00e1 frekari uppl\u00fdsingar. <\/p>\n\n<h2 class=\"wp-block-heading\" id=\"h-example-of-how-it-works\">D\u00e6mi um hvernig \u00fea\u00f0 virkar<\/h2>\n\n<p>\u00de\u00fa ert a\u00f0 setja \u00e1 marka\u00f0 n\u00fdja hreinsiv\u00f6ru \u00ed <strong>Frakklandi, \u00de\u00fdskalandi og Sp\u00e1ni<\/strong> . Einfaldlega keyptu \u00ferj\u00fa l\u00f6nd. \u00deegar \u00fe\u00fa fyllir \u00fat PCN-innt\u00f6kuey\u00f0ubla\u00f0i\u00f0 hj\u00e1 okkur muntu \u00fathluta \u00feessum landst\u00e1knum til v\u00f6runnar \u2013 sem tryggir a\u00f0 fari\u00f0 s\u00e9 a\u00f0 l\u00f6gum \u00e1 \u00f6llum \u00feremur m\u00f6rku\u00f0um \u00e1n vandr\u00e6\u00f0a vi\u00f0 einstakar sendingar.  <\/p>\n","protected":false},"excerpt":{"rendered":"<p>Vinsamlegast veldu fj\u00f6lda landa \u00fear sem \u00fe\u00fa vilt skr\u00e1 v\u00f6runa \u00fe\u00edna \u00ed.<\/p>\n","protected":false},"featured_media":12533,"template":"","meta":[],"product_brand":[],"product_cat":[324],"product_tag":[],"class_list":{"0":"post-12532","1":"product","2":"type-product","3":"status-publish","4":"has-post-thumbnail","6":"product_cat-lond","8":"first","9":"instock","10":"virtual","11":"taxable","12":"purchasable","13":"product-type-simple"},"bundled_by":["12658","12668","12831","12950","12970","12990","13010","13038","13231","13261","13271","13331","13503","13542","13554","13560","13607","13762","13782","13800","13818","13836","14006","14030","14046","14054","14072","14374","14392","14410","14428","14446","14464","14676","14688","14700","14766","14784","14791","14943","14984","15044","15060","15267","15283","15289","15313","15357","15433","15451","15469","15487","15627","15837","15851","15861","15875","15953","15973","16003","16012","16025","16227","16255","16273","16291","16309","16541","16549","16575","16603","16629","16639","16885","16911","16921","16947","16957","16975","17219","17239","17257","17283","17301","17311","17337","17661","17679","17697","17715","17733","17743","17769","17779","17797","18012","18033","18178","18197","18205","18321","18339","18357","18375","18403","18411","18607","18727","18751","18769","18779","18969","18985","19053","19071","19089","19099","19157","19381","19407","19425","19435","19501","19519","19537","19831","19839","19857","19885","19911","19929","19939","19983","19993","20307","20323","20341","20355","20381","20409","20435","20449","20723","20749","20759","20807","20833","20841","20859","20949","21379","21405","21413","21415","21423","21445","21455","21465","21473","21595","21627","21647","21927","21941","21951","21967","21979","22063","22081","22087","22127","22169","22433","22437","22439","22619","22637","22645","22663","22675","22701","22735","22753","22769","23085","23103","23161","23177","23205","23215","23231","23259","23305","23323","23599","23625","23643","23711","23729","23747","23773","23851","24108","24114","24126","24140","31752"],"bundle_stock_status":"instock","bundle_stock_quantity":null,"bundle_virtual":false,"bundle_layout":"","bundle_add_to_cart_form_location":"","bundle_editable_in_cart":false,"bundle_sold_individually_context":"","bundle_item_grouping":"","bundle_min_size":"","bundle_max_size":"","bundle_price":[],"bundled_items":[],"bundle_sell_ids":[],"yoast_head":"<!-- This site is optimized with the Yoast SEO Premium plugin v25.1 (Yoast SEO v25.1) - https:\/\/yoast.com\/wordpress\/plugins\/seo\/ -->\n<title>L\u00f6nd fyrir PCN skr\u00e1ningu - UFI<\/title>\n<meta name=\"description\" content=\"Me\u00f0 ESB l\u00f6ndum okkar fyrir PCN-skr\u00e1ningu getur\u00f0u vali\u00f0 n\u00e1kv\u00e6mlega l\u00f6ndin \u00fear sem \u00fe\u00fa vilt setja v\u00f6runa \u00fe\u00edna \u00e1 marka\u00f0 \u2013 sem gefur \u00fe\u00e9r fullan sveigjanleika og stj\u00f3rn \u00e1 marka\u00f0ssvi\u00f0inu \u00fe\u00ednu.\" \/>\n<meta name=\"robots\" content=\"index, follow, max-snippet:-1, max-image-preview:large, max-video-preview:-1\" \/>\n<link rel=\"canonical\" href=\"https:\/\/www.ufi.eu\/is\/product\/lond-fyrir-pcn-skraningu\/\" \/>\n<meta property=\"og:locale\" content=\"is_IS\" \/>\n<meta property=\"og:type\" content=\"article\" \/>\n<meta property=\"og:title\" content=\"L\u00f6nd fyrir PCN skr\u00e1ningu\" \/>\n<meta property=\"og:description\" content=\"Me\u00f0 ESB l\u00f6ndum okkar fyrir PCN-skr\u00e1ningu getur\u00f0u vali\u00f0 n\u00e1kv\u00e6mlega l\u00f6ndin \u00fear sem \u00fe\u00fa vilt setja v\u00f6runa \u00fe\u00edna \u00e1 marka\u00f0 \u2013 sem gefur \u00fe\u00e9r fullan sveigjanleika og stj\u00f3rn \u00e1 marka\u00f0ssvi\u00f0inu \u00fe\u00ednu.\" \/>\n<meta property=\"og:url\" content=\"https:\/\/www.ufi.eu\/is\/product\/lond-fyrir-pcn-skraningu\/\" \/>\n<meta property=\"og:site_name\" content=\"UFI\" \/>\n<meta property=\"article:modified_time\" content=\"2025-05-15T16:47:42+00:00\" \/>\n<meta property=\"og:image\" content=\"https:\/\/www.ufi.eu\/wp-content\/uploads\/2025\/03\/eu.jpg\" \/>\n\t<meta property=\"og:image:width\" content=\"800\" \/>\n\t<meta property=\"og:image:height\" content=\"800\" \/>\n\t<meta property=\"og:image:type\" content=\"image\/jpeg\" \/>\n<meta name=\"twitter:card\" content=\"summary_large_image\" \/>\n<meta name=\"twitter:label1\" content=\"Price\" \/>\n\t<meta name=\"twitter:data1\" content=\"&euro;35.00\" \/>\n\t<meta name=\"twitter:label2\" content=\"Availability\" \/>\n\t<meta name=\"twitter:data2\" content=\"In stock\" \/>\n<script type=\"application\/ld+json\" class=\"yoast-schema-graph\">{\"@context\":\"https:\/\/schema.org\",\"@graph\":[{\"@type\":\"WebPage\",\"@id\":\"https:\/\/www.ufi.eu\/is\/product\/lond-fyrir-pcn-skraningu\/\",\"url\":\"https:\/\/www.ufi.eu\/is\/product\/lond-fyrir-pcn-skraningu\/\",\"name\":\"L\u00f6nd fyrir PCN skr\u00e1ningu - UFI\",\"isPartOf\":{\"@id\":\"https:\/\/www.ufi.eu\/is\/#website\"},\"primaryImageOfPage\":{\"@id\":\"https:\/\/www.ufi.eu\/is\/product\/lond-fyrir-pcn-skraningu\/#primaryimage\"},\"image\":{\"@id\":\"https:\/\/www.ufi.eu\/is\/product\/lond-fyrir-pcn-skraningu\/#primaryimage\"},\"thumbnailUrl\":\"https:\/\/www.ufi.eu\/wp-content\/uploads\/2025\/03\/eu.jpg\",\"datePublished\":\"2025-04-15T19:36:49+00:00\",\"dateModified\":\"2025-05-15T16:47:42+00:00\",\"description\":\"Me\u00f0 ESB l\u00f6ndum okkar fyrir PCN-skr\u00e1ningu getur\u00f0u vali\u00f0 n\u00e1kv\u00e6mlega l\u00f6ndin \u00fear sem \u00fe\u00fa vilt setja v\u00f6runa \u00fe\u00edna \u00e1 marka\u00f0 \u2013 sem gefur \u00fe\u00e9r fullan sveigjanleika og stj\u00f3rn \u00e1 marka\u00f0ssvi\u00f0inu \u00fe\u00ednu.\",\"breadcrumb\":{\"@id\":\"https:\/\/www.ufi.eu\/is\/product\/lond-fyrir-pcn-skraningu\/#breadcrumb\"},\"inLanguage\":\"is\",\"potentialAction\":[{\"@type\":\"ReadAction\",\"target\":[\"https:\/\/www.ufi.eu\/is\/product\/lond-fyrir-pcn-skraningu\/\"]}]},{\"@type\":\"ImageObject\",\"inLanguage\":\"is\",\"@id\":\"https:\/\/www.ufi.eu\/is\/product\/lond-fyrir-pcn-skraningu\/#primaryimage\",\"url\":\"https:\/\/www.ufi.eu\/wp-content\/uploads\/2025\/03\/eu.jpg\",\"contentUrl\":\"https:\/\/www.ufi.eu\/wp-content\/uploads\/2025\/03\/eu.jpg\",\"width\":800,\"height\":800},{\"@type\":\"BreadcrumbList\",\"@id\":\"https:\/\/www.ufi.eu\/is\/product\/lond-fyrir-pcn-skraningu\/#breadcrumb\",\"itemListElement\":[{\"@type\":\"ListItem\",\"position\":1,\"name\":\"Home\",\"item\":\"https:\/\/www.ufi.eu\/is\/heim\/\"},{\"@type\":\"ListItem\",\"position\":2,\"name\":\"Verslun\",\"item\":\"https:\/\/www.ufi.eu\/is\/verslun\/\"},{\"@type\":\"ListItem\",\"position\":3,\"name\":\"L\u00f6nd fyrir PCN skr\u00e1ningu\"}]},{\"@type\":\"WebSite\",\"@id\":\"https:\/\/www.ufi.eu\/is\/#website\",\"url\":\"https:\/\/www.ufi.eu\/is\/\",\"name\":\"UFI.EU\",\"description\":\"Poison Centre Notifications (PCN) and UFI\",\"publisher\":{\"@id\":\"https:\/\/www.ufi.eu\/is\/#organization\"},\"potentialAction\":[{\"@type\":\"SearchAction\",\"target\":{\"@type\":\"EntryPoint\",\"urlTemplate\":\"https:\/\/www.ufi.eu\/is\/?s={search_term_string}\"},\"query-input\":{\"@type\":\"PropertyValueSpecification\",\"valueRequired\":true,\"valueName\":\"search_term_string\"}}],\"inLanguage\":\"is\"},{\"@type\":\"Organization\",\"@id\":\"https:\/\/www.ufi.eu\/is\/#organization\",\"name\":\"UFI.EU\",\"url\":\"https:\/\/www.ufi.eu\/is\/\",\"logo\":{\"@type\":\"ImageObject\",\"inLanguage\":\"is\",\"@id\":\"https:\/\/www.ufi.eu\/is\/#\/schema\/logo\/image\/\",\"url\":\"https:\/\/www.ufi.eu\/wp-content\/uploads\/2025\/03\/cropped-logo_ufi3.jpg\",\"contentUrl\":\"https:\/\/www.ufi.eu\/wp-content\/uploads\/2025\/03\/cropped-logo_ufi3.jpg\",\"width\":231,\"height\":78,\"caption\":\"UFI.EU\"},\"image\":{\"@id\":\"https:\/\/www.ufi.eu\/is\/#\/schema\/logo\/image\/\"},\"description\":\"UFI.eu specializes in digital registrations for Poison Centre Notifications (PCN), ensuring your chemical products meet EU regulatory requirements effortlessly. Our streamlined solutions help businesses stay compliant while reducing complexity and administrative burden.\",\"email\":\"info@ufi.eu\",\"legalName\":\"UFI.EU\"}]}<\/script>\n<meta property=\"product:price:amount\" content=\"35.00\" \/>\n<meta property=\"product:price:currency\" content=\"EUR\" \/>\n<meta property=\"og:availability\" content=\"instock\" \/>\n<meta property=\"product:availability\" content=\"instock\" \/>\n<meta property=\"product:retailer_item_id\" content=\"PCN-COUNTRIES\" \/>\n<meta property=\"product:condition\" content=\"new\" \/>\n<!-- \/ Yoast SEO Premium plugin. -->","yoast_head_json":{"title":"L\u00f6nd fyrir PCN skr\u00e1ningu - UFI","description":"Me\u00f0 ESB l\u00f6ndum okkar fyrir PCN-skr\u00e1ningu getur\u00f0u vali\u00f0 n\u00e1kv\u00e6mlega l\u00f6ndin \u00fear sem \u00fe\u00fa vilt setja v\u00f6runa \u00fe\u00edna \u00e1 marka\u00f0 \u2013 sem gefur \u00fe\u00e9r fullan sveigjanleika og stj\u00f3rn \u00e1 marka\u00f0ssvi\u00f0inu \u00fe\u00ednu.","robots":{"index":"index","follow":"follow","max-snippet":"max-snippet:-1","max-image-preview":"max-image-preview:large","max-video-preview":"max-video-preview:-1"},"canonical":"https:\/\/www.ufi.eu\/is\/product\/lond-fyrir-pcn-skraningu\/","og_locale":"is_IS","og_type":"article","og_title":"L\u00f6nd fyrir PCN skr\u00e1ningu","og_description":"Me\u00f0 ESB l\u00f6ndum okkar fyrir PCN-skr\u00e1ningu getur\u00f0u vali\u00f0 n\u00e1kv\u00e6mlega l\u00f6ndin \u00fear sem \u00fe\u00fa vilt setja v\u00f6runa \u00fe\u00edna \u00e1 marka\u00f0 \u2013 sem gefur \u00fe\u00e9r fullan sveigjanleika og stj\u00f3rn \u00e1 marka\u00f0ssvi\u00f0inu \u00fe\u00ednu.","og_url":"https:\/\/www.ufi.eu\/is\/product\/lond-fyrir-pcn-skraningu\/","og_site_name":"UFI","article_modified_time":"2025-05-15T16:47:42+00:00","og_image":[{"width":800,"height":800,"url":"https:\/\/www.ufi.eu\/wp-content\/uploads\/2025\/03\/eu.jpg","type":"image\/jpeg"}],"twitter_card":"summary_large_image","twitter_misc":{"Price":"&euro;35.00","Availability":"In stock"},"schema":{"@context":"https:\/\/schema.org","@graph":[{"@type":"WebPage","@id":"https:\/\/www.ufi.eu\/is\/product\/lond-fyrir-pcn-skraningu\/","url":"https:\/\/www.ufi.eu\/is\/product\/lond-fyrir-pcn-skraningu\/","name":"L\u00f6nd fyrir PCN skr\u00e1ningu - UFI","isPartOf":{"@id":"https:\/\/www.ufi.eu\/is\/#website"},"primaryImageOfPage":{"@id":"https:\/\/www.ufi.eu\/is\/product\/lond-fyrir-pcn-skraningu\/#primaryimage"},"image":{"@id":"https:\/\/www.ufi.eu\/is\/product\/lond-fyrir-pcn-skraningu\/#primaryimage"},"thumbnailUrl":"https:\/\/www.ufi.eu\/wp-content\/uploads\/2025\/03\/eu.jpg","datePublished":"2025-04-15T19:36:49+00:00","dateModified":"2025-05-15T16:47:42+00:00","description":"Me\u00f0 ESB l\u00f6ndum okkar fyrir PCN-skr\u00e1ningu getur\u00f0u vali\u00f0 n\u00e1kv\u00e6mlega l\u00f6ndin \u00fear sem \u00fe\u00fa vilt setja v\u00f6runa \u00fe\u00edna \u00e1 marka\u00f0 \u2013 sem gefur \u00fe\u00e9r fullan sveigjanleika og stj\u00f3rn \u00e1 marka\u00f0ssvi\u00f0inu \u00fe\u00ednu.","breadcrumb":{"@id":"https:\/\/www.ufi.eu\/is\/product\/lond-fyrir-pcn-skraningu\/#breadcrumb"},"inLanguage":"is","potentialAction":[{"@type":"ReadAction","target":["https:\/\/www.ufi.eu\/is\/product\/lond-fyrir-pcn-skraningu\/"]}]},{"@type":"ImageObject","inLanguage":"is","@id":"https:\/\/www.ufi.eu\/is\/product\/lond-fyrir-pcn-skraningu\/#primaryimage","url":"https:\/\/www.ufi.eu\/wp-content\/uploads\/2025\/03\/eu.jpg","contentUrl":"https:\/\/www.ufi.eu\/wp-content\/uploads\/2025\/03\/eu.jpg","width":800,"height":800},{"@type":"BreadcrumbList","@id":"https:\/\/www.ufi.eu\/is\/product\/lond-fyrir-pcn-skraningu\/#breadcrumb","itemListElement":[{"@type":"ListItem","position":1,"name":"Home","item":"https:\/\/www.ufi.eu\/is\/heim\/"},{"@type":"ListItem","position":2,"name":"Verslun","item":"https:\/\/www.ufi.eu\/is\/verslun\/"},{"@type":"ListItem","position":3,"name":"L\u00f6nd fyrir PCN skr\u00e1ningu"}]},{"@type":"WebSite","@id":"https:\/\/www.ufi.eu\/is\/#website","url":"https:\/\/www.ufi.eu\/is\/","name":"UFI.EU","description":"Poison Centre Notifications (PCN) and UFI","publisher":{"@id":"https:\/\/www.ufi.eu\/is\/#organization"},"potentialAction":[{"@type":"SearchAction","target":{"@type":"EntryPoint","urlTemplate":"https:\/\/www.ufi.eu\/is\/?s={search_term_string}"},"query-input":{"@type":"PropertyValueSpecification","valueRequired":true,"valueName":"search_term_string"}}],"inLanguage":"is"},{"@type":"Organization","@id":"https:\/\/www.ufi.eu\/is\/#organization","name":"UFI.EU","url":"https:\/\/www.ufi.eu\/is\/","logo":{"@type":"ImageObject","inLanguage":"is","@id":"https:\/\/www.ufi.eu\/is\/#\/schema\/logo\/image\/","url":"https:\/\/www.ufi.eu\/wp-content\/uploads\/2025\/03\/cropped-logo_ufi3.jpg","contentUrl":"https:\/\/www.ufi.eu\/wp-content\/uploads\/2025\/03\/cropped-logo_ufi3.jpg","width":231,"height":78,"caption":"UFI.EU"},"image":{"@id":"https:\/\/www.ufi.eu\/is\/#\/schema\/logo\/image\/"},"description":"UFI.eu specializes in digital registrations for Poison Centre Notifications (PCN), ensuring your chemical products meet EU regulatory requirements effortlessly. Our streamlined solutions help businesses stay compliant while reducing complexity and administrative burden.","email":"info@ufi.eu","legalName":"UFI.EU"}]},"product_price_amount":"35.00","product_price_currency":"EUR","og_availability":"instock","product_availability":"instock","product_retailer_item_id":"PCN-COUNTRIES","product_condition":"new"},"_links":{"self":[{"href":"https:\/\/www.ufi.eu\/is\/wp-json\/wp\/v2\/product\/12532","targetHints":{"allow":["GET"]}}],"collection":[{"href":"https:\/\/www.ufi.eu\/is\/wp-json\/wp\/v2\/product"}],"about":[{"href":"https:\/\/www.ufi.eu\/is\/wp-json\/wp\/v2\/types\/product"}],"wp:featuredmedia":[{"embeddable":true,"href":"https:\/\/www.ufi.eu\/is\/wp-json\/wp\/v2\/media\/12533"}],"wp:attachment":[{"href":"https:\/\/www.ufi.eu\/is\/wp-json\/wp\/v2\/media?parent=12532"}],"wp:term":[{"taxonomy":"product_brand","embeddable":true,"href":"https:\/\/www.ufi.eu\/is\/wp-json\/wp\/v2\/product_brand?post=12532"},{"taxonomy":"product_cat","embeddable":true,"href":"https:\/\/www.ufi.eu\/is\/wp-json\/wp\/v2\/product_cat?post=12532"},{"taxonomy":"product_tag","embeddable":true,"href":"https:\/\/www.ufi.eu\/is\/wp-json\/wp\/v2\/product_tag?post=12532"}],"curies":[{"name":"wp","href":"https:\/\/api.w.org\/{rel}","templated":true}]}}