{"id":11406,"date":"2025-04-15T07:33:05","date_gmt":"2025-04-15T07:33:05","guid":{"rendered":"https:\/\/www.ufi.eu\/skilmalar-og-skilyrdi\/"},"modified":"2025-04-15T07:33:06","modified_gmt":"2025-04-15T07:33:06","slug":"skilmalar-og-skilyrdi","status":"publish","type":"page","link":"https:\/\/www.ufi.eu\/is\/skilmalar-og-skilyrdi\/","title":{"rendered":"Skilm\u00e1lar og skilyr\u00f0i"},"content":{"rendered":"\n<p><strong>Fyrirt\u00e6ki:<\/strong> UFI.EU<br\/> <strong>Skr\u00e1\u00f0 heimilisfang:<\/strong> Transistorstraat 91 &#8211; 02, 1322 CL Almere, Hollandi<br\/> <strong>Vi\u00f0skiptar\u00e1\u00f0 (KvK):<\/strong> 61064939<br\/> <strong>VSK ID:<\/strong> NL854189543B01<\/p>\n\n<h2 class=\"wp-block-heading\" id=\"h-1-overview\"><strong>1. Yfirlit<\/strong><\/h2>\n\n<p>\u00deessi vefs\u00ed\u00f0a er rekin af <strong>UFI.EU.<\/strong> \u00c1 \u00f6llu s\u00ed\u00f0unni v\u00edsa hugt\u00f6kin \u201evi\u00f0\u201c, \u201eokkur\u201c og \u201eokkar\u201c til <strong>UFI.EU.<\/strong> Me\u00f0 \u00fev\u00ed a\u00f0 heims\u00e6kja s\u00ed\u00f0una okkar og\/e\u00f0a kaupa eitthva\u00f0 af okkur ertu a\u00f0 nota \u201e\u00fej\u00f3nustu\u201c okkar og sam\u00feykkir a\u00f0 vera bundinn af eftirfarandi <strong>skilm\u00e1lum og skilyr\u00f0um<\/strong> (\u201eskilm\u00e1lum\u201c), \u00fear \u00e1 me\u00f0al hvers kyns vi\u00f0b\u00f3tarskilm\u00e1lum, skilyr\u00f0um og stefnum sem v\u00edsa\u00f0 er til h\u00e9r e\u00f0a tengt er af \u00feessari s\u00ed\u00f0u.  <\/p>\n\n<p>\u00deessir skilm\u00e1lar eiga vi\u00f0 um alla notendur s\u00ed\u00f0unnar, \u00fear \u00e1 me\u00f0al en ekki takmarka\u00f0 vi\u00f0 vafra, s\u00f6lua\u00f0ila, vi\u00f0skiptavini, s\u00f6lua\u00f0ila og efnisframlag. Ef \u00fe\u00fa sam\u00feykkir ekki alla skilm\u00e1la \u00feessa samnings getur\u00f0u ekki fari\u00f0 inn \u00e1 vefs\u00ed\u00f0una e\u00f0a nota\u00f0 neina \u00fej\u00f3nustu. <\/p>\n\n<p>Vi\u00f0 \u00e1skiljum okkur r\u00e9tt til a\u00f0 uppf\u00e6ra e\u00f0a breyta \u00feessum skilm\u00e1lum hven\u00e6r sem er. \u00dea\u00f0 er \u00e1 \u00fe\u00edna \u00e1byrg\u00f0 a\u00f0 sko\u00f0a \u00feessa s\u00ed\u00f0u reglulega. \u00c1framhaldandi notkun vefs\u00ed\u00f0unnar \u00ed kj\u00f6lfar allra breytinga felur \u00ed s\u00e9r sam\u00feykki \u00e1 \u00feeim breytingum.  <\/p>\n\n<h2 class=\"wp-block-heading\" id=\"h-2-online-store-terms\"><strong>2. Skilm\u00e1lar netverslunar<\/strong><\/h2>\n\n<p>Me\u00f0 \u00fev\u00ed a\u00f0 sam\u00feykkja \u00feessa skilm\u00e1la sta\u00f0festir \u00fe\u00fa a\u00f0 \u00fe\u00fa s\u00e9rt l\u00f6gr\u00e1\u00f0a \u00ed b\u00fasetulandi \u00fe\u00ednu e\u00f0a a\u00f0 \u00fe\u00fa hafir gefi\u00f0 sam\u00feykki fyrir \u00f3l\u00f6gr\u00e1\u00f0a b\u00f6rn sem nota \u00feessa s\u00ed\u00f0u \u00e1 \u00fe\u00edna \u00e1byrg\u00f0.<\/p>\n\n<p>\u00de\u00fa m\u00e1tt ekki nota v\u00f6rur okkar e\u00f0a \u00fej\u00f3nustu \u00ed neinum \u00f3l\u00f6glegum e\u00f0a \u00f3heimilum tilgangi, og \u00fe\u00fa m\u00e1tt ekki brj\u00f3ta nein l\u00f6g \u00ed l\u00f6gs\u00f6gu \u00feinni me\u00f0an \u00fe\u00fa notar \u00fej\u00f3nustuna. Brot \u00e1 einhverjum \u00feessara skilm\u00e1la mun lei\u00f0a til tafarlausrar lokunar \u00e1 a\u00f0gangi \u00fe\u00ednum a\u00f0 \u00fej\u00f3nustu okkar. <\/p>\n\n<h2 class=\"wp-block-heading\" id=\"h-3-accuracy-completeness-amp-timeliness-of-information\"><strong>3. N\u00e1kv\u00e6mni, heill og t\u00edmab\u00e6rni uppl\u00fdsinga<\/strong><\/h2>\n\n<p>Vi\u00f0 berum enga \u00e1byrg\u00f0 ef uppl\u00fdsingar sem ger\u00f0ar eru a\u00f0gengilegar \u00e1 \u00feessari s\u00ed\u00f0u eru ekki n\u00e1kv\u00e6mar, fullkomnar e\u00f0a n\u00faverandi. Efni\u00f0 er eing\u00f6ngu veitt til almennra uppl\u00fdsinga og \u00e6tti ekki a\u00f0 treysta \u00e1 \u00fea\u00f0 sem eina grundv\u00f6ll \u00e1kvar\u00f0anat\u00f6ku. <\/p>\n\n<p>Vi\u00f0 getum uppf\u00e6rt efni vefs\u00ed\u00f0unnar okkar hven\u00e6r sem er, en vi\u00f0 erum ekki skuldbundin til \u00feess. \u00de\u00fa sam\u00feykkir a\u00f0 \u00fea\u00f0 s\u00e9 \u00e1 \u00fe\u00edna \u00e1byrg\u00f0 a\u00f0 fylgjast me\u00f0 breytingum \u00e1 s\u00ed\u00f0unni okkar. <\/p>\n\n<h2 class=\"wp-block-heading\" id=\"h-4-modifications-to-services-amp-prices\"><strong>4. Breytingar \u00e1 \u00fej\u00f3nustu og ver\u00f0i<\/strong><\/h2>\n\n<p>Ver\u00f0 fyrir \u00fej\u00f3nustu okkar geta breyst \u00e1n fyrirvara. Vi\u00f0 \u00e1skiljum okkur r\u00e9tt hven\u00e6r sem er til a\u00f0 breyta e\u00f0a h\u00e6tta \u00fej\u00f3nustu (e\u00f0a hluta hennar) \u00e1n fyrirvara. Vi\u00f0 erum ekki \u00e1byrg fyrir neinum breytingum, ver\u00f0breytingum, st\u00f6\u00f0vun e\u00f0a st\u00f6\u00f0vun \u00fej\u00f3nustunnar.  <\/p>\n\n<h2 class=\"wp-block-heading\" id=\"h-5-products-amp-services\"><strong>5. V\u00f6rur og \u00fej\u00f3nusta<\/strong><\/h2>\n\n<p>Tiltekin \u00fej\u00f3nusta g\u00e6ti veri\u00f0 eing\u00f6ngu f\u00e1anleg \u00e1 netinu \u00ed gegnum vefs\u00ed\u00f0u okkar. \u00deetta g\u00e6ti veri\u00f0 takmarka\u00f0 frambo\u00f0 og eru h\u00e1\u00f0 endurgrei\u00f0slu- og skilastefnu okkar. <\/p>\n\n<p>Vi\u00f0 \u00e1skiljum okkur r\u00e9tt til a\u00f0 takmarka s\u00f6lu \u00e1 \u00fej\u00f3nustu okkar vi\u00f0 \u00e1kve\u00f0in sv\u00e6\u00f0i, notendur e\u00f0a l\u00f6gsagnarumd\u00e6mi. L\u00fdsingar og ver\u00f0lagningu \u00fej\u00f3nustu geta breyst \u00e1n fyrirvara. Vi\u00f0 \u00e1byrgjumst ekki a\u00f0 g\u00e6\u00f0i \u00fej\u00f3nustunnar sem keypt er standist v\u00e6ntingar \u00fe\u00ednar.  <\/p>\n\n<h2 class=\"wp-block-heading\" id=\"h-6-accuracy-of-billing-amp-account-information\"><strong>6. N\u00e1kv\u00e6mni innheimtu- og reikningsuppl\u00fdsinga<\/strong><\/h2>\n\n<p>Vi\u00f0 \u00e1skiljum okkur r\u00e9tt til a\u00f0 hafna e\u00f0a h\u00e6tta vi\u00f0 hva\u00f0a p\u00f6ntun sem er. \u00de\u00fa sam\u00feykkir a\u00f0 veita n\u00faverandi, fullkomnar og n\u00e1kv\u00e6mar kaup- og reikningsuppl\u00fdsingar. \u00de\u00fa ber\u00f0 \u00e1byrg\u00f0 \u00e1 a\u00f0 uppf\u00e6ra reikninginn \u00feinn og grei\u00f0sluuppl\u00fdsingar \u00e1n tafar.  <\/p>\n\n<h2 class=\"wp-block-heading\" id=\"h-7-use-of-pcn-and-country-tokens\"><strong>7. Notkun PCN og Country Tokens<\/strong><\/h2>\n\n<p>PCN og landamerki t\u00e1kna r\u00e9ttindi til a\u00f0 senda PCN tilkynningar til \u00e1kve\u00f0inna ESB landa. T\u00e1knum er \u00fathluta\u00f0 fyrir hverja v\u00f6ru \u00ed hverju landi. T\u00e1kn eru ekki endurgreidd.  <\/p>\n\n<h2 class=\"wp-block-heading\" id=\"h-8-optional-tools-amp-third-party-links\"><strong>8. Valfrj\u00e1lst verkf\u00e6ri og tenglar \u00feri\u00f0ju a\u00f0ila<\/strong><\/h2>\n\n<p>Vi\u00f0 g\u00e6tum veitt a\u00f0gang a\u00f0 verkf\u00e6rum \u00feri\u00f0ja a\u00f0ila \u00e1n eftirlits e\u00f0a eftirlits. \u00de\u00fa sam\u00feykkir a\u00f0 nota \u00feessi verkf\u00e6ri \u00e1 eigin \u00e1byrg\u00f0. Tenglar \u00feri\u00f0ju a\u00f0ila \u00e1 s\u00ed\u00f0unni okkar g\u00e6tu beint \u00fe\u00e9r \u00e1 ytri vefs\u00ed\u00f0ur. Vi\u00f0 berum ekki \u00e1byrg\u00f0 \u00e1 innihaldi \u00feeirra e\u00f0a venjum.   <\/p>\n\n<h2 class=\"wp-block-heading\" id=\"h-9-user-submissions-amp-feedback\"><strong>9. Innsendingar og athugasemdir notenda<\/strong><\/h2>\n\n<p>Ef \u00fe\u00fa sendir inn till\u00f6gur, hugmyndir e\u00f0a anna\u00f0 efni (sameiginlega \u201eathugasemdir\u201c), sam\u00feykkir \u00fe\u00fa a\u00f0 vi\u00f0 megum nota \u00feau \u00e1n takmarkana. \u00de\u00fa m\u00e1tt ekki birta \u00f3l\u00f6glegt, \u00e6rumei\u00f0andi e\u00f0a ska\u00f0legt efni. \u00de\u00fa ber\u00f0 ein \u00e1byrg\u00f0 \u00e1 innsendingum \u00fe\u00ednum.  <\/p>\n\n<h2 class=\"wp-block-heading\" id=\"h-10-personal-information\"><strong>10. Pers\u00f3nuuppl\u00fdsingar<\/strong><\/h2>\n\n<p>Me\u00f0fer\u00f0 okkar \u00e1 pers\u00f3nuuppl\u00fdsingum er stj\u00f3rna\u00f0 af <a href=\"https:\/\/www.ufi.eu\/is\/personuverndarstefna\/\">pers\u00f3nuverndarstefnu<\/a> okkar. Vinsamlegast sko\u00f0a\u00f0u \u00fea\u00f0 til a\u00f0 f\u00e1 frekari uppl\u00fdsingar. <\/p>\n\n<h2 class=\"wp-block-heading\" id=\"h-11-errors-inaccuracies-amp-omissions\"><strong>11. Villur, \u00f3n\u00e1kv\u00e6mni og a\u00f0ger\u00f0aleysi<\/strong><\/h2>\n\n<p>Vi\u00f0 \u00e1skiljum okkur r\u00e9tt til a\u00f0 lei\u00f0r\u00e9tta allar villur, \u00f3n\u00e1kv\u00e6mni e\u00f0a a\u00f0ger\u00f0aleysi og h\u00e6tta vi\u00f0 e\u00f0a uppf\u00e6ra pantanir ef uppl\u00fdsingar eru rangar hven\u00e6r sem er \u00e1n fyrirvara, \u00fear me\u00f0 tali\u00f0 eftir a\u00f0 p\u00f6ntun hefur veri\u00f0 send.<\/p>\n\n<h2 class=\"wp-block-heading\" id=\"h-12-prohibited-uses\"><strong>12. B\u00f6nnu\u00f0 notkun<\/strong><\/h2>\n\n<p>\u00de\u00e9r er banna\u00f0 a\u00f0 nota s\u00ed\u00f0una e\u00f0a innihald hennar \u00ed \u00f3l\u00f6glegum tilgangi, til a\u00f0 brj\u00f3ta \u00e1 hugverkar\u00e9ttindum, \u00e1reita a\u00f0ra, dreifa spilliforritum, safna pers\u00f3nulegum g\u00f6gnum e\u00f0a trufla \u00f6ryggi s\u00ed\u00f0unnar.<\/p>\n\n<h2 class=\"wp-block-heading\" id=\"h-13-disclaimer-of-warranties-limitation-of-liability\"><strong>13. Fyrirvari um \u00e1byrg\u00f0; Takm\u00f6rkun \u00e1byrg\u00f0ar<\/strong><\/h2>\n\n<p>\u00dej\u00f3nustan okkar er veitt \u201eeins og h\u00fan er\u201c og \u201eeins og h\u00fan er \u00ed bo\u00f0i\u201c \u00e1n nokkurra \u00e1byrg\u00f0a. Vi\u00f0 \u00e1byrgjumst ekki truflana e\u00f0a villulausa \u00fej\u00f3nustu. \u00cd engu tilviki skal UFI.EU e\u00f0a stj\u00f3rnarmenn \u00feess, starfsmenn e\u00f0a hlutdeildarf\u00e9l\u00f6g bera \u00e1byrg\u00f0 \u00e1 neinu beinu, \u00f3beinu, tilfallandi e\u00f0a afleiddu tj\u00f3ni sem stafar af notkun \u00fej\u00f3nustu okkar.  <\/p>\n\n<h2 class=\"wp-block-heading\" id=\"h-14-indemnification\"><strong>14. Ska\u00f0ab\u00e6tur<\/strong><\/h2>\n\n<p>\u00de\u00fa sam\u00feykkir a\u00f0 ska\u00f0a og halda UFI.EU og hlutdeildarf\u00e9l\u00f6gum \u00feess ska\u00f0lausum fr\u00e1 hvers kyns kr\u00f6fum e\u00f0a kr\u00f6fum, \u00fe.<\/p>\n\n<h2 class=\"wp-block-heading\" id=\"h-15-severability\"><strong>15. A\u00f0skiljanleiki<\/strong><\/h2>\n\n<p>Ef eitthvert \u00e1kv\u00e6\u00f0i \u00feessara skilm\u00e1la reynist \u00f3l\u00f6glegt e\u00f0a \u00f3framfylgjanlegt munu \u00feau \u00e1kv\u00e6\u00f0i sem eftir eru \u00e1fram \u00ed gildi.<\/p>\n\n<h2 class=\"wp-block-heading\" id=\"h-16-termination\"><strong>16. Upps\u00f6gn<\/strong><\/h2>\n\n<p>\u00deessir skilm\u00e1lar taka gildi nema \u00feeim s\u00e9 sagt upp af \u00fe\u00e9r e\u00f0a okkur. Vi\u00f0 getum sagt \u00feessum samningi upp hven\u00e6r sem er ef \u00fe\u00fa br\u00fdtur \u00feessa skilm\u00e1la. Vi\u00f0 upps\u00f6gn berst \u00fe\u00fa \u00e1byrg\u00f0 \u00e1 \u00f6llum gjaldfallnum fj\u00e1rh\u00e6\u00f0um.  <\/p>\n\n<h2 class=\"wp-block-heading\" id=\"h-17-entire-agreement\"><strong>17. Allur samningur<\/strong><\/h2>\n\n<p>\u00deessir skilm\u00e1lar og allar reglur sem birtar eru \u00e1 \u00feessari s\u00ed\u00f0u mynda allan samninginn milli \u00fe\u00edn og UFI.EU var\u00f0andi notkun \u00e1 \u00fej\u00f3nustu okkar.<\/p>\n\n<h2 class=\"wp-block-heading\" id=\"h-18-governing-law\"><strong>18. Framkv\u00e6mdal\u00f6g<\/strong><\/h2>\n\n<p>\u00deessir skilm\u00e1lar og hvers kyns deilur sem tengjast \u00feeim skulu l\u00fata og t\u00falka \u00ed samr\u00e6mi vi\u00f0 <strong>hollensk l\u00f6g<\/strong> . Allir samningar eru taldir hafa veri\u00f0 framkv\u00e6mdir \u00ed Almere, Hollandi. <\/p>\n\n<h2 class=\"wp-block-heading\" id=\"h-19-changes-to-these-terms\"><strong>19. Breytingar \u00e1 \u00feessum skilm\u00e1lum<\/strong><\/h2>\n\n<p>N\u00faverandi \u00fatg\u00e1fa af skilm\u00e1lunum er alltaf a\u00f0gengileg \u00e1 \u00feessari s\u00ed\u00f0u. Vi\u00f0 \u00e1skiljum okkur r\u00e9tt til a\u00f0 uppf\u00e6ra, breyta e\u00f0a skipta \u00fat einhverjum hluta \u00feessara skilm\u00e1la a\u00f0 eigin ge\u00f0\u00fe\u00f3tta. <\/p>\n","protected":false},"excerpt":{"rendered":"<p>Fyrirt\u00e6ki: UFI.EU Skr\u00e1\u00f0 heimilisfang: Transistorstraat 91 &#8211; 02, 1322 CL Almere, Hollandi Vi\u00f0skiptar\u00e1\u00f0 (KvK): 61064939 VSK ID: NL854189543B01 1. Yfirlit \u00deessi vefs\u00ed\u00f0a er rekin af UFI.EU. \u00c1 \u00f6llu s\u00ed\u00f0unni v\u00edsa hugt\u00f6kin \u201evi\u00f0\u201c, \u201eokkur\u201c og \u201eokkar\u201c til UFI.EU. Me\u00f0 \u00fev\u00ed a\u00f0 heims\u00e6kja s\u00ed\u00f0una okkar og\/e\u00f0a kaupa eitthva\u00f0 af okkur ertu a\u00f0 nota \u201e\u00fej\u00f3nustu\u201c okkar og sam\u00feykkir [&hellip;]<\/p>\n","protected":false},"author":1,"featured_media":0,"parent":0,"menu_order":0,"comment_status":"closed","ping_status":"closed","template":"","meta":{"footnotes":""},"class_list":["post-11406","page","type-page","status-publish","hentry"],"yoast_head":"<!-- This site is optimized with the Yoast SEO Premium plugin v25.1 (Yoast SEO v25.1) - https:\/\/yoast.com\/wordpress\/plugins\/seo\/ -->\n<title>Skilm\u00e1lar og skilyr\u00f0i - UFI<\/title>\n<meta name=\"robots\" content=\"index, follow, max-snippet:-1, max-image-preview:large, max-video-preview:-1\" \/>\n<link rel=\"canonical\" href=\"https:\/\/www.ufi.eu\/is\/skilmalar-og-skilyrdi\/\" \/>\n<meta property=\"og:locale\" content=\"is_IS\" \/>\n<meta property=\"og:type\" content=\"article\" \/>\n<meta property=\"og:title\" content=\"Skilm\u00e1lar og skilyr\u00f0i\" \/>\n<meta property=\"og:description\" content=\"Fyrirt\u00e6ki: UFI.EU Skr\u00e1\u00f0 heimilisfang: Transistorstraat 91 &#8211; 02, 1322 CL Almere, Hollandi Vi\u00f0skiptar\u00e1\u00f0 (KvK): 61064939 VSK ID: NL854189543B01 1. Yfirlit \u00deessi vefs\u00ed\u00f0a er rekin af UFI.EU. \u00c1 \u00f6llu s\u00ed\u00f0unni v\u00edsa hugt\u00f6kin \u201evi\u00f0\u201c, \u201eokkur\u201c og \u201eokkar\u201c til UFI.EU. Me\u00f0 \u00fev\u00ed a\u00f0 heims\u00e6kja s\u00ed\u00f0una okkar og\/e\u00f0a kaupa eitthva\u00f0 af okkur ertu a\u00f0 nota \u201e\u00fej\u00f3nustu\u201c okkar og sam\u00feykkir [&hellip;]\" \/>\n<meta property=\"og:url\" content=\"https:\/\/www.ufi.eu\/is\/skilmalar-og-skilyrdi\/\" \/>\n<meta property=\"og:site_name\" content=\"UFI\" \/>\n<meta property=\"article:modified_time\" content=\"2025-04-15T07:33:06+00:00\" \/>\n<meta name=\"twitter:card\" content=\"summary_large_image\" \/>\n<meta name=\"twitter:label1\" content=\"Est. reading time\" \/>\n\t<meta name=\"twitter:data1\" content=\"6 minutes\" \/>\n<script type=\"application\/ld+json\" class=\"yoast-schema-graph\">{\"@context\":\"https:\/\/schema.org\",\"@graph\":[{\"@type\":\"WebPage\",\"@id\":\"https:\/\/www.ufi.eu\/is\/skilmalar-og-skilyrdi\/\",\"url\":\"https:\/\/www.ufi.eu\/is\/skilmalar-og-skilyrdi\/\",\"name\":\"Skilm\u00e1lar og skilyr\u00f0i - UFI\",\"isPartOf\":{\"@id\":\"https:\/\/www.ufi.eu\/is\/#website\"},\"datePublished\":\"2025-04-15T07:33:05+00:00\",\"dateModified\":\"2025-04-15T07:33:06+00:00\",\"breadcrumb\":{\"@id\":\"https:\/\/www.ufi.eu\/is\/skilmalar-og-skilyrdi\/#breadcrumb\"},\"inLanguage\":\"is\",\"potentialAction\":[{\"@type\":\"ReadAction\",\"target\":[\"https:\/\/www.ufi.eu\/is\/skilmalar-og-skilyrdi\/\"]}]},{\"@type\":\"BreadcrumbList\",\"@id\":\"https:\/\/www.ufi.eu\/is\/skilmalar-og-skilyrdi\/#breadcrumb\",\"itemListElement\":[{\"@type\":\"ListItem\",\"position\":1,\"name\":\"Home\",\"item\":\"https:\/\/www.ufi.eu\/is\/heim\/\"},{\"@type\":\"ListItem\",\"position\":2,\"name\":\"Skilm\u00e1lar og skilyr\u00f0i\"}]},{\"@type\":\"WebSite\",\"@id\":\"https:\/\/www.ufi.eu\/is\/#website\",\"url\":\"https:\/\/www.ufi.eu\/is\/\",\"name\":\"UFI.EU\",\"description\":\"Poison Centre Notifications (PCN) and UFI\",\"publisher\":{\"@id\":\"https:\/\/www.ufi.eu\/is\/#organization\"},\"potentialAction\":[{\"@type\":\"SearchAction\",\"target\":{\"@type\":\"EntryPoint\",\"urlTemplate\":\"https:\/\/www.ufi.eu\/is\/?s={search_term_string}\"},\"query-input\":{\"@type\":\"PropertyValueSpecification\",\"valueRequired\":true,\"valueName\":\"search_term_string\"}}],\"inLanguage\":\"is\"},{\"@type\":\"Organization\",\"@id\":\"https:\/\/www.ufi.eu\/is\/#organization\",\"name\":\"UFI.EU\",\"url\":\"https:\/\/www.ufi.eu\/is\/\",\"logo\":{\"@type\":\"ImageObject\",\"inLanguage\":\"is\",\"@id\":\"https:\/\/www.ufi.eu\/is\/#\/schema\/logo\/image\/\",\"url\":\"https:\/\/www.ufi.eu\/wp-content\/uploads\/2025\/03\/cropped-logo_ufi3.jpg\",\"contentUrl\":\"https:\/\/www.ufi.eu\/wp-content\/uploads\/2025\/03\/cropped-logo_ufi3.jpg\",\"width\":231,\"height\":78,\"caption\":\"UFI.EU\"},\"image\":{\"@id\":\"https:\/\/www.ufi.eu\/is\/#\/schema\/logo\/image\/\"},\"description\":\"UFI.eu specializes in digital registrations for Poison Centre Notifications (PCN), ensuring your chemical products meet EU regulatory requirements effortlessly. Our streamlined solutions help businesses stay compliant while reducing complexity and administrative burden.\",\"email\":\"info@ufi.eu\",\"legalName\":\"UFI.EU\"}]}<\/script>\n<!-- \/ Yoast SEO Premium plugin. -->","yoast_head_json":{"title":"Skilm\u00e1lar og skilyr\u00f0i - UFI","robots":{"index":"index","follow":"follow","max-snippet":"max-snippet:-1","max-image-preview":"max-image-preview:large","max-video-preview":"max-video-preview:-1"},"canonical":"https:\/\/www.ufi.eu\/is\/skilmalar-og-skilyrdi\/","og_locale":"is_IS","og_type":"article","og_title":"Skilm\u00e1lar og skilyr\u00f0i","og_description":"Fyrirt\u00e6ki: UFI.EU Skr\u00e1\u00f0 heimilisfang: Transistorstraat 91 &#8211; 02, 1322 CL Almere, Hollandi Vi\u00f0skiptar\u00e1\u00f0 (KvK): 61064939 VSK ID: NL854189543B01 1. Yfirlit \u00deessi vefs\u00ed\u00f0a er rekin af UFI.EU. \u00c1 \u00f6llu s\u00ed\u00f0unni v\u00edsa hugt\u00f6kin \u201evi\u00f0\u201c, \u201eokkur\u201c og \u201eokkar\u201c til UFI.EU. Me\u00f0 \u00fev\u00ed a\u00f0 heims\u00e6kja s\u00ed\u00f0una okkar og\/e\u00f0a kaupa eitthva\u00f0 af okkur ertu a\u00f0 nota \u201e\u00fej\u00f3nustu\u201c okkar og sam\u00feykkir [&hellip;]","og_url":"https:\/\/www.ufi.eu\/is\/skilmalar-og-skilyrdi\/","og_site_name":"UFI","article_modified_time":"2025-04-15T07:33:06+00:00","twitter_card":"summary_large_image","twitter_misc":{"Est. reading time":"6 minutes"},"schema":{"@context":"https:\/\/schema.org","@graph":[{"@type":"WebPage","@id":"https:\/\/www.ufi.eu\/is\/skilmalar-og-skilyrdi\/","url":"https:\/\/www.ufi.eu\/is\/skilmalar-og-skilyrdi\/","name":"Skilm\u00e1lar og skilyr\u00f0i - UFI","isPartOf":{"@id":"https:\/\/www.ufi.eu\/is\/#website"},"datePublished":"2025-04-15T07:33:05+00:00","dateModified":"2025-04-15T07:33:06+00:00","breadcrumb":{"@id":"https:\/\/www.ufi.eu\/is\/skilmalar-og-skilyrdi\/#breadcrumb"},"inLanguage":"is","potentialAction":[{"@type":"ReadAction","target":["https:\/\/www.ufi.eu\/is\/skilmalar-og-skilyrdi\/"]}]},{"@type":"BreadcrumbList","@id":"https:\/\/www.ufi.eu\/is\/skilmalar-og-skilyrdi\/#breadcrumb","itemListElement":[{"@type":"ListItem","position":1,"name":"Home","item":"https:\/\/www.ufi.eu\/is\/heim\/"},{"@type":"ListItem","position":2,"name":"Skilm\u00e1lar og skilyr\u00f0i"}]},{"@type":"WebSite","@id":"https:\/\/www.ufi.eu\/is\/#website","url":"https:\/\/www.ufi.eu\/is\/","name":"UFI.EU","description":"Poison Centre Notifications (PCN) and UFI","publisher":{"@id":"https:\/\/www.ufi.eu\/is\/#organization"},"potentialAction":[{"@type":"SearchAction","target":{"@type":"EntryPoint","urlTemplate":"https:\/\/www.ufi.eu\/is\/?s={search_term_string}"},"query-input":{"@type":"PropertyValueSpecification","valueRequired":true,"valueName":"search_term_string"}}],"inLanguage":"is"},{"@type":"Organization","@id":"https:\/\/www.ufi.eu\/is\/#organization","name":"UFI.EU","url":"https:\/\/www.ufi.eu\/is\/","logo":{"@type":"ImageObject","inLanguage":"is","@id":"https:\/\/www.ufi.eu\/is\/#\/schema\/logo\/image\/","url":"https:\/\/www.ufi.eu\/wp-content\/uploads\/2025\/03\/cropped-logo_ufi3.jpg","contentUrl":"https:\/\/www.ufi.eu\/wp-content\/uploads\/2025\/03\/cropped-logo_ufi3.jpg","width":231,"height":78,"caption":"UFI.EU"},"image":{"@id":"https:\/\/www.ufi.eu\/is\/#\/schema\/logo\/image\/"},"description":"UFI.eu specializes in digital registrations for Poison Centre Notifications (PCN), ensuring your chemical products meet EU regulatory requirements effortlessly. Our streamlined solutions help businesses stay compliant while reducing complexity and administrative burden.","email":"info@ufi.eu","legalName":"UFI.EU"}]}},"_links":{"self":[{"href":"https:\/\/www.ufi.eu\/is\/wp-json\/wp\/v2\/pages\/11406","targetHints":{"allow":["GET"]}}],"collection":[{"href":"https:\/\/www.ufi.eu\/is\/wp-json\/wp\/v2\/pages"}],"about":[{"href":"https:\/\/www.ufi.eu\/is\/wp-json\/wp\/v2\/types\/page"}],"author":[{"embeddable":true,"href":"https:\/\/www.ufi.eu\/is\/wp-json\/wp\/v2\/users\/1"}],"replies":[{"embeddable":true,"href":"https:\/\/www.ufi.eu\/is\/wp-json\/wp\/v2\/comments?post=11406"}],"version-history":[{"count":1,"href":"https:\/\/www.ufi.eu\/is\/wp-json\/wp\/v2\/pages\/11406\/revisions"}],"predecessor-version":[{"id":11407,"href":"https:\/\/www.ufi.eu\/is\/wp-json\/wp\/v2\/pages\/11406\/revisions\/11407"}],"wp:attachment":[{"href":"https:\/\/www.ufi.eu\/is\/wp-json\/wp\/v2\/media?parent=11406"}],"curies":[{"name":"wp","href":"https:\/\/api.w.org\/{rel}","templated":true}]}}