{"id":31725,"date":"2025-06-25T10:04:58","date_gmt":"2025-09-24T14:39:47","guid":{"rendered":"https:\/\/www.ufi.eu\/product\/pcn-ufi-csomag\/"},"modified":"2026-01-09T16:13:22","modified_gmt":"2026-01-09T16:13:22","slug":"pcn-ufi-csomag","status":"publish","type":"product","link":"https:\/\/www.ufi.eu\/hu\/product\/pcn-ufi-csomag\/","title":{"rendered":"PCN &amp; UFI csomag"},"content":{"rendered":"\n<h2 class=\"wp-block-heading\" id=\"h-how-does-the-ufi-creation-and-pcn-notification-service-work\">Hogyan m\u0171k\u00f6dik az UFI l\u00e9trehoz\u00e1sa \u00e9s a PCN-\u00e9rtes\u00edt\u00e9si szolg\u00e1ltat\u00e1s?<\/h2>\n\n<p>A szolg\u00e1ltat\u00e1s megv\u00e1s\u00e1rl\u00e1sa ut\u00e1n hozz\u00e1f\u00e9r\u00e9st kap a biztons\u00e1gos port\u00e1lhoz. Ez a port\u00e1l tartalmazza az \u00f6sszes l\u00e9p\u00e9s \u00e1ttekint\u00e9s\u00e9t.  \u00d6n kit\u00f6lti a term\u00e9k adatait, mi pedig munk\u00e1hoz l\u00e1tunk.<\/p>\n\n<h3 class=\"wp-block-heading\" id=\"h-poison-center-notification-amp-ufi\">M\u00e9regtelen\u00edt\u0151 k\u00f6zpont \u00e9rtes\u00edt\u00e9se \u00e9s UFI<\/h3>\n\n<p>Mi biztos\u00edtjuk:<\/p>\n\n<ul class=\"wp-block-list\">\n<li>A term\u00e9k egyedi k\u00e9pletazonos\u00edt\u00f3ja (UFI)<\/li>\n\n\n\n<li>A m\u00e9rgez\u0151 k\u00f6zpont \u00e9rtes\u00edt\u00e9se (PCN) jelent\u00e9se<\/li>\n\n\n\n<li>A term\u00e9k regisztr\u00e1l\u00e1sa az ECHA-n kereszt\u00fcl az illet\u00e9kes nemzeti m\u00e9rgez\u0151 k\u00f6zpontokn\u00e1l.<\/li>\n\n\n\n<li>A term\u00e9k biztons\u00e1gi adatlapja<\/li>\n<\/ul>\n\n<h3 class=\"wp-block-heading\" id=\"h-countries-for-pcn-registration\">A PCN-regisztr\u00e1ci\u00f3 orsz\u00e1gai<\/h3>\n\n<p>Megsz\u00e1molhatja, hogy h\u00e1ny orsz\u00e1gban szeretn\u00e9 regisztr\u00e1lni a term\u00e9k\u00e9t. Ez az orsz\u00e1gok sz\u00e1ma, amelyeket meg kell v\u00e1s\u00e1rolnia.  A port\u00e1lon bel\u00fcl ki tudja majd v\u00e1lasztani az egyes orsz\u00e1gokat. Ha azt tervezi, hogy k\u00e9s\u0151bb \u00faj orsz\u00e1gokra is kiterjeszti term\u00e9keinek \u00e9rt\u00e9kes\u00edt\u00e9s\u00e9t, akkor b\u00e1rmikor megrendelhet tov\u00e1bbi <a href=\"https:\/\/www.ufi.eu\/pcn\/countries\/countries-for-pcn-registration\/\" target=\"_blank\" rel=\"noreferrer noopener\">PCN orsz\u00e1gregisztr\u00e1ci\u00f3kat<\/a>.<br\/>Az EU-ban 27 orsz\u00e1g van, az EGT-ben pedig 30 (EU+Lichtenstein, Norv\u00e9gia \u00e9s Izland) A port\u00e1lon ezeket az orsz\u00e1gokat v\u00e1laszthatja ki: <\/p>\n\n<figure class=\"wp-block-table\"><table class=\"has-fixed-layout\"><tbody><tr><td>Belgium<\/td><td>(BE)<\/td><td>Spanyolorsz\u00e1g<\/td><td>(ES)<\/td><td>Magyarorsz\u00e1g<\/td><td>(HU)<\/td><td>Szlov\u00e1kia<\/td><td>(SK)<\/td><\/tr><tr><td>Bulg\u00e1ria<\/td><td>(BG)<\/td><td>Franciaorsz\u00e1g<\/td><td>(FR)<\/td><td>M\u00e1lta<\/td><td>(MT)<\/td><td>Finnorsz\u00e1g<\/td><td>(FI)<\/td><\/tr><tr><td>Csehorsz\u00e1g<\/td><td>(CZ)<\/td><td>Horv\u00e1torsz\u00e1g<\/td><td>(HR)<\/td><td>Hollandia<\/td><td>(NL)<\/td><td>Sv\u00e9dorsz\u00e1g<\/td><td>(SE)<\/td><\/tr><tr><td>D\u00e1nia<\/td><td>(DK)<\/td><td>Olaszorsz\u00e1g<\/td><td>(IT)<\/td><td>Ausztria<\/td><td>(AT)<\/td><td>N\u00e9metorsz\u00e1g<\/td><td>(DE)<\/td><\/tr><tr><td>Ciprus<\/td><td>(CY)<\/td><td>Lengyelorsz\u00e1g<\/td><td>(PL)<\/td><td>Izland<\/td><td>(IS)<\/td><td>\u00c9sztorsz\u00e1g<\/td><td>(EE)<\/td><\/tr><tr><td>Lettorsz\u00e1g<\/td><td>(LV)<\/td><td>Portug\u00e1lia<\/td><td>(PT)<\/td><td>Liechtenstein<\/td><td>(LI)<\/td><td>\u00cdrorsz\u00e1g<\/td><td>(IE)<\/td><\/tr><tr><td>Litv\u00e1nia<\/td><td>(LT)<\/td><td>Rom\u00e1nia<\/td><td>(RO)<\/td><td>Norv\u00e9gia<\/td><td>(NEM)<\/td><td>G\u00f6r\u00f6gorsz\u00e1g<\/td><td>(EL)<\/td><\/tr><tr><td>Luxemburg<\/td><td>(LU)<\/td><td>Szlov\u00e9nia<\/td><td>(SI)<\/td><td>Sv\u00e1jc*<\/td><td>(CH)<\/td><td>\u00a0<\/td><td>\u00a0<\/td><\/tr><\/tbody><\/table><\/figure>\n\n<p>*Sv\u00e1jc eset\u00e9ben elk\u00e9sz\u00edthetj\u00fck a PCN-dosszi\u00e9t, amely tartalmazza az \u00f6sszes sz\u00fcks\u00e9ges inform\u00e1ci\u00f3t a sv\u00e1jci port\u00e1lon t\u00f6rt\u00e9n\u0151 beny\u00fajt\u00e1shoz. Tov\u00e1bbi inform\u00e1ci\u00f3\u00e9rt forduljon hozz\u00e1nk. <\/p>\n\n<h3 class=\"wp-block-heading\" id=\"h-clp-label-information\">CLP-c\u00edmk\u00e9vel kapcsolatos inform\u00e1ci\u00f3k<\/h3>\n\n<p>Lehet\u0151s\u00e9get k\u00edn\u00e1lunk CLP-szabv\u00e1nynak megfelel\u0151 term\u00e9kc\u00edmke megv\u00e1s\u00e1rl\u00e1s\u00e1ra, amely az EU CLP-rendelet \u00e1ltal el\u0151\u00edrt \u00f6sszes k\u00f6telez\u0151 inform\u00e1ci\u00f3t tartalmazza. Ezt PDF form\u00e1tumban biztos\u00edtjuk.  Ez nem terv, hanem a sz\u00fcks\u00e9ges inform\u00e1ci\u00f3k \u00f6sszefoglal\u00e1sa. Ez lehet\u0151v\u00e9 teszi, hogy a sz\u00fcks\u00e9ges inform\u00e1ci\u00f3kat be\u00e9p\u00edtse a term\u00e9kc\u00edmke tervez\u00e9s\u00e9be. A <a href=\"https:\/\/www.ufi.eu\/pcn\/clp-label\/clp-label-creation-compliance-check\/\" target=\"_blank\" rel=\"noreferrer noopener\">CLP-c\u00edmkek\u00e9sz\u00edt\u00e9st<\/a> k\u00fcl\u00f6n is megrendelheti. M\u00e1r van c\u00edmk\u00e9je? &#8211; Elv\u00e9gezhetj\u00fck c\u00edmk\u00e9j\u00e9nek <a href=\"https:\/\/www.ufi.eu\/pcn\/clp-label\/clp-label-creation-compliance-check\/\" target=\"_blank\" rel=\"noreferrer noopener\">CLP-c\u00edmke-megfelel\u0151s\u00e9gi ellen\u0151rz\u00e9s\u00e9t<\/a> az aktu\u00e1lis CLP-k\u00f6vetelm\u00e9nyeknek megfelel\u0151en. R\u00e9szletes visszajelz\u00e9st \u00e9s korrekci\u00f3kat biztos\u00edtunk, hogy c\u00edmk\u00e9je megfeleljen a szab\u00e1lyoz\u00e1si el\u0151\u00edr\u00e1soknak.     <\/p>\n\n<h2 class=\"wp-block-heading\" id=\"h-registering-formulations-with-the-eu-poison-centre\">A k\u00e9sz\u00edtm\u00e9nyek nyilv\u00e1ntart\u00e1sba v\u00e9tele az EU M\u00e9rgez\u00e9si K\u00f6zpontj\u00e1n\u00e1l<\/h2>\n\n<p>A k\u00e9sz\u00edtm\u00e9nyek olyan k\u00e9miai kever\u00e9kek, amelyeket m\u00e1s kever\u00e9kekbe t\u00f6rt\u00e9n\u0151 tov\u00e1bbi \u00f6ssze\u00e1ll\u00edt\u00e1sra vagy k\u00f6zvetlen v\u00e9gfelhaszn\u00e1l\u00e1sra sz\u00e1nnak. Ezeket a kever\u00e9keket regisztr\u00e1lni kell az EU M\u00e9rgez\u00e9si K\u00f6zpontj\u00e1n\u00e1l annak biztos\u00edt\u00e1sa \u00e9rdek\u00e9ben, hogy a v\u00e9szhelyzetben dolgoz\u00f3k v\u00e9letlen expoz\u00edci\u00f3 eset\u00e9n hozz\u00e1f\u00e9rjenek a l\u00e9tfontoss\u00e1g\u00fa biztons\u00e1gi adatokhoz. A m\u00e9rgez\u00e9si k\u00f6zpont bejelent\u00e9si elj\u00e1r\u00e1sa (PCN) biztos\u00edtja, hogy a vonatkoz\u00f3 vesz\u00e9lyess\u00e9gi oszt\u00e1lyoz\u00e1sok \u00e9s toxikol\u00f3giai profilok az eg\u00e9szs\u00e9g\u00fcgyi szakemberek \u00e9s a hat\u00f3s\u00e1gok sz\u00e1m\u00e1ra k\u00f6nnyen hozz\u00e1f\u00e9rhet\u0151ek legyenek.  <\/p>\n\n<h3 class=\"wp-block-heading\" id=\"h-what-is-a-ufi\">Mi az UFI?<\/h3>\n\n<p>Az egyedi k\u00e9pletazonos\u00edt\u00f3 (UFI) egy 16 karakteres alfanumerikus k\u00f3d, amelyet a k\u00e9miai kever\u00e9kek egyedi azonos\u00edt\u00e1s\u00e1ra haszn\u00e1lnak. Ezt fel kell t\u00fcntetni a term\u00e9k c\u00edmk\u00e9j\u00e9n, \u00e9s fel kell t\u00fcntetni a biztons\u00e1gi adatlapon (SDS). Az UFI lehet\u0151v\u00e9 teszi a m\u00e9rgez\u0151 k\u00f6zpontok sz\u00e1m\u00e1ra, hogy incidens eset\u00e9n gyorsan lek\u00e9rdezz\u00e9k a kever\u00e9kre vonatkoz\u00f3 biztons\u00e1gi \u00e9s toxikol\u00f3giai inform\u00e1ci\u00f3kat.  <\/p>\n\n<h3 class=\"wp-block-heading\" id=\"h-what-is-a-pcn\">Mi az a PCN?<\/h3>\n\n<p>A M\u00e9regk\u00f6zpont-\u00e9rtes\u00edt\u00e9s (Poison Centre Notification, PCN) olyan hat\u00f3s\u00e1gi beadv\u00e1ny, amely r\u00e9szletes biztons\u00e1gi \u00e9s toxikol\u00f3giai adatokat tartalmaz a vesz\u00e9lyes kever\u00e9kekr\u0151l. A PCN olyan inform\u00e1ci\u00f3kat tartalmaz, mint a kever\u00e9k \u00f6sszet\u00e9tele, oszt\u00e1lyoz\u00e1sa, a vesz\u00e9lyre vonatkoz\u00f3 figyelmeztet\u00e9sek \u00e9s a v\u00e9szhelyzeti v\u00e1laszint\u00e9zked\u00e9sek. Ez k\u00f6telez\u0151 minden olyan vesz\u00e9lyes kever\u00e9k eset\u00e9ben, amelyet az EU piac\u00e1n forgalomba hoznak.  <\/p>\n\n<h3 class=\"wp-block-heading\" id=\"h-what-is-clp\">Mi az a CLP?<\/h3>\n\n<p>A CLP (oszt\u00e1lyoz\u00e1s, c\u00edmk\u00e9z\u00e9s \u00e9s csomagol\u00e1s) egy uni\u00f3s rendelet (1272\/2008\/EK), amely biztos\u00edtja, hogy a vegyi anyagokat vesz\u00e9lyeiknek megfelel\u0151en oszt\u00e1lyozz\u00e1k \u00e9s c\u00edmk\u00e9zz\u00e9k. \u00d6sszhangban van az ENSZ glob\u00e1lisan harmoniz\u00e1lt rendszer\u00e9vel (GHS), \u00e9s biztos\u00edtja, hogy minden vesz\u00e9lyes kever\u00e9k megfelel\u0151 figyelmeztet\u0151 c\u00edmk\u00e9vel \u00e9s biztons\u00e1gi utas\u00edt\u00e1ssal legyen ell\u00e1tva. <\/p>\n\n<h3 class=\"wp-block-heading\" id=\"h-what-is-the-eu-poison-centre\">Mi az EU M\u00e9regk\u00f6zpontja?<\/h3>\n\n<p>Az EU M\u00e9regk\u00f6zpontja egy hivatalos szerv, amely \u00f6sszegy\u0171jti \u00e9s t\u00e1rolja a vesz\u00e9lyes kever\u00e9kekre vonatkoz\u00f3 biztons\u00e1gi inform\u00e1ci\u00f3kat. Az eg\u00e9szs\u00e9g\u00fcgyi szakemberek \u00e9s a s\u00fcrg\u0151ss\u00e9gi seg\u00e9lyszolg\u00e1latok a M\u00e9regk\u00f6zpontra t\u00e1maszkodnak, hogy pontos k\u00e9miai biztons\u00e1gi adatokat szolg\u00e1ltasson v\u00e9letlen expoz\u00edci\u00f3 vagy m\u00e9rgez\u00e9s eset\u00e9n. <\/p>\n\n<h3 class=\"wp-block-heading\" id=\"h-why-is-this-needed\">Mi\u00e9rt van erre sz\u00fcks\u00e9g?<\/h3>\n\n<p>Az ipari k\u00e9sz\u00edtm\u00e9nyek gyakran tartalmaznak vesz\u00e9lyes vegyi anyagokat, amelyek v\u00e9szhelyzetben egy\u00e9rtelm\u0171 azonos\u00edt\u00e1st ig\u00e9nyelnek. A PCN beny\u00fajt\u00e1s\u00e1val a v\u00e1llalkoz\u00e1sok biztos\u00edtj\u00e1k, hogy a m\u00e9rgez\u0151 k\u00f6zpontok \u00e9s az eg\u00e9szs\u00e9g\u00fcgyi szakemberek azonnal hozz\u00e1f\u00e9rjenek a vonatkoz\u00f3 inform\u00e1ci\u00f3khoz, jav\u00edtva ezzel a biztons\u00e1got expoz\u00edci\u00f3 eset\u00e9n. <\/p>\n\n<h3 class=\"wp-block-heading\" id=\"h-since-when-is-it-by-law-obligatory\">Mi\u00f3ta k\u00f6telez\u0151 a t\u00f6rv\u00e9ny szerint?<\/h3>\n\n<p>A vesz\u00e9lyes kever\u00e9kekre vonatkoz\u00f3 PCN beny\u00fajt\u00e1s\u00e1ra vonatkoz\u00f3 jogi k\u00f6telezetts\u00e9g 2021. janu\u00e1r 1-j\u00e9n l\u00e9pett hat\u00e1lyba. A kiz\u00e1r\u00f3lag tov\u00e1bbfeldolgoz\u00e1sra haszn\u00e1lt ipari k\u00e9sz\u00edtm\u00e9nyek eset\u00e9ben a megfelel\u00e9s 2024. janu\u00e1r 1-t\u0151l k\u00f6telez\u0151. <\/p>\n","protected":false},"excerpt":{"rendered":"<p>Hogyan m\u0171k\u00f6dik az UFI l\u00e9trehoz\u00e1sa \u00e9s a PCN-\u00e9rtes\u00edt\u00e9si szolg\u00e1ltat\u00e1s? A szolg\u00e1ltat\u00e1s megv\u00e1s\u00e1rl\u00e1sa ut\u00e1n hozz\u00e1f\u00e9r\u00e9st kap a biztons\u00e1gos port\u00e1lhoz. Ez a port\u00e1l tartalmazza az \u00f6sszes l\u00e9p\u00e9s \u00e1ttekint\u00e9s\u00e9t. \u00d6n kit\u00f6lti a term\u00e9k adatait, mi pedig munk\u00e1hoz l\u00e1tunk. M\u00e9regtelen\u00edt\u0151 k\u00f6zpont \u00e9rtes\u00edt\u00e9se \u00e9s UFI Mi biztos\u00edtjuk: A PCN-regisztr\u00e1ci\u00f3 orsz\u00e1gai Megsz\u00e1molhatja, hogy h\u00e1ny orsz\u00e1gban szeretn\u00e9 regisztr\u00e1lni a term\u00e9k\u00e9t. Ez az [&hellip;]<\/p>\n","protected":false},"featured_media":12462,"template":"","meta":[],"product_brand":[],"product_cat":[407],"product_tag":[],"class_list":{"0":"post-31725","1":"product","2":"type-product","3":"status-publish","4":"has-post-thumbnail","6":"product_cat-clp-cimke","8":"first","9":"instock","10":"virtual","11":"taxable","12":"purchasable","13":"product-type-bundle"},"bundled_by":[],"bundle_stock_status":"instock","bundle_stock_quantity":"","bundle_virtual":false,"bundle_layout":"default","bundle_add_to_cart_form_location":"default","bundle_editable_in_cart":false,"bundle_sold_individually_context":"product","bundle_item_grouping":"parent","bundle_min_size":"","bundle_max_size":"","bundle_price":{"price":{"min":{"incl_tax":"78.65","excl_tax":"65"},"max":{"incl_tax":"","excl_tax":""}},"regular_price":{"min":{"incl_tax":"78.65","excl_tax":"65"},"max":{"incl_tax":"","excl_tax":""}}},"bundled_items":[{"bundled_item_id":12992,"product_id":12548,"menu_order":0,"quantity_min":1,"quantity_max":"","quantity_default":1,"priced_individually":true,"shipped_individually":true,"override_title":false,"title":"M\u00e9regtelen\u00edt\u0151 k\u00f6zpont \u00e9rtes\u00edt\u00e9se \u00e9s UFI","override_description":false,"description":"M\u00e9regtelen\u00edt\u0151 k\u00f6zpont \u00e9rtes\u00edt\u00e9se \u00e9s UFI","optional":false,"hide_thumbnail":false,"discount":"","override_variations":false,"allowed_variations":[""],"override_default_variation_attributes":false,"default_variation_attributes":[],"single_product_visibility":"visible","cart_visibility":"visible","order_visibility":"visible","single_product_price_visibility":"visible","cart_price_visibility":"visible","order_price_visibility":"visible","stock_status":"in_stock"},{"bundled_item_id":12993,"product_id":31707,"menu_order":1,"quantity_min":0,"quantity_max":"","quantity_default":0,"priced_individually":true,"shipped_individually":false,"override_title":false,"title":"Minden EGT-orsz\u00e1g a PCN regisztr\u00e1ci\u00f3hoz Bundle","override_description":false,"description":"Minden EGT-orsz\u00e1g a PCN regisztr\u00e1ci\u00f3hoz Bundle","optional":false,"hide_thumbnail":false,"discount":"","override_variations":false,"allowed_variations":[""],"override_default_variation_attributes":false,"default_variation_attributes":[],"single_product_visibility":"visible","cart_visibility":"visible","order_visibility":"visible","single_product_price_visibility":"visible","cart_price_visibility":"visible","order_price_visibility":"visible","stock_status":"in_stock"},{"bundled_item_id":13152,"product_id":12542,"menu_order":1,"quantity_min":0,"quantity_max":"","quantity_default":1,"priced_individually":true,"shipped_individually":true,"override_title":false,"title":"A PCN-regisztr\u00e1ci\u00f3 orsz\u00e1gai","override_description":false,"description":"A PCN-regisztr\u00e1ci\u00f3 orsz\u00e1gai","optional":false,"hide_thumbnail":false,"discount":"","override_variations":false,"allowed_variations":[""],"override_default_variation_attributes":false,"default_variation_attributes":[],"single_product_visibility":"visible","cart_visibility":"visible","order_visibility":"visible","single_product_price_visibility":"visible","cart_price_visibility":"visible","order_price_visibility":"visible","stock_status":"in_stock"},{"bundled_item_id":12994,"product_id":12786,"menu_order":2,"quantity_min":0,"quantity_max":"","quantity_default":0,"priced_individually":true,"shipped_individually":true,"override_title":false,"title":"CLP-c\u00edmke l\u00e9trehoz\u00e1sa \u00e9s megfelel\u0151s\u00e9g-ellen\u0151rz\u00e9s","override_description":true,"description":"","optional":false,"hide_thumbnail":false,"discount":"","override_variations":false,"allowed_variations":[""],"override_default_variation_attributes":false,"default_variation_attributes":[],"single_product_visibility":"visible","cart_visibility":"visible","order_visibility":"visible","single_product_price_visibility":"visible","cart_price_visibility":"visible","order_price_visibility":"visible","stock_status":"in_stock"},{"bundled_item_id":12995,"product_id":12461,"menu_order":3,"quantity_min":0,"quantity_max":"","quantity_default":0,"priced_individually":true,"shipped_individually":true,"override_title":false,"title":"Biztons\u00e1gi adatlap k\u00e9sz\u00edt\u00e9se","override_description":false,"description":"Biztons\u00e1gi adatlap k\u00e9sz\u00edt\u00e9se","optional":false,"hide_thumbnail":false,"discount":"","override_variations":false,"allowed_variations":[""],"override_default_variation_attributes":false,"default_variation_attributes":[],"single_product_visibility":"visible","cart_visibility":"visible","order_visibility":"visible","single_product_price_visibility":"visible","cart_price_visibility":"visible","order_price_visibility":"visible","stock_status":"in_stock"},{"bundled_item_id":12996,"product_id":12472,"menu_order":4,"quantity_min":0,"quantity_max":"","quantity_default":0,"priced_individually":true,"shipped_individually":false,"override_title":true,"title":"Biztons\u00e1gi adatlap nyelve","override_description":false,"description":"Biztons\u00e1gi adatlap nyelve","optional":false,"hide_thumbnail":false,"discount":"","override_variations":false,"allowed_variations":[""],"override_default_variation_attributes":false,"default_variation_attributes":[],"single_product_visibility":"visible","cart_visibility":"visible","order_visibility":"visible","single_product_price_visibility":"visible","cart_price_visibility":"visible","order_price_visibility":"visible","stock_status":"in_stock"}],"bundle_sell_ids":[],"yoast_head":"<!-- This site is optimized with the Yoast SEO Premium plugin v25.1 (Yoast SEO v25.1) - https:\/\/yoast.com\/wordpress\/plugins\/seo\/ -->\n<title>PCN &amp; UFI csomag - UFI<\/title>\n<meta name=\"description\" content=\"A PCN &amp; UFI csomag mindent megad \u00d6nnek, amire sz\u00fcks\u00e9ge van ahhoz, hogy megkezdhesse term\u00e9keinek \u00e9rt\u00e9kes\u00edt\u00e9s\u00e9t az EU-ban.\" \/>\n<meta name=\"robots\" content=\"index, follow, max-snippet:-1, max-image-preview:large, max-video-preview:-1\" \/>\n<link rel=\"canonical\" href=\"https:\/\/www.ufi.eu\/hu\/product\/pcn-ufi-csomag\/\" \/>\n<meta property=\"og:locale\" content=\"hu_HU\" \/>\n<meta property=\"og:type\" content=\"article\" \/>\n<meta property=\"og:title\" content=\"PCN &amp; UFI csomag\" \/>\n<meta property=\"og:description\" content=\"A PCN &amp; UFI csomag mindent megad \u00d6nnek, amire sz\u00fcks\u00e9ge van ahhoz, hogy megkezdhesse term\u00e9keinek \u00e9rt\u00e9kes\u00edt\u00e9s\u00e9t az EU-ban.\" \/>\n<meta property=\"og:url\" content=\"https:\/\/www.ufi.eu\/hu\/product\/pcn-ufi-csomag\/\" \/>\n<meta property=\"og:site_name\" content=\"UFI\" \/>\n<meta property=\"article:modified_time\" content=\"2026-01-09T16:13:22+00:00\" \/>\n<meta property=\"og:image\" content=\"https:\/\/www.ufi.eu\/wp-content\/uploads\/2025\/03\/pcn_ufi.jpg\" \/>\n\t<meta property=\"og:image:width\" content=\"1024\" \/>\n\t<meta property=\"og:image:height\" content=\"1024\" \/>\n\t<meta property=\"og:image:type\" content=\"image\/jpeg\" \/>\n<meta name=\"twitter:card\" content=\"summary_large_image\" \/>\n<meta name=\"twitter:label1\" content=\"\u00c1r\" \/>\n\t<meta name=\"twitter:data1\" content=\"&euro;0.00\" \/>\n\t<meta name=\"twitter:label2\" content=\"El\u00e9rhet\u0151s\u00e9g\" \/>\n\t<meta name=\"twitter:data2\" content=\"K\u00e9szleten\" \/>\n<script type=\"application\/ld+json\" class=\"yoast-schema-graph\">{\"@context\":\"https:\/\/schema.org\",\"@graph\":[{\"@type\":\"WebPage\",\"@id\":\"https:\/\/www.ufi.eu\/hu\/product\/pcn-ufi-csomag\/\",\"url\":\"https:\/\/www.ufi.eu\/hu\/product\/pcn-ufi-csomag\/\",\"name\":\"PCN &amp; UFI csomag - UFI\",\"isPartOf\":{\"@id\":\"https:\/\/www.ufi.eu\/hu\/#website\"},\"primaryImageOfPage\":{\"@id\":\"https:\/\/www.ufi.eu\/hu\/product\/pcn-ufi-csomag\/#primaryimage\"},\"image\":{\"@id\":\"https:\/\/www.ufi.eu\/hu\/product\/pcn-ufi-csomag\/#primaryimage\"},\"thumbnailUrl\":\"https:\/\/www.ufi.eu\/wp-content\/uploads\/2025\/03\/pcn_ufi.jpg\",\"datePublished\":\"2025-09-24T14:39:47+00:00\",\"dateModified\":\"2026-01-09T16:13:22+00:00\",\"description\":\"A PCN & UFI csomag mindent megad \u00d6nnek, amire sz\u00fcks\u00e9ge van ahhoz, hogy megkezdhesse term\u00e9keinek \u00e9rt\u00e9kes\u00edt\u00e9s\u00e9t az EU-ban.\",\"breadcrumb\":{\"@id\":\"https:\/\/www.ufi.eu\/hu\/product\/pcn-ufi-csomag\/#breadcrumb\"},\"inLanguage\":\"hu\",\"potentialAction\":[{\"@type\":\"ReadAction\",\"target\":[\"https:\/\/www.ufi.eu\/hu\/product\/pcn-ufi-csomag\/\"]}]},{\"@type\":\"ImageObject\",\"inLanguage\":\"hu\",\"@id\":\"https:\/\/www.ufi.eu\/hu\/product\/pcn-ufi-csomag\/#primaryimage\",\"url\":\"https:\/\/www.ufi.eu\/wp-content\/uploads\/2025\/03\/pcn_ufi.jpg\",\"contentUrl\":\"https:\/\/www.ufi.eu\/wp-content\/uploads\/2025\/03\/pcn_ufi.jpg\",\"width\":1024,\"height\":1024},{\"@type\":\"BreadcrumbList\",\"@id\":\"https:\/\/www.ufi.eu\/hu\/product\/pcn-ufi-csomag\/#breadcrumb\",\"itemListElement\":[{\"@type\":\"ListItem\",\"position\":1,\"name\":\"Home\",\"item\":\"https:\/\/www.ufi.eu\/hu\/home\/\"},{\"@type\":\"ListItem\",\"position\":2,\"name\":\"Bolt\",\"item\":\"https:\/\/www.ufi.eu\/hu\/bolt\/\"},{\"@type\":\"ListItem\",\"position\":3,\"name\":\"PCN &amp; UFI csomag\"}]},{\"@type\":\"WebSite\",\"@id\":\"https:\/\/www.ufi.eu\/hu\/#website\",\"url\":\"https:\/\/www.ufi.eu\/hu\/\",\"name\":\"UFI.EU\",\"description\":\"Poison Centre Notifications (PCN) and UFI\",\"publisher\":{\"@id\":\"https:\/\/www.ufi.eu\/hu\/#organization\"},\"potentialAction\":[{\"@type\":\"SearchAction\",\"target\":{\"@type\":\"EntryPoint\",\"urlTemplate\":\"https:\/\/www.ufi.eu\/hu\/?s={search_term_string}\"},\"query-input\":{\"@type\":\"PropertyValueSpecification\",\"valueRequired\":true,\"valueName\":\"search_term_string\"}}],\"inLanguage\":\"hu\"},{\"@type\":\"Organization\",\"@id\":\"https:\/\/www.ufi.eu\/hu\/#organization\",\"name\":\"UFI.EU\",\"url\":\"https:\/\/www.ufi.eu\/hu\/\",\"logo\":{\"@type\":\"ImageObject\",\"inLanguage\":\"hu\",\"@id\":\"https:\/\/www.ufi.eu\/hu\/#\/schema\/logo\/image\/\",\"url\":\"https:\/\/www.ufi.eu\/wp-content\/uploads\/2025\/03\/cropped-logo_ufi3.jpg\",\"contentUrl\":\"https:\/\/www.ufi.eu\/wp-content\/uploads\/2025\/03\/cropped-logo_ufi3.jpg\",\"width\":231,\"height\":78,\"caption\":\"UFI.EU\"},\"image\":{\"@id\":\"https:\/\/www.ufi.eu\/hu\/#\/schema\/logo\/image\/\"},\"description\":\"UFI.eu specializes in digital registrations for Poison Centre Notifications (PCN), ensuring your chemical products meet EU regulatory requirements effortlessly. Our streamlined solutions help businesses stay compliant while reducing complexity and administrative burden.\",\"email\":\"info@ufi.eu\",\"legalName\":\"UFI.EU\"}]}<\/script>\n<meta property=\"product:price:amount\" content=\"0.00\" \/>\n<meta property=\"product:price:currency\" content=\"EUR\" \/>\n<meta property=\"og:availability\" content=\"instock\" \/>\n<meta property=\"product:availability\" content=\"instock\" \/>\n<meta property=\"product:condition\" content=\"new\" \/>\n<!-- \/ Yoast SEO Premium plugin. -->","yoast_head_json":{"title":"PCN &amp; UFI csomag - UFI","description":"A PCN & UFI csomag mindent megad \u00d6nnek, amire sz\u00fcks\u00e9ge van ahhoz, hogy megkezdhesse term\u00e9keinek \u00e9rt\u00e9kes\u00edt\u00e9s\u00e9t az EU-ban.","robots":{"index":"index","follow":"follow","max-snippet":"max-snippet:-1","max-image-preview":"max-image-preview:large","max-video-preview":"max-video-preview:-1"},"canonical":"https:\/\/www.ufi.eu\/hu\/product\/pcn-ufi-csomag\/","og_locale":"hu_HU","og_type":"article","og_title":"PCN &amp; UFI csomag","og_description":"A PCN & UFI csomag mindent megad \u00d6nnek, amire sz\u00fcks\u00e9ge van ahhoz, hogy megkezdhesse term\u00e9keinek \u00e9rt\u00e9kes\u00edt\u00e9s\u00e9t az EU-ban.","og_url":"https:\/\/www.ufi.eu\/hu\/product\/pcn-ufi-csomag\/","og_site_name":"UFI","article_modified_time":"2026-01-09T16:13:22+00:00","og_image":[{"width":1024,"height":1024,"url":"https:\/\/www.ufi.eu\/wp-content\/uploads\/2025\/03\/pcn_ufi.jpg","type":"image\/jpeg"}],"twitter_card":"summary_large_image","twitter_misc":{"\u00c1r":"&euro;0.00","El\u00e9rhet\u0151s\u00e9g":"K\u00e9szleten"},"schema":{"@context":"https:\/\/schema.org","@graph":[{"@type":"WebPage","@id":"https:\/\/www.ufi.eu\/hu\/product\/pcn-ufi-csomag\/","url":"https:\/\/www.ufi.eu\/hu\/product\/pcn-ufi-csomag\/","name":"PCN &amp; UFI csomag - UFI","isPartOf":{"@id":"https:\/\/www.ufi.eu\/hu\/#website"},"primaryImageOfPage":{"@id":"https:\/\/www.ufi.eu\/hu\/product\/pcn-ufi-csomag\/#primaryimage"},"image":{"@id":"https:\/\/www.ufi.eu\/hu\/product\/pcn-ufi-csomag\/#primaryimage"},"thumbnailUrl":"https:\/\/www.ufi.eu\/wp-content\/uploads\/2025\/03\/pcn_ufi.jpg","datePublished":"2025-09-24T14:39:47+00:00","dateModified":"2026-01-09T16:13:22+00:00","description":"A PCN & UFI csomag mindent megad \u00d6nnek, amire sz\u00fcks\u00e9ge van ahhoz, hogy megkezdhesse term\u00e9keinek \u00e9rt\u00e9kes\u00edt\u00e9s\u00e9t az EU-ban.","breadcrumb":{"@id":"https:\/\/www.ufi.eu\/hu\/product\/pcn-ufi-csomag\/#breadcrumb"},"inLanguage":"hu","potentialAction":[{"@type":"ReadAction","target":["https:\/\/www.ufi.eu\/hu\/product\/pcn-ufi-csomag\/"]}]},{"@type":"ImageObject","inLanguage":"hu","@id":"https:\/\/www.ufi.eu\/hu\/product\/pcn-ufi-csomag\/#primaryimage","url":"https:\/\/www.ufi.eu\/wp-content\/uploads\/2025\/03\/pcn_ufi.jpg","contentUrl":"https:\/\/www.ufi.eu\/wp-content\/uploads\/2025\/03\/pcn_ufi.jpg","width":1024,"height":1024},{"@type":"BreadcrumbList","@id":"https:\/\/www.ufi.eu\/hu\/product\/pcn-ufi-csomag\/#breadcrumb","itemListElement":[{"@type":"ListItem","position":1,"name":"Home","item":"https:\/\/www.ufi.eu\/hu\/home\/"},{"@type":"ListItem","position":2,"name":"Bolt","item":"https:\/\/www.ufi.eu\/hu\/bolt\/"},{"@type":"ListItem","position":3,"name":"PCN &amp; UFI csomag"}]},{"@type":"WebSite","@id":"https:\/\/www.ufi.eu\/hu\/#website","url":"https:\/\/www.ufi.eu\/hu\/","name":"UFI.EU","description":"Poison Centre Notifications (PCN) and UFI","publisher":{"@id":"https:\/\/www.ufi.eu\/hu\/#organization"},"potentialAction":[{"@type":"SearchAction","target":{"@type":"EntryPoint","urlTemplate":"https:\/\/www.ufi.eu\/hu\/?s={search_term_string}"},"query-input":{"@type":"PropertyValueSpecification","valueRequired":true,"valueName":"search_term_string"}}],"inLanguage":"hu"},{"@type":"Organization","@id":"https:\/\/www.ufi.eu\/hu\/#organization","name":"UFI.EU","url":"https:\/\/www.ufi.eu\/hu\/","logo":{"@type":"ImageObject","inLanguage":"hu","@id":"https:\/\/www.ufi.eu\/hu\/#\/schema\/logo\/image\/","url":"https:\/\/www.ufi.eu\/wp-content\/uploads\/2025\/03\/cropped-logo_ufi3.jpg","contentUrl":"https:\/\/www.ufi.eu\/wp-content\/uploads\/2025\/03\/cropped-logo_ufi3.jpg","width":231,"height":78,"caption":"UFI.EU"},"image":{"@id":"https:\/\/www.ufi.eu\/hu\/#\/schema\/logo\/image\/"},"description":"UFI.eu specializes in digital registrations for Poison Centre Notifications (PCN), ensuring your chemical products meet EU regulatory requirements effortlessly. Our streamlined solutions help businesses stay compliant while reducing complexity and administrative burden.","email":"info@ufi.eu","legalName":"UFI.EU"}]},"product_price_amount":"0.00","product_price_currency":"EUR","og_availability":"instock","product_availability":"instock","product_condition":"new"},"_links":{"self":[{"href":"https:\/\/www.ufi.eu\/hu\/wp-json\/wp\/v2\/product\/31725","targetHints":{"allow":["GET"]}}],"collection":[{"href":"https:\/\/www.ufi.eu\/hu\/wp-json\/wp\/v2\/product"}],"about":[{"href":"https:\/\/www.ufi.eu\/hu\/wp-json\/wp\/v2\/types\/product"}],"wp:featuredmedia":[{"embeddable":true,"href":"https:\/\/www.ufi.eu\/hu\/wp-json\/wp\/v2\/media\/12462"}],"wp:attachment":[{"href":"https:\/\/www.ufi.eu\/hu\/wp-json\/wp\/v2\/media?parent=31725"}],"wp:term":[{"taxonomy":"product_brand","embeddable":true,"href":"https:\/\/www.ufi.eu\/hu\/wp-json\/wp\/v2\/product_brand?post=31725"},{"taxonomy":"product_cat","embeddable":true,"href":"https:\/\/www.ufi.eu\/hu\/wp-json\/wp\/v2\/product_cat?post=31725"},{"taxonomy":"product_tag","embeddable":true,"href":"https:\/\/www.ufi.eu\/hu\/wp-json\/wp\/v2\/product_tag?post=31725"}],"curies":[{"name":"wp","href":"https:\/\/api.w.org\/{rel}","templated":true}]}}