{"id":12832,"date":"2025-04-15T20:37:57","date_gmt":"2025-04-15T20:37:57","guid":{"rendered":"https:\/\/www.ufi.eu\/pcn\/nem-kategorizalt\/biztonsagi-adatlap-msds-sds-keszitesi-szolgaltatas\/"},"modified":"2025-04-15T20:38:05","modified_gmt":"2025-04-15T20:38:05","slug":"biztonsagi-adatlap-msds-sds-keszitesi-szolgaltatas","status":"publish","type":"product","link":"https:\/\/www.ufi.eu\/hu\/product\/biztonsagi-adatlap-msds-sds-keszitesi-szolgaltatas\/","title":{"rendered":"Biztons\u00e1gi adatlap (MSDS\/SDS) k\u00e9sz\u00edt\u00e9si szolg\u00e1ltat\u00e1s"},"content":{"rendered":"\n<p><strong>Szakszer\u0171en meg\u00edrt biztons\u00e1gi adatlapok, amelyek teljes m\u00e9rt\u00e9kben megfelelnek az uni\u00f3s rendeleteknek (REACH \u00e9s CLP).<\/strong><\/p>\n\n<p>Szakszer\u0171en elk\u00e9sz\u00edtett <strong>biztons\u00e1gi adatlapokat (SDS<\/strong> ) &#8211; m\u00e1s n\u00e9ven <strong>anyagbiztons\u00e1gi adatlapokat (MSDS<\/strong> ) &#8211; biztos\u00edtunk az \u00d6n term\u00e9k\u00e9re szabottan \u00e9s a leg\u00fajabb uni\u00f3s el\u0151\u00edr\u00e1soknak megfelel\u0151en. Ak\u00e1r vegyi anyagkever\u00e9keket gy\u00e1rt, ak\u00e1r term\u00e9keket import\u00e1l az EU-ba, ak\u00e1r saj\u00e1t m\u00e1rkan\u00e9v alatt forgalmaz, a jogszab\u00e1lyoknak megfelel\u0151 SDS a teljes ell\u00e1t\u00e1si l\u00e1nc biztons\u00e1gos haszn\u00e1lat\u00e1hoz elengedhetetlen\u00fcl sz\u00fcks\u00e9ges. <\/p>\n\n<h2 class=\"wp-block-heading\" id=\"h-what-is-an-safety-data-sheet-msds-sds-and-why-do-you-need-one\">Mi az a biztons\u00e1gi adatlap (MSDS\/SDS) \u00e9s mi\u00e9rt van r\u00e1 sz\u00fcks\u00e9g?<\/h2>\n\n<p>A <strong>biztons\u00e1gi adatlap<\/strong> egy jogszab\u00e1lyban el\u0151\u00edrt dokumentum, amely \u00e1tfog\u00f3 t\u00e1j\u00e9koztat\u00e1st ny\u00fajt egy vegyi anyag vagy kever\u00e9k tulajdons\u00e1gair\u00f3l. A <strong>REACH (1907\/2006\/EK)<\/strong> \u00e9s a <strong><a href=\"https:\/\/www.ufi.eu\/hu\/pcn\/clp-cimke\/clp-cimke-letrehozasa-es-megfeleloseg-ellenorzes\/\">CLP (1272\/2008\/EK)<\/a><\/strong>\u00e9rtelm\u00e9ben a sz\u00e1ll\u00edt\u00f3knak minden vesz\u00e9lyes vagy aggodalomra okot ad\u00f3 anyagot tartalmaz\u00f3 term\u00e9kr\u0151l SDS-t kell biztos\u00edtaniuk a tov\u00e1bbfelhaszn\u00e1l\u00f3knak. <\/p>\n\n<p>A pontos \u00e9s teljes SDS beny\u00fajt\u00e1s\u00e1nak elmulaszt\u00e1sa a k\u00f6vetkez\u0151kh\u00f6z vezethet:<\/p>\n\n<ul class=\"wp-block-list\">\n<li><strong>Jogi szankci\u00f3k<\/strong> vagy v\u00e1mk\u00e9sedelmek<\/li>\n\n\n\n<li><strong>Visszautas\u00edtott sz\u00e1ll\u00edtm\u00e1nyok<\/strong> vagy elvesztett \u00fczleti partnerek<\/li>\n\n\n\n<li><strong>Az emberi eg\u00e9szs\u00e9gre \u00e9s a k\u00f6rnyezetre jelentett kock\u00e1zat<\/strong><\/li>\n<\/ul>\n\n<h2 class=\"wp-block-heading\" id=\"h-what-our-sds-creation-service-includes\">Mit tartalmaz az SDS-k\u00e9sz\u00edt\u00e9si szolg\u00e1ltat\u00e1sunk<\/h2>\n\n<h4 class=\"wp-block-heading\" id=\"h-1-fully-compliant-sds-creation-16-sections\">1. <strong>Teljesen megfelel\u0151 SDS l\u00e9trehoz\u00e1sa (16 szakasz)<\/strong><\/h4>\n\n<p>Az SDS-t a semmib\u0151l k\u00e9sz\u00edtj\u00fck el az \u00d6n term\u00e9k\u00f6sszet\u00e9tele \u00e9s\/vagy megl\u00e9v\u0151 adatai alapj\u00e1n, bele\u00e9rtve a k\u00f6vetkez\u0151ket:<\/p>\n\n<ul class=\"wp-block-list\">\n<li>Vesz\u00e9lyess\u00e9gi oszt\u00e1lyoz\u00e1s \u00e9s c\u00edmk\u00e9z\u00e9si inform\u00e1ci\u00f3k (CLP-konform)<\/li>\n\n\n\n<li>\u00d6sszet\u00e9tel \u00e9s \u00f6sszetev\u0151k k\u00f6zz\u00e9t\u00e9tele<\/li>\n\n\n\n<li>Biztons\u00e1gos kezel\u00e9si, t\u00e1rol\u00e1si \u00e9s sz\u00e1ll\u00edt\u00e1si utas\u00edt\u00e1sok<\/li>\n\n\n\n<li>Els\u0151seg\u00e9lyny\u00fajt\u00e1s, t\u0171zolt\u00e1s \u00e9s balesetvesz\u00e9lyes kibocs\u00e1t\u00e1s elleni int\u00e9zked\u00e9sek<\/li>\n\n\n\n<li>Szab\u00e1lyoz\u00e1si hivatkoz\u00e1sok (REACH II. mell\u00e9klet)<\/li>\n<\/ul>\n\n<p>Minden SDS-t a <strong>REACH II. mell\u00e9klet\u00e9nek<\/strong> megfelel\u0151en, a leg\u00fajabb friss\u00edt\u00e9sekkel \u00e9s harmoniz\u00e1lt oszt\u00e1lyoz\u00e1sokkal \u00f6sszehangolva sz\u00e1ll\u00edtunk.<\/p>\n\n<h4 class=\"wp-block-heading\" id=\"h-2-multilingual-sds-versions\">2. <strong>T\u00f6bbnyelv\u0171 SDS-verzi\u00f3k<\/strong><\/h4>\n\n<p>SDS-k\u00e9sz\u00edt\u00e9st k\u00edn\u00e1lunk t\u00f6bb hivatalos uni\u00f3s nyelven, hat\u00e1rokon \u00e1tny\u00fal\u00f3 terjeszt\u00e9sre k\u00e9szen. Ez mag\u00e1ban foglalja a k\u00f6vetkez\u0151ket: <\/p>\n\n<ul class=\"wp-block-list\">\n<li><a href=\"https:\/\/www.ufi.eu\/hu\/pcn\/biztonsagi-adatlap\/biztonsagi-adatlap-forditas\/\">MSDS ford\u00edt\u00e1sok<\/a> a k\u00e9miai terminol\u00f3gi\u00e1t ismer\u0151 szak\u00e9rt\u0151k \u00e1ltal<\/li>\n\n\n\n<li>Orsz\u00e1gspecifikus kiigaz\u00edt\u00e1sok, ha sz\u00fcks\u00e9ges (pl. nemzeti expoz\u00edci\u00f3s hat\u00e1r\u00e9rt\u00e9kek)<\/li>\n<\/ul>\n\n<h4 class=\"wp-block-heading\" id=\"h-3-update-amp-conversion-service\">3. <strong>Friss\u00edt\u00e9s \u00e9s konverzi\u00f3s szolg\u00e1ltat\u00e1s<\/strong><\/h4>\n\n<p>M\u00e1r van elavult vagy nem megfelel\u0151 SDS-e? Mi megtehetj\u00fck: <\/p>\n\n<ul class=\"wp-block-list\">\n<li>A megl\u00e9v\u0151 lap fel\u00fclvizsg\u00e1lata \u00e9s friss\u00edt\u00e9se a jelenlegi szabv\u00e1nyoknak val\u00f3 megfelel\u00e9s \u00e9rdek\u00e9ben<\/li>\n\n\n\n<li>A nem EU-s SDS-form\u00e1tumok (pl. US OSHA) \u00e1talak\u00edt\u00e1sa EU REACH-konform v\u00e1ltozatokk\u00e1.<\/li>\n<\/ul>\n\n<h4 class=\"wp-block-heading\" id=\"h-4-optional-add-ons\">4. <strong>V\u00e1laszthat\u00f3 kieg\u00e9sz\u00edt\u0151k<\/strong><\/h4>\n\n<ul class=\"wp-block-list\">\n<li><a href=\"https:\/\/www.ufi.eu\/hu\/pcn\/clp-cimke\/clp-cimke-letrehozasa-es-megfeleloseg-ellenorzes\/\">CLP-c\u00edmke l\u00e9trehoz\u00e1sa<\/a> az SDS-nek megfelel\u0151en<\/li>\n\n\n\n<li>UFI gener\u00e1l\u00e1s \u00e9s PCN \u00e9rtes\u00edt\u00e9s<\/li>\n\n\n\n<li>Term\u00e9koszt\u00e1lyoz\u00e1s nyersanyagok vagy \u00f6sszetev\u0151k list\u00e1ja alapj\u00e1n<\/li>\n<\/ul>\n\n<h2 class=\"wp-block-heading\" id=\"h-which-products-need-an-sds\">Mely term\u00e9kekhez van sz\u00fcks\u00e9g SDS-re?<\/h2>\n\n<p>SDS sz\u00fcks\u00e9ges, ha a term\u00e9k:<\/p>\n\n<ul class=\"wp-block-list\">\n<li>Vesz\u00e9lyesnek min\u0151s\u00fcl (pl. gy\u00fal\u00e9kony, irrit\u00e1l\u00f3, m\u00e9rgez\u0151, mar\u00f3 hat\u00e1s\u00fa).<\/li>\n\n\n\n<li>Vesz\u00e9lyes anyagokat tartalmaz, vagy olyan anyagokat, amelyek szerepelnek bizonyos szab\u00e1lyoz\u00e1si list\u00e1kon (pl. SVHC).<\/li>\n\n\n\n<li>Professzion\u00e1lis vagy ipari felhaszn\u00e1l\u00e1sra sz\u00e1nt\u00e1k, m\u00e9g akkor is, ha nem min\u0151s\u00fcl vesz\u00e9lyesnek.<\/li>\n<\/ul>\n\n<p>Ez a term\u00e9kek sz\u00e9les k\u00f6r\u00e9re vonatkozik:<\/p>\n\n<ul class=\"wp-block-list\">\n<li>Illat \u00e9s ill\u00f3olaj kever\u00e9kek<\/li>\n\n\n\n<li>Tiszt\u00edt\u00f3szerek \u00e9s fel\u00fcleti spray-k<\/li>\n\n\n\n<li>Fest\u00e9kek, bevonatok \u00e9s gyant\u00e1k<\/li>\n\n\n\n<li>Viaszolvaszt\u00f3k, szobaspray-k \u00e9s l\u00e9gfriss\u00edt\u0151k<\/li>\n\n\n\n<li>Ipari vegyi anyagok \u00e9s k\u00f6ztes term\u00e9kek<\/li>\n<\/ul>\n\n<h2 class=\"wp-block-heading\" id=\"h-who-is-this-service-for\">Kinek sz\u00f3l ez a szolg\u00e1ltat\u00e1s?<\/h2>\n\n<ul class=\"wp-block-list\">\n<li>Vegyi kever\u00e9kek gy\u00e1rt\u00f3i \u00e9s m\u00e1rkatulajdonosai<\/li>\n\n\n\n<li>Az EU-n k\u00edv\u00fclr\u0151l sz\u00e1rmaz\u00f3 term\u00e9kek import\u0151rei<\/li>\n\n\n\n<li>Saj\u00e1t m\u00e1rk\u00e1s \u00e9s feh\u00e9r m\u00e1rk\u00e1s forgalmaz\u00f3k<\/li>\n\n\n\n<li>Vesz\u00e9lyes \u00e1rukat online piactereken vagy kiskereskedelemben \u00e9rt\u00e9kes\u00edt\u0151 v\u00e1llalatok<\/li>\n<\/ul>\n\n<h2 class=\"wp-block-heading\" id=\"h-why-choose-ufi-eu\">Mi\u00e9rt v\u00e1lassza az UFI.EU-t?<\/h2>\n\n<ul class=\"wp-block-list\">\n<li><strong>Tapasztalt szab\u00e1lyoz\u00e1si csapat<\/strong> a CLP, REACH \u00e9s PCN ter\u00fclet\u00e9re szakosodottan<\/li>\n\n\n\n<li><strong>Pontos \u00e9s teljesen megfelel\u0151 SDS<\/strong> az \u00d6n term\u00e9k\u00e9re szabva<\/li>\n\n\n\n<li><strong>T\u00f6bbnyelv\u0171 t\u00e1mogat\u00e1s<\/strong> az EU-szint\u0171 megfelel\u00e9s \u00e9rdek\u00e9ben<\/li>\n\n\n\n<li><strong>Gyors \u00e1tfut\u00e1si id\u0151<\/strong> \u00e9s \u00e1tl\u00e1that\u00f3 \u00e1rk\u00e9pz\u00e9s<\/li>\n<\/ul>\n\n<h2 class=\"wp-block-heading\" id=\"h-how-it-works\">Hogyan m\u0171k\u00f6dik<\/h2>\n\n<ol class=\"wp-block-list\">\n<li><strong>K\u00fcldje el term\u00e9kformul\u00e1j\u00e1t vagy megl\u00e9v\u0151 SDS-\u00e9t<\/strong><\/li>\n\n\n\n<li><strong>Elemezz\u00fck az \u00f6sszetev\u0151ket \u00e9s elk\u00e9sz\u00edtj\u00fck az SDS-t.<\/strong><\/li>\n\n\n\n<li><strong>Professzion\u00e1lisan form\u00e1zott, terjeszt\u00e9sre vagy regisztr\u00e1ci\u00f3ra k\u00e9sz dokumentumot kap<\/strong><\/li>\n<\/ol>\n\n<h2 class=\"wp-block-heading\" id=\"h-order-your-sds-today\">Rendelje meg SDS-\u00e9t m\u00e9g ma<\/h2>\n\n<p>Ak\u00e1r \u00faj SDS-re, ak\u00e1r friss\u00edt\u00e9sre, ak\u00e1r t\u00f6bbnyelv\u0171 v\u00e1ltozatokra van sz\u00fcks\u00e9ge a k\u00fcl\u00f6nb\u00f6z\u0151 piacok sz\u00e1m\u00e1ra, <strong>az UFI.EU<\/strong> megb\u00edzhat\u00f3 partnere a vegyi anyagoknak val\u00f3 megfelel\u00e9sben.<br\/><strong>Rendelje meg SDS-k\u00e9sz\u00edt\u00e9si szolg\u00e1ltat\u00e1s\u00e1t most, \u00e9s maradjon teljes m\u00e9rt\u00e9kben az uni\u00f3s jogszab\u00e1lyoknak megfelel\u0151.<\/strong><\/p>\n","protected":false},"excerpt":{"rendered":"<p>Szakszer\u0171en meg\u00edrt biztons\u00e1gi adatlapok, amelyek teljes m\u00e9rt\u00e9kben megfelelnek az uni\u00f3s rendeleteknek (REACH \u00e9s CLP). Szakszer\u0171en elk\u00e9sz\u00edtett biztons\u00e1gi adatlapokat (SDS ) &#8211; m\u00e1s n\u00e9ven anyagbiztons\u00e1gi adatlapokat (MSDS ) &#8211; biztos\u00edtunk az \u00d6n term\u00e9k\u00e9re szabottan \u00e9s a leg\u00fajabb uni\u00f3s el\u0151\u00edr\u00e1soknak megfelel\u0151en. Ak\u00e1r vegyi anyagkever\u00e9keket gy\u00e1rt, ak\u00e1r term\u00e9keket import\u00e1l az EU-ba, ak\u00e1r saj\u00e1t m\u00e1rkan\u00e9v alatt forgalmaz, a jogszab\u00e1lyoknak [&hellip;]<\/p>\n","protected":false},"featured_media":12462,"template":"","meta":[],"product_brand":[],"product_cat":[293],"product_tag":[],"class_list":{"0":"post-12832","1":"product","2":"type-product","3":"status-publish","4":"has-post-thumbnail","6":"product_cat-biztonsagi-adatlap","8":"first","9":"instock","10":"virtual","11":"taxable","12":"purchasable","13":"product-type-bundle"},"bundled_by":[],"bundle_stock_status":"instock","bundle_stock_quantity":"","bundle_virtual":false,"bundle_layout":"default","bundle_add_to_cart_form_location":"default","bundle_editable_in_cart":false,"bundle_sold_individually_context":"product","bundle_item_grouping":"parent","bundle_min_size":"","bundle_max_size":"","bundle_price":{"price":{"min":{"incl_tax":"119.79","excl_tax":"99"},"max":{"incl_tax":"","excl_tax":""}},"regular_price":{"min":{"incl_tax":"119.79","excl_tax":"99"},"max":{"incl_tax":"","excl_tax":""}}},"bundled_items":[{"bundled_item_id":1417,"product_id":12461,"menu_order":0,"quantity_min":1,"quantity_max":1,"quantity_default":1,"priced_individually":true,"shipped_individually":true,"override_title":false,"title":null,"override_description":false,"description":null,"optional":false,"hide_thumbnail":false,"discount":"","override_variations":false,"allowed_variations":[""],"override_default_variation_attributes":false,"default_variation_attributes":[],"single_product_visibility":"visible","cart_visibility":"visible","order_visibility":"visible","single_product_price_visibility":"visible","cart_price_visibility":"visible","order_price_visibility":"visible","stock_status":"in_stock"},{"bundled_item_id":1418,"product_id":12472,"menu_order":1,"quantity_min":1,"quantity_max":"","quantity_default":1,"priced_individually":true,"shipped_individually":false,"override_title":false,"title":null,"override_description":false,"description":null,"optional":false,"hide_thumbnail":false,"discount":"","override_variations":false,"allowed_variations":[""],"override_default_variation_attributes":false,"default_variation_attributes":[],"single_product_visibility":"visible","cart_visibility":"visible","order_visibility":"visible","single_product_price_visibility":"visible","cart_price_visibility":"visible","order_price_visibility":"visible","stock_status":"in_stock"}],"bundle_sell_ids":[],"yoast_head":"<!-- This site is optimized with the Yoast SEO Premium plugin v25.1 (Yoast SEO v25.1) - https:\/\/yoast.com\/wordpress\/plugins\/seo\/ -->\n<title>Biztons\u00e1gi adatlap (MSDS\/SDS) k\u00e9sz\u00edt\u00e9si szolg\u00e1ltat\u00e1s - UFI<\/title>\n<meta name=\"description\" content=\"Szakszer\u0171en elk\u00e9sz\u00edtett biztons\u00e1gi adatlapokat (SDS) - m\u00e1s n\u00e9ven anyagbiztons\u00e1gi adatlapokat (MSDS) - biztos\u00edtunk az \u00d6n term\u00e9k\u00e9re szabottan \u00e9s a leg\u00fajabb uni\u00f3s el\u0151\u00edr\u00e1soknak megfelel\u0151en.\" \/>\n<meta name=\"robots\" content=\"index, follow, max-snippet:-1, max-image-preview:large, max-video-preview:-1\" \/>\n<link rel=\"canonical\" href=\"https:\/\/www.ufi.eu\/hu\/product\/biztonsagi-adatlap-msds-sds-keszitesi-szolgaltatas\/\" \/>\n<meta property=\"og:locale\" content=\"hu_HU\" \/>\n<meta property=\"og:type\" content=\"article\" \/>\n<meta property=\"og:title\" content=\"Biztons\u00e1gi adatlap (MSDS\/SDS) k\u00e9sz\u00edt\u00e9si szolg\u00e1ltat\u00e1s\" \/>\n<meta property=\"og:description\" content=\"Szakszer\u0171en elk\u00e9sz\u00edtett biztons\u00e1gi adatlapokat (SDS) - m\u00e1s n\u00e9ven anyagbiztons\u00e1gi adatlapokat (MSDS) - biztos\u00edtunk az \u00d6n term\u00e9k\u00e9re szabottan \u00e9s a leg\u00fajabb uni\u00f3s el\u0151\u00edr\u00e1soknak megfelel\u0151en.\" \/>\n<meta property=\"og:url\" content=\"https:\/\/www.ufi.eu\/hu\/product\/biztonsagi-adatlap-msds-sds-keszitesi-szolgaltatas\/\" \/>\n<meta property=\"og:site_name\" content=\"UFI\" \/>\n<meta property=\"article:modified_time\" content=\"2025-04-15T20:38:05+00:00\" \/>\n<meta property=\"og:image\" content=\"https:\/\/www.ufi.eu\/wp-content\/uploads\/2025\/03\/pcn_ufi.jpg\" \/>\n\t<meta property=\"og:image:width\" content=\"1024\" \/>\n\t<meta property=\"og:image:height\" content=\"1024\" \/>\n\t<meta property=\"og:image:type\" content=\"image\/jpeg\" \/>\n<meta name=\"twitter:card\" content=\"summary_large_image\" \/>\n<meta name=\"twitter:label1\" content=\"\u00c1r\" \/>\n\t<meta name=\"twitter:data1\" content=\"&euro;0.00\" \/>\n\t<meta name=\"twitter:label2\" content=\"El\u00e9rhet\u0151s\u00e9g\" \/>\n\t<meta name=\"twitter:data2\" content=\"K\u00e9szleten\" \/>\n<script type=\"application\/ld+json\" class=\"yoast-schema-graph\">{\"@context\":\"https:\/\/schema.org\",\"@graph\":[{\"@type\":\"WebPage\",\"@id\":\"https:\/\/www.ufi.eu\/hu\/product\/biztonsagi-adatlap-msds-sds-keszitesi-szolgaltatas\/\",\"url\":\"https:\/\/www.ufi.eu\/hu\/product\/biztonsagi-adatlap-msds-sds-keszitesi-szolgaltatas\/\",\"name\":\"Biztons\u00e1gi adatlap (MSDS\/SDS) k\u00e9sz\u00edt\u00e9si szolg\u00e1ltat\u00e1s - UFI\",\"isPartOf\":{\"@id\":\"https:\/\/www.ufi.eu\/hu\/#website\"},\"primaryImageOfPage\":{\"@id\":\"https:\/\/www.ufi.eu\/hu\/product\/biztonsagi-adatlap-msds-sds-keszitesi-szolgaltatas\/#primaryimage\"},\"image\":{\"@id\":\"https:\/\/www.ufi.eu\/hu\/product\/biztonsagi-adatlap-msds-sds-keszitesi-szolgaltatas\/#primaryimage\"},\"thumbnailUrl\":\"https:\/\/www.ufi.eu\/wp-content\/uploads\/2025\/03\/pcn_ufi.jpg\",\"datePublished\":\"2025-04-15T20:37:57+00:00\",\"dateModified\":\"2025-04-15T20:38:05+00:00\",\"description\":\"Szakszer\u0171en elk\u00e9sz\u00edtett biztons\u00e1gi adatlapokat (SDS) - m\u00e1s n\u00e9ven anyagbiztons\u00e1gi adatlapokat (MSDS) - biztos\u00edtunk az \u00d6n term\u00e9k\u00e9re szabottan \u00e9s a leg\u00fajabb uni\u00f3s el\u0151\u00edr\u00e1soknak megfelel\u0151en.\",\"breadcrumb\":{\"@id\":\"https:\/\/www.ufi.eu\/hu\/product\/biztonsagi-adatlap-msds-sds-keszitesi-szolgaltatas\/#breadcrumb\"},\"inLanguage\":\"hu\",\"potentialAction\":[{\"@type\":\"ReadAction\",\"target\":[\"https:\/\/www.ufi.eu\/hu\/product\/biztonsagi-adatlap-msds-sds-keszitesi-szolgaltatas\/\"]}]},{\"@type\":\"ImageObject\",\"inLanguage\":\"hu\",\"@id\":\"https:\/\/www.ufi.eu\/hu\/product\/biztonsagi-adatlap-msds-sds-keszitesi-szolgaltatas\/#primaryimage\",\"url\":\"https:\/\/www.ufi.eu\/wp-content\/uploads\/2025\/03\/pcn_ufi.jpg\",\"contentUrl\":\"https:\/\/www.ufi.eu\/wp-content\/uploads\/2025\/03\/pcn_ufi.jpg\",\"width\":1024,\"height\":1024},{\"@type\":\"BreadcrumbList\",\"@id\":\"https:\/\/www.ufi.eu\/hu\/product\/biztonsagi-adatlap-msds-sds-keszitesi-szolgaltatas\/#breadcrumb\",\"itemListElement\":[{\"@type\":\"ListItem\",\"position\":1,\"name\":\"Home\",\"item\":\"https:\/\/www.ufi.eu\/hu\/home\/\"},{\"@type\":\"ListItem\",\"position\":2,\"name\":\"Bolt\",\"item\":\"https:\/\/www.ufi.eu\/hu\/bolt\/\"},{\"@type\":\"ListItem\",\"position\":3,\"name\":\"Biztons\u00e1gi adatlap (MSDS\/SDS) k\u00e9sz\u00edt\u00e9si szolg\u00e1ltat\u00e1s\"}]},{\"@type\":\"WebSite\",\"@id\":\"https:\/\/www.ufi.eu\/hu\/#website\",\"url\":\"https:\/\/www.ufi.eu\/hu\/\",\"name\":\"UFI.EU\",\"description\":\"Poison Centre Notifications (PCN) and UFI\",\"publisher\":{\"@id\":\"https:\/\/www.ufi.eu\/hu\/#organization\"},\"potentialAction\":[{\"@type\":\"SearchAction\",\"target\":{\"@type\":\"EntryPoint\",\"urlTemplate\":\"https:\/\/www.ufi.eu\/hu\/?s={search_term_string}\"},\"query-input\":{\"@type\":\"PropertyValueSpecification\",\"valueRequired\":true,\"valueName\":\"search_term_string\"}}],\"inLanguage\":\"hu\"},{\"@type\":\"Organization\",\"@id\":\"https:\/\/www.ufi.eu\/hu\/#organization\",\"name\":\"UFI.EU\",\"url\":\"https:\/\/www.ufi.eu\/hu\/\",\"logo\":{\"@type\":\"ImageObject\",\"inLanguage\":\"hu\",\"@id\":\"https:\/\/www.ufi.eu\/hu\/#\/schema\/logo\/image\/\",\"url\":\"https:\/\/www.ufi.eu\/wp-content\/uploads\/2025\/03\/cropped-logo_ufi3.jpg\",\"contentUrl\":\"https:\/\/www.ufi.eu\/wp-content\/uploads\/2025\/03\/cropped-logo_ufi3.jpg\",\"width\":231,\"height\":78,\"caption\":\"UFI.EU\"},\"image\":{\"@id\":\"https:\/\/www.ufi.eu\/hu\/#\/schema\/logo\/image\/\"},\"description\":\"UFI.eu specializes in digital registrations for Poison Centre Notifications (PCN), ensuring your chemical products meet EU regulatory requirements effortlessly. Our streamlined solutions help businesses stay compliant while reducing complexity and administrative burden.\",\"email\":\"info@ufi.eu\",\"legalName\":\"UFI.EU\"}]}<\/script>\n<meta property=\"product:price:amount\" content=\"0.00\" \/>\n<meta property=\"product:price:currency\" content=\"EUR\" \/>\n<meta property=\"og:availability\" content=\"instock\" \/>\n<meta property=\"product:availability\" content=\"instock\" \/>\n<meta property=\"product:condition\" content=\"new\" \/>\n<!-- \/ Yoast SEO Premium plugin. -->","yoast_head_json":{"title":"Biztons\u00e1gi adatlap (MSDS\/SDS) k\u00e9sz\u00edt\u00e9si szolg\u00e1ltat\u00e1s - UFI","description":"Szakszer\u0171en elk\u00e9sz\u00edtett biztons\u00e1gi adatlapokat (SDS) - m\u00e1s n\u00e9ven anyagbiztons\u00e1gi adatlapokat (MSDS) - biztos\u00edtunk az \u00d6n term\u00e9k\u00e9re szabottan \u00e9s a leg\u00fajabb uni\u00f3s el\u0151\u00edr\u00e1soknak megfelel\u0151en.","robots":{"index":"index","follow":"follow","max-snippet":"max-snippet:-1","max-image-preview":"max-image-preview:large","max-video-preview":"max-video-preview:-1"},"canonical":"https:\/\/www.ufi.eu\/hu\/product\/biztonsagi-adatlap-msds-sds-keszitesi-szolgaltatas\/","og_locale":"hu_HU","og_type":"article","og_title":"Biztons\u00e1gi adatlap (MSDS\/SDS) k\u00e9sz\u00edt\u00e9si szolg\u00e1ltat\u00e1s","og_description":"Szakszer\u0171en elk\u00e9sz\u00edtett biztons\u00e1gi adatlapokat (SDS) - m\u00e1s n\u00e9ven anyagbiztons\u00e1gi adatlapokat (MSDS) - biztos\u00edtunk az \u00d6n term\u00e9k\u00e9re szabottan \u00e9s a leg\u00fajabb uni\u00f3s el\u0151\u00edr\u00e1soknak megfelel\u0151en.","og_url":"https:\/\/www.ufi.eu\/hu\/product\/biztonsagi-adatlap-msds-sds-keszitesi-szolgaltatas\/","og_site_name":"UFI","article_modified_time":"2025-04-15T20:38:05+00:00","og_image":[{"width":1024,"height":1024,"url":"https:\/\/www.ufi.eu\/wp-content\/uploads\/2025\/03\/pcn_ufi.jpg","type":"image\/jpeg"}],"twitter_card":"summary_large_image","twitter_misc":{"\u00c1r":"&euro;0.00","El\u00e9rhet\u0151s\u00e9g":"K\u00e9szleten"},"schema":{"@context":"https:\/\/schema.org","@graph":[{"@type":"WebPage","@id":"https:\/\/www.ufi.eu\/hu\/product\/biztonsagi-adatlap-msds-sds-keszitesi-szolgaltatas\/","url":"https:\/\/www.ufi.eu\/hu\/product\/biztonsagi-adatlap-msds-sds-keszitesi-szolgaltatas\/","name":"Biztons\u00e1gi adatlap (MSDS\/SDS) k\u00e9sz\u00edt\u00e9si szolg\u00e1ltat\u00e1s - UFI","isPartOf":{"@id":"https:\/\/www.ufi.eu\/hu\/#website"},"primaryImageOfPage":{"@id":"https:\/\/www.ufi.eu\/hu\/product\/biztonsagi-adatlap-msds-sds-keszitesi-szolgaltatas\/#primaryimage"},"image":{"@id":"https:\/\/www.ufi.eu\/hu\/product\/biztonsagi-adatlap-msds-sds-keszitesi-szolgaltatas\/#primaryimage"},"thumbnailUrl":"https:\/\/www.ufi.eu\/wp-content\/uploads\/2025\/03\/pcn_ufi.jpg","datePublished":"2025-04-15T20:37:57+00:00","dateModified":"2025-04-15T20:38:05+00:00","description":"Szakszer\u0171en elk\u00e9sz\u00edtett biztons\u00e1gi adatlapokat (SDS) - m\u00e1s n\u00e9ven anyagbiztons\u00e1gi adatlapokat (MSDS) - biztos\u00edtunk az \u00d6n term\u00e9k\u00e9re szabottan \u00e9s a leg\u00fajabb uni\u00f3s el\u0151\u00edr\u00e1soknak megfelel\u0151en.","breadcrumb":{"@id":"https:\/\/www.ufi.eu\/hu\/product\/biztonsagi-adatlap-msds-sds-keszitesi-szolgaltatas\/#breadcrumb"},"inLanguage":"hu","potentialAction":[{"@type":"ReadAction","target":["https:\/\/www.ufi.eu\/hu\/product\/biztonsagi-adatlap-msds-sds-keszitesi-szolgaltatas\/"]}]},{"@type":"ImageObject","inLanguage":"hu","@id":"https:\/\/www.ufi.eu\/hu\/product\/biztonsagi-adatlap-msds-sds-keszitesi-szolgaltatas\/#primaryimage","url":"https:\/\/www.ufi.eu\/wp-content\/uploads\/2025\/03\/pcn_ufi.jpg","contentUrl":"https:\/\/www.ufi.eu\/wp-content\/uploads\/2025\/03\/pcn_ufi.jpg","width":1024,"height":1024},{"@type":"BreadcrumbList","@id":"https:\/\/www.ufi.eu\/hu\/product\/biztonsagi-adatlap-msds-sds-keszitesi-szolgaltatas\/#breadcrumb","itemListElement":[{"@type":"ListItem","position":1,"name":"Home","item":"https:\/\/www.ufi.eu\/hu\/home\/"},{"@type":"ListItem","position":2,"name":"Bolt","item":"https:\/\/www.ufi.eu\/hu\/bolt\/"},{"@type":"ListItem","position":3,"name":"Biztons\u00e1gi adatlap (MSDS\/SDS) k\u00e9sz\u00edt\u00e9si szolg\u00e1ltat\u00e1s"}]},{"@type":"WebSite","@id":"https:\/\/www.ufi.eu\/hu\/#website","url":"https:\/\/www.ufi.eu\/hu\/","name":"UFI.EU","description":"Poison Centre Notifications (PCN) and UFI","publisher":{"@id":"https:\/\/www.ufi.eu\/hu\/#organization"},"potentialAction":[{"@type":"SearchAction","target":{"@type":"EntryPoint","urlTemplate":"https:\/\/www.ufi.eu\/hu\/?s={search_term_string}"},"query-input":{"@type":"PropertyValueSpecification","valueRequired":true,"valueName":"search_term_string"}}],"inLanguage":"hu"},{"@type":"Organization","@id":"https:\/\/www.ufi.eu\/hu\/#organization","name":"UFI.EU","url":"https:\/\/www.ufi.eu\/hu\/","logo":{"@type":"ImageObject","inLanguage":"hu","@id":"https:\/\/www.ufi.eu\/hu\/#\/schema\/logo\/image\/","url":"https:\/\/www.ufi.eu\/wp-content\/uploads\/2025\/03\/cropped-logo_ufi3.jpg","contentUrl":"https:\/\/www.ufi.eu\/wp-content\/uploads\/2025\/03\/cropped-logo_ufi3.jpg","width":231,"height":78,"caption":"UFI.EU"},"image":{"@id":"https:\/\/www.ufi.eu\/hu\/#\/schema\/logo\/image\/"},"description":"UFI.eu specializes in digital registrations for Poison Centre Notifications (PCN), ensuring your chemical products meet EU regulatory requirements effortlessly. Our streamlined solutions help businesses stay compliant while reducing complexity and administrative burden.","email":"info@ufi.eu","legalName":"UFI.EU"}]},"product_price_amount":"0.00","product_price_currency":"EUR","og_availability":"instock","product_availability":"instock","product_condition":"new"},"_links":{"self":[{"href":"https:\/\/www.ufi.eu\/hu\/wp-json\/wp\/v2\/product\/12832","targetHints":{"allow":["GET"]}}],"collection":[{"href":"https:\/\/www.ufi.eu\/hu\/wp-json\/wp\/v2\/product"}],"about":[{"href":"https:\/\/www.ufi.eu\/hu\/wp-json\/wp\/v2\/types\/product"}],"wp:featuredmedia":[{"embeddable":true,"href":"https:\/\/www.ufi.eu\/hu\/wp-json\/wp\/v2\/media\/12462"}],"wp:attachment":[{"href":"https:\/\/www.ufi.eu\/hu\/wp-json\/wp\/v2\/media?parent=12832"}],"wp:term":[{"taxonomy":"product_brand","embeddable":true,"href":"https:\/\/www.ufi.eu\/hu\/wp-json\/wp\/v2\/product_brand?post=12832"},{"taxonomy":"product_cat","embeddable":true,"href":"https:\/\/www.ufi.eu\/hu\/wp-json\/wp\/v2\/product_cat?post=12832"},{"taxonomy":"product_tag","embeddable":true,"href":"https:\/\/www.ufi.eu\/hu\/wp-json\/wp\/v2\/product_tag?post=12832"}],"curies":[{"name":"wp","href":"https:\/\/api.w.org\/{rel}","templated":true}]}}