{"id":12786,"date":"2025-04-05T15:21:48","date_gmt":"2025-04-15T20:26:41","guid":{"rendered":"https:\/\/www.ufi.eu\/pcn\/nem-kategorizalt\/clp-cimke-letrehozasa-es-megfeleloseg-ellenorzes\/"},"modified":"2025-04-28T12:14:59","modified_gmt":"2025-04-28T12:14:59","slug":"clp-cimke-letrehozasa-es-megfeleloseg-ellenorzes","status":"publish","type":"product","link":"https:\/\/www.ufi.eu\/hu\/product\/clp-cimke-letrehozasa-es-megfeleloseg-ellenorzes\/","title":{"rendered":"CLP-c\u00edmke l\u00e9trehoz\u00e1sa \u00e9s megfelel\u0151s\u00e9g-ellen\u0151rz\u00e9s"},"content":{"rendered":"\n<p><strong>A CLP-rendelet (1272\/2008\/EK) szerinti vesz\u00e9lyes kever\u00e9kek professzion\u00e1lis c\u00edmk\u00e9z\u00e9si szolg\u00e1ltat\u00e1sai<\/strong><\/p>\n\n<p>A vesz\u00e9lyes vegyi term\u00e9kek jogszab\u00e1lyoknak megfelel\u0151 c\u00edmk\u00e9inek elk\u00e9sz\u00edt\u00e9s\u00e9re \u00e9s ellen\u0151rz\u00e9s\u00e9re szakosodtunk. Ak\u00e1r vesz\u00e9lyes \u00f6sszetev\u0151ket tartalmaz\u00f3 kozmetikai alapanyagot, ak\u00e1r ipari tiszt\u00edt\u00f3szert vagy m\u00e1s vegyi anyagkever\u00e9ket hoz forgalomba, CLP-c\u00edmke szolg\u00e1ltat\u00e1sunk biztos\u00edtja, hogy term\u00e9k\u00e9nek c\u00edmk\u00e9z\u00e9se megfeleljen az EU \u00e9s az EGT \u00f6sszes jogi k\u00f6vetelm\u00e9ny\u00e9nek. <\/p>\n\n<h2 class=\"wp-block-heading\" id=\"h-why-clp-compliant-labels-are-essential\">Mi\u00e9rt fontosak a CLP-kompatibilis c\u00edmk\u00e9k?<\/h2>\n\n<p>A <strong>CLP-rendelet (oszt\u00e1lyoz\u00e1s, c\u00edmk\u00e9z\u00e9s \u00e9s csomagol\u00e1s)<\/strong> \u00e9rtelm\u00e9ben a vesz\u00e9lyes anyagok \u00e9s kever\u00e9kek sz\u00e1ll\u00edt\u00f3i a k\u00f6vetkez\u0151kre k\u00f6telesek:<\/p>\n\n<ul class=\"wp-block-list\">\n<li>Fizikai, eg\u00e9szs\u00e9g\u00fcgyi \u00e9s k\u00f6rnyezeti vesz\u00e9lyek szerint oszt\u00e1lyozz\u00e1k term\u00e9keiket.<\/li>\n\n\n\n<li>C\u00edmk\u00e9zze fel \u0151ket megfelel\u0151en az el\u0151\u00edrt elemek, p\u00e9ld\u00e1ul vesz\u00e9lyt jelz\u0151 piktogramok, jelz\u0151szavak, valamint szabv\u00e1nyos\u00edtott vesz\u00e9ly- \u00e9s \u00f3vint\u00e9zked\u00e9si nyilatkozatok haszn\u00e1lat\u00e1val.<\/li>\n\n\n\n<li>Csomagolja \u0151ket biztons\u00e1gosan, \u00e9s mell\u00e9kelje a sz\u00fcks\u00e9ges sz\u00e1ll\u00edt\u00f3i azonos\u00edt\u00f3t.<\/li>\n<\/ul>\n\n<p>A hib\u00e1s vagy hi\u00e1nyos c\u00edmk\u00e9k <strong>term\u00e9kvisszah\u00edv\u00e1st<\/strong>, <strong>jogi szankci\u00f3kat<\/strong> vagy <strong>a kiskeresked\u0151k<\/strong> \u00e9s az online piacterek <strong>elutas\u00edt\u00e1s\u00e1t<\/strong> eredm\u00e9nyezhetik.<\/p>\n\n<h2 class=\"wp-block-heading\" id=\"h-what-our-clp-label-service-includes\">Mit tartalmaz a CLP c\u00edmke szolg\u00e1ltat\u00e1sunk<\/h2>\n\n<h4 class=\"wp-block-heading\" id=\"h-1-clp-label-creation\">1. <strong>CLP-c\u00edmke l\u00e9trehoz\u00e1sa<\/strong><\/h4>\n\n<p>A term\u00e9k biztons\u00e1gi adatlapja (SDS) vagy a k\u00e9sz\u00edtm\u00e9ny adatai alapj\u00e1n a semmib\u0151l tervezz\u00fck meg a c\u00edmk\u00e9t. Szolg\u00e1ltat\u00e1sunk mag\u00e1ban foglalja: <\/p>\n\n<ul class=\"wp-block-list\">\n<li>A vesz\u00e9lyek helyes besorol\u00e1sa (SDS vagy az \u00f6sszetev\u0151kre vonatkoz\u00f3 inform\u00e1ci\u00f3k alapj\u00e1n).<\/li>\n\n\n\n<li>A megfelel\u0151 <strong>vesz\u00e9lyt jelz\u0151 piktogramok<\/strong>, <strong>jelz\u0151szavak<\/strong>, <strong>H-<\/strong> \u00e9s <strong>P-kijelent\u00e9sek<\/strong> kiv\u00e1laszt\u00e1sa.<\/li>\n\n\n\n<li>Elrendez\u00e9s a sz\u00fcks\u00e9ges m\u00e9retek \u00e9s olvashat\u00f3s\u00e1g szerint.<\/li>\n\n\n\n<li>A sz\u00e1ll\u00edt\u00f3 neve, UFI (ha van) \u00e9s egy\u00e9b jogi elemek felt\u00fcntet\u00e9se.<\/li>\n<\/ul>\n\n<h4 class=\"wp-block-heading\" id=\"h-2-label-verification-compliance-check\">2. <strong>C\u00edmkeellen\u0151rz\u00e9s \/ megfelel\u0151s\u00e9g-ellen\u0151rz\u00e9s<\/strong><\/h4>\n\n<p>M\u00e1r van c\u00edmk\u00e9je? Ellen\u0151rizz\u00fck a terv\u00e9t az aktu\u00e1lis CLP-k\u00f6vetelm\u00e9nyeknek megfelel\u0151en, \u00e9s sz\u00fcks\u00e9g eset\u00e9n egy\u00e9rtelm\u0171 visszajelz\u00e9st \u00e9s korrekci\u00f3kat adunk: <\/p>\n\n<ul class=\"wp-block-list\">\n<li>Vesz\u00e9lyess\u00e9gi oszt\u00e1lyoz\u00e1s pontoss\u00e1ga.<\/li>\n\n\n\n<li>A mondatok, a jelsz\u00f3 \u00e9s a piktogramok helyes haszn\u00e1lata.<\/li>\n\n\n\n<li>A k\u00f6telez\u0151 elemek olvashat\u00f3s\u00e1ga, form\u00e1tuma \u00e9s elhelyez\u00e9se.<\/li>\n\n\n\n<li>Az UFI jelenl\u00e9t\u00e9nek \u00e9s szerkezet\u00e9nek ellen\u0151rz\u00e9se (ha sz\u00fcks\u00e9ges).<\/li>\n<\/ul>\n\n<h4 class=\"wp-block-heading\" id=\"h-3-optional-add-ons\">3. <strong>V\u00e1laszthat\u00f3 kieg\u00e9sz\u00edt\u0151k<\/strong><\/h4>\n\n<ul class=\"wp-block-list\">\n<li><strong>UFI-gener\u00e1l\u00e1s<\/strong> \u00e9s PCN-\u00e9rtes\u00edt\u00e9si szolg\u00e1ltat\u00e1s.<\/li>\n\n\n\n<li><strong>Biztons\u00e1gi adatlap (SDS) fel\u00fclvizsg\u00e1lata<\/strong> a c\u00edmkeadatokkal val\u00f3 \u00f6sszhang biztos\u00edt\u00e1sa \u00e9rdek\u00e9ben.<\/li>\n\n\n\n<li>T\u00f6bb uni\u00f3s piacra sz\u00e1nt c\u00edmk\u00e9k nyelvi ford\u00edt\u00e1sa.<\/li>\n<\/ul>\n\n<h2 class=\"wp-block-heading\" id=\"h-which-products-require-clp-compliant-labels\">Mely term\u00e9kekhez van sz\u00fcks\u00e9g CLP-konform c\u00edmk\u00e9kre?<\/h2>\n\n<p>CLP-c\u00edmk\u00e9z\u00e9si szolg\u00e1ltat\u00e1sunk a vesz\u00e9lyes kever\u00e9kek sz\u00e9les k\u00f6r\u00e9re vonatkozik, t\u00f6bbek k\u00f6z\u00f6tt a k\u00f6vetkez\u0151kre:<\/p>\n\n<ul class=\"wp-block-list\">\n<li>Ipari \u00e9s h\u00e1ztart\u00e1si tiszt\u00edt\u00f3szerek.<\/li>\n\n\n\n<li>Fest\u00e9kek, ragaszt\u00f3k, gyant\u00e1k \u00e9s bevonatok.<\/li>\n\n\n\n<li>Aut\u00f3ipari term\u00e9kek \u00e9s ken\u0151anyagok.<\/li>\n\n\n\n<li>Illatkever\u00e9kek \u00e9s ill\u00f3olaj-koncentr\u00e1tumok.<\/li>\n\n\n\n<li>L\u00e9gfriss\u00edt\u0151k, viaszolvaszt\u00f3k \u00e9s illatos szobaspray-k.<\/li>\n\n\n\n<li>M\u0171szaki aeroszolok \u00e9s spray-k.<\/li>\n<\/ul>\n\n<p>Ha az \u00d6n term\u00e9ke olyan \u00f6sszetev\u0151ket tartalmaz, amelyek <strong>fizikai, eg\u00e9szs\u00e9g\u00fcgyi vagy k\u00f6rnyezeti vesz\u00e9lyt<\/strong> jelentenek, akkor val\u00f3sz\u00edn\u0171leg CLP-konform c\u00edmk\u00e9re van sz\u00fcks\u00e9g.<\/p>\n\n<h2 class=\"wp-block-heading\" id=\"h-who-is-this-service-for\">Kinek sz\u00f3l ez a szolg\u00e1ltat\u00e1s?<\/h2>\n\n<ul class=\"wp-block-list\">\n<li>Vegyi kever\u00e9kek <strong>gy\u00e1rt\u00f3i<\/strong>, <strong>import\u0151rei<\/strong> \u00e9s <strong>mag\u00e1nc\u00edmk\u00e9z\u0151i<\/strong>.<\/li>\n\n\n\n<li><strong>Indul\u00f3 v\u00e1llalkoz\u00e1sok<\/strong> \u00e9s kkv-k, amelyek megfizethet\u0151 szab\u00e1lyoz\u00e1si t\u00e1mogat\u00e1st keresnek.<\/li>\n\n\n\n<li><strong>Kiskeresked\u0151k \u00e9s piacterek<\/strong>, akiknek viszontelad\u00e1shoz megfelel\u0151 c\u00edmk\u00e9kre van sz\u00fcks\u00e9g\u00fck.<\/li>\n\n\n\n<li>Az EU\/EGT-orsz\u00e1gokba forgalmaz\u00f3 <strong>export\u0151r\u00f6k<\/strong>.<\/li>\n<\/ul>\n\n<h2 class=\"wp-block-heading\" id=\"h-why-choose-ufi-eu\">Mi\u00e9rt v\u00e1lassza az UFI.EU-t?<\/h2>\n\n<ul class=\"wp-block-list\">\n<li><strong>Szab\u00e1lyoz\u00e1si szak\u00e9rtelem<\/strong> a CLP, UFI \u00e9s PCN ter\u00fclet\u00e9n t\u00f6bb ipar\u00e1gban.<\/li>\n\n\n\n<li><strong>Gyors \u00e1tfut\u00e1si id\u0151<\/strong> \u00e9s vil\u00e1gos kommunik\u00e1ci\u00f3.<\/li>\n\n\n\n<li><strong>Pontos, jogilag v\u00e9dhet\u0151 c\u00edmk\u00e9z\u00e9s<\/strong> a leg\u00fajabb uni\u00f3s el\u0151\u00edr\u00e1sok alapj\u00e1n.<\/li>\n\n\n\n<li><strong>T\u00f6bbnyelv\u0171 t\u00e1mogat\u00e1s<\/strong> a p\u00e1neur\u00f3pai megfelel\u00e9s \u00e9rdek\u00e9ben.<\/li>\n<\/ul>\n\n<h2 class=\"wp-block-heading\" id=\"h-how-it-works\">Hogyan m\u0171k\u00f6dik<\/h2>\n\n<ol class=\"wp-block-list\">\n<li><strong>K\u00fcldje el SDS-\u00e9t vagy k\u00e9sz\u00edtm\u00e9nyinform\u00e1ci\u00f3it.<\/strong><\/li>\n\n\n\n<li><strong>Elemezz\u00fck az adatokat, \u00e9s elk\u00e9sz\u00edtj\u00fck vagy fel\u00fclvizsg\u00e1ljuk a c\u00edmk\u00e9t.<\/strong><\/li>\n\n\n\n<li><strong>\u00d6n egy azonnal haszn\u00e1lhat\u00f3 CLP-c\u00edmkef\u00e1jlt vagy egy jelent\u00e9st kap a sz\u00fcks\u00e9ges korrekci\u00f3kkal.<\/strong><\/li>\n<\/ol>\n\n<h2 class=\"wp-block-heading\" id=\"h-ready-to-order\">K\u00e9szen \u00e1ll a rendel\u00e9sre?<\/h2>\n\n<p>Ker\u00fclje el a nem megfelel\u0151 c\u00edmk\u00e9k okozta stresszt. Hagyja, hogy szak\u00e9rt\u0151ink seg\u00edts\u00e9g\u00e9vel bizalommal teljes\u00edtse jogi k\u00f6telezetts\u00e9geit. <br\/><strong>Rendelje meg CLP-c\u00edmke k\u00e9sz\u00edt\u00e9s\u00e9t vagy megfelel\u0151s\u00e9gi ellen\u0151rz\u00e9s\u00e9t m\u00e9g ma.<\/strong><\/p>\n","protected":false},"excerpt":{"rendered":"<p>Mi biztos\u00edtjuk a term\u00e9kc\u00edmk\u00e9hez sz\u00fcks\u00e9ges inform\u00e1ci\u00f3kat. Az \u00d6n v\u00e9gleges c\u00edmketerv\u00e9t ellen\u0151rizz\u00fck a jogi megfelel\u0151s\u00e9g szempontj\u00e1b\u00f3l. <\/p>\n","protected":false},"featured_media":12462,"template":"","meta":[],"product_brand":[],"product_cat":[407],"product_tag":[],"class_list":{"0":"post-12786","1":"product","2":"type-product","3":"status-publish","4":"has-post-thumbnail","6":"product_cat-clp-cimke","8":"first","9":"instock","10":"virtual","11":"taxable","12":"purchasable","13":"product-type-simple"},"bundled_by":["12823","13517","14376","31725"],"bundle_stock_status":"instock","bundle_stock_quantity":null,"bundle_virtual":false,"bundle_layout":"","bundle_add_to_cart_form_location":"","bundle_editable_in_cart":false,"bundle_sold_individually_context":"","bundle_item_grouping":"","bundle_min_size":"","bundle_max_size":"","bundle_price":[],"bundled_items":[],"bundle_sell_ids":[],"yoast_head":"<!-- This site is optimized with the Yoast SEO Premium plugin v25.1 (Yoast SEO v25.1) - https:\/\/yoast.com\/wordpress\/plugins\/seo\/ -->\n<title>CLP-c\u00edmke l\u00e9trehoz\u00e1sa \u00e9s megfelel\u0151s\u00e9g-ellen\u0151rz\u00e9s - UFI<\/title>\n<meta name=\"description\" content=\"CLP-c\u00edmkek\u00e9sz\u00edt\u00e9si \u00e9s megfelel\u0151s\u00e9g-ellen\u0151rz\u00e9si szolg\u00e1ltat\u00e1sunk biztos\u00edtja, hogy az \u00d6n term\u00e9keinek c\u00edmk\u00e9z\u00e9se megfeleljen az EU \u00e9s az EGT \u00f6sszes jogi k\u00f6vetelm\u00e9ny\u00e9nek.\" \/>\n<meta name=\"robots\" content=\"index, follow, max-snippet:-1, max-image-preview:large, max-video-preview:-1\" \/>\n<link rel=\"canonical\" href=\"https:\/\/www.ufi.eu\/hu\/product\/clp-cimke-letrehozasa-es-megfeleloseg-ellenorzes\/\" \/>\n<meta property=\"og:locale\" content=\"hu_HU\" \/>\n<meta property=\"og:type\" content=\"article\" \/>\n<meta property=\"og:title\" content=\"CLP-c\u00edmke l\u00e9trehoz\u00e1sa \u00e9s megfelel\u0151s\u00e9g-ellen\u0151rz\u00e9s\" \/>\n<meta property=\"og:description\" content=\"CLP-c\u00edmkek\u00e9sz\u00edt\u00e9si \u00e9s megfelel\u0151s\u00e9g-ellen\u0151rz\u00e9si szolg\u00e1ltat\u00e1sunk biztos\u00edtja, hogy az \u00d6n term\u00e9keinek c\u00edmk\u00e9z\u00e9se megfeleljen az EU \u00e9s az EGT \u00f6sszes jogi k\u00f6vetelm\u00e9ny\u00e9nek.\" \/>\n<meta property=\"og:url\" content=\"https:\/\/www.ufi.eu\/hu\/product\/clp-cimke-letrehozasa-es-megfeleloseg-ellenorzes\/\" \/>\n<meta property=\"og:site_name\" content=\"UFI\" \/>\n<meta property=\"article:modified_time\" content=\"2025-04-28T12:14:59+00:00\" \/>\n<meta property=\"og:image\" content=\"https:\/\/www.ufi.eu\/wp-content\/uploads\/2025\/03\/pcn_ufi.jpg\" \/>\n\t<meta property=\"og:image:width\" content=\"1024\" \/>\n\t<meta property=\"og:image:height\" content=\"1024\" \/>\n\t<meta property=\"og:image:type\" content=\"image\/jpeg\" \/>\n<meta name=\"twitter:card\" content=\"summary_large_image\" \/>\n<meta name=\"twitter:label1\" content=\"\u00c1r\" \/>\n\t<meta name=\"twitter:data1\" content=\"&euro;50.00\" \/>\n\t<meta name=\"twitter:label2\" content=\"El\u00e9rhet\u0151s\u00e9g\" \/>\n\t<meta name=\"twitter:data2\" content=\"K\u00e9szleten\" \/>\n<script type=\"application\/ld+json\" class=\"yoast-schema-graph\">{\"@context\":\"https:\/\/schema.org\",\"@graph\":[{\"@type\":\"WebPage\",\"@id\":\"https:\/\/www.ufi.eu\/hu\/product\/clp-cimke-letrehozasa-es-megfeleloseg-ellenorzes\/\",\"url\":\"https:\/\/www.ufi.eu\/hu\/product\/clp-cimke-letrehozasa-es-megfeleloseg-ellenorzes\/\",\"name\":\"CLP-c\u00edmke l\u00e9trehoz\u00e1sa \u00e9s megfelel\u0151s\u00e9g-ellen\u0151rz\u00e9s - UFI\",\"isPartOf\":{\"@id\":\"https:\/\/www.ufi.eu\/hu\/#website\"},\"primaryImageOfPage\":{\"@id\":\"https:\/\/www.ufi.eu\/hu\/product\/clp-cimke-letrehozasa-es-megfeleloseg-ellenorzes\/#primaryimage\"},\"image\":{\"@id\":\"https:\/\/www.ufi.eu\/hu\/product\/clp-cimke-letrehozasa-es-megfeleloseg-ellenorzes\/#primaryimage\"},\"thumbnailUrl\":\"https:\/\/www.ufi.eu\/wp-content\/uploads\/2025\/03\/pcn_ufi.jpg\",\"datePublished\":\"2025-04-15T20:26:41+00:00\",\"dateModified\":\"2025-04-28T12:14:59+00:00\",\"description\":\"CLP-c\u00edmkek\u00e9sz\u00edt\u00e9si \u00e9s megfelel\u0151s\u00e9g-ellen\u0151rz\u00e9si szolg\u00e1ltat\u00e1sunk biztos\u00edtja, hogy az \u00d6n term\u00e9keinek c\u00edmk\u00e9z\u00e9se megfeleljen az EU \u00e9s az EGT \u00f6sszes jogi k\u00f6vetelm\u00e9ny\u00e9nek.\",\"breadcrumb\":{\"@id\":\"https:\/\/www.ufi.eu\/hu\/product\/clp-cimke-letrehozasa-es-megfeleloseg-ellenorzes\/#breadcrumb\"},\"inLanguage\":\"hu\",\"potentialAction\":[{\"@type\":\"ReadAction\",\"target\":[\"https:\/\/www.ufi.eu\/hu\/product\/clp-cimke-letrehozasa-es-megfeleloseg-ellenorzes\/\"]}]},{\"@type\":\"ImageObject\",\"inLanguage\":\"hu\",\"@id\":\"https:\/\/www.ufi.eu\/hu\/product\/clp-cimke-letrehozasa-es-megfeleloseg-ellenorzes\/#primaryimage\",\"url\":\"https:\/\/www.ufi.eu\/wp-content\/uploads\/2025\/03\/pcn_ufi.jpg\",\"contentUrl\":\"https:\/\/www.ufi.eu\/wp-content\/uploads\/2025\/03\/pcn_ufi.jpg\",\"width\":1024,\"height\":1024},{\"@type\":\"BreadcrumbList\",\"@id\":\"https:\/\/www.ufi.eu\/hu\/product\/clp-cimke-letrehozasa-es-megfeleloseg-ellenorzes\/#breadcrumb\",\"itemListElement\":[{\"@type\":\"ListItem\",\"position\":1,\"name\":\"Home\",\"item\":\"https:\/\/www.ufi.eu\/hu\/home\/\"},{\"@type\":\"ListItem\",\"position\":2,\"name\":\"Bolt\",\"item\":\"https:\/\/www.ufi.eu\/hu\/bolt\/\"},{\"@type\":\"ListItem\",\"position\":3,\"name\":\"CLP-c\u00edmke l\u00e9trehoz\u00e1sa \u00e9s megfelel\u0151s\u00e9g-ellen\u0151rz\u00e9s\"}]},{\"@type\":\"WebSite\",\"@id\":\"https:\/\/www.ufi.eu\/hu\/#website\",\"url\":\"https:\/\/www.ufi.eu\/hu\/\",\"name\":\"UFI.EU\",\"description\":\"Poison Centre Notifications (PCN) and UFI\",\"publisher\":{\"@id\":\"https:\/\/www.ufi.eu\/hu\/#organization\"},\"potentialAction\":[{\"@type\":\"SearchAction\",\"target\":{\"@type\":\"EntryPoint\",\"urlTemplate\":\"https:\/\/www.ufi.eu\/hu\/?s={search_term_string}\"},\"query-input\":{\"@type\":\"PropertyValueSpecification\",\"valueRequired\":true,\"valueName\":\"search_term_string\"}}],\"inLanguage\":\"hu\"},{\"@type\":\"Organization\",\"@id\":\"https:\/\/www.ufi.eu\/hu\/#organization\",\"name\":\"UFI.EU\",\"url\":\"https:\/\/www.ufi.eu\/hu\/\",\"logo\":{\"@type\":\"ImageObject\",\"inLanguage\":\"hu\",\"@id\":\"https:\/\/www.ufi.eu\/hu\/#\/schema\/logo\/image\/\",\"url\":\"https:\/\/www.ufi.eu\/wp-content\/uploads\/2025\/03\/cropped-logo_ufi3.jpg\",\"contentUrl\":\"https:\/\/www.ufi.eu\/wp-content\/uploads\/2025\/03\/cropped-logo_ufi3.jpg\",\"width\":231,\"height\":78,\"caption\":\"UFI.EU\"},\"image\":{\"@id\":\"https:\/\/www.ufi.eu\/hu\/#\/schema\/logo\/image\/\"},\"description\":\"UFI.eu specializes in digital registrations for Poison Centre Notifications (PCN), ensuring your chemical products meet EU regulatory requirements effortlessly. Our streamlined solutions help businesses stay compliant while reducing complexity and administrative burden.\",\"email\":\"info@ufi.eu\",\"legalName\":\"UFI.EU\"}]}<\/script>\n<meta property=\"product:price:amount\" content=\"50.00\" \/>\n<meta property=\"product:price:currency\" content=\"EUR\" \/>\n<meta property=\"og:availability\" content=\"instock\" \/>\n<meta property=\"product:availability\" content=\"instock\" \/>\n<meta property=\"product:condition\" content=\"new\" \/>\n<!-- \/ Yoast SEO Premium plugin. -->","yoast_head_json":{"title":"CLP-c\u00edmke l\u00e9trehoz\u00e1sa \u00e9s megfelel\u0151s\u00e9g-ellen\u0151rz\u00e9s - UFI","description":"CLP-c\u00edmkek\u00e9sz\u00edt\u00e9si \u00e9s megfelel\u0151s\u00e9g-ellen\u0151rz\u00e9si szolg\u00e1ltat\u00e1sunk biztos\u00edtja, hogy az \u00d6n term\u00e9keinek c\u00edmk\u00e9z\u00e9se megfeleljen az EU \u00e9s az EGT \u00f6sszes jogi k\u00f6vetelm\u00e9ny\u00e9nek.","robots":{"index":"index","follow":"follow","max-snippet":"max-snippet:-1","max-image-preview":"max-image-preview:large","max-video-preview":"max-video-preview:-1"},"canonical":"https:\/\/www.ufi.eu\/hu\/product\/clp-cimke-letrehozasa-es-megfeleloseg-ellenorzes\/","og_locale":"hu_HU","og_type":"article","og_title":"CLP-c\u00edmke l\u00e9trehoz\u00e1sa \u00e9s megfelel\u0151s\u00e9g-ellen\u0151rz\u00e9s","og_description":"CLP-c\u00edmkek\u00e9sz\u00edt\u00e9si \u00e9s megfelel\u0151s\u00e9g-ellen\u0151rz\u00e9si szolg\u00e1ltat\u00e1sunk biztos\u00edtja, hogy az \u00d6n term\u00e9keinek c\u00edmk\u00e9z\u00e9se megfeleljen az EU \u00e9s az EGT \u00f6sszes jogi k\u00f6vetelm\u00e9ny\u00e9nek.","og_url":"https:\/\/www.ufi.eu\/hu\/product\/clp-cimke-letrehozasa-es-megfeleloseg-ellenorzes\/","og_site_name":"UFI","article_modified_time":"2025-04-28T12:14:59+00:00","og_image":[{"width":1024,"height":1024,"url":"https:\/\/www.ufi.eu\/wp-content\/uploads\/2025\/03\/pcn_ufi.jpg","type":"image\/jpeg"}],"twitter_card":"summary_large_image","twitter_misc":{"\u00c1r":"&euro;50.00","El\u00e9rhet\u0151s\u00e9g":"K\u00e9szleten"},"schema":{"@context":"https:\/\/schema.org","@graph":[{"@type":"WebPage","@id":"https:\/\/www.ufi.eu\/hu\/product\/clp-cimke-letrehozasa-es-megfeleloseg-ellenorzes\/","url":"https:\/\/www.ufi.eu\/hu\/product\/clp-cimke-letrehozasa-es-megfeleloseg-ellenorzes\/","name":"CLP-c\u00edmke l\u00e9trehoz\u00e1sa \u00e9s megfelel\u0151s\u00e9g-ellen\u0151rz\u00e9s - UFI","isPartOf":{"@id":"https:\/\/www.ufi.eu\/hu\/#website"},"primaryImageOfPage":{"@id":"https:\/\/www.ufi.eu\/hu\/product\/clp-cimke-letrehozasa-es-megfeleloseg-ellenorzes\/#primaryimage"},"image":{"@id":"https:\/\/www.ufi.eu\/hu\/product\/clp-cimke-letrehozasa-es-megfeleloseg-ellenorzes\/#primaryimage"},"thumbnailUrl":"https:\/\/www.ufi.eu\/wp-content\/uploads\/2025\/03\/pcn_ufi.jpg","datePublished":"2025-04-15T20:26:41+00:00","dateModified":"2025-04-28T12:14:59+00:00","description":"CLP-c\u00edmkek\u00e9sz\u00edt\u00e9si \u00e9s megfelel\u0151s\u00e9g-ellen\u0151rz\u00e9si szolg\u00e1ltat\u00e1sunk biztos\u00edtja, hogy az \u00d6n term\u00e9keinek c\u00edmk\u00e9z\u00e9se megfeleljen az EU \u00e9s az EGT \u00f6sszes jogi k\u00f6vetelm\u00e9ny\u00e9nek.","breadcrumb":{"@id":"https:\/\/www.ufi.eu\/hu\/product\/clp-cimke-letrehozasa-es-megfeleloseg-ellenorzes\/#breadcrumb"},"inLanguage":"hu","potentialAction":[{"@type":"ReadAction","target":["https:\/\/www.ufi.eu\/hu\/product\/clp-cimke-letrehozasa-es-megfeleloseg-ellenorzes\/"]}]},{"@type":"ImageObject","inLanguage":"hu","@id":"https:\/\/www.ufi.eu\/hu\/product\/clp-cimke-letrehozasa-es-megfeleloseg-ellenorzes\/#primaryimage","url":"https:\/\/www.ufi.eu\/wp-content\/uploads\/2025\/03\/pcn_ufi.jpg","contentUrl":"https:\/\/www.ufi.eu\/wp-content\/uploads\/2025\/03\/pcn_ufi.jpg","width":1024,"height":1024},{"@type":"BreadcrumbList","@id":"https:\/\/www.ufi.eu\/hu\/product\/clp-cimke-letrehozasa-es-megfeleloseg-ellenorzes\/#breadcrumb","itemListElement":[{"@type":"ListItem","position":1,"name":"Home","item":"https:\/\/www.ufi.eu\/hu\/home\/"},{"@type":"ListItem","position":2,"name":"Bolt","item":"https:\/\/www.ufi.eu\/hu\/bolt\/"},{"@type":"ListItem","position":3,"name":"CLP-c\u00edmke l\u00e9trehoz\u00e1sa \u00e9s megfelel\u0151s\u00e9g-ellen\u0151rz\u00e9s"}]},{"@type":"WebSite","@id":"https:\/\/www.ufi.eu\/hu\/#website","url":"https:\/\/www.ufi.eu\/hu\/","name":"UFI.EU","description":"Poison Centre Notifications (PCN) and UFI","publisher":{"@id":"https:\/\/www.ufi.eu\/hu\/#organization"},"potentialAction":[{"@type":"SearchAction","target":{"@type":"EntryPoint","urlTemplate":"https:\/\/www.ufi.eu\/hu\/?s={search_term_string}"},"query-input":{"@type":"PropertyValueSpecification","valueRequired":true,"valueName":"search_term_string"}}],"inLanguage":"hu"},{"@type":"Organization","@id":"https:\/\/www.ufi.eu\/hu\/#organization","name":"UFI.EU","url":"https:\/\/www.ufi.eu\/hu\/","logo":{"@type":"ImageObject","inLanguage":"hu","@id":"https:\/\/www.ufi.eu\/hu\/#\/schema\/logo\/image\/","url":"https:\/\/www.ufi.eu\/wp-content\/uploads\/2025\/03\/cropped-logo_ufi3.jpg","contentUrl":"https:\/\/www.ufi.eu\/wp-content\/uploads\/2025\/03\/cropped-logo_ufi3.jpg","width":231,"height":78,"caption":"UFI.EU"},"image":{"@id":"https:\/\/www.ufi.eu\/hu\/#\/schema\/logo\/image\/"},"description":"UFI.eu specializes in digital registrations for Poison Centre Notifications (PCN), ensuring your chemical products meet EU regulatory requirements effortlessly. Our streamlined solutions help businesses stay compliant while reducing complexity and administrative burden.","email":"info@ufi.eu","legalName":"UFI.EU"}]},"product_price_amount":"50.00","product_price_currency":"EUR","og_availability":"instock","product_availability":"instock","product_condition":"new"},"_links":{"self":[{"href":"https:\/\/www.ufi.eu\/hu\/wp-json\/wp\/v2\/product\/12786","targetHints":{"allow":["GET"]}}],"collection":[{"href":"https:\/\/www.ufi.eu\/hu\/wp-json\/wp\/v2\/product"}],"about":[{"href":"https:\/\/www.ufi.eu\/hu\/wp-json\/wp\/v2\/types\/product"}],"wp:featuredmedia":[{"embeddable":true,"href":"https:\/\/www.ufi.eu\/hu\/wp-json\/wp\/v2\/media\/12462"}],"wp:attachment":[{"href":"https:\/\/www.ufi.eu\/hu\/wp-json\/wp\/v2\/media?parent=12786"}],"wp:term":[{"taxonomy":"product_brand","embeddable":true,"href":"https:\/\/www.ufi.eu\/hu\/wp-json\/wp\/v2\/product_brand?post=12786"},{"taxonomy":"product_cat","embeddable":true,"href":"https:\/\/www.ufi.eu\/hu\/wp-json\/wp\/v2\/product_cat?post=12786"},{"taxonomy":"product_tag","embeddable":true,"href":"https:\/\/www.ufi.eu\/hu\/wp-json\/wp\/v2\/product_tag?post=12786"}],"curies":[{"name":"wp","href":"https:\/\/api.w.org\/{rel}","templated":true}]}}