{"id":12772,"date":"2025-04-05T15:24:57","date_gmt":"2025-04-15T20:26:16","guid":{"rendered":"https:\/\/www.ufi.eu\/pcn\/nem-kategorizalt\/clp-cimke-keszitese-es-a-moso-es-tisztitoszerek-megfelelosegenek-ellenorzese\/"},"modified":"2025-04-28T12:21:17","modified_gmt":"2025-04-28T12:21:17","slug":"clp-cimke-keszitese-es-a-moso-es-tisztitoszerek-megfelelosegenek-ellenorzese","status":"publish","type":"product","link":"https:\/\/www.ufi.eu\/hu\/product\/clp-cimke-keszitese-es-a-moso-es-tisztitoszerek-megfelelosegenek-ellenorzese\/","title":{"rendered":"CLP-c\u00edmke k\u00e9sz\u00edt\u00e9se \u00e9s a mos\u00f3- \u00e9s tiszt\u00edt\u00f3szerek megfelel\u0151s\u00e9g\u00e9nek ellen\u0151rz\u00e9se"},"content":{"rendered":"\n<p><strong>Szak\u00e9rt\u0151i szolg\u00e1ltat\u00e1sunkkal biztos\u00edtsa a CLP- \u00e9s mos\u00f3szer-rendeletnek val\u00f3 teljes k\u00f6r\u0171 megfelel\u00e9st.<\/strong><\/p>\n\n<p>Szakter\u00fclet\u00fcnk a mos\u00f3- \u00e9s tiszt\u00edt\u00f3szerek eur\u00f3pai piacon t\u00f6rt\u00e9n\u0151 forgalomba hozatal\u00e1ra vonatkoz\u00f3 jogi k\u00f6vetelm\u00e9nyeknek val\u00f3 megfelel\u00e9sre szakosodott v\u00e1llalatok seg\u00edt\u00e9se. CLP-c\u00edmkek\u00e9sz\u00edt\u00e9si \u00e9s ellen\u0151rz\u00e9si szolg\u00e1ltat\u00e1sunk biztos\u00edtja, hogy az \u00d6n term\u00e9keinek c\u00edmk\u00e9i teljes m\u00e9rt\u00e9kben megfeleljenek mind a <strong>CLP-rendeletnek (1272\/2008\/EK)<\/strong>, mind a <strong>mos\u00f3- \u00e9s tiszt\u00edt\u00f3szerekr\u0151l sz\u00f3l\u00f3 rendeletnek (648\/2004\/EK<\/strong>). <\/p>\n\n<h2 class=\"wp-block-heading\" id=\"h-why-correct-labeling-for-detergents-is-crucial\">Mi\u00e9rt kulcsfontoss\u00e1g\u00fa a mos\u00f3- \u00e9s tiszt\u00edt\u00f3szerek helyes c\u00edmk\u00e9z\u00e9se?<\/h2>\n\n<p>A mos\u00f3- \u00e9s tiszt\u00edt\u00f3szerekre k\u00e9t kulcsfontoss\u00e1g\u00fa eur\u00f3pai szab\u00e1lyoz\u00e1s vonatkozik:<\/p>\n\n<ul class=\"wp-block-list\">\n<li><strong>CLP-rendelet<\/strong>, amely a vesz\u00e9lyes anyagok \u00e9s kever\u00e9kek oszt\u00e1lyoz\u00e1s\u00e1t, c\u00edmk\u00e9z\u00e9s\u00e9t \u00e9s csomagol\u00e1s\u00e1t szab\u00e1lyozza.<\/li>\n\n\n\n<li>A <strong>mos\u00f3- \u00e9s tiszt\u00edt\u00f3szerekre vonatkoz\u00f3 rendelet<\/strong>, amely a mos\u00f3- \u00e9s tiszt\u00edt\u00f3szerekre vonatkoz\u00f3 k\u00fcl\u00f6nleges c\u00edmk\u00e9z\u00e9si k\u00f6telezetts\u00e9geket \u00edr el\u0151, k\u00fcl\u00f6n\u00f6sen a fogyaszt\u00f3k \u00e1ltal haszn\u00e1lt term\u00e9kek eset\u00e9ben.<\/li>\n<\/ul>\n\n<p>A megfelel\u00e9s elmulaszt\u00e1sa term\u00e9kvisszah\u00edv\u00e1sokhoz, b\u00edrs\u00e1gokhoz vagy ak\u00e1r piaci tilalomhoz is vezethet. Csapatunk biztos\u00edtja, hogy az \u00d6n c\u00edmk\u00e9i pontosak, teljesek \u00e9s jogilag v\u00e9dhet\u0151ek legyenek. <\/p>\n\n<h2 class=\"wp-block-heading\" id=\"h-what-we-offer\">Mit k\u00edn\u00e1lunk<\/h2>\n\n<h4 class=\"wp-block-heading\" id=\"h-1-clp-label-creation-for-detergents\">1. <strong>CLP-c\u00edmke k\u00e9sz\u00edt\u00e9se mos\u00f3szerekhez<\/strong><\/h4>\n\n<p>A term\u00e9kc\u00edmk\u00e9t az \u00d6n mos\u00f3szer-k\u00e9sz\u00edtm\u00e9ny\u00e9nek konkr\u00e9t vesz\u00e9lyess\u00e9gi besorol\u00e1sa alapj\u00e1n k\u00e9sz\u00edtj\u00fck el. Ez mag\u00e1ban foglalja a k\u00f6vetkez\u0151ket: <\/p>\n\n<ul class=\"wp-block-list\">\n<li>A megfelel\u0151 <strong>vesz\u00e9lyt jelz\u0151 piktogramok<\/strong>, <strong>jelz\u0151szavak<\/strong>, <strong>H-<\/strong> \u00e9s <strong>P-mondatok<\/strong> kiv\u00e1laszt\u00e1sa.<\/li>\n\n\n\n<li><strong>Az UFI<\/strong> helyes <strong>elhelyez\u00e9se<\/strong> \u00e9s form\u00e1z\u00e1sa (adott esetben).<\/li>\n\n\n\n<li>K\u00f6telez\u0151 sz\u00e1ll\u00edt\u00f3i \u00e9s term\u00e9kazonos\u00edt\u00f3 adatok.<\/li>\n<\/ul>\n\n<h4 class=\"wp-block-heading\" id=\"h-2-label-check-for-existing-detergent-products\">2. <strong>A megl\u00e9v\u0151 mos\u00f3szerek c\u00edmkeellen\u0151rz\u00e9se<\/strong><\/h4>\n\n<p>M\u00e1r van c\u00edmk\u00e9je? \u00c1tn\u00e9zz\u00fck \u00e9s ellen\u0151rizz\u00fck: <\/p>\n\n<ul class=\"wp-block-list\">\n<li>A CLP szerinti megfelel\u0151 vesz\u00e9lyess\u00e9gi oszt\u00e1lyoz\u00e1s.<\/li>\n\n\n\n<li>C\u00edmke sz\u00f6vege \u00e9s form\u00e1tuma a hat\u00e1lyos el\u0151\u00edr\u00e1soknak megfelel\u0151en.<\/li>\n\n\n\n<li>Mos\u00f3szer-specifikus k\u00f6vetelm\u00e9nyek, mint p\u00e9ld\u00e1ul az \u00f6sszetev\u0151k k\u00f6r\u00e9nek k\u00f6zz\u00e9t\u00e9tele \u00e9s az allerg\u00e9nek felsorol\u00e1sa.<\/li>\n<\/ul>\n\n<h4 class=\"wp-block-heading\" id=\"h-3-compliance-with-detergents-regulation-ec-no-648-2004\">3. <strong>Megfelel\u00e9s a mos\u00f3- \u00e9s tiszt\u00edt\u00f3szerekr\u0151l sz\u00f3l\u00f3 rendeletnek (648\/2004\/EK)<\/strong><\/h4>\n\n<p>Biztos\u00edtjuk, hogy az \u00d6n c\u00edmk\u00e9je megfelel a mos\u00f3szer-specifikus k\u00f6vetelm\u00e9nyeknek, bele\u00e9rtve:<\/p>\n\n<ul class=\"wp-block-list\">\n<li>\u00d6sszetev\u0151-tartom\u00e1nyra vonatkoz\u00f3 nyilatkozatok (pl. &#8220;5-15% anionos tenzidek&#8221;).<\/li>\n\n\n\n<li>Allerg\u00e9n illatanyagok k\u00f6zz\u00e9t\u00e9tele (pl. limon\u00e9n, linalool).<\/li>\n\n\n\n<li>Online \u00f6sszetev\u0151lista be\u00e1ll\u00edt\u00e1sa (adott esetben).<\/li>\n<\/ul>\n\n<h2 class=\"wp-block-heading\" id=\"h-when-is-a-clp-label-and-ufi-required\">Mikor van sz\u00fcks\u00e9g CLP-c\u00edmk\u00e9re \u00e9s UFI-ra?<\/h2>\n\n<p>CLP-konform c\u00edmke (\u00e9s esetleg PCN-\u00e9rtes\u00edt\u00e9s az UFI-val) sz\u00fcks\u00e9ges, ha az \u00d6n mos\u00f3- \u00e9s tiszt\u00edt\u00f3szere:<\/p>\n\n<ul class=\"wp-block-list\">\n<li>Eg\u00e9szs\u00e9gre vagy fizikai hat\u00e1s szempontj\u00e1b\u00f3l oszt\u00e1lyozott vesz\u00e9lyes \u00f6sszetev\u0151ket tartalmaz.<\/li>\n\n\n\n<li>Fogyaszt\u00f3k vagy szakemberek sz\u00e1m\u00e1ra ker\u00fcl forgalomba.<\/li>\n<\/ul>\n\n<p>Seg\u00edt\u00fcnk meghat\u00e1rozni, hogy term\u00e9k\u00e9nek sz\u00fcks\u00e9ge van-e <strong>UFI-ra<\/strong>, <strong>PCN-bejelent\u00e9sre<\/strong> vagy csak a mos\u00f3- \u00e9s tiszt\u00edt\u00f3szerekre vonatkoz\u00f3 rendelet szerinti c\u00edmk\u00e9z\u00e9sre.<\/p>\n\n<h2 class=\"wp-block-heading\" id=\"h-who-is-this-service-for\">Kinek sz\u00f3l ez a szolg\u00e1ltat\u00e1s?<\/h2>\n\n<ul class=\"wp-block-list\">\n<li>Foly\u00e9kony vagy por alak\u00fa mos\u00f3szerek gy\u00e1rt\u00f3i.<\/li>\n\n\n\n<li>Tiszt\u00edt\u00f3szerek \u00e9s mosodai term\u00e9kek import\u0151rei.<\/li>\n\n\n\n<li>Teljes k\u00f6r\u0171 c\u00edmke-megfelel\u0151s\u00e9gi t\u00e1mogat\u00e1st ig\u00e9nyl\u0151 saj\u00e1t m\u00e1rk\u00e1s m\u00e1rk\u00e1k.<\/li>\n\n\n\n<li>A v\u00e1llalatok bizonytalanok abban, hogy a term\u00e9k\u00fck vesz\u00e9lyes-e vagy sem.<\/li>\n<\/ul>\n\n<h2 class=\"wp-block-heading\" id=\"h-why-choose-ufi-eu\">Mi\u00e9rt v\u00e1lassza az UFI.EU-t?<\/h2>\n\n<ul class=\"wp-block-list\">\n<li><strong>A CLP \u00e9s a mos\u00f3- \u00e9s tiszt\u00edt\u00f3szerek szab\u00e1lyoz\u00e1s\u00e1nak szak\u00e9rt\u0151i<\/strong>, t\u00f6bb \u00e9ves tapasztalattal.<\/li>\n\n\n\n<li><strong>Gyors \u00e9s pontos<\/strong>, az \u00d6n term\u00e9k\u00e9nek ig\u00e9nyeihez igaz\u00edtott <strong>szolg\u00e1ltat\u00e1s<\/strong>.<\/li>\n\n\n\n<li><strong>Egy\u00e9rtelm\u0171 \u00e1rk\u00e9pz\u00e9s<\/strong> \u00e9s szem\u00e9lyes kommunik\u00e1ci\u00f3.<\/li>\n\n\n\n<li><strong>Opcion\u00e1lis kieg\u00e9sz\u00edt\u0151k<\/strong>: PCN \u00e9rtes\u00edt\u00e9s, SDS l\u00e9trehoz\u00e1sa \u00e9s UFI gener\u00e1l\u00e1s.<\/li>\n<\/ul>\n\n<h2 class=\"wp-block-heading\" id=\"h-get-started-today\">Kezdje el m\u00e9g ma<\/h2>\n\n<p>Ak\u00e1r \u00faj c\u00edmk\u00e9re van sz\u00fcks\u00e9ge, ak\u00e1r megl\u00e9v\u0151 c\u00edmk\u00e9j\u00e9t szeretn\u00e9 ellen\u0151rizni, az UFI.EU t\u00e1mogatja a megfelel\u0151s\u00e9gi folyamatot.<br\/><strong>B\u00edzza r\u00e1nk a jogi r\u00e9szleteket, hogy \u00d6n a v\u00e1llalkoz\u00e1s\u00e1ra koncentr\u00e1lhasson<\/strong>.<\/p>\n\n<p>Az al\u00e1bbi gombra kattintva k\u00e9rheti a <strong>CLP-c\u00edmke l\u00e9trehoz\u00e1s\u00e1t vagy a mos\u00f3szerek ellen\u0151rz\u00e9s\u00e9t<\/strong>.<\/p>\n","protected":false},"excerpt":{"rendered":"<p>Szak\u00e9rt\u0151i szolg\u00e1ltat\u00e1sunkkal biztos\u00edtsa a CLP- \u00e9s mos\u00f3szer-rendeletnek val\u00f3 teljes k\u00f6r\u0171 megfelel\u00e9st. Szakter\u00fclet\u00fcnk a mos\u00f3- \u00e9s tiszt\u00edt\u00f3szerek eur\u00f3pai piacon t\u00f6rt\u00e9n\u0151 forgalomba hozatal\u00e1ra vonatkoz\u00f3 jogi k\u00f6vetelm\u00e9nyeknek val\u00f3 megfelel\u00e9sre szakosodott v\u00e1llalatok seg\u00edt\u00e9se. CLP-c\u00edmkek\u00e9sz\u00edt\u00e9si \u00e9s ellen\u0151rz\u00e9si szolg\u00e1ltat\u00e1sunk biztos\u00edtja, hogy az \u00d6n term\u00e9keinek c\u00edmk\u00e9i teljes m\u00e9rt\u00e9kben megfeleljenek mind a CLP-rendeletnek (1272\/2008\/EK), mind a mos\u00f3- \u00e9s tiszt\u00edt\u00f3szerekr\u0151l sz\u00f3l\u00f3 rendeletnek (648\/2004\/EK). Mi\u00e9rt [&hellip;]<\/p>\n","protected":false},"featured_media":12462,"template":"","meta":[],"product_brand":[],"product_cat":[407],"product_tag":[],"class_list":{"0":"post-12772","1":"product","2":"type-product","3":"status-publish","4":"has-post-thumbnail","6":"product_cat-clp-cimke","8":"first","9":"instock","10":"virtual","11":"taxable","12":"purchasable","13":"product-type-simple"},"bundled_by":[],"bundle_stock_status":"instock","bundle_stock_quantity":null,"bundle_virtual":false,"bundle_layout":"","bundle_add_to_cart_form_location":"","bundle_editable_in_cart":false,"bundle_sold_individually_context":"","bundle_item_grouping":"","bundle_min_size":"","bundle_max_size":"","bundle_price":[],"bundled_items":[],"bundle_sell_ids":[],"yoast_head":"<!-- This site is optimized with the Yoast SEO Premium plugin v25.1 (Yoast SEO v25.1) - https:\/\/yoast.com\/wordpress\/plugins\/seo\/ -->\n<title>CLP-c\u00edmke k\u00e9sz\u00edt\u00e9se \u00e9s a mos\u00f3- \u00e9s tiszt\u00edt\u00f3szerek megfelel\u0151s\u00e9g\u00e9nek ellen\u0151rz\u00e9se - UFI<\/title>\n<meta name=\"description\" content=\"CLP-c\u00edmke k\u00e9sz\u00edt\u00e9si \u00e9s ellen\u0151rz\u00e9si szolg\u00e1ltat\u00e1sunk biztos\u00edtja, hogy az \u00d6n term\u00e9kc\u00edmk\u00e9i teljes m\u00e9rt\u00e9kben megfeleljenek mind a CLP-rendeletnek (1272\/2008\/EK), mind a mos\u00f3- \u00e9s tiszt\u00edt\u00f3szer-rendeletnek (648\/2004\/EK).\" \/>\n<meta name=\"robots\" content=\"index, follow, max-snippet:-1, max-image-preview:large, max-video-preview:-1\" \/>\n<link rel=\"canonical\" href=\"https:\/\/www.ufi.eu\/hu\/product\/clp-cimke-keszitese-es-a-moso-es-tisztitoszerek-megfelelosegenek-ellenorzese\/\" \/>\n<meta property=\"og:locale\" content=\"hu_HU\" \/>\n<meta property=\"og:type\" content=\"article\" \/>\n<meta property=\"og:title\" content=\"CLP-c\u00edmke k\u00e9sz\u00edt\u00e9se \u00e9s a mos\u00f3- \u00e9s tiszt\u00edt\u00f3szerek megfelel\u0151s\u00e9g\u00e9nek ellen\u0151rz\u00e9se\" \/>\n<meta property=\"og:description\" content=\"CLP-c\u00edmke k\u00e9sz\u00edt\u00e9si \u00e9s ellen\u0151rz\u00e9si szolg\u00e1ltat\u00e1sunk biztos\u00edtja, hogy az \u00d6n term\u00e9kc\u00edmk\u00e9i teljes m\u00e9rt\u00e9kben megfeleljenek mind a CLP-rendeletnek (1272\/2008\/EK), mind a mos\u00f3- \u00e9s tiszt\u00edt\u00f3szer-rendeletnek (648\/2004\/EK).\" \/>\n<meta property=\"og:url\" content=\"https:\/\/www.ufi.eu\/hu\/product\/clp-cimke-keszitese-es-a-moso-es-tisztitoszerek-megfelelosegenek-ellenorzese\/\" \/>\n<meta property=\"og:site_name\" content=\"UFI\" \/>\n<meta property=\"article:modified_time\" content=\"2025-04-28T12:21:17+00:00\" \/>\n<meta property=\"og:image\" content=\"https:\/\/www.ufi.eu\/wp-content\/uploads\/2025\/03\/pcn_ufi.jpg\" \/>\n\t<meta property=\"og:image:width\" content=\"1024\" \/>\n\t<meta property=\"og:image:height\" content=\"1024\" \/>\n\t<meta property=\"og:image:type\" content=\"image\/jpeg\" \/>\n<meta name=\"twitter:card\" content=\"summary_large_image\" \/>\n<meta name=\"twitter:label1\" content=\"\u00c1r\" \/>\n\t<meta name=\"twitter:data1\" content=\"&euro;50.00\" \/>\n\t<meta name=\"twitter:label2\" content=\"El\u00e9rhet\u0151s\u00e9g\" \/>\n\t<meta name=\"twitter:data2\" content=\"K\u00e9szleten\" \/>\n<script type=\"application\/ld+json\" class=\"yoast-schema-graph\">{\"@context\":\"https:\/\/schema.org\",\"@graph\":[{\"@type\":\"WebPage\",\"@id\":\"https:\/\/www.ufi.eu\/hu\/product\/clp-cimke-keszitese-es-a-moso-es-tisztitoszerek-megfelelosegenek-ellenorzese\/\",\"url\":\"https:\/\/www.ufi.eu\/hu\/product\/clp-cimke-keszitese-es-a-moso-es-tisztitoszerek-megfelelosegenek-ellenorzese\/\",\"name\":\"CLP-c\u00edmke k\u00e9sz\u00edt\u00e9se \u00e9s a mos\u00f3- \u00e9s tiszt\u00edt\u00f3szerek megfelel\u0151s\u00e9g\u00e9nek ellen\u0151rz\u00e9se - UFI\",\"isPartOf\":{\"@id\":\"https:\/\/www.ufi.eu\/hu\/#website\"},\"primaryImageOfPage\":{\"@id\":\"https:\/\/www.ufi.eu\/hu\/product\/clp-cimke-keszitese-es-a-moso-es-tisztitoszerek-megfelelosegenek-ellenorzese\/#primaryimage\"},\"image\":{\"@id\":\"https:\/\/www.ufi.eu\/hu\/product\/clp-cimke-keszitese-es-a-moso-es-tisztitoszerek-megfelelosegenek-ellenorzese\/#primaryimage\"},\"thumbnailUrl\":\"https:\/\/www.ufi.eu\/wp-content\/uploads\/2025\/03\/pcn_ufi.jpg\",\"datePublished\":\"2025-04-15T20:26:16+00:00\",\"dateModified\":\"2025-04-28T12:21:17+00:00\",\"description\":\"CLP-c\u00edmke k\u00e9sz\u00edt\u00e9si \u00e9s ellen\u0151rz\u00e9si szolg\u00e1ltat\u00e1sunk biztos\u00edtja, hogy az \u00d6n term\u00e9kc\u00edmk\u00e9i teljes m\u00e9rt\u00e9kben megfeleljenek mind a CLP-rendeletnek (1272\/2008\/EK), mind a mos\u00f3- \u00e9s tiszt\u00edt\u00f3szer-rendeletnek (648\/2004\/EK).\",\"breadcrumb\":{\"@id\":\"https:\/\/www.ufi.eu\/hu\/product\/clp-cimke-keszitese-es-a-moso-es-tisztitoszerek-megfelelosegenek-ellenorzese\/#breadcrumb\"},\"inLanguage\":\"hu\",\"potentialAction\":[{\"@type\":\"ReadAction\",\"target\":[\"https:\/\/www.ufi.eu\/hu\/product\/clp-cimke-keszitese-es-a-moso-es-tisztitoszerek-megfelelosegenek-ellenorzese\/\"]}]},{\"@type\":\"ImageObject\",\"inLanguage\":\"hu\",\"@id\":\"https:\/\/www.ufi.eu\/hu\/product\/clp-cimke-keszitese-es-a-moso-es-tisztitoszerek-megfelelosegenek-ellenorzese\/#primaryimage\",\"url\":\"https:\/\/www.ufi.eu\/wp-content\/uploads\/2025\/03\/pcn_ufi.jpg\",\"contentUrl\":\"https:\/\/www.ufi.eu\/wp-content\/uploads\/2025\/03\/pcn_ufi.jpg\",\"width\":1024,\"height\":1024},{\"@type\":\"BreadcrumbList\",\"@id\":\"https:\/\/www.ufi.eu\/hu\/product\/clp-cimke-keszitese-es-a-moso-es-tisztitoszerek-megfelelosegenek-ellenorzese\/#breadcrumb\",\"itemListElement\":[{\"@type\":\"ListItem\",\"position\":1,\"name\":\"Home\",\"item\":\"https:\/\/www.ufi.eu\/hu\/home\/\"},{\"@type\":\"ListItem\",\"position\":2,\"name\":\"Bolt\",\"item\":\"https:\/\/www.ufi.eu\/hu\/bolt\/\"},{\"@type\":\"ListItem\",\"position\":3,\"name\":\"CLP-c\u00edmke k\u00e9sz\u00edt\u00e9se \u00e9s a mos\u00f3- \u00e9s tiszt\u00edt\u00f3szerek megfelel\u0151s\u00e9g\u00e9nek ellen\u0151rz\u00e9se\"}]},{\"@type\":\"WebSite\",\"@id\":\"https:\/\/www.ufi.eu\/hu\/#website\",\"url\":\"https:\/\/www.ufi.eu\/hu\/\",\"name\":\"UFI.EU\",\"description\":\"Poison Centre Notifications (PCN) and UFI\",\"publisher\":{\"@id\":\"https:\/\/www.ufi.eu\/hu\/#organization\"},\"potentialAction\":[{\"@type\":\"SearchAction\",\"target\":{\"@type\":\"EntryPoint\",\"urlTemplate\":\"https:\/\/www.ufi.eu\/hu\/?s={search_term_string}\"},\"query-input\":{\"@type\":\"PropertyValueSpecification\",\"valueRequired\":true,\"valueName\":\"search_term_string\"}}],\"inLanguage\":\"hu\"},{\"@type\":\"Organization\",\"@id\":\"https:\/\/www.ufi.eu\/hu\/#organization\",\"name\":\"UFI.EU\",\"url\":\"https:\/\/www.ufi.eu\/hu\/\",\"logo\":{\"@type\":\"ImageObject\",\"inLanguage\":\"hu\",\"@id\":\"https:\/\/www.ufi.eu\/hu\/#\/schema\/logo\/image\/\",\"url\":\"https:\/\/www.ufi.eu\/wp-content\/uploads\/2025\/03\/cropped-logo_ufi3.jpg\",\"contentUrl\":\"https:\/\/www.ufi.eu\/wp-content\/uploads\/2025\/03\/cropped-logo_ufi3.jpg\",\"width\":231,\"height\":78,\"caption\":\"UFI.EU\"},\"image\":{\"@id\":\"https:\/\/www.ufi.eu\/hu\/#\/schema\/logo\/image\/\"},\"description\":\"UFI.eu specializes in digital registrations for Poison Centre Notifications (PCN), ensuring your chemical products meet EU regulatory requirements effortlessly. Our streamlined solutions help businesses stay compliant while reducing complexity and administrative burden.\",\"email\":\"info@ufi.eu\",\"legalName\":\"UFI.EU\"}]}<\/script>\n<meta property=\"product:price:amount\" content=\"50.00\" \/>\n<meta property=\"product:price:currency\" content=\"EUR\" \/>\n<meta property=\"og:availability\" content=\"instock\" \/>\n<meta property=\"product:availability\" content=\"instock\" \/>\n<meta property=\"product:condition\" content=\"new\" \/>\n<!-- \/ Yoast SEO Premium plugin. -->","yoast_head_json":{"title":"CLP-c\u00edmke k\u00e9sz\u00edt\u00e9se \u00e9s a mos\u00f3- \u00e9s tiszt\u00edt\u00f3szerek megfelel\u0151s\u00e9g\u00e9nek ellen\u0151rz\u00e9se - UFI","description":"CLP-c\u00edmke k\u00e9sz\u00edt\u00e9si \u00e9s ellen\u0151rz\u00e9si szolg\u00e1ltat\u00e1sunk biztos\u00edtja, hogy az \u00d6n term\u00e9kc\u00edmk\u00e9i teljes m\u00e9rt\u00e9kben megfeleljenek mind a CLP-rendeletnek (1272\/2008\/EK), mind a mos\u00f3- \u00e9s tiszt\u00edt\u00f3szer-rendeletnek (648\/2004\/EK).","robots":{"index":"index","follow":"follow","max-snippet":"max-snippet:-1","max-image-preview":"max-image-preview:large","max-video-preview":"max-video-preview:-1"},"canonical":"https:\/\/www.ufi.eu\/hu\/product\/clp-cimke-keszitese-es-a-moso-es-tisztitoszerek-megfelelosegenek-ellenorzese\/","og_locale":"hu_HU","og_type":"article","og_title":"CLP-c\u00edmke k\u00e9sz\u00edt\u00e9se \u00e9s a mos\u00f3- \u00e9s tiszt\u00edt\u00f3szerek megfelel\u0151s\u00e9g\u00e9nek ellen\u0151rz\u00e9se","og_description":"CLP-c\u00edmke k\u00e9sz\u00edt\u00e9si \u00e9s ellen\u0151rz\u00e9si szolg\u00e1ltat\u00e1sunk biztos\u00edtja, hogy az \u00d6n term\u00e9kc\u00edmk\u00e9i teljes m\u00e9rt\u00e9kben megfeleljenek mind a CLP-rendeletnek (1272\/2008\/EK), mind a mos\u00f3- \u00e9s tiszt\u00edt\u00f3szer-rendeletnek (648\/2004\/EK).","og_url":"https:\/\/www.ufi.eu\/hu\/product\/clp-cimke-keszitese-es-a-moso-es-tisztitoszerek-megfelelosegenek-ellenorzese\/","og_site_name":"UFI","article_modified_time":"2025-04-28T12:21:17+00:00","og_image":[{"width":1024,"height":1024,"url":"https:\/\/www.ufi.eu\/wp-content\/uploads\/2025\/03\/pcn_ufi.jpg","type":"image\/jpeg"}],"twitter_card":"summary_large_image","twitter_misc":{"\u00c1r":"&euro;50.00","El\u00e9rhet\u0151s\u00e9g":"K\u00e9szleten"},"schema":{"@context":"https:\/\/schema.org","@graph":[{"@type":"WebPage","@id":"https:\/\/www.ufi.eu\/hu\/product\/clp-cimke-keszitese-es-a-moso-es-tisztitoszerek-megfelelosegenek-ellenorzese\/","url":"https:\/\/www.ufi.eu\/hu\/product\/clp-cimke-keszitese-es-a-moso-es-tisztitoszerek-megfelelosegenek-ellenorzese\/","name":"CLP-c\u00edmke k\u00e9sz\u00edt\u00e9se \u00e9s a mos\u00f3- \u00e9s tiszt\u00edt\u00f3szerek megfelel\u0151s\u00e9g\u00e9nek ellen\u0151rz\u00e9se - UFI","isPartOf":{"@id":"https:\/\/www.ufi.eu\/hu\/#website"},"primaryImageOfPage":{"@id":"https:\/\/www.ufi.eu\/hu\/product\/clp-cimke-keszitese-es-a-moso-es-tisztitoszerek-megfelelosegenek-ellenorzese\/#primaryimage"},"image":{"@id":"https:\/\/www.ufi.eu\/hu\/product\/clp-cimke-keszitese-es-a-moso-es-tisztitoszerek-megfelelosegenek-ellenorzese\/#primaryimage"},"thumbnailUrl":"https:\/\/www.ufi.eu\/wp-content\/uploads\/2025\/03\/pcn_ufi.jpg","datePublished":"2025-04-15T20:26:16+00:00","dateModified":"2025-04-28T12:21:17+00:00","description":"CLP-c\u00edmke k\u00e9sz\u00edt\u00e9si \u00e9s ellen\u0151rz\u00e9si szolg\u00e1ltat\u00e1sunk biztos\u00edtja, hogy az \u00d6n term\u00e9kc\u00edmk\u00e9i teljes m\u00e9rt\u00e9kben megfeleljenek mind a CLP-rendeletnek (1272\/2008\/EK), mind a mos\u00f3- \u00e9s tiszt\u00edt\u00f3szer-rendeletnek (648\/2004\/EK).","breadcrumb":{"@id":"https:\/\/www.ufi.eu\/hu\/product\/clp-cimke-keszitese-es-a-moso-es-tisztitoszerek-megfelelosegenek-ellenorzese\/#breadcrumb"},"inLanguage":"hu","potentialAction":[{"@type":"ReadAction","target":["https:\/\/www.ufi.eu\/hu\/product\/clp-cimke-keszitese-es-a-moso-es-tisztitoszerek-megfelelosegenek-ellenorzese\/"]}]},{"@type":"ImageObject","inLanguage":"hu","@id":"https:\/\/www.ufi.eu\/hu\/product\/clp-cimke-keszitese-es-a-moso-es-tisztitoszerek-megfelelosegenek-ellenorzese\/#primaryimage","url":"https:\/\/www.ufi.eu\/wp-content\/uploads\/2025\/03\/pcn_ufi.jpg","contentUrl":"https:\/\/www.ufi.eu\/wp-content\/uploads\/2025\/03\/pcn_ufi.jpg","width":1024,"height":1024},{"@type":"BreadcrumbList","@id":"https:\/\/www.ufi.eu\/hu\/product\/clp-cimke-keszitese-es-a-moso-es-tisztitoszerek-megfelelosegenek-ellenorzese\/#breadcrumb","itemListElement":[{"@type":"ListItem","position":1,"name":"Home","item":"https:\/\/www.ufi.eu\/hu\/home\/"},{"@type":"ListItem","position":2,"name":"Bolt","item":"https:\/\/www.ufi.eu\/hu\/bolt\/"},{"@type":"ListItem","position":3,"name":"CLP-c\u00edmke k\u00e9sz\u00edt\u00e9se \u00e9s a mos\u00f3- \u00e9s tiszt\u00edt\u00f3szerek megfelel\u0151s\u00e9g\u00e9nek ellen\u0151rz\u00e9se"}]},{"@type":"WebSite","@id":"https:\/\/www.ufi.eu\/hu\/#website","url":"https:\/\/www.ufi.eu\/hu\/","name":"UFI.EU","description":"Poison Centre Notifications (PCN) and UFI","publisher":{"@id":"https:\/\/www.ufi.eu\/hu\/#organization"},"potentialAction":[{"@type":"SearchAction","target":{"@type":"EntryPoint","urlTemplate":"https:\/\/www.ufi.eu\/hu\/?s={search_term_string}"},"query-input":{"@type":"PropertyValueSpecification","valueRequired":true,"valueName":"search_term_string"}}],"inLanguage":"hu"},{"@type":"Organization","@id":"https:\/\/www.ufi.eu\/hu\/#organization","name":"UFI.EU","url":"https:\/\/www.ufi.eu\/hu\/","logo":{"@type":"ImageObject","inLanguage":"hu","@id":"https:\/\/www.ufi.eu\/hu\/#\/schema\/logo\/image\/","url":"https:\/\/www.ufi.eu\/wp-content\/uploads\/2025\/03\/cropped-logo_ufi3.jpg","contentUrl":"https:\/\/www.ufi.eu\/wp-content\/uploads\/2025\/03\/cropped-logo_ufi3.jpg","width":231,"height":78,"caption":"UFI.EU"},"image":{"@id":"https:\/\/www.ufi.eu\/hu\/#\/schema\/logo\/image\/"},"description":"UFI.eu specializes in digital registrations for Poison Centre Notifications (PCN), ensuring your chemical products meet EU regulatory requirements effortlessly. Our streamlined solutions help businesses stay compliant while reducing complexity and administrative burden.","email":"info@ufi.eu","legalName":"UFI.EU"}]},"product_price_amount":"50.00","product_price_currency":"EUR","og_availability":"instock","product_availability":"instock","product_condition":"new"},"_links":{"self":[{"href":"https:\/\/www.ufi.eu\/hu\/wp-json\/wp\/v2\/product\/12772","targetHints":{"allow":["GET"]}}],"collection":[{"href":"https:\/\/www.ufi.eu\/hu\/wp-json\/wp\/v2\/product"}],"about":[{"href":"https:\/\/www.ufi.eu\/hu\/wp-json\/wp\/v2\/types\/product"}],"wp:featuredmedia":[{"embeddable":true,"href":"https:\/\/www.ufi.eu\/hu\/wp-json\/wp\/v2\/media\/12462"}],"wp:attachment":[{"href":"https:\/\/www.ufi.eu\/hu\/wp-json\/wp\/v2\/media?parent=12772"}],"wp:term":[{"taxonomy":"product_brand","embeddable":true,"href":"https:\/\/www.ufi.eu\/hu\/wp-json\/wp\/v2\/product_brand?post=12772"},{"taxonomy":"product_cat","embeddable":true,"href":"https:\/\/www.ufi.eu\/hu\/wp-json\/wp\/v2\/product_cat?post=12772"},{"taxonomy":"product_tag","embeddable":true,"href":"https:\/\/www.ufi.eu\/hu\/wp-json\/wp\/v2\/product_tag?post=12772"}],"curies":[{"name":"wp","href":"https:\/\/api.w.org\/{rel}","templated":true}]}}