{"id":12548,"date":"2025-03-09T14:15:09","date_gmt":"2025-04-15T19:37:00","guid":{"rendered":"https:\/\/www.ufi.eu\/pcn\/nem-kategorizalt\/meregtelenito-kozpont-ertesitese-es-ufi\/"},"modified":"2025-04-15T19:37:00","modified_gmt":"2025-04-15T19:37:00","slug":"meregtelenito-kozpont-ertesitese-es-ufi","status":"publish","type":"product","link":"https:\/\/www.ufi.eu\/hu\/product\/meregtelenito-kozpont-ertesitese-es-ufi\/","title":{"rendered":"M\u00e9regtelen\u00edt\u0151 k\u00f6zpont \u00e9rtes\u00edt\u00e9se \u00e9s UFI"},"content":{"rendered":"","protected":false},"excerpt":{"rendered":"","protected":false},"featured_media":12462,"template":"","meta":[],"product_brand":[],"product_cat":[334],"product_tag":[],"class_list":{"0":"post-12548","1":"product","2":"type-product","3":"status-publish","4":"has-post-thumbnail","6":"product_cat-kemiai-vagy-muszaki-folyamatokhoz-hasznalt-termekek","8":"first","9":"instock","10":"virtual","11":"taxable","12":"purchasable","13":"product-type-simple"},"bundled_by":["12640","12670","12823","12952","12972","12992","13012","13022","13233","13263","13273","13333","13517","13530","13552","13564","13604","13764","13784","13802","13820","13838","14008","14032","14048","14056","14074","14358","14376","14394","14412","14430","14448","14678","14690","14702","14793","14945","14959","14983","14986","15050","15061","15251","15269","15285","15315","15341","15417","15435","15453","15471","15607","15617","15641","15839","15871","15954","15963","15975","15992","16027","16229","16257","16275","16293","16311","16543","16551","16577","16605","16613","16641","16887","16895","16923","16931","16959","16977","17221","17241","17259","17285","17303","17313","17339","17663","17681","17699","17717","17735","17745","17771","17781","17799","18017","18035","18180","18189","18207","18323","18341","18359","18377","18405","18413","18729","18753","18771","18781","18795","18971","18987","19037","19055","19073","19101","19159","19383","19391","19409","19437","19485","19503","19521","19833","19841","19859","19887","19895","19913","19941","19967","19995","20309","20325","20343","20357","20383","20411","20419","20437","20725","20751","20761","20809","20835","20843","20861","20951","21105","21119","21127","21133","21143","21149","21167","21457","21467","21589","21597","21611","21619","21629","21649","21655","22065","22071","22083","22089","22119","22129","22155","22171","22551","22621","22639","22647","22677","22703","22737","22755","22771","23069","23087","23163","23179","23207","23217","23233","23261","23289","23307","23601","23609","23627","23713","23731","23749","23757","23835","23955","24116","24130","24142","31725"],"bundle_stock_status":"instock","bundle_stock_quantity":null,"bundle_virtual":false,"bundle_layout":"","bundle_add_to_cart_form_location":"","bundle_editable_in_cart":false,"bundle_sold_individually_context":"","bundle_item_grouping":"","bundle_min_size":"","bundle_max_size":"","bundle_price":[],"bundled_items":[],"bundle_sell_ids":[],"yoast_head":"<!-- This site is optimized with the Yoast SEO Premium plugin v25.1 (Yoast SEO v25.1) - https:\/\/yoast.com\/wordpress\/plugins\/seo\/ -->\n<title>M\u00e9regtelen\u00edt\u0151 k\u00f6zpont \u00e9rtes\u00edt\u00e9se \u00e9s UFI - UFI<\/title>\n<meta name=\"robots\" content=\"index, follow, max-snippet:-1, max-image-preview:large, max-video-preview:-1\" \/>\n<link rel=\"canonical\" href=\"https:\/\/www.ufi.eu\/hu\/product\/meregtelenito-kozpont-ertesitese-es-ufi\/\" \/>\n<meta property=\"og:locale\" content=\"hu_HU\" \/>\n<meta property=\"og:type\" content=\"article\" \/>\n<meta property=\"og:title\" content=\"M\u00e9regtelen\u00edt\u0151 k\u00f6zpont \u00e9rtes\u00edt\u00e9se \u00e9s UFI\" \/>\n<meta property=\"og:url\" content=\"https:\/\/www.ufi.eu\/hu\/product\/meregtelenito-kozpont-ertesitese-es-ufi\/\" \/>\n<meta property=\"og:site_name\" content=\"UFI\" \/>\n<meta property=\"og:image\" content=\"https:\/\/www.ufi.eu\/wp-content\/uploads\/2025\/03\/pcn_ufi.jpg\" \/>\n\t<meta property=\"og:image:width\" content=\"1024\" \/>\n\t<meta property=\"og:image:height\" content=\"1024\" \/>\n\t<meta property=\"og:image:type\" content=\"image\/jpeg\" \/>\n<meta name=\"twitter:card\" content=\"summary_large_image\" \/>\n<meta name=\"twitter:label1\" content=\"\u00c1r\" \/>\n\t<meta name=\"twitter:data1\" content=\"&euro;65.00\" \/>\n\t<meta name=\"twitter:label2\" content=\"El\u00e9rhet\u0151s\u00e9g\" \/>\n\t<meta name=\"twitter:data2\" content=\"K\u00e9szleten\" \/>\n<script type=\"application\/ld+json\" class=\"yoast-schema-graph\">{\"@context\":\"https:\/\/schema.org\",\"@graph\":[{\"@type\":\"WebPage\",\"@id\":\"https:\/\/www.ufi.eu\/hu\/product\/meregtelenito-kozpont-ertesitese-es-ufi\/\",\"url\":\"https:\/\/www.ufi.eu\/hu\/product\/meregtelenito-kozpont-ertesitese-es-ufi\/\",\"name\":\"M\u00e9regtelen\u00edt\u0151 k\u00f6zpont \u00e9rtes\u00edt\u00e9se \u00e9s UFI - UFI\",\"isPartOf\":{\"@id\":\"https:\/\/www.ufi.eu\/hu\/#website\"},\"primaryImageOfPage\":{\"@id\":\"https:\/\/www.ufi.eu\/hu\/product\/meregtelenito-kozpont-ertesitese-es-ufi\/#primaryimage\"},\"image\":{\"@id\":\"https:\/\/www.ufi.eu\/hu\/product\/meregtelenito-kozpont-ertesitese-es-ufi\/#primaryimage\"},\"thumbnailUrl\":\"https:\/\/www.ufi.eu\/wp-content\/uploads\/2025\/03\/pcn_ufi.jpg\",\"datePublished\":\"2025-04-15T19:37:00+00:00\",\"breadcrumb\":{\"@id\":\"https:\/\/www.ufi.eu\/hu\/product\/meregtelenito-kozpont-ertesitese-es-ufi\/#breadcrumb\"},\"inLanguage\":\"hu\",\"potentialAction\":[{\"@type\":\"ReadAction\",\"target\":[\"https:\/\/www.ufi.eu\/hu\/product\/meregtelenito-kozpont-ertesitese-es-ufi\/\"]}]},{\"@type\":\"ImageObject\",\"inLanguage\":\"hu\",\"@id\":\"https:\/\/www.ufi.eu\/hu\/product\/meregtelenito-kozpont-ertesitese-es-ufi\/#primaryimage\",\"url\":\"https:\/\/www.ufi.eu\/wp-content\/uploads\/2025\/03\/pcn_ufi.jpg\",\"contentUrl\":\"https:\/\/www.ufi.eu\/wp-content\/uploads\/2025\/03\/pcn_ufi.jpg\",\"width\":1024,\"height\":1024},{\"@type\":\"BreadcrumbList\",\"@id\":\"https:\/\/www.ufi.eu\/hu\/product\/meregtelenito-kozpont-ertesitese-es-ufi\/#breadcrumb\",\"itemListElement\":[{\"@type\":\"ListItem\",\"position\":1,\"name\":\"Home\",\"item\":\"https:\/\/www.ufi.eu\/hu\/home\/\"},{\"@type\":\"ListItem\",\"position\":2,\"name\":\"Bolt\",\"item\":\"https:\/\/www.ufi.eu\/hu\/bolt\/\"},{\"@type\":\"ListItem\",\"position\":3,\"name\":\"M\u00e9regtelen\u00edt\u0151 k\u00f6zpont \u00e9rtes\u00edt\u00e9se \u00e9s UFI\"}]},{\"@type\":\"WebSite\",\"@id\":\"https:\/\/www.ufi.eu\/hu\/#website\",\"url\":\"https:\/\/www.ufi.eu\/hu\/\",\"name\":\"UFI.EU\",\"description\":\"Poison Centre Notifications (PCN) and UFI\",\"publisher\":{\"@id\":\"https:\/\/www.ufi.eu\/hu\/#organization\"},\"potentialAction\":[{\"@type\":\"SearchAction\",\"target\":{\"@type\":\"EntryPoint\",\"urlTemplate\":\"https:\/\/www.ufi.eu\/hu\/?s={search_term_string}\"},\"query-input\":{\"@type\":\"PropertyValueSpecification\",\"valueRequired\":true,\"valueName\":\"search_term_string\"}}],\"inLanguage\":\"hu\"},{\"@type\":\"Organization\",\"@id\":\"https:\/\/www.ufi.eu\/hu\/#organization\",\"name\":\"UFI.EU\",\"url\":\"https:\/\/www.ufi.eu\/hu\/\",\"logo\":{\"@type\":\"ImageObject\",\"inLanguage\":\"hu\",\"@id\":\"https:\/\/www.ufi.eu\/hu\/#\/schema\/logo\/image\/\",\"url\":\"https:\/\/www.ufi.eu\/wp-content\/uploads\/2025\/03\/cropped-logo_ufi3.jpg\",\"contentUrl\":\"https:\/\/www.ufi.eu\/wp-content\/uploads\/2025\/03\/cropped-logo_ufi3.jpg\",\"width\":231,\"height\":78,\"caption\":\"UFI.EU\"},\"image\":{\"@id\":\"https:\/\/www.ufi.eu\/hu\/#\/schema\/logo\/image\/\"},\"description\":\"UFI.eu specializes in digital registrations for Poison Centre Notifications (PCN), ensuring your chemical products meet EU regulatory requirements effortlessly. Our streamlined solutions help businesses stay compliant while reducing complexity and administrative burden.\",\"email\":\"info@ufi.eu\",\"legalName\":\"UFI.EU\"}]}<\/script>\n<meta property=\"product:price:amount\" content=\"65.00\" \/>\n<meta property=\"product:price:currency\" content=\"EUR\" \/>\n<meta property=\"og:availability\" content=\"instock\" \/>\n<meta property=\"product:availability\" content=\"instock\" \/>\n<meta property=\"product:retailer_item_id\" content=\"PCN-UFI\" \/>\n<meta property=\"product:condition\" content=\"new\" \/>\n<!-- \/ Yoast SEO Premium plugin. -->","yoast_head_json":{"title":"M\u00e9regtelen\u00edt\u0151 k\u00f6zpont \u00e9rtes\u00edt\u00e9se \u00e9s UFI - UFI","robots":{"index":"index","follow":"follow","max-snippet":"max-snippet:-1","max-image-preview":"max-image-preview:large","max-video-preview":"max-video-preview:-1"},"canonical":"https:\/\/www.ufi.eu\/hu\/product\/meregtelenito-kozpont-ertesitese-es-ufi\/","og_locale":"hu_HU","og_type":"article","og_title":"M\u00e9regtelen\u00edt\u0151 k\u00f6zpont \u00e9rtes\u00edt\u00e9se \u00e9s UFI","og_url":"https:\/\/www.ufi.eu\/hu\/product\/meregtelenito-kozpont-ertesitese-es-ufi\/","og_site_name":"UFI","og_image":[{"width":1024,"height":1024,"url":"https:\/\/www.ufi.eu\/wp-content\/uploads\/2025\/03\/pcn_ufi.jpg","type":"image\/jpeg"}],"twitter_card":"summary_large_image","twitter_misc":{"\u00c1r":"&euro;65.00","El\u00e9rhet\u0151s\u00e9g":"K\u00e9szleten"},"schema":{"@context":"https:\/\/schema.org","@graph":[{"@type":"WebPage","@id":"https:\/\/www.ufi.eu\/hu\/product\/meregtelenito-kozpont-ertesitese-es-ufi\/","url":"https:\/\/www.ufi.eu\/hu\/product\/meregtelenito-kozpont-ertesitese-es-ufi\/","name":"M\u00e9regtelen\u00edt\u0151 k\u00f6zpont \u00e9rtes\u00edt\u00e9se \u00e9s UFI - UFI","isPartOf":{"@id":"https:\/\/www.ufi.eu\/hu\/#website"},"primaryImageOfPage":{"@id":"https:\/\/www.ufi.eu\/hu\/product\/meregtelenito-kozpont-ertesitese-es-ufi\/#primaryimage"},"image":{"@id":"https:\/\/www.ufi.eu\/hu\/product\/meregtelenito-kozpont-ertesitese-es-ufi\/#primaryimage"},"thumbnailUrl":"https:\/\/www.ufi.eu\/wp-content\/uploads\/2025\/03\/pcn_ufi.jpg","datePublished":"2025-04-15T19:37:00+00:00","breadcrumb":{"@id":"https:\/\/www.ufi.eu\/hu\/product\/meregtelenito-kozpont-ertesitese-es-ufi\/#breadcrumb"},"inLanguage":"hu","potentialAction":[{"@type":"ReadAction","target":["https:\/\/www.ufi.eu\/hu\/product\/meregtelenito-kozpont-ertesitese-es-ufi\/"]}]},{"@type":"ImageObject","inLanguage":"hu","@id":"https:\/\/www.ufi.eu\/hu\/product\/meregtelenito-kozpont-ertesitese-es-ufi\/#primaryimage","url":"https:\/\/www.ufi.eu\/wp-content\/uploads\/2025\/03\/pcn_ufi.jpg","contentUrl":"https:\/\/www.ufi.eu\/wp-content\/uploads\/2025\/03\/pcn_ufi.jpg","width":1024,"height":1024},{"@type":"BreadcrumbList","@id":"https:\/\/www.ufi.eu\/hu\/product\/meregtelenito-kozpont-ertesitese-es-ufi\/#breadcrumb","itemListElement":[{"@type":"ListItem","position":1,"name":"Home","item":"https:\/\/www.ufi.eu\/hu\/home\/"},{"@type":"ListItem","position":2,"name":"Bolt","item":"https:\/\/www.ufi.eu\/hu\/bolt\/"},{"@type":"ListItem","position":3,"name":"M\u00e9regtelen\u00edt\u0151 k\u00f6zpont \u00e9rtes\u00edt\u00e9se \u00e9s UFI"}]},{"@type":"WebSite","@id":"https:\/\/www.ufi.eu\/hu\/#website","url":"https:\/\/www.ufi.eu\/hu\/","name":"UFI.EU","description":"Poison Centre Notifications (PCN) and UFI","publisher":{"@id":"https:\/\/www.ufi.eu\/hu\/#organization"},"potentialAction":[{"@type":"SearchAction","target":{"@type":"EntryPoint","urlTemplate":"https:\/\/www.ufi.eu\/hu\/?s={search_term_string}"},"query-input":{"@type":"PropertyValueSpecification","valueRequired":true,"valueName":"search_term_string"}}],"inLanguage":"hu"},{"@type":"Organization","@id":"https:\/\/www.ufi.eu\/hu\/#organization","name":"UFI.EU","url":"https:\/\/www.ufi.eu\/hu\/","logo":{"@type":"ImageObject","inLanguage":"hu","@id":"https:\/\/www.ufi.eu\/hu\/#\/schema\/logo\/image\/","url":"https:\/\/www.ufi.eu\/wp-content\/uploads\/2025\/03\/cropped-logo_ufi3.jpg","contentUrl":"https:\/\/www.ufi.eu\/wp-content\/uploads\/2025\/03\/cropped-logo_ufi3.jpg","width":231,"height":78,"caption":"UFI.EU"},"image":{"@id":"https:\/\/www.ufi.eu\/hu\/#\/schema\/logo\/image\/"},"description":"UFI.eu specializes in digital registrations for Poison Centre Notifications (PCN), ensuring your chemical products meet EU regulatory requirements effortlessly. Our streamlined solutions help businesses stay compliant while reducing complexity and administrative burden.","email":"info@ufi.eu","legalName":"UFI.EU"}]},"product_price_amount":"65.00","product_price_currency":"EUR","og_availability":"instock","product_availability":"instock","product_retailer_item_id":"PCN-UFI","product_condition":"new"},"_links":{"self":[{"href":"https:\/\/www.ufi.eu\/hu\/wp-json\/wp\/v2\/product\/12548","targetHints":{"allow":["GET"]}}],"collection":[{"href":"https:\/\/www.ufi.eu\/hu\/wp-json\/wp\/v2\/product"}],"about":[{"href":"https:\/\/www.ufi.eu\/hu\/wp-json\/wp\/v2\/types\/product"}],"wp:featuredmedia":[{"embeddable":true,"href":"https:\/\/www.ufi.eu\/hu\/wp-json\/wp\/v2\/media\/12462"}],"wp:attachment":[{"href":"https:\/\/www.ufi.eu\/hu\/wp-json\/wp\/v2\/media?parent=12548"}],"wp:term":[{"taxonomy":"product_brand","embeddable":true,"href":"https:\/\/www.ufi.eu\/hu\/wp-json\/wp\/v2\/product_brand?post=12548"},{"taxonomy":"product_cat","embeddable":true,"href":"https:\/\/www.ufi.eu\/hu\/wp-json\/wp\/v2\/product_cat?post=12548"},{"taxonomy":"product_tag","embeddable":true,"href":"https:\/\/www.ufi.eu\/hu\/wp-json\/wp\/v2\/product_tag?post=12548"}],"curies":[{"name":"wp","href":"https:\/\/api.w.org\/{rel}","templated":true}]}}