{"id":12542,"date":"2025-03-09T14:12:29","date_gmt":"2025-04-15T19:36:56","guid":{"rendered":"https:\/\/www.ufi.eu\/pcn\/nem-kategorizalt\/a-pcn-regisztracio-orszagai\/"},"modified":"2025-05-15T16:47:41","modified_gmt":"2025-05-15T16:47:41","slug":"a-pcn-regisztracio-orszagai","status":"publish","type":"product","link":"https:\/\/www.ufi.eu\/hu\/product\/a-pcn-regisztracio-orszagai\/","title":{"rendered":"A PCN-regisztr\u00e1ci\u00f3 orsz\u00e1gai"},"content":{"rendered":"\n<h2 class=\"wp-block-heading\" id=\"h-launch-your-product-across-europe-with-ease\">Vezesse be term\u00e9k\u00e9t Eur\u00f3pa-szerte k\u00f6nnyed\u00e9n<\/h2>\n\n<p>Amikor term\u00e9k\u00e9t az EU m\u00e9rgez\u00e9svesz\u00e9lyess\u00e9gi k\u00f6zpontj\u00e1nak bejelent\u00e9s\u00e9re (PCN) regisztr\u00e1lja, minden egyes orsz\u00e1gnak, ahol \u00e9rt\u00e9kes\u00edteni k\u00edv\u00e1nja, be kell ny\u00fajtania a megfelel\u0151 nemzeti hat\u00f3s\u00e1ghoz. A PCN-regisztr\u00e1ci\u00f3hoz sz\u00fcks\u00e9ges uni\u00f3s orsz\u00e1gok seg\u00edts\u00e9g\u00e9vel pontosan kiv\u00e1laszthatja azokat az orsz\u00e1gokat, ahol term\u00e9k\u00e9t piacra k\u00edv\u00e1nja dobni, \u00edgy teljes rugalmass\u00e1got \u00e9s ellen\u0151rz\u00e9st biztos\u00edt a piaci el\u00e9r\u00e9s felett. <\/p>\n\n<h2 class=\"wp-block-heading\" id=\"h-what-you-re-purchasing\">Mit v\u00e1s\u00e1rol<\/h2>\n\n<p>Ez a term\u00e9k lehet\u0151v\u00e9 teszi, hogy a 27 EU-tag\u00e1llamra vonatkoz\u00f3 <strong>orsz\u00e1gjelz\u0151ket v\u00e1s\u00e1roljon<\/strong>. Ezek a zsetonok <strong>b\u00e1rmelyik PCN-regisztr\u00e1ci\u00f3hoz<\/strong> felhaszn\u00e1lhat\u00f3k, amelyet n\u00e1lunk v\u00e9gez. A v\u00e1s\u00e1rl\u00e1s ut\u00e1n az orsz\u00e1gok <strong>hozz\u00e1ad\u00f3dnak <a href=\"https:\/\/www.ufi.eu\/my-account\/points\/\">az \u00d6n PCN-orsz\u00e1glist\u00e1j\u00e1hoz<\/a><\/strong>, \u00e9s a term\u00e9k\u00e9re vonatkoz\u00f3 <strong>PCN-felv\u00e9teli \u0171rlap<\/strong> kit\u00f6lt\u00e9sekor alkalmazhat\u00f3k.    <\/p>\n\n<p><strong><a href=\"https:\/\/www.ufi.eu\/shop\/\">A term\u00e9khez PCN-t is kell v\u00e1s\u00e1rolnia<\/a>. Ez a term\u00e9k csak egy laza orsz\u00e1g, nem a PCN. <\/strong><\/p>\n\n<h4 class=\"wp-block-heading\">\u2705 Hogyan m\u0171k\u00f6dik:<\/h4>\n\n<ol class=\"wp-block-list\">\n<li>Hat\u00e1rozza meg <strong>azokat az orsz\u00e1gokat<\/strong>, amelyekben \u00e9rt\u00e9kes\u00edteni k\u00edv\u00e1n.<\/li>\n\n\n\n<li>V\u00e1s\u00e1rolja meg az <strong>orsz\u00e1gjelz\u0151k<\/strong> sz\u00e1m\u00e1t.<\/li>\n\n\n\n<li><a href=\"https:\/\/www.ufi.eu\/hu\/uj-termek\/\">K\u00fcldje be a term\u00e9kfelv\u00e9teli \u0171rlapot<\/a> hozz\u00e1nk.<\/li>\n\n\n\n<li>Egyszer\u0171en jel\u00f6lje ki azokat az orsz\u00e1gokat, ahov\u00e1 szeretn\u00e9, hogy term\u00e9k\u00e9t PCN beny\u00fajt\u00e1sra k\u00fcldj\u00fck.<\/li>\n\n\n\n<li>Az orsz\u00e1gjelz\u0151t levonjuk a teljes \u00f6sszegb\u0151l, amikor elk\u00fcldi nek\u00fcnk az \u0171rlapot.<\/li>\n<\/ol>\n\n<p>Ak\u00e1r egyetlen term\u00e9ket ind\u00edt, ak\u00e1r egy teljes portf\u00f3li\u00f3t kezel, <strong> <a href=\"https:\/\/www.ufi.eu\/my-account\/points\/\">a megv\u00e1s\u00e1rolt orsz\u00e1gos tokeneket<\/a><\/strong> k\u00fcl\u00f6nb\u00f6z\u0151 PCN-beadv\u00e1nyokn\u00e1l <strong>haszn\u00e1lhatja<\/strong> &#8211; \u00edgy id\u0151t takar\u00edthat meg, biztos\u00edthatja a megfelel\u0151s\u00e9get, \u00e9s k\u00f6nnyed\u00e9n b\u0151v\u00edtheti uni\u00f3s piaci jelenl\u00e9t\u00e9t.<\/p>\n\n<h3 class=\"wp-block-heading\" id=\"h-supported-eu-countries\">T\u00e1mogatott uni\u00f3s orsz\u00e1gok<\/h3>\n\n<p>Az EU 27 orsz\u00e1gb\u00f3l \u00e1ll, az EGT pedig 30 orsz\u00e1gb\u00f3l (EU+Lichtenstein, Norv\u00e9gia \u00e9s Izland) A port\u00e1lon ezek k\u00f6z\u00fcl v\u00e1laszthat:<\/p>\n\n<figure class=\"wp-block-table\"><table class=\"has-fixed-layout\"><tbody><tr><td>Belgium<\/td><td>(BE)<\/td><td>Spanyolorsz\u00e1g<\/td><td>(ES)<\/td><td>Magyarorsz\u00e1g<\/td><td>(HU)<\/td><td>Szlov\u00e1kia<\/td><td>(SK)<\/td><\/tr><tr><td>Bulg\u00e1ria<\/td><td>(BG)<\/td><td>Franciaorsz\u00e1g<\/td><td>(FR)<\/td><td>M\u00e1lta<\/td><td>(MT)<\/td><td>Finnorsz\u00e1g<\/td><td>(FI)<\/td><\/tr><tr><td>Csehorsz\u00e1g<\/td><td>(CZ)<\/td><td>Horv\u00e1torsz\u00e1g<\/td><td>(HR)<\/td><td>Hollandia<\/td><td>(NL)<\/td><td>Sv\u00e9dorsz\u00e1g<\/td><td>(SE)<\/td><\/tr><tr><td>D\u00e1nia<\/td><td>(DK)<\/td><td>Olaszorsz\u00e1g<\/td><td>(IT)<\/td><td>Ausztria<\/td><td>(AT)<\/td><td>N\u00e9metorsz\u00e1g<\/td><td>(DE)<\/td><\/tr><tr><td>Ciprus<\/td><td>(CY)<\/td><td>Lengyelorsz\u00e1g<\/td><td>(PL)<\/td><td>Izland<\/td><td>(IS)<\/td><td>\u00c9sztorsz\u00e1g<\/td><td>(EE)<\/td><\/tr><tr><td>Lettorsz\u00e1g<\/td><td>(LV)<\/td><td>Portug\u00e1lia<\/td><td>(PT)<\/td><td>Liechtenstein<\/td><td>(LI)<\/td><td>\u00cdrorsz\u00e1g<\/td><td>(IE)<\/td><\/tr><tr><td>Litv\u00e1nia<\/td><td>(LT)<\/td><td>Rom\u00e1nia<\/td><td>(RO)<\/td><td>Norv\u00e9gia<\/td><td>(NEM)<\/td><td>G\u00f6r\u00f6gorsz\u00e1g<\/td><td>(EL)<\/td><\/tr><tr><td>Luxemburg<\/td><td>(LU)<\/td><td>Szlov\u00e9nia<\/td><td>(SI)<\/td><td>Sv\u00e1jc*<\/td><td>(CH)<\/td><td><\/td><td><\/td><\/tr><\/tbody><\/table><\/figure>\n\n<p>*Sv\u00e1jc eset\u00e9ben elk\u00e9sz\u00edthetj\u00fck a PCN-dosszi\u00e9t, amely tartalmazza az \u00f6sszes sz\u00fcks\u00e9ges inform\u00e1ci\u00f3t a sv\u00e1jci port\u00e1lon t\u00f6rt\u00e9n\u0151 beny\u00fajt\u00e1shoz. Tov\u00e1bbi inform\u00e1ci\u00f3\u00e9rt forduljon hozz\u00e1nk. <\/p>\n\n<h2 class=\"wp-block-heading\" id=\"h-example-of-how-it-works\">P\u00e9lda a m\u0171k\u00f6d\u00e9sre<\/h2>\n\n<p>\u00daj tiszt\u00edt\u00f3szert vezet be <strong>Franciaorsz\u00e1gban, N\u00e9metorsz\u00e1gban \u00e9s Spanyolorsz\u00e1gban<\/strong>. Egyszer\u0171en v\u00e1s\u00e1roljon h\u00e1rom orsz\u00e1got. Amikor kit\u00f6lti vel\u00fcnk a PCN felv\u00e9teli \u0171rlapot, ezeket az orsz\u00e1gjelz\u0151ket hozz\u00e1rendeli a term\u00e9khez &#8211; \u00edgy mindh\u00e1rom piacon biztos\u00edtja a jogi megfelel\u0151s\u00e9get az egyedi beadv\u00e1nyok beny\u00fajt\u00e1s\u00e1val j\u00e1r\u00f3 gondok n\u00e9lk\u00fcl.  <\/p>\n","protected":false},"excerpt":{"rendered":"<p>K\u00e9rj\u00fck, v\u00e1lassza ki, hogy h\u00e1ny orsz\u00e1gban szeretn\u00e9 regisztr\u00e1lni term\u00e9k\u00e9t.<\/p>\n","protected":false},"featured_media":12544,"template":"","meta":[],"product_brand":[],"product_cat":[330],"product_tag":[],"class_list":{"0":"post-12542","1":"product","2":"type-product","3":"status-publish","4":"has-post-thumbnail","6":"product_cat-orszagok","8":"first","9":"instock","10":"virtual","11":"taxable","12":"purchasable","13":"product-type-simple"},"bundled_by":["12640","12670","12823","12952","12972","12992","13012","13022","13233","13263","13273","13333","13517","13530","13552","13564","13604","13764","13784","13802","13820","13838","14008","14032","14048","14056","14074","14358","14376","14394","14412","14430","14448","14678","14690","14702","14793","14945","14959","14983","14986","15050","15061","15251","15269","15285","15315","15341","15417","15435","15453","15471","15607","15617","15641","15839","15871","15954","15963","15975","15992","16027","16229","16257","16275","16293","16311","16543","16551","16577","16605","16613","16641","16887","16895","16923","16931","16959","16977","17221","17241","17259","17285","17303","17313","17339","17663","17681","17699","17717","17735","17745","17771","17781","17799","18017","18035","18180","18189","18207","18323","18341","18359","18377","18405","18413","18729","18753","18771","18781","18795","18971","18987","19037","19055","19073","19101","19159","19383","19391","19409","19437","19485","19503","19521","19833","19841","19859","19887","19895","19913","19941","19967","19995","20309","20325","20343","20357","20383","20411","20419","20437","20725","20751","20761","20809","20835","20843","20861","20951","21105","21119","21127","21133","21143","21149","21167","21457","21467","21589","21597","21611","21619","21629","21649","21655","22065","22071","22083","22089","22119","22129","22155","22171","22551","22621","22639","22647","22677","22703","22737","22755","22771","23069","23087","23163","23179","23207","23217","23233","23261","23289","23307","23601","23609","23627","23713","23731","23749","23757","23835","23955","24116","24130","24142","31725"],"bundle_stock_status":"instock","bundle_stock_quantity":null,"bundle_virtual":false,"bundle_layout":"","bundle_add_to_cart_form_location":"","bundle_editable_in_cart":false,"bundle_sold_individually_context":"","bundle_item_grouping":"","bundle_min_size":"","bundle_max_size":"","bundle_price":[],"bundled_items":[],"bundle_sell_ids":[],"yoast_head":"<!-- This site is optimized with the Yoast SEO Premium plugin v25.1 (Yoast SEO v25.1) - https:\/\/yoast.com\/wordpress\/plugins\/seo\/ -->\n<title>A PCN-regisztr\u00e1ci\u00f3 orsz\u00e1gai - UFI<\/title>\n<meta name=\"description\" content=\"A PCN-regisztr\u00e1ci\u00f3hoz sz\u00fcks\u00e9ges uni\u00f3s orsz\u00e1gok seg\u00edts\u00e9g\u00e9vel pontosan kiv\u00e1laszthatja azokat az orsz\u00e1gokat, ahol term\u00e9k\u00e9t piacra k\u00edv\u00e1nja dobni, \u00edgy teljes rugalmass\u00e1got \u00e9s ellen\u0151rz\u00e9st biztos\u00edt a piacra jut\u00e1s felett.\" \/>\n<meta name=\"robots\" content=\"index, follow, max-snippet:-1, max-image-preview:large, max-video-preview:-1\" \/>\n<link rel=\"canonical\" href=\"https:\/\/www.ufi.eu\/hu\/product\/a-pcn-regisztracio-orszagai\/\" \/>\n<meta property=\"og:locale\" content=\"hu_HU\" \/>\n<meta property=\"og:type\" content=\"article\" \/>\n<meta property=\"og:title\" content=\"A PCN-regisztr\u00e1ci\u00f3 orsz\u00e1gai\" \/>\n<meta property=\"og:description\" content=\"A PCN-regisztr\u00e1ci\u00f3hoz sz\u00fcks\u00e9ges uni\u00f3s orsz\u00e1gok seg\u00edts\u00e9g\u00e9vel pontosan kiv\u00e1laszthatja azokat az orsz\u00e1gokat, ahol term\u00e9k\u00e9t piacra k\u00edv\u00e1nja dobni, \u00edgy teljes rugalmass\u00e1got \u00e9s ellen\u0151rz\u00e9st biztos\u00edt a piacra jut\u00e1s felett.\" \/>\n<meta property=\"og:url\" content=\"https:\/\/www.ufi.eu\/hu\/product\/a-pcn-regisztracio-orszagai\/\" \/>\n<meta property=\"og:site_name\" content=\"UFI\" \/>\n<meta property=\"article:modified_time\" content=\"2025-05-15T16:47:41+00:00\" \/>\n<meta property=\"og:image\" content=\"https:\/\/www.ufi.eu\/wp-content\/uploads\/2025\/03\/eu.jpg\" \/>\n\t<meta property=\"og:image:width\" content=\"800\" \/>\n\t<meta property=\"og:image:height\" content=\"800\" \/>\n\t<meta property=\"og:image:type\" content=\"image\/jpeg\" \/>\n<meta name=\"twitter:card\" content=\"summary_large_image\" \/>\n<meta name=\"twitter:label1\" content=\"\u00c1r\" \/>\n\t<meta name=\"twitter:data1\" content=\"&euro;35.00\" \/>\n\t<meta name=\"twitter:label2\" content=\"El\u00e9rhet\u0151s\u00e9g\" \/>\n\t<meta name=\"twitter:data2\" content=\"K\u00e9szleten\" \/>\n<script type=\"application\/ld+json\" class=\"yoast-schema-graph\">{\"@context\":\"https:\/\/schema.org\",\"@graph\":[{\"@type\":\"WebPage\",\"@id\":\"https:\/\/www.ufi.eu\/hu\/product\/a-pcn-regisztracio-orszagai\/\",\"url\":\"https:\/\/www.ufi.eu\/hu\/product\/a-pcn-regisztracio-orszagai\/\",\"name\":\"A PCN-regisztr\u00e1ci\u00f3 orsz\u00e1gai - UFI\",\"isPartOf\":{\"@id\":\"https:\/\/www.ufi.eu\/hu\/#website\"},\"primaryImageOfPage\":{\"@id\":\"https:\/\/www.ufi.eu\/hu\/product\/a-pcn-regisztracio-orszagai\/#primaryimage\"},\"image\":{\"@id\":\"https:\/\/www.ufi.eu\/hu\/product\/a-pcn-regisztracio-orszagai\/#primaryimage\"},\"thumbnailUrl\":\"https:\/\/www.ufi.eu\/wp-content\/uploads\/2025\/03\/eu.jpg\",\"datePublished\":\"2025-04-15T19:36:56+00:00\",\"dateModified\":\"2025-05-15T16:47:41+00:00\",\"description\":\"A PCN-regisztr\u00e1ci\u00f3hoz sz\u00fcks\u00e9ges uni\u00f3s orsz\u00e1gok seg\u00edts\u00e9g\u00e9vel pontosan kiv\u00e1laszthatja azokat az orsz\u00e1gokat, ahol term\u00e9k\u00e9t piacra k\u00edv\u00e1nja dobni, \u00edgy teljes rugalmass\u00e1got \u00e9s ellen\u0151rz\u00e9st biztos\u00edt a piacra jut\u00e1s felett.\",\"breadcrumb\":{\"@id\":\"https:\/\/www.ufi.eu\/hu\/product\/a-pcn-regisztracio-orszagai\/#breadcrumb\"},\"inLanguage\":\"hu\",\"potentialAction\":[{\"@type\":\"ReadAction\",\"target\":[\"https:\/\/www.ufi.eu\/hu\/product\/a-pcn-regisztracio-orszagai\/\"]}]},{\"@type\":\"ImageObject\",\"inLanguage\":\"hu\",\"@id\":\"https:\/\/www.ufi.eu\/hu\/product\/a-pcn-regisztracio-orszagai\/#primaryimage\",\"url\":\"https:\/\/www.ufi.eu\/wp-content\/uploads\/2025\/03\/eu.jpg\",\"contentUrl\":\"https:\/\/www.ufi.eu\/wp-content\/uploads\/2025\/03\/eu.jpg\",\"width\":800,\"height\":800},{\"@type\":\"BreadcrumbList\",\"@id\":\"https:\/\/www.ufi.eu\/hu\/product\/a-pcn-regisztracio-orszagai\/#breadcrumb\",\"itemListElement\":[{\"@type\":\"ListItem\",\"position\":1,\"name\":\"Home\",\"item\":\"https:\/\/www.ufi.eu\/hu\/home\/\"},{\"@type\":\"ListItem\",\"position\":2,\"name\":\"Bolt\",\"item\":\"https:\/\/www.ufi.eu\/hu\/bolt\/\"},{\"@type\":\"ListItem\",\"position\":3,\"name\":\"A PCN-regisztr\u00e1ci\u00f3 orsz\u00e1gai\"}]},{\"@type\":\"WebSite\",\"@id\":\"https:\/\/www.ufi.eu\/hu\/#website\",\"url\":\"https:\/\/www.ufi.eu\/hu\/\",\"name\":\"UFI.EU\",\"description\":\"Poison Centre Notifications (PCN) and UFI\",\"publisher\":{\"@id\":\"https:\/\/www.ufi.eu\/hu\/#organization\"},\"potentialAction\":[{\"@type\":\"SearchAction\",\"target\":{\"@type\":\"EntryPoint\",\"urlTemplate\":\"https:\/\/www.ufi.eu\/hu\/?s={search_term_string}\"},\"query-input\":{\"@type\":\"PropertyValueSpecification\",\"valueRequired\":true,\"valueName\":\"search_term_string\"}}],\"inLanguage\":\"hu\"},{\"@type\":\"Organization\",\"@id\":\"https:\/\/www.ufi.eu\/hu\/#organization\",\"name\":\"UFI.EU\",\"url\":\"https:\/\/www.ufi.eu\/hu\/\",\"logo\":{\"@type\":\"ImageObject\",\"inLanguage\":\"hu\",\"@id\":\"https:\/\/www.ufi.eu\/hu\/#\/schema\/logo\/image\/\",\"url\":\"https:\/\/www.ufi.eu\/wp-content\/uploads\/2025\/03\/cropped-logo_ufi3.jpg\",\"contentUrl\":\"https:\/\/www.ufi.eu\/wp-content\/uploads\/2025\/03\/cropped-logo_ufi3.jpg\",\"width\":231,\"height\":78,\"caption\":\"UFI.EU\"},\"image\":{\"@id\":\"https:\/\/www.ufi.eu\/hu\/#\/schema\/logo\/image\/\"},\"description\":\"UFI.eu specializes in digital registrations for Poison Centre Notifications (PCN), ensuring your chemical products meet EU regulatory requirements effortlessly. Our streamlined solutions help businesses stay compliant while reducing complexity and administrative burden.\",\"email\":\"info@ufi.eu\",\"legalName\":\"UFI.EU\"}]}<\/script>\n<meta property=\"product:price:amount\" content=\"35.00\" \/>\n<meta property=\"product:price:currency\" content=\"EUR\" \/>\n<meta property=\"og:availability\" content=\"instock\" \/>\n<meta property=\"product:availability\" content=\"instock\" \/>\n<meta property=\"product:retailer_item_id\" content=\"PCN-COUNTRIES\" \/>\n<meta property=\"product:condition\" content=\"new\" \/>\n<!-- \/ Yoast SEO Premium plugin. -->","yoast_head_json":{"title":"A PCN-regisztr\u00e1ci\u00f3 orsz\u00e1gai - UFI","description":"A PCN-regisztr\u00e1ci\u00f3hoz sz\u00fcks\u00e9ges uni\u00f3s orsz\u00e1gok seg\u00edts\u00e9g\u00e9vel pontosan kiv\u00e1laszthatja azokat az orsz\u00e1gokat, ahol term\u00e9k\u00e9t piacra k\u00edv\u00e1nja dobni, \u00edgy teljes rugalmass\u00e1got \u00e9s ellen\u0151rz\u00e9st biztos\u00edt a piacra jut\u00e1s felett.","robots":{"index":"index","follow":"follow","max-snippet":"max-snippet:-1","max-image-preview":"max-image-preview:large","max-video-preview":"max-video-preview:-1"},"canonical":"https:\/\/www.ufi.eu\/hu\/product\/a-pcn-regisztracio-orszagai\/","og_locale":"hu_HU","og_type":"article","og_title":"A PCN-regisztr\u00e1ci\u00f3 orsz\u00e1gai","og_description":"A PCN-regisztr\u00e1ci\u00f3hoz sz\u00fcks\u00e9ges uni\u00f3s orsz\u00e1gok seg\u00edts\u00e9g\u00e9vel pontosan kiv\u00e1laszthatja azokat az orsz\u00e1gokat, ahol term\u00e9k\u00e9t piacra k\u00edv\u00e1nja dobni, \u00edgy teljes rugalmass\u00e1got \u00e9s ellen\u0151rz\u00e9st biztos\u00edt a piacra jut\u00e1s felett.","og_url":"https:\/\/www.ufi.eu\/hu\/product\/a-pcn-regisztracio-orszagai\/","og_site_name":"UFI","article_modified_time":"2025-05-15T16:47:41+00:00","og_image":[{"width":800,"height":800,"url":"https:\/\/www.ufi.eu\/wp-content\/uploads\/2025\/03\/eu.jpg","type":"image\/jpeg"}],"twitter_card":"summary_large_image","twitter_misc":{"\u00c1r":"&euro;35.00","El\u00e9rhet\u0151s\u00e9g":"K\u00e9szleten"},"schema":{"@context":"https:\/\/schema.org","@graph":[{"@type":"WebPage","@id":"https:\/\/www.ufi.eu\/hu\/product\/a-pcn-regisztracio-orszagai\/","url":"https:\/\/www.ufi.eu\/hu\/product\/a-pcn-regisztracio-orszagai\/","name":"A PCN-regisztr\u00e1ci\u00f3 orsz\u00e1gai - UFI","isPartOf":{"@id":"https:\/\/www.ufi.eu\/hu\/#website"},"primaryImageOfPage":{"@id":"https:\/\/www.ufi.eu\/hu\/product\/a-pcn-regisztracio-orszagai\/#primaryimage"},"image":{"@id":"https:\/\/www.ufi.eu\/hu\/product\/a-pcn-regisztracio-orszagai\/#primaryimage"},"thumbnailUrl":"https:\/\/www.ufi.eu\/wp-content\/uploads\/2025\/03\/eu.jpg","datePublished":"2025-04-15T19:36:56+00:00","dateModified":"2025-05-15T16:47:41+00:00","description":"A PCN-regisztr\u00e1ci\u00f3hoz sz\u00fcks\u00e9ges uni\u00f3s orsz\u00e1gok seg\u00edts\u00e9g\u00e9vel pontosan kiv\u00e1laszthatja azokat az orsz\u00e1gokat, ahol term\u00e9k\u00e9t piacra k\u00edv\u00e1nja dobni, \u00edgy teljes rugalmass\u00e1got \u00e9s ellen\u0151rz\u00e9st biztos\u00edt a piacra jut\u00e1s felett.","breadcrumb":{"@id":"https:\/\/www.ufi.eu\/hu\/product\/a-pcn-regisztracio-orszagai\/#breadcrumb"},"inLanguage":"hu","potentialAction":[{"@type":"ReadAction","target":["https:\/\/www.ufi.eu\/hu\/product\/a-pcn-regisztracio-orszagai\/"]}]},{"@type":"ImageObject","inLanguage":"hu","@id":"https:\/\/www.ufi.eu\/hu\/product\/a-pcn-regisztracio-orszagai\/#primaryimage","url":"https:\/\/www.ufi.eu\/wp-content\/uploads\/2025\/03\/eu.jpg","contentUrl":"https:\/\/www.ufi.eu\/wp-content\/uploads\/2025\/03\/eu.jpg","width":800,"height":800},{"@type":"BreadcrumbList","@id":"https:\/\/www.ufi.eu\/hu\/product\/a-pcn-regisztracio-orszagai\/#breadcrumb","itemListElement":[{"@type":"ListItem","position":1,"name":"Home","item":"https:\/\/www.ufi.eu\/hu\/home\/"},{"@type":"ListItem","position":2,"name":"Bolt","item":"https:\/\/www.ufi.eu\/hu\/bolt\/"},{"@type":"ListItem","position":3,"name":"A PCN-regisztr\u00e1ci\u00f3 orsz\u00e1gai"}]},{"@type":"WebSite","@id":"https:\/\/www.ufi.eu\/hu\/#website","url":"https:\/\/www.ufi.eu\/hu\/","name":"UFI.EU","description":"Poison Centre Notifications (PCN) and UFI","publisher":{"@id":"https:\/\/www.ufi.eu\/hu\/#organization"},"potentialAction":[{"@type":"SearchAction","target":{"@type":"EntryPoint","urlTemplate":"https:\/\/www.ufi.eu\/hu\/?s={search_term_string}"},"query-input":{"@type":"PropertyValueSpecification","valueRequired":true,"valueName":"search_term_string"}}],"inLanguage":"hu"},{"@type":"Organization","@id":"https:\/\/www.ufi.eu\/hu\/#organization","name":"UFI.EU","url":"https:\/\/www.ufi.eu\/hu\/","logo":{"@type":"ImageObject","inLanguage":"hu","@id":"https:\/\/www.ufi.eu\/hu\/#\/schema\/logo\/image\/","url":"https:\/\/www.ufi.eu\/wp-content\/uploads\/2025\/03\/cropped-logo_ufi3.jpg","contentUrl":"https:\/\/www.ufi.eu\/wp-content\/uploads\/2025\/03\/cropped-logo_ufi3.jpg","width":231,"height":78,"caption":"UFI.EU"},"image":{"@id":"https:\/\/www.ufi.eu\/hu\/#\/schema\/logo\/image\/"},"description":"UFI.eu specializes in digital registrations for Poison Centre Notifications (PCN), ensuring your chemical products meet EU regulatory requirements effortlessly. Our streamlined solutions help businesses stay compliant while reducing complexity and administrative burden.","email":"info@ufi.eu","legalName":"UFI.EU"}]},"product_price_amount":"35.00","product_price_currency":"EUR","og_availability":"instock","product_availability":"instock","product_retailer_item_id":"PCN-COUNTRIES","product_condition":"new"},"_links":{"self":[{"href":"https:\/\/www.ufi.eu\/hu\/wp-json\/wp\/v2\/product\/12542","targetHints":{"allow":["GET"]}}],"collection":[{"href":"https:\/\/www.ufi.eu\/hu\/wp-json\/wp\/v2\/product"}],"about":[{"href":"https:\/\/www.ufi.eu\/hu\/wp-json\/wp\/v2\/types\/product"}],"wp:featuredmedia":[{"embeddable":true,"href":"https:\/\/www.ufi.eu\/hu\/wp-json\/wp\/v2\/media\/12544"}],"wp:attachment":[{"href":"https:\/\/www.ufi.eu\/hu\/wp-json\/wp\/v2\/media?parent=12542"}],"wp:term":[{"taxonomy":"product_brand","embeddable":true,"href":"https:\/\/www.ufi.eu\/hu\/wp-json\/wp\/v2\/product_brand?post=12542"},{"taxonomy":"product_cat","embeddable":true,"href":"https:\/\/www.ufi.eu\/hu\/wp-json\/wp\/v2\/product_cat?post=12542"},{"taxonomy":"product_tag","embeddable":true,"href":"https:\/\/www.ufi.eu\/hu\/wp-json\/wp\/v2\/product_tag?post=12542"}],"curies":[{"name":"wp","href":"https:\/\/api.w.org\/{rel}","templated":true}]}}