{"id":11220,"date":"2025-04-15T07:32:23","date_gmt":"2025-04-15T07:32:23","guid":{"rendered":"https:\/\/www.ufi.eu\/feltetelek-es-feltetelek\/"},"modified":"2025-04-15T07:32:24","modified_gmt":"2025-04-15T07:32:24","slug":"feltetelek-es-feltetelek","status":"publish","type":"page","link":"https:\/\/www.ufi.eu\/hu\/feltetelek-es-feltetelek\/","title":{"rendered":"Felt\u00e9telek \u00e9s felt\u00e9telek"},"content":{"rendered":"\n<p><strong>C\u00e9<\/strong> <strong>g:<\/strong> UFI.E<strong>U<\/strong><br\/><strong>Bejegyzett c\u00edm: UFI.EU <\/strong> Transistorstraat 91 &#8211; 02, 1322 CL Almere, Hollandia<br\/><strong>Kereskedelmi Kamara (KvK):<\/strong> 61064939<br\/><strong>H\u00c9A-AZONOS\u00cdT\u00d3:<\/strong> NL85418959543B01<\/p>\n\n<h2 class=\"wp-block-heading\" id=\"h-1-overview\"><strong>1. \u00c1ttekint\u00e9s<\/strong><\/h2>\n\n<p>Ezt a weboldalt az <strong>UFI.EU<\/strong> \u00fczemelteti. A weboldalon a &#8220;mi&#8221;, &#8220;minket&#8221; \u00e9s &#8220;mi\u00e9nk&#8221; kifejez\u00e9sek az <strong>UFI.<\/strong>EU-ra utalnak. Azzal, hogy megl\u00e1togatja weboldalunkat \u00e9s\/vagy v\u00e1s\u00e1rol t\u0151l\u00fcnk valamit, \u00d6n ig\u00e9nybe veszi &#8220;szolg\u00e1ltat\u00e1sunkat&#8221;, \u00e9s elfogadja az al\u00e1bbi <strong>\u00c1ltal\u00e1nos Szerz\u0151d\u00e9si Felt\u00e9teleket<\/strong> (&#8220;Felt\u00e9telek&#8221;), bele\u00e9rtve az itt hivatkozott vagy ezen az oldalon hivatkozott tov\u00e1bbi felt\u00e9teleket \u00e9s ir\u00e1nyelveket.  <\/p>\n\n<p>Ezek a felt\u00e9telek a webhely minden felhaszn\u00e1l\u00f3j\u00e1ra vonatkoznak, bele\u00e9rtve, de nem kiz\u00e1r\u00f3lagosan a b\u00f6ng\u00e9sz\u0151ket, az elad\u00f3kat, a v\u00e1s\u00e1rl\u00f3kat, a keresked\u0151ket \u00e9s a tartalomszolg\u00e1ltat\u00f3kat. Ha \u00d6n nem \u00e9rt egyet a jelen meg\u00e1llapod\u00e1s valamennyi felt\u00e9tel\u00e9vel, nem l\u00e9phet be a weboldalra, \u00e9s nem vehet ig\u00e9nybe semmilyen szolg\u00e1ltat\u00e1st. <\/p>\n\n<p>Fenntartjuk a jogot, hogy b\u00e1rmikor friss\u00edts\u00fck vagy m\u00f3dos\u00edtsuk a jelen Felt\u00e9teleket. Az \u00d6n felel\u0151ss\u00e9ge, hogy rendszeresen ellen\u0151rizze ezt az oldalt. A weboldalnak a m\u00f3dos\u00edt\u00e1sokat k\u00f6vet\u0151 tov\u00e1bbi haszn\u00e1lata a m\u00f3dos\u00edt\u00e1sok elfogad\u00e1s\u00e1nak min\u0151s\u00fcl.  <\/p>\n\n<h2 class=\"wp-block-heading\" id=\"h-2-online-store-terms\"><strong>2. Online \u00e1ruh\u00e1zi felt\u00e9telek<\/strong><\/h2>\n\n<p>A jelen Felt\u00e9telek elfogad\u00e1s\u00e1val \u00d6n meger\u0151s\u00edti, hogy a lak\u00f3helye szerinti orsz\u00e1gban nagykor\u00fa, vagy hogy beleegyez\u00e9s\u00e9t adta az \u00d6n felel\u0151ss\u00e9ge alatt az oldalt haszn\u00e1l\u00f3 kiskor\u00faak sz\u00e1m\u00e1ra.<\/p>\n\n<p>Nem haszn\u00e1lhatja term\u00e9keinket vagy szolg\u00e1ltat\u00e1sainkat semmilyen illeg\u00e1lis vagy nem enged\u00e9lyezett c\u00e9lra, \u00e9s nem s\u00e9rtheti meg az \u00d6n joghat\u00f3s\u00e1ga al\u00e1 tartoz\u00f3 t\u00f6rv\u00e9nyeket a szolg\u00e1ltat\u00e1s haszn\u00e1lata sor\u00e1n. A jelen Felt\u00e9telek b\u00e1rmelyik\u00e9nek megszeg\u00e9se a Szolg\u00e1ltat\u00e1sainkhoz val\u00f3 hozz\u00e1f\u00e9r\u00e9s\u00e9nek azonnali megsz\u00fcntet\u00e9s\u00e9t eredm\u00e9nyezi. <\/p>\n\n<h2 class=\"wp-block-heading\" id=\"h-3-accuracy-completeness-amp-timeliness-of-information\"><strong>3. Az inform\u00e1ci\u00f3k pontoss\u00e1ga, teljess\u00e9ge \u00e9s id\u0151szer\u0171s\u00e9ge<\/strong><\/h2>\n\n<p>Nem v\u00e1llalunk felel\u0151ss\u00e9get az\u00e9rt, ha az ezen az oldalon el\u00e9rhet\u0151v\u00e9 tett inform\u00e1ci\u00f3k nem pontosak, nem teljesek vagy nem aktu\u00e1lisak. Az anyag csak \u00e1ltal\u00e1nos t\u00e1j\u00e9koztat\u00e1sul szolg\u00e1l, \u00e9s nem szabad r\u00e1 t\u00e1maszkodni, mint a d\u00f6nt\u00e9sek meghozatal\u00e1nak kiz\u00e1r\u00f3lagos alapj\u00e1ra. <\/p>\n\n<p>B\u00e1rmikor friss\u00edthetj\u00fck weboldalunk tartalm\u00e1t, de erre nem vagyunk k\u00f6telesek. \u00d6n elfogadja, hogy az \u00d6n felel\u0151ss\u00e9ge, hogy figyelemmel k\u00eds\u00e9rje a weboldalunkon bek\u00f6vetkez\u0151 v\u00e1ltoz\u00e1sokat. <\/p>\n\n<h2 class=\"wp-block-heading\" id=\"h-4-modifications-to-services-amp-prices\"><strong>4. A szolg\u00e1ltat\u00e1sok \u00e9s \u00e1rak m\u00f3dos\u00edt\u00e1sa<\/strong><\/h2>\n\n<p>Szolg\u00e1ltat\u00e1saink \u00e1rai el\u0151zetes \u00e9rtes\u00edt\u00e9s n\u00e9lk\u00fcl v\u00e1ltozhatnak. Fenntartjuk a jogot, hogy b\u00e1rmikor, el\u0151zetes \u00e9rtes\u00edt\u00e9s n\u00e9lk\u00fcl m\u00f3dos\u00edtsunk vagy megsz\u00fcntess\u00fcnk egy szolg\u00e1ltat\u00e1st (vagy annak egy r\u00e9sz\u00e9t). Nem v\u00e1llalunk felel\u0151ss\u00e9get a szolg\u00e1ltat\u00e1s m\u00f3dos\u00edt\u00e1s\u00e1\u00e9rt, \u00e1rv\u00e1ltoz\u00e1s\u00e1\u00e9rt, felf\u00fcggeszt\u00e9s\u00e9\u00e9rt vagy megsz\u00fcntet\u00e9s\u00e9\u00e9rt.  <\/p>\n\n<h2 class=\"wp-block-heading\" id=\"h-5-products-amp-services\"><strong>5. Term\u00e9kek \u00e9s szolg\u00e1ltat\u00e1sok<\/strong><\/h2>\n\n<p>Bizonyos szolg\u00e1ltat\u00e1sok kiz\u00e1r\u00f3lag online, a weboldalunkon kereszt\u00fcl \u00e9rhet\u0151k el. Ezek korl\u00e1tozottan el\u00e9rhet\u0151k, \u00e9s a visszat\u00e9r\u00edt\u00e9si \u00e9s visszav\u00e9teli szab\u00e1lyzatunk hat\u00e1lya al\u00e1 tartoznak. <\/p>\n\n<p>Fenntartjuk a jogot, hogy szolg\u00e1ltat\u00e1saink \u00e9rt\u00e9kes\u00edt\u00e9s\u00e9t bizonyos r\u00e9gi\u00f3kra, felhaszn\u00e1l\u00f3kra vagy joghat\u00f3s\u00e1gokra korl\u00e1tozzuk. A szolg\u00e1ltat\u00e1sok le\u00edr\u00e1sa \u00e9s \u00e1raz\u00e1sa el\u0151zetes \u00e9rtes\u00edt\u00e9s n\u00e9lk\u00fcl v\u00e1ltozhat. Nem garant\u00e1ljuk, hogy a megv\u00e1s\u00e1rolt szolg\u00e1ltat\u00e1sok min\u0151s\u00e9ge megfelel az \u00d6n elv\u00e1r\u00e1sainak.  <\/p>\n\n<h2 class=\"wp-block-heading\" id=\"h-6-accuracy-of-billing-amp-account-information\"><strong>6. A sz\u00e1ml\u00e1z\u00e1si \u00e9s sz\u00e1mlainform\u00e1ci\u00f3k pontoss\u00e1ga<\/strong><\/h2>\n\n<p>Fenntartjuk a jogot, hogy visszautas\u00edtsunk vagy t\u00f6r\u00f6lj\u00fcnk b\u00e1rmilyen megrendel\u00e9st. \u00d6n v\u00e1llalja, hogy aktu\u00e1lis, teljes \u00e9s pontos v\u00e1s\u00e1rl\u00e1si \u00e9s sz\u00e1mlainform\u00e1ci\u00f3kat ad meg. \u00d6n felel\u0151s a sz\u00e1mla- \u00e9s fizet\u00e9si adatok azonnali friss\u00edt\u00e9s\u00e9\u00e9rt.  <\/p>\n\n<h2 class=\"wp-block-heading\" id=\"h-7-use-of-pcn-and-country-tokens\"><strong>7. A PCN \u00e9s az orsz\u00e1gjelz\u0151k haszn\u00e1lata<\/strong><\/h2>\n\n<p>A PCN- \u00e9s orsz\u00e1g-tokenek a PCN-\u00e9rtes\u00edt\u00e9sek adott uni\u00f3s orsz\u00e1gokba t\u00f6rt\u00e9n\u0151 beny\u00fajt\u00e1s\u00e1ra vonatkoz\u00f3 jogokat jelentik. A tokenek term\u00e9kenk\u00e9nt \u00e9s orsz\u00e1gonk\u00e9nt ker\u00fclnek kioszt\u00e1sra. A tokenek nem visszat\u00e9r\u00edthet\u0151k.  <\/p>\n\n<h2 class=\"wp-block-heading\" id=\"h-8-optional-tools-amp-third-party-links\"><strong>8. V\u00e1laszthat\u00f3 eszk\u00f6z\u00f6k \u00e9s harmadik f\u00e9lt\u0151l sz\u00e1rmaz\u00f3 linkek<\/strong><\/h2>\n\n<p>Lehet, hogy harmadik f\u00e9l eszk\u00f6zeihez fel\u00fcgyelet vagy ellen\u0151rz\u00e9s n\u00e9lk\u00fcl biztos\u00edtunk hozz\u00e1f\u00e9r\u00e9st. \u00d6n beleegyezik, hogy ezeket az eszk\u00f6z\u00f6ket saj\u00e1t felel\u0151ss\u00e9g\u00e9re haszn\u00e1lja. Az oldalunkon tal\u00e1lhat\u00f3 harmadik f\u00e9lt\u0151l sz\u00e1rmaz\u00f3 linkek k\u00fcls\u0151 webhelyekre ir\u00e1ny\u00edthatj\u00e1k \u00d6nt. Nem vagyunk felel\u0151sek ezek tartalm\u00e1\u00e9rt vagy gyakorlat\u00e1\u00e9rt.   <\/p>\n\n<h2 class=\"wp-block-heading\" id=\"h-9-user-submissions-amp-feedback\"><strong>9. Felhaszn\u00e1l\u00f3i beadv\u00e1nyok \u00e9s visszajelz\u00e9sek<\/strong><\/h2>\n\n<p>Ha \u00d6n javaslatokat, \u00f6tleteket vagy egy\u00e9b anyagokat (egy\u00fcttesen &#8220;\u00e9szrev\u00e9telek&#8221;) k\u00fcld be, \u00d6n elfogadja, hogy azokat korl\u00e1toz\u00e1s n\u00e9lk\u00fcl felhaszn\u00e1lhatjuk. \u00d6n nem k\u00fcldhet illeg\u00e1lis, r\u00e1galmaz\u00f3 vagy k\u00e1ros tartalmakat. \u00d6n egyed\u00fcl felel\u0151s a bek\u00fcld\u00f6tt hozz\u00e1sz\u00f3l\u00e1sai\u00e9rt.  <\/p>\n\n<h2 class=\"wp-block-heading\" id=\"h-10-personal-information\"><strong>10. Szem\u00e9lyes inform\u00e1ci\u00f3k<\/strong><\/h2>\n\n<p>A szem\u00e9lyes adatok kezel\u00e9s\u00e9t az <a href=\"https:\/\/www.ufi.eu\/hu\/adatvedelmi-iranyelvek\/\">Adatv\u00e9delmi szab\u00e1lyzatunk<\/a> szab\u00e1lyozza. K\u00e9rj\u00fck, tov\u00e1bbi inform\u00e1ci\u00f3k\u00e9rt tekintse \u00e1t. <\/p>\n\n<h2 class=\"wp-block-heading\" id=\"h-11-errors-inaccuracies-amp-omissions\"><strong>11. Hib\u00e1k, pontatlans\u00e1gok \u00e9s kihagy\u00e1sok<\/strong><\/h2>\n\n<p>Fenntartjuk a jogot, hogy a hib\u00e1kat, pontatlans\u00e1gokat vagy kihagy\u00e1sokat kijav\u00edtsuk, \u00e9s a megrendel\u00e9seket, ha az inform\u00e1ci\u00f3k helytelenek, b\u00e1rmikor, el\u0151zetes \u00e9rtes\u00edt\u00e9s n\u00e9lk\u00fcl t\u00f6r\u00f6lj\u00fck vagy friss\u00edts\u00fck, bele\u00e9rtve a megrendel\u00e9s lead\u00e1s\u00e1t k\u00f6vet\u0151en is.<\/p>\n\n<h2 class=\"wp-block-heading\" id=\"h-12-prohibited-uses\"><strong>12. Tiltott felhaszn\u00e1l\u00e1sok<\/strong><\/h2>\n\n<p>Tilos az oldalt vagy annak tartalm\u00e1t jogellenes c\u00e9lokra, szellemi tulajdonjogok megs\u00e9rt\u00e9s\u00e9re, m\u00e1sok zaklat\u00e1s\u00e1ra, rosszindulat\u00fa programok terjeszt\u00e9s\u00e9re, szem\u00e9lyes adatok gy\u0171jt\u00e9s\u00e9re vagy az oldal biztons\u00e1g\u00e1nak megzavar\u00e1s\u00e1ra haszn\u00e1lni.<\/p>\n\n<h2 class=\"wp-block-heading\" id=\"h-13-disclaimer-of-warranties-limitation-of-liability\"><strong>13. A szavatoss\u00e1g kiz\u00e1r\u00e1sa; a felel\u0151ss\u00e9g korl\u00e1toz\u00e1sa<\/strong><\/h2>\n\n<p>Szolg\u00e1ltat\u00e1sainkat &#8220;ahogy van&#8221; \u00e9s &#8220;ahogy rendelkez\u00e9sre \u00e1ll&#8221; ny\u00fajtjuk, mindenf\u00e9le garancia n\u00e9lk\u00fcl. Nem garant\u00e1ljuk a megszak\u00edt\u00e1s n\u00e9lk\u00fcli vagy hibamentes szolg\u00e1ltat\u00e1st. Az UFI.EU, illetve annak igazgat\u00f3i, alkalmazottai vagy kapcsolt v\u00e1llalkoz\u00e1sai semmilyen esetben sem v\u00e1llalnak felel\u0151ss\u00e9get a szolg\u00e1ltat\u00e1saink haszn\u00e1lat\u00e1b\u00f3l ered\u0151 k\u00f6zvetlen, k\u00f6zvetett, v\u00e9letlen vagy k\u00f6vetkezm\u00e9nyes k\u00e1rok\u00e9rt.  <\/p>\n\n<h2 class=\"wp-block-heading\" id=\"h-14-indemnification\"><strong>14. K\u00e1rtalan\u00edt\u00e1s<\/strong><\/h2>\n\n<p>\u00d6n v\u00e1llalja, hogy k\u00e1rtalan\u00edtja \u00e9s mentes\u00edti az UFI.EU-t \u00e9s annak kapcsolt v\u00e1llalkoz\u00e1sait minden olyan k\u00f6vetel\u00e9s vagy ig\u00e9ny al\u00f3l, bele\u00e9rtve a jogi k\u00f6lts\u00e9geket is, amelyek a jelen Felt\u00e9telek, b\u00e1rmely t\u00f6rv\u00e9ny vagy harmadik f\u00e9l jogainak megs\u00e9rt\u00e9s\u00e9b\u0151l erednek.<\/p>\n\n<h2 class=\"wp-block-heading\" id=\"h-15-severability\"><strong>15. Elv\u00e1laszthat\u00f3s\u00e1g<\/strong><\/h2>\n\n<p>Ha a jelen Felt\u00e9telek b\u00e1rmely rendelkez\u00e9se jogellenesnek vagy v\u00e9grehajthatatlannak bizonyul, a fennmarad\u00f3 rendelkez\u00e9sek \u00e9rv\u00e9nyben maradnak.<\/p>\n\n<h2 class=\"wp-block-heading\" id=\"h-16-termination\"><strong>16. Megsz\u00fcntet\u00e9s<\/strong><\/h2>\n\n<p>A jelen Felt\u00e9telek akkor \u00e9rv\u00e9nyesek, ha \u00d6n vagy mi nem mondjuk fel \u0151ket. A jelen meg\u00e1llapod\u00e1st b\u00e1rmikor felmondhatjuk, ha \u00d6n megszegi a jelen Felt\u00e9teleket. A felmond\u00e1s eset\u00e9n \u00d6n tov\u00e1bbra is felel\u0151s az \u00f6sszes esed\u00e9kes \u00f6sszeg\u00e9rt.  <\/p>\n\n<h2 class=\"wp-block-heading\" id=\"h-17-entire-agreement\"><strong>17. Teljes meg\u00e1llapod\u00e1s<\/strong><\/h2>\n\n<p>A jelen Felt\u00e9telek \u00e9s az ezen a webhelyen k\u00f6zz\u00e9tett ir\u00e1nyelvek k\u00e9pezik a teljes meg\u00e1llapod\u00e1st \u00d6n \u00e9s az UFI.EU k\u00f6z\u00f6tt szolg\u00e1ltat\u00e1saink haszn\u00e1lat\u00e1ra vonatkoz\u00f3an.<\/p>\n\n<h2 class=\"wp-block-heading\" id=\"h-18-governing-law\"><strong>18. Ir\u00e1nyad\u00f3 jog<\/strong><\/h2>\n\n<p>A jelen Felt\u00e9telekre \u00e9s az azokkal kapcsolatos vit\u00e1kra a <strong>holland jog<\/strong> az ir\u00e1nyad\u00f3 \u00e9s a <strong>holland jog<\/strong> szerint \u00e9rtelmezend\u0151. Minden meg\u00e1llapod\u00e1s Almere-ben, Hollandi\u00e1ban j\u00f6n l\u00e9tre. <\/p>\n\n<h2 class=\"wp-block-heading\" id=\"h-19-changes-to-these-terms\"><strong>19. A jelen felt\u00e9telek m\u00f3dos\u00edt\u00e1sa<\/strong><\/h2>\n\n<p>A Felt\u00e9telek aktu\u00e1lis v\u00e1ltozata mindig el\u00e9rhet\u0151 ezen az oldalon. Fenntartjuk a jogot, hogy a jelen Felt\u00e9telek b\u00e1rmely r\u00e9sz\u00e9t saj\u00e1t bel\u00e1t\u00e1sunk szerint friss\u00edts\u00fck, m\u00f3dos\u00edtsuk vagy kicser\u00e9lj\u00fck. <\/p>\n","protected":false},"excerpt":{"rendered":"<p>C\u00e9 g: UFI.EUBejegyzett c\u00edm: UFI.EU Transistorstraat 91 &#8211; 02, 1322 CL Almere, HollandiaKereskedelmi Kamara (KvK): 61064939H\u00c9A-AZONOS\u00cdT\u00d3: NL85418959543B01 1. \u00c1ttekint\u00e9s Ezt a weboldalt az UFI.EU \u00fczemelteti. A weboldalon a &#8220;mi&#8221;, &#8220;minket&#8221; \u00e9s &#8220;mi\u00e9nk&#8221; kifejez\u00e9sek az UFI.EU-ra utalnak. Azzal, hogy megl\u00e1togatja weboldalunkat \u00e9s\/vagy v\u00e1s\u00e1rol t\u0151l\u00fcnk valamit, \u00d6n ig\u00e9nybe veszi &#8220;szolg\u00e1ltat\u00e1sunkat&#8221;, \u00e9s elfogadja az al\u00e1bbi \u00c1ltal\u00e1nos Szerz\u0151d\u00e9si Felt\u00e9teleket [&hellip;]<\/p>\n","protected":false},"author":1,"featured_media":0,"parent":0,"menu_order":0,"comment_status":"closed","ping_status":"closed","template":"","meta":{"footnotes":""},"class_list":["post-11220","page","type-page","status-publish","hentry"],"yoast_head":"<!-- This site is optimized with the Yoast SEO Premium plugin v25.1 (Yoast SEO v25.1) - https:\/\/yoast.com\/wordpress\/plugins\/seo\/ -->\n<title>Felt\u00e9telek \u00e9s felt\u00e9telek - UFI<\/title>\n<meta name=\"robots\" content=\"index, follow, max-snippet:-1, max-image-preview:large, max-video-preview:-1\" \/>\n<link rel=\"canonical\" href=\"https:\/\/www.ufi.eu\/hu\/feltetelek-es-feltetelek\/\" \/>\n<meta property=\"og:locale\" content=\"hu_HU\" \/>\n<meta property=\"og:type\" content=\"article\" \/>\n<meta property=\"og:title\" content=\"Felt\u00e9telek \u00e9s felt\u00e9telek\" \/>\n<meta property=\"og:description\" content=\"C\u00e9 g: UFI.EUBejegyzett c\u00edm: UFI.EU Transistorstraat 91 &#8211; 02, 1322 CL Almere, HollandiaKereskedelmi Kamara (KvK): 61064939H\u00c9A-AZONOS\u00cdT\u00d3: NL85418959543B01 1. \u00c1ttekint\u00e9s Ezt a weboldalt az UFI.EU \u00fczemelteti. A weboldalon a &#8220;mi&#8221;, &#8220;minket&#8221; \u00e9s &#8220;mi\u00e9nk&#8221; kifejez\u00e9sek az UFI.EU-ra utalnak. Azzal, hogy megl\u00e1togatja weboldalunkat \u00e9s\/vagy v\u00e1s\u00e1rol t\u0151l\u00fcnk valamit, \u00d6n ig\u00e9nybe veszi &#8220;szolg\u00e1ltat\u00e1sunkat&#8221;, \u00e9s elfogadja az al\u00e1bbi \u00c1ltal\u00e1nos Szerz\u0151d\u00e9si Felt\u00e9teleket [&hellip;]\" \/>\n<meta property=\"og:url\" content=\"https:\/\/www.ufi.eu\/hu\/feltetelek-es-feltetelek\/\" \/>\n<meta property=\"og:site_name\" content=\"UFI\" \/>\n<meta property=\"article:modified_time\" content=\"2025-04-15T07:32:24+00:00\" \/>\n<meta name=\"twitter:card\" content=\"summary_large_image\" \/>\n<meta name=\"twitter:label1\" content=\"Becs\u00fclt olvas\u00e1si id\u0151\" \/>\n\t<meta name=\"twitter:data1\" content=\"7 perc\" \/>\n<script type=\"application\/ld+json\" class=\"yoast-schema-graph\">{\"@context\":\"https:\/\/schema.org\",\"@graph\":[{\"@type\":\"WebPage\",\"@id\":\"https:\/\/www.ufi.eu\/hu\/feltetelek-es-feltetelek\/\",\"url\":\"https:\/\/www.ufi.eu\/hu\/feltetelek-es-feltetelek\/\",\"name\":\"Felt\u00e9telek \u00e9s felt\u00e9telek - UFI\",\"isPartOf\":{\"@id\":\"https:\/\/www.ufi.eu\/hu\/#website\"},\"datePublished\":\"2025-04-15T07:32:23+00:00\",\"dateModified\":\"2025-04-15T07:32:24+00:00\",\"breadcrumb\":{\"@id\":\"https:\/\/www.ufi.eu\/hu\/feltetelek-es-feltetelek\/#breadcrumb\"},\"inLanguage\":\"hu\",\"potentialAction\":[{\"@type\":\"ReadAction\",\"target\":[\"https:\/\/www.ufi.eu\/hu\/feltetelek-es-feltetelek\/\"]}]},{\"@type\":\"BreadcrumbList\",\"@id\":\"https:\/\/www.ufi.eu\/hu\/feltetelek-es-feltetelek\/#breadcrumb\",\"itemListElement\":[{\"@type\":\"ListItem\",\"position\":1,\"name\":\"Home\",\"item\":\"https:\/\/www.ufi.eu\/hu\/home\/\"},{\"@type\":\"ListItem\",\"position\":2,\"name\":\"Felt\u00e9telek \u00e9s felt\u00e9telek\"}]},{\"@type\":\"WebSite\",\"@id\":\"https:\/\/www.ufi.eu\/hu\/#website\",\"url\":\"https:\/\/www.ufi.eu\/hu\/\",\"name\":\"UFI.EU\",\"description\":\"Poison Centre Notifications (PCN) and UFI\",\"publisher\":{\"@id\":\"https:\/\/www.ufi.eu\/hu\/#organization\"},\"potentialAction\":[{\"@type\":\"SearchAction\",\"target\":{\"@type\":\"EntryPoint\",\"urlTemplate\":\"https:\/\/www.ufi.eu\/hu\/?s={search_term_string}\"},\"query-input\":{\"@type\":\"PropertyValueSpecification\",\"valueRequired\":true,\"valueName\":\"search_term_string\"}}],\"inLanguage\":\"hu\"},{\"@type\":\"Organization\",\"@id\":\"https:\/\/www.ufi.eu\/hu\/#organization\",\"name\":\"UFI.EU\",\"url\":\"https:\/\/www.ufi.eu\/hu\/\",\"logo\":{\"@type\":\"ImageObject\",\"inLanguage\":\"hu\",\"@id\":\"https:\/\/www.ufi.eu\/hu\/#\/schema\/logo\/image\/\",\"url\":\"https:\/\/www.ufi.eu\/wp-content\/uploads\/2025\/03\/cropped-logo_ufi3.jpg\",\"contentUrl\":\"https:\/\/www.ufi.eu\/wp-content\/uploads\/2025\/03\/cropped-logo_ufi3.jpg\",\"width\":231,\"height\":78,\"caption\":\"UFI.EU\"},\"image\":{\"@id\":\"https:\/\/www.ufi.eu\/hu\/#\/schema\/logo\/image\/\"},\"description\":\"UFI.eu specializes in digital registrations for Poison Centre Notifications (PCN), ensuring your chemical products meet EU regulatory requirements effortlessly. Our streamlined solutions help businesses stay compliant while reducing complexity and administrative burden.\",\"email\":\"info@ufi.eu\",\"legalName\":\"UFI.EU\"}]}<\/script>\n<!-- \/ Yoast SEO Premium plugin. -->","yoast_head_json":{"title":"Felt\u00e9telek \u00e9s felt\u00e9telek - UFI","robots":{"index":"index","follow":"follow","max-snippet":"max-snippet:-1","max-image-preview":"max-image-preview:large","max-video-preview":"max-video-preview:-1"},"canonical":"https:\/\/www.ufi.eu\/hu\/feltetelek-es-feltetelek\/","og_locale":"hu_HU","og_type":"article","og_title":"Felt\u00e9telek \u00e9s felt\u00e9telek","og_description":"C\u00e9 g: UFI.EUBejegyzett c\u00edm: UFI.EU Transistorstraat 91 &#8211; 02, 1322 CL Almere, HollandiaKereskedelmi Kamara (KvK): 61064939H\u00c9A-AZONOS\u00cdT\u00d3: NL85418959543B01 1. \u00c1ttekint\u00e9s Ezt a weboldalt az UFI.EU \u00fczemelteti. A weboldalon a &#8220;mi&#8221;, &#8220;minket&#8221; \u00e9s &#8220;mi\u00e9nk&#8221; kifejez\u00e9sek az UFI.EU-ra utalnak. Azzal, hogy megl\u00e1togatja weboldalunkat \u00e9s\/vagy v\u00e1s\u00e1rol t\u0151l\u00fcnk valamit, \u00d6n ig\u00e9nybe veszi &#8220;szolg\u00e1ltat\u00e1sunkat&#8221;, \u00e9s elfogadja az al\u00e1bbi \u00c1ltal\u00e1nos Szerz\u0151d\u00e9si Felt\u00e9teleket [&hellip;]","og_url":"https:\/\/www.ufi.eu\/hu\/feltetelek-es-feltetelek\/","og_site_name":"UFI","article_modified_time":"2025-04-15T07:32:24+00:00","twitter_card":"summary_large_image","twitter_misc":{"Becs\u00fclt olvas\u00e1si id\u0151":"7 perc"},"schema":{"@context":"https:\/\/schema.org","@graph":[{"@type":"WebPage","@id":"https:\/\/www.ufi.eu\/hu\/feltetelek-es-feltetelek\/","url":"https:\/\/www.ufi.eu\/hu\/feltetelek-es-feltetelek\/","name":"Felt\u00e9telek \u00e9s felt\u00e9telek - UFI","isPartOf":{"@id":"https:\/\/www.ufi.eu\/hu\/#website"},"datePublished":"2025-04-15T07:32:23+00:00","dateModified":"2025-04-15T07:32:24+00:00","breadcrumb":{"@id":"https:\/\/www.ufi.eu\/hu\/feltetelek-es-feltetelek\/#breadcrumb"},"inLanguage":"hu","potentialAction":[{"@type":"ReadAction","target":["https:\/\/www.ufi.eu\/hu\/feltetelek-es-feltetelek\/"]}]},{"@type":"BreadcrumbList","@id":"https:\/\/www.ufi.eu\/hu\/feltetelek-es-feltetelek\/#breadcrumb","itemListElement":[{"@type":"ListItem","position":1,"name":"Home","item":"https:\/\/www.ufi.eu\/hu\/home\/"},{"@type":"ListItem","position":2,"name":"Felt\u00e9telek \u00e9s felt\u00e9telek"}]},{"@type":"WebSite","@id":"https:\/\/www.ufi.eu\/hu\/#website","url":"https:\/\/www.ufi.eu\/hu\/","name":"UFI.EU","description":"Poison Centre Notifications (PCN) and UFI","publisher":{"@id":"https:\/\/www.ufi.eu\/hu\/#organization"},"potentialAction":[{"@type":"SearchAction","target":{"@type":"EntryPoint","urlTemplate":"https:\/\/www.ufi.eu\/hu\/?s={search_term_string}"},"query-input":{"@type":"PropertyValueSpecification","valueRequired":true,"valueName":"search_term_string"}}],"inLanguage":"hu"},{"@type":"Organization","@id":"https:\/\/www.ufi.eu\/hu\/#organization","name":"UFI.EU","url":"https:\/\/www.ufi.eu\/hu\/","logo":{"@type":"ImageObject","inLanguage":"hu","@id":"https:\/\/www.ufi.eu\/hu\/#\/schema\/logo\/image\/","url":"https:\/\/www.ufi.eu\/wp-content\/uploads\/2025\/03\/cropped-logo_ufi3.jpg","contentUrl":"https:\/\/www.ufi.eu\/wp-content\/uploads\/2025\/03\/cropped-logo_ufi3.jpg","width":231,"height":78,"caption":"UFI.EU"},"image":{"@id":"https:\/\/www.ufi.eu\/hu\/#\/schema\/logo\/image\/"},"description":"UFI.eu specializes in digital registrations for Poison Centre Notifications (PCN), ensuring your chemical products meet EU regulatory requirements effortlessly. Our streamlined solutions help businesses stay compliant while reducing complexity and administrative burden.","email":"info@ufi.eu","legalName":"UFI.EU"}]}},"_links":{"self":[{"href":"https:\/\/www.ufi.eu\/hu\/wp-json\/wp\/v2\/pages\/11220","targetHints":{"allow":["GET"]}}],"collection":[{"href":"https:\/\/www.ufi.eu\/hu\/wp-json\/wp\/v2\/pages"}],"about":[{"href":"https:\/\/www.ufi.eu\/hu\/wp-json\/wp\/v2\/types\/page"}],"author":[{"embeddable":true,"href":"https:\/\/www.ufi.eu\/hu\/wp-json\/wp\/v2\/users\/1"}],"replies":[{"embeddable":true,"href":"https:\/\/www.ufi.eu\/hu\/wp-json\/wp\/v2\/comments?post=11220"}],"version-history":[{"count":1,"href":"https:\/\/www.ufi.eu\/hu\/wp-json\/wp\/v2\/pages\/11220\/revisions"}],"predecessor-version":[{"id":11229,"href":"https:\/\/www.ufi.eu\/hu\/wp-json\/wp\/v2\/pages\/11220\/revisions\/11229"}],"wp:attachment":[{"href":"https:\/\/www.ufi.eu\/hu\/wp-json\/wp\/v2\/media?parent=11220"}],"curies":[{"name":"wp","href":"https:\/\/api.w.org\/{rel}","templated":true}]}}