{"id":31753,"date":"2025-06-25T10:04:58","date_gmt":"2025-09-24T14:45:23","guid":{"rendered":"https:\/\/www.ufi.eu\/product\/pcn-ufi-paket\/"},"modified":"2026-01-09T16:12:33","modified_gmt":"2026-01-09T16:12:33","slug":"pcn-ufi-paket","status":"publish","type":"product","link":"https:\/\/www.ufi.eu\/hr\/product\/pcn-ufi-paket\/","title":{"rendered":"PCN &amp; UFI paket"},"content":{"rendered":"\n<h2 class=\"wp-block-heading\" id=\"h-how-does-the-ufi-creation-and-pcn-notification-service-work\">Kako funkcionira usluga izrade UFI-ja i PCN obavijesti?<\/h2>\n\n<p>Nakon kupnje ove usluge, dobit \u0107ete pristup sigurnom portalu. Ovaj portal sadr\u017ei pregled svih koraka.  Vi ispunite detalje o svom proizvodu, a mi \u0107emo se baciti na posao.<\/p>\n\n<h3 class=\"wp-block-heading\" id=\"h-poison-center-notification-amp-ufi\">Obavijest centra za otrove &amp; UFI<\/h3>\n\n<p>Mi \u0107emo osigurati:<\/p>\n\n<ul class=\"wp-block-list\">\n<li>Jedinstveni identifikator formule (UFI) va\u0161eg proizvoda<\/li>\n\n\n\n<li>Izvje\u0161\u0107e o obavijesti centra za otrove (PCN)<\/li>\n\n\n\n<li>Registracija va\u0161eg proizvoda kod relevantnih nacionalnih centara za otrove putem ECHA-e.<\/li>\n\n\n\n<li>MSDS va\u0161eg proizvoda<\/li>\n<\/ul>\n\n<h3 class=\"wp-block-heading\" id=\"h-countries-for-pcn-registration\">Zemlje za PCN registraciju<\/h3>\n\n<p>Mo\u017eete izbrojati broj zemalja u kojima \u017eelite registrirati svoj proizvod. To je broj zemalja koje trebate kupiti.  Mo\u0107i \u0107ete odabrati odre\u0111ene zemlje unutar portala. Ako planirate pro\u0161iriti prodaju svojih proizvoda u nove zemlje kasnije, uvijek mo\u017eete naru\u010diti dodatne <a href=\"https:\/\/www.ufi.eu\/pcn\/countries\/countries-for-pcn-registration\/\" target=\"_blank\" rel=\"noreferrer noopener\">PCN registracije za dr\u017eave<\/a>.<br\/>EU ima 27 zemalja, a EEA 30 (EU+Lihten\u0161tajn, Norve\u0161ka i Island). Na portalu mo\u017eete odabrati ove zemlje: <\/p>\n\n<figure class=\"wp-block-table\"><table class=\"has-fixed-layout\"><tbody><tr><td>Belgija<\/td><td>(BE)<\/td><td>\u0160panjolska<\/td><td>(ES)<\/td><td>Ma\u0111arska<\/td><td>(HU)<\/td><td>Slova\u010dka<\/td><td>(SK)<\/td><\/tr><tr><td>Bugarska<\/td><td>(BG)<\/td><td>Francuska<\/td><td>(FR)<\/td><td>Malta<\/td><td>(MT)<\/td><td>Finska<\/td><td>(FI)<\/td><\/tr><tr><td>\u010ce\u0161ka<\/td><td>(CZ)<\/td><td>Hrvatska<\/td><td>(HR)<\/td><td>Nizozemska<\/td><td>(NL)<\/td><td>\u0160vedska<\/td><td>(SE)<\/td><\/tr><tr><td>Danska<\/td><td>(DK)<\/td><td>Italija<\/td><td>(IT)<\/td><td>Austrija<\/td><td>(AT)<\/td><td>Njema\u010dka<\/td><td>(DE)<\/td><\/tr><tr><td>Cipar<\/td><td>(CY)<\/td><td>Poljska<\/td><td>(PL)<\/td><td>Island<\/td><td>(IS)<\/td><td>Estonija<\/td><td>(EE)<\/td><\/tr><tr><td>Latvija<\/td><td>(LV)<\/td><td>Portugal<\/td><td>(PT)<\/td><td>Lihten\u0161tajn<\/td><td>(LI)<\/td><td>Irska<\/td><td>(IE)<\/td><\/tr><tr><td>Litva<\/td><td>(LT)<\/td><td>Rumunjska<\/td><td>(RO)<\/td><td>Norve\u0161ka<\/td><td>(NO)<\/td><td>Gr\u010dka<\/td><td>(EL)<\/td><\/tr><tr><td>Luksemburg<\/td><td>(LU)<\/td><td>Slovenija<\/td><td>(SI)<\/td><td>\u0160vicarska*<\/td><td>(CH)<\/td><td>\u00a0<\/td><td>\u00a0<\/td><\/tr><\/tbody><\/table><\/figure>\n\n<p>*Za \u0160vicarsku mo\u017eemo izraditi PCN dokumentaciju, sa svim potrebnim informacijama za podno\u0161enje u \u0161vicarskom portalu. Kontaktirajte nas za vi\u0161e informacija. <\/p>\n\n<h3 class=\"wp-block-heading\" id=\"h-clp-label-information\">Informacije o CLP oznaci<\/h3>\n\n<p>Nudimo mogu\u0107nost kupnje proizvoda s CLP oznakom, koja sadr\u017ei sve obvezne informacije prema zahtjevima EU CLP Uredbe. Ovo \u0107e biti dostavljeno u PDF formatu.  Ovo nije dizajn, ve\u0107 sa\u017eetak potrebnih informacija. To \u0107e vam omogu\u0107iti da integrirate potrebne informacije u dizajn naljepnice va\u0161eg proizvoda. Tako\u0111er mo\u017eete naru\u010diti <a href=\"https:\/\/www.ufi.eu\/pcn\/clp-label\/clp-label-creation-compliance-check\/\" target=\"_blank\" rel=\"noreferrer noopener\">izradu CLP oznake<\/a> zasebno. Ve\u0107 imate naljepnicu? \u2014 Mo\u017eemo provjeriti <a href=\"https:\/\/www.ufi.eu\/pcn\/clp-label\/clp-label-creation-compliance-check\/\" target=\"_blank\" rel=\"noreferrer noopener\">uskla\u0111enost CLP oznake<\/a> s trenutnim CLP zahtjevima. Pru\u017eit \u0107emo detaljne povratne informacije i ispravke kako bismo osigurali da va\u0161a naljepnica ispunjava sve regulatorne standarde.     <\/p>\n\n<h2 class=\"wp-block-heading\" id=\"h-registering-formulations-with-the-eu-poison-centre\">Registracija formulacija u EU centru za otrove<\/h2>\n\n<p>Formulacije su kemijske smjese namijenjene daljnjoj formulaciji u druge smjese ili namijenjene izravnoj krajnjoj uporabi. Te se smjese moraju registrirati u EU centru za otrove kako bi se osiguralo da slu\u017ebe za hitne slu\u010dajeve imaju pristup klju\u010dnim sigurnosnim podacima u slu\u010daju slu\u010dajnog izlaganja. Proces obavijesti centra za otrove (PCN) osigurava da su relevantne klasifikacije opasnosti i toksikolo\u0161ki profili lako dostupni medicinskim stru\u010dnjacima i vlastima.  <\/p>\n\n<h3 class=\"wp-block-heading\" id=\"h-what-is-a-ufi\">\u0160to je UFI?<\/h3>\n\n<p>Jedinstveni identifikator formule (UFI) je 16-znamenkasti alfanumeri\u010dki kod koji se koristi za jedinstvenu identifikaciju kemijske smjese. Mora biti otisnut na naljepnici proizvoda i uklju\u010den u Sigurnosno-tehni\u010dki list (SDS). UFI omogu\u0107uje centrima za otrove da brzo dohvate sigurnosne i toksikolo\u0161ke informacije o smjesi u slu\u010daju incidenta.  <\/p>\n\n<h3 class=\"wp-block-heading\" id=\"h-what-is-a-pcn\">\u0160to je PCN?<\/h3>\n\n<p>Obavijest centra za otrove (PCN) je regulatorna prijava koja sadr\u017ei detaljne sigurnosne i toksikolo\u0161ke podatke o opasnim smjesama. PCN uklju\u010duje informacije kao \u0161to su sastav smjese, klasifikacija, upozorenja o opasnostima i mjere za hitne slu\u010dajeve. Obavezna je za svaku opasnu smjesu koja se stavlja na tr\u017ei\u0161te EU.  <\/p>\n\n<h3 class=\"wp-block-heading\" id=\"h-what-is-clp\">\u0160to je CLP?<\/h3>\n\n<p>CLP (klasifikacija, ozna\u010davanje i pakiranje) je uredba EU (EC br. 1272\/2008) koja osigurava da su kemijski proizvodi klasificirani i ozna\u010deni u skladu s njihovim opasnostima. Uskla\u0111en je s UN-ovim globalno uskla\u0111enim sustavom (GHS) i osigurava da sve opasne smjese imaju odgovaraju\u0107e naljepnice upozorenja i sigurnosne upute. <\/p>\n\n<h3 class=\"wp-block-heading\" id=\"h-what-is-the-eu-poison-centre\">\u0160to je EU centar za otrove?<\/h3>\n\n<p>EU centar za otrove je slu\u017ebeno tijelo koje prikuplja i pohranjuje sigurnosne informacije o opasnim smjesama. Zdravstveni djelatnici i slu\u017ebe za hitne slu\u010dajeve oslanjaju se na centar za otrove kako bi osigurali to\u010dne podatke o kemijskoj sigurnosti u slu\u010daju slu\u010dajnog izlaganja ili trovanja. <\/p>\n\n<h3 class=\"wp-block-heading\" id=\"h-why-is-this-needed\">Za\u0161to je to potrebno?<\/h3>\n\n<p>Industrijske formulacije \u010desto sadr\u017ee opasne kemikalije koje zahtijevaju jasnu identifikaciju u hitnim slu\u010dajevima. Podno\u0161enjem PCN-a, tvrtke osiguravaju da centri za otrove i medicinski stru\u010dnjaci imaju izravan pristup relevantnim informacijama, pobolj\u0161avaju\u0107i sigurnosne ishode u slu\u010daju izlaganja. <\/p>\n\n<h3 class=\"wp-block-heading\" id=\"h-since-when-is-it-by-law-obligatory\">Od kada je to zakonski obavezno?<\/h3>\n\n<p>Zakonska obveza podno\u0161enja PCN-a za opasne smjese stupila je na snagu 1. sije\u010dnja 2021. Za industrijske formulacije koje se koriste isklju\u010divo u daljnjoj obradi, uskla\u0111enost je obvezna od 1. sije\u010dnja 2024. <\/p>\n","protected":false},"excerpt":{"rendered":"<p>Kako funkcionira usluga izrade UFI-ja i PCN obavijesti? Nakon kupnje ove usluge, dobit \u0107ete pristup sigurnom portalu. Ovaj portal sadr\u017ei pregled svih koraka. Vi ispunite detalje o svom proizvodu, a mi \u0107emo se baciti na posao. Obavijest centra za otrove &amp; UFI Mi \u0107emo osigurati: Zemlje za PCN registraciju Mo\u017eete izbrojati broj zemalja u kojima [&hellip;]<\/p>\n","protected":false},"featured_media":12433,"template":"","meta":[],"product_brand":[],"product_cat":[416],"product_tag":[],"class_list":{"0":"post-31753","1":"product","2":"type-product","3":"status-publish","4":"has-post-thumbnail","6":"product_cat-clp-oznaka","8":"first","9":"instock","10":"virtual","11":"taxable","12":"purchasable","13":"product-type-bundle"},"bundled_by":[],"bundle_stock_status":"instock","bundle_stock_quantity":"","bundle_virtual":false,"bundle_layout":"default","bundle_add_to_cart_form_location":"default","bundle_editable_in_cart":false,"bundle_sold_individually_context":"product","bundle_item_grouping":"parent","bundle_min_size":"","bundle_max_size":"","bundle_price":{"price":{"min":{"incl_tax":"78.65","excl_tax":"65"},"max":{"incl_tax":"","excl_tax":""}},"regular_price":{"min":{"incl_tax":"78.65","excl_tax":"65"},"max":{"incl_tax":"","excl_tax":""}}},"bundled_items":[{"bundled_item_id":13132,"product_id":12524,"menu_order":0,"quantity_min":1,"quantity_max":"","quantity_default":1,"priced_individually":true,"shipped_individually":true,"override_title":false,"title":"Obavijest i UFI Centra za otrove","override_description":false,"description":"Obavijest i UFI Centra za otrove","optional":false,"hide_thumbnail":false,"discount":"","override_variations":false,"allowed_variations":[""],"override_default_variation_attributes":false,"default_variation_attributes":[],"single_product_visibility":"visible","cart_visibility":"visible","order_visibility":"visible","single_product_price_visibility":"visible","cart_price_visibility":"visible","order_price_visibility":"visible","stock_status":"in_stock"},{"bundled_item_id":13133,"product_id":31722,"menu_order":1,"quantity_min":0,"quantity_max":"","quantity_default":0,"priced_individually":true,"shipped_individually":false,"override_title":false,"title":"Paket za registraciju PCN-a za sve zemlje EGP-a","override_description":false,"description":"Paket za registraciju PCN-a za sve zemlje EGP-a","optional":false,"hide_thumbnail":false,"discount":"","override_variations":false,"allowed_variations":[""],"override_default_variation_attributes":false,"default_variation_attributes":[],"single_product_visibility":"visible","cart_visibility":"visible","order_visibility":"visible","single_product_price_visibility":"visible","cart_price_visibility":"visible","order_price_visibility":"visible","stock_status":"in_stock"},{"bundled_item_id":13144,"product_id":12514,"menu_order":1,"quantity_min":0,"quantity_max":"","quantity_default":1,"priced_individually":true,"shipped_individually":true,"override_title":false,"title":"Zemlje za PCN registraciju","override_description":false,"description":"Zemlje za PCN registraciju","optional":false,"hide_thumbnail":false,"discount":"","override_variations":false,"allowed_variations":[""],"override_default_variation_attributes":false,"default_variation_attributes":[],"single_product_visibility":"visible","cart_visibility":"visible","order_visibility":"visible","single_product_price_visibility":"visible","cart_price_visibility":"visible","order_price_visibility":"visible","stock_status":"in_stock"},{"bundled_item_id":13134,"product_id":12797,"menu_order":2,"quantity_min":0,"quantity_max":"","quantity_default":0,"priced_individually":true,"shipped_individually":true,"override_title":false,"title":"Izrada CLP oznake i provjera sukladnosti","override_description":true,"description":"","optional":false,"hide_thumbnail":false,"discount":"","override_variations":false,"allowed_variations":[""],"override_default_variation_attributes":false,"default_variation_attributes":[],"single_product_visibility":"visible","cart_visibility":"visible","order_visibility":"visible","single_product_price_visibility":"visible","cart_price_visibility":"visible","order_price_visibility":"visible","stock_status":"in_stock"},{"bundled_item_id":13135,"product_id":12427,"menu_order":3,"quantity_min":0,"quantity_max":"","quantity_default":0,"priced_individually":true,"shipped_individually":true,"override_title":false,"title":"Izrada sigurnosno-tehni\u010dkog lista","override_description":false,"description":"Izrada sigurnosno-tehni\u010dkog lista","optional":false,"hide_thumbnail":false,"discount":"","override_variations":false,"allowed_variations":[""],"override_default_variation_attributes":false,"default_variation_attributes":[],"single_product_visibility":"visible","cart_visibility":"visible","order_visibility":"visible","single_product_price_visibility":"visible","cart_price_visibility":"visible","order_price_visibility":"visible","stock_status":"in_stock"},{"bundled_item_id":13136,"product_id":12446,"menu_order":4,"quantity_min":0,"quantity_max":"","quantity_default":0,"priced_individually":true,"shipped_individually":false,"override_title":true,"title":"Jezik sigurnosno-tehni\u010dkog lista","override_description":false,"description":"Jezik sigurnosno-tehni\u010dkog lista","optional":false,"hide_thumbnail":false,"discount":"","override_variations":false,"allowed_variations":[""],"override_default_variation_attributes":false,"default_variation_attributes":[],"single_product_visibility":"visible","cart_visibility":"visible","order_visibility":"visible","single_product_price_visibility":"visible","cart_price_visibility":"visible","order_price_visibility":"visible","stock_status":"in_stock"}],"bundle_sell_ids":[],"yoast_head":"<!-- This site is optimized with the Yoast SEO Premium plugin v25.1 (Yoast SEO v25.1) - https:\/\/yoast.com\/wordpress\/plugins\/seo\/ -->\n<title>PCN &amp; UFI paket - UFI<\/title>\n<meta name=\"description\" content=\"PCN &amp; UFI paket pru\u017eit \u0107e vam sve \u0161to vam je potrebno za po\u010detak prodaje va\u0161eg proizvoda u EU.\" \/>\n<meta name=\"robots\" content=\"index, follow, max-snippet:-1, max-image-preview:large, max-video-preview:-1\" \/>\n<link rel=\"canonical\" href=\"https:\/\/www.ufi.eu\/hr\/product\/pcn-ufi-paket\/\" \/>\n<meta property=\"og:locale\" content=\"hr_HR\" \/>\n<meta property=\"og:type\" content=\"article\" \/>\n<meta property=\"og:title\" content=\"PCN &amp; UFI paket\" \/>\n<meta property=\"og:description\" content=\"PCN &amp; UFI paket pru\u017eit \u0107e vam sve \u0161to vam je potrebno za po\u010detak prodaje va\u0161eg proizvoda u EU.\" \/>\n<meta property=\"og:url\" content=\"https:\/\/www.ufi.eu\/hr\/product\/pcn-ufi-paket\/\" \/>\n<meta property=\"og:site_name\" content=\"UFI\" \/>\n<meta property=\"article:modified_time\" content=\"2026-01-09T16:12:33+00:00\" \/>\n<meta property=\"og:image\" content=\"https:\/\/www.ufi.eu\/wp-content\/uploads\/2025\/03\/pcn_ufi.jpg\" \/>\n\t<meta property=\"og:image:width\" content=\"1024\" \/>\n\t<meta property=\"og:image:height\" content=\"1024\" \/>\n\t<meta property=\"og:image:type\" content=\"image\/jpeg\" \/>\n<meta name=\"twitter:card\" content=\"summary_large_image\" \/>\n<meta name=\"twitter:label1\" content=\"Price\" \/>\n\t<meta name=\"twitter:data1\" content=\"&euro;0.00\" \/>\n\t<meta name=\"twitter:label2\" content=\"Availability\" \/>\n\t<meta name=\"twitter:data2\" content=\"In stock\" \/>\n<script type=\"application\/ld+json\" class=\"yoast-schema-graph\">{\"@context\":\"https:\/\/schema.org\",\"@graph\":[{\"@type\":\"WebPage\",\"@id\":\"https:\/\/www.ufi.eu\/hr\/product\/pcn-ufi-paket\/\",\"url\":\"https:\/\/www.ufi.eu\/hr\/product\/pcn-ufi-paket\/\",\"name\":\"PCN &amp; UFI paket - UFI\",\"isPartOf\":{\"@id\":\"https:\/\/www.ufi.eu\/hr\/#website\"},\"primaryImageOfPage\":{\"@id\":\"https:\/\/www.ufi.eu\/hr\/product\/pcn-ufi-paket\/#primaryimage\"},\"image\":{\"@id\":\"https:\/\/www.ufi.eu\/hr\/product\/pcn-ufi-paket\/#primaryimage\"},\"thumbnailUrl\":\"https:\/\/www.ufi.eu\/wp-content\/uploads\/2025\/03\/pcn_ufi.jpg\",\"datePublished\":\"2025-09-24T14:45:23+00:00\",\"dateModified\":\"2026-01-09T16:12:33+00:00\",\"description\":\"PCN & UFI paket pru\u017eit \u0107e vam sve \u0161to vam je potrebno za po\u010detak prodaje va\u0161eg proizvoda u EU.\",\"breadcrumb\":{\"@id\":\"https:\/\/www.ufi.eu\/hr\/product\/pcn-ufi-paket\/#breadcrumb\"},\"inLanguage\":\"hr\",\"potentialAction\":[{\"@type\":\"ReadAction\",\"target\":[\"https:\/\/www.ufi.eu\/hr\/product\/pcn-ufi-paket\/\"]}]},{\"@type\":\"ImageObject\",\"inLanguage\":\"hr\",\"@id\":\"https:\/\/www.ufi.eu\/hr\/product\/pcn-ufi-paket\/#primaryimage\",\"url\":\"https:\/\/www.ufi.eu\/wp-content\/uploads\/2025\/03\/pcn_ufi.jpg\",\"contentUrl\":\"https:\/\/www.ufi.eu\/wp-content\/uploads\/2025\/03\/pcn_ufi.jpg\",\"width\":1024,\"height\":1024},{\"@type\":\"BreadcrumbList\",\"@id\":\"https:\/\/www.ufi.eu\/hr\/product\/pcn-ufi-paket\/#breadcrumb\",\"itemListElement\":[{\"@type\":\"ListItem\",\"position\":1,\"name\":\"Home\",\"item\":\"https:\/\/www.ufi.eu\/hr\/dom\/\"},{\"@type\":\"ListItem\",\"position\":2,\"name\":\"Du\u0107an\",\"item\":\"https:\/\/www.ufi.eu\/hr\/ducan\/\"},{\"@type\":\"ListItem\",\"position\":3,\"name\":\"PCN &amp; UFI paket\"}]},{\"@type\":\"WebSite\",\"@id\":\"https:\/\/www.ufi.eu\/hr\/#website\",\"url\":\"https:\/\/www.ufi.eu\/hr\/\",\"name\":\"UFI.EU\",\"description\":\"Poison Centre Notifications (PCN) and UFI\",\"publisher\":{\"@id\":\"https:\/\/www.ufi.eu\/hr\/#organization\"},\"potentialAction\":[{\"@type\":\"SearchAction\",\"target\":{\"@type\":\"EntryPoint\",\"urlTemplate\":\"https:\/\/www.ufi.eu\/hr\/?s={search_term_string}\"},\"query-input\":{\"@type\":\"PropertyValueSpecification\",\"valueRequired\":true,\"valueName\":\"search_term_string\"}}],\"inLanguage\":\"hr\"},{\"@type\":\"Organization\",\"@id\":\"https:\/\/www.ufi.eu\/hr\/#organization\",\"name\":\"UFI.EU\",\"url\":\"https:\/\/www.ufi.eu\/hr\/\",\"logo\":{\"@type\":\"ImageObject\",\"inLanguage\":\"hr\",\"@id\":\"https:\/\/www.ufi.eu\/hr\/#\/schema\/logo\/image\/\",\"url\":\"https:\/\/www.ufi.eu\/wp-content\/uploads\/2025\/03\/cropped-logo_ufi3.jpg\",\"contentUrl\":\"https:\/\/www.ufi.eu\/wp-content\/uploads\/2025\/03\/cropped-logo_ufi3.jpg\",\"width\":231,\"height\":78,\"caption\":\"UFI.EU\"},\"image\":{\"@id\":\"https:\/\/www.ufi.eu\/hr\/#\/schema\/logo\/image\/\"},\"description\":\"UFI.eu specializes in digital registrations for Poison Centre Notifications (PCN), ensuring your chemical products meet EU regulatory requirements effortlessly. Our streamlined solutions help businesses stay compliant while reducing complexity and administrative burden.\",\"email\":\"info@ufi.eu\",\"legalName\":\"UFI.EU\"}]}<\/script>\n<meta property=\"product:price:amount\" content=\"0.00\" \/>\n<meta property=\"product:price:currency\" content=\"EUR\" \/>\n<meta property=\"og:availability\" content=\"instock\" \/>\n<meta property=\"product:availability\" content=\"instock\" \/>\n<meta property=\"product:condition\" content=\"new\" \/>\n<!-- \/ Yoast SEO Premium plugin. -->","yoast_head_json":{"title":"PCN &amp; UFI paket - UFI","description":"PCN & UFI paket pru\u017eit \u0107e vam sve \u0161to vam je potrebno za po\u010detak prodaje va\u0161eg proizvoda u EU.","robots":{"index":"index","follow":"follow","max-snippet":"max-snippet:-1","max-image-preview":"max-image-preview:large","max-video-preview":"max-video-preview:-1"},"canonical":"https:\/\/www.ufi.eu\/hr\/product\/pcn-ufi-paket\/","og_locale":"hr_HR","og_type":"article","og_title":"PCN &amp; UFI paket","og_description":"PCN & UFI paket pru\u017eit \u0107e vam sve \u0161to vam je potrebno za po\u010detak prodaje va\u0161eg proizvoda u EU.","og_url":"https:\/\/www.ufi.eu\/hr\/product\/pcn-ufi-paket\/","og_site_name":"UFI","article_modified_time":"2026-01-09T16:12:33+00:00","og_image":[{"width":1024,"height":1024,"url":"https:\/\/www.ufi.eu\/wp-content\/uploads\/2025\/03\/pcn_ufi.jpg","type":"image\/jpeg"}],"twitter_card":"summary_large_image","twitter_misc":{"Price":"&euro;0.00","Availability":"In stock"},"schema":{"@context":"https:\/\/schema.org","@graph":[{"@type":"WebPage","@id":"https:\/\/www.ufi.eu\/hr\/product\/pcn-ufi-paket\/","url":"https:\/\/www.ufi.eu\/hr\/product\/pcn-ufi-paket\/","name":"PCN &amp; UFI paket - UFI","isPartOf":{"@id":"https:\/\/www.ufi.eu\/hr\/#website"},"primaryImageOfPage":{"@id":"https:\/\/www.ufi.eu\/hr\/product\/pcn-ufi-paket\/#primaryimage"},"image":{"@id":"https:\/\/www.ufi.eu\/hr\/product\/pcn-ufi-paket\/#primaryimage"},"thumbnailUrl":"https:\/\/www.ufi.eu\/wp-content\/uploads\/2025\/03\/pcn_ufi.jpg","datePublished":"2025-09-24T14:45:23+00:00","dateModified":"2026-01-09T16:12:33+00:00","description":"PCN & UFI paket pru\u017eit \u0107e vam sve \u0161to vam je potrebno za po\u010detak prodaje va\u0161eg proizvoda u EU.","breadcrumb":{"@id":"https:\/\/www.ufi.eu\/hr\/product\/pcn-ufi-paket\/#breadcrumb"},"inLanguage":"hr","potentialAction":[{"@type":"ReadAction","target":["https:\/\/www.ufi.eu\/hr\/product\/pcn-ufi-paket\/"]}]},{"@type":"ImageObject","inLanguage":"hr","@id":"https:\/\/www.ufi.eu\/hr\/product\/pcn-ufi-paket\/#primaryimage","url":"https:\/\/www.ufi.eu\/wp-content\/uploads\/2025\/03\/pcn_ufi.jpg","contentUrl":"https:\/\/www.ufi.eu\/wp-content\/uploads\/2025\/03\/pcn_ufi.jpg","width":1024,"height":1024},{"@type":"BreadcrumbList","@id":"https:\/\/www.ufi.eu\/hr\/product\/pcn-ufi-paket\/#breadcrumb","itemListElement":[{"@type":"ListItem","position":1,"name":"Home","item":"https:\/\/www.ufi.eu\/hr\/dom\/"},{"@type":"ListItem","position":2,"name":"Du\u0107an","item":"https:\/\/www.ufi.eu\/hr\/ducan\/"},{"@type":"ListItem","position":3,"name":"PCN &amp; UFI paket"}]},{"@type":"WebSite","@id":"https:\/\/www.ufi.eu\/hr\/#website","url":"https:\/\/www.ufi.eu\/hr\/","name":"UFI.EU","description":"Poison Centre Notifications (PCN) and UFI","publisher":{"@id":"https:\/\/www.ufi.eu\/hr\/#organization"},"potentialAction":[{"@type":"SearchAction","target":{"@type":"EntryPoint","urlTemplate":"https:\/\/www.ufi.eu\/hr\/?s={search_term_string}"},"query-input":{"@type":"PropertyValueSpecification","valueRequired":true,"valueName":"search_term_string"}}],"inLanguage":"hr"},{"@type":"Organization","@id":"https:\/\/www.ufi.eu\/hr\/#organization","name":"UFI.EU","url":"https:\/\/www.ufi.eu\/hr\/","logo":{"@type":"ImageObject","inLanguage":"hr","@id":"https:\/\/www.ufi.eu\/hr\/#\/schema\/logo\/image\/","url":"https:\/\/www.ufi.eu\/wp-content\/uploads\/2025\/03\/cropped-logo_ufi3.jpg","contentUrl":"https:\/\/www.ufi.eu\/wp-content\/uploads\/2025\/03\/cropped-logo_ufi3.jpg","width":231,"height":78,"caption":"UFI.EU"},"image":{"@id":"https:\/\/www.ufi.eu\/hr\/#\/schema\/logo\/image\/"},"description":"UFI.eu specializes in digital registrations for Poison Centre Notifications (PCN), ensuring your chemical products meet EU regulatory requirements effortlessly. Our streamlined solutions help businesses stay compliant while reducing complexity and administrative burden.","email":"info@ufi.eu","legalName":"UFI.EU"}]},"product_price_amount":"0.00","product_price_currency":"EUR","og_availability":"instock","product_availability":"instock","product_condition":"new"},"_links":{"self":[{"href":"https:\/\/www.ufi.eu\/hr\/wp-json\/wp\/v2\/product\/31753","targetHints":{"allow":["GET"]}}],"collection":[{"href":"https:\/\/www.ufi.eu\/hr\/wp-json\/wp\/v2\/product"}],"about":[{"href":"https:\/\/www.ufi.eu\/hr\/wp-json\/wp\/v2\/types\/product"}],"wp:featuredmedia":[{"embeddable":true,"href":"https:\/\/www.ufi.eu\/hr\/wp-json\/wp\/v2\/media\/12433"}],"wp:attachment":[{"href":"https:\/\/www.ufi.eu\/hr\/wp-json\/wp\/v2\/media?parent=31753"}],"wp:term":[{"taxonomy":"product_brand","embeddable":true,"href":"https:\/\/www.ufi.eu\/hr\/wp-json\/wp\/v2\/product_brand?post=31753"},{"taxonomy":"product_cat","embeddable":true,"href":"https:\/\/www.ufi.eu\/hr\/wp-json\/wp\/v2\/product_cat?post=31753"},{"taxonomy":"product_tag","embeddable":true,"href":"https:\/\/www.ufi.eu\/hr\/wp-json\/wp\/v2\/product_tag?post=31753"}],"curies":[{"name":"wp","href":"https:\/\/api.w.org\/{rel}","templated":true}]}}