{"id":31722,"date":"2025-09-24T14:37:51","date_gmt":"2025-09-24T14:37:51","guid":{"rendered":"https:\/\/www.ufi.eu\/product\/paket-za-registraciju-pcn-a-za-sve-zemlje-egp-a\/"},"modified":"2025-09-24T14:37:55","modified_gmt":"2025-09-24T14:37:55","slug":"paket-za-registraciju-pcn-a-za-sve-zemlje-egp-a","status":"publish","type":"product","link":"https:\/\/www.ufi.eu\/hr\/product\/paket-za-registraciju-pcn-a-za-sve-zemlje-egp-a\/","title":{"rendered":"Paket za registraciju PCN-a za sve zemlje EGP-a"},"content":{"rendered":"\n<h2 class=\"wp-block-heading\" id=\"h-launch-your-product-across-europe-with-ease\">Lansirajte svoj proizvod diljem Europe s lako\u0107om<\/h2>\n\n<p>Prilikom registracije va\u0161eg proizvoda za EU Obavijest centru za kontrolu otrovanja (PCN), svaka zemlja u kojoj planirate prodavati zahtijeva podno\u0161enje prijave nadle\u017enom nacionalnom tijelu. S na\u0161im zemljama EU za PCN registraciju, mo\u017eete odabrati to\u010dne zemlje u kojima \u017eelite lansirati svoj proizvod\u2014daju\u0107i vam potpunu fleksibilnost i kontrolu nad va\u0161im tr\u017ei\u0161nim dosegom.<\/p>\n\n<h2 class=\"wp-block-heading\" id=\"h-what-you-re-purchasing\">\u0160to kupujete<\/h2>\n\n<p>Ovaj proizvod je <strong>paket za sve zemlje EGP-a<\/strong>. Ovih 30 tokena mo\u017ee se koristiti <strong>za bilo koju PCN registraciju<\/strong> koju obavite kod nas. Nakon kupnje, zemlje se <strong>dodaju na <a href=\"https:\/\/www.ufi.eu\/my-account\/points\/\">va\u0161 popis PCN zemalja<\/a><\/strong> i mogu se primijeniti prilikom ispunjavanja na\u0161eg <strong>PCN obrasca za unos podataka<\/strong> za va\u0161 proizvod.  <\/p>\n\n<p><strong>Tako\u0111er \u0107ete morati <a href=\"https:\/\/www.ufi.eu\/shop\/\">kupiti PCN za svoj proizvod<\/a> . Ovaj proizvod je samo slobodna dr\u017eava, a ne PCN. <\/strong><\/p>\n\n<h4 class=\"wp-block-heading\">\u2705 Kako radi:<\/h4>\n\n<ol class=\"wp-block-list\">\n<li>Odredite <strong>zemlje<\/strong> u kojima planirate prodavati.<\/li>\n\n\n\n<li>Kupite broj <strong>tokena zemlje<\/strong> .<\/li>\n\n\n\n<li><a href=\"https:\/\/www.ufi.eu\/hr\/novi-proizvod\/\">Po\u0161aljite nam obrazac za unos va\u0161eg proizvoda<\/a> .<\/li>\n\n\n\n<li>Jednostavno dodijelite zemlje u kojima \u017eelite da po\u0161aljemo va\u0161 proizvod za podno\u0161enje PCN-a.<\/li>\n\n\n\n<li>Tokeni zemlje oduzimaju se od va\u0161eg ukupnog iznosa kada nam predate obrazac.<\/li>\n<\/ol>\n\n<p>Bez obzira na to pokre\u0107ete li jedan proizvod ili upravljate cijelim portfeljem, <strong><a href=\"https:\/\/www.ufi.eu\/my-account\/points\/\">svoje kupljene tokene zemlje<\/a> mo\u017eete koristiti<\/strong> u razli\u010ditim PCN podnescima\u2014\u0161tedi vrijeme, osigurava uskla\u0111enost i bez napora \u0161iri svoju prisutnost na tr\u017ei\u0161tu EU.<\/p>\n\n<h3 class=\"wp-block-heading\" id=\"h-supported-eu-countries\">Podr\u017eane zemlje EU<\/h3>\n\n<p>EU ima 27 zemalja, a EEA 30 (EU+Lichtenstein, Norve\u0161ka i Island) Na portalu mo\u017eete odabrati izme\u0111u ovih zemalja:<\/p>\n\n<figure class=\"wp-block-table\"><table class=\"has-fixed-layout\"><tbody><tr><td>Belgija<\/td><td>(BITI)<\/td><td>\u0160panjolska<\/td><td>(ES)<\/td><td>Ma\u0111arska<\/td><td>(HU)<\/td><td>Slova\u010dka<\/td><td>(SK)<\/td><\/tr><tr><td>Bugarska<\/td><td>(BG)<\/td><td>Francuska<\/td><td>(FR)<\/td><td>Malta<\/td><td>(MT)<\/td><td>Finska<\/td><td>(FI)<\/td><\/tr><tr><td>\u010ce\u0161ka<\/td><td>(CZ)<\/td><td>Hrvatska<\/td><td>(HR)<\/td><td>Nizozemska<\/td><td>(NL)<\/td><td>\u0160vedska<\/td><td>(SE)<\/td><\/tr><tr><td>Danska<\/td><td>(DK)<\/td><td>Italija<\/td><td>(TO)<\/td><td>Austrija<\/td><td>(NA)<\/td><td>Njema\u010dka<\/td><td>(DE)<\/td><\/tr><tr><td>Cipar<\/td><td>(CY)<\/td><td>Poljska<\/td><td>(PL)<\/td><td>Island<\/td><td>(JE)<\/td><td>Estonija<\/td><td>(EE)<\/td><\/tr><tr><td>Latvija<\/td><td>(LV)<\/td><td>Portugal<\/td><td>(PT)<\/td><td>Lihten\u0161tajn<\/td><td>(LI)<\/td><td>Irska<\/td><td>(IE)<\/td><\/tr><tr><td>Litva<\/td><td>(LT)<\/td><td>Rumunija<\/td><td>(RO)<\/td><td>Norve\u0161ka<\/td><td>(NE)<\/td><td>Gr\u010dka<\/td><td>(EL)<\/td><\/tr><tr><td>Luksemburg<\/td><td>(LU)<\/td><td>Slovenija<\/td><td>(SI)<\/td><td>\u0160vicarska*<\/td><td>(CH)<\/td><td><\/td><td><\/td><\/tr><\/tbody><\/table><\/figure>\n\n<p>*Za \u0160vicarsku mo\u017eemo izraditi PCN dosje, sa svim potrebnim informacijama za podno\u0161enje na \u0161vicarskom portalu. Kontaktirajte nas za vi\u0161e informacija. <\/p>\n\n<h2 class=\"wp-block-heading\" id=\"h-example-of-how-it-works\">Primjer kako to radi<\/h2>\n\n<p>Lansirate novi proizvod za \u010di\u0161\u0107enje u <strong>Francuskoj, Njema\u010dkoj i \u0160panjolskoj<\/strong> . Jednostavno kupite tri zemlje. Prilikom ispunjavanja PCN obrasca za unos kod nas, dodijelit \u0107ete te tokene zemlje proizvodu\u2014osiguravaju\u0107i zakonsku uskla\u0111enost na sva tri tr\u017ei\u0161ta bez gnjava\u017ee s pojedina\u010dnim podno\u0161enjem.  <\/p>\n\n<p><\/p>\n","protected":false},"excerpt":{"rendered":"<p>Lansirajte svoj proizvod diljem Europe s lako\u0107om Prilikom registracije va\u0161eg proizvoda za EU Obavijest centru za kontrolu otrovanja (PCN), svaka zemlja u kojoj planirate prodavati zahtijeva podno\u0161enje prijave nadle\u017enom nacionalnom tijelu. S na\u0161im zemljama EU za PCN registraciju, mo\u017eete odabrati to\u010dne zemlje u kojima \u017eelite lansirati svoj proizvod\u2014daju\u0107i vam potpunu fleksibilnost i kontrolu nad va\u0161im [&hellip;]<\/p>\n","protected":false},"featured_media":12515,"template":"","meta":[],"product_brand":[],"product_cat":[281],"product_tag":[],"class_list":{"0":"post-31722","1":"product","2":"type-product","3":"status-publish","4":"has-post-thumbnail","6":"product_cat-sigurnosno-tehnicki-list","8":"first","9":"instock","10":"taxable","11":"shipping-taxable","12":"purchasable","13":"product-type-simple"},"bundled_by":["31753"],"bundle_stock_status":"instock","bundle_stock_quantity":null,"bundle_virtual":false,"bundle_layout":"","bundle_add_to_cart_form_location":"","bundle_editable_in_cart":false,"bundle_sold_individually_context":"","bundle_item_grouping":"","bundle_min_size":"","bundle_max_size":"","bundle_price":[],"bundled_items":[],"bundle_sell_ids":[],"yoast_head":"<!-- This site is optimized with the Yoast SEO Premium plugin v25.1 (Yoast SEO v25.1) - https:\/\/yoast.com\/wordpress\/plugins\/seo\/ -->\n<title>Paket za registraciju PCN-a za sve zemlje EGP-a - UFI<\/title>\n<meta name=\"description\" content=\"Ovaj proizvod je paket za sve zemlje EGP-a. Ovih 30 tokena mo\u017ee se koristiti za bilo koju PCN registraciju koju obavite kod nas. Nakon kupnje, zemlje se dodaju na va\u0161 popis PCN zemalja i mogu se primijeniti prilikom ispunjavanja na\u0161eg PCN obrasca za unos podataka za va\u0161 proizvod.\" \/>\n<meta name=\"robots\" content=\"index, follow, max-snippet:-1, max-image-preview:large, max-video-preview:-1\" \/>\n<link rel=\"canonical\" href=\"https:\/\/www.ufi.eu\/hr\/product\/paket-za-registraciju-pcn-a-za-sve-zemlje-egp-a\/\" \/>\n<meta property=\"og:locale\" content=\"hr_HR\" \/>\n<meta property=\"og:type\" content=\"article\" \/>\n<meta property=\"og:title\" content=\"Paket za registraciju PCN-a za sve zemlje EGP-a\" \/>\n<meta property=\"og:description\" content=\"Ovaj proizvod je paket za sve zemlje EGP-a. Ovih 30 tokena mo\u017ee se koristiti za bilo koju PCN registraciju koju obavite kod nas. Nakon kupnje, zemlje se dodaju na va\u0161 popis PCN zemalja i mogu se primijeniti prilikom ispunjavanja na\u0161eg PCN obrasca za unos podataka za va\u0161 proizvod.\" \/>\n<meta property=\"og:url\" content=\"https:\/\/www.ufi.eu\/hr\/product\/paket-za-registraciju-pcn-a-za-sve-zemlje-egp-a\/\" \/>\n<meta property=\"og:site_name\" content=\"UFI\" \/>\n<meta property=\"article:modified_time\" content=\"2025-09-24T14:37:55+00:00\" \/>\n<meta property=\"og:image\" content=\"https:\/\/www.ufi.eu\/wp-content\/uploads\/2025\/03\/eu.jpg\" \/>\n\t<meta property=\"og:image:width\" content=\"800\" \/>\n\t<meta property=\"og:image:height\" content=\"800\" \/>\n\t<meta property=\"og:image:type\" content=\"image\/jpeg\" \/>\n<meta name=\"twitter:card\" content=\"summary_large_image\" \/>\n<meta name=\"twitter:label1\" content=\"Price\" \/>\n\t<meta name=\"twitter:data1\" content=\"&euro;415.00\" \/>\n\t<meta name=\"twitter:label2\" content=\"Availability\" \/>\n\t<meta name=\"twitter:data2\" content=\"In stock\" \/>\n<script type=\"application\/ld+json\" class=\"yoast-schema-graph\">{\"@context\":\"https:\/\/schema.org\",\"@graph\":[{\"@type\":\"WebPage\",\"@id\":\"https:\/\/www.ufi.eu\/hr\/product\/paket-za-registraciju-pcn-a-za-sve-zemlje-egp-a\/\",\"url\":\"https:\/\/www.ufi.eu\/hr\/product\/paket-za-registraciju-pcn-a-za-sve-zemlje-egp-a\/\",\"name\":\"Paket za registraciju PCN-a za sve zemlje EGP-a - UFI\",\"isPartOf\":{\"@id\":\"https:\/\/www.ufi.eu\/hr\/#website\"},\"primaryImageOfPage\":{\"@id\":\"https:\/\/www.ufi.eu\/hr\/product\/paket-za-registraciju-pcn-a-za-sve-zemlje-egp-a\/#primaryimage\"},\"image\":{\"@id\":\"https:\/\/www.ufi.eu\/hr\/product\/paket-za-registraciju-pcn-a-za-sve-zemlje-egp-a\/#primaryimage\"},\"thumbnailUrl\":\"https:\/\/www.ufi.eu\/wp-content\/uploads\/2025\/03\/eu.jpg\",\"datePublished\":\"2025-09-24T14:37:51+00:00\",\"dateModified\":\"2025-09-24T14:37:55+00:00\",\"description\":\"Ovaj proizvod je paket za sve zemlje EGP-a. Ovih 30 tokena mo\u017ee se koristiti za bilo koju PCN registraciju koju obavite kod nas. Nakon kupnje, zemlje se dodaju na va\u0161 popis PCN zemalja i mogu se primijeniti prilikom ispunjavanja na\u0161eg PCN obrasca za unos podataka za va\u0161 proizvod.\",\"breadcrumb\":{\"@id\":\"https:\/\/www.ufi.eu\/hr\/product\/paket-za-registraciju-pcn-a-za-sve-zemlje-egp-a\/#breadcrumb\"},\"inLanguage\":\"hr\",\"potentialAction\":[{\"@type\":\"ReadAction\",\"target\":[\"https:\/\/www.ufi.eu\/hr\/product\/paket-za-registraciju-pcn-a-za-sve-zemlje-egp-a\/\"]}]},{\"@type\":\"ImageObject\",\"inLanguage\":\"hr\",\"@id\":\"https:\/\/www.ufi.eu\/hr\/product\/paket-za-registraciju-pcn-a-za-sve-zemlje-egp-a\/#primaryimage\",\"url\":\"https:\/\/www.ufi.eu\/wp-content\/uploads\/2025\/03\/eu.jpg\",\"contentUrl\":\"https:\/\/www.ufi.eu\/wp-content\/uploads\/2025\/03\/eu.jpg\",\"width\":800,\"height\":800},{\"@type\":\"BreadcrumbList\",\"@id\":\"https:\/\/www.ufi.eu\/hr\/product\/paket-za-registraciju-pcn-a-za-sve-zemlje-egp-a\/#breadcrumb\",\"itemListElement\":[{\"@type\":\"ListItem\",\"position\":1,\"name\":\"Home\",\"item\":\"https:\/\/www.ufi.eu\/hr\/dom\/\"},{\"@type\":\"ListItem\",\"position\":2,\"name\":\"Du\u0107an\",\"item\":\"https:\/\/www.ufi.eu\/hr\/ducan\/\"},{\"@type\":\"ListItem\",\"position\":3,\"name\":\"Paket za registraciju PCN-a za sve zemlje EGP-a\"}]},{\"@type\":\"WebSite\",\"@id\":\"https:\/\/www.ufi.eu\/hr\/#website\",\"url\":\"https:\/\/www.ufi.eu\/hr\/\",\"name\":\"UFI.EU\",\"description\":\"Poison Centre Notifications (PCN) and UFI\",\"publisher\":{\"@id\":\"https:\/\/www.ufi.eu\/hr\/#organization\"},\"potentialAction\":[{\"@type\":\"SearchAction\",\"target\":{\"@type\":\"EntryPoint\",\"urlTemplate\":\"https:\/\/www.ufi.eu\/hr\/?s={search_term_string}\"},\"query-input\":{\"@type\":\"PropertyValueSpecification\",\"valueRequired\":true,\"valueName\":\"search_term_string\"}}],\"inLanguage\":\"hr\"},{\"@type\":\"Organization\",\"@id\":\"https:\/\/www.ufi.eu\/hr\/#organization\",\"name\":\"UFI.EU\",\"url\":\"https:\/\/www.ufi.eu\/hr\/\",\"logo\":{\"@type\":\"ImageObject\",\"inLanguage\":\"hr\",\"@id\":\"https:\/\/www.ufi.eu\/hr\/#\/schema\/logo\/image\/\",\"url\":\"https:\/\/www.ufi.eu\/wp-content\/uploads\/2025\/03\/cropped-logo_ufi3.jpg\",\"contentUrl\":\"https:\/\/www.ufi.eu\/wp-content\/uploads\/2025\/03\/cropped-logo_ufi3.jpg\",\"width\":231,\"height\":78,\"caption\":\"UFI.EU\"},\"image\":{\"@id\":\"https:\/\/www.ufi.eu\/hr\/#\/schema\/logo\/image\/\"},\"description\":\"UFI.eu specializes in digital registrations for Poison Centre Notifications (PCN), ensuring your chemical products meet EU regulatory requirements effortlessly. Our streamlined solutions help businesses stay compliant while reducing complexity and administrative burden.\",\"email\":\"info@ufi.eu\",\"legalName\":\"UFI.EU\"}]}<\/script>\n<meta property=\"product:price:amount\" content=\"415.00\" \/>\n<meta property=\"product:price:currency\" content=\"EUR\" \/>\n<meta property=\"og:availability\" content=\"instock\" \/>\n<meta property=\"product:availability\" content=\"instock\" \/>\n<meta property=\"product:condition\" content=\"new\" \/>\n<!-- \/ Yoast SEO Premium plugin. -->","yoast_head_json":{"title":"Paket za registraciju PCN-a za sve zemlje EGP-a - UFI","description":"Ovaj proizvod je paket za sve zemlje EGP-a. Ovih 30 tokena mo\u017ee se koristiti za bilo koju PCN registraciju koju obavite kod nas. Nakon kupnje, zemlje se dodaju na va\u0161 popis PCN zemalja i mogu se primijeniti prilikom ispunjavanja na\u0161eg PCN obrasca za unos podataka za va\u0161 proizvod.","robots":{"index":"index","follow":"follow","max-snippet":"max-snippet:-1","max-image-preview":"max-image-preview:large","max-video-preview":"max-video-preview:-1"},"canonical":"https:\/\/www.ufi.eu\/hr\/product\/paket-za-registraciju-pcn-a-za-sve-zemlje-egp-a\/","og_locale":"hr_HR","og_type":"article","og_title":"Paket za registraciju PCN-a za sve zemlje EGP-a","og_description":"Ovaj proizvod je paket za sve zemlje EGP-a. Ovih 30 tokena mo\u017ee se koristiti za bilo koju PCN registraciju koju obavite kod nas. Nakon kupnje, zemlje se dodaju na va\u0161 popis PCN zemalja i mogu se primijeniti prilikom ispunjavanja na\u0161eg PCN obrasca za unos podataka za va\u0161 proizvod.","og_url":"https:\/\/www.ufi.eu\/hr\/product\/paket-za-registraciju-pcn-a-za-sve-zemlje-egp-a\/","og_site_name":"UFI","article_modified_time":"2025-09-24T14:37:55+00:00","og_image":[{"width":800,"height":800,"url":"https:\/\/www.ufi.eu\/wp-content\/uploads\/2025\/03\/eu.jpg","type":"image\/jpeg"}],"twitter_card":"summary_large_image","twitter_misc":{"Price":"&euro;415.00","Availability":"In stock"},"schema":{"@context":"https:\/\/schema.org","@graph":[{"@type":"WebPage","@id":"https:\/\/www.ufi.eu\/hr\/product\/paket-za-registraciju-pcn-a-za-sve-zemlje-egp-a\/","url":"https:\/\/www.ufi.eu\/hr\/product\/paket-za-registraciju-pcn-a-za-sve-zemlje-egp-a\/","name":"Paket za registraciju PCN-a za sve zemlje EGP-a - UFI","isPartOf":{"@id":"https:\/\/www.ufi.eu\/hr\/#website"},"primaryImageOfPage":{"@id":"https:\/\/www.ufi.eu\/hr\/product\/paket-za-registraciju-pcn-a-za-sve-zemlje-egp-a\/#primaryimage"},"image":{"@id":"https:\/\/www.ufi.eu\/hr\/product\/paket-za-registraciju-pcn-a-za-sve-zemlje-egp-a\/#primaryimage"},"thumbnailUrl":"https:\/\/www.ufi.eu\/wp-content\/uploads\/2025\/03\/eu.jpg","datePublished":"2025-09-24T14:37:51+00:00","dateModified":"2025-09-24T14:37:55+00:00","description":"Ovaj proizvod je paket za sve zemlje EGP-a. Ovih 30 tokena mo\u017ee se koristiti za bilo koju PCN registraciju koju obavite kod nas. Nakon kupnje, zemlje se dodaju na va\u0161 popis PCN zemalja i mogu se primijeniti prilikom ispunjavanja na\u0161eg PCN obrasca za unos podataka za va\u0161 proizvod.","breadcrumb":{"@id":"https:\/\/www.ufi.eu\/hr\/product\/paket-za-registraciju-pcn-a-za-sve-zemlje-egp-a\/#breadcrumb"},"inLanguage":"hr","potentialAction":[{"@type":"ReadAction","target":["https:\/\/www.ufi.eu\/hr\/product\/paket-za-registraciju-pcn-a-za-sve-zemlje-egp-a\/"]}]},{"@type":"ImageObject","inLanguage":"hr","@id":"https:\/\/www.ufi.eu\/hr\/product\/paket-za-registraciju-pcn-a-za-sve-zemlje-egp-a\/#primaryimage","url":"https:\/\/www.ufi.eu\/wp-content\/uploads\/2025\/03\/eu.jpg","contentUrl":"https:\/\/www.ufi.eu\/wp-content\/uploads\/2025\/03\/eu.jpg","width":800,"height":800},{"@type":"BreadcrumbList","@id":"https:\/\/www.ufi.eu\/hr\/product\/paket-za-registraciju-pcn-a-za-sve-zemlje-egp-a\/#breadcrumb","itemListElement":[{"@type":"ListItem","position":1,"name":"Home","item":"https:\/\/www.ufi.eu\/hr\/dom\/"},{"@type":"ListItem","position":2,"name":"Du\u0107an","item":"https:\/\/www.ufi.eu\/hr\/ducan\/"},{"@type":"ListItem","position":3,"name":"Paket za registraciju PCN-a za sve zemlje EGP-a"}]},{"@type":"WebSite","@id":"https:\/\/www.ufi.eu\/hr\/#website","url":"https:\/\/www.ufi.eu\/hr\/","name":"UFI.EU","description":"Poison Centre Notifications (PCN) and UFI","publisher":{"@id":"https:\/\/www.ufi.eu\/hr\/#organization"},"potentialAction":[{"@type":"SearchAction","target":{"@type":"EntryPoint","urlTemplate":"https:\/\/www.ufi.eu\/hr\/?s={search_term_string}"},"query-input":{"@type":"PropertyValueSpecification","valueRequired":true,"valueName":"search_term_string"}}],"inLanguage":"hr"},{"@type":"Organization","@id":"https:\/\/www.ufi.eu\/hr\/#organization","name":"UFI.EU","url":"https:\/\/www.ufi.eu\/hr\/","logo":{"@type":"ImageObject","inLanguage":"hr","@id":"https:\/\/www.ufi.eu\/hr\/#\/schema\/logo\/image\/","url":"https:\/\/www.ufi.eu\/wp-content\/uploads\/2025\/03\/cropped-logo_ufi3.jpg","contentUrl":"https:\/\/www.ufi.eu\/wp-content\/uploads\/2025\/03\/cropped-logo_ufi3.jpg","width":231,"height":78,"caption":"UFI.EU"},"image":{"@id":"https:\/\/www.ufi.eu\/hr\/#\/schema\/logo\/image\/"},"description":"UFI.eu specializes in digital registrations for Poison Centre Notifications (PCN), ensuring your chemical products meet EU regulatory requirements effortlessly. Our streamlined solutions help businesses stay compliant while reducing complexity and administrative burden.","email":"info@ufi.eu","legalName":"UFI.EU"}]},"product_price_amount":"415.00","product_price_currency":"EUR","og_availability":"instock","product_availability":"instock","product_condition":"new"},"_links":{"self":[{"href":"https:\/\/www.ufi.eu\/hr\/wp-json\/wp\/v2\/product\/31722","targetHints":{"allow":["GET"]}}],"collection":[{"href":"https:\/\/www.ufi.eu\/hr\/wp-json\/wp\/v2\/product"}],"about":[{"href":"https:\/\/www.ufi.eu\/hr\/wp-json\/wp\/v2\/types\/product"}],"wp:featuredmedia":[{"embeddable":true,"href":"https:\/\/www.ufi.eu\/hr\/wp-json\/wp\/v2\/media\/12515"}],"wp:attachment":[{"href":"https:\/\/www.ufi.eu\/hr\/wp-json\/wp\/v2\/media?parent=31722"}],"wp:term":[{"taxonomy":"product_brand","embeddable":true,"href":"https:\/\/www.ufi.eu\/hr\/wp-json\/wp\/v2\/product_brand?post=31722"},{"taxonomy":"product_cat","embeddable":true,"href":"https:\/\/www.ufi.eu\/hr\/wp-json\/wp\/v2\/product_cat?post=31722"},{"taxonomy":"product_tag","embeddable":true,"href":"https:\/\/www.ufi.eu\/hr\/wp-json\/wp\/v2\/product_tag?post=31722"}],"curies":[{"name":"wp","href":"https:\/\/api.w.org\/{rel}","templated":true}]}}