{"id":23039,"date":"2025-03-20T08:24:29","date_gmt":"2025-04-17T15:24:35","guid":{"rendered":"https:\/\/www.ufi.eu\/pcn\/Bez kategorije\/pcn-ufi-za-pomocne-proizvode-za-glacanje\/"},"modified":"2025-04-17T15:24:35","modified_gmt":"2025-04-17T15:24:35","slug":"pcn-ufi-za-pomocne-proizvode-za-glacanje","status":"publish","type":"product","link":"https:\/\/www.ufi.eu\/hr\/product\/pcn-ufi-za-pomocne-proizvode-za-glacanje\/","title":{"rendered":"PCN &amp; UFI za pomo\u0107ne proizvode za gla\u010danje"},"content":{"rendered":"<h2>Kako funkcionira usluga kreiranja UFI-ja i PCN obavijesti?<\/h2>\n<p>Nakon kupnje ove usluge dobit \u0107ete pristup sigurnom portalu. Ovaj portal sadr\u017ei pregled svih koraka.  Ispunite podatke o proizvodu i mi \u0107emo se baciti na posao.<\/p>\n<h3>Obavijest i UFI Centra za otrove<\/h3>\n<p>Osigurat \u0107emo:<\/p>\n<ul>\n<li>Jedinstveni identifikator formule (UFI) va\u0161eg proizvoda<\/li>\n<li>Izvje\u0161\u0107e Centra za otrovanje (PCN).<\/li>\n<li>Registracija va\u0161eg proizvoda pri relevantnim nacionalnim centrima za otrovanja putem ECHA-e.<\/li>\n<\/ul>\n<h3>Zemlje za PCN registraciju<\/h3>\n<p>Mo\u017eete ra\u010dunati u koliko zemalja \u017eelite registrirati svoj proizvod. Ovo je broj zemalja koje trebate kupiti.  Na portalu \u0107ete mo\u0107i odabrati odre\u0111ene zemlje. Ako kasnije planirate pro\u0161iriti prodaju svojih proizvoda na nove zemlje, uvijek mo\u017eete naru\u010diti dodatne <a href=\"https:\/\/www.ufi.eu\/hr\/pcn\/zemlje\/zemlje-za-pcn-registraciju\/\" target=\"_blank\" title=\"PCN registracije zemalja\">registracije PCN zemalja<\/a> .<br \/> EU ima 27 zemalja, a EEA 30 (EU+Lichtenstein, Norve\u0161ka i Island) Na portalu mo\u017eete odabrati ove zemlje: <\/p>\n<table cellpadding=\"2\" cellspacing=\"0\" border=\"1\">\n<tbody>\n<tr>\n<td>Belgija<\/td>\n<td>(BITI)<\/td>\n<td>\u0160panjolska<\/td>\n<td>(ES)<\/td>\n<td>Ma\u0111arska<\/td>\n<td>(HU)<\/td>\n<td>Slova\u010dka<\/td>\n<td>(SK)<\/td>\n<\/tr>\n<tr>\n<td>Bugarska<\/td>\n<td>(BG)<\/td>\n<td>Francuska<\/td>\n<td>(FR)<\/td>\n<td>Malta<\/td>\n<td>(MT)<\/td>\n<td>Finska<\/td>\n<td>(FI)<\/td>\n<\/tr>\n<tr>\n<td>\u010ce\u0161ka<\/td>\n<td>(CZ)<\/td>\n<td>Hrvatska<\/td>\n<td>(HR)<\/td>\n<td>Nizozemska<\/td>\n<td>(NL)<\/td>\n<td>\u0160vedska<\/td>\n<td>(SE)<\/td>\n<\/tr>\n<tr>\n<td>Danska<\/td>\n<td>(DK)<\/td>\n<td>Italija<\/td>\n<td>(TO)<\/td>\n<td>Austrija<\/td>\n<td>(NA)<\/td>\n<td>Njema\u010dka<\/td>\n<td>(DE)<\/td>\n<\/tr>\n<tr>\n<td>Cipar<\/td>\n<td>(CY)<\/td>\n<td>Poljska<\/td>\n<td>(PL)<\/td>\n<td>Island<\/td>\n<td>(JE)<\/td>\n<td>Estonija<\/td>\n<td>(EE)<\/td>\n<\/tr>\n<tr>\n<td>Latvija<\/td>\n<td>(LV)<\/td>\n<td>Portugal<\/td>\n<td>(PT)<\/td>\n<td>Lihten\u0161tajn<\/td>\n<td>(LI)<\/td>\n<td>Irska<\/td>\n<td>(IE)<\/td>\n<\/tr>\n<tr>\n<td>Litva<\/td>\n<td>(LT)<\/td>\n<td>Rumunija<\/td>\n<td>(RO)<\/td>\n<td>Norve\u0161ka<\/td>\n<td>(NE)<\/td>\n<td>Gr\u010dka<\/td>\n<td>(EL)<\/td>\n<\/tr>\n<tr>\n<td>Luksemburg<\/td>\n<td>(LU)<\/td>\n<td>Slovenija<\/td>\n<td>(SI)<\/td>\n<td>\u0160vicarska*<\/td>\n<td>(CH)<\/td>\n<td><\/td>\n<td><\/td>\n<\/tr>\n<\/tbody>\n<\/table>\n<p>*Za \u0160vicarsku mo\u017eemo izraditi PCN dosje, sa svim potrebnim informacijama za podno\u0161enje na \u0161vicarskom portalu. Kontaktirajte nas za vi\u0161e informacija. <\/p>\n<h3>Informacije o oznaci CLP<\/h3>\n<p>Nudimo mogu\u0107nost kupnje naljepnice proizvoda uskla\u0111ene s CLP-om, koja sadr\u017ei sve obvezne podatke kako zahtijeva EU CLP Uredba. Ovo \u0107e biti dostavljeno kao PDF.  Ovo nije dizajn, ve\u0107 sa\u017eetak potrebnih informacija. To \u0107e vam omogu\u0107iti da integrirate potrebne informacije u dizajn naljepnice proizvoda. <a href=\"https:\/\/www.ufi.eu\/hr\/pcn\/clp-oznaka\/izrada-clp-oznake-i-provjera-sukladnosti\/\" target=\"_blank\" title=\"CLP labelcCreation\">Izradu CLP naljepnice<\/a> mo\u017eete naru\u010diti i zasebno. Ve\u0107 imate etiketu? \u2014 Mo\u017eemo izvr\u0161iti <a href=\"https:\/\/www.ufi.eu\/hr\/pcn\/clp-oznaka\/izrada-clp-oznake-i-provjera-sukladnosti\/\" target=\"_blank\" title=\"Provjera sukladnosti naljepnice CLP\">provjeru uskla\u0111enosti naljepnice s CLP-om<\/a> na va\u0161oj naljepnici u skladu s trenuta\u010dnim zahtjevima CLP-a. Pru\u017eit \u0107emo detaljne povratne informacije i ispravke kako bismo osigurali da va\u0161a oznaka zadovoljava sve regulatorne standarde.     <\/p>\n<h2>Obavijest Centra za otrove za pomo\u0107ne proizvode za gla\u010danje<\/h2>\n<p>Proizvodi za pomo\u0107 pri gla\u010danju\u2014kao \u0161to su sprejevi ili aditivi koji se koriste tijekom gla\u010danja kako bi se olak\u0161ao proces i dao svje\u017einu tkaninama\u2014mogu sadr\u017eavati kemikalije poput mirisa, povr\u0161inski aktivnih tvari ili omek\u0161iva\u010da. Dok ovi sastojci pobolj\u0161avaju izgled odje\u0107e i u\u010dinkovitost gla\u010danja, oni tako\u0111er mogu predstavljati rizike za zdravlje ili okoli\u0161 ako se nepravilno koriste. Prema propisima EU-a, ako je pomo\u0107no sredstvo za gla\u010danje klasificirano kao opasno, mora biti podvrgnuto obavijesti Centra za otrovanje (PCN). To osigurava da centri za otrove imaju brz pristup bitnim pojedinostima o proizvodu &#8211; poput kemijskog sastava, klasifikacije opasnosti i preporu\u010dene prve pomo\u0107i &#8211; kako bi pru\u017eili pravovremeni savjet u slu\u010daju slu\u010dajnog izlaganja.   <\/p>\n<h3>\u0160to je UFI?<\/h3>\n<p>Jedinstveni identifikator formule (UFI) alfanumeri\u010dki je kod od 16 znakova koji povezuje opasan proizvod s njegovim to\u010dnim kemijskim sastavom. Za pomo\u0107ne proizvode za gla\u010danje koji se smatraju opasnima, UFI mora biti vidljiv na etiketi proizvoda, obi\u010dno u blizini upozorenja o opasnosti ili sigurnosnih uputa. U hitnim slu\u010dajevima centri za trovanje koriste ovaj kod za prepoznavanje to\u010dnog sastava proizvoda i preporu\u010duju odgovaraju\u0107e medicinske intervencije ili intervencije prve pomo\u0107i.  <\/p>\n<h3>\u0160to je PCN?<\/h3>\n<p>Obavijest Centra za otrovanje (PCN) obvezna je predaja prema zakonu EU-a za opasne kemijske smjese. Podno\u0161enjem PCN-a za pomo\u0107 pri gla\u010danju, proizvo\u0111a\u010di i distributeri daju centrima za otrove bitne informacije o sastavu proizvoda, klasifikaciji opasnosti, detaljima pakiranja i uputama za uporabu. Ovi podaci opremaju zdravstvene djelatnike znanjem potrebnim za u\u010dinkovit odgovor na slu\u010dajna izlaganja ili incidente zlouporabe.  <\/p>\n<h3>\u0160to je CLP?<\/h3>\n<p>Uredba o razvrstavanju, ozna\u010davanju i pakiranju (CLP) uspostavlja standardizirane kriterije za identificiranje i priop\u0107avanje kemijskih opasnosti u dr\u017eavama \u010dlanicama EU-a. Ako pomo\u0107no sredstvo za gla\u010danje zadovoljava pragove klasifikacije opasnih tvari, na svom pakiranju mora imati simbole opasnosti, izjave o mjerama opreza i UFI. Ova shema ozna\u010davanja poma\u017ee potro\u0161a\u010dima i stru\u010dnjacima da prepoznaju potencijalne rizike i primijene sigurnosne prakse rukovanja.  <\/p>\n<h3>\u0160to je Centar za otrovanja?<\/h3>\n<p>Centar za otrovanja koordinirana je mre\u017ea nacionalnih centara za otrovanja posve\u0107ena pru\u017eanju hitnih medicinskih savjeta u slu\u010dajevima izlo\u017eenosti kemikalijama. Podno\u0161enjem PCN-a za opasan proizvod za pomo\u0107 pri gla\u010danju, tvrtke omogu\u0107uju tim centrima da brzo dohvate vitalne podatke o sigurnosti proizvoda, osiguravaju\u0107i to\u010dne smjernice i tretman u slu\u010daju izlaganja. <\/p>\n<h3>Za\u0161to je ovo potrebno?<\/h3>\n<p>Pomo\u0107na sredstva za gla\u010danje mogu sadr\u017eavati otapala, mirise ili druge aktivne kemikalije koje bi mogle nadra\u017eiti ko\u017eu, o\u010di ili predstavljati opasnost od udisanja ako se nepravilno koriste. Podno\u0161enje PCN-a jam\u010di da centri za otrove mogu odmah pristupiti detaljnom sigurnosnom profilu proizvoda, smanjuju\u0107i potencijalne rizike i provode\u0107i uskla\u0111enost s propisima EU-a. <\/p>\n<h3>Od kada je to po zakonu obavezno?<\/h3>\n<p>Od 1. sije\u010dnja 2021. svaka opasna kemijska mje\u0161avina \u2014 uklju\u010duju\u0107i proizvode za pomo\u0107 pri gla\u010danju \u2014 mora biti registrirana putem PCN-a u skladu s EU CLP propisima. Time se osiguravaju jedinstvene sigurnosne mjere i u\u010dinkoviti postupci za hitne slu\u010dajeve u svim dr\u017eavama \u010dlanicama EU-a. <\/p>\n<h2>FAQ<\/h2>\n<h3>Pitanje: Trebaju li svi proizvodi za pomo\u0107 pri gla\u010danju PCN?<\/h3>\n<p>Odgovor: Samo ona pomagala za gla\u010danje klasificirana kao opasna prema CLP propisima zahtijevaju PCN. Proizvodi koji nisu opasni ne zahtijevaju registraciju. <\/p>\n<h3>Pitanje: Gdje treba staviti UFI na etiketi proizvoda?<\/h3>\n<p>Odgovor: UFI se obi\u010dno pojavljuje blizu bilo kojeg simbola opasnosti ili sigurnosnih uputa na naljepnici, olak\u0161avaju\u0107i brzu identifikaciju u hitnim slu\u010dajevima.<\/p>\n<h3>Pitanje: Koje podatke mora sadr\u017eavati podno\u0161enje PCN-a za pomagala za gla\u010danje?<\/h3>\n<p>Odgovor: PCN sadr\u017ei informacije o kemijskom sastavu proizvoda, klasifikaciji opasnosti, posebnostima pakiranja, uputama za uporabu i mjerama prve pomo\u0107i. Ovo poma\u017ee centrima za otrove u to\u010dnoj procjeni incidenata izlo\u017eenosti. <\/p>\n<h3>Pitanje: Tko je odgovoran za podno\u0161enje PCN-a?<\/h3>\n<p>Odgovor: Tipi\u010dno, proizvo\u0111a\u010d, uvoznik ili distributer proizvoda mora podnijeti PCN ako proizvod ispunjava kriterije razvrstavanja opasnih prema zakonu EU.<\/p>\n<h3>Pitanje: Koje su kazne za nepo\u0161tivanje?<\/h3>\n<p>Odgovor: Nepodno\u0161enje potrebnog PCN-a mo\u017ee dovesti do zakonskih kazni, nov\u010danih kazni ili ograni\u010denja prodaje proizvoda na tr\u017ei\u0161tu EU-a dok se ne ispune obveze PCN-a.<\/p>\n<h3>Pitanje: Kada je PCN zahtjev za opasne proizvode stupio na snagu?<\/h3>\n<p>Odgovor: PCN zahtjev na snazi \u200b\u200bje od 1. sije\u010dnja 2021., uskla\u0111uju\u0107i se s EU CLP uredbom za kemijske smjese klasificirane kao opasne.<\/p>\n<h3>Pitanje: Koliko je vremena potrebno za podno\u0161enje UFI i PCN obavijesti?<\/h3>\n<p>Treba nam nekoliko dana rada. \u010cim u\u010ditate dokumentaciju, odmah \u0107emo zapo\u010deti. <\/p>\n<h3>Pitanje: Jesam li ja vlasnik PCN obavijesti?<\/h3>\n<p>Da, vi ste vlasnik PCN obavijesti. Vi zadr\u017eavate puno vlasni\u0161tvo nad podacima koje ste dali.  PCN obavijest bit \u0107e dostupna na va\u0161em ECHA ra\u010dunu.<\/p>\n<h3>Pitanje: Je li ova usluga za jedan ili vi\u0161e proizvoda?<\/h3>\n<p>Usluga se odnosi na jedan proizvod.<\/p>\n<h3>Pitanje: Za\u0161to moram platiti za izradu UFI-ja?<\/h3>\n<p>Usluga koju nudimo nije samo pru\u017eanje UFI-ja. UFI je komponenta unutar mnogo opse\u017enijeg procesa.  Osnovna usluga koju pru\u017eamo je priprema i podno\u0161enje Va\u0161e Obavijesti Centra za otrovanje (PCN) nacionalnim imenovanim tijelima putem ECHA portala, \u0161to je obavezan uvjet prema EU CLP Uredbi za stavljanje opasnih smjesa na tr\u017ei\u0161te. Generiranje UFI-ja je najjednostavniji dio. Me\u0111utim, PCN izvje\u0161\u0107e je slo\u017eeno. Zahtijeva detaljan pregled sastojaka\u2014kemijske klasifikacije\u2014formatiran precizno za podno\u0161enje Centru za otrovanja putem ECHA-e.   <\/p>\n<h3>Pitanje: Moja tvrtka nema sjedi\u0161te u EU, kako mogu predati PCN?<\/h3>\n<p>Pru\u017eamo rje\u0161enje za tvrtke koje nemaju sjedi\u0161te u EU. Vi\u0161e informacija mo\u017eete prona\u0107i na stranici <a href=\"https:\/\/www.ufi.eu\/hr\/pcn\/izvan-eu\/pcn-ufi-za-tvrtke-izvan-eu\/\" target=\"_blank\" rel=\"noopener\">PCN &amp; UFI za tvrtke izvan EU<\/a> . <\/p>\n<h3>Pitanje: Mo\u017eete li dostaviti sigurnosno-tehni\u010dke listove u potpunosti u skladu s Uredbom EU (REACH &amp; CLP)?<\/h3>\n<p>Da, mo\u017eemo <a href=\"https:\/\/www.ufi.eu\/hr\/pcn\/sigurnosno-tehnicki-list\/usluga-izrade-sigurnosno-tehnickog-lista-msds-sds\/\" target=\"_blank\"><strong>izraditi sigurnosno-tehni\u010dke listove (SDS)<\/strong><\/a> \u2014 poznate i kao <strong>sigurnosno-tehni\u010dki listovi (MSDS)<\/strong> \u2014 prilago\u0111ene va\u0161em proizvodu i u skladu s najnovijim propisima EU-a. Bez obzira proizvodite li kemijske smjese, uvozite proizvode u EU ili distribuirate pod privatnom robnom markom, uskla\u0111en SDS je zakonski obavezan i neophodan za sigurnu upotrebu u cijelom opskrbnom lancu. Vi\u0161e \u0107ete prona\u0107i na stranici <a href=\"https:\/\/www.ufi.eu\/hr\/pcn\/sigurnosno-tehnicki-list\/usluga-izrade-sigurnosno-tehnickog-lista-msds-sds\/\" target=\"_blank\">usluge izrade sigurnosno-tehni\u010dkog lista (MSDS\/SDS)<\/a> .  <\/p>\n","protected":false},"excerpt":{"rendered":"<p>Kako funkcionira usluga kreiranja UFI-ja i PCN obavijesti? Nakon kupnje ove usluge dobit \u0107ete pristup sigurnom portalu. Ovaj portal sadr\u017ei pregled svih koraka. Ispunite podatke o proizvodu i mi \u0107emo se baciti na posao. Obavijest i UFI Centra za otrove Osigurat \u0107emo: Jedinstveni identifikator formule (UFI) va\u0161eg proizvoda Izvje\u0161\u0107e Centra za otrovanje (PCN). Registracija va\u0161eg [&hellip;]<\/p>\n","protected":false},"featured_media":23040,"template":"","meta":[],"product_brand":[],"product_cat":[1177],"product_tag":[],"class_list":{"0":"post-23039","1":"product","2":"type-product","3":"status-publish","4":"has-post-thumbnail","6":"product_cat-pomocni-proizvodi-za-pranje-i-njegu-rublja","8":"first","9":"instock","10":"virtual","11":"taxable","12":"purchasable","13":"product-type-bundle"},"bundled_by":[],"bundle_stock_status":"instock","bundle_stock_quantity":"","bundle_virtual":false,"bundle_layout":"default","bundle_add_to_cart_form_location":"default","bundle_editable_in_cart":false,"bundle_sold_individually_context":"product","bundle_item_grouping":"parent","bundle_min_size":"","bundle_max_size":"","bundle_price":{"price":{"min":{"incl_tax":"121","excl_tax":"100"},"max":{"incl_tax":"","excl_tax":""}},"regular_price":{"min":{"incl_tax":"121","excl_tax":"100"},"max":{"incl_tax":"","excl_tax":""}}},"bundled_items":[{"bundled_item_id":11770,"product_id":12524,"menu_order":0,"quantity_min":1,"quantity_max":1,"quantity_default":1,"priced_individually":true,"shipped_individually":false,"override_title":false,"title":null,"override_description":false,"description":null,"optional":false,"hide_thumbnail":false,"discount":"","override_variations":false,"allowed_variations":[""],"override_default_variation_attributes":false,"default_variation_attributes":[],"single_product_visibility":"visible","cart_visibility":"visible","order_visibility":"visible","single_product_price_visibility":"visible","cart_price_visibility":"visible","order_price_visibility":"visible","stock_status":"in_stock"},{"bundled_item_id":11771,"product_id":12514,"menu_order":1,"quantity_min":1,"quantity_max":"","quantity_default":1,"priced_individually":true,"shipped_individually":false,"override_title":false,"title":null,"override_description":false,"description":null,"optional":false,"hide_thumbnail":false,"discount":"","override_variations":false,"allowed_variations":[""],"override_default_variation_attributes":false,"default_variation_attributes":[],"single_product_visibility":"visible","cart_visibility":"visible","order_visibility":"visible","single_product_price_visibility":"visible","cart_price_visibility":"visible","order_price_visibility":"visible","stock_status":"in_stock"}],"bundle_sell_ids":[],"yoast_head":"<!-- This site is optimized with the Yoast SEO Premium plugin v25.1 (Yoast SEO v25.1) - https:\/\/yoast.com\/wordpress\/plugins\/seo\/ -->\n<title>PCN &amp; UFI za pomo\u0107ne proizvode za gla\u010danje - UFI<\/title>\n<meta name=\"description\" content=\"Nabavite PCN &amp; UFI za pomo\u0107ne proizvode za gla\u010danje. Osigurajte uskla\u0111enost EU centra za otrovanja s na\u0161om brzom i pouzdanom uslugom obavje\u0161\u0107ivanja!\" \/>\n<meta name=\"robots\" content=\"index, follow, max-snippet:-1, max-image-preview:large, max-video-preview:-1\" \/>\n<link rel=\"canonical\" href=\"https:\/\/www.ufi.eu\/hr\/product\/pcn-ufi-za-pomocne-proizvode-za-glacanje\/\" \/>\n<meta property=\"og:locale\" content=\"hr_HR\" \/>\n<meta property=\"og:type\" content=\"article\" \/>\n<meta property=\"og:title\" content=\"PCN &amp; UFI za pomo\u0107ne proizvode za gla\u010danje\" \/>\n<meta property=\"og:description\" content=\"Nabavite PCN &amp; UFI za pomo\u0107ne proizvode za gla\u010danje. Osigurajte uskla\u0111enost EU centra za otrovanja s na\u0161om brzom i pouzdanom uslugom obavje\u0161\u0107ivanja!\" \/>\n<meta property=\"og:url\" content=\"https:\/\/www.ufi.eu\/hr\/product\/pcn-ufi-za-pomocne-proizvode-za-glacanje\/\" \/>\n<meta property=\"og:site_name\" content=\"UFI\" \/>\n<meta property=\"og:image\" content=\"https:\/\/www.ufi.eu\/wp-content\/uploads\/2025\/03\/PC-DET-2_3.jpg\" \/>\n\t<meta property=\"og:image:width\" content=\"1024\" \/>\n\t<meta property=\"og:image:height\" content=\"1024\" \/>\n\t<meta property=\"og:image:type\" content=\"image\/jpeg\" \/>\n<meta name=\"twitter:card\" content=\"summary_large_image\" \/>\n<meta name=\"twitter:label1\" content=\"Price\" \/>\n\t<meta name=\"twitter:data1\" content=\"&euro;0.00\" \/>\n\t<meta name=\"twitter:label2\" content=\"Availability\" \/>\n\t<meta name=\"twitter:data2\" content=\"In stock\" \/>\n<script type=\"application\/ld+json\" class=\"yoast-schema-graph\">{\"@context\":\"https:\/\/schema.org\",\"@graph\":[{\"@type\":\"WebPage\",\"@id\":\"https:\/\/www.ufi.eu\/hr\/product\/pcn-ufi-za-pomocne-proizvode-za-glacanje\/\",\"url\":\"https:\/\/www.ufi.eu\/hr\/product\/pcn-ufi-za-pomocne-proizvode-za-glacanje\/\",\"name\":\"PCN &amp; UFI za pomo\u0107ne proizvode za gla\u010danje - UFI\",\"isPartOf\":{\"@id\":\"https:\/\/www.ufi.eu\/hr\/#website\"},\"primaryImageOfPage\":{\"@id\":\"https:\/\/www.ufi.eu\/hr\/product\/pcn-ufi-za-pomocne-proizvode-za-glacanje\/#primaryimage\"},\"image\":{\"@id\":\"https:\/\/www.ufi.eu\/hr\/product\/pcn-ufi-za-pomocne-proizvode-za-glacanje\/#primaryimage\"},\"thumbnailUrl\":\"https:\/\/www.ufi.eu\/wp-content\/uploads\/2025\/03\/PC-DET-2_3.jpg\",\"datePublished\":\"2025-04-17T15:24:35+00:00\",\"description\":\"Nabavite PCN & UFI za pomo\u0107ne proizvode za gla\u010danje. Osigurajte uskla\u0111enost EU centra za otrovanja s na\u0161om brzom i pouzdanom uslugom obavje\u0161\u0107ivanja!\",\"breadcrumb\":{\"@id\":\"https:\/\/www.ufi.eu\/hr\/product\/pcn-ufi-za-pomocne-proizvode-za-glacanje\/#breadcrumb\"},\"inLanguage\":\"hr\",\"potentialAction\":[{\"@type\":\"ReadAction\",\"target\":[\"https:\/\/www.ufi.eu\/hr\/product\/pcn-ufi-za-pomocne-proizvode-za-glacanje\/\"]}]},{\"@type\":\"ImageObject\",\"inLanguage\":\"hr\",\"@id\":\"https:\/\/www.ufi.eu\/hr\/product\/pcn-ufi-za-pomocne-proizvode-za-glacanje\/#primaryimage\",\"url\":\"https:\/\/www.ufi.eu\/wp-content\/uploads\/2025\/03\/PC-DET-2_3.jpg\",\"contentUrl\":\"https:\/\/www.ufi.eu\/wp-content\/uploads\/2025\/03\/PC-DET-2_3.jpg\",\"width\":1024,\"height\":1024},{\"@type\":\"BreadcrumbList\",\"@id\":\"https:\/\/www.ufi.eu\/hr\/product\/pcn-ufi-za-pomocne-proizvode-za-glacanje\/#breadcrumb\",\"itemListElement\":[{\"@type\":\"ListItem\",\"position\":1,\"name\":\"Home\",\"item\":\"https:\/\/www.ufi.eu\/hr\/dom\/\"},{\"@type\":\"ListItem\",\"position\":2,\"name\":\"Du\u0107an\",\"item\":\"https:\/\/www.ufi.eu\/hr\/ducan\/\"},{\"@type\":\"ListItem\",\"position\":3,\"name\":\"PCN &amp; UFI za pomo\u0107ne proizvode za gla\u010danje\"}]},{\"@type\":\"WebSite\",\"@id\":\"https:\/\/www.ufi.eu\/hr\/#website\",\"url\":\"https:\/\/www.ufi.eu\/hr\/\",\"name\":\"UFI.EU\",\"description\":\"Poison Centre Notifications (PCN) and UFI\",\"publisher\":{\"@id\":\"https:\/\/www.ufi.eu\/hr\/#organization\"},\"potentialAction\":[{\"@type\":\"SearchAction\",\"target\":{\"@type\":\"EntryPoint\",\"urlTemplate\":\"https:\/\/www.ufi.eu\/hr\/?s={search_term_string}\"},\"query-input\":{\"@type\":\"PropertyValueSpecification\",\"valueRequired\":true,\"valueName\":\"search_term_string\"}}],\"inLanguage\":\"hr\"},{\"@type\":\"Organization\",\"@id\":\"https:\/\/www.ufi.eu\/hr\/#organization\",\"name\":\"UFI.EU\",\"url\":\"https:\/\/www.ufi.eu\/hr\/\",\"logo\":{\"@type\":\"ImageObject\",\"inLanguage\":\"hr\",\"@id\":\"https:\/\/www.ufi.eu\/hr\/#\/schema\/logo\/image\/\",\"url\":\"https:\/\/www.ufi.eu\/wp-content\/uploads\/2025\/03\/cropped-logo_ufi3.jpg\",\"contentUrl\":\"https:\/\/www.ufi.eu\/wp-content\/uploads\/2025\/03\/cropped-logo_ufi3.jpg\",\"width\":231,\"height\":78,\"caption\":\"UFI.EU\"},\"image\":{\"@id\":\"https:\/\/www.ufi.eu\/hr\/#\/schema\/logo\/image\/\"},\"description\":\"UFI.eu specializes in digital registrations for Poison Centre Notifications (PCN), ensuring your chemical products meet EU regulatory requirements effortlessly. Our streamlined solutions help businesses stay compliant while reducing complexity and administrative burden.\",\"email\":\"info@ufi.eu\",\"legalName\":\"UFI.EU\"}]}<\/script>\n<meta property=\"product:price:amount\" content=\"0.00\" \/>\n<meta property=\"product:price:currency\" content=\"EUR\" \/>\n<meta property=\"og:availability\" content=\"instock\" \/>\n<meta property=\"product:availability\" content=\"instock\" \/>\n<meta property=\"product:retailer_item_id\" content=\"PC-DET-2_3\" \/>\n<meta property=\"product:condition\" content=\"new\" \/>\n<!-- \/ Yoast SEO Premium plugin. -->","yoast_head_json":{"title":"PCN &amp; UFI za pomo\u0107ne proizvode za gla\u010danje - UFI","description":"Nabavite PCN & UFI za pomo\u0107ne proizvode za gla\u010danje. Osigurajte uskla\u0111enost EU centra za otrovanja s na\u0161om brzom i pouzdanom uslugom obavje\u0161\u0107ivanja!","robots":{"index":"index","follow":"follow","max-snippet":"max-snippet:-1","max-image-preview":"max-image-preview:large","max-video-preview":"max-video-preview:-1"},"canonical":"https:\/\/www.ufi.eu\/hr\/product\/pcn-ufi-za-pomocne-proizvode-za-glacanje\/","og_locale":"hr_HR","og_type":"article","og_title":"PCN &amp; UFI za pomo\u0107ne proizvode za gla\u010danje","og_description":"Nabavite PCN & UFI za pomo\u0107ne proizvode za gla\u010danje. Osigurajte uskla\u0111enost EU centra za otrovanja s na\u0161om brzom i pouzdanom uslugom obavje\u0161\u0107ivanja!","og_url":"https:\/\/www.ufi.eu\/hr\/product\/pcn-ufi-za-pomocne-proizvode-za-glacanje\/","og_site_name":"UFI","og_image":[{"width":1024,"height":1024,"url":"https:\/\/www.ufi.eu\/wp-content\/uploads\/2025\/03\/PC-DET-2_3.jpg","type":"image\/jpeg"}],"twitter_card":"summary_large_image","twitter_misc":{"Price":"&euro;0.00","Availability":"In stock"},"schema":{"@context":"https:\/\/schema.org","@graph":[{"@type":"WebPage","@id":"https:\/\/www.ufi.eu\/hr\/product\/pcn-ufi-za-pomocne-proizvode-za-glacanje\/","url":"https:\/\/www.ufi.eu\/hr\/product\/pcn-ufi-za-pomocne-proizvode-za-glacanje\/","name":"PCN &amp; UFI za pomo\u0107ne proizvode za gla\u010danje - UFI","isPartOf":{"@id":"https:\/\/www.ufi.eu\/hr\/#website"},"primaryImageOfPage":{"@id":"https:\/\/www.ufi.eu\/hr\/product\/pcn-ufi-za-pomocne-proizvode-za-glacanje\/#primaryimage"},"image":{"@id":"https:\/\/www.ufi.eu\/hr\/product\/pcn-ufi-za-pomocne-proizvode-za-glacanje\/#primaryimage"},"thumbnailUrl":"https:\/\/www.ufi.eu\/wp-content\/uploads\/2025\/03\/PC-DET-2_3.jpg","datePublished":"2025-04-17T15:24:35+00:00","description":"Nabavite PCN & UFI za pomo\u0107ne proizvode za gla\u010danje. Osigurajte uskla\u0111enost EU centra za otrovanja s na\u0161om brzom i pouzdanom uslugom obavje\u0161\u0107ivanja!","breadcrumb":{"@id":"https:\/\/www.ufi.eu\/hr\/product\/pcn-ufi-za-pomocne-proizvode-za-glacanje\/#breadcrumb"},"inLanguage":"hr","potentialAction":[{"@type":"ReadAction","target":["https:\/\/www.ufi.eu\/hr\/product\/pcn-ufi-za-pomocne-proizvode-za-glacanje\/"]}]},{"@type":"ImageObject","inLanguage":"hr","@id":"https:\/\/www.ufi.eu\/hr\/product\/pcn-ufi-za-pomocne-proizvode-za-glacanje\/#primaryimage","url":"https:\/\/www.ufi.eu\/wp-content\/uploads\/2025\/03\/PC-DET-2_3.jpg","contentUrl":"https:\/\/www.ufi.eu\/wp-content\/uploads\/2025\/03\/PC-DET-2_3.jpg","width":1024,"height":1024},{"@type":"BreadcrumbList","@id":"https:\/\/www.ufi.eu\/hr\/product\/pcn-ufi-za-pomocne-proizvode-za-glacanje\/#breadcrumb","itemListElement":[{"@type":"ListItem","position":1,"name":"Home","item":"https:\/\/www.ufi.eu\/hr\/dom\/"},{"@type":"ListItem","position":2,"name":"Du\u0107an","item":"https:\/\/www.ufi.eu\/hr\/ducan\/"},{"@type":"ListItem","position":3,"name":"PCN &amp; UFI za pomo\u0107ne proizvode za gla\u010danje"}]},{"@type":"WebSite","@id":"https:\/\/www.ufi.eu\/hr\/#website","url":"https:\/\/www.ufi.eu\/hr\/","name":"UFI.EU","description":"Poison Centre Notifications (PCN) and UFI","publisher":{"@id":"https:\/\/www.ufi.eu\/hr\/#organization"},"potentialAction":[{"@type":"SearchAction","target":{"@type":"EntryPoint","urlTemplate":"https:\/\/www.ufi.eu\/hr\/?s={search_term_string}"},"query-input":{"@type":"PropertyValueSpecification","valueRequired":true,"valueName":"search_term_string"}}],"inLanguage":"hr"},{"@type":"Organization","@id":"https:\/\/www.ufi.eu\/hr\/#organization","name":"UFI.EU","url":"https:\/\/www.ufi.eu\/hr\/","logo":{"@type":"ImageObject","inLanguage":"hr","@id":"https:\/\/www.ufi.eu\/hr\/#\/schema\/logo\/image\/","url":"https:\/\/www.ufi.eu\/wp-content\/uploads\/2025\/03\/cropped-logo_ufi3.jpg","contentUrl":"https:\/\/www.ufi.eu\/wp-content\/uploads\/2025\/03\/cropped-logo_ufi3.jpg","width":231,"height":78,"caption":"UFI.EU"},"image":{"@id":"https:\/\/www.ufi.eu\/hr\/#\/schema\/logo\/image\/"},"description":"UFI.eu specializes in digital registrations for Poison Centre Notifications (PCN), ensuring your chemical products meet EU regulatory requirements effortlessly. Our streamlined solutions help businesses stay compliant while reducing complexity and administrative burden.","email":"info@ufi.eu","legalName":"UFI.EU"}]},"product_price_amount":"0.00","product_price_currency":"EUR","og_availability":"instock","product_availability":"instock","product_retailer_item_id":"PC-DET-2_3","product_condition":"new"},"_links":{"self":[{"href":"https:\/\/www.ufi.eu\/hr\/wp-json\/wp\/v2\/product\/23039","targetHints":{"allow":["GET"]}}],"collection":[{"href":"https:\/\/www.ufi.eu\/hr\/wp-json\/wp\/v2\/product"}],"about":[{"href":"https:\/\/www.ufi.eu\/hr\/wp-json\/wp\/v2\/types\/product"}],"wp:featuredmedia":[{"embeddable":true,"href":"https:\/\/www.ufi.eu\/hr\/wp-json\/wp\/v2\/media\/23040"}],"wp:attachment":[{"href":"https:\/\/www.ufi.eu\/hr\/wp-json\/wp\/v2\/media?parent=23039"}],"wp:term":[{"taxonomy":"product_brand","embeddable":true,"href":"https:\/\/www.ufi.eu\/hr\/wp-json\/wp\/v2\/product_brand?post=23039"},{"taxonomy":"product_cat","embeddable":true,"href":"https:\/\/www.ufi.eu\/hr\/wp-json\/wp\/v2\/product_cat?post=23039"},{"taxonomy":"product_tag","embeddable":true,"href":"https:\/\/www.ufi.eu\/hr\/wp-json\/wp\/v2\/product_tag?post=23039"}],"curies":[{"name":"wp","href":"https:\/\/api.w.org\/{rel}","templated":true}]}}