{"id":22447,"date":"2025-03-20T08:24:37","date_gmt":"2025-04-17T10:44:10","guid":{"rendered":"https:\/\/www.ufi.eu\/pcn\/Bez kategorije\/pcn-ufi-za-deterdzente-za-rucno-pranje-posuda\/"},"modified":"2025-04-17T10:44:10","modified_gmt":"2025-04-17T10:44:10","slug":"pcn-ufi-za-deterdzente-za-rucno-pranje-posuda","status":"publish","type":"product","link":"https:\/\/www.ufi.eu\/hr\/product\/pcn-ufi-za-deterdzente-za-rucno-pranje-posuda\/","title":{"rendered":"PCN &amp; UFI za deterd\u017eente za ru\u010dno pranje posu\u0111a"},"content":{"rendered":"<h2>Kako funkcionira usluga kreiranja UFI-ja i PCN obavijesti?<\/h2>\n<p>Nakon kupnje ove usluge dobit \u0107ete pristup sigurnom portalu. Ovaj portal sadr\u017ei pregled svih koraka.  Ispunite podatke o proizvodu i mi \u0107emo se baciti na posao.<\/p>\n<h3>Obavijest i UFI Centra za otrove<\/h3>\n<p>Osigurat \u0107emo:<\/p>\n<ul>\n<li>Jedinstveni identifikator formule (UFI) va\u0161eg proizvoda<\/li>\n<li>Izvje\u0161\u0107e Centra za otrovanje (PCN).<\/li>\n<li>Registracija va\u0161eg proizvoda pri relevantnim nacionalnim centrima za otrovanja putem ECHA-e.<\/li>\n<\/ul>\n<h3>Zemlje za PCN registraciju<\/h3>\n<p>Mo\u017eete ra\u010dunati u koliko zemalja \u017eelite registrirati svoj proizvod. Ovo je broj zemalja koje trebate kupiti.  Na portalu \u0107ete mo\u0107i odabrati odre\u0111ene zemlje. Ako kasnije planirate pro\u0161iriti prodaju svojih proizvoda na nove zemlje, uvijek mo\u017eete naru\u010diti dodatne <a href=\"https:\/\/www.ufi.eu\/hr\/pcn\/zemlje\/zemlje-za-pcn-registraciju\/\" target=\"_blank\" title=\"PCN registracije zemalja\">registracije PCN zemalja<\/a> .<br \/> EU ima 27 zemalja, a EEA 30 (EU+Lichtenstein, Norve\u0161ka i Island) Na portalu mo\u017eete odabrati ove zemlje: <\/p>\n<table cellpadding=\"2\" cellspacing=\"0\" border=\"1\">\n<tbody>\n<tr>\n<td>Belgija<\/td>\n<td>(BITI)<\/td>\n<td>\u0160panjolska<\/td>\n<td>(ES)<\/td>\n<td>Ma\u0111arska<\/td>\n<td>(HU)<\/td>\n<td>Slova\u010dka<\/td>\n<td>(SK)<\/td>\n<\/tr>\n<tr>\n<td>Bugarska<\/td>\n<td>(BG)<\/td>\n<td>Francuska<\/td>\n<td>(FR)<\/td>\n<td>Malta<\/td>\n<td>(MT)<\/td>\n<td>Finska<\/td>\n<td>(FI)<\/td>\n<\/tr>\n<tr>\n<td>\u010ce\u0161ka<\/td>\n<td>(CZ)<\/td>\n<td>Hrvatska<\/td>\n<td>(HR)<\/td>\n<td>Nizozemska<\/td>\n<td>(NL)<\/td>\n<td>\u0160vedska<\/td>\n<td>(SE)<\/td>\n<\/tr>\n<tr>\n<td>Danska<\/td>\n<td>(DK)<\/td>\n<td>Italija<\/td>\n<td>(TO)<\/td>\n<td>Austrija<\/td>\n<td>(NA)<\/td>\n<td>Njema\u010dka<\/td>\n<td>(DE)<\/td>\n<\/tr>\n<tr>\n<td>Cipar<\/td>\n<td>(CY)<\/td>\n<td>Poljska<\/td>\n<td>(PL)<\/td>\n<td>Island<\/td>\n<td>(JE)<\/td>\n<td>Estonija<\/td>\n<td>(EE)<\/td>\n<\/tr>\n<tr>\n<td>Latvija<\/td>\n<td>(LV)<\/td>\n<td>Portugal<\/td>\n<td>(PT)<\/td>\n<td>Lihten\u0161tajn<\/td>\n<td>(LI)<\/td>\n<td>Irska<\/td>\n<td>(IE)<\/td>\n<\/tr>\n<tr>\n<td>Litva<\/td>\n<td>(LT)<\/td>\n<td>Rumunija<\/td>\n<td>(RO)<\/td>\n<td>Norve\u0161ka<\/td>\n<td>(NE)<\/td>\n<td>Gr\u010dka<\/td>\n<td>(EL)<\/td>\n<\/tr>\n<tr>\n<td>Luksemburg<\/td>\n<td>(LU)<\/td>\n<td>Slovenija<\/td>\n<td>(SI)<\/td>\n<td>\u0160vicarska*<\/td>\n<td>(CH)<\/td>\n<td><\/td>\n<td><\/td>\n<\/tr>\n<\/tbody>\n<\/table>\n<p>*Za \u0160vicarsku mo\u017eemo izraditi PCN dosje, sa svim potrebnim informacijama za podno\u0161enje na \u0161vicarskom portalu. Kontaktirajte nas za vi\u0161e informacija. <\/p>\n<h3>Informacije o oznaci CLP<\/h3>\n<p>Nudimo mogu\u0107nost kupnje naljepnice proizvoda uskla\u0111ene s CLP-om, koja sadr\u017ei sve obvezne podatke kako zahtijeva EU CLP Uredba. Ovo \u0107e biti dostavljeno kao PDF.  Ovo nije dizajn, ve\u0107 sa\u017eetak potrebnih informacija. To \u0107e vam omogu\u0107iti da integrirate potrebne informacije u dizajn naljepnice proizvoda. <a href=\"https:\/\/www.ufi.eu\/hr\/pcn\/clp-oznaka\/izrada-clp-oznake-i-provjera-sukladnosti\/\" target=\"_blank\" title=\"CLP labelcCreation\">Izradu CLP naljepnice<\/a> mo\u017eete naru\u010diti i zasebno. Ve\u0107 imate etiketu? \u2014 Mo\u017eemo izvr\u0161iti <a href=\"https:\/\/www.ufi.eu\/hr\/pcn\/clp-oznaka\/izrada-clp-oznake-i-provjera-sukladnosti\/\" target=\"_blank\" title=\"Provjera sukladnosti naljepnice CLP\">provjeru uskla\u0111enosti naljepnice s CLP-om<\/a> na va\u0161oj naljepnici u skladu s trenuta\u010dnim zahtjevima CLP-a. Pru\u017eit \u0107emo detaljne povratne informacije i ispravke kako bismo osigurali da va\u0161a oznaka zadovoljava sve regulatorne standarde.     <\/p>\n<h2>Obavijest Centra za otrove za deterd\u017eente za ru\u010dno pranje posu\u0111a<\/h2>\n<p>Deterd\u017eenti za ru\u010dno pranje posu\u0111a, koji se obi\u010dno koriste u ku\u0107anstvima i profesionalnim kuhinjama za ru\u010dno pranje posu\u0111a, mogu sadr\u017eavati razli\u010dite aktivne tvari (kao \u0161to su surfaktanti, enzimi, mirisi i bojila). Ovi sastojci mogu predstavljati rizike za zdravlje ili okoli\u0161 ako se proizvod zloupotrijebi ili slu\u010dajno proguta. Kao rezultat toga, deterd\u017eenti za ru\u010dno pranje posu\u0111a koji ispunjavaju EU kriterije za opasnost zahtijevaju Obavijest Centra za otrovanje (PCN). Podno\u0161enje PCN-a osigurava centrima za otrovanje trenutni pristup klju\u010dnim sigurnosnim podacima\u2014kao \u0161to su kemijski sastav, klasifikacija opasnosti i upute za prvu pomo\u0107\u2014tako da mogu pru\u017eiti brzu i to\u010dnu pomo\u0107 ako do\u0111e do slu\u010dajnog izlaganja.   <\/p>\n<h3>\u0160to je UFI?<\/h3>\n<p>Jedinstveni identifikator formule (UFI) je alfanumeri\u010dki kod od 16 znakova koji precizno povezuje opasan proizvod s njegovom kemijskom formulacijom. Za deterd\u017eente za ru\u010dno pranje posu\u0111a koji se smatraju opasnima, UFI se mora pojaviti na etiketi proizvoda, obi\u010dno u blizini simbola opasnosti ili izjava upozorenja. U hitnim slu\u010dajevima, centri za otrove oslanjaju se na ovaj UFI kako bi identificirali to\u010dan sastav deterd\u017eenta i dali odgovaraju\u0107e medicinske savjete ili savjete prve pomo\u0107i.  <\/p>\n<h3>\u0160to je PCN?<\/h3>\n<p>Obavijest Centra za otrovanje (PCN) obvezna je predaja prema zakonu EU-a za opasne kemijske smjese. Podno\u0161enjem PCN-a za deterd\u017eent za ru\u010dno pranje posu\u0111a, proizvo\u0111a\u010di, uvoznici ili distributeri dijele bitne informacije kao \u0161to su kemijske komponente proizvoda, klasifikacija opasnosti, pojedinosti o pakiranju i preporu\u010dene sigurnosne mjere. To omogu\u0107uje zdravstvenim radnicima i osobama koje hitno reagiraju u\u010dinkovito i brzo rje\u0161avanje slu\u010dajnih izlaganja.  <\/p>\n<h3>\u0160to je CLP?<\/h3>\n<p>Uredba o razvrstavanju, ozna\u010davanju i pakiranju (CLP) standardizira na\u010din na koji se kemikalije klasificiraju i ozna\u010davaju u dr\u017eavama \u010dlanicama EU-a. Svaki deterd\u017eent za ru\u010dno pranje posu\u0111a koji se smatra opasnim mora sadr\u017eavati simbole opasnosti, izjave o riziku\/mjerama opreza i UFI na etiketi. Ovaj sustav ozna\u010davanja poma\u017ee korisnicima da prepoznaju potencijalne opasnosti i prakticiraju postupke sigurnog rukovanja.  <\/p>\n<h3>\u0160to je Centar za otrovanja?<\/h3>\n<p>Centar za otrovanja mre\u017ea je nacionalnih centara za otrovanja posve\u0107enih pru\u017eanju hitne medicinske podr\u0161ke i savjeta u slu\u010daju izlo\u017eenosti kemikalijama. Registriranjem opasnog deterd\u017eenta za ru\u010dno pranje posu\u0111a s PCN-om, tvrtke osiguravaju da ovi centri mogu brzo pristupiti podacima o opasnosti proizvoda, \u010dime se olak\u0161ava trenutna i precizna intervencija ako do\u0111e do slu\u010dajnog izlaganja. <\/p>\n<h3>Za\u0161to je ovo potrebno?<\/h3>\n<p>Deterd\u017eenti za ru\u010dno pranje posu\u0111a, iako uobi\u010dajeni u ku\u0107anstvima i profesionalnim okru\u017eenjima, mogu izazvati iritaciju ko\u017ee ili o\u010diju, au nekim slu\u010dajevima i ozbiljnije zdravstvene probleme ako se progutaju ili se njima pogre\u0161no rukuje. PCN jam\u010di da centri za otrove imaju detaljno znanje o proizvodima, smanjuju\u0107i rizik i osiguravaju\u0107i uskla\u0111enost sa sigurnosnim standardima EU-a. <\/p>\n<h3>Od kada je to po zakonu obavezno?<\/h3>\n<p>Od 1. sije\u010dnja 2021. svaka opasna kemijska mje\u0161avina\u2014uklju\u010duju\u0107i odre\u0111ene deterd\u017eente za ru\u010dno pranje posu\u0111a\u2014mora biti registrirana putem PCN-a prema EU CLP propisima. Ovom mjerom provode se standardizirani sigurnosni zahtjevi i u\u010dinkoviti protokoli za hitne slu\u010dajeve u svim dr\u017eavama \u010dlanicama EU-a. <\/p>\n<h2>FAQ<\/h2>\n<h3>Pitanje: Zahtijevaju li svi deterd\u017eenti za ru\u010dno pranje posu\u0111a PCN?<\/h3>\n<p>Odgovor: Samo proizvodi klasificirani kao opasni prema uredbi CLP moraju biti registrirani kod PCN-a. Za neopasne deterd\u017eente nije potrebna najava. <\/p>\n<h3>Pitanje: Gdje bi UFI trebao biti prikazan na naljepnici?<\/h3>\n<p>Odgovor: UFI se obi\u010dno ispisuje u blizini simbola opasnosti ili sigurnosnih uputa, \u010dime se osigurava da centri za otrove mogu brzo identificirati proizvod u hitnim slu\u010dajevima.<\/p>\n<h3>Pitanje: Koje podatke mora sadr\u017eavati podno\u0161enje PCN-a za deterd\u017eente za ru\u010dno pranje posu\u0111a?<\/h3>\n<p>Odgovor: PCN treba sadr\u017eavati kemijski sastav deterd\u017eenta, klasifikaciju opasnosti, preporu\u010dene mjere prve pomo\u0107i, pojedinosti o pakiranju i upute za uporabu, podr\u017eavaju\u0107i u\u010dinkovitu medicinsku intervenciju kada je to potrebno.<\/p>\n<h3>Pitanje: Tko je odgovoran za podno\u0161enje PCN-a?<\/h3>\n<p>Odgovor: Tipi\u010dno, proizvo\u0111a\u010d, uvoznik ili distributer koji stavlja opasan proizvod na tr\u017ei\u0161te EU mora rukovati PCN-om ako proizvod zadovoljava kriterije klasifikacije opasnosti.<\/p>\n<h3>Pitanje: Koje su posljedice nepodno\u0161enja PCN-a za opasni deterd\u017eent?<\/h3>\n<p>Odgovor: Neuskla\u0111enost mo\u017ee rezultirati zakonskim kaznama, poput nov\u010danih kazni ili opoziva proizvoda, ili ograni\u010denjem stavljanja proizvoda u EU dok se ne ispune PCN obveze.<\/p>\n<h3>Pitanje: Kada je PCN zahtjev postao obavezan za opasne proizvode?<\/h3>\n<p>Odgovor: Zahtjev je stupio na snagu 1. sije\u010dnja 2021. prema EU CLP uredbi za sve opasne kemijske smjese, uklju\u010duju\u0107i odre\u0111ene deterd\u017eente za ru\u010dno pranje posu\u0111a.<\/p>\n<h3>Pitanje: Koliko je vremena potrebno za podno\u0161enje UFI i PCN obavijesti?<\/h3>\n<p>Treba nam nekoliko dana rada. \u010cim u\u010ditate dokumentaciju, odmah \u0107emo zapo\u010deti. <\/p>\n<h3>Pitanje: Jesam li ja vlasnik PCN obavijesti?<\/h3>\n<p>Da, vi ste vlasnik PCN obavijesti. Vi zadr\u017eavate puno vlasni\u0161tvo nad podacima koje ste dali.  PCN obavijest bit \u0107e dostupna na va\u0161em ECHA ra\u010dunu.<\/p>\n<h3>Pitanje: Je li ova usluga za jedan ili vi\u0161e proizvoda?<\/h3>\n<p>Usluga se odnosi na jedan proizvod.<\/p>\n<h3>Pitanje: Za\u0161to moram platiti za izradu UFI-ja?<\/h3>\n<p>Usluga koju nudimo nije samo pru\u017eanje UFI-ja. UFI je komponenta unutar mnogo opse\u017enijeg procesa.  Osnovna usluga koju pru\u017eamo je priprema i podno\u0161enje Va\u0161e Obavijesti Centra za otrovanje (PCN) nacionalnim imenovanim tijelima putem ECHA portala, \u0161to je obavezan uvjet prema EU CLP Uredbi za stavljanje opasnih smjesa na tr\u017ei\u0161te. Generiranje UFI-ja je najjednostavniji dio. Me\u0111utim, PCN izvje\u0161\u0107e je slo\u017eeno. Zahtijeva detaljan pregled sastojaka\u2014kemijske klasifikacije\u2014formatiran precizno za podno\u0161enje Centru za otrovanja putem ECHA-e.   <\/p>\n<h3>Pitanje: Moja tvrtka nema sjedi\u0161te u EU, kako mogu predati PCN?<\/h3>\n<p>Pru\u017eamo rje\u0161enje za tvrtke koje nemaju sjedi\u0161te u EU. Vi\u0161e informacija mo\u017eete prona\u0107i na stranici <a href=\"https:\/\/www.ufi.eu\/hr\/pcn\/izvan-eu\/pcn-ufi-za-tvrtke-izvan-eu\/\" target=\"_blank\" rel=\"noopener\">PCN &amp; UFI za tvrtke izvan EU<\/a> . <\/p>\n<h3>Pitanje: Mo\u017eete li dostaviti sigurnosno-tehni\u010dke listove u potpunosti u skladu s Uredbom EU (REACH &amp; CLP)?<\/h3>\n<p>Da, mo\u017eemo <a href=\"https:\/\/www.ufi.eu\/hr\/pcn\/sigurnosno-tehnicki-list\/usluga-izrade-sigurnosno-tehnickog-lista-msds-sds\/\" target=\"_blank\"><strong>izraditi sigurnosno-tehni\u010dke listove (SDS)<\/strong><\/a> \u2014 poznate i kao <strong>sigurnosno-tehni\u010dki listovi (MSDS)<\/strong> \u2014 prilago\u0111ene va\u0161em proizvodu i u skladu s najnovijim propisima EU-a. Bez obzira proizvodite li kemijske smjese, uvozite proizvode u EU ili distribuirate pod privatnom robnom markom, uskla\u0111en SDS je zakonski obavezan i neophodan za sigurnu upotrebu u cijelom opskrbnom lancu. Vi\u0161e \u0107ete prona\u0107i na stranici <a href=\"https:\/\/www.ufi.eu\/hr\/pcn\/sigurnosno-tehnicki-list\/usluga-izrade-sigurnosno-tehnickog-lista-msds-sds\/\" target=\"_blank\">usluge izrade sigurnosno-tehni\u010dkog lista (MSDS\/SDS)<\/a> .  <\/p>\n","protected":false},"excerpt":{"rendered":"<p>Kako funkcionira usluga kreiranja UFI-ja i PCN obavijesti? Nakon kupnje ove usluge dobit \u0107ete pristup sigurnom portalu. Ovaj portal sadr\u017ei pregled svih koraka. Ispunite podatke o proizvodu i mi \u0107emo se baciti na posao. Obavijest i UFI Centra za otrove Osigurat \u0107emo: Jedinstveni identifikator formule (UFI) va\u0161eg proizvoda Izvje\u0161\u0107e Centra za otrovanje (PCN). Registracija va\u0161eg [&hellip;]<\/p>\n","protected":false},"featured_media":22448,"template":"","meta":[],"product_brand":[],"product_cat":[1124],"product_tag":[],"class_list":{"0":"post-22447","1":"product","2":"type-product","3":"status-publish","4":"has-post-thumbnail","6":"product_cat-sredstva-za-pranje-posuda","8":"first","9":"instock","10":"virtual","11":"taxable","12":"purchasable","13":"product-type-bundle"},"bundled_by":[],"bundle_stock_status":"instock","bundle_stock_quantity":"","bundle_virtual":false,"bundle_layout":"default","bundle_add_to_cart_form_location":"default","bundle_editable_in_cart":false,"bundle_sold_individually_context":"product","bundle_item_grouping":"parent","bundle_min_size":"","bundle_max_size":"","bundle_price":{"price":{"min":{"incl_tax":"121","excl_tax":"100"},"max":{"incl_tax":"","excl_tax":""}},"regular_price":{"min":{"incl_tax":"121","excl_tax":"100"},"max":{"incl_tax":"","excl_tax":""}}},"bundled_items":[{"bundled_item_id":11178,"product_id":12524,"menu_order":0,"quantity_min":1,"quantity_max":1,"quantity_default":1,"priced_individually":true,"shipped_individually":false,"override_title":false,"title":null,"override_description":false,"description":null,"optional":false,"hide_thumbnail":false,"discount":"","override_variations":false,"allowed_variations":[""],"override_default_variation_attributes":false,"default_variation_attributes":[],"single_product_visibility":"visible","cart_visibility":"visible","order_visibility":"visible","single_product_price_visibility":"visible","cart_price_visibility":"visible","order_price_visibility":"visible","stock_status":"in_stock"},{"bundled_item_id":11179,"product_id":12514,"menu_order":1,"quantity_min":1,"quantity_max":"","quantity_default":1,"priced_individually":true,"shipped_individually":false,"override_title":false,"title":null,"override_description":false,"description":null,"optional":false,"hide_thumbnail":false,"discount":"","override_variations":false,"allowed_variations":[""],"override_default_variation_attributes":false,"default_variation_attributes":[],"single_product_visibility":"visible","cart_visibility":"visible","order_visibility":"visible","single_product_price_visibility":"visible","cart_price_visibility":"visible","order_price_visibility":"visible","stock_status":"in_stock"}],"bundle_sell_ids":[],"yoast_head":"<!-- This site is optimized with the Yoast SEO Premium plugin v25.1 (Yoast SEO v25.1) - https:\/\/yoast.com\/wordpress\/plugins\/seo\/ -->\n<title>PCN &amp; UFI za deterd\u017eente za ru\u010dno pranje posu\u0111a - UFI<\/title>\n<meta name=\"description\" content=\"Nabavite PCN &amp; UFI za deterd\u017eente za ru\u010dno pranje posu\u0111a. Osigurajte uskla\u0111enost EU centra za otrovanja s na\u0161om brzom i pouzdanom uslugom obavje\u0161\u0107ivanja!\" \/>\n<meta name=\"robots\" content=\"index, follow, max-snippet:-1, max-image-preview:large, max-video-preview:-1\" \/>\n<link rel=\"canonical\" href=\"https:\/\/www.ufi.eu\/hr\/product\/pcn-ufi-za-deterdzente-za-rucno-pranje-posuda\/\" \/>\n<meta property=\"og:locale\" content=\"hr_HR\" \/>\n<meta property=\"og:type\" content=\"article\" \/>\n<meta property=\"og:title\" content=\"PCN &amp; UFI za deterd\u017eente za ru\u010dno pranje posu\u0111a\" \/>\n<meta property=\"og:description\" content=\"Nabavite PCN &amp; UFI za deterd\u017eente za ru\u010dno pranje posu\u0111a. Osigurajte uskla\u0111enost EU centra za otrovanja s na\u0161om brzom i pouzdanom uslugom obavje\u0161\u0107ivanja!\" \/>\n<meta property=\"og:url\" content=\"https:\/\/www.ufi.eu\/hr\/product\/pcn-ufi-za-deterdzente-za-rucno-pranje-posuda\/\" \/>\n<meta property=\"og:site_name\" content=\"UFI\" \/>\n<meta property=\"og:image\" content=\"https:\/\/www.ufi.eu\/wp-content\/uploads\/2025\/03\/PC-DET-3_3.jpg\" \/>\n\t<meta property=\"og:image:width\" content=\"1024\" \/>\n\t<meta property=\"og:image:height\" content=\"1024\" \/>\n\t<meta property=\"og:image:type\" content=\"image\/jpeg\" \/>\n<meta name=\"twitter:card\" content=\"summary_large_image\" \/>\n<meta name=\"twitter:label1\" content=\"Price\" \/>\n\t<meta name=\"twitter:data1\" content=\"&euro;0.00\" \/>\n\t<meta name=\"twitter:label2\" content=\"Availability\" \/>\n\t<meta name=\"twitter:data2\" content=\"In stock\" \/>\n<script type=\"application\/ld+json\" class=\"yoast-schema-graph\">{\"@context\":\"https:\/\/schema.org\",\"@graph\":[{\"@type\":\"WebPage\",\"@id\":\"https:\/\/www.ufi.eu\/hr\/product\/pcn-ufi-za-deterdzente-za-rucno-pranje-posuda\/\",\"url\":\"https:\/\/www.ufi.eu\/hr\/product\/pcn-ufi-za-deterdzente-za-rucno-pranje-posuda\/\",\"name\":\"PCN &amp; UFI za deterd\u017eente za ru\u010dno pranje posu\u0111a - UFI\",\"isPartOf\":{\"@id\":\"https:\/\/www.ufi.eu\/hr\/#website\"},\"primaryImageOfPage\":{\"@id\":\"https:\/\/www.ufi.eu\/hr\/product\/pcn-ufi-za-deterdzente-za-rucno-pranje-posuda\/#primaryimage\"},\"image\":{\"@id\":\"https:\/\/www.ufi.eu\/hr\/product\/pcn-ufi-za-deterdzente-za-rucno-pranje-posuda\/#primaryimage\"},\"thumbnailUrl\":\"https:\/\/www.ufi.eu\/wp-content\/uploads\/2025\/03\/PC-DET-3_3.jpg\",\"datePublished\":\"2025-04-17T10:44:10+00:00\",\"description\":\"Nabavite PCN & UFI za deterd\u017eente za ru\u010dno pranje posu\u0111a. Osigurajte uskla\u0111enost EU centra za otrovanja s na\u0161om brzom i pouzdanom uslugom obavje\u0161\u0107ivanja!\",\"breadcrumb\":{\"@id\":\"https:\/\/www.ufi.eu\/hr\/product\/pcn-ufi-za-deterdzente-za-rucno-pranje-posuda\/#breadcrumb\"},\"inLanguage\":\"hr\",\"potentialAction\":[{\"@type\":\"ReadAction\",\"target\":[\"https:\/\/www.ufi.eu\/hr\/product\/pcn-ufi-za-deterdzente-za-rucno-pranje-posuda\/\"]}]},{\"@type\":\"ImageObject\",\"inLanguage\":\"hr\",\"@id\":\"https:\/\/www.ufi.eu\/hr\/product\/pcn-ufi-za-deterdzente-za-rucno-pranje-posuda\/#primaryimage\",\"url\":\"https:\/\/www.ufi.eu\/wp-content\/uploads\/2025\/03\/PC-DET-3_3.jpg\",\"contentUrl\":\"https:\/\/www.ufi.eu\/wp-content\/uploads\/2025\/03\/PC-DET-3_3.jpg\",\"width\":1024,\"height\":1024},{\"@type\":\"BreadcrumbList\",\"@id\":\"https:\/\/www.ufi.eu\/hr\/product\/pcn-ufi-za-deterdzente-za-rucno-pranje-posuda\/#breadcrumb\",\"itemListElement\":[{\"@type\":\"ListItem\",\"position\":1,\"name\":\"Home\",\"item\":\"https:\/\/www.ufi.eu\/hr\/dom\/\"},{\"@type\":\"ListItem\",\"position\":2,\"name\":\"Du\u0107an\",\"item\":\"https:\/\/www.ufi.eu\/hr\/ducan\/\"},{\"@type\":\"ListItem\",\"position\":3,\"name\":\"PCN &amp; UFI za deterd\u017eente za ru\u010dno pranje posu\u0111a\"}]},{\"@type\":\"WebSite\",\"@id\":\"https:\/\/www.ufi.eu\/hr\/#website\",\"url\":\"https:\/\/www.ufi.eu\/hr\/\",\"name\":\"UFI.EU\",\"description\":\"Poison Centre Notifications (PCN) and UFI\",\"publisher\":{\"@id\":\"https:\/\/www.ufi.eu\/hr\/#organization\"},\"potentialAction\":[{\"@type\":\"SearchAction\",\"target\":{\"@type\":\"EntryPoint\",\"urlTemplate\":\"https:\/\/www.ufi.eu\/hr\/?s={search_term_string}\"},\"query-input\":{\"@type\":\"PropertyValueSpecification\",\"valueRequired\":true,\"valueName\":\"search_term_string\"}}],\"inLanguage\":\"hr\"},{\"@type\":\"Organization\",\"@id\":\"https:\/\/www.ufi.eu\/hr\/#organization\",\"name\":\"UFI.EU\",\"url\":\"https:\/\/www.ufi.eu\/hr\/\",\"logo\":{\"@type\":\"ImageObject\",\"inLanguage\":\"hr\",\"@id\":\"https:\/\/www.ufi.eu\/hr\/#\/schema\/logo\/image\/\",\"url\":\"https:\/\/www.ufi.eu\/wp-content\/uploads\/2025\/03\/cropped-logo_ufi3.jpg\",\"contentUrl\":\"https:\/\/www.ufi.eu\/wp-content\/uploads\/2025\/03\/cropped-logo_ufi3.jpg\",\"width\":231,\"height\":78,\"caption\":\"UFI.EU\"},\"image\":{\"@id\":\"https:\/\/www.ufi.eu\/hr\/#\/schema\/logo\/image\/\"},\"description\":\"UFI.eu specializes in digital registrations for Poison Centre Notifications (PCN), ensuring your chemical products meet EU regulatory requirements effortlessly. Our streamlined solutions help businesses stay compliant while reducing complexity and administrative burden.\",\"email\":\"info@ufi.eu\",\"legalName\":\"UFI.EU\"}]}<\/script>\n<meta property=\"product:price:amount\" content=\"0.00\" \/>\n<meta property=\"product:price:currency\" content=\"EUR\" \/>\n<meta property=\"og:availability\" content=\"instock\" \/>\n<meta property=\"product:availability\" content=\"instock\" \/>\n<meta property=\"product:retailer_item_id\" content=\"PC-DET-3_3\" \/>\n<meta property=\"product:condition\" content=\"new\" \/>\n<!-- \/ Yoast SEO Premium plugin. -->","yoast_head_json":{"title":"PCN &amp; UFI za deterd\u017eente za ru\u010dno pranje posu\u0111a - UFI","description":"Nabavite PCN & UFI za deterd\u017eente za ru\u010dno pranje posu\u0111a. Osigurajte uskla\u0111enost EU centra za otrovanja s na\u0161om brzom i pouzdanom uslugom obavje\u0161\u0107ivanja!","robots":{"index":"index","follow":"follow","max-snippet":"max-snippet:-1","max-image-preview":"max-image-preview:large","max-video-preview":"max-video-preview:-1"},"canonical":"https:\/\/www.ufi.eu\/hr\/product\/pcn-ufi-za-deterdzente-za-rucno-pranje-posuda\/","og_locale":"hr_HR","og_type":"article","og_title":"PCN &amp; UFI za deterd\u017eente za ru\u010dno pranje posu\u0111a","og_description":"Nabavite PCN & UFI za deterd\u017eente za ru\u010dno pranje posu\u0111a. Osigurajte uskla\u0111enost EU centra za otrovanja s na\u0161om brzom i pouzdanom uslugom obavje\u0161\u0107ivanja!","og_url":"https:\/\/www.ufi.eu\/hr\/product\/pcn-ufi-za-deterdzente-za-rucno-pranje-posuda\/","og_site_name":"UFI","og_image":[{"width":1024,"height":1024,"url":"https:\/\/www.ufi.eu\/wp-content\/uploads\/2025\/03\/PC-DET-3_3.jpg","type":"image\/jpeg"}],"twitter_card":"summary_large_image","twitter_misc":{"Price":"&euro;0.00","Availability":"In stock"},"schema":{"@context":"https:\/\/schema.org","@graph":[{"@type":"WebPage","@id":"https:\/\/www.ufi.eu\/hr\/product\/pcn-ufi-za-deterdzente-za-rucno-pranje-posuda\/","url":"https:\/\/www.ufi.eu\/hr\/product\/pcn-ufi-za-deterdzente-za-rucno-pranje-posuda\/","name":"PCN &amp; UFI za deterd\u017eente za ru\u010dno pranje posu\u0111a - UFI","isPartOf":{"@id":"https:\/\/www.ufi.eu\/hr\/#website"},"primaryImageOfPage":{"@id":"https:\/\/www.ufi.eu\/hr\/product\/pcn-ufi-za-deterdzente-za-rucno-pranje-posuda\/#primaryimage"},"image":{"@id":"https:\/\/www.ufi.eu\/hr\/product\/pcn-ufi-za-deterdzente-za-rucno-pranje-posuda\/#primaryimage"},"thumbnailUrl":"https:\/\/www.ufi.eu\/wp-content\/uploads\/2025\/03\/PC-DET-3_3.jpg","datePublished":"2025-04-17T10:44:10+00:00","description":"Nabavite PCN & UFI za deterd\u017eente za ru\u010dno pranje posu\u0111a. Osigurajte uskla\u0111enost EU centra za otrovanja s na\u0161om brzom i pouzdanom uslugom obavje\u0161\u0107ivanja!","breadcrumb":{"@id":"https:\/\/www.ufi.eu\/hr\/product\/pcn-ufi-za-deterdzente-za-rucno-pranje-posuda\/#breadcrumb"},"inLanguage":"hr","potentialAction":[{"@type":"ReadAction","target":["https:\/\/www.ufi.eu\/hr\/product\/pcn-ufi-za-deterdzente-za-rucno-pranje-posuda\/"]}]},{"@type":"ImageObject","inLanguage":"hr","@id":"https:\/\/www.ufi.eu\/hr\/product\/pcn-ufi-za-deterdzente-za-rucno-pranje-posuda\/#primaryimage","url":"https:\/\/www.ufi.eu\/wp-content\/uploads\/2025\/03\/PC-DET-3_3.jpg","contentUrl":"https:\/\/www.ufi.eu\/wp-content\/uploads\/2025\/03\/PC-DET-3_3.jpg","width":1024,"height":1024},{"@type":"BreadcrumbList","@id":"https:\/\/www.ufi.eu\/hr\/product\/pcn-ufi-za-deterdzente-za-rucno-pranje-posuda\/#breadcrumb","itemListElement":[{"@type":"ListItem","position":1,"name":"Home","item":"https:\/\/www.ufi.eu\/hr\/dom\/"},{"@type":"ListItem","position":2,"name":"Du\u0107an","item":"https:\/\/www.ufi.eu\/hr\/ducan\/"},{"@type":"ListItem","position":3,"name":"PCN &amp; UFI za deterd\u017eente za ru\u010dno pranje posu\u0111a"}]},{"@type":"WebSite","@id":"https:\/\/www.ufi.eu\/hr\/#website","url":"https:\/\/www.ufi.eu\/hr\/","name":"UFI.EU","description":"Poison Centre Notifications (PCN) and UFI","publisher":{"@id":"https:\/\/www.ufi.eu\/hr\/#organization"},"potentialAction":[{"@type":"SearchAction","target":{"@type":"EntryPoint","urlTemplate":"https:\/\/www.ufi.eu\/hr\/?s={search_term_string}"},"query-input":{"@type":"PropertyValueSpecification","valueRequired":true,"valueName":"search_term_string"}}],"inLanguage":"hr"},{"@type":"Organization","@id":"https:\/\/www.ufi.eu\/hr\/#organization","name":"UFI.EU","url":"https:\/\/www.ufi.eu\/hr\/","logo":{"@type":"ImageObject","inLanguage":"hr","@id":"https:\/\/www.ufi.eu\/hr\/#\/schema\/logo\/image\/","url":"https:\/\/www.ufi.eu\/wp-content\/uploads\/2025\/03\/cropped-logo_ufi3.jpg","contentUrl":"https:\/\/www.ufi.eu\/wp-content\/uploads\/2025\/03\/cropped-logo_ufi3.jpg","width":231,"height":78,"caption":"UFI.EU"},"image":{"@id":"https:\/\/www.ufi.eu\/hr\/#\/schema\/logo\/image\/"},"description":"UFI.eu specializes in digital registrations for Poison Centre Notifications (PCN), ensuring your chemical products meet EU regulatory requirements effortlessly. Our streamlined solutions help businesses stay compliant while reducing complexity and administrative burden.","email":"info@ufi.eu","legalName":"UFI.EU"}]},"product_price_amount":"0.00","product_price_currency":"EUR","og_availability":"instock","product_availability":"instock","product_retailer_item_id":"PC-DET-3_3","product_condition":"new"},"_links":{"self":[{"href":"https:\/\/www.ufi.eu\/hr\/wp-json\/wp\/v2\/product\/22447","targetHints":{"allow":["GET"]}}],"collection":[{"href":"https:\/\/www.ufi.eu\/hr\/wp-json\/wp\/v2\/product"}],"about":[{"href":"https:\/\/www.ufi.eu\/hr\/wp-json\/wp\/v2\/types\/product"}],"wp:featuredmedia":[{"embeddable":true,"href":"https:\/\/www.ufi.eu\/hr\/wp-json\/wp\/v2\/media\/22448"}],"wp:attachment":[{"href":"https:\/\/www.ufi.eu\/hr\/wp-json\/wp\/v2\/media?parent=22447"}],"wp:term":[{"taxonomy":"product_brand","embeddable":true,"href":"https:\/\/www.ufi.eu\/hr\/wp-json\/wp\/v2\/product_brand?post=22447"},{"taxonomy":"product_cat","embeddable":true,"href":"https:\/\/www.ufi.eu\/hr\/wp-json\/wp\/v2\/product_cat?post=22447"},{"taxonomy":"product_tag","embeddable":true,"href":"https:\/\/www.ufi.eu\/hr\/wp-json\/wp\/v2\/product_tag?post=22447"}],"curies":[{"name":"wp","href":"https:\/\/api.w.org\/{rel}","templated":true}]}}