{"id":16505,"date":"2025-03-20T08:28:39","date_gmt":"2025-04-16T21:38:44","guid":{"rendered":"https:\/\/www.ufi.eu\/pcn\/Bez kategorije\/pcn-ufi-za-proizvode-za-ciscenje-osim-skidaca-boje\/"},"modified":"2025-04-16T21:38:44","modified_gmt":"2025-04-16T21:38:44","slug":"pcn-ufi-za-proizvode-za-ciscenje-osim-skidaca-boje","status":"publish","type":"product","link":"https:\/\/www.ufi.eu\/hr\/product\/pcn-ufi-za-proizvode-za-ciscenje-osim-skidaca-boje\/","title":{"rendered":"PCN &amp; UFI za proizvode za \u010di\u0161\u0107enje (osim skida\u010da boje)"},"content":{"rendered":"<h2>Kako funkcionira usluga kreiranja UFI-ja i PCN obavijesti?<\/h2>\n<p>Nakon kupnje ove usluge dobit \u0107ete pristup sigurnom portalu. Ovaj portal sadr\u017ei pregled svih koraka.  Ispunite podatke o proizvodu i mi \u0107emo se baciti na posao.<\/p>\n<h3>Obavijest i UFI Centra za otrove<\/h3>\n<p>Osigurat \u0107emo:<\/p>\n<ul>\n<li>Jedinstveni identifikator formule (UFI) va\u0161eg proizvoda<\/li>\n<li>Izvje\u0161\u0107e Centra za otrovanje (PCN).<\/li>\n<li>Registracija va\u0161eg proizvoda pri relevantnim nacionalnim centrima za otrovanja putem ECHA-e.<\/li>\n<\/ul>\n<h3>Zemlje za PCN registraciju<\/h3>\n<p>Mo\u017eete ra\u010dunati u koliko zemalja \u017eelite registrirati svoj proizvod. Ovo je broj zemalja koje trebate kupiti.  Na portalu \u0107ete mo\u0107i odabrati odre\u0111ene zemlje. Ako kasnije planirate pro\u0161iriti prodaju svojih proizvoda na nove zemlje, uvijek mo\u017eete naru\u010diti dodatne <a href=\"https:\/\/www.ufi.eu\/hr\/pcn\/zemlje\/zemlje-za-pcn-registraciju\/\" target=\"_blank\" title=\"PCN registracije zemalja\">registracije PCN zemalja<\/a> .<br \/> EU ima 27 zemalja, a EEA 30 (EU+Lichtenstein, Norve\u0161ka i Island) Na portalu mo\u017eete odabrati ove zemlje: <\/p>\n<table cellpadding=\"2\" cellspacing=\"0\" border=\"1\">\n<tbody>\n<tr>\n<td>Belgija<\/td>\n<td>(BITI)<\/td>\n<td>\u0160panjolska<\/td>\n<td>(ES)<\/td>\n<td>Ma\u0111arska<\/td>\n<td>(HU)<\/td>\n<td>Slova\u010dka<\/td>\n<td>(SK)<\/td>\n<\/tr>\n<tr>\n<td>Bugarska<\/td>\n<td>(BG)<\/td>\n<td>Francuska<\/td>\n<td>(FR)<\/td>\n<td>Malta<\/td>\n<td>(MT)<\/td>\n<td>Finska<\/td>\n<td>(FI)<\/td>\n<\/tr>\n<tr>\n<td>\u010ce\u0161ka<\/td>\n<td>(CZ)<\/td>\n<td>Hrvatska<\/td>\n<td>(HR)<\/td>\n<td>Nizozemska<\/td>\n<td>(NL)<\/td>\n<td>\u0160vedska<\/td>\n<td>(SE)<\/td>\n<\/tr>\n<tr>\n<td>Danska<\/td>\n<td>(DK)<\/td>\n<td>Italija<\/td>\n<td>(TO)<\/td>\n<td>Austrija<\/td>\n<td>(NA)<\/td>\n<td>Njema\u010dka<\/td>\n<td>(DE)<\/td>\n<\/tr>\n<tr>\n<td>Cipar<\/td>\n<td>(CY)<\/td>\n<td>Poljska<\/td>\n<td>(PL)<\/td>\n<td>Island<\/td>\n<td>(JE)<\/td>\n<td>Estonija<\/td>\n<td>(EE)<\/td>\n<\/tr>\n<tr>\n<td>Latvija<\/td>\n<td>(LV)<\/td>\n<td>Portugal<\/td>\n<td>(PT)<\/td>\n<td>Lihten\u0161tajn<\/td>\n<td>(LI)<\/td>\n<td>Irska<\/td>\n<td>(IE)<\/td>\n<\/tr>\n<tr>\n<td>Litva<\/td>\n<td>(LT)<\/td>\n<td>Rumunija<\/td>\n<td>(RO)<\/td>\n<td>Norve\u0161ka<\/td>\n<td>(NE)<\/td>\n<td>Gr\u010dka<\/td>\n<td>(EL)<\/td>\n<\/tr>\n<tr>\n<td>Luksemburg<\/td>\n<td>(LU)<\/td>\n<td>Slovenija<\/td>\n<td>(SI)<\/td>\n<td>\u0160vicarska*<\/td>\n<td>(CH)<\/td>\n<td><\/td>\n<td><\/td>\n<\/tr>\n<\/tbody>\n<\/table>\n<p>*Za \u0160vicarsku mo\u017eemo izraditi PCN dosje, sa svim potrebnim informacijama za podno\u0161enje na \u0161vicarskom portalu. Kontaktirajte nas za vi\u0161e informacija. <\/p>\n<h3>Informacije o oznaci CLP<\/h3>\n<p>Nudimo mogu\u0107nost kupnje naljepnice proizvoda uskla\u0111ene s CLP-om, koja sadr\u017ei sve obvezne podatke kako zahtijeva EU CLP Uredba. Ovo \u0107e biti dostavljeno kao PDF.  Ovo nije dizajn, ve\u0107 sa\u017eetak potrebnih informacija. To \u0107e vam omogu\u0107iti da integrirate potrebne informacije u dizajn naljepnice proizvoda. <a href=\"https:\/\/www.ufi.eu\/hr\/pcn\/clp-oznaka\/izrada-clp-oznake-i-provjera-sukladnosti\/\" target=\"_blank\" title=\"CLP labelcCreation\">Izradu CLP naljepnice<\/a> mo\u017eete naru\u010diti i zasebno. Ve\u0107 imate etiketu? \u2014 Mo\u017eemo izvr\u0161iti <a href=\"https:\/\/www.ufi.eu\/hr\/pcn\/clp-oznaka\/izrada-clp-oznake-i-provjera-sukladnosti\/\" target=\"_blank\" title=\"Provjera sukladnosti naljepnice CLP\">provjeru uskla\u0111enosti naljepnice s CLP-om<\/a> na va\u0161oj naljepnici u skladu s trenuta\u010dnim zahtjevima CLP-a. Pru\u017eit \u0107emo detaljne povratne informacije i ispravke kako bismo osigurali da va\u0161a oznaka zadovoljava sve regulatorne standarde.     <\/p>\n<h2>Obavijest Centra za otrove za skida\u010de podova<\/h2>\n<p>Sredstva za skidanje poda specijalizirani su proizvodi koji se koriste za uklanjanje starih premaza, voskova ili brtvila s podnih povr\u0161ina, pripremaju\u0107i ih za ponovno lakiranje. Ovi proizvodi \u010desto sadr\u017ee jake kemikalije koje mogu biti opasne ako se njima ne rukuje ispravno. Obavijest Centra za otrove (PCN) potrebna je za \u010dista\u010de podova koji zadovoljavaju kriterije EU-a za klasifikaciju opasnosti. Time se osigurava da centri za otrovanje imaju potrebne informacije za pru\u017eanje u\u010dinkovite pomo\u0107i u slu\u010daju izlo\u017eenosti ili nezgoda.   <\/p>\n<h3>\u0160to je UFI?<\/h3>\n<p>Jedinstveni identifikator formule (UFI) je alfanumeri\u010dki kod od 16 znakova koji jedinstveno povezuje proizvod s njegovim kemijskim sastavom. Za \u010dista\u010de podova, UFI mora biti otisnut na etiketi proizvoda, omogu\u0107uju\u0107i centrima za otrove da brzo identificiraju to\u010dnu formulaciju proizvoda u hitnim slu\u010dajevima. <\/p>\n<h3>\u0160to je PCN?<\/h3>\n<p>Obavijest Centra za otrovanje (PCN) obvezna je predaja prema propisima EU-a za opasne kemijske proizvode. Sadr\u017ei detaljne informacije o formulaciji proizvoda, njegovoj namjeni, klasifikaciji i pakiranju. Za skida\u010de podova ovo osigurava da centri za otrove mogu pru\u017eiti to\u010dne medicinske savjete u slu\u010daju slu\u010dajnog izlaganja.  <\/p>\n<h3>\u0160to je CLP?<\/h3>\n<p>Uredba o razvrstavanju, ozna\u010davanju i pakiranju (CLP) utvr\u0111uje smjernice za prepoznavanje i priop\u0107avanje opasnosti kemijskih proizvoda. Sredstva za skidanje podova moraju sadr\u017eavati simbole opasnosti, sigurnosne upute i UFI na svojim naljepnicama kako bi se osiguralo sigurno rukovanje i sukladnost s propisima EU. <\/p>\n<h3>\u0160to je Centar za otrovanja?<\/h3>\n<p>Centar za otrove je organizacija koja pru\u017ea usluge hitnog odgovora za incidente koji uklju\u010duju opasne kemijske proizvode. Podno\u0161enjem PCN-a, proizvo\u0111a\u010di i distributeri osiguravaju da centri za otrove imaju neposredan pristup kriti\u010dnim informacijama o proizvodu u hitnim slu\u010dajevima. <\/p>\n<h3>Za\u0161to je ovo potrebno?<\/h3>\n<p>Sredstva za skidanje poda \u010desto sadr\u017ee visoko koncentrirane kemikalije, kao \u0161to su otapala i alkalni agensi, koji mogu predstavljati rizike poput iritacije ko\u017ee, o\u0161te\u0107enja o\u010diju ili respiratornih problema. Podno\u0161enje PCN-a osigurava da centri za otrovanje mogu ponuditi prilago\u0111ene medicinske savjete i intervencije u hitnim slu\u010dajevima, \u0161tite\u0107i i korisnike i \u0161iru javnost. <\/p>\n<h3>Od kada je to po zakonu obavezno?<\/h3>\n<p>Zahtjev za podno\u0161enjem PCN-a za opasne proizvode, uklju\u010duju\u0107i sredstva za skidanje podova, obavezan je od 1. sije\u010dnja 2021. kao dio EU CLP uredbe. Ovo se odnosi na proizvode namijenjene potro\u0161a\u010dkoj, profesionalnoj ili industrijskoj uporabi. <\/p>\n<h2>FAQ<\/h2>\n<h3>Pitanje: Moraju li svi skida\u010di podova imati PCN?<\/h3>\n<p>Odgovor: Samo \u010dista\u010di poda klasificirani kao opasni prema uredbi CLP trebaju PCN. Neopasni proizvodi izuzeti su od ovog zahtjeva. <\/p>\n<h3>Pitanje: Gdje treba staviti UFI na proizvod za skidanje poda?<\/h3>\n<p>Odgovor: UFI mora biti otisnut na naljepnici proizvoda, obi\u010dno u blizini informacija o opasnosti i mjerama opreza.<\/p>\n<h3>Pitanje: Koje su informacije uklju\u010dene u PCN za skida\u010de poda?<\/h3>\n<p>Odgovor: PCN uklju\u010duje kemijski sastav proizvoda, klasifikaciju opasnosti, namjeravanu upotrebu, informacije o pakiranju i podatke o hitnom odgovoru.<\/p>\n<h3>Pitanje: Je li PCN potreban za skida\u010de podova koji se koriste samo u industrijskim uvjetima?<\/h3>\n<p>Odgovor: Da, ako je proizvod klasificiran kao opasan prema CLP-u, PCN je potreban bez obzira na to koristi li se u industrijskim, profesionalnim ili potro\u0161a\u010dkim uvjetima.<\/p>\n<h3>Pitanje: \u0160to se doga\u0111a ako \u010dista\u010d podova nema PCN kada je potreban?<\/h3>\n<p>Odgovor: Nepridr\u017eavanje PCN propisa mo\u017ee rezultirati nov\u010danim kaznama, povla\u010denjem proizvoda ili ograni\u010denjima stavljanja proizvoda na tr\u017ei\u0161te EU.<\/p>\n<h3>Pitanje: Jesu li za prikaz UFI-ja potrebni skida\u010di podova koji nisu opasni?<\/h3>\n<p>Odgovor: Ne, UFI kodovi su potrebni samo za proizvode koji su prema CLP uredbi klasificirani kao opasni.<\/p>\n<h3>Pitanje: Tko je odgovoran za podno\u0161enje PCN za skida\u010de podova?<\/h3>\n<p>Odgovor: Za dostavljanje PCN-a odgovoran je proizvo\u0111a\u010d, uvoznik ili distributer koji stavlja proizvod na tr\u017ei\u0161te EU.<\/p>\n<h3>Pitanje: Jesu li skida\u010di boje uklju\u010deni u ovu kategoriju?<\/h3>\n<p>Odgovor: Ne, skida\u010di boje spadaju u zasebnu kategoriju pod nazivom &#8220;Odstranjiva\u010di boje, razrje\u0111iva\u010di i srodna pomo\u0107na sredstva.&#8221; Sredstva za skidanje podova su posebno za podove i obra\u0111ena su zasebno. <\/p>\n<h3>Pitanje: Koliko je vremena potrebno za podno\u0161enje UFI i PCN obavijesti?<\/h3>\n<p>Treba nam nekoliko dana rada. \u010cim u\u010ditate dokumentaciju, odmah \u0107emo zapo\u010deti. <\/p>\n<h3>Pitanje: Jesam li ja vlasnik PCN obavijesti?<\/h3>\n<p>Da, vi ste vlasnik PCN obavijesti. Vi zadr\u017eavate puno vlasni\u0161tvo nad podacima koje ste dali.  PCN obavijest bit \u0107e dostupna na va\u0161em ECHA ra\u010dunu.<\/p>\n<h3>Pitanje: Je li ova usluga za jedan ili vi\u0161e proizvoda?<\/h3>\n<p>Usluga se odnosi na jedan proizvod.<\/p>\n<h3>Pitanje: Za\u0161to moram platiti za izradu UFI-ja?<\/h3>\n<p>Usluga koju nudimo nije samo pru\u017eanje UFI-ja. UFI je komponenta unutar mnogo opse\u017enijeg procesa.  Osnovna usluga koju pru\u017eamo je priprema i podno\u0161enje Va\u0161e Obavijesti Centra za otrovanje (PCN) nacionalnim imenovanim tijelima putem ECHA portala, \u0161to je obavezan uvjet prema EU CLP Uredbi za stavljanje opasnih smjesa na tr\u017ei\u0161te. Generiranje UFI-ja je najjednostavniji dio. Me\u0111utim, PCN izvje\u0161\u0107e je slo\u017eeno. Zahtijeva detaljan pregled sastojaka\u2014kemijske klasifikacije\u2014formatiran precizno za podno\u0161enje Centru za otrovanja putem ECHA-e.   <\/p>\n<h3>Pitanje: Moja tvrtka nema sjedi\u0161te u EU, kako mogu predati PCN?<\/h3>\n<p>Pru\u017eamo rje\u0161enje za tvrtke koje nemaju sjedi\u0161te u EU. Vi\u0161e informacija mo\u017eete prona\u0107i na stranici <a href=\"https:\/\/www.ufi.eu\/hr\/pcn\/izvan-eu\/pcn-ufi-za-tvrtke-izvan-eu\/\" target=\"_blank\" rel=\"noopener\">PCN &amp; UFI za tvrtke izvan EU<\/a> . <\/p>\n<h3>Pitanje: Mo\u017eete li dostaviti sigurnosno-tehni\u010dke listove u potpunosti u skladu s Uredbom EU (REACH &amp; CLP)?<\/h3>\n<p>Da, mo\u017eemo <a href=\"https:\/\/www.ufi.eu\/hr\/pcn\/sigurnosno-tehnicki-list\/usluga-izrade-sigurnosno-tehnickog-lista-msds-sds\/\" target=\"_blank\"><strong>izraditi sigurnosno-tehni\u010dke listove (SDS)<\/strong><\/a> \u2014 poznate i kao <strong>sigurnosno-tehni\u010dki listovi (MSDS)<\/strong> \u2014 prilago\u0111ene va\u0161em proizvodu i u skladu s najnovijim propisima EU-a. Bez obzira proizvodite li kemijske smjese, uvozite proizvode u EU ili distribuirate pod privatnom robnom markom, uskla\u0111en SDS je zakonski obavezan i neophodan za sigurnu upotrebu u cijelom opskrbnom lancu. Vi\u0161e \u0107ete prona\u0107i na stranici <a href=\"https:\/\/www.ufi.eu\/hr\/pcn\/sigurnosno-tehnicki-list\/usluga-izrade-sigurnosno-tehnickog-lista-msds-sds\/\" target=\"_blank\">usluge izrade sigurnosno-tehni\u010dkog lista (MSDS\/SDS)<\/a> .  <\/p>\n","protected":false},"excerpt":{"rendered":"<p>Kako funkcionira usluga kreiranja UFI-ja i PCN obavijesti? Nakon kupnje ove usluge dobit \u0107ete pristup sigurnom portalu. Ovaj portal sadr\u017ei pregled svih koraka. Ispunite podatke o proizvodu i mi \u0107emo se baciti na posao. Obavijest i UFI Centra za otrove Osigurat \u0107emo: Jedinstveni identifikator formule (UFI) va\u0161eg proizvoda Izvje\u0161\u0107e Centra za otrovanje (PCN). Registracija va\u0161eg [&hellip;]<\/p>\n","protected":false},"featured_media":16506,"template":"","meta":[],"product_brand":[],"product_cat":[730],"product_tag":[],"class_list":{"0":"post-16505","1":"product","2":"type-product","3":"status-publish","4":"has-post-thumbnail","6":"product_cat-proizvodi-za-ciscenje-podova","8":"first","9":"instock","10":"virtual","11":"taxable","12":"purchasable","13":"product-type-bundle"},"bundled_by":[],"bundle_stock_status":"instock","bundle_stock_quantity":"","bundle_virtual":false,"bundle_layout":"default","bundle_add_to_cart_form_location":"default","bundle_editable_in_cart":false,"bundle_sold_individually_context":"product","bundle_item_grouping":"parent","bundle_min_size":"","bundle_max_size":"","bundle_price":{"price":{"min":{"incl_tax":"121","excl_tax":"100"},"max":{"incl_tax":"","excl_tax":""}},"regular_price":{"min":{"incl_tax":"121","excl_tax":"100"},"max":{"incl_tax":"","excl_tax":""}}},"bundled_items":[{"bundled_item_id":5208,"product_id":12524,"menu_order":0,"quantity_min":1,"quantity_max":1,"quantity_default":1,"priced_individually":true,"shipped_individually":false,"override_title":false,"title":null,"override_description":false,"description":null,"optional":false,"hide_thumbnail":false,"discount":"","override_variations":false,"allowed_variations":[""],"override_default_variation_attributes":false,"default_variation_attributes":[],"single_product_visibility":"visible","cart_visibility":"visible","order_visibility":"visible","single_product_price_visibility":"visible","cart_price_visibility":"visible","order_price_visibility":"visible","stock_status":"in_stock"},{"bundled_item_id":5209,"product_id":12514,"menu_order":1,"quantity_min":1,"quantity_max":"","quantity_default":1,"priced_individually":true,"shipped_individually":false,"override_title":false,"title":null,"override_description":false,"description":null,"optional":false,"hide_thumbnail":false,"discount":"","override_variations":false,"allowed_variations":[""],"override_default_variation_attributes":false,"default_variation_attributes":[],"single_product_visibility":"visible","cart_visibility":"visible","order_visibility":"visible","single_product_price_visibility":"visible","cart_price_visibility":"visible","order_price_visibility":"visible","stock_status":"in_stock"}],"bundle_sell_ids":[],"yoast_head":"<!-- This site is optimized with the Yoast SEO Premium plugin v25.1 (Yoast SEO v25.1) - https:\/\/yoast.com\/wordpress\/plugins\/seo\/ -->\n<title>PCN &amp; UFI za proizvode za \u010di\u0161\u0107enje (osim skida\u010da boje) - UFI<\/title>\n<meta name=\"description\" content=\"Osigurajte uskla\u0111enost s PCN i UFI za sredstva za \u010di\u0161\u0107enje (isklju\u010duju\u0107i skida\u010de boje). Za vas obra\u0111ujemo obavijesti centra za otrove i jedinstvene identifikatore formule.\" \/>\n<meta name=\"robots\" content=\"index, follow, max-snippet:-1, max-image-preview:large, max-video-preview:-1\" \/>\n<link rel=\"canonical\" href=\"https:\/\/www.ufi.eu\/hr\/product\/pcn-ufi-za-proizvode-za-ciscenje-osim-skidaca-boje\/\" \/>\n<meta property=\"og:locale\" content=\"hr_HR\" \/>\n<meta property=\"og:type\" content=\"article\" \/>\n<meta property=\"og:title\" content=\"PCN &amp; UFI za proizvode za \u010di\u0161\u0107enje (osim skida\u010da boje)\" \/>\n<meta property=\"og:description\" content=\"Osigurajte uskla\u0111enost s PCN i UFI za sredstva za \u010di\u0161\u0107enje (isklju\u010duju\u0107i skida\u010de boje). Za vas obra\u0111ujemo obavijesti centra za otrove i jedinstvene identifikatore formule.\" \/>\n<meta property=\"og:url\" content=\"https:\/\/www.ufi.eu\/hr\/product\/pcn-ufi-za-proizvode-za-ciscenje-osim-skidaca-boje\/\" \/>\n<meta property=\"og:site_name\" content=\"UFI\" \/>\n<meta property=\"og:image\" content=\"https:\/\/www.ufi.eu\/wp-content\/uploads\/2025\/03\/PC-CLN-13_3.jpg\" \/>\n\t<meta property=\"og:image:width\" content=\"1024\" \/>\n\t<meta property=\"og:image:height\" content=\"1024\" \/>\n\t<meta property=\"og:image:type\" content=\"image\/jpeg\" \/>\n<meta name=\"twitter:card\" content=\"summary_large_image\" \/>\n<meta name=\"twitter:label1\" content=\"Price\" \/>\n\t<meta name=\"twitter:data1\" content=\"&euro;0.00\" \/>\n\t<meta name=\"twitter:label2\" content=\"Availability\" \/>\n\t<meta name=\"twitter:data2\" content=\"In stock\" \/>\n<script type=\"application\/ld+json\" class=\"yoast-schema-graph\">{\"@context\":\"https:\/\/schema.org\",\"@graph\":[{\"@type\":\"WebPage\",\"@id\":\"https:\/\/www.ufi.eu\/hr\/product\/pcn-ufi-za-proizvode-za-ciscenje-osim-skidaca-boje\/\",\"url\":\"https:\/\/www.ufi.eu\/hr\/product\/pcn-ufi-za-proizvode-za-ciscenje-osim-skidaca-boje\/\",\"name\":\"PCN &amp; UFI za proizvode za \u010di\u0161\u0107enje (osim skida\u010da boje) - UFI\",\"isPartOf\":{\"@id\":\"https:\/\/www.ufi.eu\/hr\/#website\"},\"primaryImageOfPage\":{\"@id\":\"https:\/\/www.ufi.eu\/hr\/product\/pcn-ufi-za-proizvode-za-ciscenje-osim-skidaca-boje\/#primaryimage\"},\"image\":{\"@id\":\"https:\/\/www.ufi.eu\/hr\/product\/pcn-ufi-za-proizvode-za-ciscenje-osim-skidaca-boje\/#primaryimage\"},\"thumbnailUrl\":\"https:\/\/www.ufi.eu\/wp-content\/uploads\/2025\/03\/PC-CLN-13_3.jpg\",\"datePublished\":\"2025-04-16T21:38:44+00:00\",\"description\":\"Osigurajte uskla\u0111enost s PCN i UFI za sredstva za \u010di\u0161\u0107enje (isklju\u010duju\u0107i skida\u010de boje). Za vas obra\u0111ujemo obavijesti centra za otrove i jedinstvene identifikatore formule.\",\"breadcrumb\":{\"@id\":\"https:\/\/www.ufi.eu\/hr\/product\/pcn-ufi-za-proizvode-za-ciscenje-osim-skidaca-boje\/#breadcrumb\"},\"inLanguage\":\"hr\",\"potentialAction\":[{\"@type\":\"ReadAction\",\"target\":[\"https:\/\/www.ufi.eu\/hr\/product\/pcn-ufi-za-proizvode-za-ciscenje-osim-skidaca-boje\/\"]}]},{\"@type\":\"ImageObject\",\"inLanguage\":\"hr\",\"@id\":\"https:\/\/www.ufi.eu\/hr\/product\/pcn-ufi-za-proizvode-za-ciscenje-osim-skidaca-boje\/#primaryimage\",\"url\":\"https:\/\/www.ufi.eu\/wp-content\/uploads\/2025\/03\/PC-CLN-13_3.jpg\",\"contentUrl\":\"https:\/\/www.ufi.eu\/wp-content\/uploads\/2025\/03\/PC-CLN-13_3.jpg\",\"width\":1024,\"height\":1024},{\"@type\":\"BreadcrumbList\",\"@id\":\"https:\/\/www.ufi.eu\/hr\/product\/pcn-ufi-za-proizvode-za-ciscenje-osim-skidaca-boje\/#breadcrumb\",\"itemListElement\":[{\"@type\":\"ListItem\",\"position\":1,\"name\":\"Home\",\"item\":\"https:\/\/www.ufi.eu\/hr\/dom\/\"},{\"@type\":\"ListItem\",\"position\":2,\"name\":\"Du\u0107an\",\"item\":\"https:\/\/www.ufi.eu\/hr\/ducan\/\"},{\"@type\":\"ListItem\",\"position\":3,\"name\":\"PCN &amp; UFI za proizvode za \u010di\u0161\u0107enje (osim skida\u010da boje)\"}]},{\"@type\":\"WebSite\",\"@id\":\"https:\/\/www.ufi.eu\/hr\/#website\",\"url\":\"https:\/\/www.ufi.eu\/hr\/\",\"name\":\"UFI.EU\",\"description\":\"Poison Centre Notifications (PCN) and UFI\",\"publisher\":{\"@id\":\"https:\/\/www.ufi.eu\/hr\/#organization\"},\"potentialAction\":[{\"@type\":\"SearchAction\",\"target\":{\"@type\":\"EntryPoint\",\"urlTemplate\":\"https:\/\/www.ufi.eu\/hr\/?s={search_term_string}\"},\"query-input\":{\"@type\":\"PropertyValueSpecification\",\"valueRequired\":true,\"valueName\":\"search_term_string\"}}],\"inLanguage\":\"hr\"},{\"@type\":\"Organization\",\"@id\":\"https:\/\/www.ufi.eu\/hr\/#organization\",\"name\":\"UFI.EU\",\"url\":\"https:\/\/www.ufi.eu\/hr\/\",\"logo\":{\"@type\":\"ImageObject\",\"inLanguage\":\"hr\",\"@id\":\"https:\/\/www.ufi.eu\/hr\/#\/schema\/logo\/image\/\",\"url\":\"https:\/\/www.ufi.eu\/wp-content\/uploads\/2025\/03\/cropped-logo_ufi3.jpg\",\"contentUrl\":\"https:\/\/www.ufi.eu\/wp-content\/uploads\/2025\/03\/cropped-logo_ufi3.jpg\",\"width\":231,\"height\":78,\"caption\":\"UFI.EU\"},\"image\":{\"@id\":\"https:\/\/www.ufi.eu\/hr\/#\/schema\/logo\/image\/\"},\"description\":\"UFI.eu specializes in digital registrations for Poison Centre Notifications (PCN), ensuring your chemical products meet EU regulatory requirements effortlessly. Our streamlined solutions help businesses stay compliant while reducing complexity and administrative burden.\",\"email\":\"info@ufi.eu\",\"legalName\":\"UFI.EU\"}]}<\/script>\n<meta property=\"product:price:amount\" content=\"0.00\" \/>\n<meta property=\"product:price:currency\" content=\"EUR\" \/>\n<meta property=\"og:availability\" content=\"instock\" \/>\n<meta property=\"product:availability\" content=\"instock\" \/>\n<meta property=\"product:retailer_item_id\" content=\"PC-CLN-13_3\" \/>\n<meta property=\"product:condition\" content=\"new\" \/>\n<!-- \/ Yoast SEO Premium plugin. -->","yoast_head_json":{"title":"PCN &amp; UFI za proizvode za \u010di\u0161\u0107enje (osim skida\u010da boje) - UFI","description":"Osigurajte uskla\u0111enost s PCN i UFI za sredstva za \u010di\u0161\u0107enje (isklju\u010duju\u0107i skida\u010de boje). Za vas obra\u0111ujemo obavijesti centra za otrove i jedinstvene identifikatore formule.","robots":{"index":"index","follow":"follow","max-snippet":"max-snippet:-1","max-image-preview":"max-image-preview:large","max-video-preview":"max-video-preview:-1"},"canonical":"https:\/\/www.ufi.eu\/hr\/product\/pcn-ufi-za-proizvode-za-ciscenje-osim-skidaca-boje\/","og_locale":"hr_HR","og_type":"article","og_title":"PCN &amp; UFI za proizvode za \u010di\u0161\u0107enje (osim skida\u010da boje)","og_description":"Osigurajte uskla\u0111enost s PCN i UFI za sredstva za \u010di\u0161\u0107enje (isklju\u010duju\u0107i skida\u010de boje). Za vas obra\u0111ujemo obavijesti centra za otrove i jedinstvene identifikatore formule.","og_url":"https:\/\/www.ufi.eu\/hr\/product\/pcn-ufi-za-proizvode-za-ciscenje-osim-skidaca-boje\/","og_site_name":"UFI","og_image":[{"width":1024,"height":1024,"url":"https:\/\/www.ufi.eu\/wp-content\/uploads\/2025\/03\/PC-CLN-13_3.jpg","type":"image\/jpeg"}],"twitter_card":"summary_large_image","twitter_misc":{"Price":"&euro;0.00","Availability":"In stock"},"schema":{"@context":"https:\/\/schema.org","@graph":[{"@type":"WebPage","@id":"https:\/\/www.ufi.eu\/hr\/product\/pcn-ufi-za-proizvode-za-ciscenje-osim-skidaca-boje\/","url":"https:\/\/www.ufi.eu\/hr\/product\/pcn-ufi-za-proizvode-za-ciscenje-osim-skidaca-boje\/","name":"PCN &amp; UFI za proizvode za \u010di\u0161\u0107enje (osim skida\u010da boje) - UFI","isPartOf":{"@id":"https:\/\/www.ufi.eu\/hr\/#website"},"primaryImageOfPage":{"@id":"https:\/\/www.ufi.eu\/hr\/product\/pcn-ufi-za-proizvode-za-ciscenje-osim-skidaca-boje\/#primaryimage"},"image":{"@id":"https:\/\/www.ufi.eu\/hr\/product\/pcn-ufi-za-proizvode-za-ciscenje-osim-skidaca-boje\/#primaryimage"},"thumbnailUrl":"https:\/\/www.ufi.eu\/wp-content\/uploads\/2025\/03\/PC-CLN-13_3.jpg","datePublished":"2025-04-16T21:38:44+00:00","description":"Osigurajte uskla\u0111enost s PCN i UFI za sredstva za \u010di\u0161\u0107enje (isklju\u010duju\u0107i skida\u010de boje). Za vas obra\u0111ujemo obavijesti centra za otrove i jedinstvene identifikatore formule.","breadcrumb":{"@id":"https:\/\/www.ufi.eu\/hr\/product\/pcn-ufi-za-proizvode-za-ciscenje-osim-skidaca-boje\/#breadcrumb"},"inLanguage":"hr","potentialAction":[{"@type":"ReadAction","target":["https:\/\/www.ufi.eu\/hr\/product\/pcn-ufi-za-proizvode-za-ciscenje-osim-skidaca-boje\/"]}]},{"@type":"ImageObject","inLanguage":"hr","@id":"https:\/\/www.ufi.eu\/hr\/product\/pcn-ufi-za-proizvode-za-ciscenje-osim-skidaca-boje\/#primaryimage","url":"https:\/\/www.ufi.eu\/wp-content\/uploads\/2025\/03\/PC-CLN-13_3.jpg","contentUrl":"https:\/\/www.ufi.eu\/wp-content\/uploads\/2025\/03\/PC-CLN-13_3.jpg","width":1024,"height":1024},{"@type":"BreadcrumbList","@id":"https:\/\/www.ufi.eu\/hr\/product\/pcn-ufi-za-proizvode-za-ciscenje-osim-skidaca-boje\/#breadcrumb","itemListElement":[{"@type":"ListItem","position":1,"name":"Home","item":"https:\/\/www.ufi.eu\/hr\/dom\/"},{"@type":"ListItem","position":2,"name":"Du\u0107an","item":"https:\/\/www.ufi.eu\/hr\/ducan\/"},{"@type":"ListItem","position":3,"name":"PCN &amp; UFI za proizvode za \u010di\u0161\u0107enje (osim skida\u010da boje)"}]},{"@type":"WebSite","@id":"https:\/\/www.ufi.eu\/hr\/#website","url":"https:\/\/www.ufi.eu\/hr\/","name":"UFI.EU","description":"Poison Centre Notifications (PCN) and UFI","publisher":{"@id":"https:\/\/www.ufi.eu\/hr\/#organization"},"potentialAction":[{"@type":"SearchAction","target":{"@type":"EntryPoint","urlTemplate":"https:\/\/www.ufi.eu\/hr\/?s={search_term_string}"},"query-input":{"@type":"PropertyValueSpecification","valueRequired":true,"valueName":"search_term_string"}}],"inLanguage":"hr"},{"@type":"Organization","@id":"https:\/\/www.ufi.eu\/hr\/#organization","name":"UFI.EU","url":"https:\/\/www.ufi.eu\/hr\/","logo":{"@type":"ImageObject","inLanguage":"hr","@id":"https:\/\/www.ufi.eu\/hr\/#\/schema\/logo\/image\/","url":"https:\/\/www.ufi.eu\/wp-content\/uploads\/2025\/03\/cropped-logo_ufi3.jpg","contentUrl":"https:\/\/www.ufi.eu\/wp-content\/uploads\/2025\/03\/cropped-logo_ufi3.jpg","width":231,"height":78,"caption":"UFI.EU"},"image":{"@id":"https:\/\/www.ufi.eu\/hr\/#\/schema\/logo\/image\/"},"description":"UFI.eu specializes in digital registrations for Poison Centre Notifications (PCN), ensuring your chemical products meet EU regulatory requirements effortlessly. Our streamlined solutions help businesses stay compliant while reducing complexity and administrative burden.","email":"info@ufi.eu","legalName":"UFI.EU"}]},"product_price_amount":"0.00","product_price_currency":"EUR","og_availability":"instock","product_availability":"instock","product_retailer_item_id":"PC-CLN-13_3","product_condition":"new"},"_links":{"self":[{"href":"https:\/\/www.ufi.eu\/hr\/wp-json\/wp\/v2\/product\/16505","targetHints":{"allow":["GET"]}}],"collection":[{"href":"https:\/\/www.ufi.eu\/hr\/wp-json\/wp\/v2\/product"}],"about":[{"href":"https:\/\/www.ufi.eu\/hr\/wp-json\/wp\/v2\/types\/product"}],"wp:featuredmedia":[{"embeddable":true,"href":"https:\/\/www.ufi.eu\/hr\/wp-json\/wp\/v2\/media\/16506"}],"wp:attachment":[{"href":"https:\/\/www.ufi.eu\/hr\/wp-json\/wp\/v2\/media?parent=16505"}],"wp:term":[{"taxonomy":"product_brand","embeddable":true,"href":"https:\/\/www.ufi.eu\/hr\/wp-json\/wp\/v2\/product_brand?post=16505"},{"taxonomy":"product_cat","embeddable":true,"href":"https:\/\/www.ufi.eu\/hr\/wp-json\/wp\/v2\/product_cat?post=16505"},{"taxonomy":"product_tag","embeddable":true,"href":"https:\/\/www.ufi.eu\/hr\/wp-json\/wp\/v2\/product_tag?post=16505"}],"curies":[{"name":"wp","href":"https:\/\/api.w.org\/{rel}","templated":true}]}}